{"id":983,"date":"2022-07-30T21:10:25","date_gmt":"2022-07-30T19:10:25","guid":{"rendered":"https:\/\/staging1.waw.pl\/?post_type=product&#038;p=983"},"modified":"2025-03-24T23:05:37","modified_gmt":"2025-03-24T22:05:37","slug":"yeezy-boost-700-v3-dark-glow","status":"publish","type":"product","link":"https:\/\/shezamme.com\/en\/sklep\/buty\/yeezy\/yeezy-700\/yeezy-boost-700-v3-dark-glow\/","title":{"rendered":"Yeezy Boost 700 v3 Dark Glow"},"content":{"rendered":"<h2>Unikalny styl i funkcjonalno\u015b\u0107 w Yeezy Boost 700 V3 &#8222;Dark Glow&#8221;<\/h2>\n<p>Yeezy Boost 700 V3 &#8222;Dark Glow&#8221; to propozycja, kt\u00f3ra wykracza poza tradycyjne poj\u0119cie sneakers\u00f3w, \u0142\u0105cz\u0105c zaawansowan\u0105 estetyk\u0119 z funkcjonalno\u015bci\u0105. Cholewka w g\u0142\u0119bokim, czarnym odcieniu ozdobiona jest p\u00f3\u0142przezroczyst\u0105 klatk\u0105, kt\u00f3ra zachwyca efektem glow-in-the-dark \u2013 intensywnie niebieskie pod\u015bwietlenie jest widoczne po zmroku, co nadaje ca\u0142o\u015bci futurystyczny, przyci\u0105gaj\u0105cy wzrok charakter. Materia\u0142y takie jak siateczka i TPU zapewniaj\u0105 trwa\u0142o\u015b\u0107, oferuj\u0105c jednocze\u015bnie wsparcie dla stopy oraz ochron\u0119 przed czynnikami zewn\u0119trznymi.<\/p>\n<h2>Komfort na d\u0142ugie u\u017cytkowanie i nowoczesny design<\/h2>\n<p>Ten model \u0142\u0105czy w sobie lekko\u015b\u0107 z komfortem dzi\u0119ki podeszwie z pianki EVA, kt\u00f3ra zast\u0119puje tradycyjn\u0105 technologi\u0119 Boost. Wewn\u0119trzna neoprenowa podszewka zapewnia wygodne dopasowanie, co sprawia, \u017ce buty s\u0105 idealne nawet na d\u0142u\u017csze noszenie. Odbijaj\u0105ce \u015bwiat\u0142o detale dodaj\u0105 wyj\u0105tkowego charakteru i funkcjonalno\u015bci, poprawiaj\u0105c widoczno\u015b\u0107 w ciemniejszych warunkach. Smuk\u0142a, minimalistyczna sylwetka Yeezy Boost 700 V3 &#8222;Dark Glow&#8221; z futurystycznym akcentem wpasowuje si\u0119 zar\u00f3wno w styl sportowy, jak i bardziej eleganckie zestawienia, czyni\u0105c te sneakersy wszechstronnym wyborem na co dzie\u0144.<\/p>","protected":false},"excerpt":{"rendered":"<h2>Yeezy Boost 700 V3 &#8222;Dark Glow&#8221; \u2013 futurystyczny styl po zmroku<\/h2>\n<p>Yeezy Boost 700 V3 &#8222;Dark Glow&#8221; wyr\u00f3\u017cnia si\u0119 g\u0142\u0119bok\u0105 czerni\u0105, p\u00f3\u0142przezroczyst\u0105, \u015bwiec\u0105c\u0105 klatk\u0105 i smuk\u0142ym, nowoczesnym designem. Cholewka z siateczki i TPU zapewnia trwa\u0142o\u015b\u0107, a piankowa podeszwa EVA \u2013 wygodn\u0105 amortyzacj\u0119. Odbijaj\u0105ce \u015bwiat\u0142o detale oraz efekt glow-in-the-dark nadaj\u0105 niepowtarzalnego charakteru, \u0142\u0105cz\u0105c styl z funkcjonalno\u015bci\u0105 na co dzie\u0144.<\/p>","protected":false},"featured_media":1012,"template":"","meta":{"_acf_changed":false,"_yoast_wpseo_focuskw":"Yeezy Boost 700 v3 Dark Glow","_yoast_wpseo_title":"","_yoast_wpseo_metadesc":""},"pwb-brand":[748,750],"product_brand":[],"product_cat":[16,63,235],"product_tag":[1008,1009],"class_list":{"0":"post-983","1":"product","2":"type-product","3":"status-publish","4":"has-post-thumbnail","6":"pwb-brand-adidas","7":"pwb-brand-yeezy","8":"product_cat-buty","9":"product_cat-yeezy","10":"product_cat-yeezy-700","11":"product_tag-kobieta","12":"product_tag-mezczyzna","14":"first","15":"onbackorder","16":"taxable","17":"shipping-taxable","18":"purchasable","19":"product-type-variable","20":"has-default-attributes"},"acf":[],"yoast_head":"<!-- This site is optimized with the Yoast SEO plugin v27.3 - https:\/\/yoast.com\/product\/yoast-seo-wordpress\/ -->\n<title>Yeezy Boost 700 v3 Dark Glow - SHEZAMME<\/title>\n<meta name=\"description\" content=\"Yeezy Boost 700 v3 Dark Glow | Luksusowe i autentyczne przedmioty w jednym miejscu. B\u0105d\u017a na bie\u017c\u0105co i sprawd\u017a nasz\u0105 ofert\u0119 ju\u017c teraz\" \/>\n<meta name=\"robots\" content=\"index, follow, max-snippet:-1, max-image-preview:large, max-video-preview:-1\" \/>\n<link rel=\"canonical\" href=\"https:\/\/shezamme.com\/en\/sklep\/sneakers-2\/yeezy\/yeezy-700\/yeezy-boost-700-v3-dark-glow\/\" \/>\n<meta property=\"og:locale\" content=\"en_US\" \/>\n<meta property=\"og:type\" content=\"article\" \/>\n<meta property=\"og:title\" content=\"Yeezy Boost 700 v3 Dark Glow - SHEZAMME\" \/>\n<meta property=\"og:description\" content=\"Yeezy Boost 700 v3 Dark Glow | Luksusowe i autentyczne przedmioty w jednym miejscu. B\u0105d\u017a na bie\u017c\u0105co i sprawd\u017a nasz\u0105 ofert\u0119 ju\u017c teraz\" \/>\n<meta property=\"og:url\" content=\"https:\/\/shezamme.com\/en\/sklep\/sneakers-2\/yeezy\/yeezy-700\/yeezy-boost-700-v3-dark-glow\/\" \/>\n<meta property=\"og:site_name\" content=\"SHEZAMME - Yeezy, Jordan, Supreme i inne oryginalne rzeczy\" \/>\n<meta property=\"article:publisher\" content=\"https:\/\/www.facebook.com\/SHEZAMME\/\" \/>\n<meta property=\"article:modified_time\" content=\"2025-03-24T22:05:37+00:00\" \/>\n<meta property=\"og:image\" content=\"https:\/\/shezamme.com\/wp-content\/uploads\/2022\/07\/dark3.jpg\" \/>\n\t<meta property=\"og:image:width\" content=\"1125\" \/>\n\t<meta property=\"og:image:height\" content=\"1027\" \/>\n\t<meta property=\"og:image:type\" content=\"image\/jpeg\" \/>\n<meta name=\"twitter:card\" content=\"summary_large_image\" \/>\n<meta name=\"twitter:site\" content=\"@SHEZAMME\" \/>\n<meta name=\"twitter:label1\" content=\"Est. reading time\" \/>\n\t<meta name=\"twitter:data1\" content=\"1 minute\" \/>\n<script type=\"application\/ld+json\" class=\"yoast-schema-graph\">{\"@context\":\"https:\\\/\\\/schema.org\",\"@graph\":[{\"@type\":\"WebPage\",\"@id\":\"https:\\\/\\\/shezamme.com\\\/sklep\\\/buty\\\/yeezy\\\/yeezy-700\\\/yeezy-boost-700-v3-dark-glow\\\/\",\"url\":\"https:\\\/\\\/shezamme.com\\\/sklep\\\/buty\\\/yeezy\\\/yeezy-700\\\/yeezy-boost-700-v3-dark-glow\\\/\",\"name\":\"Yeezy Boost 700 v3 Dark Glow - SHEZAMME\",\"isPartOf\":{\"@id\":\"https:\\\/\\\/shezamme.com\\\/#website\"},\"primaryImageOfPage\":{\"@id\":\"https:\\\/\\\/shezamme.com\\\/sklep\\\/buty\\\/yeezy\\\/yeezy-700\\\/yeezy-boost-700-v3-dark-glow\\\/#primaryimage\"},\"image\":{\"@id\":\"https:\\\/\\\/shezamme.com\\\/sklep\\\/buty\\\/yeezy\\\/yeezy-700\\\/yeezy-boost-700-v3-dark-glow\\\/#primaryimage\"},\"thumbnailUrl\":\"https:\\\/\\\/shezamme.com\\\/wp-content\\\/uploads\\\/2022\\\/07\\\/dark3.jpg\",\"datePublished\":\"2022-07-30T19:10:25+00:00\",\"dateModified\":\"2025-03-24T22:05:37+00:00\",\"description\":\"Yeezy Boost 700 v3 Dark Glow | Luksusowe i autentyczne przedmioty w jednym miejscu. B\u0105d\u017a na bie\u017c\u0105co i sprawd\u017a nasz\u0105 ofert\u0119 ju\u017c teraz\",\"breadcrumb\":{\"@id\":\"https:\\\/\\\/shezamme.com\\\/sklep\\\/buty\\\/yeezy\\\/yeezy-700\\\/yeezy-boost-700-v3-dark-glow\\\/#breadcrumb\"},\"inLanguage\":\"en-US\",\"potentialAction\":[{\"@type\":\"ReadAction\",\"target\":[\"https:\\\/\\\/shezamme.com\\\/sklep\\\/buty\\\/yeezy\\\/yeezy-700\\\/yeezy-boost-700-v3-dark-glow\\\/\"]}]},{\"@type\":\"ImageObject\",\"inLanguage\":\"en-US\",\"@id\":\"https:\\\/\\\/shezamme.com\\\/sklep\\\/buty\\\/yeezy\\\/yeezy-700\\\/yeezy-boost-700-v3-dark-glow\\\/#primaryimage\",\"url\":\"https:\\\/\\\/shezamme.com\\\/wp-content\\\/uploads\\\/2022\\\/07\\\/dark3.jpg\",\"contentUrl\":\"https:\\\/\\\/shezamme.com\\\/wp-content\\\/uploads\\\/2022\\\/07\\\/dark3.jpg\",\"width\":1125,\"height\":1027,\"caption\":\"Yeezy Boost 700 v3 Dark Glow\"},{\"@type\":\"BreadcrumbList\",\"@id\":\"https:\\\/\\\/shezamme.com\\\/sklep\\\/buty\\\/yeezy\\\/yeezy-700\\\/yeezy-boost-700-v3-dark-glow\\\/#breadcrumb\",\"itemListElement\":[{\"@type\":\"ListItem\",\"position\":1,\"name\":\"Strona g\u0142\u00f3wna\",\"item\":\"https:\\\/\\\/shezamme.com\\\/\"},{\"@type\":\"ListItem\",\"position\":2,\"name\":\"Sklep\",\"item\":\"https:\\\/\\\/shezamme.com\\\/en\\\/sklep\\\/\"},{\"@type\":\"ListItem\",\"position\":3,\"name\":\"Yeezy Boost 700 v3 Dark Glow\"}]},{\"@type\":\"WebSite\",\"@id\":\"https:\\\/\\\/shezamme.com\\\/#website\",\"url\":\"https:\\\/\\\/shezamme.com\\\/\",\"name\":\"SHEZAMME - Sneakersy, Streetwear i luksusowe marki\",\"description\":\"Oryginalne i ekskluzywne przedmioty w jednym miejscu. Sprawd\u017a nasze produkty ju\u017c teraz i b\u0105d\u017a na bie\u017c\u0105co z wszystkimi premierami.\",\"publisher\":{\"@id\":\"https:\\\/\\\/shezamme.com\\\/#organization\"},\"potentialAction\":[{\"@type\":\"SearchAction\",\"target\":{\"@type\":\"EntryPoint\",\"urlTemplate\":\"https:\\\/\\\/shezamme.com\\\/?s={search_term_string}\"},\"query-input\":{\"@type\":\"PropertyValueSpecification\",\"valueRequired\":true,\"valueName\":\"search_term_string\"}}],\"inLanguage\":\"en-US\"},{\"@type\":\"Organization\",\"@id\":\"https:\\\/\\\/shezamme.com\\\/#organization\",\"name\":\"SHEZAMME - Sneakersy, Streetwear i luksusowe marki\",\"url\":\"https:\\\/\\\/shezamme.com\\\/\",\"logo\":{\"@type\":\"ImageObject\",\"inLanguage\":\"en-US\",\"@id\":\"https:\\\/\\\/shezamme.com\\\/#\\\/schema\\\/logo\\\/image\\\/\",\"url\":\"https:\\\/\\\/shezamme.com\\\/wp-content\\\/uploads\\\/2023\\\/02\\\/0x0.png\",\"contentUrl\":\"https:\\\/\\\/shezamme.com\\\/wp-content\\\/uploads\\\/2023\\\/02\\\/0x0.png\",\"width\":2000,\"height\":2000,\"caption\":\"SHEZAMME - Sneakersy, Streetwear i luksusowe marki\"},\"image\":{\"@id\":\"https:\\\/\\\/shezamme.com\\\/#\\\/schema\\\/logo\\\/image\\\/\"},\"sameAs\":[\"https:\\\/\\\/www.facebook.com\\\/SHEZAMME\\\/\",\"https:\\\/\\\/x.com\\\/SHEZAMME\",\"https:\\\/\\\/www.instagram.com\\\/shezamme\\\/\",\"https:\\\/\\\/www.youtube.com\\\/channel\\\/UCsTJxi_9fODHdO_1bmJbqvQ\",\"https:\\\/\\\/www.tiktok.com\\\/shezamme.com\"]}]}<\/script>\n<!-- \/ Yoast SEO plugin. -->","yoast_head_json":{"title":"Yeezy Boost 700 v3 Dark Glow - SHEZAMME","description":"Yeezy Boost 700 v3 Dark Glow | Luksusowe i autentyczne przedmioty w jednym miejscu. B\u0105d\u017a na bie\u017c\u0105co i sprawd\u017a nasz\u0105 ofert\u0119 ju\u017c teraz","robots":{"index":"index","follow":"follow","max-snippet":"max-snippet:-1","max-image-preview":"max-image-preview:large","max-video-preview":"max-video-preview:-1"},"canonical":"https:\/\/shezamme.com\/en\/sklep\/sneakers-2\/yeezy\/yeezy-700\/yeezy-boost-700-v3-dark-glow\/","og_locale":"en_US","og_type":"article","og_title":"Yeezy Boost 700 v3 Dark Glow - SHEZAMME","og_description":"Yeezy Boost 700 v3 Dark Glow | Luksusowe i autentyczne przedmioty w jednym miejscu. B\u0105d\u017a na bie\u017c\u0105co i sprawd\u017a nasz\u0105 ofert\u0119 ju\u017c teraz","og_url":"https:\/\/shezamme.com\/en\/sklep\/sneakers-2\/yeezy\/yeezy-700\/yeezy-boost-700-v3-dark-glow\/","og_site_name":"SHEZAMME - Yeezy, Jordan, Supreme i inne oryginalne rzeczy","article_publisher":"https:\/\/www.facebook.com\/SHEZAMME\/","article_modified_time":"2025-03-24T22:05:37+00:00","og_image":[{"width":1125,"height":1027,"url":"https:\/\/shezamme.com\/wp-content\/uploads\/2022\/07\/dark3.jpg","type":"image\/jpeg"}],"twitter_card":"summary_large_image","twitter_site":"@SHEZAMME","twitter_misc":{"Est. reading time":"1 minute"},"schema":{"@context":"https:\/\/schema.org","@graph":[{"@type":"WebPage","@id":"https:\/\/shezamme.com\/sklep\/buty\/yeezy\/yeezy-700\/yeezy-boost-700-v3-dark-glow\/","url":"https:\/\/shezamme.com\/sklep\/buty\/yeezy\/yeezy-700\/yeezy-boost-700-v3-dark-glow\/","name":"Yeezy Boost 700 v3 Dark Glow - SHEZAMME","isPartOf":{"@id":"https:\/\/shezamme.com\/#website"},"primaryImageOfPage":{"@id":"https:\/\/shezamme.com\/sklep\/buty\/yeezy\/yeezy-700\/yeezy-boost-700-v3-dark-glow\/#primaryimage"},"image":{"@id":"https:\/\/shezamme.com\/sklep\/buty\/yeezy\/yeezy-700\/yeezy-boost-700-v3-dark-glow\/#primaryimage"},"thumbnailUrl":"https:\/\/shezamme.com\/wp-content\/uploads\/2022\/07\/dark3.jpg","datePublished":"2022-07-30T19:10:25+00:00","dateModified":"2025-03-24T22:05:37+00:00","description":"Yeezy Boost 700 v3 Dark Glow | Luksusowe i autentyczne przedmioty w jednym miejscu. B\u0105d\u017a na bie\u017c\u0105co i sprawd\u017a nasz\u0105 ofert\u0119 ju\u017c teraz","breadcrumb":{"@id":"https:\/\/shezamme.com\/sklep\/buty\/yeezy\/yeezy-700\/yeezy-boost-700-v3-dark-glow\/#breadcrumb"},"inLanguage":"en-US","potentialAction":[{"@type":"ReadAction","target":["https:\/\/shezamme.com\/sklep\/buty\/yeezy\/yeezy-700\/yeezy-boost-700-v3-dark-glow\/"]}]},{"@type":"ImageObject","inLanguage":"en-US","@id":"https:\/\/shezamme.com\/sklep\/buty\/yeezy\/yeezy-700\/yeezy-boost-700-v3-dark-glow\/#primaryimage","url":"https:\/\/shezamme.com\/wp-content\/uploads\/2022\/07\/dark3.jpg","contentUrl":"https:\/\/shezamme.com\/wp-content\/uploads\/2022\/07\/dark3.jpg","width":1125,"height":1027,"caption":"Yeezy Boost 700 v3 Dark Glow"},{"@type":"BreadcrumbList","@id":"https:\/\/shezamme.com\/sklep\/buty\/yeezy\/yeezy-700\/yeezy-boost-700-v3-dark-glow\/#breadcrumb","itemListElement":[{"@type":"ListItem","position":1,"name":"Strona g\u0142\u00f3wna","item":"https:\/\/shezamme.com\/"},{"@type":"ListItem","position":2,"name":"Sklep","item":"https:\/\/shezamme.com\/en\/sklep\/"},{"@type":"ListItem","position":3,"name":"Yeezy Boost 700 v3 Dark Glow"}]},{"@type":"WebSite","@id":"https:\/\/shezamme.com\/#website","url":"https:\/\/shezamme.com\/","name":"SHEZAMME - Sneakers, Streetwear and luxury brands","description":"Original and exclusive items in one place. Check out our products now and stay up to date with all launches.","publisher":{"@id":"https:\/\/shezamme.com\/#organization"},"potentialAction":[{"@type":"SearchAction","target":{"@type":"EntryPoint","urlTemplate":"https:\/\/shezamme.com\/?s={search_term_string}"},"query-input":{"@type":"PropertyValueSpecification","valueRequired":true,"valueName":"search_term_string"}}],"inLanguage":"en-US"},{"@type":"Organization","@id":"https:\/\/shezamme.com\/#organization","name":"SHEZAMME - Sneakers, Streetwear and luxury brands","url":"https:\/\/shezamme.com\/","logo":{"@type":"ImageObject","inLanguage":"en-US","@id":"https:\/\/shezamme.com\/#\/schema\/logo\/image\/","url":"https:\/\/shezamme.com\/wp-content\/uploads\/2023\/02\/0x0.png","contentUrl":"https:\/\/shezamme.com\/wp-content\/uploads\/2023\/02\/0x0.png","width":2000,"height":2000,"caption":"SHEZAMME - Sneakersy, Streetwear i luksusowe marki"},"image":{"@id":"https:\/\/shezamme.com\/#\/schema\/logo\/image\/"},"sameAs":["https:\/\/www.facebook.com\/SHEZAMME\/","https:\/\/x.com\/SHEZAMME","https:\/\/www.instagram.com\/shezamme\/","https:\/\/www.youtube.com\/channel\/UCsTJxi_9fODHdO_1bmJbqvQ","https:\/\/www.tiktok.com\/shezamme.com"]}]}},"brands":[{"id":748,"name":"Adidas","slug":"adidas"},{"id":750,"name":"Yeezy","slug":"yeezy"}],"_links":{"self":[{"href":"https:\/\/shezamme.com\/en\/wp-json\/wp\/v2\/product\/983","targetHints":{"allow":["GET"]}}],"collection":[{"href":"https:\/\/shezamme.com\/en\/wp-json\/wp\/v2\/product"}],"about":[{"href":"https:\/\/shezamme.com\/en\/wp-json\/wp\/v2\/types\/product"}],"wp:featuredmedia":[{"embeddable":true,"href":"https:\/\/shezamme.com\/en\/wp-json\/wp\/v2\/media\/1012"}],"wp:attachment":[{"href":"https:\/\/shezamme.com\/en\/wp-json\/wp\/v2\/media?parent=983"}],"wp:term":[{"taxonomy":"pwb-brand","embeddable":true,"href":"https:\/\/shezamme.com\/en\/wp-json\/wp\/v2\/pwb-brand?post=983"},{"taxonomy":"product_brand","embeddable":true,"href":"https:\/\/shezamme.com\/en\/wp-json\/wp\/v2\/product_brand?post=983"},{"taxonomy":"product_cat","embeddable":true,"href":"https:\/\/shezamme.com\/en\/wp-json\/wp\/v2\/product_cat?post=983"},{"taxonomy":"product_tag","embeddable":true,"href":"https:\/\/shezamme.com\/en\/wp-json\/wp\/v2\/product_tag?post=983"}],"curies":[{"name":"wp","href":"https:\/\/api.w.org\/{rel}","templated":true}]}}