{"id":88459,"date":"2024-09-03T11:37:58","date_gmt":"2024-09-03T09:37:58","guid":{"rendered":"https:\/\/shezamme.com\/?post_type=product&#038;p=88459"},"modified":"2025-06-06T16:46:04","modified_gmt":"2025-06-06T14:46:04","slug":"asics-gel-1130-white-clay-canyon","status":"publish","type":"product","link":"https:\/\/shezamme.com\/en\/sklep\/buty\/inne\/buty-asics\/asics-gel-1130-white-clay-canyon\/","title":{"rendered":"ASICS Gel-1130 White Clay Canyon"},"content":{"rendered":"<h2>Retro design inspirowany natur\u0105<\/h2>\n<p><strong>ASICS Gel-1130 White Clay Canyon<\/strong> to stylowe buty \u0142\u0105cz\u0105ce estetyk\u0119 bieg\u00f3wek z pocz\u0105tku lat 2000 z nowoczesnymi technologiami. Ziemiste i br\u0105zowo-pomara\u0144czowe akcenty na tle bieli nadaj\u0105 obuwiu naturalny i modny wygl\u0105d. Model doskonale wpisuje si\u0119 zar\u00f3wno w casualowe miejskie stylizacje, jak i w sportowe aktywno\u015bci, oferuj\u0105c funkcjonalno\u015b\u0107 oraz stylowy design.<\/p>\n<h2>Komfort i wszechstronno\u015b\u0107 na ka\u017cdy dzie\u0144<\/h2>\n<p>Technologia GEL\u2122 w podeszwie \u015brodkowej zapewnia zaawansowan\u0105 amortyzacj\u0119 i wygod\u0119 podczas chodzenia lub biegania. Siateczkowy wierzch z syntetycznymi wzmocnieniami gwarantuje przewiewno\u015b\u0107 i trwa\u0142o\u015b\u0107, a wk\u0142adka OrthoLite\u2122 dodatkowo wspiera stop\u0119, zwi\u0119kszaj\u0105c komfort noszenia. Wytrzyma\u0142a gumowa podeszwa zewn\u0119trzna oferuje doskona\u0142\u0105 przyczepno\u015b\u0107 na r\u00f3\u017cnych nawierzchniach.<\/p>\n<p><strong>ASICS Gel-1130 White Clay Canyon<\/strong> to idealne obuwie dla os\u00f3b ceni\u0105cych po\u0142\u0105czenie funkcjonalno\u015bci, stylu i inspiracji naturalnymi kolorami.<\/p>","protected":false},"excerpt":{"rendered":"<h2>Styl retro z naturalnymi akcentami<\/h2>\n<p><strong>ASICS Gel-1130 White Clay Canyon<\/strong> to buty w bia\u0142ej kolorystyce z ziemistymi i br\u0105zowo-pomara\u0144czowymi detalami. Wyposa\u017cone w amortyzacj\u0119 GEL\u2122 i siateczkowy wierzch, \u0142\u0105cz\u0105 retro design z wygod\u0105 na co dzie\u0144 i podczas aktywno\u015bci.<\/p>","protected":false},"featured_media":88460,"template":"","meta":{"_acf_changed":false,"_yoast_wpseo_focuskw":"","_yoast_wpseo_title":"","_yoast_wpseo_metadesc":""},"pwb-brand":[778],"product_brand":[],"product_cat":[16,1175,171],"product_tag":[1008,1009],"class_list":{"0":"post-88459","1":"product","2":"type-product","3":"status-publish","4":"has-post-thumbnail","6":"pwb-brand-asics","7":"product_cat-buty","8":"product_cat-buty-asics","9":"product_cat-inne","10":"product_tag-kobieta","11":"product_tag-mezczyzna","13":"first","14":"onbackorder","15":"taxable","16":"shipping-taxable","17":"purchasable","18":"product-type-variable"},"acf":[],"yoast_head":"<!-- This site is optimized with the Yoast SEO plugin v27.3 - https:\/\/yoast.com\/product\/yoast-seo-wordpress\/ -->\n<title>ASICS Gel-1130 White Clay Canyon - SHEZAMME<\/title>\n<meta name=\"description\" content=\"ASICS Gel-1130 White Clay Canyon | Luksusowe i autentyczne przedmioty w jednym miejscu. B\u0105d\u017a na bie\u017c\u0105co i sprawd\u017a nasz\u0105 ofert\u0119 ju\u017c teraz\" \/>\n<meta name=\"robots\" content=\"index, follow, max-snippet:-1, max-image-preview:large, max-video-preview:-1\" \/>\n<link rel=\"canonical\" href=\"https:\/\/shezamme.com\/en\/sklep\/sneakers-2\/others\/buty-asics\/asics-gel-1130-white-clay-canyon\/\" \/>\n<meta property=\"og:locale\" content=\"en_US\" \/>\n<meta property=\"og:type\" content=\"article\" \/>\n<meta property=\"og:title\" content=\"ASICS Gel-1130 White Clay Canyon - SHEZAMME\" \/>\n<meta property=\"og:description\" content=\"ASICS Gel-1130 White Clay Canyon | Luksusowe i autentyczne przedmioty w jednym miejscu. B\u0105d\u017a na bie\u017c\u0105co i sprawd\u017a nasz\u0105 ofert\u0119 ju\u017c teraz\" \/>\n<meta property=\"og:url\" content=\"https:\/\/shezamme.com\/en\/sklep\/sneakers-2\/others\/buty-asics\/asics-gel-1130-white-clay-canyon\/\" \/>\n<meta property=\"og:site_name\" content=\"SHEZAMME - Yeezy, Jordan, Supreme i inne oryginalne rzeczy\" \/>\n<meta property=\"article:publisher\" content=\"https:\/\/www.facebook.com\/SHEZAMME\/\" \/>\n<meta property=\"article:modified_time\" content=\"2025-06-06T14:46:04+00:00\" \/>\n<meta property=\"og:image\" content=\"https:\/\/shezamme.com\/wp-content\/uploads\/2024\/08\/gel-1130-clay-canyon-1201a256-113.webp\" \/>\n\t<meta property=\"og:image:width\" content=\"600\" \/>\n\t<meta property=\"og:image:height\" content=\"273\" \/>\n\t<meta property=\"og:image:type\" content=\"image\/webp\" \/>\n<meta name=\"twitter:card\" content=\"summary_large_image\" \/>\n<meta name=\"twitter:site\" content=\"@SHEZAMME\" \/>\n<meta name=\"twitter:label1\" content=\"Est. reading time\" \/>\n\t<meta name=\"twitter:data1\" content=\"1 minute\" \/>\n<script type=\"application\/ld+json\" class=\"yoast-schema-graph\">{\"@context\":\"https:\\\/\\\/schema.org\",\"@graph\":[{\"@type\":\"WebPage\",\"@id\":\"https:\\\/\\\/shezamme.com\\\/sklep\\\/buty\\\/inne\\\/buty-asics\\\/asics-gel-1130-white-clay-canyon\\\/\",\"url\":\"https:\\\/\\\/shezamme.com\\\/sklep\\\/buty\\\/inne\\\/buty-asics\\\/asics-gel-1130-white-clay-canyon\\\/\",\"name\":\"ASICS Gel-1130 White Clay Canyon - SHEZAMME\",\"isPartOf\":{\"@id\":\"https:\\\/\\\/shezamme.com\\\/#website\"},\"primaryImageOfPage\":{\"@id\":\"https:\\\/\\\/shezamme.com\\\/sklep\\\/buty\\\/inne\\\/buty-asics\\\/asics-gel-1130-white-clay-canyon\\\/#primaryimage\"},\"image\":{\"@id\":\"https:\\\/\\\/shezamme.com\\\/sklep\\\/buty\\\/inne\\\/buty-asics\\\/asics-gel-1130-white-clay-canyon\\\/#primaryimage\"},\"thumbnailUrl\":\"https:\\\/\\\/shezamme.com\\\/wp-content\\\/uploads\\\/2024\\\/08\\\/gel-1130-clay-canyon-1201a256-113.webp\",\"datePublished\":\"2024-09-03T09:37:58+00:00\",\"dateModified\":\"2025-06-06T14:46:04+00:00\",\"description\":\"ASICS Gel-1130 White Clay Canyon | Luksusowe i autentyczne przedmioty w jednym miejscu. B\u0105d\u017a na bie\u017c\u0105co i sprawd\u017a nasz\u0105 ofert\u0119 ju\u017c teraz\",\"breadcrumb\":{\"@id\":\"https:\\\/\\\/shezamme.com\\\/sklep\\\/buty\\\/inne\\\/buty-asics\\\/asics-gel-1130-white-clay-canyon\\\/#breadcrumb\"},\"inLanguage\":\"en-US\",\"potentialAction\":[{\"@type\":\"ReadAction\",\"target\":[\"https:\\\/\\\/shezamme.com\\\/sklep\\\/buty\\\/inne\\\/buty-asics\\\/asics-gel-1130-white-clay-canyon\\\/\"]}]},{\"@type\":\"ImageObject\",\"inLanguage\":\"en-US\",\"@id\":\"https:\\\/\\\/shezamme.com\\\/sklep\\\/buty\\\/inne\\\/buty-asics\\\/asics-gel-1130-white-clay-canyon\\\/#primaryimage\",\"url\":\"https:\\\/\\\/shezamme.com\\\/wp-content\\\/uploads\\\/2024\\\/08\\\/gel-1130-clay-canyon-1201a256-113.webp\",\"contentUrl\":\"https:\\\/\\\/shezamme.com\\\/wp-content\\\/uploads\\\/2024\\\/08\\\/gel-1130-clay-canyon-1201a256-113.webp\",\"width\":600,\"height\":273},{\"@type\":\"BreadcrumbList\",\"@id\":\"https:\\\/\\\/shezamme.com\\\/sklep\\\/buty\\\/inne\\\/buty-asics\\\/asics-gel-1130-white-clay-canyon\\\/#breadcrumb\",\"itemListElement\":[{\"@type\":\"ListItem\",\"position\":1,\"name\":\"Strona g\u0142\u00f3wna\",\"item\":\"https:\\\/\\\/shezamme.com\\\/\"},{\"@type\":\"ListItem\",\"position\":2,\"name\":\"Sklep\",\"item\":\"https:\\\/\\\/shezamme.com\\\/en\\\/sklep\\\/\"},{\"@type\":\"ListItem\",\"position\":3,\"name\":\"ASICS Gel-1130 White Clay Canyon\"}]},{\"@type\":\"WebSite\",\"@id\":\"https:\\\/\\\/shezamme.com\\\/#website\",\"url\":\"https:\\\/\\\/shezamme.com\\\/\",\"name\":\"SHEZAMME - Sneakersy, Streetwear i luksusowe marki\",\"description\":\"Oryginalne i ekskluzywne przedmioty w jednym miejscu. Sprawd\u017a nasze produkty ju\u017c teraz i b\u0105d\u017a na bie\u017c\u0105co z wszystkimi premierami.\",\"publisher\":{\"@id\":\"https:\\\/\\\/shezamme.com\\\/#organization\"},\"potentialAction\":[{\"@type\":\"SearchAction\",\"target\":{\"@type\":\"EntryPoint\",\"urlTemplate\":\"https:\\\/\\\/shezamme.com\\\/?s={search_term_string}\"},\"query-input\":{\"@type\":\"PropertyValueSpecification\",\"valueRequired\":true,\"valueName\":\"search_term_string\"}}],\"inLanguage\":\"en-US\"},{\"@type\":\"Organization\",\"@id\":\"https:\\\/\\\/shezamme.com\\\/#organization\",\"name\":\"SHEZAMME - Sneakersy, Streetwear i luksusowe marki\",\"url\":\"https:\\\/\\\/shezamme.com\\\/\",\"logo\":{\"@type\":\"ImageObject\",\"inLanguage\":\"en-US\",\"@id\":\"https:\\\/\\\/shezamme.com\\\/#\\\/schema\\\/logo\\\/image\\\/\",\"url\":\"https:\\\/\\\/shezamme.com\\\/wp-content\\\/uploads\\\/2023\\\/02\\\/0x0.png\",\"contentUrl\":\"https:\\\/\\\/shezamme.com\\\/wp-content\\\/uploads\\\/2023\\\/02\\\/0x0.png\",\"width\":2000,\"height\":2000,\"caption\":\"SHEZAMME - Sneakersy, Streetwear i luksusowe marki\"},\"image\":{\"@id\":\"https:\\\/\\\/shezamme.com\\\/#\\\/schema\\\/logo\\\/image\\\/\"},\"sameAs\":[\"https:\\\/\\\/www.facebook.com\\\/SHEZAMME\\\/\",\"https:\\\/\\\/x.com\\\/SHEZAMME\",\"https:\\\/\\\/www.instagram.com\\\/shezamme\\\/\",\"https:\\\/\\\/www.youtube.com\\\/channel\\\/UCsTJxi_9fODHdO_1bmJbqvQ\",\"https:\\\/\\\/www.tiktok.com\\\/shezamme.com\"]}]}<\/script>\n<!-- \/ Yoast SEO plugin. -->","yoast_head_json":{"title":"ASICS Gel-1130 White Clay Canyon - SHEZAMME","description":"ASICS Gel-1130 White Clay Canyon | Luksusowe i autentyczne przedmioty w jednym miejscu. B\u0105d\u017a na bie\u017c\u0105co i sprawd\u017a nasz\u0105 ofert\u0119 ju\u017c teraz","robots":{"index":"index","follow":"follow","max-snippet":"max-snippet:-1","max-image-preview":"max-image-preview:large","max-video-preview":"max-video-preview:-1"},"canonical":"https:\/\/shezamme.com\/en\/sklep\/sneakers-2\/others\/buty-asics\/asics-gel-1130-white-clay-canyon\/","og_locale":"en_US","og_type":"article","og_title":"ASICS Gel-1130 White Clay Canyon - SHEZAMME","og_description":"ASICS Gel-1130 White Clay Canyon | Luksusowe i autentyczne przedmioty w jednym miejscu. B\u0105d\u017a na bie\u017c\u0105co i sprawd\u017a nasz\u0105 ofert\u0119 ju\u017c teraz","og_url":"https:\/\/shezamme.com\/en\/sklep\/sneakers-2\/others\/buty-asics\/asics-gel-1130-white-clay-canyon\/","og_site_name":"SHEZAMME - Yeezy, Jordan, Supreme i inne oryginalne rzeczy","article_publisher":"https:\/\/www.facebook.com\/SHEZAMME\/","article_modified_time":"2025-06-06T14:46:04+00:00","og_image":[{"width":600,"height":273,"url":"https:\/\/shezamme.com\/wp-content\/uploads\/2024\/08\/gel-1130-clay-canyon-1201a256-113.webp","type":"image\/webp"}],"twitter_card":"summary_large_image","twitter_site":"@SHEZAMME","twitter_misc":{"Est. reading time":"1 minute"},"schema":{"@context":"https:\/\/schema.org","@graph":[{"@type":"WebPage","@id":"https:\/\/shezamme.com\/sklep\/buty\/inne\/buty-asics\/asics-gel-1130-white-clay-canyon\/","url":"https:\/\/shezamme.com\/sklep\/buty\/inne\/buty-asics\/asics-gel-1130-white-clay-canyon\/","name":"ASICS Gel-1130 White Clay Canyon - SHEZAMME","isPartOf":{"@id":"https:\/\/shezamme.com\/#website"},"primaryImageOfPage":{"@id":"https:\/\/shezamme.com\/sklep\/buty\/inne\/buty-asics\/asics-gel-1130-white-clay-canyon\/#primaryimage"},"image":{"@id":"https:\/\/shezamme.com\/sklep\/buty\/inne\/buty-asics\/asics-gel-1130-white-clay-canyon\/#primaryimage"},"thumbnailUrl":"https:\/\/shezamme.com\/wp-content\/uploads\/2024\/08\/gel-1130-clay-canyon-1201a256-113.webp","datePublished":"2024-09-03T09:37:58+00:00","dateModified":"2025-06-06T14:46:04+00:00","description":"ASICS Gel-1130 White Clay Canyon | Luksusowe i autentyczne przedmioty w jednym miejscu. B\u0105d\u017a na bie\u017c\u0105co i sprawd\u017a nasz\u0105 ofert\u0119 ju\u017c teraz","breadcrumb":{"@id":"https:\/\/shezamme.com\/sklep\/buty\/inne\/buty-asics\/asics-gel-1130-white-clay-canyon\/#breadcrumb"},"inLanguage":"en-US","potentialAction":[{"@type":"ReadAction","target":["https:\/\/shezamme.com\/sklep\/buty\/inne\/buty-asics\/asics-gel-1130-white-clay-canyon\/"]}]},{"@type":"ImageObject","inLanguage":"en-US","@id":"https:\/\/shezamme.com\/sklep\/buty\/inne\/buty-asics\/asics-gel-1130-white-clay-canyon\/#primaryimage","url":"https:\/\/shezamme.com\/wp-content\/uploads\/2024\/08\/gel-1130-clay-canyon-1201a256-113.webp","contentUrl":"https:\/\/shezamme.com\/wp-content\/uploads\/2024\/08\/gel-1130-clay-canyon-1201a256-113.webp","width":600,"height":273},{"@type":"BreadcrumbList","@id":"https:\/\/shezamme.com\/sklep\/buty\/inne\/buty-asics\/asics-gel-1130-white-clay-canyon\/#breadcrumb","itemListElement":[{"@type":"ListItem","position":1,"name":"Strona g\u0142\u00f3wna","item":"https:\/\/shezamme.com\/"},{"@type":"ListItem","position":2,"name":"Sklep","item":"https:\/\/shezamme.com\/en\/sklep\/"},{"@type":"ListItem","position":3,"name":"ASICS Gel-1130 White Clay Canyon"}]},{"@type":"WebSite","@id":"https:\/\/shezamme.com\/#website","url":"https:\/\/shezamme.com\/","name":"SHEZAMME - Sneakers, Streetwear and luxury brands","description":"Original and exclusive items in one place. Check out our products now and stay up to date with all launches.","publisher":{"@id":"https:\/\/shezamme.com\/#organization"},"potentialAction":[{"@type":"SearchAction","target":{"@type":"EntryPoint","urlTemplate":"https:\/\/shezamme.com\/?s={search_term_string}"},"query-input":{"@type":"PropertyValueSpecification","valueRequired":true,"valueName":"search_term_string"}}],"inLanguage":"en-US"},{"@type":"Organization","@id":"https:\/\/shezamme.com\/#organization","name":"SHEZAMME - Sneakers, Streetwear and luxury brands","url":"https:\/\/shezamme.com\/","logo":{"@type":"ImageObject","inLanguage":"en-US","@id":"https:\/\/shezamme.com\/#\/schema\/logo\/image\/","url":"https:\/\/shezamme.com\/wp-content\/uploads\/2023\/02\/0x0.png","contentUrl":"https:\/\/shezamme.com\/wp-content\/uploads\/2023\/02\/0x0.png","width":2000,"height":2000,"caption":"SHEZAMME - Sneakersy, Streetwear i luksusowe marki"},"image":{"@id":"https:\/\/shezamme.com\/#\/schema\/logo\/image\/"},"sameAs":["https:\/\/www.facebook.com\/SHEZAMME\/","https:\/\/x.com\/SHEZAMME","https:\/\/www.instagram.com\/shezamme\/","https:\/\/www.youtube.com\/channel\/UCsTJxi_9fODHdO_1bmJbqvQ","https:\/\/www.tiktok.com\/shezamme.com"]}]}},"brands":[{"id":778,"name":"Asics","slug":"asics"}],"_links":{"self":[{"href":"https:\/\/shezamme.com\/en\/wp-json\/wp\/v2\/product\/88459","targetHints":{"allow":["GET"]}}],"collection":[{"href":"https:\/\/shezamme.com\/en\/wp-json\/wp\/v2\/product"}],"about":[{"href":"https:\/\/shezamme.com\/en\/wp-json\/wp\/v2\/types\/product"}],"wp:featuredmedia":[{"embeddable":true,"href":"https:\/\/shezamme.com\/en\/wp-json\/wp\/v2\/media\/88460"}],"wp:attachment":[{"href":"https:\/\/shezamme.com\/en\/wp-json\/wp\/v2\/media?parent=88459"}],"wp:term":[{"taxonomy":"pwb-brand","embeddable":true,"href":"https:\/\/shezamme.com\/en\/wp-json\/wp\/v2\/pwb-brand?post=88459"},{"taxonomy":"product_brand","embeddable":true,"href":"https:\/\/shezamme.com\/en\/wp-json\/wp\/v2\/product_brand?post=88459"},{"taxonomy":"product_cat","embeddable":true,"href":"https:\/\/shezamme.com\/en\/wp-json\/wp\/v2\/product_cat?post=88459"},{"taxonomy":"product_tag","embeddable":true,"href":"https:\/\/shezamme.com\/en\/wp-json\/wp\/v2\/product_tag?post=88459"}],"curies":[{"name":"wp","href":"https:\/\/api.w.org\/{rel}","templated":true}]}}