{"id":86279,"date":"2024-09-02T14:33:06","date_gmt":"2024-09-02T12:33:06","guid":{"rendered":"https:\/\/shezamme.com\/?post_type=product&#038;p=86279"},"modified":"2025-09-27T18:47:40","modified_gmt":"2025-09-27T16:47:40","slug":"yeezy-foam-runner-mx-carbon","status":"publish","type":"product","link":"https:\/\/shezamme.com\/en\/sklep\/buty\/yeezy\/yeezy-foam\/yeezy-foam-runner-mx-carbon\/","title":{"rendered":"Yeezy Foam Runner MX Carbon"},"content":{"rendered":"<h2>Yeezy Foam Runner &#8222;MX Carbon&#8221; \u2013 futurystyczny styl i wygoda w jednym<\/h2>\n<p>Yeezy Foam Runner &#8222;MX Carbon&#8221; to model wyr\u00f3\u017cniaj\u0105cy si\u0119 abstrakcyjn\u0105 mieszank\u0105 kolor\u00f3w \u2013 czerni, r\u00f3\u017cu, \u017c\u00f3\u0142ci i fioletu \u2013 kt\u00f3ra nadaje ka\u017cdej parze unikatowy charakter. Perforowana, organiczna konstrukcja z lekkiej pianki EVA i materia\u0142u z alg zapewnia komfort oraz doskona\u0142\u0105 wentylacj\u0119, idealn\u0105 na co dzie\u0144.<\/p>\n<h2>Lekko\u015b\u0107 i stabilno\u015b\u0107 na ka\u017cdy krok<\/h2>\n<p>Wbudowana podeszwa z bie\u017cnikiem oferuje optymaln\u0105 przyczepno\u015b\u0107, a wyj\u0105tkowo lekka, amortyzowana konstrukcja sprawia, \u017ce model \u015bwietnie sprawdzi si\u0119 zar\u00f3wno w miejskich stylizacjach, jak i podczas odpoczynku.<\/p>","protected":false},"excerpt":{"rendered":"<h2><strong>Yeezy Foam Runner &#8222;MX Carbon&#8221; \u2013 Futurystyczny design i codzienna wygoda.<\/strong><\/h2>\n<p>Ten model zachwyca niepowtarzaln\u0105 mieszank\u0105 czerni, r\u00f3\u017cu, \u017c\u00f3\u0142ci i fioletu, co sprawia, \u017ce ka\u017cda para jest unikalna. Dzi\u0119ki perforowanej konstrukcji z lekkiej pianki EVA i materia\u0142u z alg, zapewnia doskona\u0142\u0105 wentylacj\u0119 i komfort noszenia. Wbudowana podeszwa z bie\u017cnikiem gwarantuje stabilno\u015b\u0107 i przyczepno\u015b\u0107 na ka\u017cdym kroku, co czyni ten model idealnym wyborem zar\u00f3wno na co dzie\u0144, jak i do relaksu.<\/p>","protected":false},"featured_media":86146,"template":"","meta":{"_acf_changed":false},"pwb-brand":[748,750],"product_brand":[],"product_cat":[16,63,268],"product_tag":[1008,1009],"class_list":{"0":"post-86279","1":"product","2":"type-product","3":"status-publish","4":"has-post-thumbnail","6":"pwb-brand-adidas","7":"pwb-brand-yeezy","8":"product_cat-buty","9":"product_cat-yeezy","10":"product_cat-yeezy-foam","11":"product_tag-kobieta","12":"product_tag-mezczyzna","14":"first","15":"onbackorder","16":"taxable","17":"shipping-taxable","18":"purchasable","19":"product-type-variable"},"acf":[],"yoast_head":"<!-- This site is optimized with the Yoast SEO plugin v27.2 - https:\/\/yoast.com\/product\/yoast-seo-wordpress\/ -->\n<title>Yeezy Foam Runner MX Carbon - SHEZAMME<\/title>\n<meta name=\"description\" content=\"Yeezy Foam Runner MX Carbon | Luksusowe i autentyczne przedmioty w jednym miejscu. B\u0105d\u017a na bie\u017c\u0105co i sprawd\u017a nasz\u0105 ofert\u0119 ju\u017c teraz\" \/>\n<meta name=\"robots\" content=\"index, follow, max-snippet:-1, max-image-preview:large, max-video-preview:-1\" \/>\n<link rel=\"canonical\" href=\"https:\/\/shezamme.com\/en\/sklep\/sneakers-2\/yeezy\/yeezy-foam\/yeezy-foam-runner-mx-carbon\/\" \/>\n<meta property=\"og:locale\" content=\"en_US\" \/>\n<meta property=\"og:type\" content=\"article\" \/>\n<meta property=\"og:title\" content=\"Yeezy Foam Runner MX Carbon - SHEZAMME\" \/>\n<meta property=\"og:description\" content=\"Yeezy Foam Runner MX Carbon | Luksusowe i autentyczne przedmioty w jednym miejscu. B\u0105d\u017a na bie\u017c\u0105co i sprawd\u017a nasz\u0105 ofert\u0119 ju\u017c teraz\" \/>\n<meta property=\"og:url\" content=\"https:\/\/shezamme.com\/en\/sklep\/sneakers-2\/yeezy\/yeezy-foam\/yeezy-foam-runner-mx-carbon\/\" \/>\n<meta property=\"og:site_name\" content=\"SHEZAMME - Yeezy, Jordan, Supreme i inne oryginalne rzeczy\" \/>\n<meta property=\"article:publisher\" content=\"https:\/\/www.facebook.com\/SHEZAMME\/\" \/>\n<meta property=\"article:modified_time\" content=\"2025-09-27T16:47:40+00:00\" \/>\n<meta property=\"og:image\" content=\"https:\/\/shezamme.com\/wp-content\/uploads\/2024\/08\/yeezy-foam-runner-mx-carbon-yzy-foam-1.webp\" \/>\n\t<meta property=\"og:image:width\" content=\"1000\" \/>\n\t<meta property=\"og:image:height\" content=\"425\" \/>\n\t<meta property=\"og:image:type\" content=\"image\/webp\" \/>\n<meta name=\"twitter:card\" content=\"summary_large_image\" \/>\n<meta name=\"twitter:site\" content=\"@SHEZAMME\" \/>\n<script type=\"application\/ld+json\" class=\"yoast-schema-graph\">{\"@context\":\"https:\/\/schema.org\",\"@graph\":[{\"@type\":\"WebPage\",\"@id\":\"https:\/\/shezamme.com\/sklep\/buty\/yeezy\/yeezy-foam\/yeezy-foam-runner-mx-carbon\/\",\"url\":\"https:\/\/shezamme.com\/sklep\/buty\/yeezy\/yeezy-foam\/yeezy-foam-runner-mx-carbon\/\",\"name\":\"Yeezy Foam Runner MX Carbon - SHEZAMME\",\"isPartOf\":{\"@id\":\"https:\/\/shezamme.com\/#website\"},\"primaryImageOfPage\":{\"@id\":\"https:\/\/shezamme.com\/sklep\/buty\/yeezy\/yeezy-foam\/yeezy-foam-runner-mx-carbon\/#primaryimage\"},\"image\":{\"@id\":\"https:\/\/shezamme.com\/sklep\/buty\/yeezy\/yeezy-foam\/yeezy-foam-runner-mx-carbon\/#primaryimage\"},\"thumbnailUrl\":\"https:\/\/shezamme.com\/wp-content\/uploads\/2024\/08\/yeezy-foam-runner-mx-carbon-yzy-foam-1.webp\",\"datePublished\":\"2024-09-02T12:33:06+00:00\",\"dateModified\":\"2025-09-27T16:47:40+00:00\",\"description\":\"Yeezy Foam Runner MX Carbon | Luksusowe i autentyczne przedmioty w jednym miejscu. B\u0105d\u017a na bie\u017c\u0105co i sprawd\u017a nasz\u0105 ofert\u0119 ju\u017c teraz\",\"breadcrumb\":{\"@id\":\"https:\/\/shezamme.com\/sklep\/buty\/yeezy\/yeezy-foam\/yeezy-foam-runner-mx-carbon\/#breadcrumb\"},\"inLanguage\":\"en-US\",\"potentialAction\":[{\"@type\":\"ReadAction\",\"target\":[\"https:\/\/shezamme.com\/sklep\/buty\/yeezy\/yeezy-foam\/yeezy-foam-runner-mx-carbon\/\"]}]},{\"@type\":\"ImageObject\",\"inLanguage\":\"en-US\",\"@id\":\"https:\/\/shezamme.com\/sklep\/buty\/yeezy\/yeezy-foam\/yeezy-foam-runner-mx-carbon\/#primaryimage\",\"url\":\"https:\/\/shezamme.com\/wp-content\/uploads\/2024\/08\/yeezy-foam-runner-mx-carbon-yzy-foam-1.webp\",\"contentUrl\":\"https:\/\/shezamme.com\/wp-content\/uploads\/2024\/08\/yeezy-foam-runner-mx-carbon-yzy-foam-1.webp\",\"width\":1000,\"height\":425,\"caption\":\"Yeezy Foam Runner MX Carbon\"},{\"@type\":\"BreadcrumbList\",\"@id\":\"https:\/\/shezamme.com\/sklep\/buty\/yeezy\/yeezy-foam\/yeezy-foam-runner-mx-carbon\/#breadcrumb\",\"itemListElement\":[{\"@type\":\"ListItem\",\"position\":1,\"name\":\"Strona g\u0142\u00f3wna\",\"item\":\"https:\/\/shezamme.com\/\"},{\"@type\":\"ListItem\",\"position\":2,\"name\":\"Sklep\",\"item\":\"https:\/\/shezamme.com\/sklep\/\"},{\"@type\":\"ListItem\",\"position\":3,\"name\":\"Yeezy Foam Runner MX Carbon\"}]},{\"@type\":\"WebSite\",\"@id\":\"https:\/\/shezamme.com\/#website\",\"url\":\"https:\/\/shezamme.com\/\",\"name\":\"SHEZAMME - Sneakersy, Streetwear i luksusowe marki\",\"description\":\"Oryginalne i ekskluzywne przedmioty w jednym miejscu. Sprawd\u017a nasze produkty ju\u017c teraz i b\u0105d\u017a na bie\u017c\u0105co z wszystkimi premierami.\",\"publisher\":{\"@id\":\"https:\/\/shezamme.com\/#organization\"},\"potentialAction\":[{\"@type\":\"SearchAction\",\"target\":{\"@type\":\"EntryPoint\",\"urlTemplate\":\"https:\/\/shezamme.com\/?s={search_term_string}\"},\"query-input\":{\"@type\":\"PropertyValueSpecification\",\"valueRequired\":true,\"valueName\":\"search_term_string\"}}],\"inLanguage\":\"en-US\"},{\"@type\":\"Organization\",\"@id\":\"https:\/\/shezamme.com\/#organization\",\"name\":\"SHEZAMME - Sneakersy, Streetwear i luksusowe marki\",\"url\":\"https:\/\/shezamme.com\/\",\"logo\":{\"@type\":\"ImageObject\",\"inLanguage\":\"en-US\",\"@id\":\"https:\/\/shezamme.com\/#\/schema\/logo\/image\/\",\"url\":\"https:\/\/shezamme.com\/wp-content\/uploads\/2023\/02\/0x0.png\",\"contentUrl\":\"https:\/\/shezamme.com\/wp-content\/uploads\/2023\/02\/0x0.png\",\"width\":2000,\"height\":2000,\"caption\":\"SHEZAMME - Sneakersy, Streetwear i luksusowe marki\"},\"image\":{\"@id\":\"https:\/\/shezamme.com\/#\/schema\/logo\/image\/\"},\"sameAs\":[\"https:\/\/www.facebook.com\/SHEZAMME\/\",\"https:\/\/x.com\/SHEZAMME\",\"https:\/\/www.instagram.com\/shezamme\/\",\"https:\/\/www.youtube.com\/channel\/UCsTJxi_9fODHdO_1bmJbqvQ\",\"https:\/\/www.tiktok.com\/shezamme.com\"]}]}<\/script>\n<!-- \/ Yoast SEO plugin. -->","yoast_head_json":{"title":"Yeezy Foam Runner MX Carbon - SHEZAMME","description":"Yeezy Foam Runner MX Carbon | Luksusowe i autentyczne przedmioty w jednym miejscu. B\u0105d\u017a na bie\u017c\u0105co i sprawd\u017a nasz\u0105 ofert\u0119 ju\u017c teraz","robots":{"index":"index","follow":"follow","max-snippet":"max-snippet:-1","max-image-preview":"max-image-preview:large","max-video-preview":"max-video-preview:-1"},"canonical":"https:\/\/shezamme.com\/en\/sklep\/sneakers-2\/yeezy\/yeezy-foam\/yeezy-foam-runner-mx-carbon\/","og_locale":"en_US","og_type":"article","og_title":"Yeezy Foam Runner MX Carbon - SHEZAMME","og_description":"Yeezy Foam Runner MX Carbon | Luksusowe i autentyczne przedmioty w jednym miejscu. B\u0105d\u017a na bie\u017c\u0105co i sprawd\u017a nasz\u0105 ofert\u0119 ju\u017c teraz","og_url":"https:\/\/shezamme.com\/en\/sklep\/sneakers-2\/yeezy\/yeezy-foam\/yeezy-foam-runner-mx-carbon\/","og_site_name":"SHEZAMME - Yeezy, Jordan, Supreme i inne oryginalne rzeczy","article_publisher":"https:\/\/www.facebook.com\/SHEZAMME\/","article_modified_time":"2025-09-27T16:47:40+00:00","og_image":[{"width":1000,"height":425,"url":"https:\/\/shezamme.com\/wp-content\/uploads\/2024\/08\/yeezy-foam-runner-mx-carbon-yzy-foam-1.webp","type":"image\/webp"}],"twitter_card":"summary_large_image","twitter_site":"@SHEZAMME","schema":{"@context":"https:\/\/schema.org","@graph":[{"@type":"WebPage","@id":"https:\/\/shezamme.com\/sklep\/buty\/yeezy\/yeezy-foam\/yeezy-foam-runner-mx-carbon\/","url":"https:\/\/shezamme.com\/sklep\/buty\/yeezy\/yeezy-foam\/yeezy-foam-runner-mx-carbon\/","name":"Yeezy Foam Runner MX Carbon - SHEZAMME","isPartOf":{"@id":"https:\/\/shezamme.com\/#website"},"primaryImageOfPage":{"@id":"https:\/\/shezamme.com\/sklep\/buty\/yeezy\/yeezy-foam\/yeezy-foam-runner-mx-carbon\/#primaryimage"},"image":{"@id":"https:\/\/shezamme.com\/sklep\/buty\/yeezy\/yeezy-foam\/yeezy-foam-runner-mx-carbon\/#primaryimage"},"thumbnailUrl":"https:\/\/shezamme.com\/wp-content\/uploads\/2024\/08\/yeezy-foam-runner-mx-carbon-yzy-foam-1.webp","datePublished":"2024-09-02T12:33:06+00:00","dateModified":"2025-09-27T16:47:40+00:00","description":"Yeezy Foam Runner MX Carbon | Luksusowe i autentyczne przedmioty w jednym miejscu. B\u0105d\u017a na bie\u017c\u0105co i sprawd\u017a nasz\u0105 ofert\u0119 ju\u017c teraz","breadcrumb":{"@id":"https:\/\/shezamme.com\/sklep\/buty\/yeezy\/yeezy-foam\/yeezy-foam-runner-mx-carbon\/#breadcrumb"},"inLanguage":"en-US","potentialAction":[{"@type":"ReadAction","target":["https:\/\/shezamme.com\/sklep\/buty\/yeezy\/yeezy-foam\/yeezy-foam-runner-mx-carbon\/"]}]},{"@type":"ImageObject","inLanguage":"en-US","@id":"https:\/\/shezamme.com\/sklep\/buty\/yeezy\/yeezy-foam\/yeezy-foam-runner-mx-carbon\/#primaryimage","url":"https:\/\/shezamme.com\/wp-content\/uploads\/2024\/08\/yeezy-foam-runner-mx-carbon-yzy-foam-1.webp","contentUrl":"https:\/\/shezamme.com\/wp-content\/uploads\/2024\/08\/yeezy-foam-runner-mx-carbon-yzy-foam-1.webp","width":1000,"height":425,"caption":"Yeezy Foam Runner MX Carbon"},{"@type":"BreadcrumbList","@id":"https:\/\/shezamme.com\/sklep\/buty\/yeezy\/yeezy-foam\/yeezy-foam-runner-mx-carbon\/#breadcrumb","itemListElement":[{"@type":"ListItem","position":1,"name":"Strona g\u0142\u00f3wna","item":"https:\/\/shezamme.com\/"},{"@type":"ListItem","position":2,"name":"Sklep","item":"https:\/\/shezamme.com\/sklep\/"},{"@type":"ListItem","position":3,"name":"Yeezy Foam Runner MX Carbon"}]},{"@type":"WebSite","@id":"https:\/\/shezamme.com\/#website","url":"https:\/\/shezamme.com\/","name":"SHEZAMME - Sneakers, Streetwear and luxury brands","description":"Original and exclusive items in one place. Check out our products now and stay up to date with all launches.","publisher":{"@id":"https:\/\/shezamme.com\/#organization"},"potentialAction":[{"@type":"SearchAction","target":{"@type":"EntryPoint","urlTemplate":"https:\/\/shezamme.com\/?s={search_term_string}"},"query-input":{"@type":"PropertyValueSpecification","valueRequired":true,"valueName":"search_term_string"}}],"inLanguage":"en-US"},{"@type":"Organization","@id":"https:\/\/shezamme.com\/#organization","name":"SHEZAMME - Sneakers, Streetwear and luxury brands","url":"https:\/\/shezamme.com\/","logo":{"@type":"ImageObject","inLanguage":"en-US","@id":"https:\/\/shezamme.com\/#\/schema\/logo\/image\/","url":"https:\/\/shezamme.com\/wp-content\/uploads\/2023\/02\/0x0.png","contentUrl":"https:\/\/shezamme.com\/wp-content\/uploads\/2023\/02\/0x0.png","width":2000,"height":2000,"caption":"SHEZAMME - Sneakersy, Streetwear i luksusowe marki"},"image":{"@id":"https:\/\/shezamme.com\/#\/schema\/logo\/image\/"},"sameAs":["https:\/\/www.facebook.com\/SHEZAMME\/","https:\/\/x.com\/SHEZAMME","https:\/\/www.instagram.com\/shezamme\/","https:\/\/www.youtube.com\/channel\/UCsTJxi_9fODHdO_1bmJbqvQ","https:\/\/www.tiktok.com\/shezamme.com"]}]}},"brands":[{"id":748,"name":"Adidas","slug":"adidas"},{"id":750,"name":"Yeezy","slug":"yeezy"}],"_links":{"self":[{"href":"https:\/\/shezamme.com\/en\/wp-json\/wp\/v2\/product\/86279","targetHints":{"allow":["GET"]}}],"collection":[{"href":"https:\/\/shezamme.com\/en\/wp-json\/wp\/v2\/product"}],"about":[{"href":"https:\/\/shezamme.com\/en\/wp-json\/wp\/v2\/types\/product"}],"wp:featuredmedia":[{"embeddable":true,"href":"https:\/\/shezamme.com\/en\/wp-json\/wp\/v2\/media\/86146"}],"wp:attachment":[{"href":"https:\/\/shezamme.com\/en\/wp-json\/wp\/v2\/media?parent=86279"}],"wp:term":[{"taxonomy":"pwb-brand","embeddable":true,"href":"https:\/\/shezamme.com\/en\/wp-json\/wp\/v2\/pwb-brand?post=86279"},{"taxonomy":"product_brand","embeddable":true,"href":"https:\/\/shezamme.com\/en\/wp-json\/wp\/v2\/product_brand?post=86279"},{"taxonomy":"product_cat","embeddable":true,"href":"https:\/\/shezamme.com\/en\/wp-json\/wp\/v2\/product_cat?post=86279"},{"taxonomy":"product_tag","embeddable":true,"href":"https:\/\/shezamme.com\/en\/wp-json\/wp\/v2\/product_tag?post=86279"}],"curies":[{"name":"wp","href":"https:\/\/api.w.org\/{rel}","templated":true}]}}