{"id":84694,"date":"2024-09-03T10:50:14","date_gmt":"2024-09-03T08:50:14","guid":{"rendered":"https:\/\/shezamme.com\/?post_type=product&#038;p=84694"},"modified":"2026-01-13T18:50:01","modified_gmt":"2026-01-13T17:50:01","slug":"trapstar-charge-it-hoodie-black","status":"publish","type":"product","link":"https:\/\/shezamme.com\/en\/sklep\/bluzy\/wszystkie-bluzy\/trapstar-charge-it-hoodie-black\/","title":{"rendered":"Trapstar Charge It Hoodie Black"},"content":{"rendered":"<h2 class=\"\" data-start=\"0\" data-end=\"72\">Trapstar Charge It Hoodie Black \u2013 klasyka ulicznego stylu z przekazem<\/h2>\n<p class=\"\" data-start=\"74\" data-end=\"367\">Trapstar Charge It Hoodie Black to wyrazista bluza z kapturem, kt\u00f3ra \u0142\u0105czy wysokiej jako\u015bci czarn\u0105 bawe\u0142n\u0119 z mocnym nadrukiem \u201eCharge It To The Game\u201d. Inspirowana londy\u0144sk\u0105 ulic\u0105, reprezentuje niezale\u017cno\u015b\u0107 i mentalno\u015b\u0107 grind mode, b\u0119d\u0105c jednocze\u015bnie wygodnym elementem codziennego streetwearu.<\/p>\n<h2 class=\"\" data-start=\"369\" data-end=\"400\">Komfort i charakter w jednym<\/h2>\n<p class=\"\" data-start=\"402\" data-end=\"688\">Wykonana z grubej, premium dzianiny o gramaturze powy\u017cej 400 GSM, bluza oferuje solidny kr\u00f3j z lu\u017aniejszym dopasowaniem, opadaj\u0105cym ramieniem i klasycznymi dodatkami jak kangurka czy kaptur ze sznurkiem. To hoodie, kt\u00f3re nie tylko dobrze wygl\u0105da, ale te\u017c niesie ze sob\u0105 stylowy przekaz.<\/p>","protected":false},"excerpt":{"rendered":"<h2 class=\"\" data-start=\"0\" data-end=\"70\">Trapstar Charge It Hoodie Black \u2013 miejski styl z mocnym przes\u0142aniem<\/h2>\n<p class=\"\" data-start=\"72\" data-end=\"371\">Trapstar Charge It Hoodie Black to klasyczna bluza z kapturem, kt\u00f3ra \u0142\u0105czy solidn\u0105, ci\u0119\u017ck\u0105 bawe\u0142n\u0119 z wyrazistym nadrukiem \u201eCharge It To The Game\u201d. Utrzymana w g\u0142\u0119bokiej czerni, z lu\u017anym krojem i typografi\u0105 w stylu Trapstar, stanowi po\u0142\u0105czenie komfortu i bezkompromisowego streetwearowego charakteru.<\/p>","protected":false},"featured_media":84695,"template":"","meta":{"_acf_changed":false,"_yoast_wpseo_focuskw":"","_yoast_wpseo_title":"","_yoast_wpseo_metadesc":""},"pwb-brand":[777],"product_brand":[],"product_cat":[113,980,929],"product_tag":[1008,1009],"class_list":{"0":"post-84694","1":"product","2":"type-product","3":"status-publish","4":"has-post-thumbnail","6":"pwb-brand-trapstar","7":"product_cat-bluzy","8":"product_cat-bluzy-trapstar","9":"product_cat-wszystkie-bluzy","10":"product_tag-kobieta","11":"product_tag-mezczyzna","12":"pa_rozmiar-ubrania-l","13":"pa_rozmiar-ubrania-m","15":"first","16":"instock","17":"taxable","18":"shipping-taxable","19":"purchasable","20":"product-type-variable"},"acf":[],"yoast_head":"<!-- This site is optimized with the Yoast SEO plugin v27.3 - https:\/\/yoast.com\/product\/yoast-seo-wordpress\/ -->\n<title>Trapstar Charge It Hoodie Black - SHEZAMME<\/title>\n<meta name=\"description\" content=\"Trapstar Charge It Hoodie Black | Luksusowe i autentyczne przedmioty w jednym miejscu. B\u0105d\u017a na bie\u017c\u0105co i sprawd\u017a nasz\u0105 ofert\u0119 ju\u017c teraz\" \/>\n<meta name=\"robots\" content=\"index, follow, max-snippet:-1, max-image-preview:large, max-video-preview:-1\" \/>\n<link rel=\"canonical\" href=\"https:\/\/shezamme.com\/en\/sklep\/sweatshirts-2\/all-sweatshirts\/trapstar-charge-it-hoodie-black\/\" \/>\n<meta property=\"og:locale\" content=\"en_US\" \/>\n<meta property=\"og:type\" content=\"article\" \/>\n<meta property=\"og:title\" content=\"Trapstar Charge It Hoodie Black - SHEZAMME\" \/>\n<meta property=\"og:description\" content=\"Trapstar Charge It Hoodie Black | Luksusowe i autentyczne przedmioty w jednym miejscu. B\u0105d\u017a na bie\u017c\u0105co i sprawd\u017a nasz\u0105 ofert\u0119 ju\u017c teraz\" \/>\n<meta property=\"og:url\" content=\"https:\/\/shezamme.com\/en\/sklep\/sweatshirts-2\/all-sweatshirts\/trapstar-charge-it-hoodie-black\/\" \/>\n<meta property=\"og:site_name\" content=\"SHEZAMME - Yeezy, Jordan, Supreme i inne oryginalne rzeczy\" \/>\n<meta property=\"article:publisher\" content=\"https:\/\/www.facebook.com\/SHEZAMME\/\" \/>\n<meta property=\"article:modified_time\" content=\"2026-01-13T17:50:01+00:00\" \/>\n<meta property=\"og:image\" content=\"https:\/\/shezamme.com\/wp-content\/uploads\/2024\/08\/Credit-hood-black-back_trapstar.webp\" \/>\n\t<meta property=\"og:image:width\" content=\"540\" \/>\n\t<meta property=\"og:image:height\" content=\"673\" \/>\n\t<meta property=\"og:image:type\" content=\"image\/webp\" \/>\n<meta name=\"twitter:card\" content=\"summary_large_image\" \/>\n<meta name=\"twitter:site\" content=\"@SHEZAMME\" \/>\n<meta name=\"twitter:label1\" content=\"Est. reading time\" \/>\n\t<meta name=\"twitter:data1\" content=\"1 minute\" \/>\n<script type=\"application\/ld+json\" class=\"yoast-schema-graph\">{\"@context\":\"https:\\\/\\\/schema.org\",\"@graph\":[{\"@type\":\"WebPage\",\"@id\":\"https:\\\/\\\/shezamme.com\\\/sklep\\\/bluzy\\\/wszystkie-bluzy\\\/trapstar-charge-it-hoodie-black\\\/\",\"url\":\"https:\\\/\\\/shezamme.com\\\/sklep\\\/bluzy\\\/wszystkie-bluzy\\\/trapstar-charge-it-hoodie-black\\\/\",\"name\":\"Trapstar Charge It Hoodie Black - SHEZAMME\",\"isPartOf\":{\"@id\":\"https:\\\/\\\/shezamme.com\\\/#website\"},\"primaryImageOfPage\":{\"@id\":\"https:\\\/\\\/shezamme.com\\\/sklep\\\/bluzy\\\/wszystkie-bluzy\\\/trapstar-charge-it-hoodie-black\\\/#primaryimage\"},\"image\":{\"@id\":\"https:\\\/\\\/shezamme.com\\\/sklep\\\/bluzy\\\/wszystkie-bluzy\\\/trapstar-charge-it-hoodie-black\\\/#primaryimage\"},\"thumbnailUrl\":\"https:\\\/\\\/shezamme.com\\\/wp-content\\\/uploads\\\/2024\\\/08\\\/Credit-hood-black-back_trapstar.webp\",\"datePublished\":\"2024-09-03T08:50:14+00:00\",\"dateModified\":\"2026-01-13T17:50:01+00:00\",\"description\":\"Trapstar Charge It Hoodie Black | Luksusowe i autentyczne przedmioty w jednym miejscu. B\u0105d\u017a na bie\u017c\u0105co i sprawd\u017a nasz\u0105 ofert\u0119 ju\u017c teraz\",\"breadcrumb\":{\"@id\":\"https:\\\/\\\/shezamme.com\\\/sklep\\\/bluzy\\\/wszystkie-bluzy\\\/trapstar-charge-it-hoodie-black\\\/#breadcrumb\"},\"inLanguage\":\"en-US\",\"potentialAction\":[{\"@type\":\"ReadAction\",\"target\":[\"https:\\\/\\\/shezamme.com\\\/sklep\\\/bluzy\\\/wszystkie-bluzy\\\/trapstar-charge-it-hoodie-black\\\/\"]}]},{\"@type\":\"ImageObject\",\"inLanguage\":\"en-US\",\"@id\":\"https:\\\/\\\/shezamme.com\\\/sklep\\\/bluzy\\\/wszystkie-bluzy\\\/trapstar-charge-it-hoodie-black\\\/#primaryimage\",\"url\":\"https:\\\/\\\/shezamme.com\\\/wp-content\\\/uploads\\\/2024\\\/08\\\/Credit-hood-black-back_trapstar.webp\",\"contentUrl\":\"https:\\\/\\\/shezamme.com\\\/wp-content\\\/uploads\\\/2024\\\/08\\\/Credit-hood-black-back_trapstar.webp\",\"width\":540,\"height\":673},{\"@type\":\"BreadcrumbList\",\"@id\":\"https:\\\/\\\/shezamme.com\\\/sklep\\\/bluzy\\\/wszystkie-bluzy\\\/trapstar-charge-it-hoodie-black\\\/#breadcrumb\",\"itemListElement\":[{\"@type\":\"ListItem\",\"position\":1,\"name\":\"Strona g\u0142\u00f3wna\",\"item\":\"https:\\\/\\\/shezamme.com\\\/\"},{\"@type\":\"ListItem\",\"position\":2,\"name\":\"Sklep\",\"item\":\"https:\\\/\\\/shezamme.com\\\/en\\\/sklep\\\/\"},{\"@type\":\"ListItem\",\"position\":3,\"name\":\"Trapstar Charge It Hoodie Black\"}]},{\"@type\":\"WebSite\",\"@id\":\"https:\\\/\\\/shezamme.com\\\/#website\",\"url\":\"https:\\\/\\\/shezamme.com\\\/\",\"name\":\"SHEZAMME - Sneakersy, Streetwear i luksusowe marki\",\"description\":\"Oryginalne i ekskluzywne przedmioty w jednym miejscu. Sprawd\u017a nasze produkty ju\u017c teraz i b\u0105d\u017a na bie\u017c\u0105co z wszystkimi premierami.\",\"publisher\":{\"@id\":\"https:\\\/\\\/shezamme.com\\\/#organization\"},\"potentialAction\":[{\"@type\":\"SearchAction\",\"target\":{\"@type\":\"EntryPoint\",\"urlTemplate\":\"https:\\\/\\\/shezamme.com\\\/?s={search_term_string}\"},\"query-input\":{\"@type\":\"PropertyValueSpecification\",\"valueRequired\":true,\"valueName\":\"search_term_string\"}}],\"inLanguage\":\"en-US\"},{\"@type\":\"Organization\",\"@id\":\"https:\\\/\\\/shezamme.com\\\/#organization\",\"name\":\"SHEZAMME - Sneakersy, Streetwear i luksusowe marki\",\"url\":\"https:\\\/\\\/shezamme.com\\\/\",\"logo\":{\"@type\":\"ImageObject\",\"inLanguage\":\"en-US\",\"@id\":\"https:\\\/\\\/shezamme.com\\\/#\\\/schema\\\/logo\\\/image\\\/\",\"url\":\"https:\\\/\\\/shezamme.com\\\/wp-content\\\/uploads\\\/2023\\\/02\\\/0x0.png\",\"contentUrl\":\"https:\\\/\\\/shezamme.com\\\/wp-content\\\/uploads\\\/2023\\\/02\\\/0x0.png\",\"width\":2000,\"height\":2000,\"caption\":\"SHEZAMME - Sneakersy, Streetwear i luksusowe marki\"},\"image\":{\"@id\":\"https:\\\/\\\/shezamme.com\\\/#\\\/schema\\\/logo\\\/image\\\/\"},\"sameAs\":[\"https:\\\/\\\/www.facebook.com\\\/SHEZAMME\\\/\",\"https:\\\/\\\/x.com\\\/SHEZAMME\",\"https:\\\/\\\/www.instagram.com\\\/shezamme\\\/\",\"https:\\\/\\\/www.youtube.com\\\/channel\\\/UCsTJxi_9fODHdO_1bmJbqvQ\",\"https:\\\/\\\/www.tiktok.com\\\/shezamme.com\"]}]}<\/script>\n<!-- \/ Yoast SEO plugin. -->","yoast_head_json":{"title":"Trapstar Charge It Hoodie Black - SHEZAMME","description":"Trapstar Charge It Hoodie Black | Luksusowe i autentyczne przedmioty w jednym miejscu. B\u0105d\u017a na bie\u017c\u0105co i sprawd\u017a nasz\u0105 ofert\u0119 ju\u017c teraz","robots":{"index":"index","follow":"follow","max-snippet":"max-snippet:-1","max-image-preview":"max-image-preview:large","max-video-preview":"max-video-preview:-1"},"canonical":"https:\/\/shezamme.com\/en\/sklep\/sweatshirts-2\/all-sweatshirts\/trapstar-charge-it-hoodie-black\/","og_locale":"en_US","og_type":"article","og_title":"Trapstar Charge It Hoodie Black - SHEZAMME","og_description":"Trapstar Charge It Hoodie Black | Luksusowe i autentyczne przedmioty w jednym miejscu. B\u0105d\u017a na bie\u017c\u0105co i sprawd\u017a nasz\u0105 ofert\u0119 ju\u017c teraz","og_url":"https:\/\/shezamme.com\/en\/sklep\/sweatshirts-2\/all-sweatshirts\/trapstar-charge-it-hoodie-black\/","og_site_name":"SHEZAMME - Yeezy, Jordan, Supreme i inne oryginalne rzeczy","article_publisher":"https:\/\/www.facebook.com\/SHEZAMME\/","article_modified_time":"2026-01-13T17:50:01+00:00","og_image":[{"width":540,"height":673,"url":"https:\/\/shezamme.com\/wp-content\/uploads\/2024\/08\/Credit-hood-black-back_trapstar.webp","type":"image\/webp"}],"twitter_card":"summary_large_image","twitter_site":"@SHEZAMME","twitter_misc":{"Est. reading time":"1 minute"},"schema":{"@context":"https:\/\/schema.org","@graph":[{"@type":"WebPage","@id":"https:\/\/shezamme.com\/sklep\/bluzy\/wszystkie-bluzy\/trapstar-charge-it-hoodie-black\/","url":"https:\/\/shezamme.com\/sklep\/bluzy\/wszystkie-bluzy\/trapstar-charge-it-hoodie-black\/","name":"Trapstar Charge It Hoodie Black - SHEZAMME","isPartOf":{"@id":"https:\/\/shezamme.com\/#website"},"primaryImageOfPage":{"@id":"https:\/\/shezamme.com\/sklep\/bluzy\/wszystkie-bluzy\/trapstar-charge-it-hoodie-black\/#primaryimage"},"image":{"@id":"https:\/\/shezamme.com\/sklep\/bluzy\/wszystkie-bluzy\/trapstar-charge-it-hoodie-black\/#primaryimage"},"thumbnailUrl":"https:\/\/shezamme.com\/wp-content\/uploads\/2024\/08\/Credit-hood-black-back_trapstar.webp","datePublished":"2024-09-03T08:50:14+00:00","dateModified":"2026-01-13T17:50:01+00:00","description":"Trapstar Charge It Hoodie Black | Luksusowe i autentyczne przedmioty w jednym miejscu. B\u0105d\u017a na bie\u017c\u0105co i sprawd\u017a nasz\u0105 ofert\u0119 ju\u017c teraz","breadcrumb":{"@id":"https:\/\/shezamme.com\/sklep\/bluzy\/wszystkie-bluzy\/trapstar-charge-it-hoodie-black\/#breadcrumb"},"inLanguage":"en-US","potentialAction":[{"@type":"ReadAction","target":["https:\/\/shezamme.com\/sklep\/bluzy\/wszystkie-bluzy\/trapstar-charge-it-hoodie-black\/"]}]},{"@type":"ImageObject","inLanguage":"en-US","@id":"https:\/\/shezamme.com\/sklep\/bluzy\/wszystkie-bluzy\/trapstar-charge-it-hoodie-black\/#primaryimage","url":"https:\/\/shezamme.com\/wp-content\/uploads\/2024\/08\/Credit-hood-black-back_trapstar.webp","contentUrl":"https:\/\/shezamme.com\/wp-content\/uploads\/2024\/08\/Credit-hood-black-back_trapstar.webp","width":540,"height":673},{"@type":"BreadcrumbList","@id":"https:\/\/shezamme.com\/sklep\/bluzy\/wszystkie-bluzy\/trapstar-charge-it-hoodie-black\/#breadcrumb","itemListElement":[{"@type":"ListItem","position":1,"name":"Strona g\u0142\u00f3wna","item":"https:\/\/shezamme.com\/"},{"@type":"ListItem","position":2,"name":"Sklep","item":"https:\/\/shezamme.com\/en\/sklep\/"},{"@type":"ListItem","position":3,"name":"Trapstar Charge It Hoodie Black"}]},{"@type":"WebSite","@id":"https:\/\/shezamme.com\/#website","url":"https:\/\/shezamme.com\/","name":"SHEZAMME - Sneakers, Streetwear and luxury brands","description":"Original and exclusive items in one place. Check out our products now and stay up to date with all launches.","publisher":{"@id":"https:\/\/shezamme.com\/#organization"},"potentialAction":[{"@type":"SearchAction","target":{"@type":"EntryPoint","urlTemplate":"https:\/\/shezamme.com\/?s={search_term_string}"},"query-input":{"@type":"PropertyValueSpecification","valueRequired":true,"valueName":"search_term_string"}}],"inLanguage":"en-US"},{"@type":"Organization","@id":"https:\/\/shezamme.com\/#organization","name":"SHEZAMME - Sneakers, Streetwear and luxury brands","url":"https:\/\/shezamme.com\/","logo":{"@type":"ImageObject","inLanguage":"en-US","@id":"https:\/\/shezamme.com\/#\/schema\/logo\/image\/","url":"https:\/\/shezamme.com\/wp-content\/uploads\/2023\/02\/0x0.png","contentUrl":"https:\/\/shezamme.com\/wp-content\/uploads\/2023\/02\/0x0.png","width":2000,"height":2000,"caption":"SHEZAMME - Sneakersy, Streetwear i luksusowe marki"},"image":{"@id":"https:\/\/shezamme.com\/#\/schema\/logo\/image\/"},"sameAs":["https:\/\/www.facebook.com\/SHEZAMME\/","https:\/\/x.com\/SHEZAMME","https:\/\/www.instagram.com\/shezamme\/","https:\/\/www.youtube.com\/channel\/UCsTJxi_9fODHdO_1bmJbqvQ","https:\/\/www.tiktok.com\/shezamme.com"]}]}},"brands":[{"id":777,"name":"Trapstar","slug":"trapstar"}],"_links":{"self":[{"href":"https:\/\/shezamme.com\/en\/wp-json\/wp\/v2\/product\/84694","targetHints":{"allow":["GET"]}}],"collection":[{"href":"https:\/\/shezamme.com\/en\/wp-json\/wp\/v2\/product"}],"about":[{"href":"https:\/\/shezamme.com\/en\/wp-json\/wp\/v2\/types\/product"}],"wp:featuredmedia":[{"embeddable":true,"href":"https:\/\/shezamme.com\/en\/wp-json\/wp\/v2\/media\/84695"}],"wp:attachment":[{"href":"https:\/\/shezamme.com\/en\/wp-json\/wp\/v2\/media?parent=84694"}],"wp:term":[{"taxonomy":"pwb-brand","embeddable":true,"href":"https:\/\/shezamme.com\/en\/wp-json\/wp\/v2\/pwb-brand?post=84694"},{"taxonomy":"product_brand","embeddable":true,"href":"https:\/\/shezamme.com\/en\/wp-json\/wp\/v2\/product_brand?post=84694"},{"taxonomy":"product_cat","embeddable":true,"href":"https:\/\/shezamme.com\/en\/wp-json\/wp\/v2\/product_cat?post=84694"},{"taxonomy":"product_tag","embeddable":true,"href":"https:\/\/shezamme.com\/en\/wp-json\/wp\/v2\/product_tag?post=84694"}],"curies":[{"name":"wp","href":"https:\/\/api.w.org\/{rel}","templated":true}]}}