{"id":83933,"date":"2024-09-02T15:23:56","date_gmt":"2024-09-02T13:23:56","guid":{"rendered":"https:\/\/shezamme.com\/?post_type=product&#038;p=83933"},"modified":"2025-09-25T07:55:57","modified_gmt":"2025-09-25T05:55:57","slug":"ugg-tasman-slipper-chestnut-womens","status":"publish","type":"product","link":"https:\/\/shezamme.com\/en\/sklep\/buty\/inne\/ugg\/ugg-tasman\/ugg-tasman-slipper-chestnut-womens\/","title":{"rendered":"UGG Tasman Slipper Chestnut (Women&#8217;s)"},"content":{"rendered":"<div class=\"flex-shrink-0 flex flex-col relative items-end\">\n<div>\n<div class=\"pt-0\">\n<div class=\"gizmo-shadow-stroke flex h-8 w-8 items-center justify-center overflow-hidden rounded-full\">\n<div class=\"h-full w-full\">\n<h2 class=\"gizmo-shadow-stroke overflow-hidden rounded-full\"><span style=\"font-size: 28px\">Klasyczny styl i wygoda na ka\u017cd\u0105 okazj\u0119<\/span><\/h2>\n<\/div>\n<\/div>\n<\/div>\n<\/div>\n<\/div>\n<div class=\"group\/conversation-turn relative flex w-full min-w-0 flex-col agent-turn\">\n<div class=\"flex-col gap-1 md:gap-3\">\n<div class=\"flex max-w-full flex-col flex-grow\">\n<div class=\"min-h-8 text-message flex w-full flex-col items-end gap-2 whitespace-normal break-words text-start [.text-message+&amp;]:mt-5\" dir=\"auto\" data-message-author-role=\"assistant\" data-message-id=\"6a67e6d0-0076-4b52-8572-580c6b8fcfa3\" data-message-model-slug=\"gpt-4o\">\n<div class=\"flex w-full flex-col gap-1 empty:hidden first:pt-[3px]\">\n<div class=\"markdown prose w-full break-words dark:prose-invert light\">\n<p><strong>UGG Tasman Slipper Chestnut (Women&#8217;s)<\/strong> to kultowy model kapci, kt\u00f3ry \u0142\u0105czy casualowy styl z maksymalnym komfortem. Cholewka wykonana z najwy\u017cszej jako\u015bci kasztanowego zamszu nadaje im elegancki wygl\u0105d, a charakterystyczny haft Tasman wok\u00f3\u0142 ko\u0142nierza podkre\u015bla unikalny design marki UGG.<\/p>\n<p>Wn\u0119trze wy\u015bcie\u0142ane mi\u0119kk\u0105 we\u0142n\u0105 owcz\u0105 <strong>UGGpure\u2122<\/strong> zapewnia ciep\u0142o i przyjemne dopasowanie, dzi\u0119ki czemu kapcie mo\u017cna nosi\u0107 zar\u00f3wno na boso, jak i ze skarpetami. Naturalne w\u0142a\u015bciwo\u015bci we\u0142ny pozwalaj\u0105 na komfortowe u\u017cytkowanie przez ca\u0142y rok.<\/p>\n<h2>Funkcjonalno\u015b\u0107 i trwa\u0142o\u015b\u0107 na co dzie\u0144<\/h2>\n<p>Dzi\u0119ki lekkiej i elastycznej podeszwie z pianki EVA, model <strong>Tasman Slipper Chestnut<\/strong> sprawdza si\u0119 zar\u00f3wno w domu, jak i na zewn\u0105trz. Podeszwa amortyzuje ka\u017cdy krok, zapewniaj\u0105c wygod\u0119 podczas codziennego u\u017cytkowania.<\/p>\n<p>To doskona\u0142y wyb\u00f3r dla os\u00f3b ceni\u0105cych po\u0142\u0105czenie stylowego wygl\u0105du z praktyczno\u015bci\u0105 \u2013 kapcie s\u0105 idealne do relaksu w domu, a jednocze\u015bnie na tyle trwa\u0142e, by swobodnie wyj\u015b\u0107 w nich na szybkie zakupy czy spacer.<\/p>\n<\/div>\n<\/div>\n<\/div>\n<\/div>\n<\/div>\n<\/div>\n","protected":false},"excerpt":{"rendered":"<h2>Klasyczny design i wyj\u0105tkowy komfort<\/h2>\n<p><strong>UGG Tasman Slipper Chestnut (Women&#8217;s)<\/strong> to kapcie o ponadczasowym stylu, wykonane z mi\u0119kkiego kasztanowego zamszu i wy\u015bcie\u0142ane ciep\u0142\u0105 we\u0142n\u0105 <strong>UGGpure\u2122<\/strong>. Charakterystyczny haft Tasman dodaje im unikalnego wygl\u0105du.<\/p>\n<h2>Wszechstronne i trwa\u0142e<\/h2>\n<p>Lekka podeszwa z pianki EVA zapewnia wygod\u0119 i amortyzacj\u0119, dzi\u0119ki czemu sprawdz\u0105 si\u0119 zar\u00f3wno w domu, jak i na zewn\u0105trz. Idealne na ka\u017cd\u0105 por\u0119 roku, \u0142\u0105cz\u0105 funkcjonalno\u015b\u0107 z charakterystycznym stylem UGG.<\/p>","protected":false},"featured_media":83934,"template":"","meta":{"_acf_changed":false},"pwb-brand":[822],"product_brand":[],"product_cat":[16,808,1171],"product_tag":[1008,1009],"class_list":{"0":"post-83933","1":"product","2":"type-product","3":"status-publish","4":"has-post-thumbnail","6":"pwb-brand-ugg","7":"product_cat-buty","8":"product_cat-ugg","9":"product_cat-ugg-tasman","10":"product_tag-kobieta","11":"product_tag-mezczyzna","13":"first","14":"instock","15":"taxable","16":"shipping-taxable","17":"purchasable","18":"product-type-variable"},"acf":[],"yoast_head":"<!-- This site is optimized with the Yoast SEO plugin v27.2 - https:\/\/yoast.com\/product\/yoast-seo-wordpress\/ -->\n<title>UGG Tasman Slipper Chestnut (Women&#039;s) - SHEZAMME<\/title>\n<meta name=\"description\" content=\"UGG Tasman Slipper Chestnut (Women&#039;s) | Luksusowe i autentyczne przedmioty w jednym miejscu. B\u0105d\u017a na bie\u017c\u0105co i sprawd\u017a nasz\u0105 ofert\u0119 ju\u017c teraz\" \/>\n<meta name=\"robots\" content=\"index, follow, max-snippet:-1, max-image-preview:large, max-video-preview:-1\" \/>\n<link rel=\"canonical\" href=\"https:\/\/shezamme.com\/en\/sklep\/sneakers-2\/others\/ugg\/ugg-tasman\/ugg-tasman-slipper-chestnut-womens\/\" \/>\n<meta property=\"og:locale\" content=\"en_US\" \/>\n<meta property=\"og:type\" content=\"article\" \/>\n<meta property=\"og:title\" content=\"UGG Tasman Slipper Chestnut (Women&#039;s) - SHEZAMME\" \/>\n<meta property=\"og:description\" content=\"UGG Tasman Slipper Chestnut (Women&#039;s) | Luksusowe i autentyczne przedmioty w jednym miejscu. B\u0105d\u017a na bie\u017c\u0105co i sprawd\u017a nasz\u0105 ofert\u0119 ju\u017c teraz\" \/>\n<meta property=\"og:url\" content=\"https:\/\/shezamme.com\/en\/sklep\/sneakers-2\/others\/ugg\/ugg-tasman\/ugg-tasman-slipper-chestnut-womens\/\" \/>\n<meta property=\"og:site_name\" content=\"SHEZAMME - Yeezy, Jordan, Supreme i inne oryginalne rzeczy\" \/>\n<meta property=\"article:publisher\" content=\"https:\/\/www.facebook.com\/SHEZAMME\/\" \/>\n<meta property=\"article:modified_time\" content=\"2025-09-25T05:55:57+00:00\" \/>\n<meta property=\"og:image\" content=\"https:\/\/shezamme.com\/wp-content\/uploads\/2024\/08\/UGG-Tasman-Slipper-Chestnut-W.webp\" \/>\n\t<meta property=\"og:image:width\" content=\"1400\" \/>\n\t<meta property=\"og:image:height\" content=\"1000\" \/>\n\t<meta property=\"og:image:type\" content=\"image\/webp\" \/>\n<meta name=\"twitter:card\" content=\"summary_large_image\" \/>\n<meta name=\"twitter:site\" content=\"@SHEZAMME\" \/>\n<meta name=\"twitter:label1\" content=\"Est. reading time\" \/>\n\t<meta name=\"twitter:data1\" content=\"1 minute\" \/>\n<script type=\"application\/ld+json\" class=\"yoast-schema-graph\">{\"@context\":\"https:\/\/schema.org\",\"@graph\":[{\"@type\":\"WebPage\",\"@id\":\"https:\/\/shezamme.com\/sklep\/buty\/inne\/ugg\/ugg-tasman\/ugg-tasman-slipper-chestnut-womens\/\",\"url\":\"https:\/\/shezamme.com\/sklep\/buty\/inne\/ugg\/ugg-tasman\/ugg-tasman-slipper-chestnut-womens\/\",\"name\":\"UGG Tasman Slipper Chestnut (Women's) - SHEZAMME\",\"isPartOf\":{\"@id\":\"https:\/\/shezamme.com\/#website\"},\"primaryImageOfPage\":{\"@id\":\"https:\/\/shezamme.com\/sklep\/buty\/inne\/ugg\/ugg-tasman\/ugg-tasman-slipper-chestnut-womens\/#primaryimage\"},\"image\":{\"@id\":\"https:\/\/shezamme.com\/sklep\/buty\/inne\/ugg\/ugg-tasman\/ugg-tasman-slipper-chestnut-womens\/#primaryimage\"},\"thumbnailUrl\":\"https:\/\/shezamme.com\/wp-content\/uploads\/2024\/08\/UGG-Tasman-Slipper-Chestnut-W.webp\",\"datePublished\":\"2024-09-02T13:23:56+00:00\",\"dateModified\":\"2025-09-25T05:55:57+00:00\",\"description\":\"UGG Tasman Slipper Chestnut (Women's) | Luksusowe i autentyczne przedmioty w jednym miejscu. B\u0105d\u017a na bie\u017c\u0105co i sprawd\u017a nasz\u0105 ofert\u0119 ju\u017c teraz\",\"breadcrumb\":{\"@id\":\"https:\/\/shezamme.com\/sklep\/buty\/inne\/ugg\/ugg-tasman\/ugg-tasman-slipper-chestnut-womens\/#breadcrumb\"},\"inLanguage\":\"en-US\",\"potentialAction\":[{\"@type\":\"ReadAction\",\"target\":[\"https:\/\/shezamme.com\/sklep\/buty\/inne\/ugg\/ugg-tasman\/ugg-tasman-slipper-chestnut-womens\/\"]}]},{\"@type\":\"ImageObject\",\"inLanguage\":\"en-US\",\"@id\":\"https:\/\/shezamme.com\/sklep\/buty\/inne\/ugg\/ugg-tasman\/ugg-tasman-slipper-chestnut-womens\/#primaryimage\",\"url\":\"https:\/\/shezamme.com\/wp-content\/uploads\/2024\/08\/UGG-Tasman-Slipper-Chestnut-W.webp\",\"contentUrl\":\"https:\/\/shezamme.com\/wp-content\/uploads\/2024\/08\/UGG-Tasman-Slipper-Chestnut-W.webp\",\"width\":1400,\"height\":1000,\"caption\":\"UGG Tasman Slipper Chestnut (Women's)\"},{\"@type\":\"BreadcrumbList\",\"@id\":\"https:\/\/shezamme.com\/sklep\/buty\/inne\/ugg\/ugg-tasman\/ugg-tasman-slipper-chestnut-womens\/#breadcrumb\",\"itemListElement\":[{\"@type\":\"ListItem\",\"position\":1,\"name\":\"Strona g\u0142\u00f3wna\",\"item\":\"https:\/\/shezamme.com\/\"},{\"@type\":\"ListItem\",\"position\":2,\"name\":\"Sklep\",\"item\":\"https:\/\/shezamme.com\/sklep\/\"},{\"@type\":\"ListItem\",\"position\":3,\"name\":\"UGG Tasman Slipper Chestnut (Women&#8217;s)\"}]},{\"@type\":\"WebSite\",\"@id\":\"https:\/\/shezamme.com\/#website\",\"url\":\"https:\/\/shezamme.com\/\",\"name\":\"SHEZAMME - Sneakersy, Streetwear i luksusowe marki\",\"description\":\"Oryginalne i ekskluzywne przedmioty w jednym miejscu. Sprawd\u017a nasze produkty ju\u017c teraz i b\u0105d\u017a na bie\u017c\u0105co z wszystkimi premierami.\",\"publisher\":{\"@id\":\"https:\/\/shezamme.com\/#organization\"},\"potentialAction\":[{\"@type\":\"SearchAction\",\"target\":{\"@type\":\"EntryPoint\",\"urlTemplate\":\"https:\/\/shezamme.com\/?s={search_term_string}\"},\"query-input\":{\"@type\":\"PropertyValueSpecification\",\"valueRequired\":true,\"valueName\":\"search_term_string\"}}],\"inLanguage\":\"en-US\"},{\"@type\":\"Organization\",\"@id\":\"https:\/\/shezamme.com\/#organization\",\"name\":\"SHEZAMME - Sneakersy, Streetwear i luksusowe marki\",\"url\":\"https:\/\/shezamme.com\/\",\"logo\":{\"@type\":\"ImageObject\",\"inLanguage\":\"en-US\",\"@id\":\"https:\/\/shezamme.com\/#\/schema\/logo\/image\/\",\"url\":\"https:\/\/shezamme.com\/wp-content\/uploads\/2023\/02\/0x0.png\",\"contentUrl\":\"https:\/\/shezamme.com\/wp-content\/uploads\/2023\/02\/0x0.png\",\"width\":2000,\"height\":2000,\"caption\":\"SHEZAMME - Sneakersy, Streetwear i luksusowe marki\"},\"image\":{\"@id\":\"https:\/\/shezamme.com\/#\/schema\/logo\/image\/\"},\"sameAs\":[\"https:\/\/www.facebook.com\/SHEZAMME\/\",\"https:\/\/x.com\/SHEZAMME\",\"https:\/\/www.instagram.com\/shezamme\/\",\"https:\/\/www.youtube.com\/channel\/UCsTJxi_9fODHdO_1bmJbqvQ\",\"https:\/\/www.tiktok.com\/shezamme.com\"]}]}<\/script>\n<!-- \/ Yoast SEO plugin. -->","yoast_head_json":{"title":"UGG Tasman Slipper Chestnut (Women's) - SHEZAMME","description":"UGG Tasman Slipper Chestnut (Women's) | Luksusowe i autentyczne przedmioty w jednym miejscu. B\u0105d\u017a na bie\u017c\u0105co i sprawd\u017a nasz\u0105 ofert\u0119 ju\u017c teraz","robots":{"index":"index","follow":"follow","max-snippet":"max-snippet:-1","max-image-preview":"max-image-preview:large","max-video-preview":"max-video-preview:-1"},"canonical":"https:\/\/shezamme.com\/en\/sklep\/sneakers-2\/others\/ugg\/ugg-tasman\/ugg-tasman-slipper-chestnut-womens\/","og_locale":"en_US","og_type":"article","og_title":"UGG Tasman Slipper Chestnut (Women's) - SHEZAMME","og_description":"UGG Tasman Slipper Chestnut (Women's) | Luksusowe i autentyczne przedmioty w jednym miejscu. B\u0105d\u017a na bie\u017c\u0105co i sprawd\u017a nasz\u0105 ofert\u0119 ju\u017c teraz","og_url":"https:\/\/shezamme.com\/en\/sklep\/sneakers-2\/others\/ugg\/ugg-tasman\/ugg-tasman-slipper-chestnut-womens\/","og_site_name":"SHEZAMME - Yeezy, Jordan, Supreme i inne oryginalne rzeczy","article_publisher":"https:\/\/www.facebook.com\/SHEZAMME\/","article_modified_time":"2025-09-25T05:55:57+00:00","og_image":[{"width":1400,"height":1000,"url":"https:\/\/shezamme.com\/wp-content\/uploads\/2024\/08\/UGG-Tasman-Slipper-Chestnut-W.webp","type":"image\/webp"}],"twitter_card":"summary_large_image","twitter_site":"@SHEZAMME","twitter_misc":{"Est. reading time":"1 minute"},"schema":{"@context":"https:\/\/schema.org","@graph":[{"@type":"WebPage","@id":"https:\/\/shezamme.com\/sklep\/buty\/inne\/ugg\/ugg-tasman\/ugg-tasman-slipper-chestnut-womens\/","url":"https:\/\/shezamme.com\/sklep\/buty\/inne\/ugg\/ugg-tasman\/ugg-tasman-slipper-chestnut-womens\/","name":"UGG Tasman Slipper Chestnut (Women's) - SHEZAMME","isPartOf":{"@id":"https:\/\/shezamme.com\/#website"},"primaryImageOfPage":{"@id":"https:\/\/shezamme.com\/sklep\/buty\/inne\/ugg\/ugg-tasman\/ugg-tasman-slipper-chestnut-womens\/#primaryimage"},"image":{"@id":"https:\/\/shezamme.com\/sklep\/buty\/inne\/ugg\/ugg-tasman\/ugg-tasman-slipper-chestnut-womens\/#primaryimage"},"thumbnailUrl":"https:\/\/shezamme.com\/wp-content\/uploads\/2024\/08\/UGG-Tasman-Slipper-Chestnut-W.webp","datePublished":"2024-09-02T13:23:56+00:00","dateModified":"2025-09-25T05:55:57+00:00","description":"UGG Tasman Slipper Chestnut (Women's) | Luksusowe i autentyczne przedmioty w jednym miejscu. B\u0105d\u017a na bie\u017c\u0105co i sprawd\u017a nasz\u0105 ofert\u0119 ju\u017c teraz","breadcrumb":{"@id":"https:\/\/shezamme.com\/sklep\/buty\/inne\/ugg\/ugg-tasman\/ugg-tasman-slipper-chestnut-womens\/#breadcrumb"},"inLanguage":"en-US","potentialAction":[{"@type":"ReadAction","target":["https:\/\/shezamme.com\/sklep\/buty\/inne\/ugg\/ugg-tasman\/ugg-tasman-slipper-chestnut-womens\/"]}]},{"@type":"ImageObject","inLanguage":"en-US","@id":"https:\/\/shezamme.com\/sklep\/buty\/inne\/ugg\/ugg-tasman\/ugg-tasman-slipper-chestnut-womens\/#primaryimage","url":"https:\/\/shezamme.com\/wp-content\/uploads\/2024\/08\/UGG-Tasman-Slipper-Chestnut-W.webp","contentUrl":"https:\/\/shezamme.com\/wp-content\/uploads\/2024\/08\/UGG-Tasman-Slipper-Chestnut-W.webp","width":1400,"height":1000,"caption":"UGG Tasman Slipper Chestnut (Women's)"},{"@type":"BreadcrumbList","@id":"https:\/\/shezamme.com\/sklep\/buty\/inne\/ugg\/ugg-tasman\/ugg-tasman-slipper-chestnut-womens\/#breadcrumb","itemListElement":[{"@type":"ListItem","position":1,"name":"Strona g\u0142\u00f3wna","item":"https:\/\/shezamme.com\/"},{"@type":"ListItem","position":2,"name":"Sklep","item":"https:\/\/shezamme.com\/sklep\/"},{"@type":"ListItem","position":3,"name":"UGG Tasman Slipper Chestnut (Women&#8217;s)"}]},{"@type":"WebSite","@id":"https:\/\/shezamme.com\/#website","url":"https:\/\/shezamme.com\/","name":"SHEZAMME - Sneakers, Streetwear and luxury brands","description":"Original and exclusive items in one place. Check out our products now and stay up to date with all launches.","publisher":{"@id":"https:\/\/shezamme.com\/#organization"},"potentialAction":[{"@type":"SearchAction","target":{"@type":"EntryPoint","urlTemplate":"https:\/\/shezamme.com\/?s={search_term_string}"},"query-input":{"@type":"PropertyValueSpecification","valueRequired":true,"valueName":"search_term_string"}}],"inLanguage":"en-US"},{"@type":"Organization","@id":"https:\/\/shezamme.com\/#organization","name":"SHEZAMME - Sneakers, Streetwear and luxury brands","url":"https:\/\/shezamme.com\/","logo":{"@type":"ImageObject","inLanguage":"en-US","@id":"https:\/\/shezamme.com\/#\/schema\/logo\/image\/","url":"https:\/\/shezamme.com\/wp-content\/uploads\/2023\/02\/0x0.png","contentUrl":"https:\/\/shezamme.com\/wp-content\/uploads\/2023\/02\/0x0.png","width":2000,"height":2000,"caption":"SHEZAMME - Sneakersy, Streetwear i luksusowe marki"},"image":{"@id":"https:\/\/shezamme.com\/#\/schema\/logo\/image\/"},"sameAs":["https:\/\/www.facebook.com\/SHEZAMME\/","https:\/\/x.com\/SHEZAMME","https:\/\/www.instagram.com\/shezamme\/","https:\/\/www.youtube.com\/channel\/UCsTJxi_9fODHdO_1bmJbqvQ","https:\/\/www.tiktok.com\/shezamme.com"]}]}},"brands":[{"id":822,"name":"UGG","slug":"ugg"}],"_links":{"self":[{"href":"https:\/\/shezamme.com\/en\/wp-json\/wp\/v2\/product\/83933","targetHints":{"allow":["GET"]}}],"collection":[{"href":"https:\/\/shezamme.com\/en\/wp-json\/wp\/v2\/product"}],"about":[{"href":"https:\/\/shezamme.com\/en\/wp-json\/wp\/v2\/types\/product"}],"wp:featuredmedia":[{"embeddable":true,"href":"https:\/\/shezamme.com\/en\/wp-json\/wp\/v2\/media\/83934"}],"wp:attachment":[{"href":"https:\/\/shezamme.com\/en\/wp-json\/wp\/v2\/media?parent=83933"}],"wp:term":[{"taxonomy":"pwb-brand","embeddable":true,"href":"https:\/\/shezamme.com\/en\/wp-json\/wp\/v2\/pwb-brand?post=83933"},{"taxonomy":"product_brand","embeddable":true,"href":"https:\/\/shezamme.com\/en\/wp-json\/wp\/v2\/product_brand?post=83933"},{"taxonomy":"product_cat","embeddable":true,"href":"https:\/\/shezamme.com\/en\/wp-json\/wp\/v2\/product_cat?post=83933"},{"taxonomy":"product_tag","embeddable":true,"href":"https:\/\/shezamme.com\/en\/wp-json\/wp\/v2\/product_tag?post=83933"}],"curies":[{"name":"wp","href":"https:\/\/api.w.org\/{rel}","templated":true}]}}