{"id":83584,"date":"2024-09-02T15:23:52","date_gmt":"2024-09-02T13:23:52","guid":{"rendered":"https:\/\/shezamme.com\/?post_type=product&#038;p=83584"},"modified":"2025-09-25T07:54:47","modified_gmt":"2025-09-25T05:54:47","slug":"ugg-dakota-slipper-pewter-womens","status":"publish","type":"product","link":"https:\/\/shezamme.com\/en\/sklep\/buty\/inne\/ugg\/ugg-dakota-slipper-pewter-womens\/","title":{"rendered":"UGG Dakota Slipper Pewter (Women&#8217;s)"},"content":{"rendered":"<h2>Elegancja i wygoda w nowoczesnym stylu<\/h2>\n<p><strong>UGG Dakota Slipper Pewter<\/strong> to wszechstronne kapcie, kt\u00f3re \u0142\u0105cz\u0105 luksusowy wygl\u0105d z funkcjonalno\u015bci\u0105. Wykonane z wysokogatunkowego zamszu i wyko\u0144czone w odcieniu grafitowego szarego, kapcie te wyr\u00f3\u017cniaj\u0105 si\u0119 nowoczesnym, uniwersalnym designem. Dzi\u0119ki dekoracyjnemu sznurowaniu zyskuj\u0105 subtelny, kobiecy urok, kt\u00f3ry doskonale wpisuje si\u0119 w codzienne stylizacje. S\u0105 idealne zar\u00f3wno do noszenia w domu, jak i podczas kr\u00f3tkich wyj\u015b\u0107 na zewn\u0105trz, oferuj\u0105c niezr\u00f3wnany komfort i styl.<\/p>\n<h2>Komfort i trwa\u0142o\u015b\u0107 na co dzie\u0144<\/h2>\n<p>Podszewka z luksusowej we\u0142ny owczej UGGpure\u2122 zapewnia wyj\u0105tkowe ciep\u0142o, jednocze\u015bnie pozwalaj\u0105c stopom oddycha\u0107. Gumowa podeszwa gwarantuje przyczepno\u015b\u0107 i trwa\u0142o\u015b\u0107, umo\u017cliwiaj\u0105c wygodne noszenie kapci tak\u017ce na zewn\u0105trz. Wysoka jako\u015b\u0107 wykonania oraz neutralny odcie\u0144 Pewter sprawiaj\u0105, \u017ce <strong>UGG Dakota Slipper Pewter<\/strong> to niezast\u0105piony dodatek dla kobiet, kt\u00f3re ceni\u0105 praktyczno\u015b\u0107, komfort i styl w ka\u017cdej sytuacji.<\/p>","protected":false},"excerpt":{"rendered":"<div class=\"min-h-8 text-message flex w-full flex-col items-end gap-2 whitespace-normal break-words text-start [.text-message+&amp;]:mt-5\" dir=\"auto\" data-message-author-role=\"assistant\" data-message-id=\"bfabefe4-4513-4759-9098-b6b540bd6e97\" data-message-model-slug=\"gpt-4o\">\n<div class=\"flex w-full flex-col gap-1 empty:hidden first:pt-[3px]\">\n<div class=\"markdown prose w-full break-words dark:prose-invert light\">\n<h2>Stylowe kapcie na ka\u017cd\u0105 okazj\u0119<\/h2>\n<p><strong>UGG Dakota Slipper Pewter<\/strong> to eleganckie kapcie wykonane z mi\u0119kkiego zamszu, z ciep\u0142\u0105 we\u0142nian\u0105 podszewk\u0105 UGGpure\u2122 i gumow\u0105 podeszw\u0105. Grafitowy odcie\u0144 Pewter oraz dekoracyjne sznurowanie sprawiaj\u0105, \u017ce s\u0105 idealne do noszenia w domu i na zewn\u0105trz.<\/p>\n<\/div>\n<\/div>\n<\/div>\n<div class=\"min-h-8 text-message flex w-full flex-col items-end gap-2 whitespace-normal break-words text-start [.text-message+&amp;]:mt-5\" dir=\"auto\" data-message-author-role=\"assistant\" data-message-id=\"1702006f-5fb1-4f07-be9b-ce7e3a09ca68\" data-message-model-slug=\"gpt-4o\">\n<div class=\"flex w-full flex-col gap-1 empty:hidden first:pt-[3px]\">\n<div class=\"markdown prose w-full break-words dark:prose-invert light\">\n<h2>Komfort i styl w ka\u017cdej chwili<\/h2>\n<p><strong>UGG Dakota Slipper Pewter<\/strong> to kapcie z luksusowego zamszu w grafitowym odcieniu, wy\u015bcie\u0142ane mi\u0119kk\u0105 we\u0142n\u0105 UGGpure\u2122. Dzi\u0119ki gumowej podeszwie nadaj\u0105 si\u0119 zar\u00f3wno do domu, jak i na zewn\u0105trz, zapewniaj\u0105c ciep\u0142o i trwa\u0142o\u015b\u0107 w eleganckim stylu.<\/p>\n<\/div>\n<\/div>\n<\/div>\n","protected":false},"featured_media":83573,"template":"","meta":{"_acf_changed":false},"pwb-brand":[822],"product_brand":[],"product_cat":[16,808,171],"product_tag":[1008,1009],"class_list":{"0":"post-83584","1":"product","2":"type-product","3":"status-publish","4":"has-post-thumbnail","6":"pwb-brand-ugg","7":"product_cat-buty","8":"product_cat-ugg","9":"product_cat-inne","10":"product_tag-kobieta","11":"product_tag-mezczyzna","13":"first","14":"instock","15":"taxable","16":"shipping-taxable","17":"purchasable","18":"product-type-variable"},"acf":[],"yoast_head":"<!-- This site is optimized with the Yoast SEO plugin v27.2 - https:\/\/yoast.com\/product\/yoast-seo-wordpress\/ -->\n<title>UGG Dakota Slipper Pewter (Women&#039;s) - SHEZAMME<\/title>\n<meta name=\"description\" content=\"UGG Dakota Slipper Pewter (Women&#039;s) | Luksusowe i autentyczne przedmioty w jednym miejscu. B\u0105d\u017a na bie\u017c\u0105co i sprawd\u017a nasz\u0105 ofert\u0119 ju\u017c teraz\" \/>\n<meta name=\"robots\" content=\"index, follow, max-snippet:-1, max-image-preview:large, max-video-preview:-1\" \/>\n<link rel=\"canonical\" href=\"https:\/\/shezamme.com\/en\/sklep\/sneakers-2\/others\/ugg\/ugg-dakota-slipper-pewter-womens\/\" \/>\n<meta property=\"og:locale\" content=\"en_US\" \/>\n<meta property=\"og:type\" content=\"article\" \/>\n<meta property=\"og:title\" content=\"UGG Dakota Slipper Pewter (Women&#039;s) - SHEZAMME\" \/>\n<meta property=\"og:description\" content=\"UGG Dakota Slipper Pewter (Women&#039;s) | Luksusowe i autentyczne przedmioty w jednym miejscu. B\u0105d\u017a na bie\u017c\u0105co i sprawd\u017a nasz\u0105 ofert\u0119 ju\u017c teraz\" \/>\n<meta property=\"og:url\" content=\"https:\/\/shezamme.com\/en\/sklep\/sneakers-2\/others\/ugg\/ugg-dakota-slipper-pewter-womens\/\" \/>\n<meta property=\"og:site_name\" content=\"SHEZAMME - Yeezy, Jordan, Supreme i inne oryginalne rzeczy\" \/>\n<meta property=\"article:publisher\" content=\"https:\/\/www.facebook.com\/SHEZAMME\/\" \/>\n<meta property=\"article:modified_time\" content=\"2025-09-25T05:54:47+00:00\" \/>\n<meta property=\"og:image\" content=\"https:\/\/shezamme.com\/wp-content\/uploads\/2024\/08\/UGG-Dakota-Slipper-Pewter-Womens.webp\" \/>\n\t<meta property=\"og:image:width\" content=\"1400\" \/>\n\t<meta property=\"og:image:height\" content=\"1000\" \/>\n\t<meta property=\"og:image:type\" content=\"image\/webp\" \/>\n<meta name=\"twitter:card\" content=\"summary_large_image\" \/>\n<meta name=\"twitter:site\" content=\"@SHEZAMME\" \/>\n<meta name=\"twitter:label1\" content=\"Est. reading time\" \/>\n\t<meta name=\"twitter:data1\" content=\"1 minute\" \/>\n<script type=\"application\/ld+json\" class=\"yoast-schema-graph\">{\"@context\":\"https:\/\/schema.org\",\"@graph\":[{\"@type\":\"WebPage\",\"@id\":\"https:\/\/shezamme.com\/sklep\/buty\/inne\/ugg\/ugg-dakota-slipper-pewter-womens\/\",\"url\":\"https:\/\/shezamme.com\/sklep\/buty\/inne\/ugg\/ugg-dakota-slipper-pewter-womens\/\",\"name\":\"UGG Dakota Slipper Pewter (Women's) - SHEZAMME\",\"isPartOf\":{\"@id\":\"https:\/\/shezamme.com\/#website\"},\"primaryImageOfPage\":{\"@id\":\"https:\/\/shezamme.com\/sklep\/buty\/inne\/ugg\/ugg-dakota-slipper-pewter-womens\/#primaryimage\"},\"image\":{\"@id\":\"https:\/\/shezamme.com\/sklep\/buty\/inne\/ugg\/ugg-dakota-slipper-pewter-womens\/#primaryimage\"},\"thumbnailUrl\":\"https:\/\/shezamme.com\/wp-content\/uploads\/2024\/08\/UGG-Dakota-Slipper-Pewter-Womens.webp\",\"datePublished\":\"2024-09-02T13:23:52+00:00\",\"dateModified\":\"2025-09-25T05:54:47+00:00\",\"description\":\"UGG Dakota Slipper Pewter (Women's) | Luksusowe i autentyczne przedmioty w jednym miejscu. B\u0105d\u017a na bie\u017c\u0105co i sprawd\u017a nasz\u0105 ofert\u0119 ju\u017c teraz\",\"breadcrumb\":{\"@id\":\"https:\/\/shezamme.com\/sklep\/buty\/inne\/ugg\/ugg-dakota-slipper-pewter-womens\/#breadcrumb\"},\"inLanguage\":\"en-US\",\"potentialAction\":[{\"@type\":\"ReadAction\",\"target\":[\"https:\/\/shezamme.com\/sklep\/buty\/inne\/ugg\/ugg-dakota-slipper-pewter-womens\/\"]}]},{\"@type\":\"ImageObject\",\"inLanguage\":\"en-US\",\"@id\":\"https:\/\/shezamme.com\/sklep\/buty\/inne\/ugg\/ugg-dakota-slipper-pewter-womens\/#primaryimage\",\"url\":\"https:\/\/shezamme.com\/wp-content\/uploads\/2024\/08\/UGG-Dakota-Slipper-Pewter-Womens.webp\",\"contentUrl\":\"https:\/\/shezamme.com\/wp-content\/uploads\/2024\/08\/UGG-Dakota-Slipper-Pewter-Womens.webp\",\"width\":1400,\"height\":1000,\"caption\":\"UGG Dakota Slipper Pewter (Women's)\"},{\"@type\":\"BreadcrumbList\",\"@id\":\"https:\/\/shezamme.com\/sklep\/buty\/inne\/ugg\/ugg-dakota-slipper-pewter-womens\/#breadcrumb\",\"itemListElement\":[{\"@type\":\"ListItem\",\"position\":1,\"name\":\"Strona g\u0142\u00f3wna\",\"item\":\"https:\/\/shezamme.com\/\"},{\"@type\":\"ListItem\",\"position\":2,\"name\":\"Sklep\",\"item\":\"https:\/\/shezamme.com\/sklep\/\"},{\"@type\":\"ListItem\",\"position\":3,\"name\":\"UGG Dakota Slipper Pewter (Women&#8217;s)\"}]},{\"@type\":\"WebSite\",\"@id\":\"https:\/\/shezamme.com\/#website\",\"url\":\"https:\/\/shezamme.com\/\",\"name\":\"SHEZAMME - Sneakersy, Streetwear i luksusowe marki\",\"description\":\"Oryginalne i ekskluzywne przedmioty w jednym miejscu. Sprawd\u017a nasze produkty ju\u017c teraz i b\u0105d\u017a na bie\u017c\u0105co z wszystkimi premierami.\",\"publisher\":{\"@id\":\"https:\/\/shezamme.com\/#organization\"},\"potentialAction\":[{\"@type\":\"SearchAction\",\"target\":{\"@type\":\"EntryPoint\",\"urlTemplate\":\"https:\/\/shezamme.com\/?s={search_term_string}\"},\"query-input\":{\"@type\":\"PropertyValueSpecification\",\"valueRequired\":true,\"valueName\":\"search_term_string\"}}],\"inLanguage\":\"en-US\"},{\"@type\":\"Organization\",\"@id\":\"https:\/\/shezamme.com\/#organization\",\"name\":\"SHEZAMME - Sneakersy, Streetwear i luksusowe marki\",\"url\":\"https:\/\/shezamme.com\/\",\"logo\":{\"@type\":\"ImageObject\",\"inLanguage\":\"en-US\",\"@id\":\"https:\/\/shezamme.com\/#\/schema\/logo\/image\/\",\"url\":\"https:\/\/shezamme.com\/wp-content\/uploads\/2023\/02\/0x0.png\",\"contentUrl\":\"https:\/\/shezamme.com\/wp-content\/uploads\/2023\/02\/0x0.png\",\"width\":2000,\"height\":2000,\"caption\":\"SHEZAMME - Sneakersy, Streetwear i luksusowe marki\"},\"image\":{\"@id\":\"https:\/\/shezamme.com\/#\/schema\/logo\/image\/\"},\"sameAs\":[\"https:\/\/www.facebook.com\/SHEZAMME\/\",\"https:\/\/x.com\/SHEZAMME\",\"https:\/\/www.instagram.com\/shezamme\/\",\"https:\/\/www.youtube.com\/channel\/UCsTJxi_9fODHdO_1bmJbqvQ\",\"https:\/\/www.tiktok.com\/shezamme.com\"]}]}<\/script>\n<!-- \/ Yoast SEO plugin. -->","yoast_head_json":{"title":"UGG Dakota Slipper Pewter (Women's) - SHEZAMME","description":"UGG Dakota Slipper Pewter (Women's) | Luksusowe i autentyczne przedmioty w jednym miejscu. B\u0105d\u017a na bie\u017c\u0105co i sprawd\u017a nasz\u0105 ofert\u0119 ju\u017c teraz","robots":{"index":"index","follow":"follow","max-snippet":"max-snippet:-1","max-image-preview":"max-image-preview:large","max-video-preview":"max-video-preview:-1"},"canonical":"https:\/\/shezamme.com\/en\/sklep\/sneakers-2\/others\/ugg\/ugg-dakota-slipper-pewter-womens\/","og_locale":"en_US","og_type":"article","og_title":"UGG Dakota Slipper Pewter (Women's) - SHEZAMME","og_description":"UGG Dakota Slipper Pewter (Women's) | Luksusowe i autentyczne przedmioty w jednym miejscu. B\u0105d\u017a na bie\u017c\u0105co i sprawd\u017a nasz\u0105 ofert\u0119 ju\u017c teraz","og_url":"https:\/\/shezamme.com\/en\/sklep\/sneakers-2\/others\/ugg\/ugg-dakota-slipper-pewter-womens\/","og_site_name":"SHEZAMME - Yeezy, Jordan, Supreme i inne oryginalne rzeczy","article_publisher":"https:\/\/www.facebook.com\/SHEZAMME\/","article_modified_time":"2025-09-25T05:54:47+00:00","og_image":[{"width":1400,"height":1000,"url":"https:\/\/shezamme.com\/wp-content\/uploads\/2024\/08\/UGG-Dakota-Slipper-Pewter-Womens.webp","type":"image\/webp"}],"twitter_card":"summary_large_image","twitter_site":"@SHEZAMME","twitter_misc":{"Est. reading time":"1 minute"},"schema":{"@context":"https:\/\/schema.org","@graph":[{"@type":"WebPage","@id":"https:\/\/shezamme.com\/sklep\/buty\/inne\/ugg\/ugg-dakota-slipper-pewter-womens\/","url":"https:\/\/shezamme.com\/sklep\/buty\/inne\/ugg\/ugg-dakota-slipper-pewter-womens\/","name":"UGG Dakota Slipper Pewter (Women's) - SHEZAMME","isPartOf":{"@id":"https:\/\/shezamme.com\/#website"},"primaryImageOfPage":{"@id":"https:\/\/shezamme.com\/sklep\/buty\/inne\/ugg\/ugg-dakota-slipper-pewter-womens\/#primaryimage"},"image":{"@id":"https:\/\/shezamme.com\/sklep\/buty\/inne\/ugg\/ugg-dakota-slipper-pewter-womens\/#primaryimage"},"thumbnailUrl":"https:\/\/shezamme.com\/wp-content\/uploads\/2024\/08\/UGG-Dakota-Slipper-Pewter-Womens.webp","datePublished":"2024-09-02T13:23:52+00:00","dateModified":"2025-09-25T05:54:47+00:00","description":"UGG Dakota Slipper Pewter (Women's) | Luksusowe i autentyczne przedmioty w jednym miejscu. B\u0105d\u017a na bie\u017c\u0105co i sprawd\u017a nasz\u0105 ofert\u0119 ju\u017c teraz","breadcrumb":{"@id":"https:\/\/shezamme.com\/sklep\/buty\/inne\/ugg\/ugg-dakota-slipper-pewter-womens\/#breadcrumb"},"inLanguage":"en-US","potentialAction":[{"@type":"ReadAction","target":["https:\/\/shezamme.com\/sklep\/buty\/inne\/ugg\/ugg-dakota-slipper-pewter-womens\/"]}]},{"@type":"ImageObject","inLanguage":"en-US","@id":"https:\/\/shezamme.com\/sklep\/buty\/inne\/ugg\/ugg-dakota-slipper-pewter-womens\/#primaryimage","url":"https:\/\/shezamme.com\/wp-content\/uploads\/2024\/08\/UGG-Dakota-Slipper-Pewter-Womens.webp","contentUrl":"https:\/\/shezamme.com\/wp-content\/uploads\/2024\/08\/UGG-Dakota-Slipper-Pewter-Womens.webp","width":1400,"height":1000,"caption":"UGG Dakota Slipper Pewter (Women's)"},{"@type":"BreadcrumbList","@id":"https:\/\/shezamme.com\/sklep\/buty\/inne\/ugg\/ugg-dakota-slipper-pewter-womens\/#breadcrumb","itemListElement":[{"@type":"ListItem","position":1,"name":"Strona g\u0142\u00f3wna","item":"https:\/\/shezamme.com\/"},{"@type":"ListItem","position":2,"name":"Sklep","item":"https:\/\/shezamme.com\/sklep\/"},{"@type":"ListItem","position":3,"name":"UGG Dakota Slipper Pewter (Women&#8217;s)"}]},{"@type":"WebSite","@id":"https:\/\/shezamme.com\/#website","url":"https:\/\/shezamme.com\/","name":"SHEZAMME - Sneakers, Streetwear and luxury brands","description":"Original and exclusive items in one place. Check out our products now and stay up to date with all launches.","publisher":{"@id":"https:\/\/shezamme.com\/#organization"},"potentialAction":[{"@type":"SearchAction","target":{"@type":"EntryPoint","urlTemplate":"https:\/\/shezamme.com\/?s={search_term_string}"},"query-input":{"@type":"PropertyValueSpecification","valueRequired":true,"valueName":"search_term_string"}}],"inLanguage":"en-US"},{"@type":"Organization","@id":"https:\/\/shezamme.com\/#organization","name":"SHEZAMME - Sneakers, Streetwear and luxury brands","url":"https:\/\/shezamme.com\/","logo":{"@type":"ImageObject","inLanguage":"en-US","@id":"https:\/\/shezamme.com\/#\/schema\/logo\/image\/","url":"https:\/\/shezamme.com\/wp-content\/uploads\/2023\/02\/0x0.png","contentUrl":"https:\/\/shezamme.com\/wp-content\/uploads\/2023\/02\/0x0.png","width":2000,"height":2000,"caption":"SHEZAMME - Sneakersy, Streetwear i luksusowe marki"},"image":{"@id":"https:\/\/shezamme.com\/#\/schema\/logo\/image\/"},"sameAs":["https:\/\/www.facebook.com\/SHEZAMME\/","https:\/\/x.com\/SHEZAMME","https:\/\/www.instagram.com\/shezamme\/","https:\/\/www.youtube.com\/channel\/UCsTJxi_9fODHdO_1bmJbqvQ","https:\/\/www.tiktok.com\/shezamme.com"]}]}},"brands":[{"id":822,"name":"UGG","slug":"ugg"}],"_links":{"self":[{"href":"https:\/\/shezamme.com\/en\/wp-json\/wp\/v2\/product\/83584","targetHints":{"allow":["GET"]}}],"collection":[{"href":"https:\/\/shezamme.com\/en\/wp-json\/wp\/v2\/product"}],"about":[{"href":"https:\/\/shezamme.com\/en\/wp-json\/wp\/v2\/types\/product"}],"wp:featuredmedia":[{"embeddable":true,"href":"https:\/\/shezamme.com\/en\/wp-json\/wp\/v2\/media\/83573"}],"wp:attachment":[{"href":"https:\/\/shezamme.com\/en\/wp-json\/wp\/v2\/media?parent=83584"}],"wp:term":[{"taxonomy":"pwb-brand","embeddable":true,"href":"https:\/\/shezamme.com\/en\/wp-json\/wp\/v2\/pwb-brand?post=83584"},{"taxonomy":"product_brand","embeddable":true,"href":"https:\/\/shezamme.com\/en\/wp-json\/wp\/v2\/product_brand?post=83584"},{"taxonomy":"product_cat","embeddable":true,"href":"https:\/\/shezamme.com\/en\/wp-json\/wp\/v2\/product_cat?post=83584"},{"taxonomy":"product_tag","embeddable":true,"href":"https:\/\/shezamme.com\/en\/wp-json\/wp\/v2\/product_tag?post=83584"}],"curies":[{"name":"wp","href":"https:\/\/api.w.org\/{rel}","templated":true}]}}