{"id":82884,"date":"2024-09-02T15:45:49","date_gmt":"2024-09-02T13:45:49","guid":{"rendered":"https:\/\/shezamme.com\/?post_type=product&#038;p=82884"},"modified":"2025-04-03T10:44:48","modified_gmt":"2025-04-03T08:44:48","slug":"new-balance-xc-72-casablanca-marshmallow-brilliant-white","status":"publish","type":"product","link":"https:\/\/shezamme.com\/en\/sklep\/buty\/new-balance\/new-balance-xc-72-casablanca-marshmallow-brilliant-white\/","title":{"rendered":"New Balance XC-72 Casablanca Marshmallow Brilliant White"},"content":{"rendered":"<h2 class=\"\" data-start=\"0\" data-end=\"58\">Czysta forma i luksusowy minimalizm w wersji Casablanca<\/h2>\n<p class=\"\" data-start=\"60\" data-end=\"496\"><strong data-start=\"60\" data-end=\"126\">New Balance XC-72 \u00d7 Casablanca \u2013 Marshmallow \/ Brilliant White<\/strong> to elegancka reinterpretacja retro-futurystycznego modelu XC-72, stworzona w ramach presti\u017cowej wsp\u00f3\u0142pracy z mark\u0105 Casablanca. Jasna kolorystyka \u0142\u0105czy \u015bnie\u017cn\u0105 biel z kremowym tonem, tworz\u0105c wysmakowany, subtelny look idealny dla fan\u00f3w resortowej estetyki i minimalistycznego streetwearu. Zamsz i perforowana sk\u00f3ra nadaj\u0105 ca\u0142o\u015bci premium wyko\u0144czenie i wyrazist\u0105 faktur\u0119.<\/p>\n<h2 class=\"\" data-start=\"498\" data-end=\"543\">Komfort klasy premium i wyrafinowany detal<\/h2>\n<p class=\"\" data-start=\"545\" data-end=\"1084\">Dzielona podeszwa z bie\u017cnikiem w jode\u0142k\u0119 oraz lekka pianka <em data-start=\"604\" data-end=\"609\">EVA<\/em> zapewniaj\u0105 komfort u\u017cytkowania i dynamiczny wygl\u0105d. Z\u0142ote akcenty, delikatne perforacje i wsp\u00f3\u0142dzielone logo <em data-start=\"719\" data-end=\"745\">Casablanca \u00d7 New Balance<\/em> podkre\u015blaj\u0105 luksusowy charakter edycji. Model <em data-start=\"792\" data-end=\"823\">Marshmallow \/ Brilliant White<\/em> to unisexowy sneaker o ponadczasowej elegancji, idealny do stylizacji typu <em data-start=\"899\" data-end=\"913\">smart resort<\/em>, <em data-start=\"915\" data-end=\"932\">soft streetwear<\/em> lub jako wysmakowany akcent w kapsu\u0142owej garderobie. Limitowana edycja z 2021 roku to jedna z najbardziej wyrafinowanych ods\u0142on w historii linii XC-72.<\/p>","protected":false},"excerpt":{"rendered":"<h2 class=\"\" data-start=\"0\" data-end=\"57\">Resortowa elegancja w czystej, minimalistycznej formie<\/h2>\n<p class=\"\" data-start=\"59\" data-end=\"501\"><strong data-start=\"59\" data-end=\"125\">New Balance XC-72 \u00d7 Casablanca \u2013 Marshmallow \/ Brilliant White<\/strong> to unisexowy sneaker, kt\u00f3ry \u0142\u0105czy kremow\u0105 biel z luksusowym wyko\u0144czeniem inspirowanym estetyk\u0105 smart resort. Cholewka z perforowanej sk\u00f3ry i zamszu nadaje projektowi wyrafinowany charakter, a piankowa podeszwa z jode\u0142kowym bie\u017cnikiem zapewnia lekko\u015b\u0107 i komfort. Z\u0142ote detale i wsp\u00f3\u0142dzielone logo Casablanca \u00d7 NB dope\u0142niaj\u0105 ten minimalistyczny, a zarazem kolekcjonerski model.<\/p>","protected":false},"featured_media":82885,"template":"","meta":{"_acf_changed":false,"_yoast_wpseo_focuskw":"","_yoast_wpseo_title":"","_yoast_wpseo_metadesc":""},"pwb-brand":[769],"product_brand":[],"product_cat":[16,321],"product_tag":[1008,1009],"class_list":{"0":"post-82884","1":"product","2":"type-product","3":"status-publish","4":"has-post-thumbnail","6":"pwb-brand-new-balance","7":"product_cat-buty","8":"product_cat-new-balance","9":"product_tag-kobieta","10":"product_tag-mezczyzna","12":"first","13":"instock","14":"taxable","15":"shipping-taxable","16":"purchasable","17":"product-type-variable"},"acf":[],"yoast_head":"<!-- This site is optimized with the Yoast SEO plugin v27.2 - https:\/\/yoast.com\/product\/yoast-seo-wordpress\/ -->\n<title>New Balance XC-72 Casablanca Marshmallow Brilliant White - SHEZAMME<\/title>\n<meta name=\"description\" content=\"New Balance XC-72 Casablanca Marshmallow Brilliant White | Luksusowe i autentyczne przedmioty w jednym miejscu. B\u0105d\u017a na bie\u017c\u0105co i sprawd\u017a nasz\u0105 ofert\u0119 ju\u017c teraz\" \/>\n<meta name=\"robots\" content=\"index, follow, max-snippet:-1, max-image-preview:large, max-video-preview:-1\" \/>\n<link rel=\"canonical\" href=\"https:\/\/shezamme.com\/en\/sklep\/sneakers-2\/new-balance\/new-balance-xc-72-casablanca-marshmallow-brilliant-white\/\" \/>\n<meta property=\"og:locale\" content=\"en_US\" \/>\n<meta property=\"og:type\" content=\"article\" \/>\n<meta property=\"og:title\" content=\"New Balance XC-72 Casablanca Marshmallow Brilliant White - SHEZAMME\" \/>\n<meta property=\"og:description\" content=\"New Balance XC-72 Casablanca Marshmallow Brilliant White | Luksusowe i autentyczne przedmioty w jednym miejscu. B\u0105d\u017a na bie\u017c\u0105co i sprawd\u017a nasz\u0105 ofert\u0119 ju\u017c teraz\" \/>\n<meta property=\"og:url\" content=\"https:\/\/shezamme.com\/en\/sklep\/sneakers-2\/new-balance\/new-balance-xc-72-casablanca-marshmallow-brilliant-white\/\" \/>\n<meta property=\"og:site_name\" content=\"SHEZAMME - Yeezy, Jordan, Supreme i inne oryginalne rzeczy\" \/>\n<meta property=\"article:publisher\" content=\"https:\/\/www.facebook.com\/SHEZAMME\/\" \/>\n<meta property=\"article:modified_time\" content=\"2025-04-03T08:44:48+00:00\" \/>\n<meta property=\"og:image\" content=\"https:\/\/shezamme.com\/wp-content\/uploads\/2024\/08\/casablanca-x-xc-72-marshmallow-sneakers-1.webp\" \/>\n\t<meta property=\"og:image:width\" content=\"950\" \/>\n\t<meta property=\"og:image:height\" content=\"424\" \/>\n\t<meta property=\"og:image:type\" content=\"image\/webp\" \/>\n<meta name=\"twitter:card\" content=\"summary_large_image\" \/>\n<meta name=\"twitter:site\" content=\"@SHEZAMME\" \/>\n<meta name=\"twitter:label1\" content=\"Est. reading time\" \/>\n\t<meta name=\"twitter:data1\" content=\"1 minute\" \/>\n<script type=\"application\/ld+json\" class=\"yoast-schema-graph\">{\"@context\":\"https:\/\/schema.org\",\"@graph\":[{\"@type\":\"WebPage\",\"@id\":\"https:\/\/shezamme.com\/sklep\/buty\/new-balance\/new-balance-xc-72-casablanca-marshmallow-brilliant-white\/\",\"url\":\"https:\/\/shezamme.com\/sklep\/buty\/new-balance\/new-balance-xc-72-casablanca-marshmallow-brilliant-white\/\",\"name\":\"New Balance XC-72 Casablanca Marshmallow Brilliant White - SHEZAMME\",\"isPartOf\":{\"@id\":\"https:\/\/shezamme.com\/#website\"},\"primaryImageOfPage\":{\"@id\":\"https:\/\/shezamme.com\/sklep\/buty\/new-balance\/new-balance-xc-72-casablanca-marshmallow-brilliant-white\/#primaryimage\"},\"image\":{\"@id\":\"https:\/\/shezamme.com\/sklep\/buty\/new-balance\/new-balance-xc-72-casablanca-marshmallow-brilliant-white\/#primaryimage\"},\"thumbnailUrl\":\"https:\/\/shezamme.com\/wp-content\/uploads\/2024\/08\/casablanca-x-xc-72-marshmallow-sneakers-1.webp\",\"datePublished\":\"2024-09-02T13:45:49+00:00\",\"dateModified\":\"2025-04-03T08:44:48+00:00\",\"description\":\"New Balance XC-72 Casablanca Marshmallow Brilliant White | Luksusowe i autentyczne przedmioty w jednym miejscu. B\u0105d\u017a na bie\u017c\u0105co i sprawd\u017a nasz\u0105 ofert\u0119 ju\u017c teraz\",\"breadcrumb\":{\"@id\":\"https:\/\/shezamme.com\/sklep\/buty\/new-balance\/new-balance-xc-72-casablanca-marshmallow-brilliant-white\/#breadcrumb\"},\"inLanguage\":\"en-US\",\"potentialAction\":[{\"@type\":\"ReadAction\",\"target\":[\"https:\/\/shezamme.com\/sklep\/buty\/new-balance\/new-balance-xc-72-casablanca-marshmallow-brilliant-white\/\"]}]},{\"@type\":\"ImageObject\",\"inLanguage\":\"en-US\",\"@id\":\"https:\/\/shezamme.com\/sklep\/buty\/new-balance\/new-balance-xc-72-casablanca-marshmallow-brilliant-white\/#primaryimage\",\"url\":\"https:\/\/shezamme.com\/wp-content\/uploads\/2024\/08\/casablanca-x-xc-72-marshmallow-sneakers-1.webp\",\"contentUrl\":\"https:\/\/shezamme.com\/wp-content\/uploads\/2024\/08\/casablanca-x-xc-72-marshmallow-sneakers-1.webp\",\"width\":950,\"height\":424},{\"@type\":\"BreadcrumbList\",\"@id\":\"https:\/\/shezamme.com\/sklep\/buty\/new-balance\/new-balance-xc-72-casablanca-marshmallow-brilliant-white\/#breadcrumb\",\"itemListElement\":[{\"@type\":\"ListItem\",\"position\":1,\"name\":\"Strona g\u0142\u00f3wna\",\"item\":\"https:\/\/shezamme.com\/\"},{\"@type\":\"ListItem\",\"position\":2,\"name\":\"Sklep\",\"item\":\"https:\/\/shezamme.com\/sklep\/\"},{\"@type\":\"ListItem\",\"position\":3,\"name\":\"New Balance XC-72 Casablanca Marshmallow Brilliant White\"}]},{\"@type\":\"WebSite\",\"@id\":\"https:\/\/shezamme.com\/#website\",\"url\":\"https:\/\/shezamme.com\/\",\"name\":\"SHEZAMME - Sneakersy, Streetwear i luksusowe marki\",\"description\":\"Oryginalne i ekskluzywne przedmioty w jednym miejscu. Sprawd\u017a nasze produkty ju\u017c teraz i b\u0105d\u017a na bie\u017c\u0105co z wszystkimi premierami.\",\"publisher\":{\"@id\":\"https:\/\/shezamme.com\/#organization\"},\"potentialAction\":[{\"@type\":\"SearchAction\",\"target\":{\"@type\":\"EntryPoint\",\"urlTemplate\":\"https:\/\/shezamme.com\/?s={search_term_string}\"},\"query-input\":{\"@type\":\"PropertyValueSpecification\",\"valueRequired\":true,\"valueName\":\"search_term_string\"}}],\"inLanguage\":\"en-US\"},{\"@type\":\"Organization\",\"@id\":\"https:\/\/shezamme.com\/#organization\",\"name\":\"SHEZAMME - Sneakersy, Streetwear i luksusowe marki\",\"url\":\"https:\/\/shezamme.com\/\",\"logo\":{\"@type\":\"ImageObject\",\"inLanguage\":\"en-US\",\"@id\":\"https:\/\/shezamme.com\/#\/schema\/logo\/image\/\",\"url\":\"https:\/\/shezamme.com\/wp-content\/uploads\/2023\/02\/0x0.png\",\"contentUrl\":\"https:\/\/shezamme.com\/wp-content\/uploads\/2023\/02\/0x0.png\",\"width\":2000,\"height\":2000,\"caption\":\"SHEZAMME - Sneakersy, Streetwear i luksusowe marki\"},\"image\":{\"@id\":\"https:\/\/shezamme.com\/#\/schema\/logo\/image\/\"},\"sameAs\":[\"https:\/\/www.facebook.com\/SHEZAMME\/\",\"https:\/\/x.com\/SHEZAMME\",\"https:\/\/www.instagram.com\/shezamme\/\",\"https:\/\/www.youtube.com\/channel\/UCsTJxi_9fODHdO_1bmJbqvQ\",\"https:\/\/www.tiktok.com\/shezamme.com\"]}]}<\/script>\n<!-- \/ Yoast SEO plugin. -->","yoast_head_json":{"title":"New Balance XC-72 Casablanca Marshmallow Brilliant White - SHEZAMME","description":"New Balance XC-72 Casablanca Marshmallow Brilliant White | Luksusowe i autentyczne przedmioty w jednym miejscu. B\u0105d\u017a na bie\u017c\u0105co i sprawd\u017a nasz\u0105 ofert\u0119 ju\u017c teraz","robots":{"index":"index","follow":"follow","max-snippet":"max-snippet:-1","max-image-preview":"max-image-preview:large","max-video-preview":"max-video-preview:-1"},"canonical":"https:\/\/shezamme.com\/en\/sklep\/sneakers-2\/new-balance\/new-balance-xc-72-casablanca-marshmallow-brilliant-white\/","og_locale":"en_US","og_type":"article","og_title":"New Balance XC-72 Casablanca Marshmallow Brilliant White - SHEZAMME","og_description":"New Balance XC-72 Casablanca Marshmallow Brilliant White | Luksusowe i autentyczne przedmioty w jednym miejscu. B\u0105d\u017a na bie\u017c\u0105co i sprawd\u017a nasz\u0105 ofert\u0119 ju\u017c teraz","og_url":"https:\/\/shezamme.com\/en\/sklep\/sneakers-2\/new-balance\/new-balance-xc-72-casablanca-marshmallow-brilliant-white\/","og_site_name":"SHEZAMME - Yeezy, Jordan, Supreme i inne oryginalne rzeczy","article_publisher":"https:\/\/www.facebook.com\/SHEZAMME\/","article_modified_time":"2025-04-03T08:44:48+00:00","og_image":[{"width":950,"height":424,"url":"https:\/\/shezamme.com\/wp-content\/uploads\/2024\/08\/casablanca-x-xc-72-marshmallow-sneakers-1.webp","type":"image\/webp"}],"twitter_card":"summary_large_image","twitter_site":"@SHEZAMME","twitter_misc":{"Est. reading time":"1 minute"},"schema":{"@context":"https:\/\/schema.org","@graph":[{"@type":"WebPage","@id":"https:\/\/shezamme.com\/sklep\/buty\/new-balance\/new-balance-xc-72-casablanca-marshmallow-brilliant-white\/","url":"https:\/\/shezamme.com\/sklep\/buty\/new-balance\/new-balance-xc-72-casablanca-marshmallow-brilliant-white\/","name":"New Balance XC-72 Casablanca Marshmallow Brilliant White - SHEZAMME","isPartOf":{"@id":"https:\/\/shezamme.com\/#website"},"primaryImageOfPage":{"@id":"https:\/\/shezamme.com\/sklep\/buty\/new-balance\/new-balance-xc-72-casablanca-marshmallow-brilliant-white\/#primaryimage"},"image":{"@id":"https:\/\/shezamme.com\/sklep\/buty\/new-balance\/new-balance-xc-72-casablanca-marshmallow-brilliant-white\/#primaryimage"},"thumbnailUrl":"https:\/\/shezamme.com\/wp-content\/uploads\/2024\/08\/casablanca-x-xc-72-marshmallow-sneakers-1.webp","datePublished":"2024-09-02T13:45:49+00:00","dateModified":"2025-04-03T08:44:48+00:00","description":"New Balance XC-72 Casablanca Marshmallow Brilliant White | Luksusowe i autentyczne przedmioty w jednym miejscu. B\u0105d\u017a na bie\u017c\u0105co i sprawd\u017a nasz\u0105 ofert\u0119 ju\u017c teraz","breadcrumb":{"@id":"https:\/\/shezamme.com\/sklep\/buty\/new-balance\/new-balance-xc-72-casablanca-marshmallow-brilliant-white\/#breadcrumb"},"inLanguage":"en-US","potentialAction":[{"@type":"ReadAction","target":["https:\/\/shezamme.com\/sklep\/buty\/new-balance\/new-balance-xc-72-casablanca-marshmallow-brilliant-white\/"]}]},{"@type":"ImageObject","inLanguage":"en-US","@id":"https:\/\/shezamme.com\/sklep\/buty\/new-balance\/new-balance-xc-72-casablanca-marshmallow-brilliant-white\/#primaryimage","url":"https:\/\/shezamme.com\/wp-content\/uploads\/2024\/08\/casablanca-x-xc-72-marshmallow-sneakers-1.webp","contentUrl":"https:\/\/shezamme.com\/wp-content\/uploads\/2024\/08\/casablanca-x-xc-72-marshmallow-sneakers-1.webp","width":950,"height":424},{"@type":"BreadcrumbList","@id":"https:\/\/shezamme.com\/sklep\/buty\/new-balance\/new-balance-xc-72-casablanca-marshmallow-brilliant-white\/#breadcrumb","itemListElement":[{"@type":"ListItem","position":1,"name":"Strona g\u0142\u00f3wna","item":"https:\/\/shezamme.com\/"},{"@type":"ListItem","position":2,"name":"Sklep","item":"https:\/\/shezamme.com\/sklep\/"},{"@type":"ListItem","position":3,"name":"New Balance XC-72 Casablanca Marshmallow Brilliant White"}]},{"@type":"WebSite","@id":"https:\/\/shezamme.com\/#website","url":"https:\/\/shezamme.com\/","name":"SHEZAMME - Sneakers, Streetwear and luxury brands","description":"Original and exclusive items in one place. Check out our products now and stay up to date with all launches.","publisher":{"@id":"https:\/\/shezamme.com\/#organization"},"potentialAction":[{"@type":"SearchAction","target":{"@type":"EntryPoint","urlTemplate":"https:\/\/shezamme.com\/?s={search_term_string}"},"query-input":{"@type":"PropertyValueSpecification","valueRequired":true,"valueName":"search_term_string"}}],"inLanguage":"en-US"},{"@type":"Organization","@id":"https:\/\/shezamme.com\/#organization","name":"SHEZAMME - Sneakers, Streetwear and luxury brands","url":"https:\/\/shezamme.com\/","logo":{"@type":"ImageObject","inLanguage":"en-US","@id":"https:\/\/shezamme.com\/#\/schema\/logo\/image\/","url":"https:\/\/shezamme.com\/wp-content\/uploads\/2023\/02\/0x0.png","contentUrl":"https:\/\/shezamme.com\/wp-content\/uploads\/2023\/02\/0x0.png","width":2000,"height":2000,"caption":"SHEZAMME - Sneakersy, Streetwear i luksusowe marki"},"image":{"@id":"https:\/\/shezamme.com\/#\/schema\/logo\/image\/"},"sameAs":["https:\/\/www.facebook.com\/SHEZAMME\/","https:\/\/x.com\/SHEZAMME","https:\/\/www.instagram.com\/shezamme\/","https:\/\/www.youtube.com\/channel\/UCsTJxi_9fODHdO_1bmJbqvQ","https:\/\/www.tiktok.com\/shezamme.com"]}]}},"brands":[{"id":769,"name":"New Balance","slug":"new-balance"}],"_links":{"self":[{"href":"https:\/\/shezamme.com\/en\/wp-json\/wp\/v2\/product\/82884","targetHints":{"allow":["GET"]}}],"collection":[{"href":"https:\/\/shezamme.com\/en\/wp-json\/wp\/v2\/product"}],"about":[{"href":"https:\/\/shezamme.com\/en\/wp-json\/wp\/v2\/types\/product"}],"wp:featuredmedia":[{"embeddable":true,"href":"https:\/\/shezamme.com\/en\/wp-json\/wp\/v2\/media\/82885"}],"wp:attachment":[{"href":"https:\/\/shezamme.com\/en\/wp-json\/wp\/v2\/media?parent=82884"}],"wp:term":[{"taxonomy":"pwb-brand","embeddable":true,"href":"https:\/\/shezamme.com\/en\/wp-json\/wp\/v2\/pwb-brand?post=82884"},{"taxonomy":"product_brand","embeddable":true,"href":"https:\/\/shezamme.com\/en\/wp-json\/wp\/v2\/product_brand?post=82884"},{"taxonomy":"product_cat","embeddable":true,"href":"https:\/\/shezamme.com\/en\/wp-json\/wp\/v2\/product_cat?post=82884"},{"taxonomy":"product_tag","embeddable":true,"href":"https:\/\/shezamme.com\/en\/wp-json\/wp\/v2\/product_tag?post=82884"}],"curies":[{"name":"wp","href":"https:\/\/api.w.org\/{rel}","templated":true}]}}