{"id":82245,"date":"2024-09-02T12:42:56","date_gmt":"2024-09-02T10:42:56","guid":{"rendered":"https:\/\/shezamme.com\/?post_type=product&#038;p=82245"},"modified":"2025-09-25T07:24:50","modified_gmt":"2025-09-25T05:24:50","slug":"ugg-tazz-slipper-chestnut-womens","status":"publish","type":"product","link":"https:\/\/shezamme.com\/en\/sklep\/buty\/inne\/ugg\/ugg-tazz-slipper\/ugg-tazz-slipper-chestnut-womens\/","title":{"rendered":"UGG Tazz Slipper Chestnut (Women&#8217;s)"},"content":{"rendered":"<h2>Klasyczna elegancja w ciep\u0142ym odcieniu kasztanowym<\/h2>\n<p><strong>UGG Tazz Slipper Chestnut<\/strong> to wyj\u0105tkowe kapcie typu slip-on, kt\u00f3re \u0142\u0105cz\u0105 klasyczny komfort UGG z nowoczesnym designem. Ciep\u0142y kasztanowy odcie\u0144 i subtelne hafty inspirowane tradycyjnym rzemios\u0142em nadaj\u0105 im eleganckiego, a zarazem uniwersalnego charakteru. Wysoko\u015b\u0107 platformy (3,5 cm) podkre\u015bla ich modny wygl\u0105d, sprawiaj\u0105c, \u017ce s\u0105 idealnym dodatkiem zar\u00f3wno do codziennych stylizacji, jak i domowego relaksu.<\/p>\n<h2>Komfort i wszechstronno\u015b\u0107 na co dzie\u0144<\/h2>\n<p>Kapcie zosta\u0142y wykonane z trwa\u0142ego zamszu premium, kt\u00f3ry zachowuje mi\u0119kko\u015b\u0107 i elegancki wygl\u0105d. Podszewka z luksusowej we\u0142ny owczej UGGpure\u2122 zapewnia ciep\u0142o i oddychalno\u015b\u0107, gwarantuj\u0105c niezr\u00f3wnany komfort. Lekka i elastyczna podeszwa Treadlite by UGG\u2122 oferuje przyczepno\u015b\u0107 oraz trwa\u0142o\u015b\u0107, dzi\u0119ki czemu sprawdz\u0105 si\u0119 zar\u00f3wno w domu, jak i podczas casualowych wyj\u015b\u0107.<\/p>\n<p><strong>UGG Tazz Slipper Chestnut<\/strong> to doskona\u0142e po\u0142\u0105czenie wygody, funkcjonalno\u015bci i stylu dla kobiet, kt\u00f3re ceni\u0105 subteln\u0105 elegancj\u0119 w codziennym u\u017cytkowaniu.<\/p>","protected":false},"excerpt":{"rendered":"<h2>Subtelna elegancja i niezr\u00f3wnany komfort<\/h2>\n<p><strong>UGG Tazz Slipper Chestnut<\/strong> to kapcie slip-on w ciep\u0142ym kasztanowym odcieniu, z dekoracyjnymi haftami i platformow\u0105 podeszw\u0105 Treadlite by UGG\u2122. Luksusowa we\u0142na UGGpure\u2122 zapewnia ciep\u0142o i wygod\u0119, idealne do domu i casualowych stylizacji.<\/p>","protected":false},"featured_media":82246,"template":"","meta":{"_acf_changed":false},"pwb-brand":[822],"product_brand":[],"product_cat":[16,808,171,1166],"product_tag":[1008,1009],"class_list":{"0":"post-82245","1":"product","2":"type-product","3":"status-publish","4":"has-post-thumbnail","6":"pwb-brand-ugg","7":"product_cat-buty","8":"product_cat-ugg","9":"product_cat-inne","10":"product_cat-ugg-tazz-slipper","11":"product_tag-kobieta","12":"product_tag-mezczyzna","14":"first","15":"instock","16":"taxable","17":"shipping-taxable","18":"purchasable","19":"product-type-variable"},"acf":[],"yoast_head":"<!-- This site is optimized with the Yoast SEO plugin v27.2 - https:\/\/yoast.com\/product\/yoast-seo-wordpress\/ -->\n<title>UGG Tazz Slipper Chestnut (Women&#039;s) - SHEZAMME<\/title>\n<meta name=\"description\" content=\"UGG Tazz Slipper Chestnut (Women&#039;s) | Luksusowe i autentyczne przedmioty w jednym miejscu. B\u0105d\u017a na bie\u017c\u0105co i sprawd\u017a nasz\u0105 ofert\u0119 ju\u017c teraz\" \/>\n<meta name=\"robots\" content=\"index, follow, max-snippet:-1, max-image-preview:large, max-video-preview:-1\" \/>\n<link rel=\"canonical\" href=\"https:\/\/shezamme.com\/en\/sklep\/sneakers-2\/others\/ugg\/ugg-tazz-slipper\/ugg-tazz-slipper-chestnut-womens\/\" \/>\n<meta property=\"og:locale\" content=\"en_US\" \/>\n<meta property=\"og:type\" content=\"article\" \/>\n<meta property=\"og:title\" content=\"UGG Tazz Slipper Chestnut (Women&#039;s) - SHEZAMME\" \/>\n<meta property=\"og:description\" content=\"UGG Tazz Slipper Chestnut (Women&#039;s) | Luksusowe i autentyczne przedmioty w jednym miejscu. B\u0105d\u017a na bie\u017c\u0105co i sprawd\u017a nasz\u0105 ofert\u0119 ju\u017c teraz\" \/>\n<meta property=\"og:url\" content=\"https:\/\/shezamme.com\/en\/sklep\/sneakers-2\/others\/ugg\/ugg-tazz-slipper\/ugg-tazz-slipper-chestnut-womens\/\" \/>\n<meta property=\"og:site_name\" content=\"SHEZAMME - Yeezy, Jordan, Supreme i inne oryginalne rzeczy\" \/>\n<meta property=\"article:publisher\" content=\"https:\/\/www.facebook.com\/SHEZAMME\/\" \/>\n<meta property=\"article:modified_time\" content=\"2025-09-25T05:24:50+00:00\" \/>\n<meta property=\"og:image\" content=\"https:\/\/shezamme.com\/wp-content\/uploads\/2024\/08\/ugg-tazz-slipper-chestnut-sneakers-1.webp\" \/>\n\t<meta property=\"og:image:width\" content=\"1400\" \/>\n\t<meta property=\"og:image:height\" content=\"1000\" \/>\n\t<meta property=\"og:image:type\" content=\"image\/webp\" \/>\n<meta name=\"twitter:card\" content=\"summary_large_image\" \/>\n<meta name=\"twitter:site\" content=\"@SHEZAMME\" \/>\n<meta name=\"twitter:label1\" content=\"Est. reading time\" \/>\n\t<meta name=\"twitter:data1\" content=\"1 minute\" \/>\n<script type=\"application\/ld+json\" class=\"yoast-schema-graph\">{\"@context\":\"https:\/\/schema.org\",\"@graph\":[{\"@type\":\"WebPage\",\"@id\":\"https:\/\/shezamme.com\/sklep\/buty\/inne\/ugg\/ugg-tazz-slipper\/ugg-tazz-slipper-chestnut-womens\/\",\"url\":\"https:\/\/shezamme.com\/sklep\/buty\/inne\/ugg\/ugg-tazz-slipper\/ugg-tazz-slipper-chestnut-womens\/\",\"name\":\"UGG Tazz Slipper Chestnut (Women's) - SHEZAMME\",\"isPartOf\":{\"@id\":\"https:\/\/shezamme.com\/#website\"},\"primaryImageOfPage\":{\"@id\":\"https:\/\/shezamme.com\/sklep\/buty\/inne\/ugg\/ugg-tazz-slipper\/ugg-tazz-slipper-chestnut-womens\/#primaryimage\"},\"image\":{\"@id\":\"https:\/\/shezamme.com\/sklep\/buty\/inne\/ugg\/ugg-tazz-slipper\/ugg-tazz-slipper-chestnut-womens\/#primaryimage\"},\"thumbnailUrl\":\"https:\/\/shezamme.com\/wp-content\/uploads\/2024\/08\/ugg-tazz-slipper-chestnut-sneakers-1.webp\",\"datePublished\":\"2024-09-02T10:42:56+00:00\",\"dateModified\":\"2025-09-25T05:24:50+00:00\",\"description\":\"UGG Tazz Slipper Chestnut (Women's) | Luksusowe i autentyczne przedmioty w jednym miejscu. B\u0105d\u017a na bie\u017c\u0105co i sprawd\u017a nasz\u0105 ofert\u0119 ju\u017c teraz\",\"breadcrumb\":{\"@id\":\"https:\/\/shezamme.com\/sklep\/buty\/inne\/ugg\/ugg-tazz-slipper\/ugg-tazz-slipper-chestnut-womens\/#breadcrumb\"},\"inLanguage\":\"en-US\",\"potentialAction\":[{\"@type\":\"ReadAction\",\"target\":[\"https:\/\/shezamme.com\/sklep\/buty\/inne\/ugg\/ugg-tazz-slipper\/ugg-tazz-slipper-chestnut-womens\/\"]}]},{\"@type\":\"ImageObject\",\"inLanguage\":\"en-US\",\"@id\":\"https:\/\/shezamme.com\/sklep\/buty\/inne\/ugg\/ugg-tazz-slipper\/ugg-tazz-slipper-chestnut-womens\/#primaryimage\",\"url\":\"https:\/\/shezamme.com\/wp-content\/uploads\/2024\/08\/ugg-tazz-slipper-chestnut-sneakers-1.webp\",\"contentUrl\":\"https:\/\/shezamme.com\/wp-content\/uploads\/2024\/08\/ugg-tazz-slipper-chestnut-sneakers-1.webp\",\"width\":1400,\"height\":1000,\"caption\":\"UGG Tazz Slipper Chestnut (Women's)\"},{\"@type\":\"BreadcrumbList\",\"@id\":\"https:\/\/shezamme.com\/sklep\/buty\/inne\/ugg\/ugg-tazz-slipper\/ugg-tazz-slipper-chestnut-womens\/#breadcrumb\",\"itemListElement\":[{\"@type\":\"ListItem\",\"position\":1,\"name\":\"Strona g\u0142\u00f3wna\",\"item\":\"https:\/\/shezamme.com\/\"},{\"@type\":\"ListItem\",\"position\":2,\"name\":\"Sklep\",\"item\":\"https:\/\/shezamme.com\/sklep\/\"},{\"@type\":\"ListItem\",\"position\":3,\"name\":\"UGG Tazz Slipper Chestnut (Women&#8217;s)\"}]},{\"@type\":\"WebSite\",\"@id\":\"https:\/\/shezamme.com\/#website\",\"url\":\"https:\/\/shezamme.com\/\",\"name\":\"SHEZAMME - Sneakersy, Streetwear i luksusowe marki\",\"description\":\"Oryginalne i ekskluzywne przedmioty w jednym miejscu. Sprawd\u017a nasze produkty ju\u017c teraz i b\u0105d\u017a na bie\u017c\u0105co z wszystkimi premierami.\",\"publisher\":{\"@id\":\"https:\/\/shezamme.com\/#organization\"},\"potentialAction\":[{\"@type\":\"SearchAction\",\"target\":{\"@type\":\"EntryPoint\",\"urlTemplate\":\"https:\/\/shezamme.com\/?s={search_term_string}\"},\"query-input\":{\"@type\":\"PropertyValueSpecification\",\"valueRequired\":true,\"valueName\":\"search_term_string\"}}],\"inLanguage\":\"en-US\"},{\"@type\":\"Organization\",\"@id\":\"https:\/\/shezamme.com\/#organization\",\"name\":\"SHEZAMME - Sneakersy, Streetwear i luksusowe marki\",\"url\":\"https:\/\/shezamme.com\/\",\"logo\":{\"@type\":\"ImageObject\",\"inLanguage\":\"en-US\",\"@id\":\"https:\/\/shezamme.com\/#\/schema\/logo\/image\/\",\"url\":\"https:\/\/shezamme.com\/wp-content\/uploads\/2023\/02\/0x0.png\",\"contentUrl\":\"https:\/\/shezamme.com\/wp-content\/uploads\/2023\/02\/0x0.png\",\"width\":2000,\"height\":2000,\"caption\":\"SHEZAMME - Sneakersy, Streetwear i luksusowe marki\"},\"image\":{\"@id\":\"https:\/\/shezamme.com\/#\/schema\/logo\/image\/\"},\"sameAs\":[\"https:\/\/www.facebook.com\/SHEZAMME\/\",\"https:\/\/x.com\/SHEZAMME\",\"https:\/\/www.instagram.com\/shezamme\/\",\"https:\/\/www.youtube.com\/channel\/UCsTJxi_9fODHdO_1bmJbqvQ\",\"https:\/\/www.tiktok.com\/shezamme.com\"]}]}<\/script>\n<!-- \/ Yoast SEO plugin. -->","yoast_head_json":{"title":"UGG Tazz Slipper Chestnut (Women's) - SHEZAMME","description":"UGG Tazz Slipper Chestnut (Women's) | Luksusowe i autentyczne przedmioty w jednym miejscu. B\u0105d\u017a na bie\u017c\u0105co i sprawd\u017a nasz\u0105 ofert\u0119 ju\u017c teraz","robots":{"index":"index","follow":"follow","max-snippet":"max-snippet:-1","max-image-preview":"max-image-preview:large","max-video-preview":"max-video-preview:-1"},"canonical":"https:\/\/shezamme.com\/en\/sklep\/sneakers-2\/others\/ugg\/ugg-tazz-slipper\/ugg-tazz-slipper-chestnut-womens\/","og_locale":"en_US","og_type":"article","og_title":"UGG Tazz Slipper Chestnut (Women's) - SHEZAMME","og_description":"UGG Tazz Slipper Chestnut (Women's) | Luksusowe i autentyczne przedmioty w jednym miejscu. B\u0105d\u017a na bie\u017c\u0105co i sprawd\u017a nasz\u0105 ofert\u0119 ju\u017c teraz","og_url":"https:\/\/shezamme.com\/en\/sklep\/sneakers-2\/others\/ugg\/ugg-tazz-slipper\/ugg-tazz-slipper-chestnut-womens\/","og_site_name":"SHEZAMME - Yeezy, Jordan, Supreme i inne oryginalne rzeczy","article_publisher":"https:\/\/www.facebook.com\/SHEZAMME\/","article_modified_time":"2025-09-25T05:24:50+00:00","og_image":[{"width":1400,"height":1000,"url":"https:\/\/shezamme.com\/wp-content\/uploads\/2024\/08\/ugg-tazz-slipper-chestnut-sneakers-1.webp","type":"image\/webp"}],"twitter_card":"summary_large_image","twitter_site":"@SHEZAMME","twitter_misc":{"Est. reading time":"1 minute"},"schema":{"@context":"https:\/\/schema.org","@graph":[{"@type":"WebPage","@id":"https:\/\/shezamme.com\/sklep\/buty\/inne\/ugg\/ugg-tazz-slipper\/ugg-tazz-slipper-chestnut-womens\/","url":"https:\/\/shezamme.com\/sklep\/buty\/inne\/ugg\/ugg-tazz-slipper\/ugg-tazz-slipper-chestnut-womens\/","name":"UGG Tazz Slipper Chestnut (Women's) - SHEZAMME","isPartOf":{"@id":"https:\/\/shezamme.com\/#website"},"primaryImageOfPage":{"@id":"https:\/\/shezamme.com\/sklep\/buty\/inne\/ugg\/ugg-tazz-slipper\/ugg-tazz-slipper-chestnut-womens\/#primaryimage"},"image":{"@id":"https:\/\/shezamme.com\/sklep\/buty\/inne\/ugg\/ugg-tazz-slipper\/ugg-tazz-slipper-chestnut-womens\/#primaryimage"},"thumbnailUrl":"https:\/\/shezamme.com\/wp-content\/uploads\/2024\/08\/ugg-tazz-slipper-chestnut-sneakers-1.webp","datePublished":"2024-09-02T10:42:56+00:00","dateModified":"2025-09-25T05:24:50+00:00","description":"UGG Tazz Slipper Chestnut (Women's) | Luksusowe i autentyczne przedmioty w jednym miejscu. B\u0105d\u017a na bie\u017c\u0105co i sprawd\u017a nasz\u0105 ofert\u0119 ju\u017c teraz","breadcrumb":{"@id":"https:\/\/shezamme.com\/sklep\/buty\/inne\/ugg\/ugg-tazz-slipper\/ugg-tazz-slipper-chestnut-womens\/#breadcrumb"},"inLanguage":"en-US","potentialAction":[{"@type":"ReadAction","target":["https:\/\/shezamme.com\/sklep\/buty\/inne\/ugg\/ugg-tazz-slipper\/ugg-tazz-slipper-chestnut-womens\/"]}]},{"@type":"ImageObject","inLanguage":"en-US","@id":"https:\/\/shezamme.com\/sklep\/buty\/inne\/ugg\/ugg-tazz-slipper\/ugg-tazz-slipper-chestnut-womens\/#primaryimage","url":"https:\/\/shezamme.com\/wp-content\/uploads\/2024\/08\/ugg-tazz-slipper-chestnut-sneakers-1.webp","contentUrl":"https:\/\/shezamme.com\/wp-content\/uploads\/2024\/08\/ugg-tazz-slipper-chestnut-sneakers-1.webp","width":1400,"height":1000,"caption":"UGG Tazz Slipper Chestnut (Women's)"},{"@type":"BreadcrumbList","@id":"https:\/\/shezamme.com\/sklep\/buty\/inne\/ugg\/ugg-tazz-slipper\/ugg-tazz-slipper-chestnut-womens\/#breadcrumb","itemListElement":[{"@type":"ListItem","position":1,"name":"Strona g\u0142\u00f3wna","item":"https:\/\/shezamme.com\/"},{"@type":"ListItem","position":2,"name":"Sklep","item":"https:\/\/shezamme.com\/sklep\/"},{"@type":"ListItem","position":3,"name":"UGG Tazz Slipper Chestnut (Women&#8217;s)"}]},{"@type":"WebSite","@id":"https:\/\/shezamme.com\/#website","url":"https:\/\/shezamme.com\/","name":"SHEZAMME - Sneakers, Streetwear and luxury brands","description":"Original and exclusive items in one place. Check out our products now and stay up to date with all launches.","publisher":{"@id":"https:\/\/shezamme.com\/#organization"},"potentialAction":[{"@type":"SearchAction","target":{"@type":"EntryPoint","urlTemplate":"https:\/\/shezamme.com\/?s={search_term_string}"},"query-input":{"@type":"PropertyValueSpecification","valueRequired":true,"valueName":"search_term_string"}}],"inLanguage":"en-US"},{"@type":"Organization","@id":"https:\/\/shezamme.com\/#organization","name":"SHEZAMME - Sneakers, Streetwear and luxury brands","url":"https:\/\/shezamme.com\/","logo":{"@type":"ImageObject","inLanguage":"en-US","@id":"https:\/\/shezamme.com\/#\/schema\/logo\/image\/","url":"https:\/\/shezamme.com\/wp-content\/uploads\/2023\/02\/0x0.png","contentUrl":"https:\/\/shezamme.com\/wp-content\/uploads\/2023\/02\/0x0.png","width":2000,"height":2000,"caption":"SHEZAMME - Sneakersy, Streetwear i luksusowe marki"},"image":{"@id":"https:\/\/shezamme.com\/#\/schema\/logo\/image\/"},"sameAs":["https:\/\/www.facebook.com\/SHEZAMME\/","https:\/\/x.com\/SHEZAMME","https:\/\/www.instagram.com\/shezamme\/","https:\/\/www.youtube.com\/channel\/UCsTJxi_9fODHdO_1bmJbqvQ","https:\/\/www.tiktok.com\/shezamme.com"]}]}},"brands":[{"id":822,"name":"UGG","slug":"ugg"}],"_links":{"self":[{"href":"https:\/\/shezamme.com\/en\/wp-json\/wp\/v2\/product\/82245","targetHints":{"allow":["GET"]}}],"collection":[{"href":"https:\/\/shezamme.com\/en\/wp-json\/wp\/v2\/product"}],"about":[{"href":"https:\/\/shezamme.com\/en\/wp-json\/wp\/v2\/types\/product"}],"wp:featuredmedia":[{"embeddable":true,"href":"https:\/\/shezamme.com\/en\/wp-json\/wp\/v2\/media\/82246"}],"wp:attachment":[{"href":"https:\/\/shezamme.com\/en\/wp-json\/wp\/v2\/media?parent=82245"}],"wp:term":[{"taxonomy":"pwb-brand","embeddable":true,"href":"https:\/\/shezamme.com\/en\/wp-json\/wp\/v2\/pwb-brand?post=82245"},{"taxonomy":"product_brand","embeddable":true,"href":"https:\/\/shezamme.com\/en\/wp-json\/wp\/v2\/product_brand?post=82245"},{"taxonomy":"product_cat","embeddable":true,"href":"https:\/\/shezamme.com\/en\/wp-json\/wp\/v2\/product_cat?post=82245"},{"taxonomy":"product_tag","embeddable":true,"href":"https:\/\/shezamme.com\/en\/wp-json\/wp\/v2\/product_tag?post=82245"}],"curies":[{"name":"wp","href":"https:\/\/api.w.org\/{rel}","templated":true}]}}