{"id":81868,"date":"2024-09-02T14:49:37","date_gmt":"2024-09-02T12:49:37","guid":{"rendered":"https:\/\/shezamme.com\/?post_type=product&#038;p=81868"},"modified":"2025-02-16T18:28:52","modified_gmt":"2025-02-16T17:28:52","slug":"air-jordan-6-retro-toro-bravo","status":"publish","type":"product","link":"https:\/\/shezamme.com\/en\/sklep\/buty\/air-jordan\/air-jordan-6\/air-jordan-6-retro-toro-bravo\/","title":{"rendered":"Air Jordan 6 Retro Toro Bravo"},"content":{"rendered":"<h2>Air Jordan 6 Retro &#8222;Toro Bravo&#8221; \u2013 Odwa\u017cny styl w intensywnej czerwieni<\/h2>\n<p>Air Jordan 6 Retro &#8222;Toro Bravo&#8221; to model, kt\u00f3ry wyr\u00f3\u017cnia si\u0119 mocn\u0105, g\u0142\u0119bok\u0105 czerwieni\u0105 inspirowan\u0105 kultow\u0105 kolorystyk\u0105 &#8222;Toro Bravo.&#8221; Zamsz premium w intensywnym odcieniu, po\u0142\u0105czony z kontrastuj\u0105cymi czarnymi akcentami, nadaje butom drapie\u017cny i dynamiczny charakter.<\/p>\n<h2>Komfort i wyrazisto\u015b\u0107 w klasycznym wydaniu<\/h2>\n<p>Technologia Air w podeszwie gwarantuje wygod\u0119, a charakterystyczne perforacje i wyci\u0119cia zapewniaj\u0105 sportowy styl i przewiewno\u015b\u0107. Air Jordan 6 Retro &#8222;Toro Bravo&#8221; to idealny wyb\u00f3r dla fan\u00f3w streetwearu, kt\u00f3rzy poszukuj\u0105 mocnego akcentu do swoich stylizacji, \u0142\u0105cz\u0105c odwa\u017cny wygl\u0105d z ponadczasow\u0105 estetyk\u0105 Jordana.<\/p>","protected":false},"excerpt":{"rendered":"<h2>Air Jordan 6 Retro &#8222;Toro Bravo&#8221; \u2013 Intensywna czerwie\u0144 dla odwa\u017cnych<\/h2>\n<p>Air Jordan 6 Retro &#8222;Toro Bravo&#8221; przyci\u0105ga wzrok g\u0142\u0119bokim czerwonym zamszem premium, zestawionym z kontrastowymi czarnymi detalami, kt\u00f3re podkre\u015blaj\u0105 drapie\u017cny charakter modelu. Wygodna amortyzacja Air i sportowy design czyni\u0105 ten model idealnym wyborem do streetwearowych stylizacji, dodaj\u0105c im energii i wyrazisto\u015bci.<\/p>","protected":false},"featured_media":81869,"template":"","meta":{"_acf_changed":false},"pwb-brand":[749],"product_brand":[],"product_cat":[16,17,335],"product_tag":[1008,1009],"class_list":{"0":"post-81868","1":"product","2":"type-product","3":"status-publish","4":"has-post-thumbnail","6":"pwb-brand-air-jordan","7":"product_cat-buty","8":"product_cat-air-jordan","9":"product_cat-air-jordan-6","10":"product_tag-kobieta","11":"product_tag-mezczyzna","13":"first","14":"onbackorder","15":"taxable","16":"shipping-taxable","17":"purchasable","18":"product-type-variable"},"acf":[],"yoast_head":"<!-- This site is optimized with the Yoast SEO plugin v27.2 - https:\/\/yoast.com\/product\/yoast-seo-wordpress\/ -->\n<title>Air Jordan 6 Retro Toro Bravo - SHEZAMME<\/title>\n<meta name=\"description\" content=\"Air Jordan 6 Retro Toro Bravo | Luksusowe i autentyczne przedmioty w jednym miejscu. B\u0105d\u017a na bie\u017c\u0105co i sprawd\u017a nasz\u0105 ofert\u0119 ju\u017c teraz\" \/>\n<meta name=\"robots\" content=\"index, follow, max-snippet:-1, max-image-preview:large, max-video-preview:-1\" \/>\n<link rel=\"canonical\" href=\"https:\/\/shezamme.com\/en\/sklep\/sneakers-2\/air-jordan\/air-jordan-6\/air-jordan-6-retro-toro-bravo\/\" \/>\n<meta property=\"og:locale\" content=\"en_US\" \/>\n<meta property=\"og:type\" content=\"article\" \/>\n<meta property=\"og:title\" content=\"Air Jordan 6 Retro Toro Bravo - SHEZAMME\" \/>\n<meta property=\"og:description\" content=\"Air Jordan 6 Retro Toro Bravo | Luksusowe i autentyczne przedmioty w jednym miejscu. B\u0105d\u017a na bie\u017c\u0105co i sprawd\u017a nasz\u0105 ofert\u0119 ju\u017c teraz\" \/>\n<meta property=\"og:url\" content=\"https:\/\/shezamme.com\/en\/sklep\/sneakers-2\/air-jordan\/air-jordan-6\/air-jordan-6-retro-toro-bravo\/\" \/>\n<meta property=\"og:site_name\" content=\"SHEZAMME - Yeezy, Jordan, Supreme i inne oryginalne rzeczy\" \/>\n<meta property=\"article:publisher\" content=\"https:\/\/www.facebook.com\/SHEZAMME\/\" \/>\n<meta property=\"article:modified_time\" content=\"2025-02-16T17:28:52+00:00\" \/>\n<meta property=\"og:image\" content=\"https:\/\/shezamme.com\/wp-content\/uploads\/2024\/08\/air-jordan-6-retro-toro-bravo-sneakers-1.webp\" \/>\n\t<meta property=\"og:image:width\" content=\"950\" \/>\n\t<meta property=\"og:image:height\" content=\"604\" \/>\n\t<meta property=\"og:image:type\" content=\"image\/webp\" \/>\n<meta name=\"twitter:card\" content=\"summary_large_image\" \/>\n<meta name=\"twitter:site\" content=\"@SHEZAMME\" \/>\n<meta name=\"twitter:label1\" content=\"Est. reading time\" \/>\n\t<meta name=\"twitter:data1\" content=\"1 minute\" \/>\n<script type=\"application\/ld+json\" class=\"yoast-schema-graph\">{\"@context\":\"https:\/\/schema.org\",\"@graph\":[{\"@type\":\"WebPage\",\"@id\":\"https:\/\/shezamme.com\/sklep\/buty\/air-jordan\/air-jordan-6\/air-jordan-6-retro-toro-bravo\/\",\"url\":\"https:\/\/shezamme.com\/sklep\/buty\/air-jordan\/air-jordan-6\/air-jordan-6-retro-toro-bravo\/\",\"name\":\"Air Jordan 6 Retro Toro Bravo - SHEZAMME\",\"isPartOf\":{\"@id\":\"https:\/\/shezamme.com\/#website\"},\"primaryImageOfPage\":{\"@id\":\"https:\/\/shezamme.com\/sklep\/buty\/air-jordan\/air-jordan-6\/air-jordan-6-retro-toro-bravo\/#primaryimage\"},\"image\":{\"@id\":\"https:\/\/shezamme.com\/sklep\/buty\/air-jordan\/air-jordan-6\/air-jordan-6-retro-toro-bravo\/#primaryimage\"},\"thumbnailUrl\":\"https:\/\/shezamme.com\/wp-content\/uploads\/2024\/08\/air-jordan-6-retro-toro-bravo-sneakers-1.webp\",\"datePublished\":\"2024-09-02T12:49:37+00:00\",\"dateModified\":\"2025-02-16T17:28:52+00:00\",\"description\":\"Air Jordan 6 Retro Toro Bravo | Luksusowe i autentyczne przedmioty w jednym miejscu. B\u0105d\u017a na bie\u017c\u0105co i sprawd\u017a nasz\u0105 ofert\u0119 ju\u017c teraz\",\"breadcrumb\":{\"@id\":\"https:\/\/shezamme.com\/sklep\/buty\/air-jordan\/air-jordan-6\/air-jordan-6-retro-toro-bravo\/#breadcrumb\"},\"inLanguage\":\"en-US\",\"potentialAction\":[{\"@type\":\"ReadAction\",\"target\":[\"https:\/\/shezamme.com\/sklep\/buty\/air-jordan\/air-jordan-6\/air-jordan-6-retro-toro-bravo\/\"]}]},{\"@type\":\"ImageObject\",\"inLanguage\":\"en-US\",\"@id\":\"https:\/\/shezamme.com\/sklep\/buty\/air-jordan\/air-jordan-6\/air-jordan-6-retro-toro-bravo\/#primaryimage\",\"url\":\"https:\/\/shezamme.com\/wp-content\/uploads\/2024\/08\/air-jordan-6-retro-toro-bravo-sneakers-1.webp\",\"contentUrl\":\"https:\/\/shezamme.com\/wp-content\/uploads\/2024\/08\/air-jordan-6-retro-toro-bravo-sneakers-1.webp\",\"width\":950,\"height\":604},{\"@type\":\"BreadcrumbList\",\"@id\":\"https:\/\/shezamme.com\/sklep\/buty\/air-jordan\/air-jordan-6\/air-jordan-6-retro-toro-bravo\/#breadcrumb\",\"itemListElement\":[{\"@type\":\"ListItem\",\"position\":1,\"name\":\"Strona g\u0142\u00f3wna\",\"item\":\"https:\/\/shezamme.com\/\"},{\"@type\":\"ListItem\",\"position\":2,\"name\":\"Sklep\",\"item\":\"https:\/\/shezamme.com\/sklep\/\"},{\"@type\":\"ListItem\",\"position\":3,\"name\":\"Air Jordan 6 Retro Toro Bravo\"}]},{\"@type\":\"WebSite\",\"@id\":\"https:\/\/shezamme.com\/#website\",\"url\":\"https:\/\/shezamme.com\/\",\"name\":\"SHEZAMME - Sneakersy, Streetwear i luksusowe marki\",\"description\":\"Oryginalne i ekskluzywne przedmioty w jednym miejscu. Sprawd\u017a nasze produkty ju\u017c teraz i b\u0105d\u017a na bie\u017c\u0105co z wszystkimi premierami.\",\"publisher\":{\"@id\":\"https:\/\/shezamme.com\/#organization\"},\"potentialAction\":[{\"@type\":\"SearchAction\",\"target\":{\"@type\":\"EntryPoint\",\"urlTemplate\":\"https:\/\/shezamme.com\/?s={search_term_string}\"},\"query-input\":{\"@type\":\"PropertyValueSpecification\",\"valueRequired\":true,\"valueName\":\"search_term_string\"}}],\"inLanguage\":\"en-US\"},{\"@type\":\"Organization\",\"@id\":\"https:\/\/shezamme.com\/#organization\",\"name\":\"SHEZAMME - Sneakersy, Streetwear i luksusowe marki\",\"url\":\"https:\/\/shezamme.com\/\",\"logo\":{\"@type\":\"ImageObject\",\"inLanguage\":\"en-US\",\"@id\":\"https:\/\/shezamme.com\/#\/schema\/logo\/image\/\",\"url\":\"https:\/\/shezamme.com\/wp-content\/uploads\/2023\/02\/0x0.png\",\"contentUrl\":\"https:\/\/shezamme.com\/wp-content\/uploads\/2023\/02\/0x0.png\",\"width\":2000,\"height\":2000,\"caption\":\"SHEZAMME - Sneakersy, Streetwear i luksusowe marki\"},\"image\":{\"@id\":\"https:\/\/shezamme.com\/#\/schema\/logo\/image\/\"},\"sameAs\":[\"https:\/\/www.facebook.com\/SHEZAMME\/\",\"https:\/\/x.com\/SHEZAMME\",\"https:\/\/www.instagram.com\/shezamme\/\",\"https:\/\/www.youtube.com\/channel\/UCsTJxi_9fODHdO_1bmJbqvQ\",\"https:\/\/www.tiktok.com\/shezamme.com\"]}]}<\/script>\n<!-- \/ Yoast SEO plugin. -->","yoast_head_json":{"title":"Air Jordan 6 Retro Toro Bravo - SHEZAMME","description":"Air Jordan 6 Retro Toro Bravo | Luksusowe i autentyczne przedmioty w jednym miejscu. B\u0105d\u017a na bie\u017c\u0105co i sprawd\u017a nasz\u0105 ofert\u0119 ju\u017c teraz","robots":{"index":"index","follow":"follow","max-snippet":"max-snippet:-1","max-image-preview":"max-image-preview:large","max-video-preview":"max-video-preview:-1"},"canonical":"https:\/\/shezamme.com\/en\/sklep\/sneakers-2\/air-jordan\/air-jordan-6\/air-jordan-6-retro-toro-bravo\/","og_locale":"en_US","og_type":"article","og_title":"Air Jordan 6 Retro Toro Bravo - SHEZAMME","og_description":"Air Jordan 6 Retro Toro Bravo | Luksusowe i autentyczne przedmioty w jednym miejscu. B\u0105d\u017a na bie\u017c\u0105co i sprawd\u017a nasz\u0105 ofert\u0119 ju\u017c teraz","og_url":"https:\/\/shezamme.com\/en\/sklep\/sneakers-2\/air-jordan\/air-jordan-6\/air-jordan-6-retro-toro-bravo\/","og_site_name":"SHEZAMME - Yeezy, Jordan, Supreme i inne oryginalne rzeczy","article_publisher":"https:\/\/www.facebook.com\/SHEZAMME\/","article_modified_time":"2025-02-16T17:28:52+00:00","og_image":[{"width":950,"height":604,"url":"https:\/\/shezamme.com\/wp-content\/uploads\/2024\/08\/air-jordan-6-retro-toro-bravo-sneakers-1.webp","type":"image\/webp"}],"twitter_card":"summary_large_image","twitter_site":"@SHEZAMME","twitter_misc":{"Est. reading time":"1 minute"},"schema":{"@context":"https:\/\/schema.org","@graph":[{"@type":"WebPage","@id":"https:\/\/shezamme.com\/sklep\/buty\/air-jordan\/air-jordan-6\/air-jordan-6-retro-toro-bravo\/","url":"https:\/\/shezamme.com\/sklep\/buty\/air-jordan\/air-jordan-6\/air-jordan-6-retro-toro-bravo\/","name":"Air Jordan 6 Retro Toro Bravo - SHEZAMME","isPartOf":{"@id":"https:\/\/shezamme.com\/#website"},"primaryImageOfPage":{"@id":"https:\/\/shezamme.com\/sklep\/buty\/air-jordan\/air-jordan-6\/air-jordan-6-retro-toro-bravo\/#primaryimage"},"image":{"@id":"https:\/\/shezamme.com\/sklep\/buty\/air-jordan\/air-jordan-6\/air-jordan-6-retro-toro-bravo\/#primaryimage"},"thumbnailUrl":"https:\/\/shezamme.com\/wp-content\/uploads\/2024\/08\/air-jordan-6-retro-toro-bravo-sneakers-1.webp","datePublished":"2024-09-02T12:49:37+00:00","dateModified":"2025-02-16T17:28:52+00:00","description":"Air Jordan 6 Retro Toro Bravo | Luksusowe i autentyczne przedmioty w jednym miejscu. B\u0105d\u017a na bie\u017c\u0105co i sprawd\u017a nasz\u0105 ofert\u0119 ju\u017c teraz","breadcrumb":{"@id":"https:\/\/shezamme.com\/sklep\/buty\/air-jordan\/air-jordan-6\/air-jordan-6-retro-toro-bravo\/#breadcrumb"},"inLanguage":"en-US","potentialAction":[{"@type":"ReadAction","target":["https:\/\/shezamme.com\/sklep\/buty\/air-jordan\/air-jordan-6\/air-jordan-6-retro-toro-bravo\/"]}]},{"@type":"ImageObject","inLanguage":"en-US","@id":"https:\/\/shezamme.com\/sklep\/buty\/air-jordan\/air-jordan-6\/air-jordan-6-retro-toro-bravo\/#primaryimage","url":"https:\/\/shezamme.com\/wp-content\/uploads\/2024\/08\/air-jordan-6-retro-toro-bravo-sneakers-1.webp","contentUrl":"https:\/\/shezamme.com\/wp-content\/uploads\/2024\/08\/air-jordan-6-retro-toro-bravo-sneakers-1.webp","width":950,"height":604},{"@type":"BreadcrumbList","@id":"https:\/\/shezamme.com\/sklep\/buty\/air-jordan\/air-jordan-6\/air-jordan-6-retro-toro-bravo\/#breadcrumb","itemListElement":[{"@type":"ListItem","position":1,"name":"Strona g\u0142\u00f3wna","item":"https:\/\/shezamme.com\/"},{"@type":"ListItem","position":2,"name":"Sklep","item":"https:\/\/shezamme.com\/sklep\/"},{"@type":"ListItem","position":3,"name":"Air Jordan 6 Retro Toro Bravo"}]},{"@type":"WebSite","@id":"https:\/\/shezamme.com\/#website","url":"https:\/\/shezamme.com\/","name":"SHEZAMME - Sneakers, Streetwear and luxury brands","description":"Original and exclusive items in one place. Check out our products now and stay up to date with all launches.","publisher":{"@id":"https:\/\/shezamme.com\/#organization"},"potentialAction":[{"@type":"SearchAction","target":{"@type":"EntryPoint","urlTemplate":"https:\/\/shezamme.com\/?s={search_term_string}"},"query-input":{"@type":"PropertyValueSpecification","valueRequired":true,"valueName":"search_term_string"}}],"inLanguage":"en-US"},{"@type":"Organization","@id":"https:\/\/shezamme.com\/#organization","name":"SHEZAMME - Sneakers, Streetwear and luxury brands","url":"https:\/\/shezamme.com\/","logo":{"@type":"ImageObject","inLanguage":"en-US","@id":"https:\/\/shezamme.com\/#\/schema\/logo\/image\/","url":"https:\/\/shezamme.com\/wp-content\/uploads\/2023\/02\/0x0.png","contentUrl":"https:\/\/shezamme.com\/wp-content\/uploads\/2023\/02\/0x0.png","width":2000,"height":2000,"caption":"SHEZAMME - Sneakersy, Streetwear i luksusowe marki"},"image":{"@id":"https:\/\/shezamme.com\/#\/schema\/logo\/image\/"},"sameAs":["https:\/\/www.facebook.com\/SHEZAMME\/","https:\/\/x.com\/SHEZAMME","https:\/\/www.instagram.com\/shezamme\/","https:\/\/www.youtube.com\/channel\/UCsTJxi_9fODHdO_1bmJbqvQ","https:\/\/www.tiktok.com\/shezamme.com"]}]}},"brands":[{"id":749,"name":"Jordan","slug":"air-jordan"}],"_links":{"self":[{"href":"https:\/\/shezamme.com\/en\/wp-json\/wp\/v2\/product\/81868","targetHints":{"allow":["GET"]}}],"collection":[{"href":"https:\/\/shezamme.com\/en\/wp-json\/wp\/v2\/product"}],"about":[{"href":"https:\/\/shezamme.com\/en\/wp-json\/wp\/v2\/types\/product"}],"wp:featuredmedia":[{"embeddable":true,"href":"https:\/\/shezamme.com\/en\/wp-json\/wp\/v2\/media\/81869"}],"wp:attachment":[{"href":"https:\/\/shezamme.com\/en\/wp-json\/wp\/v2\/media?parent=81868"}],"wp:term":[{"taxonomy":"pwb-brand","embeddable":true,"href":"https:\/\/shezamme.com\/en\/wp-json\/wp\/v2\/pwb-brand?post=81868"},{"taxonomy":"product_brand","embeddable":true,"href":"https:\/\/shezamme.com\/en\/wp-json\/wp\/v2\/product_brand?post=81868"},{"taxonomy":"product_cat","embeddable":true,"href":"https:\/\/shezamme.com\/en\/wp-json\/wp\/v2\/product_cat?post=81868"},{"taxonomy":"product_tag","embeddable":true,"href":"https:\/\/shezamme.com\/en\/wp-json\/wp\/v2\/product_tag?post=81868"}],"curies":[{"name":"wp","href":"https:\/\/api.w.org\/{rel}","templated":true}]}}