{"id":81490,"date":"2024-08-28T20:30:59","date_gmt":"2024-08-28T18:30:59","guid":{"rendered":"https:\/\/shezamme.com\/?post_type=product&#038;p=81490"},"modified":"2025-04-16T08:56:32","modified_gmt":"2025-04-16T06:56:32","slug":"a-bathing-ape-bape-sta-low-abc-camo-20th-anniversary-blue","status":"publish","type":"product","link":"https:\/\/shezamme.com\/en\/sklep\/buty\/inne\/bape-sta\/a-bathing-ape-bape-sta-low-abc-camo-20th-anniversary-blue\/","title":{"rendered":"A Bathing Ape Bape Sta Low ABC Camo 20th Anniversary Blue"},"content":{"rendered":"<h2>Jubileuszowa edycja: A Bathing Ape Bape Sta Low ABC Camo 20th Anniversary Blue<\/h2>\n<p>A Bathing Ape Bape Sta Low ABC Camo 20th Anniversary Blue to sneakersy, kt\u00f3re celebruj\u0105 20-lecie kultowego modelu Bape Sta. Wierzchnia cz\u0119\u015b\u0107 wykonana z wysokiej jako\u015bci sk\u00f3ry premium zosta\u0142a ozdobiona charakterystycznym niebieskim wzorem kamufla\u017cu ABC Camo, kt\u00f3ry od lat jest symbolem marki A Bathing Ape. Niskoprofilowa konstrukcja inspirowana klasycznymi sneakersami oferuje wygod\u0119 i styl, a tekstylna wy\u015bci\u00f3\u0142ka zapewnia przewiewno\u015b\u0107 w codziennym u\u017cytkowaniu. Gumowa podeszwa z brandingiem Bape Sta gwarantuje trwa\u0142o\u015b\u0107 i stabilno\u015b\u0107, a detale w postaci jubileuszowego logo na j\u0119zyku i pi\u0119cie podkre\u015blaj\u0105 wyj\u0105tkowy charakter tej edycji.<\/p>\n<h2>Stylowa ikona dla kolekcjoner\u00f3w i fan\u00f3w streetwearu<\/h2>\n<p>Model ABC Camo Blue 20th Anniversary to idealny wyb\u00f3r dla os\u00f3b ceni\u0105cych unikalne sneakersy o miejskim charakterze. Niebieska kolorystyka z kultowym kamufla\u017cem i limitowane detale czyni\u0105 te buty zar\u00f3wno praktycznym elementem garderoby, jak i wyj\u0105tkowym dodatkiem dla kolekcjoner\u00f3w. Po\u0142\u0105czenie streetwearowej estetyki z histori\u0105 marki sprawia, \u017ce s\u0105 one niepowtarzalnym symbolem wsp\u00f3\u0142czesnej mody ulicznej.<\/p>","protected":false},"excerpt":{"rendered":"<h2>Wyj\u0105tkowa edycja: A Bathing Ape Bape Sta Low ABC Camo 20th Anniversary Blue<\/h2>\n<p>A Bathing Ape Bape Sta Low ABC Camo Blue w limitowanej edycji 20-lecia wyr\u00f3\u017cnia si\u0119 niebieskim wzorem ABC Camo na sk\u00f3rzanej cholewce. To streetwearowa ikona dla mi\u0142o\u015bnik\u00f3w unikalnego stylu.<\/p>","protected":false},"featured_media":81455,"template":"","meta":{"_acf_changed":false,"_yoast_wpseo_focuskw":"","_yoast_wpseo_title":"","_yoast_wpseo_metadesc":""},"pwb-brand":[],"product_brand":[],"product_cat":[16,813],"product_tag":[1008,1009],"class_list":{"0":"post-81490","1":"product","2":"type-product","3":"status-publish","4":"has-post-thumbnail","6":"product_cat-buty","7":"product_cat-bape-sta","8":"product_tag-kobieta","9":"product_tag-mezczyzna","11":"first","12":"onbackorder","13":"taxable","14":"shipping-taxable","15":"purchasable","16":"product-type-variable"},"acf":[],"yoast_head":"<!-- This site is optimized with the Yoast SEO plugin v27.2 - https:\/\/yoast.com\/product\/yoast-seo-wordpress\/ -->\n<title>A Bathing Ape Bape Sta Low ABC Camo 20th Anniversary Blue - SHEZAMME<\/title>\n<meta name=\"description\" content=\"A Bathing Ape Bape Sta Low ABC Camo 20th Anniversary Blue | Luksusowe i autentyczne przedmioty w jednym miejscu. B\u0105d\u017a na bie\u017c\u0105co i sprawd\u017a nasz\u0105 ofert\u0119 ju\u017c teraz\" \/>\n<meta name=\"robots\" content=\"index, follow, max-snippet:-1, max-image-preview:large, max-video-preview:-1\" \/>\n<link rel=\"canonical\" href=\"https:\/\/shezamme.com\/en\/sklep\/sneakers-2\/others\/bape-sta\/a-bathing-ape-bape-sta-low-abc-camo-20th-anniversary-blue\/\" \/>\n<meta property=\"og:locale\" content=\"en_US\" \/>\n<meta property=\"og:type\" content=\"article\" \/>\n<meta property=\"og:title\" content=\"A Bathing Ape Bape Sta Low ABC Camo 20th Anniversary Blue - SHEZAMME\" \/>\n<meta property=\"og:description\" content=\"A Bathing Ape Bape Sta Low ABC Camo 20th Anniversary Blue | Luksusowe i autentyczne przedmioty w jednym miejscu. B\u0105d\u017a na bie\u017c\u0105co i sprawd\u017a nasz\u0105 ofert\u0119 ju\u017c teraz\" \/>\n<meta property=\"og:url\" content=\"https:\/\/shezamme.com\/en\/sklep\/sneakers-2\/others\/bape-sta\/a-bathing-ape-bape-sta-low-abc-camo-20th-anniversary-blue\/\" \/>\n<meta property=\"og:site_name\" content=\"SHEZAMME - Yeezy, Jordan, Supreme i inne oryginalne rzeczy\" \/>\n<meta property=\"article:publisher\" content=\"https:\/\/www.facebook.com\/SHEZAMME\/\" \/>\n<meta property=\"article:modified_time\" content=\"2025-04-16T06:56:32+00:00\" \/>\n<meta property=\"og:image\" content=\"https:\/\/shezamme.com\/wp-content\/uploads\/2024\/08\/A-Bathing-Ape-Bape-Sta-LowABC-Camo-20th-Anniversary-Blue-sneakers-1.jpg\" \/>\n\t<meta property=\"og:image:width\" content=\"2400\" \/>\n\t<meta property=\"og:image:height\" content=\"1714\" \/>\n\t<meta property=\"og:image:type\" content=\"image\/jpeg\" \/>\n<meta name=\"twitter:card\" content=\"summary_large_image\" \/>\n<meta name=\"twitter:site\" content=\"@SHEZAMME\" \/>\n<meta name=\"twitter:label1\" content=\"Est. reading time\" \/>\n\t<meta name=\"twitter:data1\" content=\"1 minute\" \/>\n<script type=\"application\/ld+json\" class=\"yoast-schema-graph\">{\"@context\":\"https:\/\/schema.org\",\"@graph\":[{\"@type\":\"WebPage\",\"@id\":\"https:\/\/shezamme.com\/sklep\/buty\/inne\/bape-sta\/a-bathing-ape-bape-sta-low-abc-camo-20th-anniversary-blue\/\",\"url\":\"https:\/\/shezamme.com\/sklep\/buty\/inne\/bape-sta\/a-bathing-ape-bape-sta-low-abc-camo-20th-anniversary-blue\/\",\"name\":\"A Bathing Ape Bape Sta Low ABC Camo 20th Anniversary Blue - SHEZAMME\",\"isPartOf\":{\"@id\":\"https:\/\/shezamme.com\/#website\"},\"primaryImageOfPage\":{\"@id\":\"https:\/\/shezamme.com\/sklep\/buty\/inne\/bape-sta\/a-bathing-ape-bape-sta-low-abc-camo-20th-anniversary-blue\/#primaryimage\"},\"image\":{\"@id\":\"https:\/\/shezamme.com\/sklep\/buty\/inne\/bape-sta\/a-bathing-ape-bape-sta-low-abc-camo-20th-anniversary-blue\/#primaryimage\"},\"thumbnailUrl\":\"https:\/\/shezamme.com\/wp-content\/uploads\/2024\/08\/A-Bathing-Ape-Bape-Sta-LowABC-Camo-20th-Anniversary-Blue-sneakers-1.jpg\",\"datePublished\":\"2024-08-28T18:30:59+00:00\",\"dateModified\":\"2025-04-16T06:56:32+00:00\",\"description\":\"A Bathing Ape Bape Sta Low ABC Camo 20th Anniversary Blue | Luksusowe i autentyczne przedmioty w jednym miejscu. B\u0105d\u017a na bie\u017c\u0105co i sprawd\u017a nasz\u0105 ofert\u0119 ju\u017c teraz\",\"breadcrumb\":{\"@id\":\"https:\/\/shezamme.com\/sklep\/buty\/inne\/bape-sta\/a-bathing-ape-bape-sta-low-abc-camo-20th-anniversary-blue\/#breadcrumb\"},\"inLanguage\":\"en-US\",\"potentialAction\":[{\"@type\":\"ReadAction\",\"target\":[\"https:\/\/shezamme.com\/sklep\/buty\/inne\/bape-sta\/a-bathing-ape-bape-sta-low-abc-camo-20th-anniversary-blue\/\"]}]},{\"@type\":\"ImageObject\",\"inLanguage\":\"en-US\",\"@id\":\"https:\/\/shezamme.com\/sklep\/buty\/inne\/bape-sta\/a-bathing-ape-bape-sta-low-abc-camo-20th-anniversary-blue\/#primaryimage\",\"url\":\"https:\/\/shezamme.com\/wp-content\/uploads\/2024\/08\/A-Bathing-Ape-Bape-Sta-LowABC-Camo-20th-Anniversary-Blue-sneakers-1.jpg\",\"contentUrl\":\"https:\/\/shezamme.com\/wp-content\/uploads\/2024\/08\/A-Bathing-Ape-Bape-Sta-LowABC-Camo-20th-Anniversary-Blue-sneakers-1.jpg\",\"width\":2400,\"height\":1714},{\"@type\":\"BreadcrumbList\",\"@id\":\"https:\/\/shezamme.com\/sklep\/buty\/inne\/bape-sta\/a-bathing-ape-bape-sta-low-abc-camo-20th-anniversary-blue\/#breadcrumb\",\"itemListElement\":[{\"@type\":\"ListItem\",\"position\":1,\"name\":\"Strona g\u0142\u00f3wna\",\"item\":\"https:\/\/shezamme.com\/\"},{\"@type\":\"ListItem\",\"position\":2,\"name\":\"Sklep\",\"item\":\"https:\/\/shezamme.com\/sklep\/\"},{\"@type\":\"ListItem\",\"position\":3,\"name\":\"A Bathing Ape Bape Sta Low ABC Camo 20th Anniversary Blue\"}]},{\"@type\":\"WebSite\",\"@id\":\"https:\/\/shezamme.com\/#website\",\"url\":\"https:\/\/shezamme.com\/\",\"name\":\"SHEZAMME - Sneakersy, Streetwear i luksusowe marki\",\"description\":\"Oryginalne i ekskluzywne przedmioty w jednym miejscu. Sprawd\u017a nasze produkty ju\u017c teraz i b\u0105d\u017a na bie\u017c\u0105co z wszystkimi premierami.\",\"publisher\":{\"@id\":\"https:\/\/shezamme.com\/#organization\"},\"potentialAction\":[{\"@type\":\"SearchAction\",\"target\":{\"@type\":\"EntryPoint\",\"urlTemplate\":\"https:\/\/shezamme.com\/?s={search_term_string}\"},\"query-input\":{\"@type\":\"PropertyValueSpecification\",\"valueRequired\":true,\"valueName\":\"search_term_string\"}}],\"inLanguage\":\"en-US\"},{\"@type\":\"Organization\",\"@id\":\"https:\/\/shezamme.com\/#organization\",\"name\":\"SHEZAMME - Sneakersy, Streetwear i luksusowe marki\",\"url\":\"https:\/\/shezamme.com\/\",\"logo\":{\"@type\":\"ImageObject\",\"inLanguage\":\"en-US\",\"@id\":\"https:\/\/shezamme.com\/#\/schema\/logo\/image\/\",\"url\":\"https:\/\/shezamme.com\/wp-content\/uploads\/2023\/02\/0x0.png\",\"contentUrl\":\"https:\/\/shezamme.com\/wp-content\/uploads\/2023\/02\/0x0.png\",\"width\":2000,\"height\":2000,\"caption\":\"SHEZAMME - Sneakersy, Streetwear i luksusowe marki\"},\"image\":{\"@id\":\"https:\/\/shezamme.com\/#\/schema\/logo\/image\/\"},\"sameAs\":[\"https:\/\/www.facebook.com\/SHEZAMME\/\",\"https:\/\/x.com\/SHEZAMME\",\"https:\/\/www.instagram.com\/shezamme\/\",\"https:\/\/www.youtube.com\/channel\/UCsTJxi_9fODHdO_1bmJbqvQ\",\"https:\/\/www.tiktok.com\/shezamme.com\"]}]}<\/script>\n<!-- \/ Yoast SEO plugin. -->","yoast_head_json":{"title":"A Bathing Ape Bape Sta Low ABC Camo 20th Anniversary Blue - SHEZAMME","description":"A Bathing Ape Bape Sta Low ABC Camo 20th Anniversary Blue | Luksusowe i autentyczne przedmioty w jednym miejscu. B\u0105d\u017a na bie\u017c\u0105co i sprawd\u017a nasz\u0105 ofert\u0119 ju\u017c teraz","robots":{"index":"index","follow":"follow","max-snippet":"max-snippet:-1","max-image-preview":"max-image-preview:large","max-video-preview":"max-video-preview:-1"},"canonical":"https:\/\/shezamme.com\/en\/sklep\/sneakers-2\/others\/bape-sta\/a-bathing-ape-bape-sta-low-abc-camo-20th-anniversary-blue\/","og_locale":"en_US","og_type":"article","og_title":"A Bathing Ape Bape Sta Low ABC Camo 20th Anniversary Blue - SHEZAMME","og_description":"A Bathing Ape Bape Sta Low ABC Camo 20th Anniversary Blue | Luksusowe i autentyczne przedmioty w jednym miejscu. B\u0105d\u017a na bie\u017c\u0105co i sprawd\u017a nasz\u0105 ofert\u0119 ju\u017c teraz","og_url":"https:\/\/shezamme.com\/en\/sklep\/sneakers-2\/others\/bape-sta\/a-bathing-ape-bape-sta-low-abc-camo-20th-anniversary-blue\/","og_site_name":"SHEZAMME - Yeezy, Jordan, Supreme i inne oryginalne rzeczy","article_publisher":"https:\/\/www.facebook.com\/SHEZAMME\/","article_modified_time":"2025-04-16T06:56:32+00:00","og_image":[{"width":2400,"height":1714,"url":"https:\/\/shezamme.com\/wp-content\/uploads\/2024\/08\/A-Bathing-Ape-Bape-Sta-LowABC-Camo-20th-Anniversary-Blue-sneakers-1.jpg","type":"image\/jpeg"}],"twitter_card":"summary_large_image","twitter_site":"@SHEZAMME","twitter_misc":{"Est. reading time":"1 minute"},"schema":{"@context":"https:\/\/schema.org","@graph":[{"@type":"WebPage","@id":"https:\/\/shezamme.com\/sklep\/buty\/inne\/bape-sta\/a-bathing-ape-bape-sta-low-abc-camo-20th-anniversary-blue\/","url":"https:\/\/shezamme.com\/sklep\/buty\/inne\/bape-sta\/a-bathing-ape-bape-sta-low-abc-camo-20th-anniversary-blue\/","name":"A Bathing Ape Bape Sta Low ABC Camo 20th Anniversary Blue - SHEZAMME","isPartOf":{"@id":"https:\/\/shezamme.com\/#website"},"primaryImageOfPage":{"@id":"https:\/\/shezamme.com\/sklep\/buty\/inne\/bape-sta\/a-bathing-ape-bape-sta-low-abc-camo-20th-anniversary-blue\/#primaryimage"},"image":{"@id":"https:\/\/shezamme.com\/sklep\/buty\/inne\/bape-sta\/a-bathing-ape-bape-sta-low-abc-camo-20th-anniversary-blue\/#primaryimage"},"thumbnailUrl":"https:\/\/shezamme.com\/wp-content\/uploads\/2024\/08\/A-Bathing-Ape-Bape-Sta-LowABC-Camo-20th-Anniversary-Blue-sneakers-1.jpg","datePublished":"2024-08-28T18:30:59+00:00","dateModified":"2025-04-16T06:56:32+00:00","description":"A Bathing Ape Bape Sta Low ABC Camo 20th Anniversary Blue | Luksusowe i autentyczne przedmioty w jednym miejscu. B\u0105d\u017a na bie\u017c\u0105co i sprawd\u017a nasz\u0105 ofert\u0119 ju\u017c teraz","breadcrumb":{"@id":"https:\/\/shezamme.com\/sklep\/buty\/inne\/bape-sta\/a-bathing-ape-bape-sta-low-abc-camo-20th-anniversary-blue\/#breadcrumb"},"inLanguage":"en-US","potentialAction":[{"@type":"ReadAction","target":["https:\/\/shezamme.com\/sklep\/buty\/inne\/bape-sta\/a-bathing-ape-bape-sta-low-abc-camo-20th-anniversary-blue\/"]}]},{"@type":"ImageObject","inLanguage":"en-US","@id":"https:\/\/shezamme.com\/sklep\/buty\/inne\/bape-sta\/a-bathing-ape-bape-sta-low-abc-camo-20th-anniversary-blue\/#primaryimage","url":"https:\/\/shezamme.com\/wp-content\/uploads\/2024\/08\/A-Bathing-Ape-Bape-Sta-LowABC-Camo-20th-Anniversary-Blue-sneakers-1.jpg","contentUrl":"https:\/\/shezamme.com\/wp-content\/uploads\/2024\/08\/A-Bathing-Ape-Bape-Sta-LowABC-Camo-20th-Anniversary-Blue-sneakers-1.jpg","width":2400,"height":1714},{"@type":"BreadcrumbList","@id":"https:\/\/shezamme.com\/sklep\/buty\/inne\/bape-sta\/a-bathing-ape-bape-sta-low-abc-camo-20th-anniversary-blue\/#breadcrumb","itemListElement":[{"@type":"ListItem","position":1,"name":"Strona g\u0142\u00f3wna","item":"https:\/\/shezamme.com\/"},{"@type":"ListItem","position":2,"name":"Sklep","item":"https:\/\/shezamme.com\/sklep\/"},{"@type":"ListItem","position":3,"name":"A Bathing Ape Bape Sta Low ABC Camo 20th Anniversary Blue"}]},{"@type":"WebSite","@id":"https:\/\/shezamme.com\/#website","url":"https:\/\/shezamme.com\/","name":"SHEZAMME - Sneakers, Streetwear and luxury brands","description":"Original and exclusive items in one place. Check out our products now and stay up to date with all launches.","publisher":{"@id":"https:\/\/shezamme.com\/#organization"},"potentialAction":[{"@type":"SearchAction","target":{"@type":"EntryPoint","urlTemplate":"https:\/\/shezamme.com\/?s={search_term_string}"},"query-input":{"@type":"PropertyValueSpecification","valueRequired":true,"valueName":"search_term_string"}}],"inLanguage":"en-US"},{"@type":"Organization","@id":"https:\/\/shezamme.com\/#organization","name":"SHEZAMME - Sneakers, Streetwear and luxury brands","url":"https:\/\/shezamme.com\/","logo":{"@type":"ImageObject","inLanguage":"en-US","@id":"https:\/\/shezamme.com\/#\/schema\/logo\/image\/","url":"https:\/\/shezamme.com\/wp-content\/uploads\/2023\/02\/0x0.png","contentUrl":"https:\/\/shezamme.com\/wp-content\/uploads\/2023\/02\/0x0.png","width":2000,"height":2000,"caption":"SHEZAMME - Sneakersy, Streetwear i luksusowe marki"},"image":{"@id":"https:\/\/shezamme.com\/#\/schema\/logo\/image\/"},"sameAs":["https:\/\/www.facebook.com\/SHEZAMME\/","https:\/\/x.com\/SHEZAMME","https:\/\/www.instagram.com\/shezamme\/","https:\/\/www.youtube.com\/channel\/UCsTJxi_9fODHdO_1bmJbqvQ","https:\/\/www.tiktok.com\/shezamme.com"]}]}},"brands":[],"_links":{"self":[{"href":"https:\/\/shezamme.com\/en\/wp-json\/wp\/v2\/product\/81490","targetHints":{"allow":["GET"]}}],"collection":[{"href":"https:\/\/shezamme.com\/en\/wp-json\/wp\/v2\/product"}],"about":[{"href":"https:\/\/shezamme.com\/en\/wp-json\/wp\/v2\/types\/product"}],"wp:featuredmedia":[{"embeddable":true,"href":"https:\/\/shezamme.com\/en\/wp-json\/wp\/v2\/media\/81455"}],"wp:attachment":[{"href":"https:\/\/shezamme.com\/en\/wp-json\/wp\/v2\/media?parent=81490"}],"wp:term":[{"taxonomy":"pwb-brand","embeddable":true,"href":"https:\/\/shezamme.com\/en\/wp-json\/wp\/v2\/pwb-brand?post=81490"},{"taxonomy":"product_brand","embeddable":true,"href":"https:\/\/shezamme.com\/en\/wp-json\/wp\/v2\/product_brand?post=81490"},{"taxonomy":"product_cat","embeddable":true,"href":"https:\/\/shezamme.com\/en\/wp-json\/wp\/v2\/product_cat?post=81490"},{"taxonomy":"product_tag","embeddable":true,"href":"https:\/\/shezamme.com\/en\/wp-json\/wp\/v2\/product_tag?post=81490"}],"curies":[{"name":"wp","href":"https:\/\/api.w.org\/{rel}","templated":true}]}}