{"id":81032,"date":"2024-09-02T15:42:13","date_gmt":"2024-09-02T13:42:13","guid":{"rendered":"https:\/\/shezamme.com\/?post_type=product&#038;p=81032"},"modified":"2025-03-30T16:09:03","modified_gmt":"2025-03-30T14:09:03","slug":"yeezy-450-stone-flax","status":"publish","type":"product","link":"https:\/\/shezamme.com\/en\/sklep\/buty\/kids\/adidas-yeezy-kids\/buty-dla-dzieci-adidas-yeezy-450\/yeezy-450-stone-flax\/","title":{"rendered":"Yeezy 450 Stone Flax"},"content":{"rendered":"<h2>Yeezy 450 Stone Flax \u2013 Futurystyczna elegancja w codziennym wydaniu<\/h2>\n<p>Yeezy 450 Stone Flax zachwyca subteln\u0105 kolorystyk\u0105 \u2013 be\u017cowo-szarymi tonami z nut\u0105 ciep\u0142ego br\u0105zu, kt\u00f3re \u015bwietnie komponuj\u0105 si\u0119 z ka\u017cd\u0105 stylizacj\u0105. Elastyczna cholewka z mi\u0119kkiego materia\u0142u tekstylnego doskonale dopasowuje si\u0119 do stopy, zapewniaj\u0105c komfort i przewiewno\u015b\u0107.<\/p>\n<h2>Innowacyjna podeszwa i wygoda<\/h2>\n<p>Charakterystyczna \u201ez\u0119bata\u201d podeszwa z pianki EVA oferuje lekko\u015b\u0107 i efektywn\u0105 amortyzacj\u0119, co pozwala na stabilne, wygodne noszenie przez ca\u0142y dzie\u0144. Unikalny system sznurowania podkre\u015bla minimalistyczny styl, a anatomicznie dopasowany ko\u0142nierz wok\u00f3\u0142 kostki zapewnia wygodne, bezszwowe przyleganie.<\/p>","protected":false},"excerpt":{"rendered":"<h2>Yeezy 450 Stone Flax \u2013 Minimalizm i nowoczesno\u015b\u0107 na co dzie\u0144<\/h2>\n<p>Model Yeezy 450 Stone Flax wyr\u00f3\u017cnia si\u0119 unikaln\u0105 kolorystyk\u0105 w be\u017cowo-szarych tonach z ciep\u0142ym akcentem br\u0105zu, idealn\u0105 do codziennych stylizacji. Mi\u0119kka, elastyczna cholewka oraz lekka, \u201ez\u0119bata\u201d podeszwa z pianki EVA zapewniaj\u0105 komfort i stabilno\u015b\u0107, a futurystyczny design dodaje stylu ka\u017cdemu krokowi.<\/p>","protected":false},"featured_media":81033,"template":"","meta":{"_acf_changed":false,"_yoast_wpseo_focuskw":"","_yoast_wpseo_title":"","_yoast_wpseo_metadesc":""},"pwb-brand":[750],"product_brand":[],"product_cat":[16,938],"product_tag":[1008,1009],"class_list":{"0":"post-81032","1":"product","2":"type-product","3":"status-publish","4":"has-post-thumbnail","6":"pwb-brand-yeezy","7":"product_cat-buty","8":"product_cat-buty-dla-dzieci-adidas-yeezy-450","9":"product_tag-kobieta","10":"product_tag-mezczyzna","12":"first","13":"onbackorder","14":"taxable","15":"shipping-taxable","16":"purchasable","17":"product-type-variable"},"acf":[],"yoast_head":"<!-- This site is optimized with the Yoast SEO plugin v27.2 - https:\/\/yoast.com\/product\/yoast-seo-wordpress\/ -->\n<title>Yeezy 450 Stone Flax - SHEZAMME<\/title>\n<meta name=\"description\" content=\"Yeezy 450 Stone Flax | Luksusowe i autentyczne przedmioty w jednym miejscu. B\u0105d\u017a na bie\u017c\u0105co i sprawd\u017a nasz\u0105 ofert\u0119 ju\u017c teraz\" \/>\n<meta name=\"robots\" content=\"index, follow, max-snippet:-1, max-image-preview:large, max-video-preview:-1\" \/>\n<link rel=\"canonical\" href=\"https:\/\/shezamme.com\/en\/sklep\/sneakers-2\/kids\/adidas-yeezy-kids\/kids-shoes-adidas-yeezy-450\/yeezy-450-stone-flax\/\" \/>\n<meta property=\"og:locale\" content=\"en_US\" \/>\n<meta property=\"og:type\" content=\"article\" \/>\n<meta property=\"og:title\" content=\"Yeezy 450 Stone Flax - SHEZAMME\" \/>\n<meta property=\"og:description\" content=\"Yeezy 450 Stone Flax | Luksusowe i autentyczne przedmioty w jednym miejscu. B\u0105d\u017a na bie\u017c\u0105co i sprawd\u017a nasz\u0105 ofert\u0119 ju\u017c teraz\" \/>\n<meta property=\"og:url\" content=\"https:\/\/shezamme.com\/en\/sklep\/sneakers-2\/kids\/adidas-yeezy-kids\/kids-shoes-adidas-yeezy-450\/yeezy-450-stone-flax\/\" \/>\n<meta property=\"og:site_name\" content=\"SHEZAMME - Yeezy, Jordan, Supreme i inne oryginalne rzeczy\" \/>\n<meta property=\"article:publisher\" content=\"https:\/\/www.facebook.com\/SHEZAMME\/\" \/>\n<meta property=\"article:modified_time\" content=\"2025-03-30T14:09:03+00:00\" \/>\n<meta property=\"og:image\" content=\"https:\/\/shezamme.com\/wp-content\/uploads\/2024\/08\/yeezy-450-stone-flax-sneakers-1.webp\" \/>\n\t<meta property=\"og:image:width\" content=\"950\" \/>\n\t<meta property=\"og:image:height\" content=\"412\" \/>\n\t<meta property=\"og:image:type\" content=\"image\/webp\" \/>\n<meta name=\"twitter:card\" content=\"summary_large_image\" \/>\n<meta name=\"twitter:site\" content=\"@SHEZAMME\" \/>\n<script type=\"application\/ld+json\" class=\"yoast-schema-graph\">{\"@context\":\"https:\/\/schema.org\",\"@graph\":[{\"@type\":\"WebPage\",\"@id\":\"https:\/\/shezamme.com\/sklep\/buty\/kids\/adidas-yeezy-kids\/buty-dla-dzieci-adidas-yeezy-450\/yeezy-450-stone-flax\/\",\"url\":\"https:\/\/shezamme.com\/sklep\/buty\/kids\/adidas-yeezy-kids\/buty-dla-dzieci-adidas-yeezy-450\/yeezy-450-stone-flax\/\",\"name\":\"Yeezy 450 Stone Flax - SHEZAMME\",\"isPartOf\":{\"@id\":\"https:\/\/shezamme.com\/#website\"},\"primaryImageOfPage\":{\"@id\":\"https:\/\/shezamme.com\/sklep\/buty\/kids\/adidas-yeezy-kids\/buty-dla-dzieci-adidas-yeezy-450\/yeezy-450-stone-flax\/#primaryimage\"},\"image\":{\"@id\":\"https:\/\/shezamme.com\/sklep\/buty\/kids\/adidas-yeezy-kids\/buty-dla-dzieci-adidas-yeezy-450\/yeezy-450-stone-flax\/#primaryimage\"},\"thumbnailUrl\":\"https:\/\/shezamme.com\/wp-content\/uploads\/2024\/08\/yeezy-450-stone-flax-sneakers-1.webp\",\"datePublished\":\"2024-09-02T13:42:13+00:00\",\"dateModified\":\"2025-03-30T14:09:03+00:00\",\"description\":\"Yeezy 450 Stone Flax | Luksusowe i autentyczne przedmioty w jednym miejscu. B\u0105d\u017a na bie\u017c\u0105co i sprawd\u017a nasz\u0105 ofert\u0119 ju\u017c teraz\",\"breadcrumb\":{\"@id\":\"https:\/\/shezamme.com\/sklep\/buty\/kids\/adidas-yeezy-kids\/buty-dla-dzieci-adidas-yeezy-450\/yeezy-450-stone-flax\/#breadcrumb\"},\"inLanguage\":\"en-US\",\"potentialAction\":[{\"@type\":\"ReadAction\",\"target\":[\"https:\/\/shezamme.com\/sklep\/buty\/kids\/adidas-yeezy-kids\/buty-dla-dzieci-adidas-yeezy-450\/yeezy-450-stone-flax\/\"]}]},{\"@type\":\"ImageObject\",\"inLanguage\":\"en-US\",\"@id\":\"https:\/\/shezamme.com\/sklep\/buty\/kids\/adidas-yeezy-kids\/buty-dla-dzieci-adidas-yeezy-450\/yeezy-450-stone-flax\/#primaryimage\",\"url\":\"https:\/\/shezamme.com\/wp-content\/uploads\/2024\/08\/yeezy-450-stone-flax-sneakers-1.webp\",\"contentUrl\":\"https:\/\/shezamme.com\/wp-content\/uploads\/2024\/08\/yeezy-450-stone-flax-sneakers-1.webp\",\"width\":950,\"height\":412},{\"@type\":\"BreadcrumbList\",\"@id\":\"https:\/\/shezamme.com\/sklep\/buty\/kids\/adidas-yeezy-kids\/buty-dla-dzieci-adidas-yeezy-450\/yeezy-450-stone-flax\/#breadcrumb\",\"itemListElement\":[{\"@type\":\"ListItem\",\"position\":1,\"name\":\"Strona g\u0142\u00f3wna\",\"item\":\"https:\/\/shezamme.com\/\"},{\"@type\":\"ListItem\",\"position\":2,\"name\":\"Sklep\",\"item\":\"https:\/\/shezamme.com\/sklep\/\"},{\"@type\":\"ListItem\",\"position\":3,\"name\":\"Yeezy 450 Stone Flax\"}]},{\"@type\":\"WebSite\",\"@id\":\"https:\/\/shezamme.com\/#website\",\"url\":\"https:\/\/shezamme.com\/\",\"name\":\"SHEZAMME - Sneakersy, Streetwear i luksusowe marki\",\"description\":\"Oryginalne i ekskluzywne przedmioty w jednym miejscu. Sprawd\u017a nasze produkty ju\u017c teraz i b\u0105d\u017a na bie\u017c\u0105co z wszystkimi premierami.\",\"publisher\":{\"@id\":\"https:\/\/shezamme.com\/#organization\"},\"potentialAction\":[{\"@type\":\"SearchAction\",\"target\":{\"@type\":\"EntryPoint\",\"urlTemplate\":\"https:\/\/shezamme.com\/?s={search_term_string}\"},\"query-input\":{\"@type\":\"PropertyValueSpecification\",\"valueRequired\":true,\"valueName\":\"search_term_string\"}}],\"inLanguage\":\"en-US\"},{\"@type\":\"Organization\",\"@id\":\"https:\/\/shezamme.com\/#organization\",\"name\":\"SHEZAMME - Sneakersy, Streetwear i luksusowe marki\",\"url\":\"https:\/\/shezamme.com\/\",\"logo\":{\"@type\":\"ImageObject\",\"inLanguage\":\"en-US\",\"@id\":\"https:\/\/shezamme.com\/#\/schema\/logo\/image\/\",\"url\":\"https:\/\/shezamme.com\/wp-content\/uploads\/2023\/02\/0x0.png\",\"contentUrl\":\"https:\/\/shezamme.com\/wp-content\/uploads\/2023\/02\/0x0.png\",\"width\":2000,\"height\":2000,\"caption\":\"SHEZAMME - Sneakersy, Streetwear i luksusowe marki\"},\"image\":{\"@id\":\"https:\/\/shezamme.com\/#\/schema\/logo\/image\/\"},\"sameAs\":[\"https:\/\/www.facebook.com\/SHEZAMME\/\",\"https:\/\/x.com\/SHEZAMME\",\"https:\/\/www.instagram.com\/shezamme\/\",\"https:\/\/www.youtube.com\/channel\/UCsTJxi_9fODHdO_1bmJbqvQ\",\"https:\/\/www.tiktok.com\/shezamme.com\"]}]}<\/script>\n<!-- \/ Yoast SEO plugin. -->","yoast_head_json":{"title":"Yeezy 450 Stone Flax - SHEZAMME","description":"Yeezy 450 Stone Flax | Luksusowe i autentyczne przedmioty w jednym miejscu. B\u0105d\u017a na bie\u017c\u0105co i sprawd\u017a nasz\u0105 ofert\u0119 ju\u017c teraz","robots":{"index":"index","follow":"follow","max-snippet":"max-snippet:-1","max-image-preview":"max-image-preview:large","max-video-preview":"max-video-preview:-1"},"canonical":"https:\/\/shezamme.com\/en\/sklep\/sneakers-2\/kids\/adidas-yeezy-kids\/kids-shoes-adidas-yeezy-450\/yeezy-450-stone-flax\/","og_locale":"en_US","og_type":"article","og_title":"Yeezy 450 Stone Flax - SHEZAMME","og_description":"Yeezy 450 Stone Flax | Luksusowe i autentyczne przedmioty w jednym miejscu. B\u0105d\u017a na bie\u017c\u0105co i sprawd\u017a nasz\u0105 ofert\u0119 ju\u017c teraz","og_url":"https:\/\/shezamme.com\/en\/sklep\/sneakers-2\/kids\/adidas-yeezy-kids\/kids-shoes-adidas-yeezy-450\/yeezy-450-stone-flax\/","og_site_name":"SHEZAMME - Yeezy, Jordan, Supreme i inne oryginalne rzeczy","article_publisher":"https:\/\/www.facebook.com\/SHEZAMME\/","article_modified_time":"2025-03-30T14:09:03+00:00","og_image":[{"width":950,"height":412,"url":"https:\/\/shezamme.com\/wp-content\/uploads\/2024\/08\/yeezy-450-stone-flax-sneakers-1.webp","type":"image\/webp"}],"twitter_card":"summary_large_image","twitter_site":"@SHEZAMME","schema":{"@context":"https:\/\/schema.org","@graph":[{"@type":"WebPage","@id":"https:\/\/shezamme.com\/sklep\/buty\/kids\/adidas-yeezy-kids\/buty-dla-dzieci-adidas-yeezy-450\/yeezy-450-stone-flax\/","url":"https:\/\/shezamme.com\/sklep\/buty\/kids\/adidas-yeezy-kids\/buty-dla-dzieci-adidas-yeezy-450\/yeezy-450-stone-flax\/","name":"Yeezy 450 Stone Flax - SHEZAMME","isPartOf":{"@id":"https:\/\/shezamme.com\/#website"},"primaryImageOfPage":{"@id":"https:\/\/shezamme.com\/sklep\/buty\/kids\/adidas-yeezy-kids\/buty-dla-dzieci-adidas-yeezy-450\/yeezy-450-stone-flax\/#primaryimage"},"image":{"@id":"https:\/\/shezamme.com\/sklep\/buty\/kids\/adidas-yeezy-kids\/buty-dla-dzieci-adidas-yeezy-450\/yeezy-450-stone-flax\/#primaryimage"},"thumbnailUrl":"https:\/\/shezamme.com\/wp-content\/uploads\/2024\/08\/yeezy-450-stone-flax-sneakers-1.webp","datePublished":"2024-09-02T13:42:13+00:00","dateModified":"2025-03-30T14:09:03+00:00","description":"Yeezy 450 Stone Flax | Luksusowe i autentyczne przedmioty w jednym miejscu. B\u0105d\u017a na bie\u017c\u0105co i sprawd\u017a nasz\u0105 ofert\u0119 ju\u017c teraz","breadcrumb":{"@id":"https:\/\/shezamme.com\/sklep\/buty\/kids\/adidas-yeezy-kids\/buty-dla-dzieci-adidas-yeezy-450\/yeezy-450-stone-flax\/#breadcrumb"},"inLanguage":"en-US","potentialAction":[{"@type":"ReadAction","target":["https:\/\/shezamme.com\/sklep\/buty\/kids\/adidas-yeezy-kids\/buty-dla-dzieci-adidas-yeezy-450\/yeezy-450-stone-flax\/"]}]},{"@type":"ImageObject","inLanguage":"en-US","@id":"https:\/\/shezamme.com\/sklep\/buty\/kids\/adidas-yeezy-kids\/buty-dla-dzieci-adidas-yeezy-450\/yeezy-450-stone-flax\/#primaryimage","url":"https:\/\/shezamme.com\/wp-content\/uploads\/2024\/08\/yeezy-450-stone-flax-sneakers-1.webp","contentUrl":"https:\/\/shezamme.com\/wp-content\/uploads\/2024\/08\/yeezy-450-stone-flax-sneakers-1.webp","width":950,"height":412},{"@type":"BreadcrumbList","@id":"https:\/\/shezamme.com\/sklep\/buty\/kids\/adidas-yeezy-kids\/buty-dla-dzieci-adidas-yeezy-450\/yeezy-450-stone-flax\/#breadcrumb","itemListElement":[{"@type":"ListItem","position":1,"name":"Strona g\u0142\u00f3wna","item":"https:\/\/shezamme.com\/"},{"@type":"ListItem","position":2,"name":"Sklep","item":"https:\/\/shezamme.com\/sklep\/"},{"@type":"ListItem","position":3,"name":"Yeezy 450 Stone Flax"}]},{"@type":"WebSite","@id":"https:\/\/shezamme.com\/#website","url":"https:\/\/shezamme.com\/","name":"SHEZAMME - Sneakers, Streetwear and luxury brands","description":"Original and exclusive items in one place. Check out our products now and stay up to date with all launches.","publisher":{"@id":"https:\/\/shezamme.com\/#organization"},"potentialAction":[{"@type":"SearchAction","target":{"@type":"EntryPoint","urlTemplate":"https:\/\/shezamme.com\/?s={search_term_string}"},"query-input":{"@type":"PropertyValueSpecification","valueRequired":true,"valueName":"search_term_string"}}],"inLanguage":"en-US"},{"@type":"Organization","@id":"https:\/\/shezamme.com\/#organization","name":"SHEZAMME - Sneakers, Streetwear and luxury brands","url":"https:\/\/shezamme.com\/","logo":{"@type":"ImageObject","inLanguage":"en-US","@id":"https:\/\/shezamme.com\/#\/schema\/logo\/image\/","url":"https:\/\/shezamme.com\/wp-content\/uploads\/2023\/02\/0x0.png","contentUrl":"https:\/\/shezamme.com\/wp-content\/uploads\/2023\/02\/0x0.png","width":2000,"height":2000,"caption":"SHEZAMME - Sneakersy, Streetwear i luksusowe marki"},"image":{"@id":"https:\/\/shezamme.com\/#\/schema\/logo\/image\/"},"sameAs":["https:\/\/www.facebook.com\/SHEZAMME\/","https:\/\/x.com\/SHEZAMME","https:\/\/www.instagram.com\/shezamme\/","https:\/\/www.youtube.com\/channel\/UCsTJxi_9fODHdO_1bmJbqvQ","https:\/\/www.tiktok.com\/shezamme.com"]}]}},"brands":[{"id":750,"name":"Yeezy","slug":"yeezy"}],"_links":{"self":[{"href":"https:\/\/shezamme.com\/en\/wp-json\/wp\/v2\/product\/81032","targetHints":{"allow":["GET"]}}],"collection":[{"href":"https:\/\/shezamme.com\/en\/wp-json\/wp\/v2\/product"}],"about":[{"href":"https:\/\/shezamme.com\/en\/wp-json\/wp\/v2\/types\/product"}],"wp:featuredmedia":[{"embeddable":true,"href":"https:\/\/shezamme.com\/en\/wp-json\/wp\/v2\/media\/81033"}],"wp:attachment":[{"href":"https:\/\/shezamme.com\/en\/wp-json\/wp\/v2\/media?parent=81032"}],"wp:term":[{"taxonomy":"pwb-brand","embeddable":true,"href":"https:\/\/shezamme.com\/en\/wp-json\/wp\/v2\/pwb-brand?post=81032"},{"taxonomy":"product_brand","embeddable":true,"href":"https:\/\/shezamme.com\/en\/wp-json\/wp\/v2\/product_brand?post=81032"},{"taxonomy":"product_cat","embeddable":true,"href":"https:\/\/shezamme.com\/en\/wp-json\/wp\/v2\/product_cat?post=81032"},{"taxonomy":"product_tag","embeddable":true,"href":"https:\/\/shezamme.com\/en\/wp-json\/wp\/v2\/product_tag?post=81032"}],"curies":[{"name":"wp","href":"https:\/\/api.w.org\/{rel}","templated":true}]}}