{"id":79195,"date":"2024-09-02T14:26:03","date_gmt":"2024-09-02T12:26:03","guid":{"rendered":"https:\/\/shezamme.com\/?post_type=product&#038;p=79195"},"modified":"2025-02-04T22:17:46","modified_gmt":"2025-02-04T21:17:46","slug":"new-balance-550-marquette","status":"publish","type":"product","link":"https:\/\/shezamme.com\/en\/sklep\/buty\/new-balance\/new-balance-550\/new-balance-550-marquette\/","title":{"rendered":"New Balance 550 Marquette"},"content":{"rendered":"<h2>Koszykarskie retro w barwach Marquette<\/h2>\n<p>New Balance 550 Marquette to klasyczny model inspirowany stylem lat 80., nawi\u0105zuj\u0105cy do barw dru\u017cyny Marquette Golden Eagles. Bia\u0142a sk\u00f3rzana cholewka z perforacjami zapewnia wentylacj\u0119, a granatowo-z\u0142ote detale dodaj\u0105 charakterystycznego sportowego akcentu.<\/p>\n<h2>Komfort i stabilno\u015b\u0107 na co dzie\u0144<\/h2>\n<p>Tekstylne wn\u0119trze dba o wygod\u0119, a gumowa podeszwa gwarantuje dobr\u0105 przyczepno\u015b\u0107 na r\u00f3\u017cnych nawierzchniach. Sznurowane zapi\u0119cie pozwala na precyzyjne dopasowanie, czyni\u0105c ten model idealnym wyborem zar\u00f3wno do sportowych, jak i codziennych stylizacji.<\/p>","protected":false},"excerpt":{"rendered":"<h2>Koszykarski klasyk w barwach Marquette<\/h2>\n<p>New Balance 550 Marquette to retro model inspirowany latami 80., wyr\u00f3\u017cniaj\u0105cy si\u0119 granatowo-z\u0142otymi akcentami nawi\u0105zuj\u0105cymi do dru\u017cyny Marquette Golden Eagles. Sk\u00f3rzana cholewka z perforacjami zapewnia przewiewno\u015b\u0107 i trwa\u0142o\u015b\u0107.<\/p>\n<h2>Wygoda i doskona\u0142a przyczepno\u015b\u0107<\/h2>\n<p>Tekstylne wn\u0119trze gwarantuje komfort, a gumowa podeszwa stabilno\u015b\u0107 na ka\u017cdej nawierzchni. Sznurowane zapi\u0119cie umo\u017cliwia idealne dopasowanie, sprawiaj\u0105c, \u017ce ten model \u015bwietnie sprawdzi si\u0119 na co dzie\u0144.<\/p>","protected":false},"featured_media":79196,"template":"","meta":{"_acf_changed":false},"pwb-brand":[769],"product_brand":[],"product_cat":[16,321,782],"product_tag":[1008,1009],"class_list":{"0":"post-79195","1":"product","2":"type-product","3":"status-publish","4":"has-post-thumbnail","6":"pwb-brand-new-balance","7":"product_cat-buty","8":"product_cat-new-balance","9":"product_cat-new-balance-550","10":"product_tag-kobieta","11":"product_tag-mezczyzna","13":"first","14":"onbackorder","15":"taxable","16":"shipping-taxable","17":"purchasable","18":"product-type-variable"},"acf":[],"yoast_head":"<!-- This site is optimized with the Yoast SEO plugin v27.2 - https:\/\/yoast.com\/product\/yoast-seo-wordpress\/ -->\n<title>New Balance 550 Marquette - SHEZAMME<\/title>\n<meta name=\"description\" content=\"New Balance 550 Marquette | Luksusowe i autentyczne przedmioty w jednym miejscu. B\u0105d\u017a na bie\u017c\u0105co i sprawd\u017a nasz\u0105 ofert\u0119 ju\u017c teraz\" \/>\n<meta name=\"robots\" content=\"index, follow, max-snippet:-1, max-image-preview:large, max-video-preview:-1\" \/>\n<link rel=\"canonical\" href=\"https:\/\/shezamme.com\/en\/sklep\/sneakers-2\/new-balance\/new-balance-550\/new-balance-550-marquette\/\" \/>\n<meta property=\"og:locale\" content=\"en_US\" \/>\n<meta property=\"og:type\" content=\"article\" \/>\n<meta property=\"og:title\" content=\"New Balance 550 Marquette - SHEZAMME\" \/>\n<meta property=\"og:description\" content=\"New Balance 550 Marquette | Luksusowe i autentyczne przedmioty w jednym miejscu. B\u0105d\u017a na bie\u017c\u0105co i sprawd\u017a nasz\u0105 ofert\u0119 ju\u017c teraz\" \/>\n<meta property=\"og:url\" content=\"https:\/\/shezamme.com\/en\/sklep\/sneakers-2\/new-balance\/new-balance-550\/new-balance-550-marquette\/\" \/>\n<meta property=\"og:site_name\" content=\"SHEZAMME - Yeezy, Jordan, Supreme i inne oryginalne rzeczy\" \/>\n<meta property=\"article:publisher\" content=\"https:\/\/www.facebook.com\/SHEZAMME\/\" \/>\n<meta property=\"article:modified_time\" content=\"2025-02-04T21:17:46+00:00\" \/>\n<meta property=\"og:image\" content=\"https:\/\/shezamme.com\/wp-content\/uploads\/2024\/08\/new-balance-550-marquette-1.webp\" \/>\n\t<meta property=\"og:image:width\" content=\"2000\" \/>\n\t<meta property=\"og:image:height\" content=\"997\" \/>\n\t<meta property=\"og:image:type\" content=\"image\/webp\" \/>\n<meta name=\"twitter:card\" content=\"summary_large_image\" \/>\n<meta name=\"twitter:site\" content=\"@SHEZAMME\" \/>\n<script type=\"application\/ld+json\" class=\"yoast-schema-graph\">{\"@context\":\"https:\/\/schema.org\",\"@graph\":[{\"@type\":\"WebPage\",\"@id\":\"https:\/\/shezamme.com\/sklep\/buty\/new-balance\/new-balance-550\/new-balance-550-marquette\/\",\"url\":\"https:\/\/shezamme.com\/sklep\/buty\/new-balance\/new-balance-550\/new-balance-550-marquette\/\",\"name\":\"New Balance 550 Marquette - SHEZAMME\",\"isPartOf\":{\"@id\":\"https:\/\/shezamme.com\/#website\"},\"primaryImageOfPage\":{\"@id\":\"https:\/\/shezamme.com\/sklep\/buty\/new-balance\/new-balance-550\/new-balance-550-marquette\/#primaryimage\"},\"image\":{\"@id\":\"https:\/\/shezamme.com\/sklep\/buty\/new-balance\/new-balance-550\/new-balance-550-marquette\/#primaryimage\"},\"thumbnailUrl\":\"https:\/\/shezamme.com\/wp-content\/uploads\/2024\/08\/new-balance-550-marquette-1.webp\",\"datePublished\":\"2024-09-02T12:26:03+00:00\",\"dateModified\":\"2025-02-04T21:17:46+00:00\",\"description\":\"New Balance 550 Marquette | Luksusowe i autentyczne przedmioty w jednym miejscu. B\u0105d\u017a na bie\u017c\u0105co i sprawd\u017a nasz\u0105 ofert\u0119 ju\u017c teraz\",\"breadcrumb\":{\"@id\":\"https:\/\/shezamme.com\/sklep\/buty\/new-balance\/new-balance-550\/new-balance-550-marquette\/#breadcrumb\"},\"inLanguage\":\"en-US\",\"potentialAction\":[{\"@type\":\"ReadAction\",\"target\":[\"https:\/\/shezamme.com\/sklep\/buty\/new-balance\/new-balance-550\/new-balance-550-marquette\/\"]}]},{\"@type\":\"ImageObject\",\"inLanguage\":\"en-US\",\"@id\":\"https:\/\/shezamme.com\/sklep\/buty\/new-balance\/new-balance-550\/new-balance-550-marquette\/#primaryimage\",\"url\":\"https:\/\/shezamme.com\/wp-content\/uploads\/2024\/08\/new-balance-550-marquette-1.webp\",\"contentUrl\":\"https:\/\/shezamme.com\/wp-content\/uploads\/2024\/08\/new-balance-550-marquette-1.webp\",\"width\":2000,\"height\":997},{\"@type\":\"BreadcrumbList\",\"@id\":\"https:\/\/shezamme.com\/sklep\/buty\/new-balance\/new-balance-550\/new-balance-550-marquette\/#breadcrumb\",\"itemListElement\":[{\"@type\":\"ListItem\",\"position\":1,\"name\":\"Strona g\u0142\u00f3wna\",\"item\":\"https:\/\/shezamme.com\/\"},{\"@type\":\"ListItem\",\"position\":2,\"name\":\"Sklep\",\"item\":\"https:\/\/shezamme.com\/sklep\/\"},{\"@type\":\"ListItem\",\"position\":3,\"name\":\"New Balance 550 Marquette\"}]},{\"@type\":\"WebSite\",\"@id\":\"https:\/\/shezamme.com\/#website\",\"url\":\"https:\/\/shezamme.com\/\",\"name\":\"SHEZAMME - Sneakersy, Streetwear i luksusowe marki\",\"description\":\"Oryginalne i ekskluzywne przedmioty w jednym miejscu. Sprawd\u017a nasze produkty ju\u017c teraz i b\u0105d\u017a na bie\u017c\u0105co z wszystkimi premierami.\",\"publisher\":{\"@id\":\"https:\/\/shezamme.com\/#organization\"},\"potentialAction\":[{\"@type\":\"SearchAction\",\"target\":{\"@type\":\"EntryPoint\",\"urlTemplate\":\"https:\/\/shezamme.com\/?s={search_term_string}\"},\"query-input\":{\"@type\":\"PropertyValueSpecification\",\"valueRequired\":true,\"valueName\":\"search_term_string\"}}],\"inLanguage\":\"en-US\"},{\"@type\":\"Organization\",\"@id\":\"https:\/\/shezamme.com\/#organization\",\"name\":\"SHEZAMME - Sneakersy, Streetwear i luksusowe marki\",\"url\":\"https:\/\/shezamme.com\/\",\"logo\":{\"@type\":\"ImageObject\",\"inLanguage\":\"en-US\",\"@id\":\"https:\/\/shezamme.com\/#\/schema\/logo\/image\/\",\"url\":\"https:\/\/shezamme.com\/wp-content\/uploads\/2023\/02\/0x0.png\",\"contentUrl\":\"https:\/\/shezamme.com\/wp-content\/uploads\/2023\/02\/0x0.png\",\"width\":2000,\"height\":2000,\"caption\":\"SHEZAMME - Sneakersy, Streetwear i luksusowe marki\"},\"image\":{\"@id\":\"https:\/\/shezamme.com\/#\/schema\/logo\/image\/\"},\"sameAs\":[\"https:\/\/www.facebook.com\/SHEZAMME\/\",\"https:\/\/x.com\/SHEZAMME\",\"https:\/\/www.instagram.com\/shezamme\/\",\"https:\/\/www.youtube.com\/channel\/UCsTJxi_9fODHdO_1bmJbqvQ\",\"https:\/\/www.tiktok.com\/shezamme.com\"]}]}<\/script>\n<!-- \/ Yoast SEO plugin. -->","yoast_head_json":{"title":"New Balance 550 Marquette - SHEZAMME","description":"New Balance 550 Marquette | Luksusowe i autentyczne przedmioty w jednym miejscu. B\u0105d\u017a na bie\u017c\u0105co i sprawd\u017a nasz\u0105 ofert\u0119 ju\u017c teraz","robots":{"index":"index","follow":"follow","max-snippet":"max-snippet:-1","max-image-preview":"max-image-preview:large","max-video-preview":"max-video-preview:-1"},"canonical":"https:\/\/shezamme.com\/en\/sklep\/sneakers-2\/new-balance\/new-balance-550\/new-balance-550-marquette\/","og_locale":"en_US","og_type":"article","og_title":"New Balance 550 Marquette - SHEZAMME","og_description":"New Balance 550 Marquette | Luksusowe i autentyczne przedmioty w jednym miejscu. B\u0105d\u017a na bie\u017c\u0105co i sprawd\u017a nasz\u0105 ofert\u0119 ju\u017c teraz","og_url":"https:\/\/shezamme.com\/en\/sklep\/sneakers-2\/new-balance\/new-balance-550\/new-balance-550-marquette\/","og_site_name":"SHEZAMME - Yeezy, Jordan, Supreme i inne oryginalne rzeczy","article_publisher":"https:\/\/www.facebook.com\/SHEZAMME\/","article_modified_time":"2025-02-04T21:17:46+00:00","og_image":[{"width":2000,"height":997,"url":"https:\/\/shezamme.com\/wp-content\/uploads\/2024\/08\/new-balance-550-marquette-1.webp","type":"image\/webp"}],"twitter_card":"summary_large_image","twitter_site":"@SHEZAMME","schema":{"@context":"https:\/\/schema.org","@graph":[{"@type":"WebPage","@id":"https:\/\/shezamme.com\/sklep\/buty\/new-balance\/new-balance-550\/new-balance-550-marquette\/","url":"https:\/\/shezamme.com\/sklep\/buty\/new-balance\/new-balance-550\/new-balance-550-marquette\/","name":"New Balance 550 Marquette - SHEZAMME","isPartOf":{"@id":"https:\/\/shezamme.com\/#website"},"primaryImageOfPage":{"@id":"https:\/\/shezamme.com\/sklep\/buty\/new-balance\/new-balance-550\/new-balance-550-marquette\/#primaryimage"},"image":{"@id":"https:\/\/shezamme.com\/sklep\/buty\/new-balance\/new-balance-550\/new-balance-550-marquette\/#primaryimage"},"thumbnailUrl":"https:\/\/shezamme.com\/wp-content\/uploads\/2024\/08\/new-balance-550-marquette-1.webp","datePublished":"2024-09-02T12:26:03+00:00","dateModified":"2025-02-04T21:17:46+00:00","description":"New Balance 550 Marquette | Luksusowe i autentyczne przedmioty w jednym miejscu. B\u0105d\u017a na bie\u017c\u0105co i sprawd\u017a nasz\u0105 ofert\u0119 ju\u017c teraz","breadcrumb":{"@id":"https:\/\/shezamme.com\/sklep\/buty\/new-balance\/new-balance-550\/new-balance-550-marquette\/#breadcrumb"},"inLanguage":"en-US","potentialAction":[{"@type":"ReadAction","target":["https:\/\/shezamme.com\/sklep\/buty\/new-balance\/new-balance-550\/new-balance-550-marquette\/"]}]},{"@type":"ImageObject","inLanguage":"en-US","@id":"https:\/\/shezamme.com\/sklep\/buty\/new-balance\/new-balance-550\/new-balance-550-marquette\/#primaryimage","url":"https:\/\/shezamme.com\/wp-content\/uploads\/2024\/08\/new-balance-550-marquette-1.webp","contentUrl":"https:\/\/shezamme.com\/wp-content\/uploads\/2024\/08\/new-balance-550-marquette-1.webp","width":2000,"height":997},{"@type":"BreadcrumbList","@id":"https:\/\/shezamme.com\/sklep\/buty\/new-balance\/new-balance-550\/new-balance-550-marquette\/#breadcrumb","itemListElement":[{"@type":"ListItem","position":1,"name":"Strona g\u0142\u00f3wna","item":"https:\/\/shezamme.com\/"},{"@type":"ListItem","position":2,"name":"Sklep","item":"https:\/\/shezamme.com\/sklep\/"},{"@type":"ListItem","position":3,"name":"New Balance 550 Marquette"}]},{"@type":"WebSite","@id":"https:\/\/shezamme.com\/#website","url":"https:\/\/shezamme.com\/","name":"SHEZAMME - Sneakers, Streetwear and luxury brands","description":"Original and exclusive items in one place. Check out our products now and stay up to date with all launches.","publisher":{"@id":"https:\/\/shezamme.com\/#organization"},"potentialAction":[{"@type":"SearchAction","target":{"@type":"EntryPoint","urlTemplate":"https:\/\/shezamme.com\/?s={search_term_string}"},"query-input":{"@type":"PropertyValueSpecification","valueRequired":true,"valueName":"search_term_string"}}],"inLanguage":"en-US"},{"@type":"Organization","@id":"https:\/\/shezamme.com\/#organization","name":"SHEZAMME - Sneakers, Streetwear and luxury brands","url":"https:\/\/shezamme.com\/","logo":{"@type":"ImageObject","inLanguage":"en-US","@id":"https:\/\/shezamme.com\/#\/schema\/logo\/image\/","url":"https:\/\/shezamme.com\/wp-content\/uploads\/2023\/02\/0x0.png","contentUrl":"https:\/\/shezamme.com\/wp-content\/uploads\/2023\/02\/0x0.png","width":2000,"height":2000,"caption":"SHEZAMME - Sneakersy, Streetwear i luksusowe marki"},"image":{"@id":"https:\/\/shezamme.com\/#\/schema\/logo\/image\/"},"sameAs":["https:\/\/www.facebook.com\/SHEZAMME\/","https:\/\/x.com\/SHEZAMME","https:\/\/www.instagram.com\/shezamme\/","https:\/\/www.youtube.com\/channel\/UCsTJxi_9fODHdO_1bmJbqvQ","https:\/\/www.tiktok.com\/shezamme.com"]}]}},"brands":[{"id":769,"name":"New Balance","slug":"new-balance"}],"_links":{"self":[{"href":"https:\/\/shezamme.com\/en\/wp-json\/wp\/v2\/product\/79195","targetHints":{"allow":["GET"]}}],"collection":[{"href":"https:\/\/shezamme.com\/en\/wp-json\/wp\/v2\/product"}],"about":[{"href":"https:\/\/shezamme.com\/en\/wp-json\/wp\/v2\/types\/product"}],"wp:featuredmedia":[{"embeddable":true,"href":"https:\/\/shezamme.com\/en\/wp-json\/wp\/v2\/media\/79196"}],"wp:attachment":[{"href":"https:\/\/shezamme.com\/en\/wp-json\/wp\/v2\/media?parent=79195"}],"wp:term":[{"taxonomy":"pwb-brand","embeddable":true,"href":"https:\/\/shezamme.com\/en\/wp-json\/wp\/v2\/pwb-brand?post=79195"},{"taxonomy":"product_brand","embeddable":true,"href":"https:\/\/shezamme.com\/en\/wp-json\/wp\/v2\/product_brand?post=79195"},{"taxonomy":"product_cat","embeddable":true,"href":"https:\/\/shezamme.com\/en\/wp-json\/wp\/v2\/product_cat?post=79195"},{"taxonomy":"product_tag","embeddable":true,"href":"https:\/\/shezamme.com\/en\/wp-json\/wp\/v2\/product_tag?post=79195"}],"curies":[{"name":"wp","href":"https:\/\/api.w.org\/{rel}","templated":true}]}}