{"id":78358,"date":"2024-08-28T21:04:40","date_gmt":"2024-08-28T19:04:40","guid":{"rendered":"https:\/\/shezamme.com\/?post_type=product&#038;p=78358"},"modified":"2025-08-26T01:55:42","modified_gmt":"2025-08-25T23:55:42","slug":"crep-ultimate-sneaker-care-kit","status":"publish","type":"product","link":"https:\/\/shezamme.com\/en\/sklep\/akcesoria\/wszystkie-akcesoria\/crep-ultimate-sneaker-care-kit\/","title":{"rendered":"CREP Ultimate Sneaker Care Kit"},"content":{"rendered":"<h2 data-start=\"0\" data-end=\"57\">Kompletny zestaw do ochrony i piel\u0119gnacji sneakers\u00f3w<\/h2>\n<p data-start=\"59\" data-end=\"359\">CREP Protect Ultimate Sneaker Care Kit to wszechstronny zestaw, kt\u00f3ry zapewnia kompleksow\u0105 piel\u0119gnacj\u0119 obuwia. Zawiera impregnat, p\u0142yn czyszcz\u0105cy, chusteczki, kapsu\u0142ki neutralizuj\u0105ce zapachy oraz wodoodporne sznur\u00f3wki, dzi\u0119ki czemu buty pozostaj\u0105 czyste, \u015bwie\u017ce i zabezpieczone przed zabrudzeniami.<\/p>\n<h2 data-start=\"361\" data-end=\"400\">Must-have dla ka\u017cdego sneakerheada<\/h2>\n<p data-start=\"402\" data-end=\"670\" data-is-last-node=\"\">Produkty w zestawie s\u0105 bezpieczne dla r\u00f3\u017cnych materia\u0142\u00f3w, takich jak sk\u00f3ra, siateczka, nubuk czy p\u0142\u00f3tno. Niezale\u017cnie od warunk\u00f3w, CREP Protect Ultimate Sneaker Care Kit pozwala utrzyma\u0107 sneakersy w doskona\u0142ej formie, zapewniaj\u0105c im d\u0142ugotrwa\u0142\u0105 ochron\u0119 i \u015bwie\u017cy wygl\u0105d.<\/p>","protected":false},"excerpt":{"rendered":"<h2 data-start=\"0\" data-end=\"57\">Kompleksowa piel\u0119gnacja sneakers\u00f3w w jednym zestawie<\/h2>\n<p data-start=\"59\" data-end=\"373\" data-is-last-node=\"\">CREP Protect Ultimate Sneaker Care Kit to wszystko, czego potrzebujesz, aby utrzyma\u0107 buty w idealnym stanie. Impregnat, p\u0142yn czyszcz\u0105cy, chusteczki, kapsu\u0142ki od\u015bwie\u017caj\u0105ce i wodoodporne sznur\u00f3wki zapewniaj\u0105 pe\u0142n\u0105 ochron\u0119 przed wilgoci\u0105, zabrudzeniami i nieprzyjemnym zapachem. To must-have dla ka\u017cdego sneakerheada!<\/p>","protected":false},"featured_media":78359,"template":"","meta":{"_acf_changed":false},"pwb-brand":[],"product_brand":[],"product_cat":[23,975],"product_tag":[1008,1009],"class_list":{"0":"post-78358","1":"product","2":"type-product","3":"status-publish","4":"has-post-thumbnail","6":"product_cat-akcesoria","7":"product_cat-wszystkie-akcesoria","8":"product_tag-kobieta","9":"product_tag-mezczyzna","10":"pa_rozmiar-ubrania-one-size-2","12":"first","13":"onbackorder","14":"taxable","15":"shipping-taxable","16":"purchasable","17":"product-type-variable"},"acf":[],"yoast_head":"<!-- This site is optimized with the Yoast SEO plugin v27.2 - https:\/\/yoast.com\/product\/yoast-seo-wordpress\/ -->\n<title>CREP Ultimate Sneaker Care Kit - SHEZAMME<\/title>\n<meta name=\"description\" content=\"CREP Ultimate Sneaker Care Kit | Luksusowe i autentyczne przedmioty w jednym miejscu. B\u0105d\u017a na bie\u017c\u0105co i sprawd\u017a nasz\u0105 ofert\u0119 ju\u017c teraz\" \/>\n<meta name=\"robots\" content=\"index, follow, max-snippet:-1, max-image-preview:large, max-video-preview:-1\" \/>\n<link rel=\"canonical\" href=\"https:\/\/shezamme.com\/en\/sklep\/accesories\/all-accesories\/crep-ultimate-sneaker-care-kit\/\" \/>\n<meta property=\"og:locale\" content=\"en_US\" \/>\n<meta property=\"og:type\" content=\"article\" \/>\n<meta property=\"og:title\" content=\"CREP Ultimate Sneaker Care Kit - SHEZAMME\" \/>\n<meta property=\"og:description\" content=\"CREP Ultimate Sneaker Care Kit | Luksusowe i autentyczne przedmioty w jednym miejscu. B\u0105d\u017a na bie\u017c\u0105co i sprawd\u017a nasz\u0105 ofert\u0119 ju\u017c teraz\" \/>\n<meta property=\"og:url\" content=\"https:\/\/shezamme.com\/en\/sklep\/accesories\/all-accesories\/crep-ultimate-sneaker-care-kit\/\" \/>\n<meta property=\"og:site_name\" content=\"SHEZAMME - Yeezy, Jordan, Supreme i inne oryginalne rzeczy\" \/>\n<meta property=\"article:publisher\" content=\"https:\/\/www.facebook.com\/SHEZAMME\/\" \/>\n<meta property=\"article:modified_time\" content=\"2025-08-25T23:55:42+00:00\" \/>\n<meta property=\"og:image\" content=\"https:\/\/shezamme.com\/wp-content\/uploads\/2024\/08\/crep-ultimate-sneaker-care-kit-1-e1694085114828.jpg\" \/>\n\t<meta property=\"og:image:width\" content=\"835\" \/>\n\t<meta property=\"og:image:height\" content=\"565\" \/>\n\t<meta property=\"og:image:type\" content=\"image\/jpeg\" \/>\n<meta name=\"twitter:card\" content=\"summary_large_image\" \/>\n<meta name=\"twitter:site\" content=\"@SHEZAMME\" \/>\n<meta name=\"twitter:label1\" content=\"Est. reading time\" \/>\n\t<meta name=\"twitter:data1\" content=\"1 minute\" \/>\n<script type=\"application\/ld+json\" class=\"yoast-schema-graph\">{\"@context\":\"https:\/\/schema.org\",\"@graph\":[{\"@type\":\"WebPage\",\"@id\":\"https:\/\/shezamme.com\/sklep\/akcesoria\/wszystkie-akcesoria\/crep-ultimate-sneaker-care-kit\/\",\"url\":\"https:\/\/shezamme.com\/sklep\/akcesoria\/wszystkie-akcesoria\/crep-ultimate-sneaker-care-kit\/\",\"name\":\"CREP Ultimate Sneaker Care Kit - SHEZAMME\",\"isPartOf\":{\"@id\":\"https:\/\/shezamme.com\/#website\"},\"primaryImageOfPage\":{\"@id\":\"https:\/\/shezamme.com\/sklep\/akcesoria\/wszystkie-akcesoria\/crep-ultimate-sneaker-care-kit\/#primaryimage\"},\"image\":{\"@id\":\"https:\/\/shezamme.com\/sklep\/akcesoria\/wszystkie-akcesoria\/crep-ultimate-sneaker-care-kit\/#primaryimage\"},\"thumbnailUrl\":\"https:\/\/shezamme.com\/wp-content\/uploads\/2024\/08\/crep-ultimate-sneaker-care-kit-1-e1694085114828.jpg\",\"datePublished\":\"2024-08-28T19:04:40+00:00\",\"dateModified\":\"2025-08-25T23:55:42+00:00\",\"description\":\"CREP Ultimate Sneaker Care Kit | Luksusowe i autentyczne przedmioty w jednym miejscu. B\u0105d\u017a na bie\u017c\u0105co i sprawd\u017a nasz\u0105 ofert\u0119 ju\u017c teraz\",\"breadcrumb\":{\"@id\":\"https:\/\/shezamme.com\/sklep\/akcesoria\/wszystkie-akcesoria\/crep-ultimate-sneaker-care-kit\/#breadcrumb\"},\"inLanguage\":\"en-US\",\"potentialAction\":[{\"@type\":\"ReadAction\",\"target\":[\"https:\/\/shezamme.com\/sklep\/akcesoria\/wszystkie-akcesoria\/crep-ultimate-sneaker-care-kit\/\"]}]},{\"@type\":\"ImageObject\",\"inLanguage\":\"en-US\",\"@id\":\"https:\/\/shezamme.com\/sklep\/akcesoria\/wszystkie-akcesoria\/crep-ultimate-sneaker-care-kit\/#primaryimage\",\"url\":\"https:\/\/shezamme.com\/wp-content\/uploads\/2024\/08\/crep-ultimate-sneaker-care-kit-1-e1694085114828.jpg\",\"contentUrl\":\"https:\/\/shezamme.com\/wp-content\/uploads\/2024\/08\/crep-ultimate-sneaker-care-kit-1-e1694085114828.jpg\",\"width\":835,\"height\":565},{\"@type\":\"BreadcrumbList\",\"@id\":\"https:\/\/shezamme.com\/sklep\/akcesoria\/wszystkie-akcesoria\/crep-ultimate-sneaker-care-kit\/#breadcrumb\",\"itemListElement\":[{\"@type\":\"ListItem\",\"position\":1,\"name\":\"Strona g\u0142\u00f3wna\",\"item\":\"https:\/\/shezamme.com\/\"},{\"@type\":\"ListItem\",\"position\":2,\"name\":\"Sklep\",\"item\":\"https:\/\/shezamme.com\/sklep\/\"},{\"@type\":\"ListItem\",\"position\":3,\"name\":\"CREP Ultimate Sneaker Care Kit\"}]},{\"@type\":\"WebSite\",\"@id\":\"https:\/\/shezamme.com\/#website\",\"url\":\"https:\/\/shezamme.com\/\",\"name\":\"SHEZAMME - Sneakersy, Streetwear i luksusowe marki\",\"description\":\"Oryginalne i ekskluzywne przedmioty w jednym miejscu. Sprawd\u017a nasze produkty ju\u017c teraz i b\u0105d\u017a na bie\u017c\u0105co z wszystkimi premierami.\",\"publisher\":{\"@id\":\"https:\/\/shezamme.com\/#organization\"},\"potentialAction\":[{\"@type\":\"SearchAction\",\"target\":{\"@type\":\"EntryPoint\",\"urlTemplate\":\"https:\/\/shezamme.com\/?s={search_term_string}\"},\"query-input\":{\"@type\":\"PropertyValueSpecification\",\"valueRequired\":true,\"valueName\":\"search_term_string\"}}],\"inLanguage\":\"en-US\"},{\"@type\":\"Organization\",\"@id\":\"https:\/\/shezamme.com\/#organization\",\"name\":\"SHEZAMME - Sneakersy, Streetwear i luksusowe marki\",\"url\":\"https:\/\/shezamme.com\/\",\"logo\":{\"@type\":\"ImageObject\",\"inLanguage\":\"en-US\",\"@id\":\"https:\/\/shezamme.com\/#\/schema\/logo\/image\/\",\"url\":\"https:\/\/shezamme.com\/wp-content\/uploads\/2023\/02\/0x0.png\",\"contentUrl\":\"https:\/\/shezamme.com\/wp-content\/uploads\/2023\/02\/0x0.png\",\"width\":2000,\"height\":2000,\"caption\":\"SHEZAMME - Sneakersy, Streetwear i luksusowe marki\"},\"image\":{\"@id\":\"https:\/\/shezamme.com\/#\/schema\/logo\/image\/\"},\"sameAs\":[\"https:\/\/www.facebook.com\/SHEZAMME\/\",\"https:\/\/x.com\/SHEZAMME\",\"https:\/\/www.instagram.com\/shezamme\/\",\"https:\/\/www.youtube.com\/channel\/UCsTJxi_9fODHdO_1bmJbqvQ\",\"https:\/\/www.tiktok.com\/shezamme.com\"]}]}<\/script>\n<!-- \/ Yoast SEO plugin. -->","yoast_head_json":{"title":"CREP Ultimate Sneaker Care Kit - SHEZAMME","description":"CREP Ultimate Sneaker Care Kit | Luksusowe i autentyczne przedmioty w jednym miejscu. B\u0105d\u017a na bie\u017c\u0105co i sprawd\u017a nasz\u0105 ofert\u0119 ju\u017c teraz","robots":{"index":"index","follow":"follow","max-snippet":"max-snippet:-1","max-image-preview":"max-image-preview:large","max-video-preview":"max-video-preview:-1"},"canonical":"https:\/\/shezamme.com\/en\/sklep\/accesories\/all-accesories\/crep-ultimate-sneaker-care-kit\/","og_locale":"en_US","og_type":"article","og_title":"CREP Ultimate Sneaker Care Kit - SHEZAMME","og_description":"CREP Ultimate Sneaker Care Kit | Luksusowe i autentyczne przedmioty w jednym miejscu. B\u0105d\u017a na bie\u017c\u0105co i sprawd\u017a nasz\u0105 ofert\u0119 ju\u017c teraz","og_url":"https:\/\/shezamme.com\/en\/sklep\/accesories\/all-accesories\/crep-ultimate-sneaker-care-kit\/","og_site_name":"SHEZAMME - Yeezy, Jordan, Supreme i inne oryginalne rzeczy","article_publisher":"https:\/\/www.facebook.com\/SHEZAMME\/","article_modified_time":"2025-08-25T23:55:42+00:00","og_image":[{"width":835,"height":565,"url":"https:\/\/shezamme.com\/wp-content\/uploads\/2024\/08\/crep-ultimate-sneaker-care-kit-1-e1694085114828.jpg","type":"image\/jpeg"}],"twitter_card":"summary_large_image","twitter_site":"@SHEZAMME","twitter_misc":{"Est. reading time":"1 minute"},"schema":{"@context":"https:\/\/schema.org","@graph":[{"@type":"WebPage","@id":"https:\/\/shezamme.com\/sklep\/akcesoria\/wszystkie-akcesoria\/crep-ultimate-sneaker-care-kit\/","url":"https:\/\/shezamme.com\/sklep\/akcesoria\/wszystkie-akcesoria\/crep-ultimate-sneaker-care-kit\/","name":"CREP Ultimate Sneaker Care Kit - SHEZAMME","isPartOf":{"@id":"https:\/\/shezamme.com\/#website"},"primaryImageOfPage":{"@id":"https:\/\/shezamme.com\/sklep\/akcesoria\/wszystkie-akcesoria\/crep-ultimate-sneaker-care-kit\/#primaryimage"},"image":{"@id":"https:\/\/shezamme.com\/sklep\/akcesoria\/wszystkie-akcesoria\/crep-ultimate-sneaker-care-kit\/#primaryimage"},"thumbnailUrl":"https:\/\/shezamme.com\/wp-content\/uploads\/2024\/08\/crep-ultimate-sneaker-care-kit-1-e1694085114828.jpg","datePublished":"2024-08-28T19:04:40+00:00","dateModified":"2025-08-25T23:55:42+00:00","description":"CREP Ultimate Sneaker Care Kit | Luksusowe i autentyczne przedmioty w jednym miejscu. B\u0105d\u017a na bie\u017c\u0105co i sprawd\u017a nasz\u0105 ofert\u0119 ju\u017c teraz","breadcrumb":{"@id":"https:\/\/shezamme.com\/sklep\/akcesoria\/wszystkie-akcesoria\/crep-ultimate-sneaker-care-kit\/#breadcrumb"},"inLanguage":"en-US","potentialAction":[{"@type":"ReadAction","target":["https:\/\/shezamme.com\/sklep\/akcesoria\/wszystkie-akcesoria\/crep-ultimate-sneaker-care-kit\/"]}]},{"@type":"ImageObject","inLanguage":"en-US","@id":"https:\/\/shezamme.com\/sklep\/akcesoria\/wszystkie-akcesoria\/crep-ultimate-sneaker-care-kit\/#primaryimage","url":"https:\/\/shezamme.com\/wp-content\/uploads\/2024\/08\/crep-ultimate-sneaker-care-kit-1-e1694085114828.jpg","contentUrl":"https:\/\/shezamme.com\/wp-content\/uploads\/2024\/08\/crep-ultimate-sneaker-care-kit-1-e1694085114828.jpg","width":835,"height":565},{"@type":"BreadcrumbList","@id":"https:\/\/shezamme.com\/sklep\/akcesoria\/wszystkie-akcesoria\/crep-ultimate-sneaker-care-kit\/#breadcrumb","itemListElement":[{"@type":"ListItem","position":1,"name":"Strona g\u0142\u00f3wna","item":"https:\/\/shezamme.com\/"},{"@type":"ListItem","position":2,"name":"Sklep","item":"https:\/\/shezamme.com\/sklep\/"},{"@type":"ListItem","position":3,"name":"CREP Ultimate Sneaker Care Kit"}]},{"@type":"WebSite","@id":"https:\/\/shezamme.com\/#website","url":"https:\/\/shezamme.com\/","name":"SHEZAMME - Sneakers, Streetwear and luxury brands","description":"Original and exclusive items in one place. Check out our products now and stay up to date with all launches.","publisher":{"@id":"https:\/\/shezamme.com\/#organization"},"potentialAction":[{"@type":"SearchAction","target":{"@type":"EntryPoint","urlTemplate":"https:\/\/shezamme.com\/?s={search_term_string}"},"query-input":{"@type":"PropertyValueSpecification","valueRequired":true,"valueName":"search_term_string"}}],"inLanguage":"en-US"},{"@type":"Organization","@id":"https:\/\/shezamme.com\/#organization","name":"SHEZAMME - Sneakers, Streetwear and luxury brands","url":"https:\/\/shezamme.com\/","logo":{"@type":"ImageObject","inLanguage":"en-US","@id":"https:\/\/shezamme.com\/#\/schema\/logo\/image\/","url":"https:\/\/shezamme.com\/wp-content\/uploads\/2023\/02\/0x0.png","contentUrl":"https:\/\/shezamme.com\/wp-content\/uploads\/2023\/02\/0x0.png","width":2000,"height":2000,"caption":"SHEZAMME - Sneakersy, Streetwear i luksusowe marki"},"image":{"@id":"https:\/\/shezamme.com\/#\/schema\/logo\/image\/"},"sameAs":["https:\/\/www.facebook.com\/SHEZAMME\/","https:\/\/x.com\/SHEZAMME","https:\/\/www.instagram.com\/shezamme\/","https:\/\/www.youtube.com\/channel\/UCsTJxi_9fODHdO_1bmJbqvQ","https:\/\/www.tiktok.com\/shezamme.com"]}]}},"brands":[],"_links":{"self":[{"href":"https:\/\/shezamme.com\/en\/wp-json\/wp\/v2\/product\/78358","targetHints":{"allow":["GET"]}}],"collection":[{"href":"https:\/\/shezamme.com\/en\/wp-json\/wp\/v2\/product"}],"about":[{"href":"https:\/\/shezamme.com\/en\/wp-json\/wp\/v2\/types\/product"}],"wp:featuredmedia":[{"embeddable":true,"href":"https:\/\/shezamme.com\/en\/wp-json\/wp\/v2\/media\/78359"}],"wp:attachment":[{"href":"https:\/\/shezamme.com\/en\/wp-json\/wp\/v2\/media?parent=78358"}],"wp:term":[{"taxonomy":"pwb-brand","embeddable":true,"href":"https:\/\/shezamme.com\/en\/wp-json\/wp\/v2\/pwb-brand?post=78358"},{"taxonomy":"product_brand","embeddable":true,"href":"https:\/\/shezamme.com\/en\/wp-json\/wp\/v2\/product_brand?post=78358"},{"taxonomy":"product_cat","embeddable":true,"href":"https:\/\/shezamme.com\/en\/wp-json\/wp\/v2\/product_cat?post=78358"},{"taxonomy":"product_tag","embeddable":true,"href":"https:\/\/shezamme.com\/en\/wp-json\/wp\/v2\/product_tag?post=78358"}],"curies":[{"name":"wp","href":"https:\/\/api.w.org\/{rel}","templated":true}]}}