{"id":77,"date":"2022-07-30T21:04:05","date_gmt":"2022-07-30T19:04:05","guid":{"rendered":"https:\/\/staging1.waw.pl\/?post_type=product&#038;p=77"},"modified":"2024-10-30T20:03:05","modified_gmt":"2024-10-30T19:03:05","slug":"bicycle-playing-cards","status":"publish","type":"product","link":"https:\/\/shezamme.com\/en\/sklep\/akcesoria\/akcesoria-supreme\/bicycle-playing-cards\/","title":{"rendered":"Bicycle Playing Cards"},"content":{"rendered":"<p>Bicycle Playing Cards to legendarne karty do gry, kt\u00f3re zdoby\u0142y sobie popularno\u015b\u0107 na ca\u0142ym \u015bwiecie. Od ponad 130 lat, firma Bicycle tworzy wysokiej jako\u015bci karty, kt\u00f3re s\u0105 chwalone przez graczy i iluzjonist\u00f3w z ca\u0142ego \u015bwiata.<\/p>\n<p>Karty do gry Bicycle s\u0105 znane ze swojego wyj\u0105tkowego wzornictwa i trwa\u0142o\u015bci. Ka\u017cdy talia posiada 52 karty oraz dodatkowe karty specjalne, takie jak joker lub karty informacyjne. Karty s\u0105 dost\u0119pne w r\u00f3\u017cnych wariantach, takich jak standardowe karty do gry, karty z motywami sportowymi czy tematycznymi.<\/p>\n<p>Bicycle Playing Cards s\u0105 bardzo popularne w\u015br\u00f3d graczy, poniewa\u017c s\u0105 bardzo wytrzyma\u0142e i odporne na zginanie, dzi\u0119ki czemu mo\u017cna z nimi gra\u0107 przez d\u0142ugi czas bez obaw o ich zniszczenie. Dodatkowo, firma Bicycle oferuje wiele innych akcesori\u00f3w do gry, takich jak mata do pokera czy \u017cetony, co pozwala na pe\u0142ne wyposa\u017cenie w potrzebne akcesoria.<\/p>\n<p>Dzi\u0119ki swojej jako\u015bci i popularno\u015bci, karty do gry Bicycle zyska\u0142y status kultowych i s\u0105 jednym z najlepszych wybor\u00f3w dla graczy na ca\u0142ym \u015bwiecie. Bez wzgl\u0119du na to, czy grasz w pokera, blackjacka czy inne gry karciane, karty do gry Bicycle to idealny wyb\u00f3r dla ka\u017cdego, kto szuka trwa\u0142ych i wysokiej jako\u015bci kart do gry.<\/p>","protected":false},"excerpt":{"rendered":"<p>Bicycle Playing Cards<\/p>","protected":false},"featured_media":92,"template":"","meta":{"_acf_changed":false},"pwb-brand":[753],"product_brand":[],"product_cat":[23,974],"product_tag":[],"class_list":{"0":"post-77","1":"product","2":"type-product","3":"status-publish","4":"has-post-thumbnail","6":"pwb-brand-supreme","7":"product_cat-akcesoria","8":"product_cat-akcesoria-supreme","10":"first","11":"onbackorder","12":"taxable","13":"shipping-taxable","14":"purchasable","15":"product-type-variable"},"acf":[],"yoast_head":"<!-- This site is optimized with the Yoast SEO plugin v27.2 - https:\/\/yoast.com\/product\/yoast-seo-wordpress\/ -->\n<title>Bicycle Playing Cards - SHEZAMME<\/title>\n<meta name=\"description\" content=\"Bicycle Playing Cards - SHEZAMME - Yeezy, Jordan, Supreme i inne oryginalne rzeczy\" \/>\n<meta name=\"robots\" content=\"index, follow, max-snippet:-1, max-image-preview:large, max-video-preview:-1\" \/>\n<link rel=\"canonical\" href=\"https:\/\/shezamme.com\/en\/sklep\/accesories\/akcesoria-supreme\/bicycle-playing-cards\/\" \/>\n<meta property=\"og:locale\" content=\"en_US\" \/>\n<meta property=\"og:type\" content=\"article\" \/>\n<meta property=\"og:title\" content=\"Bicycle Playing Cards - SHEZAMME\" \/>\n<meta property=\"og:description\" content=\"Bicycle Playing Cards - SHEZAMME - Yeezy, Jordan, Supreme i inne oryginalne rzeczy\" \/>\n<meta property=\"og:url\" content=\"https:\/\/shezamme.com\/en\/sklep\/accesories\/akcesoria-supreme\/bicycle-playing-cards\/\" \/>\n<meta property=\"og:site_name\" content=\"SHEZAMME - Yeezy, Jordan, Supreme i inne oryginalne rzeczy\" \/>\n<meta property=\"article:publisher\" content=\"https:\/\/www.facebook.com\/SHEZAMME\/\" \/>\n<meta property=\"article:modified_time\" content=\"2024-10-30T19:03:05+00:00\" \/>\n<meta property=\"og:image\" content=\"https:\/\/shezamme.com\/wp-content\/uploads\/2022\/07\/28-1.jpg\" \/>\n\t<meta property=\"og:image:width\" content=\"1920\" \/>\n\t<meta property=\"og:image:height\" content=\"1920\" \/>\n\t<meta property=\"og:image:type\" content=\"image\/jpeg\" \/>\n<meta name=\"twitter:card\" content=\"summary_large_image\" \/>\n<meta name=\"twitter:site\" content=\"@SHEZAMME\" \/>\n<meta name=\"twitter:label1\" content=\"Est. reading time\" \/>\n\t<meta name=\"twitter:data1\" content=\"1 minute\" \/>\n<script type=\"application\/ld+json\" class=\"yoast-schema-graph\">{\"@context\":\"https:\/\/schema.org\",\"@graph\":[{\"@type\":\"WebPage\",\"@id\":\"https:\/\/shezamme.com\/sklep\/akcesoria\/akcesoria-supreme\/bicycle-playing-cards\/\",\"url\":\"https:\/\/shezamme.com\/sklep\/akcesoria\/akcesoria-supreme\/bicycle-playing-cards\/\",\"name\":\"Bicycle Playing Cards - SHEZAMME\",\"isPartOf\":{\"@id\":\"https:\/\/shezamme.com\/#website\"},\"primaryImageOfPage\":{\"@id\":\"https:\/\/shezamme.com\/sklep\/akcesoria\/akcesoria-supreme\/bicycle-playing-cards\/#primaryimage\"},\"image\":{\"@id\":\"https:\/\/shezamme.com\/sklep\/akcesoria\/akcesoria-supreme\/bicycle-playing-cards\/#primaryimage\"},\"thumbnailUrl\":\"https:\/\/shezamme.com\/wp-content\/uploads\/2022\/07\/28-1.jpg\",\"datePublished\":\"2022-07-30T19:04:05+00:00\",\"dateModified\":\"2024-10-30T19:03:05+00:00\",\"description\":\"Bicycle Playing Cards - SHEZAMME - Yeezy, Jordan, Supreme i inne oryginalne rzeczy\",\"breadcrumb\":{\"@id\":\"https:\/\/shezamme.com\/sklep\/akcesoria\/akcesoria-supreme\/bicycle-playing-cards\/#breadcrumb\"},\"inLanguage\":\"en-US\",\"potentialAction\":[{\"@type\":\"ReadAction\",\"target\":[\"https:\/\/shezamme.com\/sklep\/akcesoria\/akcesoria-supreme\/bicycle-playing-cards\/\"]}]},{\"@type\":\"ImageObject\",\"inLanguage\":\"en-US\",\"@id\":\"https:\/\/shezamme.com\/sklep\/akcesoria\/akcesoria-supreme\/bicycle-playing-cards\/#primaryimage\",\"url\":\"https:\/\/shezamme.com\/wp-content\/uploads\/2022\/07\/28-1.jpg\",\"contentUrl\":\"https:\/\/shezamme.com\/wp-content\/uploads\/2022\/07\/28-1.jpg\",\"width\":1920,\"height\":1920,\"caption\":\"Bicycle Playing Cards\"},{\"@type\":\"BreadcrumbList\",\"@id\":\"https:\/\/shezamme.com\/sklep\/akcesoria\/akcesoria-supreme\/bicycle-playing-cards\/#breadcrumb\",\"itemListElement\":[{\"@type\":\"ListItem\",\"position\":1,\"name\":\"Strona g\u0142\u00f3wna\",\"item\":\"https:\/\/shezamme.com\/\"},{\"@type\":\"ListItem\",\"position\":2,\"name\":\"Sklep\",\"item\":\"https:\/\/shezamme.com\/sklep\/\"},{\"@type\":\"ListItem\",\"position\":3,\"name\":\"Bicycle Playing Cards\"}]},{\"@type\":\"WebSite\",\"@id\":\"https:\/\/shezamme.com\/#website\",\"url\":\"https:\/\/shezamme.com\/\",\"name\":\"SHEZAMME - Sneakersy, Streetwear i luksusowe marki\",\"description\":\"Oryginalne i ekskluzywne przedmioty w jednym miejscu. Sprawd\u017a nasze produkty ju\u017c teraz i b\u0105d\u017a na bie\u017c\u0105co z wszystkimi premierami.\",\"publisher\":{\"@id\":\"https:\/\/shezamme.com\/#organization\"},\"potentialAction\":[{\"@type\":\"SearchAction\",\"target\":{\"@type\":\"EntryPoint\",\"urlTemplate\":\"https:\/\/shezamme.com\/?s={search_term_string}\"},\"query-input\":{\"@type\":\"PropertyValueSpecification\",\"valueRequired\":true,\"valueName\":\"search_term_string\"}}],\"inLanguage\":\"en-US\"},{\"@type\":\"Organization\",\"@id\":\"https:\/\/shezamme.com\/#organization\",\"name\":\"SHEZAMME - Sneakersy, Streetwear i luksusowe marki\",\"url\":\"https:\/\/shezamme.com\/\",\"logo\":{\"@type\":\"ImageObject\",\"inLanguage\":\"en-US\",\"@id\":\"https:\/\/shezamme.com\/#\/schema\/logo\/image\/\",\"url\":\"https:\/\/shezamme.com\/wp-content\/uploads\/2023\/02\/0x0.png\",\"contentUrl\":\"https:\/\/shezamme.com\/wp-content\/uploads\/2023\/02\/0x0.png\",\"width\":2000,\"height\":2000,\"caption\":\"SHEZAMME - Sneakersy, Streetwear i luksusowe marki\"},\"image\":{\"@id\":\"https:\/\/shezamme.com\/#\/schema\/logo\/image\/\"},\"sameAs\":[\"https:\/\/www.facebook.com\/SHEZAMME\/\",\"https:\/\/x.com\/SHEZAMME\",\"https:\/\/www.instagram.com\/shezamme\/\",\"https:\/\/www.youtube.com\/channel\/UCsTJxi_9fODHdO_1bmJbqvQ\",\"https:\/\/www.tiktok.com\/shezamme.com\"]}]}<\/script>\n<!-- \/ Yoast SEO plugin. -->","yoast_head_json":{"title":"Bicycle Playing Cards - SHEZAMME","description":"Bicycle Playing Cards - SHEZAMME - Yeezy, Jordan, Supreme i inne oryginalne rzeczy","robots":{"index":"index","follow":"follow","max-snippet":"max-snippet:-1","max-image-preview":"max-image-preview:large","max-video-preview":"max-video-preview:-1"},"canonical":"https:\/\/shezamme.com\/en\/sklep\/accesories\/akcesoria-supreme\/bicycle-playing-cards\/","og_locale":"en_US","og_type":"article","og_title":"Bicycle Playing Cards - SHEZAMME","og_description":"Bicycle Playing Cards - SHEZAMME - Yeezy, Jordan, Supreme i inne oryginalne rzeczy","og_url":"https:\/\/shezamme.com\/en\/sklep\/accesories\/akcesoria-supreme\/bicycle-playing-cards\/","og_site_name":"SHEZAMME - Yeezy, Jordan, Supreme i inne oryginalne rzeczy","article_publisher":"https:\/\/www.facebook.com\/SHEZAMME\/","article_modified_time":"2024-10-30T19:03:05+00:00","og_image":[{"width":1920,"height":1920,"url":"https:\/\/shezamme.com\/wp-content\/uploads\/2022\/07\/28-1.jpg","type":"image\/jpeg"}],"twitter_card":"summary_large_image","twitter_site":"@SHEZAMME","twitter_misc":{"Est. reading time":"1 minute"},"schema":{"@context":"https:\/\/schema.org","@graph":[{"@type":"WebPage","@id":"https:\/\/shezamme.com\/sklep\/akcesoria\/akcesoria-supreme\/bicycle-playing-cards\/","url":"https:\/\/shezamme.com\/sklep\/akcesoria\/akcesoria-supreme\/bicycle-playing-cards\/","name":"Bicycle Playing Cards - SHEZAMME","isPartOf":{"@id":"https:\/\/shezamme.com\/#website"},"primaryImageOfPage":{"@id":"https:\/\/shezamme.com\/sklep\/akcesoria\/akcesoria-supreme\/bicycle-playing-cards\/#primaryimage"},"image":{"@id":"https:\/\/shezamme.com\/sklep\/akcesoria\/akcesoria-supreme\/bicycle-playing-cards\/#primaryimage"},"thumbnailUrl":"https:\/\/shezamme.com\/wp-content\/uploads\/2022\/07\/28-1.jpg","datePublished":"2022-07-30T19:04:05+00:00","dateModified":"2024-10-30T19:03:05+00:00","description":"Bicycle Playing Cards - SHEZAMME - Yeezy, Jordan, Supreme i inne oryginalne rzeczy","breadcrumb":{"@id":"https:\/\/shezamme.com\/sklep\/akcesoria\/akcesoria-supreme\/bicycle-playing-cards\/#breadcrumb"},"inLanguage":"en-US","potentialAction":[{"@type":"ReadAction","target":["https:\/\/shezamme.com\/sklep\/akcesoria\/akcesoria-supreme\/bicycle-playing-cards\/"]}]},{"@type":"ImageObject","inLanguage":"en-US","@id":"https:\/\/shezamme.com\/sklep\/akcesoria\/akcesoria-supreme\/bicycle-playing-cards\/#primaryimage","url":"https:\/\/shezamme.com\/wp-content\/uploads\/2022\/07\/28-1.jpg","contentUrl":"https:\/\/shezamme.com\/wp-content\/uploads\/2022\/07\/28-1.jpg","width":1920,"height":1920,"caption":"Bicycle Playing Cards"},{"@type":"BreadcrumbList","@id":"https:\/\/shezamme.com\/sklep\/akcesoria\/akcesoria-supreme\/bicycle-playing-cards\/#breadcrumb","itemListElement":[{"@type":"ListItem","position":1,"name":"Strona g\u0142\u00f3wna","item":"https:\/\/shezamme.com\/"},{"@type":"ListItem","position":2,"name":"Sklep","item":"https:\/\/shezamme.com\/sklep\/"},{"@type":"ListItem","position":3,"name":"Bicycle Playing Cards"}]},{"@type":"WebSite","@id":"https:\/\/shezamme.com\/#website","url":"https:\/\/shezamme.com\/","name":"SHEZAMME - Sneakers, Streetwear and luxury brands","description":"Original and exclusive items in one place. Check out our products now and stay up to date with all launches.","publisher":{"@id":"https:\/\/shezamme.com\/#organization"},"potentialAction":[{"@type":"SearchAction","target":{"@type":"EntryPoint","urlTemplate":"https:\/\/shezamme.com\/?s={search_term_string}"},"query-input":{"@type":"PropertyValueSpecification","valueRequired":true,"valueName":"search_term_string"}}],"inLanguage":"en-US"},{"@type":"Organization","@id":"https:\/\/shezamme.com\/#organization","name":"SHEZAMME - Sneakers, Streetwear and luxury brands","url":"https:\/\/shezamme.com\/","logo":{"@type":"ImageObject","inLanguage":"en-US","@id":"https:\/\/shezamme.com\/#\/schema\/logo\/image\/","url":"https:\/\/shezamme.com\/wp-content\/uploads\/2023\/02\/0x0.png","contentUrl":"https:\/\/shezamme.com\/wp-content\/uploads\/2023\/02\/0x0.png","width":2000,"height":2000,"caption":"SHEZAMME - Sneakersy, Streetwear i luksusowe marki"},"image":{"@id":"https:\/\/shezamme.com\/#\/schema\/logo\/image\/"},"sameAs":["https:\/\/www.facebook.com\/SHEZAMME\/","https:\/\/x.com\/SHEZAMME","https:\/\/www.instagram.com\/shezamme\/","https:\/\/www.youtube.com\/channel\/UCsTJxi_9fODHdO_1bmJbqvQ","https:\/\/www.tiktok.com\/shezamme.com"]}]}},"brands":[{"id":753,"name":"supreme","slug":"supreme"}],"_links":{"self":[{"href":"https:\/\/shezamme.com\/en\/wp-json\/wp\/v2\/product\/77","targetHints":{"allow":["GET"]}}],"collection":[{"href":"https:\/\/shezamme.com\/en\/wp-json\/wp\/v2\/product"}],"about":[{"href":"https:\/\/shezamme.com\/en\/wp-json\/wp\/v2\/types\/product"}],"wp:featuredmedia":[{"embeddable":true,"href":"https:\/\/shezamme.com\/en\/wp-json\/wp\/v2\/media\/92"}],"wp:attachment":[{"href":"https:\/\/shezamme.com\/en\/wp-json\/wp\/v2\/media?parent=77"}],"wp:term":[{"taxonomy":"pwb-brand","embeddable":true,"href":"https:\/\/shezamme.com\/en\/wp-json\/wp\/v2\/pwb-brand?post=77"},{"taxonomy":"product_brand","embeddable":true,"href":"https:\/\/shezamme.com\/en\/wp-json\/wp\/v2\/product_brand?post=77"},{"taxonomy":"product_cat","embeddable":true,"href":"https:\/\/shezamme.com\/en\/wp-json\/wp\/v2\/product_cat?post=77"},{"taxonomy":"product_tag","embeddable":true,"href":"https:\/\/shezamme.com\/en\/wp-json\/wp\/v2\/product_tag?post=77"}],"curies":[{"name":"wp","href":"https:\/\/api.w.org\/{rel}","templated":true}]}}