{"id":76399,"date":"2024-09-02T15:50:30","date_gmt":"2024-09-02T13:50:30","guid":{"rendered":"https:\/\/shezamme.com\/?post_type=product&#038;p=76399"},"modified":"2025-03-16T20:31:55","modified_gmt":"2025-03-16T19:31:55","slug":"nike-dunk-high-ring-bling","status":"publish","type":"product","link":"https:\/\/shezamme.com\/en\/sklep\/buty\/dunk\/nike-dunk-high\/nike-dunk-high-ring-bling\/","title":{"rendered":"Nike Dunk High Ring Bling"},"content":{"rendered":"<h2 data-start=\"0\" data-end=\"48\">Klasyczna elegancja z bi\u017cuteryjnym akcentem<\/h2>\n<p data-start=\"50\" data-end=\"324\">Nike Dunk High &#8222;Ring Bling&#8221; to subtelna, ale efektowna wersja kultowego modelu, wzbogacona o luksusowe detale. Sk\u00f3rzana cholewka w bia\u0142o-mi\u0119towej kolorystyce zapewnia elegancki wygl\u0105d, a metaliczny dubrae z mini Swooshem nawi\u0105zuje do presti\u017cowych pier\u015bcieni mistrzowskich.<\/p>\n<h2 data-start=\"326\" data-end=\"357\">Komfort i styl na co dzie\u0144<\/h2>\n<p data-start=\"359\" data-end=\"593\" data-is-last-node=\"\" data-is-only-node=\"\">Mi\u0119towa gumowa podeszwa gwarantuje przyczepno\u015b\u0107, a wy\u015bcie\u0142any ko\u0142nierz dba o wygodne dopasowanie. Dzi\u0119ki klasycznej amortyzacji Dunk High model &#8222;Ring Bling&#8221; \u0142\u0105czy sportow\u0105 funkcjonalno\u015b\u0107 z minimalistycznym, ale wyrafinowanym designem.<\/p>","protected":false},"excerpt":{"rendered":"<h2 data-start=\"0\" data-end=\"42\">Subtelny styl z bi\u017cuteryjnym akcentem<\/h2>\n<p data-start=\"44\" data-end=\"320\" data-is-last-node=\"\" data-is-only-node=\"\">Nike Dunk High &#8222;Ring Bling&#8221; to elegancka ods\u0142ona klasycznego modelu, wyr\u00f3\u017cniaj\u0105ca si\u0119 bia\u0142o-mi\u0119tow\u0105 kolorystyk\u0105 i metalicznym dubrae z mini Swooshem. Sk\u00f3rzana cholewka zapewnia trwa\u0142o\u015b\u0107, a wy\u015bcie\u0142any ko\u0142nierz i gumowa podeszwa gwarantuj\u0105 komfort oraz przyczepno\u015b\u0107 na co dzie\u0144.<\/p>","protected":false},"featured_media":76400,"template":"","meta":{"_acf_changed":false,"_yoast_wpseo_focuskw":"","_yoast_wpseo_title":"","_yoast_wpseo_metadesc":""},"pwb-brand":[756],"product_brand":[],"product_cat":[16,105,786],"product_tag":[1008,1009],"class_list":{"0":"post-76399","1":"product","2":"type-product","3":"status-publish","4":"has-post-thumbnail","6":"pwb-brand-nike","7":"product_cat-buty","8":"product_cat-dunk","9":"product_cat-nike-dunk-high","10":"product_tag-kobieta","11":"product_tag-mezczyzna","13":"first","14":"instock","15":"taxable","16":"shipping-taxable","17":"purchasable","18":"product-type-variable"},"acf":[],"yoast_head":"<!-- This site is optimized with the Yoast SEO plugin v27.2 - https:\/\/yoast.com\/product\/yoast-seo-wordpress\/ -->\n<title>Nike Dunk High Ring Bling - SHEZAMME<\/title>\n<meta name=\"description\" content=\"Nike Dunk High Ring Bling | Luksusowe i autentyczne przedmioty w jednym miejscu. B\u0105d\u017a na bie\u017c\u0105co i sprawd\u017a nasz\u0105 ofert\u0119 ju\u017c teraz\" \/>\n<meta name=\"robots\" content=\"index, follow, max-snippet:-1, max-image-preview:large, max-video-preview:-1\" \/>\n<link rel=\"canonical\" href=\"https:\/\/shezamme.com\/en\/sklep\/sneakers-2\/dunk\/nike-dunk-high\/nike-dunk-high-ring-bling\/\" \/>\n<meta property=\"og:locale\" content=\"en_US\" \/>\n<meta property=\"og:type\" content=\"article\" \/>\n<meta property=\"og:title\" content=\"Nike Dunk High Ring Bling - SHEZAMME\" \/>\n<meta property=\"og:description\" content=\"Nike Dunk High Ring Bling | Luksusowe i autentyczne przedmioty w jednym miejscu. B\u0105d\u017a na bie\u017c\u0105co i sprawd\u017a nasz\u0105 ofert\u0119 ju\u017c teraz\" \/>\n<meta property=\"og:url\" content=\"https:\/\/shezamme.com\/en\/sklep\/sneakers-2\/dunk\/nike-dunk-high\/nike-dunk-high-ring-bling\/\" \/>\n<meta property=\"og:site_name\" content=\"SHEZAMME - Yeezy, Jordan, Supreme i inne oryginalne rzeczy\" \/>\n<meta property=\"article:publisher\" content=\"https:\/\/www.facebook.com\/SHEZAMME\/\" \/>\n<meta property=\"article:modified_time\" content=\"2025-03-16T19:31:55+00:00\" \/>\n<meta property=\"og:image\" content=\"https:\/\/shezamme.com\/wp-content\/uploads\/2024\/08\/dunk-high-ring-bling-sneakers-1.webp\" \/>\n\t<meta property=\"og:image:width\" content=\"950\" \/>\n\t<meta property=\"og:image:height\" content=\"589\" \/>\n\t<meta property=\"og:image:type\" content=\"image\/webp\" \/>\n<meta name=\"twitter:card\" content=\"summary_large_image\" \/>\n<meta name=\"twitter:site\" content=\"@SHEZAMME\" \/>\n<script type=\"application\/ld+json\" class=\"yoast-schema-graph\">{\"@context\":\"https:\/\/schema.org\",\"@graph\":[{\"@type\":\"WebPage\",\"@id\":\"https:\/\/shezamme.com\/sklep\/buty\/dunk\/nike-dunk-high\/nike-dunk-high-ring-bling\/\",\"url\":\"https:\/\/shezamme.com\/sklep\/buty\/dunk\/nike-dunk-high\/nike-dunk-high-ring-bling\/\",\"name\":\"Nike Dunk High Ring Bling - SHEZAMME\",\"isPartOf\":{\"@id\":\"https:\/\/shezamme.com\/#website\"},\"primaryImageOfPage\":{\"@id\":\"https:\/\/shezamme.com\/sklep\/buty\/dunk\/nike-dunk-high\/nike-dunk-high-ring-bling\/#primaryimage\"},\"image\":{\"@id\":\"https:\/\/shezamme.com\/sklep\/buty\/dunk\/nike-dunk-high\/nike-dunk-high-ring-bling\/#primaryimage\"},\"thumbnailUrl\":\"https:\/\/shezamme.com\/wp-content\/uploads\/2024\/08\/dunk-high-ring-bling-sneakers-1.webp\",\"datePublished\":\"2024-09-02T13:50:30+00:00\",\"dateModified\":\"2025-03-16T19:31:55+00:00\",\"description\":\"Nike Dunk High Ring Bling | Luksusowe i autentyczne przedmioty w jednym miejscu. B\u0105d\u017a na bie\u017c\u0105co i sprawd\u017a nasz\u0105 ofert\u0119 ju\u017c teraz\",\"breadcrumb\":{\"@id\":\"https:\/\/shezamme.com\/sklep\/buty\/dunk\/nike-dunk-high\/nike-dunk-high-ring-bling\/#breadcrumb\"},\"inLanguage\":\"en-US\",\"potentialAction\":[{\"@type\":\"ReadAction\",\"target\":[\"https:\/\/shezamme.com\/sklep\/buty\/dunk\/nike-dunk-high\/nike-dunk-high-ring-bling\/\"]}]},{\"@type\":\"ImageObject\",\"inLanguage\":\"en-US\",\"@id\":\"https:\/\/shezamme.com\/sklep\/buty\/dunk\/nike-dunk-high\/nike-dunk-high-ring-bling\/#primaryimage\",\"url\":\"https:\/\/shezamme.com\/wp-content\/uploads\/2024\/08\/dunk-high-ring-bling-sneakers-1.webp\",\"contentUrl\":\"https:\/\/shezamme.com\/wp-content\/uploads\/2024\/08\/dunk-high-ring-bling-sneakers-1.webp\",\"width\":950,\"height\":589},{\"@type\":\"BreadcrumbList\",\"@id\":\"https:\/\/shezamme.com\/sklep\/buty\/dunk\/nike-dunk-high\/nike-dunk-high-ring-bling\/#breadcrumb\",\"itemListElement\":[{\"@type\":\"ListItem\",\"position\":1,\"name\":\"Strona g\u0142\u00f3wna\",\"item\":\"https:\/\/shezamme.com\/\"},{\"@type\":\"ListItem\",\"position\":2,\"name\":\"Sklep\",\"item\":\"https:\/\/shezamme.com\/sklep\/\"},{\"@type\":\"ListItem\",\"position\":3,\"name\":\"Nike Dunk High Ring Bling\"}]},{\"@type\":\"WebSite\",\"@id\":\"https:\/\/shezamme.com\/#website\",\"url\":\"https:\/\/shezamme.com\/\",\"name\":\"SHEZAMME - Sneakersy, Streetwear i luksusowe marki\",\"description\":\"Oryginalne i ekskluzywne przedmioty w jednym miejscu. Sprawd\u017a nasze produkty ju\u017c teraz i b\u0105d\u017a na bie\u017c\u0105co z wszystkimi premierami.\",\"publisher\":{\"@id\":\"https:\/\/shezamme.com\/#organization\"},\"potentialAction\":[{\"@type\":\"SearchAction\",\"target\":{\"@type\":\"EntryPoint\",\"urlTemplate\":\"https:\/\/shezamme.com\/?s={search_term_string}\"},\"query-input\":{\"@type\":\"PropertyValueSpecification\",\"valueRequired\":true,\"valueName\":\"search_term_string\"}}],\"inLanguage\":\"en-US\"},{\"@type\":\"Organization\",\"@id\":\"https:\/\/shezamme.com\/#organization\",\"name\":\"SHEZAMME - Sneakersy, Streetwear i luksusowe marki\",\"url\":\"https:\/\/shezamme.com\/\",\"logo\":{\"@type\":\"ImageObject\",\"inLanguage\":\"en-US\",\"@id\":\"https:\/\/shezamme.com\/#\/schema\/logo\/image\/\",\"url\":\"https:\/\/shezamme.com\/wp-content\/uploads\/2023\/02\/0x0.png\",\"contentUrl\":\"https:\/\/shezamme.com\/wp-content\/uploads\/2023\/02\/0x0.png\",\"width\":2000,\"height\":2000,\"caption\":\"SHEZAMME - Sneakersy, Streetwear i luksusowe marki\"},\"image\":{\"@id\":\"https:\/\/shezamme.com\/#\/schema\/logo\/image\/\"},\"sameAs\":[\"https:\/\/www.facebook.com\/SHEZAMME\/\",\"https:\/\/x.com\/SHEZAMME\",\"https:\/\/www.instagram.com\/shezamme\/\",\"https:\/\/www.youtube.com\/channel\/UCsTJxi_9fODHdO_1bmJbqvQ\",\"https:\/\/www.tiktok.com\/shezamme.com\"]}]}<\/script>\n<!-- \/ Yoast SEO plugin. -->","yoast_head_json":{"title":"Nike Dunk High Ring Bling - SHEZAMME","description":"Nike Dunk High Ring Bling | Luksusowe i autentyczne przedmioty w jednym miejscu. B\u0105d\u017a na bie\u017c\u0105co i sprawd\u017a nasz\u0105 ofert\u0119 ju\u017c teraz","robots":{"index":"index","follow":"follow","max-snippet":"max-snippet:-1","max-image-preview":"max-image-preview:large","max-video-preview":"max-video-preview:-1"},"canonical":"https:\/\/shezamme.com\/en\/sklep\/sneakers-2\/dunk\/nike-dunk-high\/nike-dunk-high-ring-bling\/","og_locale":"en_US","og_type":"article","og_title":"Nike Dunk High Ring Bling - SHEZAMME","og_description":"Nike Dunk High Ring Bling | Luksusowe i autentyczne przedmioty w jednym miejscu. B\u0105d\u017a na bie\u017c\u0105co i sprawd\u017a nasz\u0105 ofert\u0119 ju\u017c teraz","og_url":"https:\/\/shezamme.com\/en\/sklep\/sneakers-2\/dunk\/nike-dunk-high\/nike-dunk-high-ring-bling\/","og_site_name":"SHEZAMME - Yeezy, Jordan, Supreme i inne oryginalne rzeczy","article_publisher":"https:\/\/www.facebook.com\/SHEZAMME\/","article_modified_time":"2025-03-16T19:31:55+00:00","og_image":[{"width":950,"height":589,"url":"https:\/\/shezamme.com\/wp-content\/uploads\/2024\/08\/dunk-high-ring-bling-sneakers-1.webp","type":"image\/webp"}],"twitter_card":"summary_large_image","twitter_site":"@SHEZAMME","schema":{"@context":"https:\/\/schema.org","@graph":[{"@type":"WebPage","@id":"https:\/\/shezamme.com\/sklep\/buty\/dunk\/nike-dunk-high\/nike-dunk-high-ring-bling\/","url":"https:\/\/shezamme.com\/sklep\/buty\/dunk\/nike-dunk-high\/nike-dunk-high-ring-bling\/","name":"Nike Dunk High Ring Bling - SHEZAMME","isPartOf":{"@id":"https:\/\/shezamme.com\/#website"},"primaryImageOfPage":{"@id":"https:\/\/shezamme.com\/sklep\/buty\/dunk\/nike-dunk-high\/nike-dunk-high-ring-bling\/#primaryimage"},"image":{"@id":"https:\/\/shezamme.com\/sklep\/buty\/dunk\/nike-dunk-high\/nike-dunk-high-ring-bling\/#primaryimage"},"thumbnailUrl":"https:\/\/shezamme.com\/wp-content\/uploads\/2024\/08\/dunk-high-ring-bling-sneakers-1.webp","datePublished":"2024-09-02T13:50:30+00:00","dateModified":"2025-03-16T19:31:55+00:00","description":"Nike Dunk High Ring Bling | Luksusowe i autentyczne przedmioty w jednym miejscu. B\u0105d\u017a na bie\u017c\u0105co i sprawd\u017a nasz\u0105 ofert\u0119 ju\u017c teraz","breadcrumb":{"@id":"https:\/\/shezamme.com\/sklep\/buty\/dunk\/nike-dunk-high\/nike-dunk-high-ring-bling\/#breadcrumb"},"inLanguage":"en-US","potentialAction":[{"@type":"ReadAction","target":["https:\/\/shezamme.com\/sklep\/buty\/dunk\/nike-dunk-high\/nike-dunk-high-ring-bling\/"]}]},{"@type":"ImageObject","inLanguage":"en-US","@id":"https:\/\/shezamme.com\/sklep\/buty\/dunk\/nike-dunk-high\/nike-dunk-high-ring-bling\/#primaryimage","url":"https:\/\/shezamme.com\/wp-content\/uploads\/2024\/08\/dunk-high-ring-bling-sneakers-1.webp","contentUrl":"https:\/\/shezamme.com\/wp-content\/uploads\/2024\/08\/dunk-high-ring-bling-sneakers-1.webp","width":950,"height":589},{"@type":"BreadcrumbList","@id":"https:\/\/shezamme.com\/sklep\/buty\/dunk\/nike-dunk-high\/nike-dunk-high-ring-bling\/#breadcrumb","itemListElement":[{"@type":"ListItem","position":1,"name":"Strona g\u0142\u00f3wna","item":"https:\/\/shezamme.com\/"},{"@type":"ListItem","position":2,"name":"Sklep","item":"https:\/\/shezamme.com\/sklep\/"},{"@type":"ListItem","position":3,"name":"Nike Dunk High Ring Bling"}]},{"@type":"WebSite","@id":"https:\/\/shezamme.com\/#website","url":"https:\/\/shezamme.com\/","name":"SHEZAMME - Sneakers, Streetwear and luxury brands","description":"Original and exclusive items in one place. Check out our products now and stay up to date with all launches.","publisher":{"@id":"https:\/\/shezamme.com\/#organization"},"potentialAction":[{"@type":"SearchAction","target":{"@type":"EntryPoint","urlTemplate":"https:\/\/shezamme.com\/?s={search_term_string}"},"query-input":{"@type":"PropertyValueSpecification","valueRequired":true,"valueName":"search_term_string"}}],"inLanguage":"en-US"},{"@type":"Organization","@id":"https:\/\/shezamme.com\/#organization","name":"SHEZAMME - Sneakers, Streetwear and luxury brands","url":"https:\/\/shezamme.com\/","logo":{"@type":"ImageObject","inLanguage":"en-US","@id":"https:\/\/shezamme.com\/#\/schema\/logo\/image\/","url":"https:\/\/shezamme.com\/wp-content\/uploads\/2023\/02\/0x0.png","contentUrl":"https:\/\/shezamme.com\/wp-content\/uploads\/2023\/02\/0x0.png","width":2000,"height":2000,"caption":"SHEZAMME - Sneakersy, Streetwear i luksusowe marki"},"image":{"@id":"https:\/\/shezamme.com\/#\/schema\/logo\/image\/"},"sameAs":["https:\/\/www.facebook.com\/SHEZAMME\/","https:\/\/x.com\/SHEZAMME","https:\/\/www.instagram.com\/shezamme\/","https:\/\/www.youtube.com\/channel\/UCsTJxi_9fODHdO_1bmJbqvQ","https:\/\/www.tiktok.com\/shezamme.com"]}]}},"brands":[{"id":756,"name":"Nike","slug":"nike"}],"_links":{"self":[{"href":"https:\/\/shezamme.com\/en\/wp-json\/wp\/v2\/product\/76399","targetHints":{"allow":["GET"]}}],"collection":[{"href":"https:\/\/shezamme.com\/en\/wp-json\/wp\/v2\/product"}],"about":[{"href":"https:\/\/shezamme.com\/en\/wp-json\/wp\/v2\/types\/product"}],"wp:featuredmedia":[{"embeddable":true,"href":"https:\/\/shezamme.com\/en\/wp-json\/wp\/v2\/media\/76400"}],"wp:attachment":[{"href":"https:\/\/shezamme.com\/en\/wp-json\/wp\/v2\/media?parent=76399"}],"wp:term":[{"taxonomy":"pwb-brand","embeddable":true,"href":"https:\/\/shezamme.com\/en\/wp-json\/wp\/v2\/pwb-brand?post=76399"},{"taxonomy":"product_brand","embeddable":true,"href":"https:\/\/shezamme.com\/en\/wp-json\/wp\/v2\/product_brand?post=76399"},{"taxonomy":"product_cat","embeddable":true,"href":"https:\/\/shezamme.com\/en\/wp-json\/wp\/v2\/product_cat?post=76399"},{"taxonomy":"product_tag","embeddable":true,"href":"https:\/\/shezamme.com\/en\/wp-json\/wp\/v2\/product_tag?post=76399"}],"curies":[{"name":"wp","href":"https:\/\/api.w.org\/{rel}","templated":true}]}}