{"id":76279,"date":"2024-08-28T20:44:04","date_gmt":"2024-08-28T18:44:04","guid":{"rendered":"https:\/\/shezamme.com\/?post_type=product&#038;p=76279"},"modified":"2025-02-21T12:46:01","modified_gmt":"2025-02-21T11:46:01","slug":"air-force-1-07-lx-lucky-charms","status":"publish","type":"product","link":"https:\/\/shezamme.com\/en\/sklep\/buty\/air-force-1\/air-force-1-07-lx-lucky-charms\/","title":{"rendered":"Air Force 1 &#8217;07 LX Lucky Charms"},"content":{"rendered":"<h2 data-start=\"0\" data-end=\"36\">Klasyka z bi\u017cuteryjnym akcentem<\/h2>\n<p data-start=\"38\" data-end=\"341\">Nike Air Force 1 &#8217;07 LX \u201eLucky Charms\u201d to ikoniczny model w eleganckim wydaniu, dost\u0119pny w dw\u00f3ch wariantach kolorystycznych \u2013 bia\u0142ym i czarnym, ozdobionych z\u0142otymi detalami. Sk\u00f3rzana cholewka premium zapewnia trwa\u0142o\u015b\u0107 i luksusowy wygl\u0105d, a z\u0142oty \u0142a\u0144cuszek \u201eLucky Charms\u201d dodaje wyj\u0105tkowego charakteru.<\/p>\n<h2 data-start=\"343\" data-end=\"374\">Styl i komfort na co dzie\u0144<\/h2>\n<p data-start=\"376\" data-end=\"652\" data-is-last-node=\"\" data-is-only-node=\"\">Gumowa podeszwa, dopasowana kolorystycznie do cholewki, gwarantuje przyczepno\u015b\u0107 i wygod\u0119, a tekstylna wy\u015bci\u00f3\u0142ka dba o komfort noszenia. To idealny wyb\u00f3r dla os\u00f3b ceni\u0105cych streetwear w ekskluzywnym wydaniu, doskonale pasuj\u0105cy zar\u00f3wno do casualowych, jak i modowych stylizacji.<\/p>","protected":false},"excerpt":{"rendered":"<h2 data-start=\"0\" data-end=\"38\">Luksusowy akcent w kultowym stylu<\/h2>\n<p data-start=\"40\" data-end=\"429\" data-is-last-node=\"\" data-is-only-node=\"\">Nike Air Force 1 &#8217;07 LX \u201eLucky Charms\u201d \u0142\u0105czy klasyczn\u0105 sylwetk\u0119 z eleganckimi, z\u0142otymi detalami. Sk\u00f3rzana cholewka premium w wariantach bia\u0142ym lub czarnym podkre\u015bla ponadczasowy charakter but\u00f3w, a bi\u017cuteryjny \u0142a\u0144cuszek \u201eLucky Charms\u201d dodaje im wyj\u0105tkowego stylu. Gumowa podeszwa zapewnia trwa\u0142o\u015b\u0107 i przyczepno\u015b\u0107, czyni\u0105c ten model idealnym wyborem do modowych i streetwearowych stylizacji.<\/p>","protected":false},"featured_media":76280,"template":"","meta":{"_acf_changed":false,"_yoast_wpseo_focuskw":"","_yoast_wpseo_title":"","_yoast_wpseo_metadesc":""},"pwb-brand":[756],"product_brand":[],"product_cat":[16,92],"product_tag":[1008,1009],"class_list":{"0":"post-76279","1":"product","2":"type-product","3":"status-publish","4":"has-post-thumbnail","6":"pwb-brand-nike","7":"product_cat-buty","8":"product_cat-air-force-1","9":"product_tag-kobieta","10":"product_tag-mezczyzna","12":"first","13":"instock","14":"taxable","15":"shipping-taxable","16":"purchasable","17":"product-type-variable"},"acf":[],"yoast_head":"<!-- This site is optimized with the Yoast SEO plugin v27.3 - https:\/\/yoast.com\/product\/yoast-seo-wordpress\/ -->\n<title>Air Force 1 &#039;07 LX Lucky Charms - SHEZAMME<\/title>\n<meta name=\"description\" content=\"Air Force 1 &#039;07 LX Lucky Charms | Luksusowe i autentyczne przedmioty w jednym miejscu. B\u0105d\u017a na bie\u017c\u0105co i sprawd\u017a nasz\u0105 ofert\u0119 ju\u017c teraz\" \/>\n<meta name=\"robots\" content=\"index, follow, max-snippet:-1, max-image-preview:large, max-video-preview:-1\" \/>\n<link rel=\"canonical\" href=\"https:\/\/shezamme.com\/en\/sklep\/sneakers-2\/air-force-1\/air-force-1-07-lx-lucky-charms\/\" \/>\n<meta property=\"og:locale\" content=\"en_US\" \/>\n<meta property=\"og:type\" content=\"article\" \/>\n<meta property=\"og:title\" content=\"Air Force 1 &#039;07 LX Lucky Charms - SHEZAMME\" \/>\n<meta property=\"og:description\" content=\"Air Force 1 &#039;07 LX Lucky Charms | Luksusowe i autentyczne przedmioty w jednym miejscu. B\u0105d\u017a na bie\u017c\u0105co i sprawd\u017a nasz\u0105 ofert\u0119 ju\u017c teraz\" \/>\n<meta property=\"og:url\" content=\"https:\/\/shezamme.com\/en\/sklep\/sneakers-2\/air-force-1\/air-force-1-07-lx-lucky-charms\/\" \/>\n<meta property=\"og:site_name\" content=\"SHEZAMME - Yeezy, Jordan, Supreme i inne oryginalne rzeczy\" \/>\n<meta property=\"article:publisher\" content=\"https:\/\/www.facebook.com\/SHEZAMME\/\" \/>\n<meta property=\"article:modified_time\" content=\"2025-02-21T11:46:01+00:00\" \/>\n<meta property=\"og:image\" content=\"https:\/\/shezamme.com\/wp-content\/uploads\/2024\/08\/836186_01.jpeg\" \/>\n\t<meta property=\"og:image:width\" content=\"1613\" \/>\n\t<meta property=\"og:image:height\" content=\"814\" \/>\n\t<meta property=\"og:image:type\" content=\"image\/jpeg\" \/>\n<meta name=\"twitter:card\" content=\"summary_large_image\" \/>\n<meta name=\"twitter:site\" content=\"@SHEZAMME\" \/>\n<meta name=\"twitter:label1\" content=\"Est. reading time\" \/>\n\t<meta name=\"twitter:data1\" content=\"1 minute\" \/>\n<script type=\"application\/ld+json\" class=\"yoast-schema-graph\">{\"@context\":\"https:\\\/\\\/schema.org\",\"@graph\":[{\"@type\":\"WebPage\",\"@id\":\"https:\\\/\\\/shezamme.com\\\/sklep\\\/buty\\\/air-force-1\\\/air-force-1-07-lx-lucky-charms\\\/\",\"url\":\"https:\\\/\\\/shezamme.com\\\/sklep\\\/buty\\\/air-force-1\\\/air-force-1-07-lx-lucky-charms\\\/\",\"name\":\"Air Force 1 '07 LX Lucky Charms - SHEZAMME\",\"isPartOf\":{\"@id\":\"https:\\\/\\\/shezamme.com\\\/#website\"},\"primaryImageOfPage\":{\"@id\":\"https:\\\/\\\/shezamme.com\\\/sklep\\\/buty\\\/air-force-1\\\/air-force-1-07-lx-lucky-charms\\\/#primaryimage\"},\"image\":{\"@id\":\"https:\\\/\\\/shezamme.com\\\/sklep\\\/buty\\\/air-force-1\\\/air-force-1-07-lx-lucky-charms\\\/#primaryimage\"},\"thumbnailUrl\":\"https:\\\/\\\/shezamme.com\\\/wp-content\\\/uploads\\\/2024\\\/08\\\/836186_01.jpeg\",\"datePublished\":\"2024-08-28T18:44:04+00:00\",\"dateModified\":\"2025-02-21T11:46:01+00:00\",\"description\":\"Air Force 1 '07 LX Lucky Charms | Luksusowe i autentyczne przedmioty w jednym miejscu. B\u0105d\u017a na bie\u017c\u0105co i sprawd\u017a nasz\u0105 ofert\u0119 ju\u017c teraz\",\"breadcrumb\":{\"@id\":\"https:\\\/\\\/shezamme.com\\\/sklep\\\/buty\\\/air-force-1\\\/air-force-1-07-lx-lucky-charms\\\/#breadcrumb\"},\"inLanguage\":\"en-US\",\"potentialAction\":[{\"@type\":\"ReadAction\",\"target\":[\"https:\\\/\\\/shezamme.com\\\/sklep\\\/buty\\\/air-force-1\\\/air-force-1-07-lx-lucky-charms\\\/\"]}]},{\"@type\":\"ImageObject\",\"inLanguage\":\"en-US\",\"@id\":\"https:\\\/\\\/shezamme.com\\\/sklep\\\/buty\\\/air-force-1\\\/air-force-1-07-lx-lucky-charms\\\/#primaryimage\",\"url\":\"https:\\\/\\\/shezamme.com\\\/wp-content\\\/uploads\\\/2024\\\/08\\\/836186_01.jpeg\",\"contentUrl\":\"https:\\\/\\\/shezamme.com\\\/wp-content\\\/uploads\\\/2024\\\/08\\\/836186_01.jpeg\",\"width\":1613,\"height\":814},{\"@type\":\"BreadcrumbList\",\"@id\":\"https:\\\/\\\/shezamme.com\\\/sklep\\\/buty\\\/air-force-1\\\/air-force-1-07-lx-lucky-charms\\\/#breadcrumb\",\"itemListElement\":[{\"@type\":\"ListItem\",\"position\":1,\"name\":\"Strona g\u0142\u00f3wna\",\"item\":\"https:\\\/\\\/shezamme.com\\\/\"},{\"@type\":\"ListItem\",\"position\":2,\"name\":\"Sklep\",\"item\":\"https:\\\/\\\/shezamme.com\\\/en\\\/sklep\\\/\"},{\"@type\":\"ListItem\",\"position\":3,\"name\":\"Air Force 1 &#8217;07 LX Lucky Charms\"}]},{\"@type\":\"WebSite\",\"@id\":\"https:\\\/\\\/shezamme.com\\\/#website\",\"url\":\"https:\\\/\\\/shezamme.com\\\/\",\"name\":\"SHEZAMME - Sneakersy, Streetwear i luksusowe marki\",\"description\":\"Oryginalne i ekskluzywne przedmioty w jednym miejscu. Sprawd\u017a nasze produkty ju\u017c teraz i b\u0105d\u017a na bie\u017c\u0105co z wszystkimi premierami.\",\"publisher\":{\"@id\":\"https:\\\/\\\/shezamme.com\\\/#organization\"},\"potentialAction\":[{\"@type\":\"SearchAction\",\"target\":{\"@type\":\"EntryPoint\",\"urlTemplate\":\"https:\\\/\\\/shezamme.com\\\/?s={search_term_string}\"},\"query-input\":{\"@type\":\"PropertyValueSpecification\",\"valueRequired\":true,\"valueName\":\"search_term_string\"}}],\"inLanguage\":\"en-US\"},{\"@type\":\"Organization\",\"@id\":\"https:\\\/\\\/shezamme.com\\\/#organization\",\"name\":\"SHEZAMME - Sneakersy, Streetwear i luksusowe marki\",\"url\":\"https:\\\/\\\/shezamme.com\\\/\",\"logo\":{\"@type\":\"ImageObject\",\"inLanguage\":\"en-US\",\"@id\":\"https:\\\/\\\/shezamme.com\\\/#\\\/schema\\\/logo\\\/image\\\/\",\"url\":\"https:\\\/\\\/shezamme.com\\\/wp-content\\\/uploads\\\/2023\\\/02\\\/0x0.png\",\"contentUrl\":\"https:\\\/\\\/shezamme.com\\\/wp-content\\\/uploads\\\/2023\\\/02\\\/0x0.png\",\"width\":2000,\"height\":2000,\"caption\":\"SHEZAMME - Sneakersy, Streetwear i luksusowe marki\"},\"image\":{\"@id\":\"https:\\\/\\\/shezamme.com\\\/#\\\/schema\\\/logo\\\/image\\\/\"},\"sameAs\":[\"https:\\\/\\\/www.facebook.com\\\/SHEZAMME\\\/\",\"https:\\\/\\\/x.com\\\/SHEZAMME\",\"https:\\\/\\\/www.instagram.com\\\/shezamme\\\/\",\"https:\\\/\\\/www.youtube.com\\\/channel\\\/UCsTJxi_9fODHdO_1bmJbqvQ\",\"https:\\\/\\\/www.tiktok.com\\\/shezamme.com\"]}]}<\/script>\n<!-- \/ Yoast SEO plugin. -->","yoast_head_json":{"title":"Air Force 1 '07 LX Lucky Charms - SHEZAMME","description":"Air Force 1 '07 LX Lucky Charms | Luksusowe i autentyczne przedmioty w jednym miejscu. B\u0105d\u017a na bie\u017c\u0105co i sprawd\u017a nasz\u0105 ofert\u0119 ju\u017c teraz","robots":{"index":"index","follow":"follow","max-snippet":"max-snippet:-1","max-image-preview":"max-image-preview:large","max-video-preview":"max-video-preview:-1"},"canonical":"https:\/\/shezamme.com\/en\/sklep\/sneakers-2\/air-force-1\/air-force-1-07-lx-lucky-charms\/","og_locale":"en_US","og_type":"article","og_title":"Air Force 1 '07 LX Lucky Charms - SHEZAMME","og_description":"Air Force 1 '07 LX Lucky Charms | Luksusowe i autentyczne przedmioty w jednym miejscu. B\u0105d\u017a na bie\u017c\u0105co i sprawd\u017a nasz\u0105 ofert\u0119 ju\u017c teraz","og_url":"https:\/\/shezamme.com\/en\/sklep\/sneakers-2\/air-force-1\/air-force-1-07-lx-lucky-charms\/","og_site_name":"SHEZAMME - Yeezy, Jordan, Supreme i inne oryginalne rzeczy","article_publisher":"https:\/\/www.facebook.com\/SHEZAMME\/","article_modified_time":"2025-02-21T11:46:01+00:00","og_image":[{"width":1613,"height":814,"url":"https:\/\/shezamme.com\/wp-content\/uploads\/2024\/08\/836186_01.jpeg","type":"image\/jpeg"}],"twitter_card":"summary_large_image","twitter_site":"@SHEZAMME","twitter_misc":{"Est. reading time":"1 minute"},"schema":{"@context":"https:\/\/schema.org","@graph":[{"@type":"WebPage","@id":"https:\/\/shezamme.com\/sklep\/buty\/air-force-1\/air-force-1-07-lx-lucky-charms\/","url":"https:\/\/shezamme.com\/sklep\/buty\/air-force-1\/air-force-1-07-lx-lucky-charms\/","name":"Air Force 1 '07 LX Lucky Charms - SHEZAMME","isPartOf":{"@id":"https:\/\/shezamme.com\/#website"},"primaryImageOfPage":{"@id":"https:\/\/shezamme.com\/sklep\/buty\/air-force-1\/air-force-1-07-lx-lucky-charms\/#primaryimage"},"image":{"@id":"https:\/\/shezamme.com\/sklep\/buty\/air-force-1\/air-force-1-07-lx-lucky-charms\/#primaryimage"},"thumbnailUrl":"https:\/\/shezamme.com\/wp-content\/uploads\/2024\/08\/836186_01.jpeg","datePublished":"2024-08-28T18:44:04+00:00","dateModified":"2025-02-21T11:46:01+00:00","description":"Air Force 1 '07 LX Lucky Charms | Luksusowe i autentyczne przedmioty w jednym miejscu. B\u0105d\u017a na bie\u017c\u0105co i sprawd\u017a nasz\u0105 ofert\u0119 ju\u017c teraz","breadcrumb":{"@id":"https:\/\/shezamme.com\/sklep\/buty\/air-force-1\/air-force-1-07-lx-lucky-charms\/#breadcrumb"},"inLanguage":"en-US","potentialAction":[{"@type":"ReadAction","target":["https:\/\/shezamme.com\/sklep\/buty\/air-force-1\/air-force-1-07-lx-lucky-charms\/"]}]},{"@type":"ImageObject","inLanguage":"en-US","@id":"https:\/\/shezamme.com\/sklep\/buty\/air-force-1\/air-force-1-07-lx-lucky-charms\/#primaryimage","url":"https:\/\/shezamme.com\/wp-content\/uploads\/2024\/08\/836186_01.jpeg","contentUrl":"https:\/\/shezamme.com\/wp-content\/uploads\/2024\/08\/836186_01.jpeg","width":1613,"height":814},{"@type":"BreadcrumbList","@id":"https:\/\/shezamme.com\/sklep\/buty\/air-force-1\/air-force-1-07-lx-lucky-charms\/#breadcrumb","itemListElement":[{"@type":"ListItem","position":1,"name":"Strona g\u0142\u00f3wna","item":"https:\/\/shezamme.com\/"},{"@type":"ListItem","position":2,"name":"Sklep","item":"https:\/\/shezamme.com\/en\/sklep\/"},{"@type":"ListItem","position":3,"name":"Air Force 1 &#8217;07 LX Lucky Charms"}]},{"@type":"WebSite","@id":"https:\/\/shezamme.com\/#website","url":"https:\/\/shezamme.com\/","name":"SHEZAMME - Sneakers, Streetwear and luxury brands","description":"Original and exclusive items in one place. Check out our products now and stay up to date with all launches.","publisher":{"@id":"https:\/\/shezamme.com\/#organization"},"potentialAction":[{"@type":"SearchAction","target":{"@type":"EntryPoint","urlTemplate":"https:\/\/shezamme.com\/?s={search_term_string}"},"query-input":{"@type":"PropertyValueSpecification","valueRequired":true,"valueName":"search_term_string"}}],"inLanguage":"en-US"},{"@type":"Organization","@id":"https:\/\/shezamme.com\/#organization","name":"SHEZAMME - Sneakers, Streetwear and luxury brands","url":"https:\/\/shezamme.com\/","logo":{"@type":"ImageObject","inLanguage":"en-US","@id":"https:\/\/shezamme.com\/#\/schema\/logo\/image\/","url":"https:\/\/shezamme.com\/wp-content\/uploads\/2023\/02\/0x0.png","contentUrl":"https:\/\/shezamme.com\/wp-content\/uploads\/2023\/02\/0x0.png","width":2000,"height":2000,"caption":"SHEZAMME - Sneakersy, Streetwear i luksusowe marki"},"image":{"@id":"https:\/\/shezamme.com\/#\/schema\/logo\/image\/"},"sameAs":["https:\/\/www.facebook.com\/SHEZAMME\/","https:\/\/x.com\/SHEZAMME","https:\/\/www.instagram.com\/shezamme\/","https:\/\/www.youtube.com\/channel\/UCsTJxi_9fODHdO_1bmJbqvQ","https:\/\/www.tiktok.com\/shezamme.com"]}]}},"brands":[{"id":756,"name":"Nike","slug":"nike"}],"_links":{"self":[{"href":"https:\/\/shezamme.com\/en\/wp-json\/wp\/v2\/product\/76279","targetHints":{"allow":["GET"]}}],"collection":[{"href":"https:\/\/shezamme.com\/en\/wp-json\/wp\/v2\/product"}],"about":[{"href":"https:\/\/shezamme.com\/en\/wp-json\/wp\/v2\/types\/product"}],"wp:featuredmedia":[{"embeddable":true,"href":"https:\/\/shezamme.com\/en\/wp-json\/wp\/v2\/media\/76280"}],"wp:attachment":[{"href":"https:\/\/shezamme.com\/en\/wp-json\/wp\/v2\/media?parent=76279"}],"wp:term":[{"taxonomy":"pwb-brand","embeddable":true,"href":"https:\/\/shezamme.com\/en\/wp-json\/wp\/v2\/pwb-brand?post=76279"},{"taxonomy":"product_brand","embeddable":true,"href":"https:\/\/shezamme.com\/en\/wp-json\/wp\/v2\/product_brand?post=76279"},{"taxonomy":"product_cat","embeddable":true,"href":"https:\/\/shezamme.com\/en\/wp-json\/wp\/v2\/product_cat?post=76279"},{"taxonomy":"product_tag","embeddable":true,"href":"https:\/\/shezamme.com\/en\/wp-json\/wp\/v2\/product_tag?post=76279"}],"curies":[{"name":"wp","href":"https:\/\/api.w.org\/{rel}","templated":true}]}}