{"id":75567,"date":"2024-09-02T15:33:11","date_gmt":"2024-09-02T13:33:11","guid":{"rendered":"https:\/\/shezamme.com\/?post_type=product&#038;p=75567"},"modified":"2025-04-19T15:49:09","modified_gmt":"2025-04-19T13:49:09","slug":"yeezy-boost-500-enflame-2","status":"publish","type":"product","link":"https:\/\/shezamme.com\/en\/sklep\/buty\/yeezy\/yeezy-500\/yeezy-boost-500-enflame-2\/","title":{"rendered":"Yeezy Boost 500 Enflame"},"content":{"rendered":"<h2>Unikalna kolorystyka i styl Yeezy Boost 500 &#8222;Enflame&#8221;<\/h2>\n<p>Model Yeezy Boost 500 &#8222;Enflame&#8221; wyr\u00f3\u017cnia si\u0119 niepowtarzaln\u0105 kolorystyk\u0105, \u0142\u0105cz\u0105c odcienie br\u0105zu, granatu oraz jaskrawej pomara\u0144czy na podeszwie. Dzi\u0119ki temu zestawieniu sneakersy przyci\u0105gaj\u0105 uwag\u0119, tworz\u0105c wyrazisty akcent w ka\u017cdej stylizacji. Buty te wpisuj\u0105 si\u0119 w charakterystyczny styl Yeezy, b\u0119d\u0105c jednocze\u015bnie wyj\u0105tkowym dodatkiem do kolekcji ka\u017cdego mi\u0142o\u015bnika streetwearu. Limitowana edycja zapewnia nie tylko unikalno\u015b\u0107, ale i presti\u017c w gronie kolekcjoner\u00f3w.<\/p>\n<h2>Komfortowa konstrukcja i zaawansowana technologia<\/h2>\n<p>Cholewka modelu zosta\u0142a wykonana z wysokiej jako\u015bci materia\u0142\u00f3w: zamszu, siateczki i sk\u00f3ry, kt\u00f3re gwarantuj\u0105 nie tylko trwa\u0142o\u015b\u0107, ale i przewiewno\u015b\u0107, co czyni buty idealnym wyborem na d\u0142u\u017csze u\u017cytkowanie. Wygod\u0119 i wsparcie zapewnia pianka adiPRENE+ w podeszwie, doskonale amortyzuj\u0105c krok i redukuj\u0105c wstrz\u0105sy. Zewn\u0119trzna podeszwa z gumy, wyposa\u017cona w g\u0142\u0119boki bie\u017cnik, zwi\u0119ksza przyczepno\u015b\u0107 na r\u00f3\u017cnych nawierzchniach, oferuj\u0105c stabilno\u015b\u0107 i komfort w codziennym u\u017cytkowaniu.<\/p>","protected":false},"excerpt":{"rendered":"<h2>Yeezy Boost 500 &#8222;Enflame&#8221; \u2013 wyrazisty styl i niezawodny komfort<\/h2>\n<p>Model Yeezy Boost 500 &#8222;Enflame&#8221; przyci\u0105ga uwag\u0119 odwa\u017cnym po\u0142\u0105czeniem kolor\u00f3w \u2013 br\u0105zu, granatu i jaskrawej pomara\u0144czy, nadaj\u0105c obuwiu niepowtarzalny charakter. Cholewka wykonana z zamszu, siateczki i sk\u00f3ry zapewnia trwa\u0142o\u015b\u0107 oraz wygod\u0119, a podeszwa z piank\u0105 adiPRENE+ doskonale amortyzuje ka\u017cdy krok. Gumowa podeszwa z g\u0142\u0119bokim bie\u017cnikiem gwarantuje przyczepno\u015b\u0107 na r\u00f3\u017cnych nawierzchniach.<\/p>","protected":false},"featured_media":75568,"template":"","meta":{"_acf_changed":false,"_yoast_wpseo_focuskw":"","_yoast_wpseo_title":"","_yoast_wpseo_metadesc":""},"pwb-brand":[750],"product_brand":[],"product_cat":[16,309],"product_tag":[1008,1009],"class_list":{"0":"post-75567","1":"product","2":"type-product","3":"status-publish","4":"has-post-thumbnail","6":"pwb-brand-yeezy","7":"product_cat-buty","8":"product_cat-yeezy-500","9":"product_tag-kobieta","10":"product_tag-mezczyzna","12":"first","13":"onbackorder","14":"taxable","15":"shipping-taxable","16":"purchasable","17":"product-type-variable"},"acf":[],"yoast_head":"<!-- This site is optimized with the Yoast SEO plugin v27.4 - https:\/\/yoast.com\/product\/yoast-seo-wordpress\/ -->\n<title>Yeezy Boost 500 Enflame - SHEZAMME<\/title>\n<meta name=\"description\" content=\"Yeezy Boost 500 Enflame | Luksusowe i autentyczne przedmioty w jednym miejscu. B\u0105d\u017a na bie\u017c\u0105co i sprawd\u017a nasz\u0105 ofert\u0119 ju\u017c teraz\" \/>\n<meta name=\"robots\" content=\"index, follow, max-snippet:-1, max-image-preview:large, max-video-preview:-1\" \/>\n<link rel=\"canonical\" href=\"https:\/\/shezamme.com\/en\/sklep\/sneakers-2\/yeezy\/yeezy-500\/yeezy-boost-500-enflame-2\/\" \/>\n<meta property=\"og:locale\" content=\"en_US\" \/>\n<meta property=\"og:type\" content=\"article\" \/>\n<meta property=\"og:title\" content=\"Yeezy Boost 500 Enflame - SHEZAMME\" \/>\n<meta property=\"og:description\" content=\"Yeezy Boost 500 Enflame | Luksusowe i autentyczne przedmioty w jednym miejscu. B\u0105d\u017a na bie\u017c\u0105co i sprawd\u017a nasz\u0105 ofert\u0119 ju\u017c teraz\" \/>\n<meta property=\"og:url\" content=\"https:\/\/shezamme.com\/en\/sklep\/sneakers-2\/yeezy\/yeezy-500\/yeezy-boost-500-enflame-2\/\" \/>\n<meta property=\"og:site_name\" content=\"SHEZAMME - Yeezy, Jordan, Supreme i inne oryginalne rzeczy\" \/>\n<meta property=\"article:publisher\" content=\"https:\/\/www.facebook.com\/SHEZAMME\/\" \/>\n<meta property=\"article:modified_time\" content=\"2025-04-19T13:49:09+00:00\" \/>\n<meta property=\"og:image\" content=\"https:\/\/shezamme.com\/wp-content\/uploads\/2024\/08\/714849_01.jpeg\" \/>\n\t<meta property=\"og:image:width\" content=\"1613\" \/>\n\t<meta property=\"og:image:height\" content=\"853\" \/>\n\t<meta property=\"og:image:type\" content=\"image\/jpeg\" \/>\n<meta name=\"twitter:card\" content=\"summary_large_image\" \/>\n<meta name=\"twitter:site\" content=\"@SHEZAMME\" \/>\n<meta name=\"twitter:label1\" content=\"Est. reading time\" \/>\n\t<meta name=\"twitter:data1\" content=\"1 minute\" \/>\n<script type=\"application\/ld+json\" class=\"yoast-schema-graph\">{\"@context\":\"https:\\\/\\\/schema.org\",\"@graph\":[{\"@type\":\"WebPage\",\"@id\":\"https:\\\/\\\/shezamme.com\\\/sklep\\\/buty\\\/yeezy\\\/yeezy-500\\\/yeezy-boost-500-enflame-2\\\/\",\"url\":\"https:\\\/\\\/shezamme.com\\\/sklep\\\/buty\\\/yeezy\\\/yeezy-500\\\/yeezy-boost-500-enflame-2\\\/\",\"name\":\"Yeezy Boost 500 Enflame - SHEZAMME\",\"isPartOf\":{\"@id\":\"https:\\\/\\\/shezamme.com\\\/#website\"},\"primaryImageOfPage\":{\"@id\":\"https:\\\/\\\/shezamme.com\\\/sklep\\\/buty\\\/yeezy\\\/yeezy-500\\\/yeezy-boost-500-enflame-2\\\/#primaryimage\"},\"image\":{\"@id\":\"https:\\\/\\\/shezamme.com\\\/sklep\\\/buty\\\/yeezy\\\/yeezy-500\\\/yeezy-boost-500-enflame-2\\\/#primaryimage\"},\"thumbnailUrl\":\"https:\\\/\\\/shezamme.com\\\/wp-content\\\/uploads\\\/2024\\\/08\\\/714849_01.jpeg\",\"datePublished\":\"2024-09-02T13:33:11+00:00\",\"dateModified\":\"2025-04-19T13:49:09+00:00\",\"description\":\"Yeezy Boost 500 Enflame | Luksusowe i autentyczne przedmioty w jednym miejscu. B\u0105d\u017a na bie\u017c\u0105co i sprawd\u017a nasz\u0105 ofert\u0119 ju\u017c teraz\",\"breadcrumb\":{\"@id\":\"https:\\\/\\\/shezamme.com\\\/sklep\\\/buty\\\/yeezy\\\/yeezy-500\\\/yeezy-boost-500-enflame-2\\\/#breadcrumb\"},\"inLanguage\":\"en-US\",\"potentialAction\":[{\"@type\":\"ReadAction\",\"target\":[\"https:\\\/\\\/shezamme.com\\\/sklep\\\/buty\\\/yeezy\\\/yeezy-500\\\/yeezy-boost-500-enflame-2\\\/\"]}]},{\"@type\":\"ImageObject\",\"inLanguage\":\"en-US\",\"@id\":\"https:\\\/\\\/shezamme.com\\\/sklep\\\/buty\\\/yeezy\\\/yeezy-500\\\/yeezy-boost-500-enflame-2\\\/#primaryimage\",\"url\":\"https:\\\/\\\/shezamme.com\\\/wp-content\\\/uploads\\\/2024\\\/08\\\/714849_01.jpeg\",\"contentUrl\":\"https:\\\/\\\/shezamme.com\\\/wp-content\\\/uploads\\\/2024\\\/08\\\/714849_01.jpeg\",\"width\":1613,\"height\":853},{\"@type\":\"BreadcrumbList\",\"@id\":\"https:\\\/\\\/shezamme.com\\\/sklep\\\/buty\\\/yeezy\\\/yeezy-500\\\/yeezy-boost-500-enflame-2\\\/#breadcrumb\",\"itemListElement\":[{\"@type\":\"ListItem\",\"position\":1,\"name\":\"Strona g\u0142\u00f3wna\",\"item\":\"https:\\\/\\\/shezamme.com\\\/\"},{\"@type\":\"ListItem\",\"position\":2,\"name\":\"Sklep\",\"item\":\"https:\\\/\\\/shezamme.com\\\/en\\\/sklep\\\/\"},{\"@type\":\"ListItem\",\"position\":3,\"name\":\"Yeezy Boost 500 Enflame\"}]},{\"@type\":\"WebSite\",\"@id\":\"https:\\\/\\\/shezamme.com\\\/#website\",\"url\":\"https:\\\/\\\/shezamme.com\\\/\",\"name\":\"SHEZAMME - Sneakersy, Streetwear i luksusowe marki\",\"description\":\"Oryginalne i ekskluzywne przedmioty w jednym miejscu. Sprawd\u017a nasze produkty ju\u017c teraz i b\u0105d\u017a na bie\u017c\u0105co z wszystkimi premierami.\",\"publisher\":{\"@id\":\"https:\\\/\\\/shezamme.com\\\/#organization\"},\"potentialAction\":[{\"@type\":\"SearchAction\",\"target\":{\"@type\":\"EntryPoint\",\"urlTemplate\":\"https:\\\/\\\/shezamme.com\\\/?s={search_term_string}\"},\"query-input\":{\"@type\":\"PropertyValueSpecification\",\"valueRequired\":true,\"valueName\":\"search_term_string\"}}],\"inLanguage\":\"en-US\"},{\"@type\":\"Organization\",\"@id\":\"https:\\\/\\\/shezamme.com\\\/#organization\",\"name\":\"SHEZAMME - Sneakersy, Streetwear i luksusowe marki\",\"url\":\"https:\\\/\\\/shezamme.com\\\/\",\"logo\":{\"@type\":\"ImageObject\",\"inLanguage\":\"en-US\",\"@id\":\"https:\\\/\\\/shezamme.com\\\/#\\\/schema\\\/logo\\\/image\\\/\",\"url\":\"https:\\\/\\\/shezamme.com\\\/wp-content\\\/uploads\\\/2023\\\/02\\\/0x0.png\",\"contentUrl\":\"https:\\\/\\\/shezamme.com\\\/wp-content\\\/uploads\\\/2023\\\/02\\\/0x0.png\",\"width\":2000,\"height\":2000,\"caption\":\"SHEZAMME - Sneakersy, Streetwear i luksusowe marki\"},\"image\":{\"@id\":\"https:\\\/\\\/shezamme.com\\\/#\\\/schema\\\/logo\\\/image\\\/\"},\"sameAs\":[\"https:\\\/\\\/www.facebook.com\\\/SHEZAMME\\\/\",\"https:\\\/\\\/x.com\\\/SHEZAMME\",\"https:\\\/\\\/www.instagram.com\\\/shezamme\\\/\",\"https:\\\/\\\/www.youtube.com\\\/channel\\\/UCsTJxi_9fODHdO_1bmJbqvQ\",\"https:\\\/\\\/www.tiktok.com\\\/shezamme.com\"]}]}<\/script>\n<!-- \/ Yoast SEO plugin. -->","yoast_head_json":{"title":"Yeezy Boost 500 Enflame - SHEZAMME","description":"Yeezy Boost 500 Enflame | Luksusowe i autentyczne przedmioty w jednym miejscu. B\u0105d\u017a na bie\u017c\u0105co i sprawd\u017a nasz\u0105 ofert\u0119 ju\u017c teraz","robots":{"index":"index","follow":"follow","max-snippet":"max-snippet:-1","max-image-preview":"max-image-preview:large","max-video-preview":"max-video-preview:-1"},"canonical":"https:\/\/shezamme.com\/en\/sklep\/sneakers-2\/yeezy\/yeezy-500\/yeezy-boost-500-enflame-2\/","og_locale":"en_US","og_type":"article","og_title":"Yeezy Boost 500 Enflame - SHEZAMME","og_description":"Yeezy Boost 500 Enflame | Luksusowe i autentyczne przedmioty w jednym miejscu. B\u0105d\u017a na bie\u017c\u0105co i sprawd\u017a nasz\u0105 ofert\u0119 ju\u017c teraz","og_url":"https:\/\/shezamme.com\/en\/sklep\/sneakers-2\/yeezy\/yeezy-500\/yeezy-boost-500-enflame-2\/","og_site_name":"SHEZAMME - Yeezy, Jordan, Supreme i inne oryginalne rzeczy","article_publisher":"https:\/\/www.facebook.com\/SHEZAMME\/","article_modified_time":"2025-04-19T13:49:09+00:00","og_image":[{"width":1613,"height":853,"url":"https:\/\/shezamme.com\/wp-content\/uploads\/2024\/08\/714849_01.jpeg","type":"image\/jpeg"}],"twitter_card":"summary_large_image","twitter_site":"@SHEZAMME","twitter_misc":{"Est. reading time":"1 minute"},"schema":{"@context":"https:\/\/schema.org","@graph":[{"@type":"WebPage","@id":"https:\/\/shezamme.com\/sklep\/buty\/yeezy\/yeezy-500\/yeezy-boost-500-enflame-2\/","url":"https:\/\/shezamme.com\/sklep\/buty\/yeezy\/yeezy-500\/yeezy-boost-500-enflame-2\/","name":"Yeezy Boost 500 Enflame - SHEZAMME","isPartOf":{"@id":"https:\/\/shezamme.com\/#website"},"primaryImageOfPage":{"@id":"https:\/\/shezamme.com\/sklep\/buty\/yeezy\/yeezy-500\/yeezy-boost-500-enflame-2\/#primaryimage"},"image":{"@id":"https:\/\/shezamme.com\/sklep\/buty\/yeezy\/yeezy-500\/yeezy-boost-500-enflame-2\/#primaryimage"},"thumbnailUrl":"https:\/\/shezamme.com\/wp-content\/uploads\/2024\/08\/714849_01.jpeg","datePublished":"2024-09-02T13:33:11+00:00","dateModified":"2025-04-19T13:49:09+00:00","description":"Yeezy Boost 500 Enflame | Luksusowe i autentyczne przedmioty w jednym miejscu. B\u0105d\u017a na bie\u017c\u0105co i sprawd\u017a nasz\u0105 ofert\u0119 ju\u017c teraz","breadcrumb":{"@id":"https:\/\/shezamme.com\/sklep\/buty\/yeezy\/yeezy-500\/yeezy-boost-500-enflame-2\/#breadcrumb"},"inLanguage":"en-US","potentialAction":[{"@type":"ReadAction","target":["https:\/\/shezamme.com\/sklep\/buty\/yeezy\/yeezy-500\/yeezy-boost-500-enflame-2\/"]}]},{"@type":"ImageObject","inLanguage":"en-US","@id":"https:\/\/shezamme.com\/sklep\/buty\/yeezy\/yeezy-500\/yeezy-boost-500-enflame-2\/#primaryimage","url":"https:\/\/shezamme.com\/wp-content\/uploads\/2024\/08\/714849_01.jpeg","contentUrl":"https:\/\/shezamme.com\/wp-content\/uploads\/2024\/08\/714849_01.jpeg","width":1613,"height":853},{"@type":"BreadcrumbList","@id":"https:\/\/shezamme.com\/sklep\/buty\/yeezy\/yeezy-500\/yeezy-boost-500-enflame-2\/#breadcrumb","itemListElement":[{"@type":"ListItem","position":1,"name":"Strona g\u0142\u00f3wna","item":"https:\/\/shezamme.com\/"},{"@type":"ListItem","position":2,"name":"Sklep","item":"https:\/\/shezamme.com\/en\/sklep\/"},{"@type":"ListItem","position":3,"name":"Yeezy Boost 500 Enflame"}]},{"@type":"WebSite","@id":"https:\/\/shezamme.com\/#website","url":"https:\/\/shezamme.com\/","name":"SHEZAMME - Sneakers, Streetwear and luxury brands","description":"Original and exclusive items in one place. Check out our products now and stay up to date with all launches.","publisher":{"@id":"https:\/\/shezamme.com\/#organization"},"potentialAction":[{"@type":"SearchAction","target":{"@type":"EntryPoint","urlTemplate":"https:\/\/shezamme.com\/?s={search_term_string}"},"query-input":{"@type":"PropertyValueSpecification","valueRequired":true,"valueName":"search_term_string"}}],"inLanguage":"en-US"},{"@type":"Organization","@id":"https:\/\/shezamme.com\/#organization","name":"SHEZAMME - Sneakers, Streetwear and luxury brands","url":"https:\/\/shezamme.com\/","logo":{"@type":"ImageObject","inLanguage":"en-US","@id":"https:\/\/shezamme.com\/#\/schema\/logo\/image\/","url":"https:\/\/shezamme.com\/wp-content\/uploads\/2023\/02\/0x0.png","contentUrl":"https:\/\/shezamme.com\/wp-content\/uploads\/2023\/02\/0x0.png","width":2000,"height":2000,"caption":"SHEZAMME - Sneakersy, Streetwear i luksusowe marki"},"image":{"@id":"https:\/\/shezamme.com\/#\/schema\/logo\/image\/"},"sameAs":["https:\/\/www.facebook.com\/SHEZAMME\/","https:\/\/x.com\/SHEZAMME","https:\/\/www.instagram.com\/shezamme\/","https:\/\/www.youtube.com\/channel\/UCsTJxi_9fODHdO_1bmJbqvQ","https:\/\/www.tiktok.com\/shezamme.com"]}]}},"brands":[{"id":750,"name":"Yeezy","slug":"yeezy"}],"_links":{"self":[{"href":"https:\/\/shezamme.com\/en\/wp-json\/wp\/v2\/product\/75567","targetHints":{"allow":["GET"]}}],"collection":[{"href":"https:\/\/shezamme.com\/en\/wp-json\/wp\/v2\/product"}],"about":[{"href":"https:\/\/shezamme.com\/en\/wp-json\/wp\/v2\/types\/product"}],"wp:featuredmedia":[{"embeddable":true,"href":"https:\/\/shezamme.com\/en\/wp-json\/wp\/v2\/media\/75568"}],"wp:attachment":[{"href":"https:\/\/shezamme.com\/en\/wp-json\/wp\/v2\/media?parent=75567"}],"wp:term":[{"taxonomy":"pwb-brand","embeddable":true,"href":"https:\/\/shezamme.com\/en\/wp-json\/wp\/v2\/pwb-brand?post=75567"},{"taxonomy":"product_brand","embeddable":true,"href":"https:\/\/shezamme.com\/en\/wp-json\/wp\/v2\/product_brand?post=75567"},{"taxonomy":"product_cat","embeddable":true,"href":"https:\/\/shezamme.com\/en\/wp-json\/wp\/v2\/product_cat?post=75567"},{"taxonomy":"product_tag","embeddable":true,"href":"https:\/\/shezamme.com\/en\/wp-json\/wp\/v2\/product_tag?post=75567"}],"curies":[{"name":"wp","href":"https:\/\/api.w.org\/{rel}","templated":true}]}}