{"id":745,"date":"2022-07-30T21:08:44","date_gmt":"2022-07-30T19:08:44","guid":{"rendered":"https:\/\/staging1.waw.pl\/?post_type=product&#038;p=745"},"modified":"2025-12-28T18:59:13","modified_gmt":"2025-12-28T17:59:13","slug":"yeezy-boost-350-v2-zebra","status":"publish","type":"product","link":"https:\/\/shezamme.com\/en\/sklep\/buty\/yeezy\/yeezy-350\/yeezy-boost-350-v2-zebra\/","title":{"rendered":"Yeezy Boost 350 V2 Zebra"},"content":{"rendered":"<h2>Wyrazisty design i komfort \u2013 Yeezy Boost 350 V2 &#8222;Zebra&#8221;<\/h2>\n<p>Yeezy Boost 350 V2 &#8222;Zebra&#8221; to model, kt\u00f3ry wyr\u00f3\u017cnia si\u0119 bia\u0142o-czarnym wzorem inspirowanym paskami zebry, z charakterystycznym czerwonym napisem &#8222;SPLY-350&#8221; na boku. Cholewka wykonana z Primeknit idealnie dopasowuje si\u0119 do stopy, oferuj\u0105c jednocze\u015bnie doskona\u0142\u0105 przewiewno\u015b\u0107 i wygod\u0119.<\/p>\n<h2>Technologia Boost i unikatowy wygl\u0105d<\/h2>\n<p>Dzi\u0119ki zastosowaniu technologii Boost w podeszwie, buty gwarantuj\u0105 maksymaln\u0105 spr\u0119\u017cysto\u015b\u0107 i amortyzacj\u0119 przez ca\u0142y dzie\u0144. Odwa\u017cny design z kontrastuj\u0105cymi kolorami i klasycznymi sznurowad\u0142ami tworzy ikoniczny, rozpoznawalny styl, kt\u00f3ry przyci\u0105ga uwag\u0119 na ulicach.<\/p>","protected":false},"excerpt":{"rendered":"<h2>Yeezy Boost 350 V2 &#8222;Zebra&#8221; \u2013 ikoniczny styl i komfort<\/h2>\n<p>Yeezy Boost 350 V2 &#8222;Zebra&#8221; to jeden z najbardziej rozpoznawalnych modeli w serii, wyr\u00f3\u017cniaj\u0105cy si\u0119 bia\u0142o-czarnym wzorem przypominaj\u0105cym paski zebry. Elastyczna cholewka Primeknit zapewnia idealne dopasowanie i przewiewno\u015b\u0107, a podeszwa z technologi\u0105 Boost gwarantuje ca\u0142odzienny komfort. Czerwony napis &#8222;SPLY-350&#8221; nadaje butom unikalny, wyrazisty akcent.<\/p>","protected":false},"featured_media":23623,"template":"","meta":{"_acf_changed":false},"pwb-brand":[748,750],"product_brand":[],"product_cat":[16,63,193],"product_tag":[1008,1009],"class_list":{"0":"post-745","1":"product","2":"type-product","3":"status-publish","4":"has-post-thumbnail","6":"pwb-brand-adidas","7":"pwb-brand-yeezy","8":"product_cat-buty","9":"product_cat-yeezy","10":"product_cat-yeezy-350","11":"product_tag-kobieta","12":"product_tag-mezczyzna","14":"first","15":"instock","16":"sale","17":"taxable","18":"shipping-taxable","19":"purchasable","20":"product-type-variable","21":"has-default-attributes"},"acf":[],"yoast_head":"<!-- This site is optimized with the Yoast SEO plugin v27.2 - https:\/\/yoast.com\/product\/yoast-seo-wordpress\/ -->\n<title>Yeezy Boost 350 V2 Zebra - SHEZAMME<\/title>\n<meta name=\"description\" content=\"Yeezy Boost 350 V2 Zebra | Luksusowe i autentyczne przedmioty w jednym miejscu. B\u0105d\u017a na bie\u017c\u0105co i sprawd\u017a nasz\u0105 ofert\u0119 ju\u017c teraz\" \/>\n<meta name=\"robots\" content=\"index, follow, max-snippet:-1, max-image-preview:large, max-video-preview:-1\" \/>\n<link rel=\"canonical\" href=\"https:\/\/shezamme.com\/en\/sklep\/sneakers-2\/yeezy\/yeezy-350\/yeezy-boost-350-v2-zebra\/\" \/>\n<meta property=\"og:locale\" content=\"en_US\" \/>\n<meta property=\"og:type\" content=\"article\" \/>\n<meta property=\"og:title\" content=\"Yeezy Boost 350 V2 Zebra - SHEZAMME\" \/>\n<meta property=\"og:description\" content=\"Yeezy Boost 350 V2 Zebra | Luksusowe i autentyczne przedmioty w jednym miejscu. B\u0105d\u017a na bie\u017c\u0105co i sprawd\u017a nasz\u0105 ofert\u0119 ju\u017c teraz\" \/>\n<meta property=\"og:url\" content=\"https:\/\/shezamme.com\/en\/sklep\/sneakers-2\/yeezy\/yeezy-350\/yeezy-boost-350-v2-zebra\/\" \/>\n<meta property=\"og:site_name\" content=\"SHEZAMME - Yeezy, Jordan, Supreme i inne oryginalne rzeczy\" \/>\n<meta property=\"article:publisher\" content=\"https:\/\/www.facebook.com\/SHEZAMME\/\" \/>\n<meta property=\"article:modified_time\" content=\"2025-12-28T17:59:13+00:00\" \/>\n<meta property=\"og:image\" content=\"https:\/\/shezamme.com\/wp-content\/uploads\/2022\/07\/IMG_7107.jpg\" \/>\n\t<meta property=\"og:image:width\" content=\"1170\" \/>\n\t<meta property=\"og:image:height\" content=\"1032\" \/>\n\t<meta property=\"og:image:type\" content=\"image\/jpeg\" \/>\n<meta name=\"twitter:card\" content=\"summary_large_image\" \/>\n<meta name=\"twitter:site\" content=\"@SHEZAMME\" \/>\n<script type=\"application\/ld+json\" class=\"yoast-schema-graph\">{\"@context\":\"https:\/\/schema.org\",\"@graph\":[{\"@type\":\"WebPage\",\"@id\":\"https:\/\/shezamme.com\/sklep\/buty\/yeezy\/yeezy-350\/yeezy-boost-350-v2-zebra\/\",\"url\":\"https:\/\/shezamme.com\/sklep\/buty\/yeezy\/yeezy-350\/yeezy-boost-350-v2-zebra\/\",\"name\":\"Yeezy Boost 350 V2 Zebra - SHEZAMME\",\"isPartOf\":{\"@id\":\"https:\/\/shezamme.com\/#website\"},\"primaryImageOfPage\":{\"@id\":\"https:\/\/shezamme.com\/sklep\/buty\/yeezy\/yeezy-350\/yeezy-boost-350-v2-zebra\/#primaryimage\"},\"image\":{\"@id\":\"https:\/\/shezamme.com\/sklep\/buty\/yeezy\/yeezy-350\/yeezy-boost-350-v2-zebra\/#primaryimage\"},\"thumbnailUrl\":\"https:\/\/shezamme.com\/wp-content\/uploads\/2022\/07\/IMG_7107.jpg\",\"datePublished\":\"2022-07-30T19:08:44+00:00\",\"dateModified\":\"2025-12-28T17:59:13+00:00\",\"description\":\"Yeezy Boost 350 V2 Zebra | Luksusowe i autentyczne przedmioty w jednym miejscu. B\u0105d\u017a na bie\u017c\u0105co i sprawd\u017a nasz\u0105 ofert\u0119 ju\u017c teraz\",\"breadcrumb\":{\"@id\":\"https:\/\/shezamme.com\/sklep\/buty\/yeezy\/yeezy-350\/yeezy-boost-350-v2-zebra\/#breadcrumb\"},\"inLanguage\":\"en-US\",\"potentialAction\":[{\"@type\":\"ReadAction\",\"target\":[\"https:\/\/shezamme.com\/sklep\/buty\/yeezy\/yeezy-350\/yeezy-boost-350-v2-zebra\/\"]}]},{\"@type\":\"ImageObject\",\"inLanguage\":\"en-US\",\"@id\":\"https:\/\/shezamme.com\/sklep\/buty\/yeezy\/yeezy-350\/yeezy-boost-350-v2-zebra\/#primaryimage\",\"url\":\"https:\/\/shezamme.com\/wp-content\/uploads\/2022\/07\/IMG_7107.jpg\",\"contentUrl\":\"https:\/\/shezamme.com\/wp-content\/uploads\/2022\/07\/IMG_7107.jpg\",\"width\":1170,\"height\":1032,\"caption\":\"Yeezy Boost 350 v2 Zebra\"},{\"@type\":\"BreadcrumbList\",\"@id\":\"https:\/\/shezamme.com\/sklep\/buty\/yeezy\/yeezy-350\/yeezy-boost-350-v2-zebra\/#breadcrumb\",\"itemListElement\":[{\"@type\":\"ListItem\",\"position\":1,\"name\":\"Strona g\u0142\u00f3wna\",\"item\":\"https:\/\/shezamme.com\/\"},{\"@type\":\"ListItem\",\"position\":2,\"name\":\"Sklep\",\"item\":\"https:\/\/shezamme.com\/sklep\/\"},{\"@type\":\"ListItem\",\"position\":3,\"name\":\"Yeezy Boost 350 V2 Zebra\"}]},{\"@type\":\"WebSite\",\"@id\":\"https:\/\/shezamme.com\/#website\",\"url\":\"https:\/\/shezamme.com\/\",\"name\":\"SHEZAMME - Sneakersy, Streetwear i luksusowe marki\",\"description\":\"Oryginalne i ekskluzywne przedmioty w jednym miejscu. Sprawd\u017a nasze produkty ju\u017c teraz i b\u0105d\u017a na bie\u017c\u0105co z wszystkimi premierami.\",\"publisher\":{\"@id\":\"https:\/\/shezamme.com\/#organization\"},\"potentialAction\":[{\"@type\":\"SearchAction\",\"target\":{\"@type\":\"EntryPoint\",\"urlTemplate\":\"https:\/\/shezamme.com\/?s={search_term_string}\"},\"query-input\":{\"@type\":\"PropertyValueSpecification\",\"valueRequired\":true,\"valueName\":\"search_term_string\"}}],\"inLanguage\":\"en-US\"},{\"@type\":\"Organization\",\"@id\":\"https:\/\/shezamme.com\/#organization\",\"name\":\"SHEZAMME - Sneakersy, Streetwear i luksusowe marki\",\"url\":\"https:\/\/shezamme.com\/\",\"logo\":{\"@type\":\"ImageObject\",\"inLanguage\":\"en-US\",\"@id\":\"https:\/\/shezamme.com\/#\/schema\/logo\/image\/\",\"url\":\"https:\/\/shezamme.com\/wp-content\/uploads\/2023\/02\/0x0.png\",\"contentUrl\":\"https:\/\/shezamme.com\/wp-content\/uploads\/2023\/02\/0x0.png\",\"width\":2000,\"height\":2000,\"caption\":\"SHEZAMME - Sneakersy, Streetwear i luksusowe marki\"},\"image\":{\"@id\":\"https:\/\/shezamme.com\/#\/schema\/logo\/image\/\"},\"sameAs\":[\"https:\/\/www.facebook.com\/SHEZAMME\/\",\"https:\/\/x.com\/SHEZAMME\",\"https:\/\/www.instagram.com\/shezamme\/\",\"https:\/\/www.youtube.com\/channel\/UCsTJxi_9fODHdO_1bmJbqvQ\",\"https:\/\/www.tiktok.com\/shezamme.com\"]}]}<\/script>\n<!-- \/ Yoast SEO plugin. -->","yoast_head_json":{"title":"Yeezy Boost 350 V2 Zebra - SHEZAMME","description":"Yeezy Boost 350 V2 Zebra | Luksusowe i autentyczne przedmioty w jednym miejscu. B\u0105d\u017a na bie\u017c\u0105co i sprawd\u017a nasz\u0105 ofert\u0119 ju\u017c teraz","robots":{"index":"index","follow":"follow","max-snippet":"max-snippet:-1","max-image-preview":"max-image-preview:large","max-video-preview":"max-video-preview:-1"},"canonical":"https:\/\/shezamme.com\/en\/sklep\/sneakers-2\/yeezy\/yeezy-350\/yeezy-boost-350-v2-zebra\/","og_locale":"en_US","og_type":"article","og_title":"Yeezy Boost 350 V2 Zebra - SHEZAMME","og_description":"Yeezy Boost 350 V2 Zebra | Luksusowe i autentyczne przedmioty w jednym miejscu. B\u0105d\u017a na bie\u017c\u0105co i sprawd\u017a nasz\u0105 ofert\u0119 ju\u017c teraz","og_url":"https:\/\/shezamme.com\/en\/sklep\/sneakers-2\/yeezy\/yeezy-350\/yeezy-boost-350-v2-zebra\/","og_site_name":"SHEZAMME - Yeezy, Jordan, Supreme i inne oryginalne rzeczy","article_publisher":"https:\/\/www.facebook.com\/SHEZAMME\/","article_modified_time":"2025-12-28T17:59:13+00:00","og_image":[{"width":1170,"height":1032,"url":"https:\/\/shezamme.com\/wp-content\/uploads\/2022\/07\/IMG_7107.jpg","type":"image\/jpeg"}],"twitter_card":"summary_large_image","twitter_site":"@SHEZAMME","schema":{"@context":"https:\/\/schema.org","@graph":[{"@type":"WebPage","@id":"https:\/\/shezamme.com\/sklep\/buty\/yeezy\/yeezy-350\/yeezy-boost-350-v2-zebra\/","url":"https:\/\/shezamme.com\/sklep\/buty\/yeezy\/yeezy-350\/yeezy-boost-350-v2-zebra\/","name":"Yeezy Boost 350 V2 Zebra - SHEZAMME","isPartOf":{"@id":"https:\/\/shezamme.com\/#website"},"primaryImageOfPage":{"@id":"https:\/\/shezamme.com\/sklep\/buty\/yeezy\/yeezy-350\/yeezy-boost-350-v2-zebra\/#primaryimage"},"image":{"@id":"https:\/\/shezamme.com\/sklep\/buty\/yeezy\/yeezy-350\/yeezy-boost-350-v2-zebra\/#primaryimage"},"thumbnailUrl":"https:\/\/shezamme.com\/wp-content\/uploads\/2022\/07\/IMG_7107.jpg","datePublished":"2022-07-30T19:08:44+00:00","dateModified":"2025-12-28T17:59:13+00:00","description":"Yeezy Boost 350 V2 Zebra | Luksusowe i autentyczne przedmioty w jednym miejscu. B\u0105d\u017a na bie\u017c\u0105co i sprawd\u017a nasz\u0105 ofert\u0119 ju\u017c teraz","breadcrumb":{"@id":"https:\/\/shezamme.com\/sklep\/buty\/yeezy\/yeezy-350\/yeezy-boost-350-v2-zebra\/#breadcrumb"},"inLanguage":"en-US","potentialAction":[{"@type":"ReadAction","target":["https:\/\/shezamme.com\/sklep\/buty\/yeezy\/yeezy-350\/yeezy-boost-350-v2-zebra\/"]}]},{"@type":"ImageObject","inLanguage":"en-US","@id":"https:\/\/shezamme.com\/sklep\/buty\/yeezy\/yeezy-350\/yeezy-boost-350-v2-zebra\/#primaryimage","url":"https:\/\/shezamme.com\/wp-content\/uploads\/2022\/07\/IMG_7107.jpg","contentUrl":"https:\/\/shezamme.com\/wp-content\/uploads\/2022\/07\/IMG_7107.jpg","width":1170,"height":1032,"caption":"Yeezy Boost 350 v2 Zebra"},{"@type":"BreadcrumbList","@id":"https:\/\/shezamme.com\/sklep\/buty\/yeezy\/yeezy-350\/yeezy-boost-350-v2-zebra\/#breadcrumb","itemListElement":[{"@type":"ListItem","position":1,"name":"Strona g\u0142\u00f3wna","item":"https:\/\/shezamme.com\/"},{"@type":"ListItem","position":2,"name":"Sklep","item":"https:\/\/shezamme.com\/sklep\/"},{"@type":"ListItem","position":3,"name":"Yeezy Boost 350 V2 Zebra"}]},{"@type":"WebSite","@id":"https:\/\/shezamme.com\/#website","url":"https:\/\/shezamme.com\/","name":"SHEZAMME - Sneakers, Streetwear and luxury brands","description":"Original and exclusive items in one place. Check out our products now and stay up to date with all launches.","publisher":{"@id":"https:\/\/shezamme.com\/#organization"},"potentialAction":[{"@type":"SearchAction","target":{"@type":"EntryPoint","urlTemplate":"https:\/\/shezamme.com\/?s={search_term_string}"},"query-input":{"@type":"PropertyValueSpecification","valueRequired":true,"valueName":"search_term_string"}}],"inLanguage":"en-US"},{"@type":"Organization","@id":"https:\/\/shezamme.com\/#organization","name":"SHEZAMME - Sneakers, Streetwear and luxury brands","url":"https:\/\/shezamme.com\/","logo":{"@type":"ImageObject","inLanguage":"en-US","@id":"https:\/\/shezamme.com\/#\/schema\/logo\/image\/","url":"https:\/\/shezamme.com\/wp-content\/uploads\/2023\/02\/0x0.png","contentUrl":"https:\/\/shezamme.com\/wp-content\/uploads\/2023\/02\/0x0.png","width":2000,"height":2000,"caption":"SHEZAMME - Sneakersy, Streetwear i luksusowe marki"},"image":{"@id":"https:\/\/shezamme.com\/#\/schema\/logo\/image\/"},"sameAs":["https:\/\/www.facebook.com\/SHEZAMME\/","https:\/\/x.com\/SHEZAMME","https:\/\/www.instagram.com\/shezamme\/","https:\/\/www.youtube.com\/channel\/UCsTJxi_9fODHdO_1bmJbqvQ","https:\/\/www.tiktok.com\/shezamme.com"]}]}},"brands":[{"id":748,"name":"Adidas","slug":"adidas"},{"id":750,"name":"Yeezy","slug":"yeezy"}],"_links":{"self":[{"href":"https:\/\/shezamme.com\/en\/wp-json\/wp\/v2\/product\/745","targetHints":{"allow":["GET"]}}],"collection":[{"href":"https:\/\/shezamme.com\/en\/wp-json\/wp\/v2\/product"}],"about":[{"href":"https:\/\/shezamme.com\/en\/wp-json\/wp\/v2\/types\/product"}],"wp:featuredmedia":[{"embeddable":true,"href":"https:\/\/shezamme.com\/en\/wp-json\/wp\/v2\/media\/23623"}],"wp:attachment":[{"href":"https:\/\/shezamme.com\/en\/wp-json\/wp\/v2\/media?parent=745"}],"wp:term":[{"taxonomy":"pwb-brand","embeddable":true,"href":"https:\/\/shezamme.com\/en\/wp-json\/wp\/v2\/pwb-brand?post=745"},{"taxonomy":"product_brand","embeddable":true,"href":"https:\/\/shezamme.com\/en\/wp-json\/wp\/v2\/product_brand?post=745"},{"taxonomy":"product_cat","embeddable":true,"href":"https:\/\/shezamme.com\/en\/wp-json\/wp\/v2\/product_cat?post=745"},{"taxonomy":"product_tag","embeddable":true,"href":"https:\/\/shezamme.com\/en\/wp-json\/wp\/v2\/product_tag?post=745"}],"curies":[{"name":"wp","href":"https:\/\/api.w.org\/{rel}","templated":true}]}}