{"id":71936,"date":"2024-05-28T12:17:35","date_gmt":"2024-05-28T10:17:35","guid":{"rendered":"https:\/\/shezamme.com\/?post_type=product&#038;p=71936"},"modified":"2025-10-25T12:14:17","modified_gmt":"2025-10-25T10:14:17","slug":"air-jordan-4-retro-oxidized-green","status":"publish","type":"product","link":"https:\/\/shezamme.com\/en\/sklep\/buty\/air-jordan\/air-jordan-4\/air-jordan-4-retro-oxidized-green\/","title":{"rendered":"Air Jordan 4 Retro Oxidized Green"},"content":{"rendered":"<h2>Air Jordan 4 Retro Oxidized Green \u2013 vintage z nowoczesnym akcentem<\/h2>\n<p>Air Jordan 4 Retro Oxidized Green to wyj\u0105tkowe po\u0142\u0105czenie stonowanej bieli i czerni z unikalnym, \u201eOxidized Green\u201d akcentem, nadaj\u0105cym modelowi surowy, retro styl. Sk\u00f3rzana cholewka z zielonymi i czarnymi detalami podkre\u015bla industrialny charakter, a zamszowe i teksturowane wyko\u0144czenia dodaj\u0105 g\u0142\u0119bi.<\/p>\n<h2>Komfort i wszechstronny design<\/h2>\n<p>\u015aredniej wysoko\u015bci konstrukcja stabilizuje kostk\u0119, a technologia Air w podeszwie zapewnia wygod\u0119 i amortyzacj\u0119. Zielone akcenty i siateczkowe panele dodaj\u0105 wyrazisto\u015bci, idealnie komponuj\u0105c si\u0119 z casualowymi i streetwearowymi stylizacjami. To model dla fan\u00f3w unikalnych kolorystyk i klasycznego stylu Jordan.<\/p>","protected":false},"excerpt":{"rendered":"<h2>Air Jordan 4 Retro Oxidized Green \u2013 elegancja vintage w nowoczesnej formie<\/h2>\n<p>Model Air Jordan 4 Retro Oxidized Green wyr\u00f3\u017cnia si\u0119 subteln\u0105 palet\u0105 bieli i czerni, uzupe\u0142nion\u0105 zielonymi akcentami \u201eOxidized Green\u201d, kt\u00f3re nadaj\u0105 mu inspirowany retro charakter. Sk\u00f3rzana cholewka z zamszowymi i teksturowanymi detalami dodaje g\u0142\u0119bi i surowo\u015bci.<\/p>\n<h2>Styl i komfort na co dzie\u0144<\/h2>\n<p>Z technologi\u0105 Air w gumowej podeszwie, ten model zapewnia wygod\u0119, a siateczkowe panele i perforacje gwarantuj\u0105 przewiewno\u015b\u0107. Idealny do codziennych i streetwearowych stylizacji, wprowadza delikatny, industrialny akcent, kt\u00f3ry przyci\u0105ga wzrok fan\u00f3w klasyki i stylu vintage.<\/p>","protected":false},"featured_media":71954,"template":"","meta":{"_acf_changed":false},"pwb-brand":[749,756],"product_brand":[],"product_cat":[16,17,248],"product_tag":[1008,1009],"class_list":{"0":"post-71936","1":"product","2":"type-product","3":"status-publish","4":"has-post-thumbnail","6":"pwb-brand-air-jordan","7":"pwb-brand-nike","8":"product_cat-buty","9":"product_cat-air-jordan","10":"product_cat-air-jordan-4","11":"product_tag-kobieta","12":"product_tag-mezczyzna","14":"first","15":"instock","16":"taxable","17":"shipping-taxable","18":"purchasable","19":"product-type-variable","20":"has-default-attributes"},"acf":[],"yoast_head":"<!-- This site is optimized with the Yoast SEO plugin v27.2 - https:\/\/yoast.com\/product\/yoast-seo-wordpress\/ -->\n<title>Air Jordan 4 Retro Oxidized Green - SHEZAMME<\/title>\n<meta name=\"description\" content=\"Air Jordan 4 Retro Oxidized Green | Luksusowe i autentyczne przedmioty w jednym miejscu. B\u0105d\u017a na bie\u017c\u0105co i sprawd\u017a nasz\u0105 ofert\u0119 ju\u017c teraz\" \/>\n<meta name=\"robots\" content=\"index, follow, max-snippet:-1, max-image-preview:large, max-video-preview:-1\" \/>\n<link rel=\"canonical\" href=\"https:\/\/shezamme.com\/en\/sklep\/sneakers-2\/air-jordan\/air-jordan-4\/air-jordan-4-retro-oxidized-green\/\" \/>\n<meta property=\"og:locale\" content=\"en_US\" \/>\n<meta property=\"og:type\" content=\"article\" \/>\n<meta property=\"og:title\" content=\"Air Jordan 4 Retro Oxidized Green - SHEZAMME\" \/>\n<meta property=\"og:description\" content=\"Air Jordan 4 Retro Oxidized Green | Luksusowe i autentyczne przedmioty w jednym miejscu. B\u0105d\u017a na bie\u017c\u0105co i sprawd\u017a nasz\u0105 ofert\u0119 ju\u017c teraz\" \/>\n<meta property=\"og:url\" content=\"https:\/\/shezamme.com\/en\/sklep\/sneakers-2\/air-jordan\/air-jordan-4\/air-jordan-4-retro-oxidized-green\/\" \/>\n<meta property=\"og:site_name\" content=\"SHEZAMME - Yeezy, Jordan, Supreme i inne oryginalne rzeczy\" \/>\n<meta property=\"article:publisher\" content=\"https:\/\/www.facebook.com\/SHEZAMME\/\" \/>\n<meta property=\"article:modified_time\" content=\"2025-10-25T10:14:17+00:00\" \/>\n<meta property=\"og:image\" content=\"https:\/\/shezamme.com\/wp-content\/uploads\/2024\/05\/IMG_2961.jpg\" \/>\n\t<meta property=\"og:image:width\" content=\"1179\" \/>\n\t<meta property=\"og:image:height\" content=\"1082\" \/>\n\t<meta property=\"og:image:type\" content=\"image\/jpeg\" \/>\n<meta name=\"twitter:card\" content=\"summary_large_image\" \/>\n<meta name=\"twitter:site\" content=\"@SHEZAMME\" \/>\n<meta name=\"twitter:label1\" content=\"Est. reading time\" \/>\n\t<meta name=\"twitter:data1\" content=\"1 minute\" \/>\n<script type=\"application\/ld+json\" class=\"yoast-schema-graph\">{\"@context\":\"https:\/\/schema.org\",\"@graph\":[{\"@type\":\"WebPage\",\"@id\":\"https:\/\/shezamme.com\/sklep\/buty\/air-jordan\/air-jordan-4\/air-jordan-4-retro-oxidized-green\/\",\"url\":\"https:\/\/shezamme.com\/sklep\/buty\/air-jordan\/air-jordan-4\/air-jordan-4-retro-oxidized-green\/\",\"name\":\"Air Jordan 4 Retro Oxidized Green - SHEZAMME\",\"isPartOf\":{\"@id\":\"https:\/\/shezamme.com\/#website\"},\"primaryImageOfPage\":{\"@id\":\"https:\/\/shezamme.com\/sklep\/buty\/air-jordan\/air-jordan-4\/air-jordan-4-retro-oxidized-green\/#primaryimage\"},\"image\":{\"@id\":\"https:\/\/shezamme.com\/sklep\/buty\/air-jordan\/air-jordan-4\/air-jordan-4-retro-oxidized-green\/#primaryimage\"},\"thumbnailUrl\":\"https:\/\/shezamme.com\/wp-content\/uploads\/2024\/05\/IMG_2961.jpg\",\"datePublished\":\"2024-05-28T10:17:35+00:00\",\"dateModified\":\"2025-10-25T10:14:17+00:00\",\"description\":\"Air Jordan 4 Retro Oxidized Green | Luksusowe i autentyczne przedmioty w jednym miejscu. B\u0105d\u017a na bie\u017c\u0105co i sprawd\u017a nasz\u0105 ofert\u0119 ju\u017c teraz\",\"breadcrumb\":{\"@id\":\"https:\/\/shezamme.com\/sklep\/buty\/air-jordan\/air-jordan-4\/air-jordan-4-retro-oxidized-green\/#breadcrumb\"},\"inLanguage\":\"en-US\",\"potentialAction\":[{\"@type\":\"ReadAction\",\"target\":[\"https:\/\/shezamme.com\/sklep\/buty\/air-jordan\/air-jordan-4\/air-jordan-4-retro-oxidized-green\/\"]}]},{\"@type\":\"ImageObject\",\"inLanguage\":\"en-US\",\"@id\":\"https:\/\/shezamme.com\/sklep\/buty\/air-jordan\/air-jordan-4\/air-jordan-4-retro-oxidized-green\/#primaryimage\",\"url\":\"https:\/\/shezamme.com\/wp-content\/uploads\/2024\/05\/IMG_2961.jpg\",\"contentUrl\":\"https:\/\/shezamme.com\/wp-content\/uploads\/2024\/05\/IMG_2961.jpg\",\"width\":1179,\"height\":1082,\"caption\":\"Air Jordan 4 Retro Oxidized Green\"},{\"@type\":\"BreadcrumbList\",\"@id\":\"https:\/\/shezamme.com\/sklep\/buty\/air-jordan\/air-jordan-4\/air-jordan-4-retro-oxidized-green\/#breadcrumb\",\"itemListElement\":[{\"@type\":\"ListItem\",\"position\":1,\"name\":\"Strona g\u0142\u00f3wna\",\"item\":\"https:\/\/shezamme.com\/\"},{\"@type\":\"ListItem\",\"position\":2,\"name\":\"Sklep\",\"item\":\"https:\/\/shezamme.com\/sklep\/\"},{\"@type\":\"ListItem\",\"position\":3,\"name\":\"Air Jordan 4 Retro Oxidized Green\"}]},{\"@type\":\"WebSite\",\"@id\":\"https:\/\/shezamme.com\/#website\",\"url\":\"https:\/\/shezamme.com\/\",\"name\":\"SHEZAMME - Sneakersy, Streetwear i luksusowe marki\",\"description\":\"Oryginalne i ekskluzywne przedmioty w jednym miejscu. Sprawd\u017a nasze produkty ju\u017c teraz i b\u0105d\u017a na bie\u017c\u0105co z wszystkimi premierami.\",\"publisher\":{\"@id\":\"https:\/\/shezamme.com\/#organization\"},\"potentialAction\":[{\"@type\":\"SearchAction\",\"target\":{\"@type\":\"EntryPoint\",\"urlTemplate\":\"https:\/\/shezamme.com\/?s={search_term_string}\"},\"query-input\":{\"@type\":\"PropertyValueSpecification\",\"valueRequired\":true,\"valueName\":\"search_term_string\"}}],\"inLanguage\":\"en-US\"},{\"@type\":\"Organization\",\"@id\":\"https:\/\/shezamme.com\/#organization\",\"name\":\"SHEZAMME - Sneakersy, Streetwear i luksusowe marki\",\"url\":\"https:\/\/shezamme.com\/\",\"logo\":{\"@type\":\"ImageObject\",\"inLanguage\":\"en-US\",\"@id\":\"https:\/\/shezamme.com\/#\/schema\/logo\/image\/\",\"url\":\"https:\/\/shezamme.com\/wp-content\/uploads\/2023\/02\/0x0.png\",\"contentUrl\":\"https:\/\/shezamme.com\/wp-content\/uploads\/2023\/02\/0x0.png\",\"width\":2000,\"height\":2000,\"caption\":\"SHEZAMME - Sneakersy, Streetwear i luksusowe marki\"},\"image\":{\"@id\":\"https:\/\/shezamme.com\/#\/schema\/logo\/image\/\"},\"sameAs\":[\"https:\/\/www.facebook.com\/SHEZAMME\/\",\"https:\/\/x.com\/SHEZAMME\",\"https:\/\/www.instagram.com\/shezamme\/\",\"https:\/\/www.youtube.com\/channel\/UCsTJxi_9fODHdO_1bmJbqvQ\",\"https:\/\/www.tiktok.com\/shezamme.com\"]}]}<\/script>\n<!-- \/ Yoast SEO plugin. -->","yoast_head_json":{"title":"Air Jordan 4 Retro Oxidized Green - SHEZAMME","description":"Air Jordan 4 Retro Oxidized Green | Luksusowe i autentyczne przedmioty w jednym miejscu. B\u0105d\u017a na bie\u017c\u0105co i sprawd\u017a nasz\u0105 ofert\u0119 ju\u017c teraz","robots":{"index":"index","follow":"follow","max-snippet":"max-snippet:-1","max-image-preview":"max-image-preview:large","max-video-preview":"max-video-preview:-1"},"canonical":"https:\/\/shezamme.com\/en\/sklep\/sneakers-2\/air-jordan\/air-jordan-4\/air-jordan-4-retro-oxidized-green\/","og_locale":"en_US","og_type":"article","og_title":"Air Jordan 4 Retro Oxidized Green - SHEZAMME","og_description":"Air Jordan 4 Retro Oxidized Green | Luksusowe i autentyczne przedmioty w jednym miejscu. B\u0105d\u017a na bie\u017c\u0105co i sprawd\u017a nasz\u0105 ofert\u0119 ju\u017c teraz","og_url":"https:\/\/shezamme.com\/en\/sklep\/sneakers-2\/air-jordan\/air-jordan-4\/air-jordan-4-retro-oxidized-green\/","og_site_name":"SHEZAMME - Yeezy, Jordan, Supreme i inne oryginalne rzeczy","article_publisher":"https:\/\/www.facebook.com\/SHEZAMME\/","article_modified_time":"2025-10-25T10:14:17+00:00","og_image":[{"width":1179,"height":1082,"url":"https:\/\/shezamme.com\/wp-content\/uploads\/2024\/05\/IMG_2961.jpg","type":"image\/jpeg"}],"twitter_card":"summary_large_image","twitter_site":"@SHEZAMME","twitter_misc":{"Est. reading time":"1 minute"},"schema":{"@context":"https:\/\/schema.org","@graph":[{"@type":"WebPage","@id":"https:\/\/shezamme.com\/sklep\/buty\/air-jordan\/air-jordan-4\/air-jordan-4-retro-oxidized-green\/","url":"https:\/\/shezamme.com\/sklep\/buty\/air-jordan\/air-jordan-4\/air-jordan-4-retro-oxidized-green\/","name":"Air Jordan 4 Retro Oxidized Green - SHEZAMME","isPartOf":{"@id":"https:\/\/shezamme.com\/#website"},"primaryImageOfPage":{"@id":"https:\/\/shezamme.com\/sklep\/buty\/air-jordan\/air-jordan-4\/air-jordan-4-retro-oxidized-green\/#primaryimage"},"image":{"@id":"https:\/\/shezamme.com\/sklep\/buty\/air-jordan\/air-jordan-4\/air-jordan-4-retro-oxidized-green\/#primaryimage"},"thumbnailUrl":"https:\/\/shezamme.com\/wp-content\/uploads\/2024\/05\/IMG_2961.jpg","datePublished":"2024-05-28T10:17:35+00:00","dateModified":"2025-10-25T10:14:17+00:00","description":"Air Jordan 4 Retro Oxidized Green | Luksusowe i autentyczne przedmioty w jednym miejscu. B\u0105d\u017a na bie\u017c\u0105co i sprawd\u017a nasz\u0105 ofert\u0119 ju\u017c teraz","breadcrumb":{"@id":"https:\/\/shezamme.com\/sklep\/buty\/air-jordan\/air-jordan-4\/air-jordan-4-retro-oxidized-green\/#breadcrumb"},"inLanguage":"en-US","potentialAction":[{"@type":"ReadAction","target":["https:\/\/shezamme.com\/sklep\/buty\/air-jordan\/air-jordan-4\/air-jordan-4-retro-oxidized-green\/"]}]},{"@type":"ImageObject","inLanguage":"en-US","@id":"https:\/\/shezamme.com\/sklep\/buty\/air-jordan\/air-jordan-4\/air-jordan-4-retro-oxidized-green\/#primaryimage","url":"https:\/\/shezamme.com\/wp-content\/uploads\/2024\/05\/IMG_2961.jpg","contentUrl":"https:\/\/shezamme.com\/wp-content\/uploads\/2024\/05\/IMG_2961.jpg","width":1179,"height":1082,"caption":"Air Jordan 4 Retro Oxidized Green"},{"@type":"BreadcrumbList","@id":"https:\/\/shezamme.com\/sklep\/buty\/air-jordan\/air-jordan-4\/air-jordan-4-retro-oxidized-green\/#breadcrumb","itemListElement":[{"@type":"ListItem","position":1,"name":"Strona g\u0142\u00f3wna","item":"https:\/\/shezamme.com\/"},{"@type":"ListItem","position":2,"name":"Sklep","item":"https:\/\/shezamme.com\/sklep\/"},{"@type":"ListItem","position":3,"name":"Air Jordan 4 Retro Oxidized Green"}]},{"@type":"WebSite","@id":"https:\/\/shezamme.com\/#website","url":"https:\/\/shezamme.com\/","name":"SHEZAMME - Sneakers, Streetwear and luxury brands","description":"Original and exclusive items in one place. Check out our products now and stay up to date with all launches.","publisher":{"@id":"https:\/\/shezamme.com\/#organization"},"potentialAction":[{"@type":"SearchAction","target":{"@type":"EntryPoint","urlTemplate":"https:\/\/shezamme.com\/?s={search_term_string}"},"query-input":{"@type":"PropertyValueSpecification","valueRequired":true,"valueName":"search_term_string"}}],"inLanguage":"en-US"},{"@type":"Organization","@id":"https:\/\/shezamme.com\/#organization","name":"SHEZAMME - Sneakers, Streetwear and luxury brands","url":"https:\/\/shezamme.com\/","logo":{"@type":"ImageObject","inLanguage":"en-US","@id":"https:\/\/shezamme.com\/#\/schema\/logo\/image\/","url":"https:\/\/shezamme.com\/wp-content\/uploads\/2023\/02\/0x0.png","contentUrl":"https:\/\/shezamme.com\/wp-content\/uploads\/2023\/02\/0x0.png","width":2000,"height":2000,"caption":"SHEZAMME - Sneakersy, Streetwear i luksusowe marki"},"image":{"@id":"https:\/\/shezamme.com\/#\/schema\/logo\/image\/"},"sameAs":["https:\/\/www.facebook.com\/SHEZAMME\/","https:\/\/x.com\/SHEZAMME","https:\/\/www.instagram.com\/shezamme\/","https:\/\/www.youtube.com\/channel\/UCsTJxi_9fODHdO_1bmJbqvQ","https:\/\/www.tiktok.com\/shezamme.com"]}]}},"brands":[{"id":749,"name":"Jordan","slug":"air-jordan"},{"id":756,"name":"Nike","slug":"nike"}],"_links":{"self":[{"href":"https:\/\/shezamme.com\/en\/wp-json\/wp\/v2\/product\/71936","targetHints":{"allow":["GET"]}}],"collection":[{"href":"https:\/\/shezamme.com\/en\/wp-json\/wp\/v2\/product"}],"about":[{"href":"https:\/\/shezamme.com\/en\/wp-json\/wp\/v2\/types\/product"}],"wp:featuredmedia":[{"embeddable":true,"href":"https:\/\/shezamme.com\/en\/wp-json\/wp\/v2\/media\/71954"}],"wp:attachment":[{"href":"https:\/\/shezamme.com\/en\/wp-json\/wp\/v2\/media?parent=71936"}],"wp:term":[{"taxonomy":"pwb-brand","embeddable":true,"href":"https:\/\/shezamme.com\/en\/wp-json\/wp\/v2\/pwb-brand?post=71936"},{"taxonomy":"product_brand","embeddable":true,"href":"https:\/\/shezamme.com\/en\/wp-json\/wp\/v2\/product_brand?post=71936"},{"taxonomy":"product_cat","embeddable":true,"href":"https:\/\/shezamme.com\/en\/wp-json\/wp\/v2\/product_cat?post=71936"},{"taxonomy":"product_tag","embeddable":true,"href":"https:\/\/shezamme.com\/en\/wp-json\/wp\/v2\/product_tag?post=71936"}],"curies":[{"name":"wp","href":"https:\/\/api.w.org\/{rel}","templated":true}]}}