{"id":71407,"date":"2024-04-19T14:04:05","date_gmt":"2024-04-19T12:04:05","guid":{"rendered":"https:\/\/shezamme.com\/?post_type=product&#038;p=71407"},"modified":"2026-02-17T14:31:27","modified_gmt":"2026-02-17T13:31:27","slug":"yeezy-gosha-black-dogs-hoodie-grey","status":"publish","type":"product","link":"https:\/\/shezamme.com\/en\/sklep\/bluzy\/wszystkie-bluzy\/yeezy-gosha-black-dogs-hoodie-grey\/","title":{"rendered":"Yeezy Gosha Black Dogs Hoodie Grey"},"content":{"rendered":"<h2 class=\"\" data-start=\"0\" data-end=\"85\">Yeezy x Gosha Rubchinskiy Black Dogs Hoodie Grey \u2013 modowy cie\u0144 wewn\u0119trznego \u015bwiata<\/h2>\n<p class=\"\" data-start=\"87\" data-end=\"354\">Black Dogs Hoodie w odcieniu ch\u0142odnej szaro\u015bci to symboliczna bluza, kt\u00f3ra \u0142\u0105czy mroczn\u0105 estetyk\u0119 post-sowieckiego streetwearu Goshy z dystopijnym minimalizmem Kanye. Wyrazisty nadruk czarnych ps\u00f3w na froncie staje si\u0119 manifestem niepokoju, si\u0142y i emocjonalnej walki.<\/p>\n<h2 class=\"\" data-start=\"356\" data-end=\"392\">Surowa forma i konceptualna cisza<\/h2>\n<p class=\"\" data-start=\"394\" data-end=\"675\">Wykonana z ci\u0119\u017ckiej, garment dyed bawe\u0142ny, hoodie ma oversize\u2019owy, rze\u017abiarski kr\u00f3j z szerokimi r\u0119kawami i skr\u00f3conym korpusem. Bez widocznych logotyp\u00f3w, z przylegaj\u0105cym kapturem \u2013 to projekt, kt\u00f3ry nie potrzebuje nazw, by m\u00f3wi\u0107 g\u0142o\u015bno. Ubranie staje si\u0119 tu narz\u0119dziem introspekcji.<\/p>","protected":false},"excerpt":{"rendered":"<h2 class=\"\" data-start=\"0\" data-end=\"73\">Yeezy x Gosha Black Dogs Hoodie Grey \u2013 mroczny symbol w surowej formie<\/h2>\n<p class=\"\" data-start=\"75\" data-end=\"339\">Black Dogs Hoodie Grey to konceptualna bluza, kt\u00f3ra \u0142\u0105czy betonow\u0105 szaro\u015b\u0107 z wyrazistym nadrukiem czarnych ps\u00f3w \u2013 symbolem si\u0142y i wewn\u0119trznego niepokoju. Oversize\u2019owy kr\u00f3j, brak brandingu i ci\u0119\u017cka bawe\u0142na tworz\u0105 projekt, kt\u00f3ry zamiast krzycze\u0107 logo, m\u00f3wi emocjami.<\/p>","protected":false},"featured_media":71412,"template":"","meta":{"_acf_changed":false,"_yoast_wpseo_focuskw":"Yeezy Gosha Black Dogs Hoodie Grey","_yoast_wpseo_title":"","_yoast_wpseo_metadesc":""},"pwb-brand":[750],"product_brand":[],"product_cat":[113,929],"product_tag":[1008,1009],"class_list":{"0":"post-71407","1":"product","2":"type-product","3":"status-publish","4":"has-post-thumbnail","6":"pwb-brand-yeezy","7":"product_cat-bluzy","8":"product_cat-wszystkie-bluzy","9":"product_tag-kobieta","10":"product_tag-mezczyzna","12":"first","13":"onbackorder","14":"taxable","15":"shipping-taxable","16":"purchasable","17":"product-type-variable","18":"has-default-attributes"},"acf":[],"yoast_head":"<!-- This site is optimized with the Yoast SEO plugin v27.3 - https:\/\/yoast.com\/product\/yoast-seo-wordpress\/ -->\n<title>Yeezy Gosha Black Dogs Hoodie Grey - SHEZAMME<\/title>\n<meta name=\"description\" content=\"Yeezy Gosha Black Dogs Hoodie Grey | Luksusowe i autentyczne przedmioty w jednym miejscu. B\u0105d\u017a na bie\u017c\u0105co i sprawd\u017a nasz\u0105 ofert\u0119 ju\u017c teraz\" \/>\n<meta name=\"robots\" content=\"index, follow, max-snippet:-1, max-image-preview:large, max-video-preview:-1\" \/>\n<link rel=\"canonical\" href=\"https:\/\/shezamme.com\/en\/sklep\/sweatshirts-2\/all-sweatshirts\/yeezy-gosha-black-dogs-hoodie-grey\/\" \/>\n<meta property=\"og:locale\" content=\"en_US\" \/>\n<meta property=\"og:type\" content=\"article\" \/>\n<meta property=\"og:title\" content=\"Yeezy Gosha Black Dogs Hoodie Grey - SHEZAMME\" \/>\n<meta property=\"og:description\" content=\"Yeezy Gosha Black Dogs Hoodie Grey | Luksusowe i autentyczne przedmioty w jednym miejscu. B\u0105d\u017a na bie\u017c\u0105co i sprawd\u017a nasz\u0105 ofert\u0119 ju\u017c teraz\" \/>\n<meta property=\"og:url\" content=\"https:\/\/shezamme.com\/en\/sklep\/sweatshirts-2\/all-sweatshirts\/yeezy-gosha-black-dogs-hoodie-grey\/\" \/>\n<meta property=\"og:site_name\" content=\"SHEZAMME - Yeezy, Jordan, Supreme i inne oryginalne rzeczy\" \/>\n<meta property=\"article:publisher\" content=\"https:\/\/www.facebook.com\/SHEZAMME\/\" \/>\n<meta property=\"article:modified_time\" content=\"2026-02-17T13:31:27+00:00\" \/>\n<meta property=\"og:image\" content=\"https:\/\/shezamme.com\/wp-content\/uploads\/2024\/04\/IMG_1633.jpg\" \/>\n\t<meta property=\"og:image:width\" content=\"1179\" \/>\n\t<meta property=\"og:image:height\" content=\"1037\" \/>\n\t<meta property=\"og:image:type\" content=\"image\/jpeg\" \/>\n<meta name=\"twitter:card\" content=\"summary_large_image\" \/>\n<meta name=\"twitter:site\" content=\"@SHEZAMME\" \/>\n<meta name=\"twitter:label1\" content=\"Est. reading time\" \/>\n\t<meta name=\"twitter:data1\" content=\"1 minute\" \/>\n<script type=\"application\/ld+json\" class=\"yoast-schema-graph\">{\"@context\":\"https:\\\/\\\/schema.org\",\"@graph\":[{\"@type\":\"WebPage\",\"@id\":\"https:\\\/\\\/shezamme.com\\\/sklep\\\/bluzy\\\/wszystkie-bluzy\\\/yeezy-gosha-black-dogs-hoodie-grey\\\/\",\"url\":\"https:\\\/\\\/shezamme.com\\\/sklep\\\/bluzy\\\/wszystkie-bluzy\\\/yeezy-gosha-black-dogs-hoodie-grey\\\/\",\"name\":\"Yeezy Gosha Black Dogs Hoodie Grey - SHEZAMME\",\"isPartOf\":{\"@id\":\"https:\\\/\\\/shezamme.com\\\/#website\"},\"primaryImageOfPage\":{\"@id\":\"https:\\\/\\\/shezamme.com\\\/sklep\\\/bluzy\\\/wszystkie-bluzy\\\/yeezy-gosha-black-dogs-hoodie-grey\\\/#primaryimage\"},\"image\":{\"@id\":\"https:\\\/\\\/shezamme.com\\\/sklep\\\/bluzy\\\/wszystkie-bluzy\\\/yeezy-gosha-black-dogs-hoodie-grey\\\/#primaryimage\"},\"thumbnailUrl\":\"https:\\\/\\\/shezamme.com\\\/wp-content\\\/uploads\\\/2024\\\/04\\\/IMG_1633.jpg\",\"datePublished\":\"2024-04-19T12:04:05+00:00\",\"dateModified\":\"2026-02-17T13:31:27+00:00\",\"description\":\"Yeezy Gosha Black Dogs Hoodie Grey | Luksusowe i autentyczne przedmioty w jednym miejscu. B\u0105d\u017a na bie\u017c\u0105co i sprawd\u017a nasz\u0105 ofert\u0119 ju\u017c teraz\",\"breadcrumb\":{\"@id\":\"https:\\\/\\\/shezamme.com\\\/sklep\\\/bluzy\\\/wszystkie-bluzy\\\/yeezy-gosha-black-dogs-hoodie-grey\\\/#breadcrumb\"},\"inLanguage\":\"en-US\",\"potentialAction\":[{\"@type\":\"ReadAction\",\"target\":[\"https:\\\/\\\/shezamme.com\\\/sklep\\\/bluzy\\\/wszystkie-bluzy\\\/yeezy-gosha-black-dogs-hoodie-grey\\\/\"]}]},{\"@type\":\"ImageObject\",\"inLanguage\":\"en-US\",\"@id\":\"https:\\\/\\\/shezamme.com\\\/sklep\\\/bluzy\\\/wszystkie-bluzy\\\/yeezy-gosha-black-dogs-hoodie-grey\\\/#primaryimage\",\"url\":\"https:\\\/\\\/shezamme.com\\\/wp-content\\\/uploads\\\/2024\\\/04\\\/IMG_1633.jpg\",\"contentUrl\":\"https:\\\/\\\/shezamme.com\\\/wp-content\\\/uploads\\\/2024\\\/04\\\/IMG_1633.jpg\",\"width\":1179,\"height\":1037,\"caption\":\"Yeezy Gosha Black Dogs Hoodie Grey\"},{\"@type\":\"BreadcrumbList\",\"@id\":\"https:\\\/\\\/shezamme.com\\\/sklep\\\/bluzy\\\/wszystkie-bluzy\\\/yeezy-gosha-black-dogs-hoodie-grey\\\/#breadcrumb\",\"itemListElement\":[{\"@type\":\"ListItem\",\"position\":1,\"name\":\"Strona g\u0142\u00f3wna\",\"item\":\"https:\\\/\\\/shezamme.com\\\/\"},{\"@type\":\"ListItem\",\"position\":2,\"name\":\"Sklep\",\"item\":\"https:\\\/\\\/shezamme.com\\\/en\\\/sklep\\\/\"},{\"@type\":\"ListItem\",\"position\":3,\"name\":\"Yeezy Gosha Black Dogs Hoodie Grey\"}]},{\"@type\":\"WebSite\",\"@id\":\"https:\\\/\\\/shezamme.com\\\/#website\",\"url\":\"https:\\\/\\\/shezamme.com\\\/\",\"name\":\"SHEZAMME - Sneakersy, Streetwear i luksusowe marki\",\"description\":\"Oryginalne i ekskluzywne przedmioty w jednym miejscu. Sprawd\u017a nasze produkty ju\u017c teraz i b\u0105d\u017a na bie\u017c\u0105co z wszystkimi premierami.\",\"publisher\":{\"@id\":\"https:\\\/\\\/shezamme.com\\\/#organization\"},\"potentialAction\":[{\"@type\":\"SearchAction\",\"target\":{\"@type\":\"EntryPoint\",\"urlTemplate\":\"https:\\\/\\\/shezamme.com\\\/?s={search_term_string}\"},\"query-input\":{\"@type\":\"PropertyValueSpecification\",\"valueRequired\":true,\"valueName\":\"search_term_string\"}}],\"inLanguage\":\"en-US\"},{\"@type\":\"Organization\",\"@id\":\"https:\\\/\\\/shezamme.com\\\/#organization\",\"name\":\"SHEZAMME - Sneakersy, Streetwear i luksusowe marki\",\"url\":\"https:\\\/\\\/shezamme.com\\\/\",\"logo\":{\"@type\":\"ImageObject\",\"inLanguage\":\"en-US\",\"@id\":\"https:\\\/\\\/shezamme.com\\\/#\\\/schema\\\/logo\\\/image\\\/\",\"url\":\"https:\\\/\\\/shezamme.com\\\/wp-content\\\/uploads\\\/2023\\\/02\\\/0x0.png\",\"contentUrl\":\"https:\\\/\\\/shezamme.com\\\/wp-content\\\/uploads\\\/2023\\\/02\\\/0x0.png\",\"width\":2000,\"height\":2000,\"caption\":\"SHEZAMME - Sneakersy, Streetwear i luksusowe marki\"},\"image\":{\"@id\":\"https:\\\/\\\/shezamme.com\\\/#\\\/schema\\\/logo\\\/image\\\/\"},\"sameAs\":[\"https:\\\/\\\/www.facebook.com\\\/SHEZAMME\\\/\",\"https:\\\/\\\/x.com\\\/SHEZAMME\",\"https:\\\/\\\/www.instagram.com\\\/shezamme\\\/\",\"https:\\\/\\\/www.youtube.com\\\/channel\\\/UCsTJxi_9fODHdO_1bmJbqvQ\",\"https:\\\/\\\/www.tiktok.com\\\/shezamme.com\"]}]}<\/script>\n<!-- \/ Yoast SEO plugin. -->","yoast_head_json":{"title":"Yeezy Gosha Black Dogs Hoodie Grey - SHEZAMME","description":"Yeezy Gosha Black Dogs Hoodie Grey | Luksusowe i autentyczne przedmioty w jednym miejscu. B\u0105d\u017a na bie\u017c\u0105co i sprawd\u017a nasz\u0105 ofert\u0119 ju\u017c teraz","robots":{"index":"index","follow":"follow","max-snippet":"max-snippet:-1","max-image-preview":"max-image-preview:large","max-video-preview":"max-video-preview:-1"},"canonical":"https:\/\/shezamme.com\/en\/sklep\/sweatshirts-2\/all-sweatshirts\/yeezy-gosha-black-dogs-hoodie-grey\/","og_locale":"en_US","og_type":"article","og_title":"Yeezy Gosha Black Dogs Hoodie Grey - SHEZAMME","og_description":"Yeezy Gosha Black Dogs Hoodie Grey | Luksusowe i autentyczne przedmioty w jednym miejscu. B\u0105d\u017a na bie\u017c\u0105co i sprawd\u017a nasz\u0105 ofert\u0119 ju\u017c teraz","og_url":"https:\/\/shezamme.com\/en\/sklep\/sweatshirts-2\/all-sweatshirts\/yeezy-gosha-black-dogs-hoodie-grey\/","og_site_name":"SHEZAMME - Yeezy, Jordan, Supreme i inne oryginalne rzeczy","article_publisher":"https:\/\/www.facebook.com\/SHEZAMME\/","article_modified_time":"2026-02-17T13:31:27+00:00","og_image":[{"width":1179,"height":1037,"url":"https:\/\/shezamme.com\/wp-content\/uploads\/2024\/04\/IMG_1633.jpg","type":"image\/jpeg"}],"twitter_card":"summary_large_image","twitter_site":"@SHEZAMME","twitter_misc":{"Est. reading time":"1 minute"},"schema":{"@context":"https:\/\/schema.org","@graph":[{"@type":"WebPage","@id":"https:\/\/shezamme.com\/sklep\/bluzy\/wszystkie-bluzy\/yeezy-gosha-black-dogs-hoodie-grey\/","url":"https:\/\/shezamme.com\/sklep\/bluzy\/wszystkie-bluzy\/yeezy-gosha-black-dogs-hoodie-grey\/","name":"Yeezy Gosha Black Dogs Hoodie Grey - SHEZAMME","isPartOf":{"@id":"https:\/\/shezamme.com\/#website"},"primaryImageOfPage":{"@id":"https:\/\/shezamme.com\/sklep\/bluzy\/wszystkie-bluzy\/yeezy-gosha-black-dogs-hoodie-grey\/#primaryimage"},"image":{"@id":"https:\/\/shezamme.com\/sklep\/bluzy\/wszystkie-bluzy\/yeezy-gosha-black-dogs-hoodie-grey\/#primaryimage"},"thumbnailUrl":"https:\/\/shezamme.com\/wp-content\/uploads\/2024\/04\/IMG_1633.jpg","datePublished":"2024-04-19T12:04:05+00:00","dateModified":"2026-02-17T13:31:27+00:00","description":"Yeezy Gosha Black Dogs Hoodie Grey | Luksusowe i autentyczne przedmioty w jednym miejscu. B\u0105d\u017a na bie\u017c\u0105co i sprawd\u017a nasz\u0105 ofert\u0119 ju\u017c teraz","breadcrumb":{"@id":"https:\/\/shezamme.com\/sklep\/bluzy\/wszystkie-bluzy\/yeezy-gosha-black-dogs-hoodie-grey\/#breadcrumb"},"inLanguage":"en-US","potentialAction":[{"@type":"ReadAction","target":["https:\/\/shezamme.com\/sklep\/bluzy\/wszystkie-bluzy\/yeezy-gosha-black-dogs-hoodie-grey\/"]}]},{"@type":"ImageObject","inLanguage":"en-US","@id":"https:\/\/shezamme.com\/sklep\/bluzy\/wszystkie-bluzy\/yeezy-gosha-black-dogs-hoodie-grey\/#primaryimage","url":"https:\/\/shezamme.com\/wp-content\/uploads\/2024\/04\/IMG_1633.jpg","contentUrl":"https:\/\/shezamme.com\/wp-content\/uploads\/2024\/04\/IMG_1633.jpg","width":1179,"height":1037,"caption":"Yeezy Gosha Black Dogs Hoodie Grey"},{"@type":"BreadcrumbList","@id":"https:\/\/shezamme.com\/sklep\/bluzy\/wszystkie-bluzy\/yeezy-gosha-black-dogs-hoodie-grey\/#breadcrumb","itemListElement":[{"@type":"ListItem","position":1,"name":"Strona g\u0142\u00f3wna","item":"https:\/\/shezamme.com\/"},{"@type":"ListItem","position":2,"name":"Sklep","item":"https:\/\/shezamme.com\/en\/sklep\/"},{"@type":"ListItem","position":3,"name":"Yeezy Gosha Black Dogs Hoodie Grey"}]},{"@type":"WebSite","@id":"https:\/\/shezamme.com\/#website","url":"https:\/\/shezamme.com\/","name":"SHEZAMME - Sneakers, Streetwear and luxury brands","description":"Original and exclusive items in one place. Check out our products now and stay up to date with all launches.","publisher":{"@id":"https:\/\/shezamme.com\/#organization"},"potentialAction":[{"@type":"SearchAction","target":{"@type":"EntryPoint","urlTemplate":"https:\/\/shezamme.com\/?s={search_term_string}"},"query-input":{"@type":"PropertyValueSpecification","valueRequired":true,"valueName":"search_term_string"}}],"inLanguage":"en-US"},{"@type":"Organization","@id":"https:\/\/shezamme.com\/#organization","name":"SHEZAMME - Sneakers, Streetwear and luxury brands","url":"https:\/\/shezamme.com\/","logo":{"@type":"ImageObject","inLanguage":"en-US","@id":"https:\/\/shezamme.com\/#\/schema\/logo\/image\/","url":"https:\/\/shezamme.com\/wp-content\/uploads\/2023\/02\/0x0.png","contentUrl":"https:\/\/shezamme.com\/wp-content\/uploads\/2023\/02\/0x0.png","width":2000,"height":2000,"caption":"SHEZAMME - Sneakersy, Streetwear i luksusowe marki"},"image":{"@id":"https:\/\/shezamme.com\/#\/schema\/logo\/image\/"},"sameAs":["https:\/\/www.facebook.com\/SHEZAMME\/","https:\/\/x.com\/SHEZAMME","https:\/\/www.instagram.com\/shezamme\/","https:\/\/www.youtube.com\/channel\/UCsTJxi_9fODHdO_1bmJbqvQ","https:\/\/www.tiktok.com\/shezamme.com"]}]}},"brands":[{"id":750,"name":"Yeezy","slug":"yeezy"}],"_links":{"self":[{"href":"https:\/\/shezamme.com\/en\/wp-json\/wp\/v2\/product\/71407","targetHints":{"allow":["GET"]}}],"collection":[{"href":"https:\/\/shezamme.com\/en\/wp-json\/wp\/v2\/product"}],"about":[{"href":"https:\/\/shezamme.com\/en\/wp-json\/wp\/v2\/types\/product"}],"wp:featuredmedia":[{"embeddable":true,"href":"https:\/\/shezamme.com\/en\/wp-json\/wp\/v2\/media\/71412"}],"wp:attachment":[{"href":"https:\/\/shezamme.com\/en\/wp-json\/wp\/v2\/media?parent=71407"}],"wp:term":[{"taxonomy":"pwb-brand","embeddable":true,"href":"https:\/\/shezamme.com\/en\/wp-json\/wp\/v2\/pwb-brand?post=71407"},{"taxonomy":"product_brand","embeddable":true,"href":"https:\/\/shezamme.com\/en\/wp-json\/wp\/v2\/product_brand?post=71407"},{"taxonomy":"product_cat","embeddable":true,"href":"https:\/\/shezamme.com\/en\/wp-json\/wp\/v2\/product_cat?post=71407"},{"taxonomy":"product_tag","embeddable":true,"href":"https:\/\/shezamme.com\/en\/wp-json\/wp\/v2\/product_tag?post=71407"}],"curies":[{"name":"wp","href":"https:\/\/api.w.org\/{rel}","templated":true}]}}