{"id":70969,"date":"2024-04-04T14:41:15","date_gmt":"2024-04-04T12:41:15","guid":{"rendered":"https:\/\/shezamme.com\/?post_type=product&#038;p=70969"},"modified":"2025-01-03T16:40:08","modified_gmt":"2025-01-03T15:40:08","slug":"louis-vuitton-speedy-p9-bandouliere-25-blue","status":"publish","type":"product","link":"https:\/\/shezamme.com\/en\/sklep\/akcesoria\/torebki\/louis-vuitton-speedy-p9-bandouliere-25-blue\/","title":{"rendered":"Louis Vuitton Speedy P9 Bandouli\u00e8re 25 Blue"},"content":{"rendered":"<p>Torebka Louis Vuitton Speedy Bandouli\u00e8re 25 w odcieniu Blue jest kwintesencj\u0105 luksusu i elegancji, stanowi\u0105c doskona\u0142y wyb\u00f3r dla os\u00f3b ceni\u0105cych sobie zar\u00f3wno wysok\u0105 jako\u015b\u0107 wykonania, jak i niepowtarzalny design. Model ten, b\u0119d\u0105cy ikon\u0105 w\u015br\u00f3d torebek marki Louis Vuitton, od lat nieustannie zdobywa serca mi\u0142o\u015bnik\u00f3w mody na ca\u0142ym \u015bwiecie, oferuj\u0105c im nie tylko ponadczasowy wygl\u0105d, ale tak\u017ce praktyczno\u015b\u0107 na co dzie\u0144.<\/p>\n<p>Speedy Bandouli\u00e8re 25, w rozmiarze idealnym na codzienne potrzeby, zosta\u0142a zaprojektowana z my\u015bl\u0105 o kobietach, kt\u00f3re pragn\u0105 mie\u0107 przy sobie wszystkie niezb\u0119dne przedmioty, nie rezygnuj\u0105c przy tym z elegancji. Wymiary torebki (25 cm x 19 cm x 15 cm) pozwalaj\u0105 na komfortowe noszenie jej zar\u00f3wno w d\u0142oni, jak i na ramieniu lub przewieszone przez cia\u0142o, dzi\u0119ki regulowanemu i odpinanemu paskowi. Materia\u0142, z kt\u00f3rego wykonana jest torebka, to legendarny, odporny na zarysowania monogram canvas, a ca\u0142o\u015b\u0107 dope\u0142niaj\u0105 elementy sk\u00f3rzane i metalowe wyko\u0144czenia w kolorze z\u0142otym, co nadaje modelowi Speedy Bandouli\u00e8re 25 niepowtarzalnego charakteru.<\/p>\n<p>Jedn\u0105 z kluczowych cech, dzi\u0119ki kt\u00f3rym model Speedy Bandouli\u00e8re 25 wyr\u00f3\u017cnia si\u0119 na tle innych torebek, jest jego wszechstronno\u015b\u0107. Mo\u017ce ona pe\u0142ni\u0107 funkcj\u0119 zar\u00f3wno eleganckiego dodatku do wieczorowej kreacji, jak i stylowego akcesorium uzupe\u0142niaj\u0105cego casualowy, codzienny str\u00f3j. Niezale\u017cnie od okazji, torebka ta z pewno\u015bci\u0105 przyci\u0105gnie uwag\u0119, podkre\u015blaj\u0105c wyj\u0105tkowy gust i klas\u0119 swojej w\u0142a\u015bcicielki.<\/p>\n<p>Wn\u0119trze torebki zosta\u0142o zaprojektowane z my\u015bl\u0105 o funkcjonalno\u015bci. Posiada ono wygodn\u0105, tekstyln\u0105 podszewk\u0119 oraz kieszonki, kt\u00f3re umo\u017cliwiaj\u0105 \u0142atwe zorganizowanie przestrzeni i szybki dost\u0119p do najwa\u017cniejszych przedmiot\u00f3w, takich jak telefon, portfel czy klucze. Zamkni\u0119cie na zamek b\u0142yskawiczny gwarantuje bezpiecze\u0144stwo zawarto\u015bci, a dodatkowo, ka\u017cda torebka Louis Vuitton Speedy Bandouli\u00e8re 25 wyposa\u017cona jest w ma\u0142y breloczek z kluczem, umo\u017cliwiaj\u0105cy zabezpieczenie zamka.<\/p>\n<p>Podsumowuj\u0105c, torebka Louis Vuitton Speedy Bandouli\u00e8re 25 w kolorze Blue to wi\u0119cej ni\u017c tylko akcesorium. To inwestycja w luksus, kt\u00f3ry nie wychodzi z mody, \u0142\u0105cz\u0105cy w sobie elegancj\u0119, funkcjonalno\u015b\u0107 i niezawodno\u015b\u0107 marki Louis Vuitton. Stanowi ona doskona\u0142y wyb\u00f3r dla kobiet, kt\u00f3re ceni\u0105 sobie jako\u015b\u0107, styl i chc\u0105 doda\u0107 swojemu wizerunkowi odrobiny luksusu.<\/p>","protected":false},"excerpt":{"rendered":"<p>Louis Vuitton Speedy P9 Bandouli\u00e8re 25 Blue<br \/>\nCondition: New<br \/>\nOriginally packed<br \/>\n100% original<br \/>\nMaterial: Leather<br \/>\nKolor: Niebieski<br \/>\nWymiary: 5.9H 9.8W 5.9D Strap 24.8<\/p>\n<p>Torebka Louis Vuitton Speedy Bandouli\u00e8re 25 Blue \u0142\u0105czy w sobie elegancj\u0119, funkcjonalno\u015b\u0107 i niezr\u00f3wnan\u0105 jako\u015b\u0107, charakterystyczn\u0105 dla marki Louis Vuitton. Dzi\u0119ki swoim wymiarom (25 cm x 19 cm x 15 cm) jest idealna na codzienne wyj\u015bcia, zapewniaj\u0105c wystarczaj\u0105co miejsca na wszystkie niezb\u0119dne przedmioty. Wykonana z legendarnego, odpornego na zarysowania materia\u0142u monogram canvas oraz uzupe\u0142niona elementami sk\u00f3rzanymi i metalowymi wyko\u0144czeniami, torebka Speedy Bandouli\u00e8re 25 wyr\u00f3\u017cnia si\u0119 ponadczasowym designem. Regulowany i odpinany pasek pozwala na noszenie jej na r\u00f3\u017cne sposoby, co podkre\u015bla jej uniwersalno\u015b\u0107. Wn\u0119trze z tekstyln\u0105 podszewk\u0105 i praktycznymi kieszonkami zapewnia organizacj\u0119 i bezpiecze\u0144stwo zawarto\u015bci. Torebka ta, b\u0119d\u0105ca synonimem luksusu, jest doskona\u0142ym wyborem dla ka\u017cdej kobiety ceni\u0105cej sobie wysok\u0105 jako\u015b\u0107 i styl.<\/p>","protected":false},"featured_media":70972,"template":"","meta":{"_acf_changed":false,"_yoast_wpseo_focuskw":"Louis Vuitton Speedy P9 Bandouli\u00e8re 25 Blue","_yoast_wpseo_title":"","_yoast_wpseo_metadesc":""},"pwb-brand":[890],"product_brand":[],"product_cat":[23,847],"product_tag":[1008,1009],"class_list":{"0":"post-70969","1":"product","2":"type-product","3":"status-publish","4":"has-post-thumbnail","6":"pwb-brand-louis-vuitton","7":"product_cat-akcesoria","8":"product_cat-torebki","9":"product_tag-kobieta","10":"product_tag-mezczyzna","12":"first","13":"onbackorder","14":"taxable","15":"shipping-taxable","16":"purchasable","17":"product-type-variable"},"acf":[],"yoast_head":"<!-- This site is optimized with the Yoast SEO plugin v27.3 - https:\/\/yoast.com\/product\/yoast-seo-wordpress\/ -->\n<title>Louis Vuitton Speedy P9 Bandouli\u00e8re 25 Blue - SHEZAMME<\/title>\n<meta name=\"description\" content=\"Louis Vuitton Speedy P9 Bandouli\u00e8re 25 Blue | Luksusowe i autentyczne przedmioty w jednym miejscu. B\u0105d\u017a na bie\u017c\u0105co i sprawd\u017a nasz\u0105 ofert\u0119 ju\u017c teraz\" \/>\n<meta name=\"robots\" content=\"index, follow, max-snippet:-1, max-image-preview:large, max-video-preview:-1\" \/>\n<link rel=\"canonical\" href=\"https:\/\/shezamme.com\/en\/sklep\/accesories\/handbags\/louis-vuitton-speedy-p9-bandouliere-25-blue\/\" \/>\n<meta property=\"og:locale\" content=\"en_US\" \/>\n<meta property=\"og:type\" content=\"article\" \/>\n<meta property=\"og:title\" content=\"Louis Vuitton Speedy P9 Bandouli\u00e8re 25 Blue - SHEZAMME\" \/>\n<meta property=\"og:description\" content=\"Louis Vuitton Speedy P9 Bandouli\u00e8re 25 Blue | Luksusowe i autentyczne przedmioty w jednym miejscu. B\u0105d\u017a na bie\u017c\u0105co i sprawd\u017a nasz\u0105 ofert\u0119 ju\u017c teraz\" \/>\n<meta property=\"og:url\" content=\"https:\/\/shezamme.com\/en\/sklep\/accesories\/handbags\/louis-vuitton-speedy-p9-bandouliere-25-blue\/\" \/>\n<meta property=\"og:site_name\" content=\"SHEZAMME - Yeezy, Jordan, Supreme i inne oryginalne rzeczy\" \/>\n<meta property=\"article:publisher\" content=\"https:\/\/www.facebook.com\/SHEZAMME\/\" \/>\n<meta property=\"article:modified_time\" content=\"2025-01-03T15:40:08+00:00\" \/>\n<meta property=\"og:image\" content=\"https:\/\/shezamme.com\/wp-content\/uploads\/2024\/04\/IMG_1090.jpg\" \/>\n\t<meta property=\"og:image:width\" content=\"1179\" \/>\n\t<meta property=\"og:image:height\" content=\"1172\" \/>\n\t<meta property=\"og:image:type\" content=\"image\/jpeg\" \/>\n<meta name=\"twitter:card\" content=\"summary_large_image\" \/>\n<meta name=\"twitter:site\" content=\"@SHEZAMME\" \/>\n<meta name=\"twitter:label1\" content=\"Est. reading time\" \/>\n\t<meta name=\"twitter:data1\" content=\"2 minutes\" \/>\n<script type=\"application\/ld+json\" class=\"yoast-schema-graph\">{\"@context\":\"https:\\\/\\\/schema.org\",\"@graph\":[{\"@type\":\"WebPage\",\"@id\":\"https:\\\/\\\/shezamme.com\\\/sklep\\\/akcesoria\\\/torebki\\\/louis-vuitton-speedy-p9-bandouliere-25-blue\\\/\",\"url\":\"https:\\\/\\\/shezamme.com\\\/sklep\\\/akcesoria\\\/torebki\\\/louis-vuitton-speedy-p9-bandouliere-25-blue\\\/\",\"name\":\"Louis Vuitton Speedy P9 Bandouli\u00e8re 25 Blue - SHEZAMME\",\"isPartOf\":{\"@id\":\"https:\\\/\\\/shezamme.com\\\/#website\"},\"primaryImageOfPage\":{\"@id\":\"https:\\\/\\\/shezamme.com\\\/sklep\\\/akcesoria\\\/torebki\\\/louis-vuitton-speedy-p9-bandouliere-25-blue\\\/#primaryimage\"},\"image\":{\"@id\":\"https:\\\/\\\/shezamme.com\\\/sklep\\\/akcesoria\\\/torebki\\\/louis-vuitton-speedy-p9-bandouliere-25-blue\\\/#primaryimage\"},\"thumbnailUrl\":\"https:\\\/\\\/shezamme.com\\\/wp-content\\\/uploads\\\/2024\\\/04\\\/IMG_1090.jpg\",\"datePublished\":\"2024-04-04T12:41:15+00:00\",\"dateModified\":\"2025-01-03T15:40:08+00:00\",\"description\":\"Louis Vuitton Speedy P9 Bandouli\u00e8re 25 Blue | Luksusowe i autentyczne przedmioty w jednym miejscu. B\u0105d\u017a na bie\u017c\u0105co i sprawd\u017a nasz\u0105 ofert\u0119 ju\u017c teraz\",\"breadcrumb\":{\"@id\":\"https:\\\/\\\/shezamme.com\\\/sklep\\\/akcesoria\\\/torebki\\\/louis-vuitton-speedy-p9-bandouliere-25-blue\\\/#breadcrumb\"},\"inLanguage\":\"en-US\",\"potentialAction\":[{\"@type\":\"ReadAction\",\"target\":[\"https:\\\/\\\/shezamme.com\\\/sklep\\\/akcesoria\\\/torebki\\\/louis-vuitton-speedy-p9-bandouliere-25-blue\\\/\"]}]},{\"@type\":\"ImageObject\",\"inLanguage\":\"en-US\",\"@id\":\"https:\\\/\\\/shezamme.com\\\/sklep\\\/akcesoria\\\/torebki\\\/louis-vuitton-speedy-p9-bandouliere-25-blue\\\/#primaryimage\",\"url\":\"https:\\\/\\\/shezamme.com\\\/wp-content\\\/uploads\\\/2024\\\/04\\\/IMG_1090.jpg\",\"contentUrl\":\"https:\\\/\\\/shezamme.com\\\/wp-content\\\/uploads\\\/2024\\\/04\\\/IMG_1090.jpg\",\"width\":1179,\"height\":1172,\"caption\":\"Louis Vuitton Speedy P9 Bandouli\u00e8re 25 Blue\"},{\"@type\":\"BreadcrumbList\",\"@id\":\"https:\\\/\\\/shezamme.com\\\/sklep\\\/akcesoria\\\/torebki\\\/louis-vuitton-speedy-p9-bandouliere-25-blue\\\/#breadcrumb\",\"itemListElement\":[{\"@type\":\"ListItem\",\"position\":1,\"name\":\"Strona g\u0142\u00f3wna\",\"item\":\"https:\\\/\\\/shezamme.com\\\/\"},{\"@type\":\"ListItem\",\"position\":2,\"name\":\"Sklep\",\"item\":\"https:\\\/\\\/shezamme.com\\\/en\\\/sklep\\\/\"},{\"@type\":\"ListItem\",\"position\":3,\"name\":\"Louis Vuitton Speedy P9 Bandouli\u00e8re 25 Blue\"}]},{\"@type\":\"WebSite\",\"@id\":\"https:\\\/\\\/shezamme.com\\\/#website\",\"url\":\"https:\\\/\\\/shezamme.com\\\/\",\"name\":\"SHEZAMME - Sneakersy, Streetwear i luksusowe marki\",\"description\":\"Oryginalne i ekskluzywne przedmioty w jednym miejscu. Sprawd\u017a nasze produkty ju\u017c teraz i b\u0105d\u017a na bie\u017c\u0105co z wszystkimi premierami.\",\"publisher\":{\"@id\":\"https:\\\/\\\/shezamme.com\\\/#organization\"},\"potentialAction\":[{\"@type\":\"SearchAction\",\"target\":{\"@type\":\"EntryPoint\",\"urlTemplate\":\"https:\\\/\\\/shezamme.com\\\/?s={search_term_string}\"},\"query-input\":{\"@type\":\"PropertyValueSpecification\",\"valueRequired\":true,\"valueName\":\"search_term_string\"}}],\"inLanguage\":\"en-US\"},{\"@type\":\"Organization\",\"@id\":\"https:\\\/\\\/shezamme.com\\\/#organization\",\"name\":\"SHEZAMME - Sneakersy, Streetwear i luksusowe marki\",\"url\":\"https:\\\/\\\/shezamme.com\\\/\",\"logo\":{\"@type\":\"ImageObject\",\"inLanguage\":\"en-US\",\"@id\":\"https:\\\/\\\/shezamme.com\\\/#\\\/schema\\\/logo\\\/image\\\/\",\"url\":\"https:\\\/\\\/shezamme.com\\\/wp-content\\\/uploads\\\/2023\\\/02\\\/0x0.png\",\"contentUrl\":\"https:\\\/\\\/shezamme.com\\\/wp-content\\\/uploads\\\/2023\\\/02\\\/0x0.png\",\"width\":2000,\"height\":2000,\"caption\":\"SHEZAMME - Sneakersy, Streetwear i luksusowe marki\"},\"image\":{\"@id\":\"https:\\\/\\\/shezamme.com\\\/#\\\/schema\\\/logo\\\/image\\\/\"},\"sameAs\":[\"https:\\\/\\\/www.facebook.com\\\/SHEZAMME\\\/\",\"https:\\\/\\\/x.com\\\/SHEZAMME\",\"https:\\\/\\\/www.instagram.com\\\/shezamme\\\/\",\"https:\\\/\\\/www.youtube.com\\\/channel\\\/UCsTJxi_9fODHdO_1bmJbqvQ\",\"https:\\\/\\\/www.tiktok.com\\\/shezamme.com\"]}]}<\/script>\n<!-- \/ Yoast SEO plugin. -->","yoast_head_json":{"title":"Louis Vuitton Speedy P9 Bandouli\u00e8re 25 Blue - SHEZAMME","description":"Louis Vuitton Speedy P9 Bandouli\u00e8re 25 Blue | Luksusowe i autentyczne przedmioty w jednym miejscu. B\u0105d\u017a na bie\u017c\u0105co i sprawd\u017a nasz\u0105 ofert\u0119 ju\u017c teraz","robots":{"index":"index","follow":"follow","max-snippet":"max-snippet:-1","max-image-preview":"max-image-preview:large","max-video-preview":"max-video-preview:-1"},"canonical":"https:\/\/shezamme.com\/en\/sklep\/accesories\/handbags\/louis-vuitton-speedy-p9-bandouliere-25-blue\/","og_locale":"en_US","og_type":"article","og_title":"Louis Vuitton Speedy P9 Bandouli\u00e8re 25 Blue - SHEZAMME","og_description":"Louis Vuitton Speedy P9 Bandouli\u00e8re 25 Blue | Luksusowe i autentyczne przedmioty w jednym miejscu. B\u0105d\u017a na bie\u017c\u0105co i sprawd\u017a nasz\u0105 ofert\u0119 ju\u017c teraz","og_url":"https:\/\/shezamme.com\/en\/sklep\/accesories\/handbags\/louis-vuitton-speedy-p9-bandouliere-25-blue\/","og_site_name":"SHEZAMME - Yeezy, Jordan, Supreme i inne oryginalne rzeczy","article_publisher":"https:\/\/www.facebook.com\/SHEZAMME\/","article_modified_time":"2025-01-03T15:40:08+00:00","og_image":[{"width":1179,"height":1172,"url":"https:\/\/shezamme.com\/wp-content\/uploads\/2024\/04\/IMG_1090.jpg","type":"image\/jpeg"}],"twitter_card":"summary_large_image","twitter_site":"@SHEZAMME","twitter_misc":{"Est. reading time":"2 minutes"},"schema":{"@context":"https:\/\/schema.org","@graph":[{"@type":"WebPage","@id":"https:\/\/shezamme.com\/sklep\/akcesoria\/torebki\/louis-vuitton-speedy-p9-bandouliere-25-blue\/","url":"https:\/\/shezamme.com\/sklep\/akcesoria\/torebki\/louis-vuitton-speedy-p9-bandouliere-25-blue\/","name":"Louis Vuitton Speedy P9 Bandouli\u00e8re 25 Blue - SHEZAMME","isPartOf":{"@id":"https:\/\/shezamme.com\/#website"},"primaryImageOfPage":{"@id":"https:\/\/shezamme.com\/sklep\/akcesoria\/torebki\/louis-vuitton-speedy-p9-bandouliere-25-blue\/#primaryimage"},"image":{"@id":"https:\/\/shezamme.com\/sklep\/akcesoria\/torebki\/louis-vuitton-speedy-p9-bandouliere-25-blue\/#primaryimage"},"thumbnailUrl":"https:\/\/shezamme.com\/wp-content\/uploads\/2024\/04\/IMG_1090.jpg","datePublished":"2024-04-04T12:41:15+00:00","dateModified":"2025-01-03T15:40:08+00:00","description":"Louis Vuitton Speedy P9 Bandouli\u00e8re 25 Blue | Luksusowe i autentyczne przedmioty w jednym miejscu. B\u0105d\u017a na bie\u017c\u0105co i sprawd\u017a nasz\u0105 ofert\u0119 ju\u017c teraz","breadcrumb":{"@id":"https:\/\/shezamme.com\/sklep\/akcesoria\/torebki\/louis-vuitton-speedy-p9-bandouliere-25-blue\/#breadcrumb"},"inLanguage":"en-US","potentialAction":[{"@type":"ReadAction","target":["https:\/\/shezamme.com\/sklep\/akcesoria\/torebki\/louis-vuitton-speedy-p9-bandouliere-25-blue\/"]}]},{"@type":"ImageObject","inLanguage":"en-US","@id":"https:\/\/shezamme.com\/sklep\/akcesoria\/torebki\/louis-vuitton-speedy-p9-bandouliere-25-blue\/#primaryimage","url":"https:\/\/shezamme.com\/wp-content\/uploads\/2024\/04\/IMG_1090.jpg","contentUrl":"https:\/\/shezamme.com\/wp-content\/uploads\/2024\/04\/IMG_1090.jpg","width":1179,"height":1172,"caption":"Louis Vuitton Speedy P9 Bandouli\u00e8re 25 Blue"},{"@type":"BreadcrumbList","@id":"https:\/\/shezamme.com\/sklep\/akcesoria\/torebki\/louis-vuitton-speedy-p9-bandouliere-25-blue\/#breadcrumb","itemListElement":[{"@type":"ListItem","position":1,"name":"Strona g\u0142\u00f3wna","item":"https:\/\/shezamme.com\/"},{"@type":"ListItem","position":2,"name":"Sklep","item":"https:\/\/shezamme.com\/en\/sklep\/"},{"@type":"ListItem","position":3,"name":"Louis Vuitton Speedy P9 Bandouli\u00e8re 25 Blue"}]},{"@type":"WebSite","@id":"https:\/\/shezamme.com\/#website","url":"https:\/\/shezamme.com\/","name":"SHEZAMME - Sneakers, Streetwear and luxury brands","description":"Original and exclusive items in one place. Check out our products now and stay up to date with all launches.","publisher":{"@id":"https:\/\/shezamme.com\/#organization"},"potentialAction":[{"@type":"SearchAction","target":{"@type":"EntryPoint","urlTemplate":"https:\/\/shezamme.com\/?s={search_term_string}"},"query-input":{"@type":"PropertyValueSpecification","valueRequired":true,"valueName":"search_term_string"}}],"inLanguage":"en-US"},{"@type":"Organization","@id":"https:\/\/shezamme.com\/#organization","name":"SHEZAMME - Sneakers, Streetwear and luxury brands","url":"https:\/\/shezamme.com\/","logo":{"@type":"ImageObject","inLanguage":"en-US","@id":"https:\/\/shezamme.com\/#\/schema\/logo\/image\/","url":"https:\/\/shezamme.com\/wp-content\/uploads\/2023\/02\/0x0.png","contentUrl":"https:\/\/shezamme.com\/wp-content\/uploads\/2023\/02\/0x0.png","width":2000,"height":2000,"caption":"SHEZAMME - Sneakersy, Streetwear i luksusowe marki"},"image":{"@id":"https:\/\/shezamme.com\/#\/schema\/logo\/image\/"},"sameAs":["https:\/\/www.facebook.com\/SHEZAMME\/","https:\/\/x.com\/SHEZAMME","https:\/\/www.instagram.com\/shezamme\/","https:\/\/www.youtube.com\/channel\/UCsTJxi_9fODHdO_1bmJbqvQ","https:\/\/www.tiktok.com\/shezamme.com"]}]}},"brands":[{"id":890,"name":"Louis Vuitton","slug":"louis-vuitton"}],"_links":{"self":[{"href":"https:\/\/shezamme.com\/en\/wp-json\/wp\/v2\/product\/70969","targetHints":{"allow":["GET"]}}],"collection":[{"href":"https:\/\/shezamme.com\/en\/wp-json\/wp\/v2\/product"}],"about":[{"href":"https:\/\/shezamme.com\/en\/wp-json\/wp\/v2\/types\/product"}],"wp:featuredmedia":[{"embeddable":true,"href":"https:\/\/shezamme.com\/en\/wp-json\/wp\/v2\/media\/70972"}],"wp:attachment":[{"href":"https:\/\/shezamme.com\/en\/wp-json\/wp\/v2\/media?parent=70969"}],"wp:term":[{"taxonomy":"pwb-brand","embeddable":true,"href":"https:\/\/shezamme.com\/en\/wp-json\/wp\/v2\/pwb-brand?post=70969"},{"taxonomy":"product_brand","embeddable":true,"href":"https:\/\/shezamme.com\/en\/wp-json\/wp\/v2\/product_brand?post=70969"},{"taxonomy":"product_cat","embeddable":true,"href":"https:\/\/shezamme.com\/en\/wp-json\/wp\/v2\/product_cat?post=70969"},{"taxonomy":"product_tag","embeddable":true,"href":"https:\/\/shezamme.com\/en\/wp-json\/wp\/v2\/product_tag?post=70969"}],"curies":[{"name":"wp","href":"https:\/\/api.w.org\/{rel}","templated":true}]}}