{"id":70962,"date":"2024-04-04T14:35:19","date_gmt":"2024-04-04T12:35:19","guid":{"rendered":"https:\/\/shezamme.com\/?post_type=product&#038;p=70962"},"modified":"2025-04-02T19:15:14","modified_gmt":"2025-04-02T17:15:14","slug":"louis-vuitton-speedy-p9-bandouliere-50-green","status":"publish","type":"product","link":"https:\/\/shezamme.com\/en\/sklep\/akcesoria\/torebki\/louis-vuitton-speedy-p9-bandouliere-50-green\/","title":{"rendered":"Louis Vuitton Speedy P9 Bandouli\u00e8re 50 Green"},"content":{"rendered":"<h2>Luksus i funkcjonalno\u015b\u0107: Louis Vuitton Speedy Bandouli\u00e8re 50 P9 Green<\/h2>\n<p>Louis Vuitton Speedy Bandouli\u00e8re 50 P9 Green to kultowy model, kt\u00f3ry \u0142\u0105czy klasyk\u0119 z nowoczesnym akcentem. Wykonany z trwa\u0142ego canvasu Monogram i wyko\u0144czony sk\u00f3r\u0105 naturaln\u0105, oferuje elegancj\u0119 i wytrzyma\u0142o\u015b\u0107. Zielony kolor dodaje \u015bwie\u017co\u015bci i nowoczesno\u015bci klasycznemu designowi. Przestronne wn\u0119trze wy\u015bcie\u0142ane materia\u0142em tekstylnym zawiera dodatkowe kieszenie, kt\u00f3re u\u0142atwiaj\u0105 organizacj\u0119. Zamek b\u0142yskawiczny z k\u0142\u00f3dk\u0105 gwarantuje bezpiecze\u0144stwo, a subtelne z\u0142ote detale i monogramy podkre\u015blaj\u0105 luksusowy charakter torby.<\/p>\n<h2>Idealna na ka\u017cd\u0105 okazj\u0119<\/h2>\n<p>Rozmiar 50 czyni Speedy Bandouli\u00e8re idealnym wyborem zar\u00f3wno na codzienne u\u017cytkowanie, jak i kr\u00f3tkie podr\u00f3\u017ce. Regulowany, odpinany pasek pozwala nosi\u0107 torb\u0119 na r\u00f3\u017cne sposoby \u2013 na ramieniu, przez rami\u0119 lub w d\u0142oni. Wysoka jako\u015b\u0107 wykonania i ponadczasowy design sprawiaj\u0105, \u017ce ten model to nie tylko praktyczny dodatek, ale tak\u017ce wyraz elegancji i presti\u017cu.<\/p>","protected":false},"excerpt":{"rendered":"<h2>Elegancja w nowoczesnym wydaniu: Louis Vuitton Speedy Bandouli\u00e8re 50 P9 Green<\/h2>\n<p>Louis Vuitton Speedy Bandouli\u00e8re 50 P9 Green to przestronna torba z canvasu Monogram, w \u015bwie\u017cym zielonym odcieniu. Regulowany pasek i luksusowe detale \u0142\u0105cz\u0105 funkcjonalno\u015b\u0107 z klasycznym stylem.<\/p>","protected":false},"featured_media":70965,"template":"","meta":{"_acf_changed":false},"pwb-brand":[890],"product_brand":[],"product_cat":[23,847],"product_tag":[1008,1009],"class_list":{"0":"post-70962","1":"product","2":"type-product","3":"status-publish","4":"has-post-thumbnail","6":"pwb-brand-louis-vuitton","7":"product_cat-akcesoria","8":"product_cat-torebki","9":"product_tag-kobieta","10":"product_tag-mezczyzna","11":"pa_rozmiar-ubrania-one-size-2","13":"first","14":"instock","15":"taxable","16":"shipping-taxable","17":"purchasable","18":"product-type-variable"},"acf":[],"yoast_head":"<!-- This site is optimized with the Yoast SEO plugin v27.2 - https:\/\/yoast.com\/product\/yoast-seo-wordpress\/ -->\n<title>Louis Vuitton Speedy P9 Bandouli\u00e8re 50 Green - SHEZAMME<\/title>\n<meta name=\"description\" content=\"Louis Vuitton Speedy P9 Bandouli\u00e8re 50 Green | Luksusowe i autentyczne przedmioty w jednym miejscu. B\u0105d\u017a na bie\u017c\u0105co i sprawd\u017a nasz\u0105 ofert\u0119 ju\u017c teraz\" \/>\n<meta name=\"robots\" content=\"index, follow, max-snippet:-1, max-image-preview:large, max-video-preview:-1\" \/>\n<link rel=\"canonical\" href=\"https:\/\/shezamme.com\/en\/sklep\/accesories\/handbags\/louis-vuitton-speedy-p9-bandouliere-50-green\/\" \/>\n<meta property=\"og:locale\" content=\"en_US\" \/>\n<meta property=\"og:type\" content=\"article\" \/>\n<meta property=\"og:title\" content=\"Louis Vuitton Speedy P9 Bandouli\u00e8re 50 Green - SHEZAMME\" \/>\n<meta property=\"og:description\" content=\"Louis Vuitton Speedy P9 Bandouli\u00e8re 50 Green | Luksusowe i autentyczne przedmioty w jednym miejscu. B\u0105d\u017a na bie\u017c\u0105co i sprawd\u017a nasz\u0105 ofert\u0119 ju\u017c teraz\" \/>\n<meta property=\"og:url\" content=\"https:\/\/shezamme.com\/en\/sklep\/accesories\/handbags\/louis-vuitton-speedy-p9-bandouliere-50-green\/\" \/>\n<meta property=\"og:site_name\" content=\"SHEZAMME - Yeezy, Jordan, Supreme i inne oryginalne rzeczy\" \/>\n<meta property=\"article:publisher\" content=\"https:\/\/www.facebook.com\/SHEZAMME\/\" \/>\n<meta property=\"article:modified_time\" content=\"2025-04-02T17:15:14+00:00\" \/>\n<meta property=\"og:image\" content=\"https:\/\/shezamme.com\/wp-content\/uploads\/2024\/04\/IMG_1088.jpg\" \/>\n\t<meta property=\"og:image:width\" content=\"1179\" \/>\n\t<meta property=\"og:image:height\" content=\"1106\" \/>\n\t<meta property=\"og:image:type\" content=\"image\/jpeg\" \/>\n<meta name=\"twitter:card\" content=\"summary_large_image\" \/>\n<meta name=\"twitter:site\" content=\"@SHEZAMME\" \/>\n<meta name=\"twitter:label1\" content=\"Est. reading time\" \/>\n\t<meta name=\"twitter:data1\" content=\"1 minute\" \/>\n<script type=\"application\/ld+json\" class=\"yoast-schema-graph\">{\"@context\":\"https:\/\/schema.org\",\"@graph\":[{\"@type\":\"WebPage\",\"@id\":\"https:\/\/shezamme.com\/sklep\/akcesoria\/torebki\/louis-vuitton-speedy-p9-bandouliere-50-green\/\",\"url\":\"https:\/\/shezamme.com\/sklep\/akcesoria\/torebki\/louis-vuitton-speedy-p9-bandouliere-50-green\/\",\"name\":\"Louis Vuitton Speedy P9 Bandouli\u00e8re 50 Green - SHEZAMME\",\"isPartOf\":{\"@id\":\"https:\/\/shezamme.com\/#website\"},\"primaryImageOfPage\":{\"@id\":\"https:\/\/shezamme.com\/sklep\/akcesoria\/torebki\/louis-vuitton-speedy-p9-bandouliere-50-green\/#primaryimage\"},\"image\":{\"@id\":\"https:\/\/shezamme.com\/sklep\/akcesoria\/torebki\/louis-vuitton-speedy-p9-bandouliere-50-green\/#primaryimage\"},\"thumbnailUrl\":\"https:\/\/shezamme.com\/wp-content\/uploads\/2024\/04\/IMG_1088.jpg\",\"datePublished\":\"2024-04-04T12:35:19+00:00\",\"dateModified\":\"2025-04-02T17:15:14+00:00\",\"description\":\"Louis Vuitton Speedy P9 Bandouli\u00e8re 50 Green | Luksusowe i autentyczne przedmioty w jednym miejscu. B\u0105d\u017a na bie\u017c\u0105co i sprawd\u017a nasz\u0105 ofert\u0119 ju\u017c teraz\",\"breadcrumb\":{\"@id\":\"https:\/\/shezamme.com\/sklep\/akcesoria\/torebki\/louis-vuitton-speedy-p9-bandouliere-50-green\/#breadcrumb\"},\"inLanguage\":\"en-US\",\"potentialAction\":[{\"@type\":\"ReadAction\",\"target\":[\"https:\/\/shezamme.com\/sklep\/akcesoria\/torebki\/louis-vuitton-speedy-p9-bandouliere-50-green\/\"]}]},{\"@type\":\"ImageObject\",\"inLanguage\":\"en-US\",\"@id\":\"https:\/\/shezamme.com\/sklep\/akcesoria\/torebki\/louis-vuitton-speedy-p9-bandouliere-50-green\/#primaryimage\",\"url\":\"https:\/\/shezamme.com\/wp-content\/uploads\/2024\/04\/IMG_1088.jpg\",\"contentUrl\":\"https:\/\/shezamme.com\/wp-content\/uploads\/2024\/04\/IMG_1088.jpg\",\"width\":1179,\"height\":1106,\"caption\":\"Louis Vuitton Speedy P9 Bandouli\u00e8re 50 Green\"},{\"@type\":\"BreadcrumbList\",\"@id\":\"https:\/\/shezamme.com\/sklep\/akcesoria\/torebki\/louis-vuitton-speedy-p9-bandouliere-50-green\/#breadcrumb\",\"itemListElement\":[{\"@type\":\"ListItem\",\"position\":1,\"name\":\"Strona g\u0142\u00f3wna\",\"item\":\"https:\/\/shezamme.com\/\"},{\"@type\":\"ListItem\",\"position\":2,\"name\":\"Sklep\",\"item\":\"https:\/\/shezamme.com\/sklep\/\"},{\"@type\":\"ListItem\",\"position\":3,\"name\":\"Louis Vuitton Speedy P9 Bandouli\u00e8re 50 Green\"}]},{\"@type\":\"WebSite\",\"@id\":\"https:\/\/shezamme.com\/#website\",\"url\":\"https:\/\/shezamme.com\/\",\"name\":\"SHEZAMME - Sneakersy, Streetwear i luksusowe marki\",\"description\":\"Oryginalne i ekskluzywne przedmioty w jednym miejscu. Sprawd\u017a nasze produkty ju\u017c teraz i b\u0105d\u017a na bie\u017c\u0105co z wszystkimi premierami.\",\"publisher\":{\"@id\":\"https:\/\/shezamme.com\/#organization\"},\"potentialAction\":[{\"@type\":\"SearchAction\",\"target\":{\"@type\":\"EntryPoint\",\"urlTemplate\":\"https:\/\/shezamme.com\/?s={search_term_string}\"},\"query-input\":{\"@type\":\"PropertyValueSpecification\",\"valueRequired\":true,\"valueName\":\"search_term_string\"}}],\"inLanguage\":\"en-US\"},{\"@type\":\"Organization\",\"@id\":\"https:\/\/shezamme.com\/#organization\",\"name\":\"SHEZAMME - Sneakersy, Streetwear i luksusowe marki\",\"url\":\"https:\/\/shezamme.com\/\",\"logo\":{\"@type\":\"ImageObject\",\"inLanguage\":\"en-US\",\"@id\":\"https:\/\/shezamme.com\/#\/schema\/logo\/image\/\",\"url\":\"https:\/\/shezamme.com\/wp-content\/uploads\/2023\/02\/0x0.png\",\"contentUrl\":\"https:\/\/shezamme.com\/wp-content\/uploads\/2023\/02\/0x0.png\",\"width\":2000,\"height\":2000,\"caption\":\"SHEZAMME - Sneakersy, Streetwear i luksusowe marki\"},\"image\":{\"@id\":\"https:\/\/shezamme.com\/#\/schema\/logo\/image\/\"},\"sameAs\":[\"https:\/\/www.facebook.com\/SHEZAMME\/\",\"https:\/\/x.com\/SHEZAMME\",\"https:\/\/www.instagram.com\/shezamme\/\",\"https:\/\/www.youtube.com\/channel\/UCsTJxi_9fODHdO_1bmJbqvQ\",\"https:\/\/www.tiktok.com\/shezamme.com\"]}]}<\/script>\n<!-- \/ Yoast SEO plugin. -->","yoast_head_json":{"title":"Louis Vuitton Speedy P9 Bandouli\u00e8re 50 Green - SHEZAMME","description":"Louis Vuitton Speedy P9 Bandouli\u00e8re 50 Green | Luksusowe i autentyczne przedmioty w jednym miejscu. B\u0105d\u017a na bie\u017c\u0105co i sprawd\u017a nasz\u0105 ofert\u0119 ju\u017c teraz","robots":{"index":"index","follow":"follow","max-snippet":"max-snippet:-1","max-image-preview":"max-image-preview:large","max-video-preview":"max-video-preview:-1"},"canonical":"https:\/\/shezamme.com\/en\/sklep\/accesories\/handbags\/louis-vuitton-speedy-p9-bandouliere-50-green\/","og_locale":"en_US","og_type":"article","og_title":"Louis Vuitton Speedy P9 Bandouli\u00e8re 50 Green - SHEZAMME","og_description":"Louis Vuitton Speedy P9 Bandouli\u00e8re 50 Green | Luksusowe i autentyczne przedmioty w jednym miejscu. B\u0105d\u017a na bie\u017c\u0105co i sprawd\u017a nasz\u0105 ofert\u0119 ju\u017c teraz","og_url":"https:\/\/shezamme.com\/en\/sklep\/accesories\/handbags\/louis-vuitton-speedy-p9-bandouliere-50-green\/","og_site_name":"SHEZAMME - Yeezy, Jordan, Supreme i inne oryginalne rzeczy","article_publisher":"https:\/\/www.facebook.com\/SHEZAMME\/","article_modified_time":"2025-04-02T17:15:14+00:00","og_image":[{"width":1179,"height":1106,"url":"https:\/\/shezamme.com\/wp-content\/uploads\/2024\/04\/IMG_1088.jpg","type":"image\/jpeg"}],"twitter_card":"summary_large_image","twitter_site":"@SHEZAMME","twitter_misc":{"Est. reading time":"1 minute"},"schema":{"@context":"https:\/\/schema.org","@graph":[{"@type":"WebPage","@id":"https:\/\/shezamme.com\/sklep\/akcesoria\/torebki\/louis-vuitton-speedy-p9-bandouliere-50-green\/","url":"https:\/\/shezamme.com\/sklep\/akcesoria\/torebki\/louis-vuitton-speedy-p9-bandouliere-50-green\/","name":"Louis Vuitton Speedy P9 Bandouli\u00e8re 50 Green - SHEZAMME","isPartOf":{"@id":"https:\/\/shezamme.com\/#website"},"primaryImageOfPage":{"@id":"https:\/\/shezamme.com\/sklep\/akcesoria\/torebki\/louis-vuitton-speedy-p9-bandouliere-50-green\/#primaryimage"},"image":{"@id":"https:\/\/shezamme.com\/sklep\/akcesoria\/torebki\/louis-vuitton-speedy-p9-bandouliere-50-green\/#primaryimage"},"thumbnailUrl":"https:\/\/shezamme.com\/wp-content\/uploads\/2024\/04\/IMG_1088.jpg","datePublished":"2024-04-04T12:35:19+00:00","dateModified":"2025-04-02T17:15:14+00:00","description":"Louis Vuitton Speedy P9 Bandouli\u00e8re 50 Green | Luksusowe i autentyczne przedmioty w jednym miejscu. B\u0105d\u017a na bie\u017c\u0105co i sprawd\u017a nasz\u0105 ofert\u0119 ju\u017c teraz","breadcrumb":{"@id":"https:\/\/shezamme.com\/sklep\/akcesoria\/torebki\/louis-vuitton-speedy-p9-bandouliere-50-green\/#breadcrumb"},"inLanguage":"en-US","potentialAction":[{"@type":"ReadAction","target":["https:\/\/shezamme.com\/sklep\/akcesoria\/torebki\/louis-vuitton-speedy-p9-bandouliere-50-green\/"]}]},{"@type":"ImageObject","inLanguage":"en-US","@id":"https:\/\/shezamme.com\/sklep\/akcesoria\/torebki\/louis-vuitton-speedy-p9-bandouliere-50-green\/#primaryimage","url":"https:\/\/shezamme.com\/wp-content\/uploads\/2024\/04\/IMG_1088.jpg","contentUrl":"https:\/\/shezamme.com\/wp-content\/uploads\/2024\/04\/IMG_1088.jpg","width":1179,"height":1106,"caption":"Louis Vuitton Speedy P9 Bandouli\u00e8re 50 Green"},{"@type":"BreadcrumbList","@id":"https:\/\/shezamme.com\/sklep\/akcesoria\/torebki\/louis-vuitton-speedy-p9-bandouliere-50-green\/#breadcrumb","itemListElement":[{"@type":"ListItem","position":1,"name":"Strona g\u0142\u00f3wna","item":"https:\/\/shezamme.com\/"},{"@type":"ListItem","position":2,"name":"Sklep","item":"https:\/\/shezamme.com\/sklep\/"},{"@type":"ListItem","position":3,"name":"Louis Vuitton Speedy P9 Bandouli\u00e8re 50 Green"}]},{"@type":"WebSite","@id":"https:\/\/shezamme.com\/#website","url":"https:\/\/shezamme.com\/","name":"SHEZAMME - Sneakers, Streetwear and luxury brands","description":"Original and exclusive items in one place. Check out our products now and stay up to date with all launches.","publisher":{"@id":"https:\/\/shezamme.com\/#organization"},"potentialAction":[{"@type":"SearchAction","target":{"@type":"EntryPoint","urlTemplate":"https:\/\/shezamme.com\/?s={search_term_string}"},"query-input":{"@type":"PropertyValueSpecification","valueRequired":true,"valueName":"search_term_string"}}],"inLanguage":"en-US"},{"@type":"Organization","@id":"https:\/\/shezamme.com\/#organization","name":"SHEZAMME - Sneakers, Streetwear and luxury brands","url":"https:\/\/shezamme.com\/","logo":{"@type":"ImageObject","inLanguage":"en-US","@id":"https:\/\/shezamme.com\/#\/schema\/logo\/image\/","url":"https:\/\/shezamme.com\/wp-content\/uploads\/2023\/02\/0x0.png","contentUrl":"https:\/\/shezamme.com\/wp-content\/uploads\/2023\/02\/0x0.png","width":2000,"height":2000,"caption":"SHEZAMME - Sneakersy, Streetwear i luksusowe marki"},"image":{"@id":"https:\/\/shezamme.com\/#\/schema\/logo\/image\/"},"sameAs":["https:\/\/www.facebook.com\/SHEZAMME\/","https:\/\/x.com\/SHEZAMME","https:\/\/www.instagram.com\/shezamme\/","https:\/\/www.youtube.com\/channel\/UCsTJxi_9fODHdO_1bmJbqvQ","https:\/\/www.tiktok.com\/shezamme.com"]}]}},"brands":[{"id":890,"name":"Louis Vuitton","slug":"louis-vuitton"}],"_links":{"self":[{"href":"https:\/\/shezamme.com\/en\/wp-json\/wp\/v2\/product\/70962","targetHints":{"allow":["GET"]}}],"collection":[{"href":"https:\/\/shezamme.com\/en\/wp-json\/wp\/v2\/product"}],"about":[{"href":"https:\/\/shezamme.com\/en\/wp-json\/wp\/v2\/types\/product"}],"wp:featuredmedia":[{"embeddable":true,"href":"https:\/\/shezamme.com\/en\/wp-json\/wp\/v2\/media\/70965"}],"wp:attachment":[{"href":"https:\/\/shezamme.com\/en\/wp-json\/wp\/v2\/media?parent=70962"}],"wp:term":[{"taxonomy":"pwb-brand","embeddable":true,"href":"https:\/\/shezamme.com\/en\/wp-json\/wp\/v2\/pwb-brand?post=70962"},{"taxonomy":"product_brand","embeddable":true,"href":"https:\/\/shezamme.com\/en\/wp-json\/wp\/v2\/product_brand?post=70962"},{"taxonomy":"product_cat","embeddable":true,"href":"https:\/\/shezamme.com\/en\/wp-json\/wp\/v2\/product_cat?post=70962"},{"taxonomy":"product_tag","embeddable":true,"href":"https:\/\/shezamme.com\/en\/wp-json\/wp\/v2\/product_tag?post=70962"}],"curies":[{"name":"wp","href":"https:\/\/api.w.org\/{rel}","templated":true}]}}