{"id":70901,"date":"2024-04-04T13:25:44","date_gmt":"2024-04-04T11:25:44","guid":{"rendered":"https:\/\/shezamme.com\/?post_type=product&#038;p=70901"},"modified":"2025-03-31T22:14:08","modified_gmt":"2025-03-31T20:14:08","slug":"adidas-campus-00s-youth-of-paris","status":"publish","type":"product","link":"https:\/\/shezamme.com\/en\/sklep\/buty\/adidas\/adidas-campus\/adidas-campus-00s-youth-of-paris\/","title":{"rendered":"Adidas Campus 00s Youth of Paris"},"content":{"rendered":"<h2 class=\"\" data-start=\"0\" data-end=\"79\">Adidas Campus 00s x Youth of Paris \u2013 limitowana kolaboracja z punkowym DNA<\/h2>\n<p class=\"\" data-start=\"81\" data-end=\"595\">Model Campus 00s w edycji stworzonej z parysk\u0105 mark\u0105 Youth of Paris to surowa reinterpretacja klasycznego sneakera, zakorzeniona w estetyce DIY, grunge\u2019u i undergroundowej mody ulicznej. Poszerzona sylwetka, podw\u00f3jny j\u0119zyk z kolaboracyjnym brandingiem oraz charakterystyczne przeszycia z lu\u017anymi ni\u0107mi wpisuj\u0105 si\u0119 w kapsu\u0142ow\u0105 kolekcj\u0119, kt\u00f3ra oddaje industrialny, nieoszlifowany charakter projekt\u00f3w Y.O.P. To sneaker, kt\u00f3ry celowo zrywa z konwencj\u0105 czysto\u015bci formy, prezentuj\u0105c stylowy chaos o wyrazistym przekazie.<\/p>\n<h2 class=\"\" data-start=\"597\" data-end=\"678\">Efekt postarzania i distressed finish \u2013 \u015bwiadoma dekonstrukcja z charakterem<\/h2>\n<p class=\"\" data-start=\"680\" data-end=\"1245\">Naturalny zamsz o nieregularnym wybarwieniu, przetarcia oraz poszarpane kraw\u0119dzie tworz\u0105 efekt mocno znoszonego, spranego buta, wzmacniaj\u0105c undergroundowy klimat modelu. Zabrudzenia na podeszwie i surowe sznur\u00f3wki dope\u0142niaj\u0105 koncept &#8222;worn-in&#8221;, typowy dla estetyki Youth of Paris. Trzy wyhaftowane paski oraz branding na pi\u0119cie i j\u0119zyku zachowuj\u0105 rozpoznawalno\u015b\u0107 marki Adidas, a wk\u0142adka z graficznym motywem kolaboracyjnym stanowi uk\u0142on w stron\u0119 streetwearowego kolekcjonerstwa. To propozycja dla os\u00f3b ceni\u0105cych wyrazisty styl i estetyczn\u0105 dekonstrukcj\u0119 w duchu Y2K.<\/p>","protected":false},"excerpt":{"rendered":"<h2 class=\"\" data-start=\"0\" data-end=\"69\">Campus 00s x Youth of Paris \u2013 surowa dekonstrukcja z ulic Pary\u017ca<\/h2>\n<p class=\"\" data-start=\"71\" data-end=\"454\">Adidas Campus 00s w kolaboracji z Youth of Paris to odwa\u017cna interpretacja klasyka, inspirowana estetyk\u0105 grunge i DIY. Zamszowa cholewka z przetarciami, postarzona podeszwa i poszarpane detale nadaj\u0105 modelowi industrialnego charakteru. Podw\u00f3jny j\u0119zyk, widoczne nici i haftowany branding tworz\u0105 unikalny efekt &#8222;worn-in&#8221;, kt\u00f3ry doskonale oddaje punkow\u0105 to\u017csamo\u015b\u0107 tej limitowanej edycji.<\/p>","protected":false},"featured_media":70932,"template":"","meta":{"_acf_changed":false},"pwb-brand":[748],"product_brand":[],"product_cat":[16,875,76],"product_tag":[1008,1009],"class_list":{"0":"post-70901","1":"product","2":"type-product","3":"status-publish","4":"has-post-thumbnail","6":"pwb-brand-adidas","7":"product_cat-buty","8":"product_cat-adidas-campus","9":"product_cat-adidas","10":"product_tag-kobieta","11":"product_tag-mezczyzna","13":"first","14":"onbackorder","15":"taxable","16":"shipping-taxable","17":"purchasable","18":"product-type-variable","19":"has-default-attributes"},"acf":[],"yoast_head":"<!-- This site is optimized with the Yoast SEO plugin v27.2 - https:\/\/yoast.com\/product\/yoast-seo-wordpress\/ -->\n<title>Adidas Campus 00s Youth of Paris - SHEZAMME<\/title>\n<meta name=\"description\" content=\"Adidas Campus 00s Youth of Paris | Luksusowe i autentyczne przedmioty w jednym miejscu. B\u0105d\u017a na bie\u017c\u0105co i sprawd\u017a nasz\u0105 ofert\u0119 ju\u017c teraz\" \/>\n<meta name=\"robots\" content=\"index, follow, max-snippet:-1, max-image-preview:large, max-video-preview:-1\" \/>\n<link rel=\"canonical\" href=\"https:\/\/shezamme.com\/en\/sklep\/sneakers-2\/adidas\/adidas-campus\/adidas-campus-00s-youth-of-paris\/\" \/>\n<meta property=\"og:locale\" content=\"en_US\" \/>\n<meta property=\"og:type\" content=\"article\" \/>\n<meta property=\"og:title\" content=\"Adidas Campus 00s Youth of Paris - SHEZAMME\" \/>\n<meta property=\"og:description\" content=\"Adidas Campus 00s Youth of Paris | Luksusowe i autentyczne przedmioty w jednym miejscu. B\u0105d\u017a na bie\u017c\u0105co i sprawd\u017a nasz\u0105 ofert\u0119 ju\u017c teraz\" \/>\n<meta property=\"og:url\" content=\"https:\/\/shezamme.com\/en\/sklep\/sneakers-2\/adidas\/adidas-campus\/adidas-campus-00s-youth-of-paris\/\" \/>\n<meta property=\"og:site_name\" content=\"SHEZAMME - Yeezy, Jordan, Supreme i inne oryginalne rzeczy\" \/>\n<meta property=\"article:publisher\" content=\"https:\/\/www.facebook.com\/SHEZAMME\/\" \/>\n<meta property=\"article:modified_time\" content=\"2025-03-31T20:14:08+00:00\" \/>\n<meta property=\"og:image\" content=\"https:\/\/shezamme.com\/wp-content\/uploads\/2024\/04\/IMG_1081.jpg\" \/>\n\t<meta property=\"og:image:width\" content=\"1179\" \/>\n\t<meta property=\"og:image:height\" content=\"1068\" \/>\n\t<meta property=\"og:image:type\" content=\"image\/jpeg\" \/>\n<meta name=\"twitter:card\" content=\"summary_large_image\" \/>\n<meta name=\"twitter:site\" content=\"@SHEZAMME\" \/>\n<meta name=\"twitter:label1\" content=\"Est. reading time\" \/>\n\t<meta name=\"twitter:data1\" content=\"1 minute\" \/>\n<script type=\"application\/ld+json\" class=\"yoast-schema-graph\">{\"@context\":\"https:\/\/schema.org\",\"@graph\":[{\"@type\":\"WebPage\",\"@id\":\"https:\/\/shezamme.com\/sklep\/buty\/adidas\/adidas-campus\/adidas-campus-00s-youth-of-paris\/\",\"url\":\"https:\/\/shezamme.com\/sklep\/buty\/adidas\/adidas-campus\/adidas-campus-00s-youth-of-paris\/\",\"name\":\"Adidas Campus 00s Youth of Paris - SHEZAMME\",\"isPartOf\":{\"@id\":\"https:\/\/shezamme.com\/#website\"},\"primaryImageOfPage\":{\"@id\":\"https:\/\/shezamme.com\/sklep\/buty\/adidas\/adidas-campus\/adidas-campus-00s-youth-of-paris\/#primaryimage\"},\"image\":{\"@id\":\"https:\/\/shezamme.com\/sklep\/buty\/adidas\/adidas-campus\/adidas-campus-00s-youth-of-paris\/#primaryimage\"},\"thumbnailUrl\":\"https:\/\/shezamme.com\/wp-content\/uploads\/2024\/04\/IMG_1081.jpg\",\"datePublished\":\"2024-04-04T11:25:44+00:00\",\"dateModified\":\"2025-03-31T20:14:08+00:00\",\"description\":\"Adidas Campus 00s Youth of Paris | Luksusowe i autentyczne przedmioty w jednym miejscu. B\u0105d\u017a na bie\u017c\u0105co i sprawd\u017a nasz\u0105 ofert\u0119 ju\u017c teraz\",\"breadcrumb\":{\"@id\":\"https:\/\/shezamme.com\/sklep\/buty\/adidas\/adidas-campus\/adidas-campus-00s-youth-of-paris\/#breadcrumb\"},\"inLanguage\":\"en-US\",\"potentialAction\":[{\"@type\":\"ReadAction\",\"target\":[\"https:\/\/shezamme.com\/sklep\/buty\/adidas\/adidas-campus\/adidas-campus-00s-youth-of-paris\/\"]}]},{\"@type\":\"ImageObject\",\"inLanguage\":\"en-US\",\"@id\":\"https:\/\/shezamme.com\/sklep\/buty\/adidas\/adidas-campus\/adidas-campus-00s-youth-of-paris\/#primaryimage\",\"url\":\"https:\/\/shezamme.com\/wp-content\/uploads\/2024\/04\/IMG_1081.jpg\",\"contentUrl\":\"https:\/\/shezamme.com\/wp-content\/uploads\/2024\/04\/IMG_1081.jpg\",\"width\":1179,\"height\":1068,\"caption\":\"Adidas Campus 00s Youth of Paris\"},{\"@type\":\"BreadcrumbList\",\"@id\":\"https:\/\/shezamme.com\/sklep\/buty\/adidas\/adidas-campus\/adidas-campus-00s-youth-of-paris\/#breadcrumb\",\"itemListElement\":[{\"@type\":\"ListItem\",\"position\":1,\"name\":\"Strona g\u0142\u00f3wna\",\"item\":\"https:\/\/shezamme.com\/\"},{\"@type\":\"ListItem\",\"position\":2,\"name\":\"Sklep\",\"item\":\"https:\/\/shezamme.com\/sklep\/\"},{\"@type\":\"ListItem\",\"position\":3,\"name\":\"Adidas Campus 00s Youth of Paris\"}]},{\"@type\":\"WebSite\",\"@id\":\"https:\/\/shezamme.com\/#website\",\"url\":\"https:\/\/shezamme.com\/\",\"name\":\"SHEZAMME - Sneakersy, Streetwear i luksusowe marki\",\"description\":\"Oryginalne i ekskluzywne przedmioty w jednym miejscu. Sprawd\u017a nasze produkty ju\u017c teraz i b\u0105d\u017a na bie\u017c\u0105co z wszystkimi premierami.\",\"publisher\":{\"@id\":\"https:\/\/shezamme.com\/#organization\"},\"potentialAction\":[{\"@type\":\"SearchAction\",\"target\":{\"@type\":\"EntryPoint\",\"urlTemplate\":\"https:\/\/shezamme.com\/?s={search_term_string}\"},\"query-input\":{\"@type\":\"PropertyValueSpecification\",\"valueRequired\":true,\"valueName\":\"search_term_string\"}}],\"inLanguage\":\"en-US\"},{\"@type\":\"Organization\",\"@id\":\"https:\/\/shezamme.com\/#organization\",\"name\":\"SHEZAMME - Sneakersy, Streetwear i luksusowe marki\",\"url\":\"https:\/\/shezamme.com\/\",\"logo\":{\"@type\":\"ImageObject\",\"inLanguage\":\"en-US\",\"@id\":\"https:\/\/shezamme.com\/#\/schema\/logo\/image\/\",\"url\":\"https:\/\/shezamme.com\/wp-content\/uploads\/2023\/02\/0x0.png\",\"contentUrl\":\"https:\/\/shezamme.com\/wp-content\/uploads\/2023\/02\/0x0.png\",\"width\":2000,\"height\":2000,\"caption\":\"SHEZAMME - Sneakersy, Streetwear i luksusowe marki\"},\"image\":{\"@id\":\"https:\/\/shezamme.com\/#\/schema\/logo\/image\/\"},\"sameAs\":[\"https:\/\/www.facebook.com\/SHEZAMME\/\",\"https:\/\/x.com\/SHEZAMME\",\"https:\/\/www.instagram.com\/shezamme\/\",\"https:\/\/www.youtube.com\/channel\/UCsTJxi_9fODHdO_1bmJbqvQ\",\"https:\/\/www.tiktok.com\/shezamme.com\"]}]}<\/script>\n<!-- \/ Yoast SEO plugin. -->","yoast_head_json":{"title":"Adidas Campus 00s Youth of Paris - SHEZAMME","description":"Adidas Campus 00s Youth of Paris | Luksusowe i autentyczne przedmioty w jednym miejscu. B\u0105d\u017a na bie\u017c\u0105co i sprawd\u017a nasz\u0105 ofert\u0119 ju\u017c teraz","robots":{"index":"index","follow":"follow","max-snippet":"max-snippet:-1","max-image-preview":"max-image-preview:large","max-video-preview":"max-video-preview:-1"},"canonical":"https:\/\/shezamme.com\/en\/sklep\/sneakers-2\/adidas\/adidas-campus\/adidas-campus-00s-youth-of-paris\/","og_locale":"en_US","og_type":"article","og_title":"Adidas Campus 00s Youth of Paris - SHEZAMME","og_description":"Adidas Campus 00s Youth of Paris | Luksusowe i autentyczne przedmioty w jednym miejscu. B\u0105d\u017a na bie\u017c\u0105co i sprawd\u017a nasz\u0105 ofert\u0119 ju\u017c teraz","og_url":"https:\/\/shezamme.com\/en\/sklep\/sneakers-2\/adidas\/adidas-campus\/adidas-campus-00s-youth-of-paris\/","og_site_name":"SHEZAMME - Yeezy, Jordan, Supreme i inne oryginalne rzeczy","article_publisher":"https:\/\/www.facebook.com\/SHEZAMME\/","article_modified_time":"2025-03-31T20:14:08+00:00","og_image":[{"width":1179,"height":1068,"url":"https:\/\/shezamme.com\/wp-content\/uploads\/2024\/04\/IMG_1081.jpg","type":"image\/jpeg"}],"twitter_card":"summary_large_image","twitter_site":"@SHEZAMME","twitter_misc":{"Est. reading time":"1 minute"},"schema":{"@context":"https:\/\/schema.org","@graph":[{"@type":"WebPage","@id":"https:\/\/shezamme.com\/sklep\/buty\/adidas\/adidas-campus\/adidas-campus-00s-youth-of-paris\/","url":"https:\/\/shezamme.com\/sklep\/buty\/adidas\/adidas-campus\/adidas-campus-00s-youth-of-paris\/","name":"Adidas Campus 00s Youth of Paris - SHEZAMME","isPartOf":{"@id":"https:\/\/shezamme.com\/#website"},"primaryImageOfPage":{"@id":"https:\/\/shezamme.com\/sklep\/buty\/adidas\/adidas-campus\/adidas-campus-00s-youth-of-paris\/#primaryimage"},"image":{"@id":"https:\/\/shezamme.com\/sklep\/buty\/adidas\/adidas-campus\/adidas-campus-00s-youth-of-paris\/#primaryimage"},"thumbnailUrl":"https:\/\/shezamme.com\/wp-content\/uploads\/2024\/04\/IMG_1081.jpg","datePublished":"2024-04-04T11:25:44+00:00","dateModified":"2025-03-31T20:14:08+00:00","description":"Adidas Campus 00s Youth of Paris | Luksusowe i autentyczne przedmioty w jednym miejscu. B\u0105d\u017a na bie\u017c\u0105co i sprawd\u017a nasz\u0105 ofert\u0119 ju\u017c teraz","breadcrumb":{"@id":"https:\/\/shezamme.com\/sklep\/buty\/adidas\/adidas-campus\/adidas-campus-00s-youth-of-paris\/#breadcrumb"},"inLanguage":"en-US","potentialAction":[{"@type":"ReadAction","target":["https:\/\/shezamme.com\/sklep\/buty\/adidas\/adidas-campus\/adidas-campus-00s-youth-of-paris\/"]}]},{"@type":"ImageObject","inLanguage":"en-US","@id":"https:\/\/shezamme.com\/sklep\/buty\/adidas\/adidas-campus\/adidas-campus-00s-youth-of-paris\/#primaryimage","url":"https:\/\/shezamme.com\/wp-content\/uploads\/2024\/04\/IMG_1081.jpg","contentUrl":"https:\/\/shezamme.com\/wp-content\/uploads\/2024\/04\/IMG_1081.jpg","width":1179,"height":1068,"caption":"Adidas Campus 00s Youth of Paris"},{"@type":"BreadcrumbList","@id":"https:\/\/shezamme.com\/sklep\/buty\/adidas\/adidas-campus\/adidas-campus-00s-youth-of-paris\/#breadcrumb","itemListElement":[{"@type":"ListItem","position":1,"name":"Strona g\u0142\u00f3wna","item":"https:\/\/shezamme.com\/"},{"@type":"ListItem","position":2,"name":"Sklep","item":"https:\/\/shezamme.com\/sklep\/"},{"@type":"ListItem","position":3,"name":"Adidas Campus 00s Youth of Paris"}]},{"@type":"WebSite","@id":"https:\/\/shezamme.com\/#website","url":"https:\/\/shezamme.com\/","name":"SHEZAMME - Sneakers, Streetwear and luxury brands","description":"Original and exclusive items in one place. Check out our products now and stay up to date with all launches.","publisher":{"@id":"https:\/\/shezamme.com\/#organization"},"potentialAction":[{"@type":"SearchAction","target":{"@type":"EntryPoint","urlTemplate":"https:\/\/shezamme.com\/?s={search_term_string}"},"query-input":{"@type":"PropertyValueSpecification","valueRequired":true,"valueName":"search_term_string"}}],"inLanguage":"en-US"},{"@type":"Organization","@id":"https:\/\/shezamme.com\/#organization","name":"SHEZAMME - Sneakers, Streetwear and luxury brands","url":"https:\/\/shezamme.com\/","logo":{"@type":"ImageObject","inLanguage":"en-US","@id":"https:\/\/shezamme.com\/#\/schema\/logo\/image\/","url":"https:\/\/shezamme.com\/wp-content\/uploads\/2023\/02\/0x0.png","contentUrl":"https:\/\/shezamme.com\/wp-content\/uploads\/2023\/02\/0x0.png","width":2000,"height":2000,"caption":"SHEZAMME - Sneakersy, Streetwear i luksusowe marki"},"image":{"@id":"https:\/\/shezamme.com\/#\/schema\/logo\/image\/"},"sameAs":["https:\/\/www.facebook.com\/SHEZAMME\/","https:\/\/x.com\/SHEZAMME","https:\/\/www.instagram.com\/shezamme\/","https:\/\/www.youtube.com\/channel\/UCsTJxi_9fODHdO_1bmJbqvQ","https:\/\/www.tiktok.com\/shezamme.com"]}]}},"brands":[{"id":748,"name":"Adidas","slug":"adidas"}],"_links":{"self":[{"href":"https:\/\/shezamme.com\/en\/wp-json\/wp\/v2\/product\/70901","targetHints":{"allow":["GET"]}}],"collection":[{"href":"https:\/\/shezamme.com\/en\/wp-json\/wp\/v2\/product"}],"about":[{"href":"https:\/\/shezamme.com\/en\/wp-json\/wp\/v2\/types\/product"}],"wp:featuredmedia":[{"embeddable":true,"href":"https:\/\/shezamme.com\/en\/wp-json\/wp\/v2\/media\/70932"}],"wp:attachment":[{"href":"https:\/\/shezamme.com\/en\/wp-json\/wp\/v2\/media?parent=70901"}],"wp:term":[{"taxonomy":"pwb-brand","embeddable":true,"href":"https:\/\/shezamme.com\/en\/wp-json\/wp\/v2\/pwb-brand?post=70901"},{"taxonomy":"product_brand","embeddable":true,"href":"https:\/\/shezamme.com\/en\/wp-json\/wp\/v2\/product_brand?post=70901"},{"taxonomy":"product_cat","embeddable":true,"href":"https:\/\/shezamme.com\/en\/wp-json\/wp\/v2\/product_cat?post=70901"},{"taxonomy":"product_tag","embeddable":true,"href":"https:\/\/shezamme.com\/en\/wp-json\/wp\/v2\/product_tag?post=70901"}],"curies":[{"name":"wp","href":"https:\/\/api.w.org\/{rel}","templated":true}]}}