{"id":70811,"date":"2024-04-04T12:57:26","date_gmt":"2024-04-04T10:57:26","guid":{"rendered":"https:\/\/shezamme.com\/?post_type=product&#038;p=70811"},"modified":"2025-04-03T09:07:01","modified_gmt":"2025-04-03T07:07:01","slug":"new-balance-9060-moonrock-linen","status":"publish","type":"product","link":"https:\/\/shezamme.com\/en\/sklep\/buty\/new-balance\/new-balance-9060\/new-balance-9060-moonrock-linen\/","title":{"rendered":"New Balance 9060 Moonrock Linen"},"content":{"rendered":"<h2 class=\"\" data-start=\"0\" data-end=\"50\">Tonalna r\u00f3wnowaga i retrofuturystyczna estetyka<\/h2>\n<p class=\"\" data-start=\"52\" data-end=\"449\"><strong data-start=\"52\" data-end=\"91\">New Balance 9060 \u2013 Moonrock \/ Linen<\/strong> to model, kt\u00f3ry \u0142\u0105czy przeskalowan\u0105 form\u0119 z wywa\u017con\u0105 palet\u0105 inspirowan\u0105 naturalnymi barwami. Be\u017cowe, szare i piaskowe tony tworz\u0105 efekt <em data-start=\"228\" data-end=\"244\">earthy neutral<\/em>, doskonale wpisuj\u0105c si\u0119 w styl <em data-start=\"276\" data-end=\"290\">quiet luxury<\/em> i tonalnych stylizacji. Projekt nawi\u0105zuje do biegowych modeli z prze\u0142omu lat 90. i 2000, przefiltrowanych przez futurystyczny j\u0119zyk wsp\u00f3\u0142czesnego lifestyle&#8217;u.<\/p>\n<h2 class=\"\" data-start=\"451\" data-end=\"500\">Komfort technologii i estetyczna uniwersalno\u015b\u0107<\/h2>\n<p class=\"\" data-start=\"502\" data-end=\"998\">Cholewka z <em data-start=\"513\" data-end=\"529\">zamszu premium<\/em> i <em data-start=\"532\" data-end=\"548\">siateczki mesh<\/em> oferuje lekko\u015b\u0107 i przewiewno\u015b\u0107, zachowuj\u0105c trwa\u0142o\u015b\u0107 i struktur\u0119. Za amortyzacj\u0119 odpowiada pogrubiona podeszwa z systemami <em data-start=\"671\" data-end=\"679\">ABZORB<\/em> i <em data-start=\"682\" data-end=\"687\">SBS<\/em>, kt\u00f3re zapewniaj\u0105 komfort przez ca\u0142y dzie\u0144. Branding ogranicza si\u0119 do klasycznego \u201eN\u201d oraz detali 9060, co nadaje projektowi sp\u00f3jny, techniczny charakter. Unisexowy model <em data-start=\"859\" data-end=\"877\">Moonrock \/ Linen<\/em> to propozycja dla os\u00f3b ceni\u0105cych funkcjonalno\u015b\u0107, minimalistyczne wyko\u0144czenie i nowoczesne proporcje w codziennym obuwiu.<\/p>","protected":false},"excerpt":{"rendered":"<h2 class=\"\" data-start=\"0\" data-end=\"57\">Naturalna paleta i nowoczesna sylwetka w stylu NB 9060<\/h2>\n<p class=\"\" data-start=\"59\" data-end=\"472\"><strong data-start=\"59\" data-end=\"98\">New Balance 9060 \u2013 Moonrock \/ Linen<\/strong> to sneakersy, kt\u00f3re \u0142\u0105cz\u0105 stonowan\u0105 kolorystyk\u0119 ziemistych ton\u00f3w z futurystycznym designem inspirowanym estetyk\u0105 Y2K. Cholewka z siateczki i zamszu zapewnia przewiewno\u015b\u0107 i trwa\u0142o\u015b\u0107, a pogrubiona podeszwa z technologiami ABZORB i SBS gwarantuje wygod\u0119 przez ca\u0142y dzie\u0144. To unisexowy model idealny do tonalnych, minimalistycznych stylizacji w duchu wsp\u00f3\u0142czesnego lifestyle\u2019u.<\/p>","protected":false},"featured_media":70836,"template":"","meta":{"_acf_changed":false},"pwb-brand":[769],"product_brand":[],"product_cat":[16,321,876],"product_tag":[1008,1009],"class_list":{"0":"post-70811","1":"product","2":"type-product","3":"status-publish","4":"has-post-thumbnail","6":"pwb-brand-new-balance","7":"product_cat-buty","8":"product_cat-new-balance","9":"product_cat-new-balance-9060","10":"product_tag-kobieta","11":"product_tag-mezczyzna","13":"first","14":"onbackorder","15":"taxable","16":"shipping-taxable","17":"purchasable","18":"product-type-variable","19":"has-default-attributes"},"acf":[],"yoast_head":"<!-- This site is optimized with the Yoast SEO plugin v27.2 - https:\/\/yoast.com\/product\/yoast-seo-wordpress\/ -->\n<title>New Balance 9060 Moonrock Linen - SHEZAMME<\/title>\n<meta name=\"description\" content=\"New Balance 9060 Moonrock Linen | Luksusowe i autentyczne przedmioty w jednym miejscu. B\u0105d\u017a na bie\u017c\u0105co i sprawd\u017a nasz\u0105 ofert\u0119 ju\u017c teraz\" \/>\n<meta name=\"robots\" content=\"index, follow, max-snippet:-1, max-image-preview:large, max-video-preview:-1\" \/>\n<link rel=\"canonical\" href=\"https:\/\/shezamme.com\/en\/sklep\/sneakers-2\/new-balance\/new-balance-9060\/new-balance-9060-moonrock-linen\/\" \/>\n<meta property=\"og:locale\" content=\"en_US\" \/>\n<meta property=\"og:type\" content=\"article\" \/>\n<meta property=\"og:title\" content=\"New Balance 9060 Moonrock Linen - SHEZAMME\" \/>\n<meta property=\"og:description\" content=\"New Balance 9060 Moonrock Linen | Luksusowe i autentyczne przedmioty w jednym miejscu. B\u0105d\u017a na bie\u017c\u0105co i sprawd\u017a nasz\u0105 ofert\u0119 ju\u017c teraz\" \/>\n<meta property=\"og:url\" content=\"https:\/\/shezamme.com\/en\/sklep\/sneakers-2\/new-balance\/new-balance-9060\/new-balance-9060-moonrock-linen\/\" \/>\n<meta property=\"og:site_name\" content=\"SHEZAMME - Yeezy, Jordan, Supreme i inne oryginalne rzeczy\" \/>\n<meta property=\"article:publisher\" content=\"https:\/\/www.facebook.com\/SHEZAMME\/\" \/>\n<meta property=\"article:modified_time\" content=\"2025-04-03T07:07:01+00:00\" \/>\n<meta property=\"og:image\" content=\"https:\/\/shezamme.com\/wp-content\/uploads\/2024\/04\/IMG_1072.jpg\" \/>\n\t<meta property=\"og:image:width\" content=\"1179\" \/>\n\t<meta property=\"og:image:height\" content=\"1022\" \/>\n\t<meta property=\"og:image:type\" content=\"image\/jpeg\" \/>\n<meta name=\"twitter:card\" content=\"summary_large_image\" \/>\n<meta name=\"twitter:site\" content=\"@SHEZAMME\" \/>\n<meta name=\"twitter:label1\" content=\"Est. reading time\" \/>\n\t<meta name=\"twitter:data1\" content=\"1 minute\" \/>\n<script type=\"application\/ld+json\" class=\"yoast-schema-graph\">{\"@context\":\"https:\/\/schema.org\",\"@graph\":[{\"@type\":\"WebPage\",\"@id\":\"https:\/\/shezamme.com\/sklep\/buty\/new-balance\/new-balance-9060\/new-balance-9060-moonrock-linen\/\",\"url\":\"https:\/\/shezamme.com\/sklep\/buty\/new-balance\/new-balance-9060\/new-balance-9060-moonrock-linen\/\",\"name\":\"New Balance 9060 Moonrock Linen - SHEZAMME\",\"isPartOf\":{\"@id\":\"https:\/\/shezamme.com\/#website\"},\"primaryImageOfPage\":{\"@id\":\"https:\/\/shezamme.com\/sklep\/buty\/new-balance\/new-balance-9060\/new-balance-9060-moonrock-linen\/#primaryimage\"},\"image\":{\"@id\":\"https:\/\/shezamme.com\/sklep\/buty\/new-balance\/new-balance-9060\/new-balance-9060-moonrock-linen\/#primaryimage\"},\"thumbnailUrl\":\"https:\/\/shezamme.com\/wp-content\/uploads\/2024\/04\/IMG_1072.jpg\",\"datePublished\":\"2024-04-04T10:57:26+00:00\",\"dateModified\":\"2025-04-03T07:07:01+00:00\",\"description\":\"New Balance 9060 Moonrock Linen | Luksusowe i autentyczne przedmioty w jednym miejscu. B\u0105d\u017a na bie\u017c\u0105co i sprawd\u017a nasz\u0105 ofert\u0119 ju\u017c teraz\",\"breadcrumb\":{\"@id\":\"https:\/\/shezamme.com\/sklep\/buty\/new-balance\/new-balance-9060\/new-balance-9060-moonrock-linen\/#breadcrumb\"},\"inLanguage\":\"en-US\",\"potentialAction\":[{\"@type\":\"ReadAction\",\"target\":[\"https:\/\/shezamme.com\/sklep\/buty\/new-balance\/new-balance-9060\/new-balance-9060-moonrock-linen\/\"]}]},{\"@type\":\"ImageObject\",\"inLanguage\":\"en-US\",\"@id\":\"https:\/\/shezamme.com\/sklep\/buty\/new-balance\/new-balance-9060\/new-balance-9060-moonrock-linen\/#primaryimage\",\"url\":\"https:\/\/shezamme.com\/wp-content\/uploads\/2024\/04\/IMG_1072.jpg\",\"contentUrl\":\"https:\/\/shezamme.com\/wp-content\/uploads\/2024\/04\/IMG_1072.jpg\",\"width\":1179,\"height\":1022,\"caption\":\"New Balance 9060 Moonrock Linen\"},{\"@type\":\"BreadcrumbList\",\"@id\":\"https:\/\/shezamme.com\/sklep\/buty\/new-balance\/new-balance-9060\/new-balance-9060-moonrock-linen\/#breadcrumb\",\"itemListElement\":[{\"@type\":\"ListItem\",\"position\":1,\"name\":\"Strona g\u0142\u00f3wna\",\"item\":\"https:\/\/shezamme.com\/\"},{\"@type\":\"ListItem\",\"position\":2,\"name\":\"Sklep\",\"item\":\"https:\/\/shezamme.com\/sklep\/\"},{\"@type\":\"ListItem\",\"position\":3,\"name\":\"New Balance 9060 Moonrock Linen\"}]},{\"@type\":\"WebSite\",\"@id\":\"https:\/\/shezamme.com\/#website\",\"url\":\"https:\/\/shezamme.com\/\",\"name\":\"SHEZAMME - Sneakersy, Streetwear i luksusowe marki\",\"description\":\"Oryginalne i ekskluzywne przedmioty w jednym miejscu. Sprawd\u017a nasze produkty ju\u017c teraz i b\u0105d\u017a na bie\u017c\u0105co z wszystkimi premierami.\",\"publisher\":{\"@id\":\"https:\/\/shezamme.com\/#organization\"},\"potentialAction\":[{\"@type\":\"SearchAction\",\"target\":{\"@type\":\"EntryPoint\",\"urlTemplate\":\"https:\/\/shezamme.com\/?s={search_term_string}\"},\"query-input\":{\"@type\":\"PropertyValueSpecification\",\"valueRequired\":true,\"valueName\":\"search_term_string\"}}],\"inLanguage\":\"en-US\"},{\"@type\":\"Organization\",\"@id\":\"https:\/\/shezamme.com\/#organization\",\"name\":\"SHEZAMME - Sneakersy, Streetwear i luksusowe marki\",\"url\":\"https:\/\/shezamme.com\/\",\"logo\":{\"@type\":\"ImageObject\",\"inLanguage\":\"en-US\",\"@id\":\"https:\/\/shezamme.com\/#\/schema\/logo\/image\/\",\"url\":\"https:\/\/shezamme.com\/wp-content\/uploads\/2023\/02\/0x0.png\",\"contentUrl\":\"https:\/\/shezamme.com\/wp-content\/uploads\/2023\/02\/0x0.png\",\"width\":2000,\"height\":2000,\"caption\":\"SHEZAMME - Sneakersy, Streetwear i luksusowe marki\"},\"image\":{\"@id\":\"https:\/\/shezamme.com\/#\/schema\/logo\/image\/\"},\"sameAs\":[\"https:\/\/www.facebook.com\/SHEZAMME\/\",\"https:\/\/x.com\/SHEZAMME\",\"https:\/\/www.instagram.com\/shezamme\/\",\"https:\/\/www.youtube.com\/channel\/UCsTJxi_9fODHdO_1bmJbqvQ\",\"https:\/\/www.tiktok.com\/shezamme.com\"]}]}<\/script>\n<!-- \/ Yoast SEO plugin. -->","yoast_head_json":{"title":"New Balance 9060 Moonrock Linen - SHEZAMME","description":"New Balance 9060 Moonrock Linen | Luksusowe i autentyczne przedmioty w jednym miejscu. B\u0105d\u017a na bie\u017c\u0105co i sprawd\u017a nasz\u0105 ofert\u0119 ju\u017c teraz","robots":{"index":"index","follow":"follow","max-snippet":"max-snippet:-1","max-image-preview":"max-image-preview:large","max-video-preview":"max-video-preview:-1"},"canonical":"https:\/\/shezamme.com\/en\/sklep\/sneakers-2\/new-balance\/new-balance-9060\/new-balance-9060-moonrock-linen\/","og_locale":"en_US","og_type":"article","og_title":"New Balance 9060 Moonrock Linen - SHEZAMME","og_description":"New Balance 9060 Moonrock Linen | Luksusowe i autentyczne przedmioty w jednym miejscu. B\u0105d\u017a na bie\u017c\u0105co i sprawd\u017a nasz\u0105 ofert\u0119 ju\u017c teraz","og_url":"https:\/\/shezamme.com\/en\/sklep\/sneakers-2\/new-balance\/new-balance-9060\/new-balance-9060-moonrock-linen\/","og_site_name":"SHEZAMME - Yeezy, Jordan, Supreme i inne oryginalne rzeczy","article_publisher":"https:\/\/www.facebook.com\/SHEZAMME\/","article_modified_time":"2025-04-03T07:07:01+00:00","og_image":[{"width":1179,"height":1022,"url":"https:\/\/shezamme.com\/wp-content\/uploads\/2024\/04\/IMG_1072.jpg","type":"image\/jpeg"}],"twitter_card":"summary_large_image","twitter_site":"@SHEZAMME","twitter_misc":{"Est. reading time":"1 minute"},"schema":{"@context":"https:\/\/schema.org","@graph":[{"@type":"WebPage","@id":"https:\/\/shezamme.com\/sklep\/buty\/new-balance\/new-balance-9060\/new-balance-9060-moonrock-linen\/","url":"https:\/\/shezamme.com\/sklep\/buty\/new-balance\/new-balance-9060\/new-balance-9060-moonrock-linen\/","name":"New Balance 9060 Moonrock Linen - SHEZAMME","isPartOf":{"@id":"https:\/\/shezamme.com\/#website"},"primaryImageOfPage":{"@id":"https:\/\/shezamme.com\/sklep\/buty\/new-balance\/new-balance-9060\/new-balance-9060-moonrock-linen\/#primaryimage"},"image":{"@id":"https:\/\/shezamme.com\/sklep\/buty\/new-balance\/new-balance-9060\/new-balance-9060-moonrock-linen\/#primaryimage"},"thumbnailUrl":"https:\/\/shezamme.com\/wp-content\/uploads\/2024\/04\/IMG_1072.jpg","datePublished":"2024-04-04T10:57:26+00:00","dateModified":"2025-04-03T07:07:01+00:00","description":"New Balance 9060 Moonrock Linen | Luksusowe i autentyczne przedmioty w jednym miejscu. B\u0105d\u017a na bie\u017c\u0105co i sprawd\u017a nasz\u0105 ofert\u0119 ju\u017c teraz","breadcrumb":{"@id":"https:\/\/shezamme.com\/sklep\/buty\/new-balance\/new-balance-9060\/new-balance-9060-moonrock-linen\/#breadcrumb"},"inLanguage":"en-US","potentialAction":[{"@type":"ReadAction","target":["https:\/\/shezamme.com\/sklep\/buty\/new-balance\/new-balance-9060\/new-balance-9060-moonrock-linen\/"]}]},{"@type":"ImageObject","inLanguage":"en-US","@id":"https:\/\/shezamme.com\/sklep\/buty\/new-balance\/new-balance-9060\/new-balance-9060-moonrock-linen\/#primaryimage","url":"https:\/\/shezamme.com\/wp-content\/uploads\/2024\/04\/IMG_1072.jpg","contentUrl":"https:\/\/shezamme.com\/wp-content\/uploads\/2024\/04\/IMG_1072.jpg","width":1179,"height":1022,"caption":"New Balance 9060 Moonrock Linen"},{"@type":"BreadcrumbList","@id":"https:\/\/shezamme.com\/sklep\/buty\/new-balance\/new-balance-9060\/new-balance-9060-moonrock-linen\/#breadcrumb","itemListElement":[{"@type":"ListItem","position":1,"name":"Strona g\u0142\u00f3wna","item":"https:\/\/shezamme.com\/"},{"@type":"ListItem","position":2,"name":"Sklep","item":"https:\/\/shezamme.com\/sklep\/"},{"@type":"ListItem","position":3,"name":"New Balance 9060 Moonrock Linen"}]},{"@type":"WebSite","@id":"https:\/\/shezamme.com\/#website","url":"https:\/\/shezamme.com\/","name":"SHEZAMME - Sneakers, Streetwear and luxury brands","description":"Original and exclusive items in one place. Check out our products now and stay up to date with all launches.","publisher":{"@id":"https:\/\/shezamme.com\/#organization"},"potentialAction":[{"@type":"SearchAction","target":{"@type":"EntryPoint","urlTemplate":"https:\/\/shezamme.com\/?s={search_term_string}"},"query-input":{"@type":"PropertyValueSpecification","valueRequired":true,"valueName":"search_term_string"}}],"inLanguage":"en-US"},{"@type":"Organization","@id":"https:\/\/shezamme.com\/#organization","name":"SHEZAMME - Sneakers, Streetwear and luxury brands","url":"https:\/\/shezamme.com\/","logo":{"@type":"ImageObject","inLanguage":"en-US","@id":"https:\/\/shezamme.com\/#\/schema\/logo\/image\/","url":"https:\/\/shezamme.com\/wp-content\/uploads\/2023\/02\/0x0.png","contentUrl":"https:\/\/shezamme.com\/wp-content\/uploads\/2023\/02\/0x0.png","width":2000,"height":2000,"caption":"SHEZAMME - Sneakersy, Streetwear i luksusowe marki"},"image":{"@id":"https:\/\/shezamme.com\/#\/schema\/logo\/image\/"},"sameAs":["https:\/\/www.facebook.com\/SHEZAMME\/","https:\/\/x.com\/SHEZAMME","https:\/\/www.instagram.com\/shezamme\/","https:\/\/www.youtube.com\/channel\/UCsTJxi_9fODHdO_1bmJbqvQ","https:\/\/www.tiktok.com\/shezamme.com"]}]}},"brands":[{"id":769,"name":"New Balance","slug":"new-balance"}],"_links":{"self":[{"href":"https:\/\/shezamme.com\/en\/wp-json\/wp\/v2\/product\/70811","targetHints":{"allow":["GET"]}}],"collection":[{"href":"https:\/\/shezamme.com\/en\/wp-json\/wp\/v2\/product"}],"about":[{"href":"https:\/\/shezamme.com\/en\/wp-json\/wp\/v2\/types\/product"}],"wp:featuredmedia":[{"embeddable":true,"href":"https:\/\/shezamme.com\/en\/wp-json\/wp\/v2\/media\/70836"}],"wp:attachment":[{"href":"https:\/\/shezamme.com\/en\/wp-json\/wp\/v2\/media?parent=70811"}],"wp:term":[{"taxonomy":"pwb-brand","embeddable":true,"href":"https:\/\/shezamme.com\/en\/wp-json\/wp\/v2\/pwb-brand?post=70811"},{"taxonomy":"product_brand","embeddable":true,"href":"https:\/\/shezamme.com\/en\/wp-json\/wp\/v2\/product_brand?post=70811"},{"taxonomy":"product_cat","embeddable":true,"href":"https:\/\/shezamme.com\/en\/wp-json\/wp\/v2\/product_cat?post=70811"},{"taxonomy":"product_tag","embeddable":true,"href":"https:\/\/shezamme.com\/en\/wp-json\/wp\/v2\/product_tag?post=70811"}],"curies":[{"name":"wp","href":"https:\/\/api.w.org\/{rel}","templated":true}]}}