{"id":65,"date":"2022-07-30T21:04:03","date_gmt":"2022-07-30T19:04:03","guid":{"rendered":"https:\/\/staging1.waw.pl\/?post_type=product&#038;p=65"},"modified":"2026-01-07T16:49:09","modified_gmt":"2026-01-07T15:49:09","slug":"mystery-box-500-pln","status":"publish","type":"product","link":"https:\/\/shezamme.com\/en\/sklep\/akcesoria\/mysterybox-streetwear\/mystery-box-500-pln\/","title":{"rendered":"Mystery Box Streetwear 500 PLN"},"content":{"rendered":"<p>MysteryBox Streetwear to doskona\u0142a propozycja dla mi\u0142o\u015bnik\u00f3w modnych ubra\u0144 i dodatk\u00f3w, kt\u00f3rzy ceni\u0105 sobie r\u00f3\u017cnorodno\u015b\u0107 i chc\u0105 otrzyma\u0107 warto\u015bciowy zestaw produkt\u00f3w w atrakcyjnej cenie. Za kwot\u0119 500 PLN w sk\u0142ad MysteryBoxa Streetwear wchodz\u0105 losowo wybrane produkty z asortymentu sklepu, w tym koszulki, bluzy, czapki, kurtki, plecaki i wiele innych. Ka\u017cde pude\u0142ko zawiera minimum jedn\u0105 koszulk\u0119 lub bluz\u0119 oraz produkty w stanie nowym lub bardzo dobrym.<\/p>\n<p>W MysteryBoxie Streetwear znajduj\u0105 si\u0119 produkty znanych marek, takich jak Supreme, Misbhv, CDG, Palace, Bape, Uniqlo i wiele innych, kt\u00f3re s\u0105 bardzo popularne w\u015br\u00f3d mi\u0142o\u015bnik\u00f3w streetwearu. Zakup MysteryBoxa to szansa na poszerzenie swojej kolekcji ubra\u0144 i dodatk\u00f3w oraz poznanie nowych marek i trend\u00f3w.<\/p>\n<p>MysteryBox Streetwear to doskona\u0142a propozycja dla mi\u0142o\u015bnik\u00f3w modnych ubra\u0144 i dodatk\u00f3w, kt\u00f3rzy ceni\u0105 sobie r\u00f3\u017cnorodno\u015b\u0107 i chc\u0105 otrzyma\u0107 warto\u015bciowy zestaw produkt\u00f3w w atrakcyjnej cenie. Za kwot\u0119 500 PLN w sk\u0142ad MysteryBoxa Streetwear wchodz\u0105 losowo wybrane produkty z asortymentu sklepu, w tym koszulki, bluzy, czapki, kurtki, plecaki i wiele innych. Ka\u017cde pude\u0142ko zawiera minimum jedn\u0105 koszulk\u0119 lub bluz\u0119 oraz produkty w stanie nowym lub bardzo dobrym.<\/p>\n<p>W MysteryBoxie Streetwear znajduj\u0105 si\u0119 produkty znanych marek, takich jak Supreme, Misbhv, CDG, Palace, Bape, Uniqlo i wiele innych, kt\u00f3re s\u0105 bardzo popularne w\u015br\u00f3d mi\u0142o\u015bnik\u00f3w streetwearu. Zakup MysteryBoxa to szansa na poszerzenie swojej kolekcji ubra\u0144 i dodatk\u00f3w oraz poznanie nowych marek i trend\u00f3w.<\/p>\n<p>Warto zaznaczy\u0107, \u017ce zakup MysteryBoxa Streetwear za 500 PLN zawsze si\u0119 op\u0142aca. Klient nigdy nie ponosi strat, a ka\u017cdy zestaw zawiera produkty o warto\u015bci znacznie przewy\u017cszaj\u0105cej jego koszt. To idealna okazja dla os\u00f3b, kt\u00f3re chc\u0105 zainwestowa\u0107 w swoj\u0105 kolekcj\u0119 ubra\u0144, nie przep\u0142acaj\u0105c przy tym za markowe produkty.<\/p>\n<p>Kupuj\u0105c MysteryBox Streetwear za 500 PLN, mo\u017cna by\u0107 pewnym, \u017ce otrzyma si\u0119 wysokiej jako\u015bci produkty, kt\u00f3re \u015bwietnie si\u0119 prezentuj\u0105 i s\u0105 wykonane z najlepszych materia\u0142\u00f3w. To r\u00f3wnie\u017c doskona\u0142y pomys\u0142 na prezent dla mi\u0142o\u015bnika streetwearu. Zestaw produkt\u00f3w jest dobierany losowo, dzi\u0119ki czemu ka\u017cde pude\u0142ko jest unikalne i zaskakuj\u0105ce.<\/p>\n<p>MysteryBox Streetwear za 500 PLN to idealna okazja, aby pozna\u0107 nowe marki, poszerzy\u0107 swoj\u0105 kolekcj\u0119 ubra\u0144 i dodatk\u00f3w oraz poczu\u0107 rado\u015b\u0107 z otrzymania warto\u015bciowego zestawu w atrakcyjnej cenie.<\/p>","protected":false},"excerpt":{"rendered":"<p>MysteryBox zawsze jest <strong>UNISEX<\/strong><\/p>\n<p>MysteryBox &#8211; W \u015brodku mo\u017cna odkry\u0107 przypadkowe przedmioty z oferty naszego sklepu oraz elementy, kt\u00f3re jeszcze nie pojawi\u0142y si\u0119 na witrynie internetowej.<\/p>\n<p>W MysteryBoxie zawarte s\u0105 mi\u0119dzy innymi takie firmy jak: Supreme, Misbhv, CDG, Palace, Bape, Uniqlo itp&#8230;<\/p>\n<p>In MysteryBox <strong>ALWAYS<\/strong> there is at least one T-shirt or sweatshirt.<\/p>\n<p>In MysteryBox <strong>ALWAYS<\/strong> there are items in condition: New, Very good.<\/p>\n<p>MysteryBox buyers <strong>ALWAYS<\/strong> turns a profit, NEVER suffers a loss.<\/p>\n<p>MysteryBox is non-returnable as it is specifically tailored to customer preferences.<\/p>\n<p>&nbsp;<\/p>\n<p>Mystery Box Streetwear to specjalne pude\u0142ko, w kt\u00f3rym znajduj\u0105 si\u0119 r\u00f3\u017cne przedmioty zwi\u0105zane z mod\u0105 uliczn\u0105. W sk\u0142ad tego rodzaju zestaw\u00f3w wchodz\u0105 ubrania, akcesoria i gad\u017cety pochodz\u0105ce od popularnych marek streetwearowych. Pude\u0142ko tajemnic to spos\u00f3b na niespodziank\u0119 dla mi\u0142o\u015bnik\u00f3w tego stylu, kt\u00f3rzy mog\u0105 otrzyma\u0107 zar\u00f3wno klasyczne, jak i limitowane produkty. Zakup Mystery Box Streetwear to zar\u00f3wno emocje zwi\u0105zane z odkrywaniem nieznanej zawarto\u015bci, jak i mo\u017cliwo\u015b\u0107 uzupe\u0142nienia swojej garderoby o unikatowe, modne przedmioty.<\/p>","protected":false},"featured_media":38992,"template":"","meta":{"_acf_changed":false,"_yoast_wpseo_focuskw":"Mystery Box","_yoast_wpseo_title":"","_yoast_wpseo_metadesc":"Mystery-Box 500PLN STREETWEAR. Spr\u00f3buj szcz\u0119\u015bcia i traf takie marki jak: Supreme, Palace, Misbhv, Gucci oraz Balenciaga. Spr\u00f3buj ju\u017c teraz!"},"pwb-brand":[],"product_brand":[],"product_cat":[23,907],"product_tag":[1008,1009],"class_list":{"0":"post-65","1":"product","2":"type-product","3":"status-publish","4":"has-post-thumbnail","6":"product_cat-akcesoria","7":"product_cat-mysterybox-streetwear","8":"product_tag-kobieta","9":"product_tag-mezczyzna","10":"pa_rozmiar-ubrania-l","11":"pa_rozmiar-ubrania-m","12":"pa_rozmiar-ubrania-s","13":"pa_rozmiar-ubrania-xl","14":"pa_rozmiar-ubrania-xs","16":"first","17":"instock","18":"featured","19":"taxable","20":"shipping-taxable","21":"purchasable","22":"product-type-variable"},"acf":[],"yoast_head":"<!-- This site is optimized with the Yoast SEO plugin v27.4 - https:\/\/yoast.com\/product\/yoast-seo-wordpress\/ -->\n<title>Mystery Box Streetwear 500 PLN - SHEZAMME<\/title>\n<meta name=\"description\" content=\"Mystery-Box 500PLN STREETWEAR. Spr\u00f3buj szcz\u0119\u015bcia i traf takie marki jak: Supreme, Palace, Misbhv, Gucci oraz Balenciaga. Spr\u00f3buj ju\u017c teraz!\" \/>\n<meta name=\"robots\" content=\"index, follow, max-snippet:-1, max-image-preview:large, max-video-preview:-1\" \/>\n<link rel=\"canonical\" href=\"https:\/\/shezamme.com\/en\/sklep\/accesories\/mysterybox-streetwear\/mystery-box-500-pln\/\" \/>\n<meta property=\"og:locale\" content=\"en_US\" \/>\n<meta property=\"og:type\" content=\"article\" \/>\n<meta property=\"og:title\" content=\"Mystery Box Streetwear 500 PLN - SHEZAMME\" \/>\n<meta property=\"og:description\" content=\"Mystery-Box 500PLN STREETWEAR. Spr\u00f3buj szcz\u0119\u015bcia i traf takie marki jak: Supreme, Palace, Misbhv, Gucci oraz Balenciaga. Spr\u00f3buj ju\u017c teraz!\" \/>\n<meta property=\"og:url\" content=\"https:\/\/shezamme.com\/en\/sklep\/accesories\/mysterybox-streetwear\/mystery-box-500-pln\/\" \/>\n<meta property=\"og:site_name\" content=\"SHEZAMME - Yeezy, Jordan, Supreme i inne oryginalne rzeczy\" \/>\n<meta property=\"article:publisher\" content=\"https:\/\/www.facebook.com\/SHEZAMME\/\" \/>\n<meta property=\"article:modified_time\" content=\"2026-01-07T15:49:09+00:00\" \/>\n<meta property=\"og:image\" content=\"https:\/\/shezamme.com\/wp-content\/uploads\/2024\/01\/shezamme_mysteryb_regular_500_240219-1.webp\" \/>\n\t<meta property=\"og:image:width\" content=\"1080\" \/>\n\t<meta property=\"og:image:height\" content=\"1080\" \/>\n\t<meta property=\"og:image:type\" content=\"image\/webp\" \/>\n<meta name=\"twitter:card\" content=\"summary_large_image\" \/>\n<meta name=\"twitter:site\" content=\"@SHEZAMME\" \/>\n<meta name=\"twitter:label1\" content=\"Est. reading time\" \/>\n\t<meta name=\"twitter:data1\" content=\"1 minute\" \/>\n<script type=\"application\/ld+json\" class=\"yoast-schema-graph\">{\"@context\":\"https:\\\/\\\/schema.org\",\"@graph\":[{\"@type\":\"WebPage\",\"@id\":\"https:\\\/\\\/shezamme.com\\\/sklep\\\/akcesoria\\\/mysterybox-streetwear\\\/mystery-box-500-pln\\\/\",\"url\":\"https:\\\/\\\/shezamme.com\\\/sklep\\\/akcesoria\\\/mysterybox-streetwear\\\/mystery-box-500-pln\\\/\",\"name\":\"Mystery Box Streetwear 500 PLN - SHEZAMME\",\"isPartOf\":{\"@id\":\"https:\\\/\\\/shezamme.com\\\/#website\"},\"primaryImageOfPage\":{\"@id\":\"https:\\\/\\\/shezamme.com\\\/sklep\\\/akcesoria\\\/mysterybox-streetwear\\\/mystery-box-500-pln\\\/#primaryimage\"},\"image\":{\"@id\":\"https:\\\/\\\/shezamme.com\\\/sklep\\\/akcesoria\\\/mysterybox-streetwear\\\/mystery-box-500-pln\\\/#primaryimage\"},\"thumbnailUrl\":\"https:\\\/\\\/shezamme.com\\\/wp-content\\\/uploads\\\/2024\\\/01\\\/shezamme_mysteryb_regular_500_240219-1.webp\",\"datePublished\":\"2022-07-30T19:04:03+00:00\",\"dateModified\":\"2026-01-07T15:49:09+00:00\",\"description\":\"Mystery-Box 500PLN STREETWEAR. Spr\u00f3buj szcz\u0119\u015bcia i traf takie marki jak: Supreme, Palace, Misbhv, Gucci oraz Balenciaga. Spr\u00f3buj ju\u017c teraz!\",\"breadcrumb\":{\"@id\":\"https:\\\/\\\/shezamme.com\\\/sklep\\\/akcesoria\\\/mysterybox-streetwear\\\/mystery-box-500-pln\\\/#breadcrumb\"},\"inLanguage\":\"en-US\",\"potentialAction\":[{\"@type\":\"ReadAction\",\"target\":[\"https:\\\/\\\/shezamme.com\\\/sklep\\\/akcesoria\\\/mysterybox-streetwear\\\/mystery-box-500-pln\\\/\"]}]},{\"@type\":\"ImageObject\",\"inLanguage\":\"en-US\",\"@id\":\"https:\\\/\\\/shezamme.com\\\/sklep\\\/akcesoria\\\/mysterybox-streetwear\\\/mystery-box-500-pln\\\/#primaryimage\",\"url\":\"https:\\\/\\\/shezamme.com\\\/wp-content\\\/uploads\\\/2024\\\/01\\\/shezamme_mysteryb_regular_500_240219-1.webp\",\"contentUrl\":\"https:\\\/\\\/shezamme.com\\\/wp-content\\\/uploads\\\/2024\\\/01\\\/shezamme_mysteryb_regular_500_240219-1.webp\",\"width\":1080,\"height\":1080,\"caption\":\"mysterybox streetwear 500z\u0142\"},{\"@type\":\"BreadcrumbList\",\"@id\":\"https:\\\/\\\/shezamme.com\\\/sklep\\\/akcesoria\\\/mysterybox-streetwear\\\/mystery-box-500-pln\\\/#breadcrumb\",\"itemListElement\":[{\"@type\":\"ListItem\",\"position\":1,\"name\":\"Strona g\u0142\u00f3wna\",\"item\":\"https:\\\/\\\/shezamme.com\\\/\"},{\"@type\":\"ListItem\",\"position\":2,\"name\":\"Sklep\",\"item\":\"https:\\\/\\\/shezamme.com\\\/en\\\/sklep\\\/\"},{\"@type\":\"ListItem\",\"position\":3,\"name\":\"Mystery Box Streetwear 500 PLN\"}]},{\"@type\":\"WebSite\",\"@id\":\"https:\\\/\\\/shezamme.com\\\/#website\",\"url\":\"https:\\\/\\\/shezamme.com\\\/\",\"name\":\"SHEZAMME - Sneakersy, Streetwear i luksusowe marki\",\"description\":\"Oryginalne i ekskluzywne przedmioty w jednym miejscu. Sprawd\u017a nasze produkty ju\u017c teraz i b\u0105d\u017a na bie\u017c\u0105co z wszystkimi premierami.\",\"publisher\":{\"@id\":\"https:\\\/\\\/shezamme.com\\\/#organization\"},\"potentialAction\":[{\"@type\":\"SearchAction\",\"target\":{\"@type\":\"EntryPoint\",\"urlTemplate\":\"https:\\\/\\\/shezamme.com\\\/?s={search_term_string}\"},\"query-input\":{\"@type\":\"PropertyValueSpecification\",\"valueRequired\":true,\"valueName\":\"search_term_string\"}}],\"inLanguage\":\"en-US\"},{\"@type\":\"Organization\",\"@id\":\"https:\\\/\\\/shezamme.com\\\/#organization\",\"name\":\"SHEZAMME - Sneakersy, Streetwear i luksusowe marki\",\"url\":\"https:\\\/\\\/shezamme.com\\\/\",\"logo\":{\"@type\":\"ImageObject\",\"inLanguage\":\"en-US\",\"@id\":\"https:\\\/\\\/shezamme.com\\\/#\\\/schema\\\/logo\\\/image\\\/\",\"url\":\"https:\\\/\\\/shezamme.com\\\/wp-content\\\/uploads\\\/2023\\\/02\\\/0x0.png\",\"contentUrl\":\"https:\\\/\\\/shezamme.com\\\/wp-content\\\/uploads\\\/2023\\\/02\\\/0x0.png\",\"width\":2000,\"height\":2000,\"caption\":\"SHEZAMME - Sneakersy, Streetwear i luksusowe marki\"},\"image\":{\"@id\":\"https:\\\/\\\/shezamme.com\\\/#\\\/schema\\\/logo\\\/image\\\/\"},\"sameAs\":[\"https:\\\/\\\/www.facebook.com\\\/SHEZAMME\\\/\",\"https:\\\/\\\/x.com\\\/SHEZAMME\",\"https:\\\/\\\/www.instagram.com\\\/shezamme\\\/\",\"https:\\\/\\\/www.youtube.com\\\/channel\\\/UCsTJxi_9fODHdO_1bmJbqvQ\",\"https:\\\/\\\/www.tiktok.com\\\/shezamme.com\"]}]}<\/script>\n<!-- \/ Yoast SEO plugin. -->","yoast_head_json":{"title":"Mystery Box Streetwear 500 PLN - SHEZAMME","description":"Mystery-Box 500PLN STREETWEAR. Spr\u00f3buj szcz\u0119\u015bcia i traf takie marki jak: Supreme, Palace, Misbhv, Gucci oraz Balenciaga. Spr\u00f3buj ju\u017c teraz!","robots":{"index":"index","follow":"follow","max-snippet":"max-snippet:-1","max-image-preview":"max-image-preview:large","max-video-preview":"max-video-preview:-1"},"canonical":"https:\/\/shezamme.com\/en\/sklep\/accesories\/mysterybox-streetwear\/mystery-box-500-pln\/","og_locale":"en_US","og_type":"article","og_title":"Mystery Box Streetwear 500 PLN - SHEZAMME","og_description":"Mystery-Box 500PLN STREETWEAR. Spr\u00f3buj szcz\u0119\u015bcia i traf takie marki jak: Supreme, Palace, Misbhv, Gucci oraz Balenciaga. Spr\u00f3buj ju\u017c teraz!","og_url":"https:\/\/shezamme.com\/en\/sklep\/accesories\/mysterybox-streetwear\/mystery-box-500-pln\/","og_site_name":"SHEZAMME - Yeezy, Jordan, Supreme i inne oryginalne rzeczy","article_publisher":"https:\/\/www.facebook.com\/SHEZAMME\/","article_modified_time":"2026-01-07T15:49:09+00:00","og_image":[{"width":1080,"height":1080,"url":"https:\/\/shezamme.com\/wp-content\/uploads\/2024\/01\/shezamme_mysteryb_regular_500_240219-1.webp","type":"image\/webp"}],"twitter_card":"summary_large_image","twitter_site":"@SHEZAMME","twitter_misc":{"Est. reading time":"1 minute"},"schema":{"@context":"https:\/\/schema.org","@graph":[{"@type":"WebPage","@id":"https:\/\/shezamme.com\/sklep\/akcesoria\/mysterybox-streetwear\/mystery-box-500-pln\/","url":"https:\/\/shezamme.com\/sklep\/akcesoria\/mysterybox-streetwear\/mystery-box-500-pln\/","name":"Mystery Box Streetwear 500 PLN - SHEZAMME","isPartOf":{"@id":"https:\/\/shezamme.com\/#website"},"primaryImageOfPage":{"@id":"https:\/\/shezamme.com\/sklep\/akcesoria\/mysterybox-streetwear\/mystery-box-500-pln\/#primaryimage"},"image":{"@id":"https:\/\/shezamme.com\/sklep\/akcesoria\/mysterybox-streetwear\/mystery-box-500-pln\/#primaryimage"},"thumbnailUrl":"https:\/\/shezamme.com\/wp-content\/uploads\/2024\/01\/shezamme_mysteryb_regular_500_240219-1.webp","datePublished":"2022-07-30T19:04:03+00:00","dateModified":"2026-01-07T15:49:09+00:00","description":"Mystery-Box 500PLN STREETWEAR. Spr\u00f3buj szcz\u0119\u015bcia i traf takie marki jak: Supreme, Palace, Misbhv, Gucci oraz Balenciaga. Spr\u00f3buj ju\u017c teraz!","breadcrumb":{"@id":"https:\/\/shezamme.com\/sklep\/akcesoria\/mysterybox-streetwear\/mystery-box-500-pln\/#breadcrumb"},"inLanguage":"en-US","potentialAction":[{"@type":"ReadAction","target":["https:\/\/shezamme.com\/sklep\/akcesoria\/mysterybox-streetwear\/mystery-box-500-pln\/"]}]},{"@type":"ImageObject","inLanguage":"en-US","@id":"https:\/\/shezamme.com\/sklep\/akcesoria\/mysterybox-streetwear\/mystery-box-500-pln\/#primaryimage","url":"https:\/\/shezamme.com\/wp-content\/uploads\/2024\/01\/shezamme_mysteryb_regular_500_240219-1.webp","contentUrl":"https:\/\/shezamme.com\/wp-content\/uploads\/2024\/01\/shezamme_mysteryb_regular_500_240219-1.webp","width":1080,"height":1080,"caption":"mysterybox streetwear 500z\u0142"},{"@type":"BreadcrumbList","@id":"https:\/\/shezamme.com\/sklep\/akcesoria\/mysterybox-streetwear\/mystery-box-500-pln\/#breadcrumb","itemListElement":[{"@type":"ListItem","position":1,"name":"Strona g\u0142\u00f3wna","item":"https:\/\/shezamme.com\/"},{"@type":"ListItem","position":2,"name":"Sklep","item":"https:\/\/shezamme.com\/en\/sklep\/"},{"@type":"ListItem","position":3,"name":"Mystery Box Streetwear 500 PLN"}]},{"@type":"WebSite","@id":"https:\/\/shezamme.com\/#website","url":"https:\/\/shezamme.com\/","name":"SHEZAMME - Sneakers, Streetwear and luxury brands","description":"Original and exclusive items in one place. Check out our products now and stay up to date with all launches.","publisher":{"@id":"https:\/\/shezamme.com\/#organization"},"potentialAction":[{"@type":"SearchAction","target":{"@type":"EntryPoint","urlTemplate":"https:\/\/shezamme.com\/?s={search_term_string}"},"query-input":{"@type":"PropertyValueSpecification","valueRequired":true,"valueName":"search_term_string"}}],"inLanguage":"en-US"},{"@type":"Organization","@id":"https:\/\/shezamme.com\/#organization","name":"SHEZAMME - Sneakers, Streetwear and luxury brands","url":"https:\/\/shezamme.com\/","logo":{"@type":"ImageObject","inLanguage":"en-US","@id":"https:\/\/shezamme.com\/#\/schema\/logo\/image\/","url":"https:\/\/shezamme.com\/wp-content\/uploads\/2023\/02\/0x0.png","contentUrl":"https:\/\/shezamme.com\/wp-content\/uploads\/2023\/02\/0x0.png","width":2000,"height":2000,"caption":"SHEZAMME - Sneakersy, Streetwear i luksusowe marki"},"image":{"@id":"https:\/\/shezamme.com\/#\/schema\/logo\/image\/"},"sameAs":["https:\/\/www.facebook.com\/SHEZAMME\/","https:\/\/x.com\/SHEZAMME","https:\/\/www.instagram.com\/shezamme\/","https:\/\/www.youtube.com\/channel\/UCsTJxi_9fODHdO_1bmJbqvQ","https:\/\/www.tiktok.com\/shezamme.com"]}]}},"brands":[],"_links":{"self":[{"href":"https:\/\/shezamme.com\/en\/wp-json\/wp\/v2\/product\/65","targetHints":{"allow":["GET"]}}],"collection":[{"href":"https:\/\/shezamme.com\/en\/wp-json\/wp\/v2\/product"}],"about":[{"href":"https:\/\/shezamme.com\/en\/wp-json\/wp\/v2\/types\/product"}],"wp:featuredmedia":[{"embeddable":true,"href":"https:\/\/shezamme.com\/en\/wp-json\/wp\/v2\/media\/38992"}],"wp:attachment":[{"href":"https:\/\/shezamme.com\/en\/wp-json\/wp\/v2\/media?parent=65"}],"wp:term":[{"taxonomy":"pwb-brand","embeddable":true,"href":"https:\/\/shezamme.com\/en\/wp-json\/wp\/v2\/pwb-brand?post=65"},{"taxonomy":"product_brand","embeddable":true,"href":"https:\/\/shezamme.com\/en\/wp-json\/wp\/v2\/product_brand?post=65"},{"taxonomy":"product_cat","embeddable":true,"href":"https:\/\/shezamme.com\/en\/wp-json\/wp\/v2\/product_cat?post=65"},{"taxonomy":"product_tag","embeddable":true,"href":"https:\/\/shezamme.com\/en\/wp-json\/wp\/v2\/product_tag?post=65"}],"curies":[{"name":"wp","href":"https:\/\/api.w.org\/{rel}","templated":true}]}}