{"id":575,"date":"2022-07-30T21:07:41","date_gmt":"2022-07-30T19:07:41","guid":{"rendered":"https:\/\/staging1.waw.pl\/?post_type=product&#038;p=575"},"modified":"2024-12-30T23:16:02","modified_gmt":"2024-12-30T22:16:02","slug":"comme-des-garcons-play-x-converse","status":"publish","type":"product","link":"https:\/\/shezamme.com\/en\/sklep\/buty\/converse\/comme-des-garcons-play-x-converse\/","title":{"rendered":"Converse Chuck Taylor All-Star 70 Hi Comme des Garcons PLAY Black"},"content":{"rendered":"<h2><strong>Buty Converse X CDG, czyli esencja miejskiego outfitu<\/strong><\/h2>\n<p>Converse Comme Des Gar\u00e7ons to obuwie dla fan\u00f3w streetwearu. Kultowe trampki w designerskiej ods\u0142onie to co\u015b, obok czego nie da si\u0119 przej\u015b\u0107 oboj\u0119tnie. Oryginalne buty, takie jak te, sprzedawane w naszym sklepie, cechuj\u0105 si\u0119 nast\u0119puj\u0105cym rozmieszczeniem element\u00f3w:<\/p>\n<ul>\n<li>okr\u0105g\u0142ym logo Converse znajduj\u0105cym si\u0119 po wewn\u0119trznej stronie cholewki,<\/li>\n<li>charakterystycznym sercem z oczami na jej zewn\u0119trznej cz\u0119\u015bci<\/li>\n<li>oraz bia\u0142ymi podeszwami, przeszyciami i sznur\u00f3wkami.<\/li>\n<\/ul>\n<p>Przestrzegamy przed zakupem but\u00f3w o \u201ezbli\u017conym\u201d wygl\u0105dzie. Oryginalne czarne buty Converse Comme Des Play to nie tylko unikatowy design, ale te\u017c wyj\u0105tkowa wygoda, z kt\u00f3rej znana jest marka Converse. Buty Converse Comme Des czarne dzi\u0119ki zastosowaniu najwy\u017cszej jako\u015bci materia\u0142\u00f3w zapewniaj\u0105 stopom ponadprzeci\u0119tny komfort i ograniczaj\u0105 ich zm\u0119czenie nawet na najbardziej szalonych imprezach.<\/p>\n<h2>Limitowane, eksluzywne buty Converse Chuck Taylor All Star 70<\/h2>\n<p>Converse Chuck Taylor All-Star 70 Hi Comme des Garcons PLAY Black to limitowane i ekskluzywne buty, kt\u00f3re \u0142\u0105cz\u0105 klasyczn\u0105 estetyk\u0119 Chucka Taylora z ikonicznym wzorem Comme des Garcons PLAY. Te wyj\u0105tkowe sneakersy powsta\u0142y z unikalnej wsp\u00f3\u0142pracy dw\u00f3ch \u015bwiatowej s\u0142awy marek &#8211; Converse i Comme des Garcons, tworz\u0105c po\u0142\u0105czenie stylu, jako\u015bci i wyj\u0105tkowo\u015bci.<\/p>\n<p>Cholewka but\u00f3w wykonana jest z wysokiej jako\u015bci materia\u0142\u00f3w, co zapewnia nie tylko doskona\u0142y wygl\u0105d, ale tak\u017ce trwa\u0142o\u015b\u0107 i wygod\u0119 noszenia. Czarne t\u0142o zdobi charakterystyczny wz\u00f3r Comme des Garcons PLAY w postaci serduszka z oczkami, kt\u00f3ry staje si\u0119 ikonicznym symbolem mody ulicznej. Logo Comme des Garcons PLAY eksponowane jest na bokach but\u00f3w, podkre\u015blaj\u0105c ekskluzywny charakter wsp\u00f3\u0142pracy.<br \/>\nChuck Taylor All-Star 70 Hi to nowoczesna interpretacja klasycznego modelu, zachowuj\u0105c jego legendarny design i komfort. Wy\u015bcie\u0142any ko\u0142nierz i mi\u0119kka wk\u0142adka zapewniaj\u0105 wsparcie i wygod\u0119 podczas u\u017cytkowania, idealne zar\u00f3wno na co dzie\u0144, jak i na specjalne okazje.<\/p>\n<p>Te limitowane buty s\u0105 prawdziwym skarbem dla kolekcjoner\u00f3w i mi\u0142o\u015bnik\u00f3w mody, ceni\u0105cych unikalne i presti\u017cowe obuwie. Ich unikalny wz\u00f3r, wysoka jako\u015b\u0107 wykonania i ekskluzywno\u015b\u0107 sprawiaj\u0105, \u017ce s\u0105 po\u017c\u0105danym dodatkiem do ka\u017cdej garderoby. Chuck Taylor All-Star 70 Hi Comme des Garcons PLAY Black doskonale podkre\u015bl\u0105 indywidualno\u015b\u0107 i styl ka\u017cdej osoby, kt\u00f3rej zale\u017cy na oryginalnym i ekskluzywnym wygl\u0105dzie.<br \/>\nPodsumowuj\u0105c, Converse Chuck Taylor All-Star 70 Hi Comme des Garcons PLAY Black to wyj\u0105tkowe buty, kt\u00f3re \u0142\u0105cz\u0105 klasyczn\u0105 estetyk\u0119 z ikonicznym wzorem Comme des Garcons PLAY. Ich ekskluzywny charakter, wysoka jako\u015b\u0107 wykonania i presti\u017cowa wsp\u00f3\u0142praca sprawiaj\u0105, \u017ce s\u0105 one cenione przez kolekcjoner\u00f3w i mi\u0142o\u015bnik\u00f3w mody ulicznej na ca\u0142ym \u015bwiecie. Dla os\u00f3b, kt\u00f3re pragn\u0105 wyrazi\u0107 swoj\u0105 indywidualno\u015b\u0107 poprzez limitowane obuwie, Chuck Taylor All-Star 70 Hi Comme des Garcons PLAY Black stanowi\u0105 doskona\u0142y wyb\u00f3r.<\/p>","protected":false},"excerpt":{"rendered":"<p>Converse Chuck Taylor All-Star 70 Hi Comme des Garcons PLAY Black<br \/>\nCondition: New<br \/>\nOriginally packed<br \/>\n100% original<br \/>\nMateria\u0142: Materia\u0142<br \/>\nKolor: Czarny<br \/>\nKod Producenta: 150204C<\/p>\n<p>Converse Chuck Taylor All-Star 70 Hi Comme des Garcons PLAY Black to limitowane i stylowe buty, kt\u00f3re \u0142\u0105cz\u0105 klasyczny design Chucka Taylora z ikonicznym wzorem Comme des Garcons PLAY. Czarne t\u0142o zdobi charakterystyczne serduszko z oczkami, kt\u00f3re staje si\u0119 symbolem mody ulicznej. Wykonane z najwy\u017cszej jako\u015bci materia\u0142\u00f3w, te buty zapewniaj\u0105 wygod\u0119 i trwa\u0142o\u015b\u0107. Eksponowane logo Comme des Garcons PLAY podkre\u015bla ich presti\u017cowy charakter. To doskona\u0142y wyb\u00f3r dla mi\u0142o\u015bnik\u00f3w unikalnych i ekskluzywnych sneakers\u00f3w, kt\u00f3rzy pragn\u0105 wyrazi\u0107 swoj\u0105 indywidualno\u015b\u0107 poprzez wyj\u0105tkowe obuwie.<\/p>","protected":false},"featured_media":22664,"template":"","meta":{"_acf_changed":false,"_yoast_wpseo_focuskw":"Converse Chuck Taylor All-Star 70 Hi Comme des Garcons PLAY Black","_yoast_wpseo_title":"","_yoast_wpseo_metadesc":""},"pwb-brand":[],"product_brand":[],"product_cat":[16,846],"product_tag":[1008,1009],"class_list":{"0":"post-575","1":"product","2":"type-product","3":"status-publish","4":"has-post-thumbnail","6":"product_cat-buty","7":"product_cat-converse","8":"product_tag-kobieta","9":"product_tag-mezczyzna","11":"first","12":"onbackorder","13":"taxable","14":"shipping-taxable","15":"purchasable","16":"product-type-variable","17":"has-default-attributes"},"acf":[],"yoast_head":"<!-- This site is optimized with the Yoast SEO plugin v27.4 - https:\/\/yoast.com\/product\/yoast-seo-wordpress\/ -->\n<title>Converse Chuck Taylor All-Star 70 Hi Comme des Garcons PLAY Black - SHEZAMME<\/title>\n<meta name=\"description\" content=\"Converse Chuck Taylor All-Star 70 Hi Comme des Garcons PLAY Black | Luksusowe i autentyczne przedmioty w jednym miejscu. B\u0105d\u017a na bie\u017c\u0105co i sprawd\u017a nasz\u0105 ofert\u0119 ju\u017c teraz\" \/>\n<meta name=\"robots\" content=\"index, follow, max-snippet:-1, max-image-preview:large, max-video-preview:-1\" \/>\n<link rel=\"canonical\" href=\"https:\/\/shezamme.com\/en\/sklep\/sneakers-2\/converse\/comme-des-garcons-play-x-converse\/\" \/>\n<meta property=\"og:locale\" content=\"en_US\" \/>\n<meta property=\"og:type\" content=\"article\" \/>\n<meta property=\"og:title\" content=\"Converse Chuck Taylor All-Star 70 Hi Comme des Garcons PLAY Black - SHEZAMME\" \/>\n<meta property=\"og:description\" content=\"Converse Chuck Taylor All-Star 70 Hi Comme des Garcons PLAY Black | Luksusowe i autentyczne przedmioty w jednym miejscu. B\u0105d\u017a na bie\u017c\u0105co i sprawd\u017a nasz\u0105 ofert\u0119 ju\u017c teraz\" \/>\n<meta property=\"og:url\" content=\"https:\/\/shezamme.com\/en\/sklep\/sneakers-2\/converse\/comme-des-garcons-play-x-converse\/\" \/>\n<meta property=\"og:site_name\" content=\"SHEZAMME - Yeezy, Jordan, Supreme i inne oryginalne rzeczy\" \/>\n<meta property=\"article:publisher\" content=\"https:\/\/www.facebook.com\/SHEZAMME\/\" \/>\n<meta property=\"article:modified_time\" content=\"2024-12-30T22:16:02+00:00\" \/>\n<meta property=\"og:image\" content=\"https:\/\/shezamme.com\/wp-content\/uploads\/2022\/07\/IMG_6711.jpg\" \/>\n\t<meta property=\"og:image:width\" content=\"1170\" \/>\n\t<meta property=\"og:image:height\" content=\"1106\" \/>\n\t<meta property=\"og:image:type\" content=\"image\/jpeg\" \/>\n<meta name=\"twitter:card\" content=\"summary_large_image\" \/>\n<meta name=\"twitter:site\" content=\"@SHEZAMME\" \/>\n<meta name=\"twitter:label1\" content=\"Est. reading time\" \/>\n\t<meta name=\"twitter:data1\" content=\"2 minutes\" \/>\n<script type=\"application\/ld+json\" class=\"yoast-schema-graph\">{\"@context\":\"https:\\\/\\\/schema.org\",\"@graph\":[{\"@type\":\"WebPage\",\"@id\":\"https:\\\/\\\/shezamme.com\\\/sklep\\\/buty\\\/converse\\\/comme-des-garcons-play-x-converse\\\/\",\"url\":\"https:\\\/\\\/shezamme.com\\\/sklep\\\/buty\\\/converse\\\/comme-des-garcons-play-x-converse\\\/\",\"name\":\"Converse Chuck Taylor All-Star 70 Hi Comme des Garcons PLAY Black - SHEZAMME\",\"isPartOf\":{\"@id\":\"https:\\\/\\\/shezamme.com\\\/#website\"},\"primaryImageOfPage\":{\"@id\":\"https:\\\/\\\/shezamme.com\\\/sklep\\\/buty\\\/converse\\\/comme-des-garcons-play-x-converse\\\/#primaryimage\"},\"image\":{\"@id\":\"https:\\\/\\\/shezamme.com\\\/sklep\\\/buty\\\/converse\\\/comme-des-garcons-play-x-converse\\\/#primaryimage\"},\"thumbnailUrl\":\"https:\\\/\\\/shezamme.com\\\/wp-content\\\/uploads\\\/2022\\\/07\\\/IMG_6711.jpg\",\"datePublished\":\"2022-07-30T19:07:41+00:00\",\"dateModified\":\"2024-12-30T22:16:02+00:00\",\"description\":\"Converse Chuck Taylor All-Star 70 Hi Comme des Garcons PLAY Black | Luksusowe i autentyczne przedmioty w jednym miejscu. B\u0105d\u017a na bie\u017c\u0105co i sprawd\u017a nasz\u0105 ofert\u0119 ju\u017c teraz\",\"breadcrumb\":{\"@id\":\"https:\\\/\\\/shezamme.com\\\/sklep\\\/buty\\\/converse\\\/comme-des-garcons-play-x-converse\\\/#breadcrumb\"},\"inLanguage\":\"en-US\",\"potentialAction\":[{\"@type\":\"ReadAction\",\"target\":[\"https:\\\/\\\/shezamme.com\\\/sklep\\\/buty\\\/converse\\\/comme-des-garcons-play-x-converse\\\/\"]}]},{\"@type\":\"ImageObject\",\"inLanguage\":\"en-US\",\"@id\":\"https:\\\/\\\/shezamme.com\\\/sklep\\\/buty\\\/converse\\\/comme-des-garcons-play-x-converse\\\/#primaryimage\",\"url\":\"https:\\\/\\\/shezamme.com\\\/wp-content\\\/uploads\\\/2022\\\/07\\\/IMG_6711.jpg\",\"contentUrl\":\"https:\\\/\\\/shezamme.com\\\/wp-content\\\/uploads\\\/2022\\\/07\\\/IMG_6711.jpg\",\"width\":1170,\"height\":1106,\"caption\":\"Converse Chuck Taylor All-Star 70 Hi Comme des Garcons PLAY Black\"},{\"@type\":\"BreadcrumbList\",\"@id\":\"https:\\\/\\\/shezamme.com\\\/sklep\\\/buty\\\/converse\\\/comme-des-garcons-play-x-converse\\\/#breadcrumb\",\"itemListElement\":[{\"@type\":\"ListItem\",\"position\":1,\"name\":\"Strona g\u0142\u00f3wna\",\"item\":\"https:\\\/\\\/shezamme.com\\\/\"},{\"@type\":\"ListItem\",\"position\":2,\"name\":\"Sklep\",\"item\":\"https:\\\/\\\/shezamme.com\\\/en\\\/sklep\\\/\"},{\"@type\":\"ListItem\",\"position\":3,\"name\":\"Converse Chuck Taylor All-Star 70 Hi Comme des Garcons PLAY Black\"}]},{\"@type\":\"WebSite\",\"@id\":\"https:\\\/\\\/shezamme.com\\\/#website\",\"url\":\"https:\\\/\\\/shezamme.com\\\/\",\"name\":\"SHEZAMME - Sneakersy, Streetwear i luksusowe marki\",\"description\":\"Oryginalne i ekskluzywne przedmioty w jednym miejscu. Sprawd\u017a nasze produkty ju\u017c teraz i b\u0105d\u017a na bie\u017c\u0105co z wszystkimi premierami.\",\"publisher\":{\"@id\":\"https:\\\/\\\/shezamme.com\\\/#organization\"},\"potentialAction\":[{\"@type\":\"SearchAction\",\"target\":{\"@type\":\"EntryPoint\",\"urlTemplate\":\"https:\\\/\\\/shezamme.com\\\/?s={search_term_string}\"},\"query-input\":{\"@type\":\"PropertyValueSpecification\",\"valueRequired\":true,\"valueName\":\"search_term_string\"}}],\"inLanguage\":\"en-US\"},{\"@type\":\"Organization\",\"@id\":\"https:\\\/\\\/shezamme.com\\\/#organization\",\"name\":\"SHEZAMME - Sneakersy, Streetwear i luksusowe marki\",\"url\":\"https:\\\/\\\/shezamme.com\\\/\",\"logo\":{\"@type\":\"ImageObject\",\"inLanguage\":\"en-US\",\"@id\":\"https:\\\/\\\/shezamme.com\\\/#\\\/schema\\\/logo\\\/image\\\/\",\"url\":\"https:\\\/\\\/shezamme.com\\\/wp-content\\\/uploads\\\/2023\\\/02\\\/0x0.png\",\"contentUrl\":\"https:\\\/\\\/shezamme.com\\\/wp-content\\\/uploads\\\/2023\\\/02\\\/0x0.png\",\"width\":2000,\"height\":2000,\"caption\":\"SHEZAMME - Sneakersy, Streetwear i luksusowe marki\"},\"image\":{\"@id\":\"https:\\\/\\\/shezamme.com\\\/#\\\/schema\\\/logo\\\/image\\\/\"},\"sameAs\":[\"https:\\\/\\\/www.facebook.com\\\/SHEZAMME\\\/\",\"https:\\\/\\\/x.com\\\/SHEZAMME\",\"https:\\\/\\\/www.instagram.com\\\/shezamme\\\/\",\"https:\\\/\\\/www.youtube.com\\\/channel\\\/UCsTJxi_9fODHdO_1bmJbqvQ\",\"https:\\\/\\\/www.tiktok.com\\\/shezamme.com\"]}]}<\/script>\n<!-- \/ Yoast SEO plugin. -->","yoast_head_json":{"title":"Converse Chuck Taylor All-Star 70 Hi Comme des Garcons PLAY Black - SHEZAMME","description":"Converse Chuck Taylor All-Star 70 Hi Comme des Garcons PLAY Black | Luksusowe i autentyczne przedmioty w jednym miejscu. B\u0105d\u017a na bie\u017c\u0105co i sprawd\u017a nasz\u0105 ofert\u0119 ju\u017c teraz","robots":{"index":"index","follow":"follow","max-snippet":"max-snippet:-1","max-image-preview":"max-image-preview:large","max-video-preview":"max-video-preview:-1"},"canonical":"https:\/\/shezamme.com\/en\/sklep\/sneakers-2\/converse\/comme-des-garcons-play-x-converse\/","og_locale":"en_US","og_type":"article","og_title":"Converse Chuck Taylor All-Star 70 Hi Comme des Garcons PLAY Black - SHEZAMME","og_description":"Converse Chuck Taylor All-Star 70 Hi Comme des Garcons PLAY Black | Luksusowe i autentyczne przedmioty w jednym miejscu. B\u0105d\u017a na bie\u017c\u0105co i sprawd\u017a nasz\u0105 ofert\u0119 ju\u017c teraz","og_url":"https:\/\/shezamme.com\/en\/sklep\/sneakers-2\/converse\/comme-des-garcons-play-x-converse\/","og_site_name":"SHEZAMME - Yeezy, Jordan, Supreme i inne oryginalne rzeczy","article_publisher":"https:\/\/www.facebook.com\/SHEZAMME\/","article_modified_time":"2024-12-30T22:16:02+00:00","og_image":[{"width":1170,"height":1106,"url":"https:\/\/shezamme.com\/wp-content\/uploads\/2022\/07\/IMG_6711.jpg","type":"image\/jpeg"}],"twitter_card":"summary_large_image","twitter_site":"@SHEZAMME","twitter_misc":{"Est. reading time":"2 minutes"},"schema":{"@context":"https:\/\/schema.org","@graph":[{"@type":"WebPage","@id":"https:\/\/shezamme.com\/sklep\/buty\/converse\/comme-des-garcons-play-x-converse\/","url":"https:\/\/shezamme.com\/sklep\/buty\/converse\/comme-des-garcons-play-x-converse\/","name":"Converse Chuck Taylor All-Star 70 Hi Comme des Garcons PLAY Black - SHEZAMME","isPartOf":{"@id":"https:\/\/shezamme.com\/#website"},"primaryImageOfPage":{"@id":"https:\/\/shezamme.com\/sklep\/buty\/converse\/comme-des-garcons-play-x-converse\/#primaryimage"},"image":{"@id":"https:\/\/shezamme.com\/sklep\/buty\/converse\/comme-des-garcons-play-x-converse\/#primaryimage"},"thumbnailUrl":"https:\/\/shezamme.com\/wp-content\/uploads\/2022\/07\/IMG_6711.jpg","datePublished":"2022-07-30T19:07:41+00:00","dateModified":"2024-12-30T22:16:02+00:00","description":"Converse Chuck Taylor All-Star 70 Hi Comme des Garcons PLAY Black | Luksusowe i autentyczne przedmioty w jednym miejscu. B\u0105d\u017a na bie\u017c\u0105co i sprawd\u017a nasz\u0105 ofert\u0119 ju\u017c teraz","breadcrumb":{"@id":"https:\/\/shezamme.com\/sklep\/buty\/converse\/comme-des-garcons-play-x-converse\/#breadcrumb"},"inLanguage":"en-US","potentialAction":[{"@type":"ReadAction","target":["https:\/\/shezamme.com\/sklep\/buty\/converse\/comme-des-garcons-play-x-converse\/"]}]},{"@type":"ImageObject","inLanguage":"en-US","@id":"https:\/\/shezamme.com\/sklep\/buty\/converse\/comme-des-garcons-play-x-converse\/#primaryimage","url":"https:\/\/shezamme.com\/wp-content\/uploads\/2022\/07\/IMG_6711.jpg","contentUrl":"https:\/\/shezamme.com\/wp-content\/uploads\/2022\/07\/IMG_6711.jpg","width":1170,"height":1106,"caption":"Converse Chuck Taylor All-Star 70 Hi Comme des Garcons PLAY Black"},{"@type":"BreadcrumbList","@id":"https:\/\/shezamme.com\/sklep\/buty\/converse\/comme-des-garcons-play-x-converse\/#breadcrumb","itemListElement":[{"@type":"ListItem","position":1,"name":"Strona g\u0142\u00f3wna","item":"https:\/\/shezamme.com\/"},{"@type":"ListItem","position":2,"name":"Sklep","item":"https:\/\/shezamme.com\/en\/sklep\/"},{"@type":"ListItem","position":3,"name":"Converse Chuck Taylor All-Star 70 Hi Comme des Garcons PLAY Black"}]},{"@type":"WebSite","@id":"https:\/\/shezamme.com\/#website","url":"https:\/\/shezamme.com\/","name":"SHEZAMME - Sneakers, Streetwear and luxury brands","description":"Original and exclusive items in one place. Check out our products now and stay up to date with all launches.","publisher":{"@id":"https:\/\/shezamme.com\/#organization"},"potentialAction":[{"@type":"SearchAction","target":{"@type":"EntryPoint","urlTemplate":"https:\/\/shezamme.com\/?s={search_term_string}"},"query-input":{"@type":"PropertyValueSpecification","valueRequired":true,"valueName":"search_term_string"}}],"inLanguage":"en-US"},{"@type":"Organization","@id":"https:\/\/shezamme.com\/#organization","name":"SHEZAMME - Sneakers, Streetwear and luxury brands","url":"https:\/\/shezamme.com\/","logo":{"@type":"ImageObject","inLanguage":"en-US","@id":"https:\/\/shezamme.com\/#\/schema\/logo\/image\/","url":"https:\/\/shezamme.com\/wp-content\/uploads\/2023\/02\/0x0.png","contentUrl":"https:\/\/shezamme.com\/wp-content\/uploads\/2023\/02\/0x0.png","width":2000,"height":2000,"caption":"SHEZAMME - Sneakersy, Streetwear i luksusowe marki"},"image":{"@id":"https:\/\/shezamme.com\/#\/schema\/logo\/image\/"},"sameAs":["https:\/\/www.facebook.com\/SHEZAMME\/","https:\/\/x.com\/SHEZAMME","https:\/\/www.instagram.com\/shezamme\/","https:\/\/www.youtube.com\/channel\/UCsTJxi_9fODHdO_1bmJbqvQ","https:\/\/www.tiktok.com\/shezamme.com"]}]}},"brands":[],"_links":{"self":[{"href":"https:\/\/shezamme.com\/en\/wp-json\/wp\/v2\/product\/575","targetHints":{"allow":["GET"]}}],"collection":[{"href":"https:\/\/shezamme.com\/en\/wp-json\/wp\/v2\/product"}],"about":[{"href":"https:\/\/shezamme.com\/en\/wp-json\/wp\/v2\/types\/product"}],"wp:featuredmedia":[{"embeddable":true,"href":"https:\/\/shezamme.com\/en\/wp-json\/wp\/v2\/media\/22664"}],"wp:attachment":[{"href":"https:\/\/shezamme.com\/en\/wp-json\/wp\/v2\/media?parent=575"}],"wp:term":[{"taxonomy":"pwb-brand","embeddable":true,"href":"https:\/\/shezamme.com\/en\/wp-json\/wp\/v2\/pwb-brand?post=575"},{"taxonomy":"product_brand","embeddable":true,"href":"https:\/\/shezamme.com\/en\/wp-json\/wp\/v2\/product_brand?post=575"},{"taxonomy":"product_cat","embeddable":true,"href":"https:\/\/shezamme.com\/en\/wp-json\/wp\/v2\/product_cat?post=575"},{"taxonomy":"product_tag","embeddable":true,"href":"https:\/\/shezamme.com\/en\/wp-json\/wp\/v2\/product_tag?post=575"}],"curies":[{"name":"wp","href":"https:\/\/api.w.org\/{rel}","templated":true}]}}