{"id":5231,"date":"2022-07-30T21:36:16","date_gmt":"2022-07-30T19:36:16","guid":{"rendered":"https:\/\/staging1.waw.pl\/?post_type=product&#038;p=5231"},"modified":"2025-05-19T18:15:33","modified_gmt":"2025-05-19T16:15:33","slug":"travis-scott-x-air-jordan-1-low-og-reverse-mocha","status":"publish","type":"product","link":"https:\/\/shezamme.com\/en\/sklep\/buty\/nike\/nike-travis-scott\/travis-scott-x-air-jordan-1-low-og-reverse-mocha\/","title":{"rendered":"Travis Scott x Air Jordan 1 Low OG 'Reverse Mocha\u2019"},"content":{"rendered":"<h2>Travis Scott x Air Jordan 1 Low OG &#8222;Reverse Mocha&#8221; \u2013 wyj\u0105tkowy styl z odwr\u00f3con\u0105 kolorystyk\u0105<\/h2>\n<p>Model Air Jordan 1 Low OG &#8222;Reverse Mocha&#8221; zaprojektowany we wsp\u00f3\u0142pracy z Travisem Scottem zachwyca kremow\u0105 baz\u0105 z akcentami ciep\u0142ego br\u0105zu i kontrastuj\u0105c\u0105 biel\u0105, tworz\u0105c efekt odwr\u00f3conego stylu \u201eMocha\u201d. Wykonany z po\u0142\u0105czenia zamszu i sk\u00f3ry, zapewnia luksusowy wygl\u0105d i trwa\u0142o\u015b\u0107.<\/p>\n<h2>Charakterystyczne detale i komfort na co dzie\u0144<\/h2>\n<p>Odwr\u00f3cone logo Swoosh, logo Cactus Jack na pi\u0119cie i j\u0119zyku oraz jasnobr\u0105zowa podeszwa z amortyzacj\u0105 Nike Air nadaj\u0105 temu modelowi kolekcjonerski charakter. To idealny wyb\u00f3r do streetwearowych stylizacji, kt\u00f3ry wyr\u00f3\u017cni si\u0119 unikalnym designem i wyrazist\u0105 palet\u0105 barw.<\/p>","protected":false},"excerpt":{"rendered":"<h2>Travis Scott x Air Jordan 1 Low OG &#8222;Reverse Mocha&#8221; \u2013 wyj\u0105tkowy design w kremowych i br\u0105zowych tonach<\/h2>\n<p>Air Jordan 1 Low OG &#8222;Reverse Mocha&#8221; w kolaboracji z Travisem Scottem prezentuje unikalne po\u0142\u0105czenie kremowej bazy z ciep\u0142ym br\u0105zem i kontrastuj\u0105cymi bia\u0142ymi akcentami. Cholewka z luksusowego zamszu i sk\u00f3ry oraz odwr\u00f3cone logo Swoosh i detale Cactus Jack nadaj\u0105 modelowi kolekcjonerski charakter. To idealny wyb\u00f3r dla fan\u00f3w wyrazistych, streetwearowych stylizacji.<\/p>","protected":false},"featured_media":5245,"template":"","meta":{"_acf_changed":false},"pwb-brand":[749,756,1086],"product_brand":[],"product_cat":[16,17,158,93,1161,1163],"product_tag":[1008,1009],"class_list":{"0":"post-5231","1":"product","2":"type-product","3":"status-publish","4":"has-post-thumbnail","6":"pwb-brand-air-jordan","7":"pwb-brand-nike","8":"pwb-brand-travis-scott","9":"product_cat-buty","10":"product_cat-air-jordan","11":"product_cat-air-jordan-1-low","12":"product_cat-nike","13":"product_cat-nike-air-jordan-x-travis-scott","14":"product_cat-nike-travis-scott","15":"product_tag-kobieta","16":"product_tag-mezczyzna","18":"first","19":"onbackorder","20":"taxable","21":"shipping-taxable","22":"purchasable","23":"product-type-variable","24":"has-default-attributes"},"acf":[],"yoast_head":"<!-- This site is optimized with the Yoast SEO plugin v27.2 - https:\/\/yoast.com\/product\/yoast-seo-wordpress\/ -->\n<title>Travis Scott x Air Jordan 1 Low OG &#039;Reverse Mocha\u2019 - SHEZAMME<\/title>\n<meta name=\"description\" content=\"Travis Scott x Air Jordan 1 Low OG &#039;Reverse Mocha\u2019 | Luksusowe i autentyczne przedmioty w jednym miejscu. B\u0105d\u017a na bie\u017c\u0105co i sprawd\u017a nasz\u0105 ofert\u0119 ju\u017c teraz\" \/>\n<meta name=\"robots\" content=\"index, follow, max-snippet:-1, max-image-preview:large, max-video-preview:-1\" \/>\n<link rel=\"canonical\" href=\"https:\/\/shezamme.com\/en\/sklep\/sneakers-2\/nike\/nike-travis-scott\/travis-scott-x-air-jordan-1-low-og-reverse-mocha\/\" \/>\n<meta property=\"og:locale\" content=\"en_US\" \/>\n<meta property=\"og:type\" content=\"article\" \/>\n<meta property=\"og:title\" content=\"Travis Scott x Air Jordan 1 Low OG &#039;Reverse Mocha\u2019 - SHEZAMME\" \/>\n<meta property=\"og:description\" content=\"Travis Scott x Air Jordan 1 Low OG &#039;Reverse Mocha\u2019 | Luksusowe i autentyczne przedmioty w jednym miejscu. B\u0105d\u017a na bie\u017c\u0105co i sprawd\u017a nasz\u0105 ofert\u0119 ju\u017c teraz\" \/>\n<meta property=\"og:url\" content=\"https:\/\/shezamme.com\/en\/sklep\/sneakers-2\/nike\/nike-travis-scott\/travis-scott-x-air-jordan-1-low-og-reverse-mocha\/\" \/>\n<meta property=\"og:site_name\" content=\"SHEZAMME - Yeezy, Jordan, Supreme i inne oryginalne rzeczy\" \/>\n<meta property=\"article:publisher\" content=\"https:\/\/www.facebook.com\/SHEZAMME\/\" \/>\n<meta property=\"article:modified_time\" content=\"2025-05-19T16:15:33+00:00\" \/>\n<meta property=\"og:image\" content=\"https:\/\/shezamme.com\/wp-content\/uploads\/2022\/07\/IMG_2090.jpg\" \/>\n\t<meta property=\"og:image:width\" content=\"1170\" \/>\n\t<meta property=\"og:image:height\" content=\"1192\" \/>\n\t<meta property=\"og:image:type\" content=\"image\/jpeg\" \/>\n<meta name=\"twitter:card\" content=\"summary_large_image\" \/>\n<meta name=\"twitter:site\" content=\"@SHEZAMME\" \/>\n<meta name=\"twitter:label1\" content=\"Est. reading time\" \/>\n\t<meta name=\"twitter:data1\" content=\"1 minute\" \/>\n<script type=\"application\/ld+json\" class=\"yoast-schema-graph\">{\"@context\":\"https:\/\/schema.org\",\"@graph\":[{\"@type\":\"WebPage\",\"@id\":\"https:\/\/shezamme.com\/sklep\/buty\/nike\/nike-travis-scott\/travis-scott-x-air-jordan-1-low-og-reverse-mocha\/\",\"url\":\"https:\/\/shezamme.com\/sklep\/buty\/nike\/nike-travis-scott\/travis-scott-x-air-jordan-1-low-og-reverse-mocha\/\",\"name\":\"Travis Scott x Air Jordan 1 Low OG 'Reverse Mocha\u2019 - SHEZAMME\",\"isPartOf\":{\"@id\":\"https:\/\/shezamme.com\/#website\"},\"primaryImageOfPage\":{\"@id\":\"https:\/\/shezamme.com\/sklep\/buty\/nike\/nike-travis-scott\/travis-scott-x-air-jordan-1-low-og-reverse-mocha\/#primaryimage\"},\"image\":{\"@id\":\"https:\/\/shezamme.com\/sklep\/buty\/nike\/nike-travis-scott\/travis-scott-x-air-jordan-1-low-og-reverse-mocha\/#primaryimage\"},\"thumbnailUrl\":\"https:\/\/shezamme.com\/wp-content\/uploads\/2022\/07\/IMG_2090.jpg\",\"datePublished\":\"2022-07-30T19:36:16+00:00\",\"dateModified\":\"2025-05-19T16:15:33+00:00\",\"description\":\"Travis Scott x Air Jordan 1 Low OG 'Reverse Mocha\u2019 | Luksusowe i autentyczne przedmioty w jednym miejscu. B\u0105d\u017a na bie\u017c\u0105co i sprawd\u017a nasz\u0105 ofert\u0119 ju\u017c teraz\",\"breadcrumb\":{\"@id\":\"https:\/\/shezamme.com\/sklep\/buty\/nike\/nike-travis-scott\/travis-scott-x-air-jordan-1-low-og-reverse-mocha\/#breadcrumb\"},\"inLanguage\":\"en-US\",\"potentialAction\":[{\"@type\":\"ReadAction\",\"target\":[\"https:\/\/shezamme.com\/sklep\/buty\/nike\/nike-travis-scott\/travis-scott-x-air-jordan-1-low-og-reverse-mocha\/\"]}]},{\"@type\":\"ImageObject\",\"inLanguage\":\"en-US\",\"@id\":\"https:\/\/shezamme.com\/sklep\/buty\/nike\/nike-travis-scott\/travis-scott-x-air-jordan-1-low-og-reverse-mocha\/#primaryimage\",\"url\":\"https:\/\/shezamme.com\/wp-content\/uploads\/2022\/07\/IMG_2090.jpg\",\"contentUrl\":\"https:\/\/shezamme.com\/wp-content\/uploads\/2022\/07\/IMG_2090.jpg\",\"width\":1170,\"height\":1192,\"caption\":\"Travis Scott x Air Jordan 1 Low OG 'Reverse Mocha\u2019\"},{\"@type\":\"BreadcrumbList\",\"@id\":\"https:\/\/shezamme.com\/sklep\/buty\/nike\/nike-travis-scott\/travis-scott-x-air-jordan-1-low-og-reverse-mocha\/#breadcrumb\",\"itemListElement\":[{\"@type\":\"ListItem\",\"position\":1,\"name\":\"Strona g\u0142\u00f3wna\",\"item\":\"https:\/\/shezamme.com\/\"},{\"@type\":\"ListItem\",\"position\":2,\"name\":\"Sklep\",\"item\":\"https:\/\/shezamme.com\/sklep\/\"},{\"@type\":\"ListItem\",\"position\":3,\"name\":\"Travis Scott x Air Jordan 1 Low OG 'Reverse Mocha\u2019\"}]},{\"@type\":\"WebSite\",\"@id\":\"https:\/\/shezamme.com\/#website\",\"url\":\"https:\/\/shezamme.com\/\",\"name\":\"SHEZAMME - Sneakersy, Streetwear i luksusowe marki\",\"description\":\"Oryginalne i ekskluzywne przedmioty w jednym miejscu. Sprawd\u017a nasze produkty ju\u017c teraz i b\u0105d\u017a na bie\u017c\u0105co z wszystkimi premierami.\",\"publisher\":{\"@id\":\"https:\/\/shezamme.com\/#organization\"},\"potentialAction\":[{\"@type\":\"SearchAction\",\"target\":{\"@type\":\"EntryPoint\",\"urlTemplate\":\"https:\/\/shezamme.com\/?s={search_term_string}\"},\"query-input\":{\"@type\":\"PropertyValueSpecification\",\"valueRequired\":true,\"valueName\":\"search_term_string\"}}],\"inLanguage\":\"en-US\"},{\"@type\":\"Organization\",\"@id\":\"https:\/\/shezamme.com\/#organization\",\"name\":\"SHEZAMME - Sneakersy, Streetwear i luksusowe marki\",\"url\":\"https:\/\/shezamme.com\/\",\"logo\":{\"@type\":\"ImageObject\",\"inLanguage\":\"en-US\",\"@id\":\"https:\/\/shezamme.com\/#\/schema\/logo\/image\/\",\"url\":\"https:\/\/shezamme.com\/wp-content\/uploads\/2023\/02\/0x0.png\",\"contentUrl\":\"https:\/\/shezamme.com\/wp-content\/uploads\/2023\/02\/0x0.png\",\"width\":2000,\"height\":2000,\"caption\":\"SHEZAMME - Sneakersy, Streetwear i luksusowe marki\"},\"image\":{\"@id\":\"https:\/\/shezamme.com\/#\/schema\/logo\/image\/\"},\"sameAs\":[\"https:\/\/www.facebook.com\/SHEZAMME\/\",\"https:\/\/x.com\/SHEZAMME\",\"https:\/\/www.instagram.com\/shezamme\/\",\"https:\/\/www.youtube.com\/channel\/UCsTJxi_9fODHdO_1bmJbqvQ\",\"https:\/\/www.tiktok.com\/shezamme.com\"]}]}<\/script>\n<!-- \/ Yoast SEO plugin. -->","yoast_head_json":{"title":"Travis Scott x Air Jordan 1 Low OG 'Reverse Mocha\u2019 - SHEZAMME","description":"Travis Scott x Air Jordan 1 Low OG 'Reverse Mocha\u2019 | Luksusowe i autentyczne przedmioty w jednym miejscu. B\u0105d\u017a na bie\u017c\u0105co i sprawd\u017a nasz\u0105 ofert\u0119 ju\u017c teraz","robots":{"index":"index","follow":"follow","max-snippet":"max-snippet:-1","max-image-preview":"max-image-preview:large","max-video-preview":"max-video-preview:-1"},"canonical":"https:\/\/shezamme.com\/en\/sklep\/sneakers-2\/nike\/nike-travis-scott\/travis-scott-x-air-jordan-1-low-og-reverse-mocha\/","og_locale":"en_US","og_type":"article","og_title":"Travis Scott x Air Jordan 1 Low OG 'Reverse Mocha\u2019 - SHEZAMME","og_description":"Travis Scott x Air Jordan 1 Low OG 'Reverse Mocha\u2019 | Luksusowe i autentyczne przedmioty w jednym miejscu. B\u0105d\u017a na bie\u017c\u0105co i sprawd\u017a nasz\u0105 ofert\u0119 ju\u017c teraz","og_url":"https:\/\/shezamme.com\/en\/sklep\/sneakers-2\/nike\/nike-travis-scott\/travis-scott-x-air-jordan-1-low-og-reverse-mocha\/","og_site_name":"SHEZAMME - Yeezy, Jordan, Supreme i inne oryginalne rzeczy","article_publisher":"https:\/\/www.facebook.com\/SHEZAMME\/","article_modified_time":"2025-05-19T16:15:33+00:00","og_image":[{"width":1170,"height":1192,"url":"https:\/\/shezamme.com\/wp-content\/uploads\/2022\/07\/IMG_2090.jpg","type":"image\/jpeg"}],"twitter_card":"summary_large_image","twitter_site":"@SHEZAMME","twitter_misc":{"Est. reading time":"1 minute"},"schema":{"@context":"https:\/\/schema.org","@graph":[{"@type":"WebPage","@id":"https:\/\/shezamme.com\/sklep\/buty\/nike\/nike-travis-scott\/travis-scott-x-air-jordan-1-low-og-reverse-mocha\/","url":"https:\/\/shezamme.com\/sklep\/buty\/nike\/nike-travis-scott\/travis-scott-x-air-jordan-1-low-og-reverse-mocha\/","name":"Travis Scott x Air Jordan 1 Low OG 'Reverse Mocha\u2019 - SHEZAMME","isPartOf":{"@id":"https:\/\/shezamme.com\/#website"},"primaryImageOfPage":{"@id":"https:\/\/shezamme.com\/sklep\/buty\/nike\/nike-travis-scott\/travis-scott-x-air-jordan-1-low-og-reverse-mocha\/#primaryimage"},"image":{"@id":"https:\/\/shezamme.com\/sklep\/buty\/nike\/nike-travis-scott\/travis-scott-x-air-jordan-1-low-og-reverse-mocha\/#primaryimage"},"thumbnailUrl":"https:\/\/shezamme.com\/wp-content\/uploads\/2022\/07\/IMG_2090.jpg","datePublished":"2022-07-30T19:36:16+00:00","dateModified":"2025-05-19T16:15:33+00:00","description":"Travis Scott x Air Jordan 1 Low OG 'Reverse Mocha\u2019 | Luksusowe i autentyczne przedmioty w jednym miejscu. B\u0105d\u017a na bie\u017c\u0105co i sprawd\u017a nasz\u0105 ofert\u0119 ju\u017c teraz","breadcrumb":{"@id":"https:\/\/shezamme.com\/sklep\/buty\/nike\/nike-travis-scott\/travis-scott-x-air-jordan-1-low-og-reverse-mocha\/#breadcrumb"},"inLanguage":"en-US","potentialAction":[{"@type":"ReadAction","target":["https:\/\/shezamme.com\/sklep\/buty\/nike\/nike-travis-scott\/travis-scott-x-air-jordan-1-low-og-reverse-mocha\/"]}]},{"@type":"ImageObject","inLanguage":"en-US","@id":"https:\/\/shezamme.com\/sklep\/buty\/nike\/nike-travis-scott\/travis-scott-x-air-jordan-1-low-og-reverse-mocha\/#primaryimage","url":"https:\/\/shezamme.com\/wp-content\/uploads\/2022\/07\/IMG_2090.jpg","contentUrl":"https:\/\/shezamme.com\/wp-content\/uploads\/2022\/07\/IMG_2090.jpg","width":1170,"height":1192,"caption":"Travis Scott x Air Jordan 1 Low OG 'Reverse Mocha\u2019"},{"@type":"BreadcrumbList","@id":"https:\/\/shezamme.com\/sklep\/buty\/nike\/nike-travis-scott\/travis-scott-x-air-jordan-1-low-og-reverse-mocha\/#breadcrumb","itemListElement":[{"@type":"ListItem","position":1,"name":"Strona g\u0142\u00f3wna","item":"https:\/\/shezamme.com\/"},{"@type":"ListItem","position":2,"name":"Sklep","item":"https:\/\/shezamme.com\/sklep\/"},{"@type":"ListItem","position":3,"name":"Travis Scott x Air Jordan 1 Low OG 'Reverse Mocha\u2019"}]},{"@type":"WebSite","@id":"https:\/\/shezamme.com\/#website","url":"https:\/\/shezamme.com\/","name":"SHEZAMME - Sneakers, Streetwear and luxury brands","description":"Original and exclusive items in one place. Check out our products now and stay up to date with all launches.","publisher":{"@id":"https:\/\/shezamme.com\/#organization"},"potentialAction":[{"@type":"SearchAction","target":{"@type":"EntryPoint","urlTemplate":"https:\/\/shezamme.com\/?s={search_term_string}"},"query-input":{"@type":"PropertyValueSpecification","valueRequired":true,"valueName":"search_term_string"}}],"inLanguage":"en-US"},{"@type":"Organization","@id":"https:\/\/shezamme.com\/#organization","name":"SHEZAMME - Sneakers, Streetwear and luxury brands","url":"https:\/\/shezamme.com\/","logo":{"@type":"ImageObject","inLanguage":"en-US","@id":"https:\/\/shezamme.com\/#\/schema\/logo\/image\/","url":"https:\/\/shezamme.com\/wp-content\/uploads\/2023\/02\/0x0.png","contentUrl":"https:\/\/shezamme.com\/wp-content\/uploads\/2023\/02\/0x0.png","width":2000,"height":2000,"caption":"SHEZAMME - Sneakersy, Streetwear i luksusowe marki"},"image":{"@id":"https:\/\/shezamme.com\/#\/schema\/logo\/image\/"},"sameAs":["https:\/\/www.facebook.com\/SHEZAMME\/","https:\/\/x.com\/SHEZAMME","https:\/\/www.instagram.com\/shezamme\/","https:\/\/www.youtube.com\/channel\/UCsTJxi_9fODHdO_1bmJbqvQ","https:\/\/www.tiktok.com\/shezamme.com"]}]}},"brands":[{"id":749,"name":"Jordan","slug":"air-jordan"},{"id":756,"name":"Nike","slug":"nike"},{"id":1086,"name":"Travis Scott","slug":"travis-scott"}],"_links":{"self":[{"href":"https:\/\/shezamme.com\/en\/wp-json\/wp\/v2\/product\/5231","targetHints":{"allow":["GET"]}}],"collection":[{"href":"https:\/\/shezamme.com\/en\/wp-json\/wp\/v2\/product"}],"about":[{"href":"https:\/\/shezamme.com\/en\/wp-json\/wp\/v2\/types\/product"}],"wp:featuredmedia":[{"embeddable":true,"href":"https:\/\/shezamme.com\/en\/wp-json\/wp\/v2\/media\/5245"}],"wp:attachment":[{"href":"https:\/\/shezamme.com\/en\/wp-json\/wp\/v2\/media?parent=5231"}],"wp:term":[{"taxonomy":"pwb-brand","embeddable":true,"href":"https:\/\/shezamme.com\/en\/wp-json\/wp\/v2\/pwb-brand?post=5231"},{"taxonomy":"product_brand","embeddable":true,"href":"https:\/\/shezamme.com\/en\/wp-json\/wp\/v2\/product_brand?post=5231"},{"taxonomy":"product_cat","embeddable":true,"href":"https:\/\/shezamme.com\/en\/wp-json\/wp\/v2\/product_cat?post=5231"},{"taxonomy":"product_tag","embeddable":true,"href":"https:\/\/shezamme.com\/en\/wp-json\/wp\/v2\/product_tag?post=5231"}],"curies":[{"name":"wp","href":"https:\/\/api.w.org\/{rel}","templated":true}]}}