{"id":4909,"date":"2022-07-30T21:34:14","date_gmt":"2022-07-30T19:34:14","guid":{"rendered":"https:\/\/staging1.waw.pl\/?post_type=product&#038;p=4909"},"modified":"2024-12-31T18:37:04","modified_gmt":"2024-12-31T17:37:04","slug":"nike-air-jordan-1-low-pinksicle-gs","status":"publish","type":"product","link":"https:\/\/shezamme.com\/en\/sklep\/buty\/air-jordan\/air-jordan-1-low\/nike-air-jordan-1-low-pinksicle-gs\/","title":{"rendered":"Nike Air Jordan 1 Low &#8222;Pinksicle&#8221; (GS)"},"content":{"rendered":"<h2>Nike Air Jordan 1 Low &#8222;Pinksicle&#8221; (GS) \u2013 stylowy akcent dla m\u0142odszych fan\u00f3w<\/h2>\n<p>Air Jordan 1 Low &#8222;Pinksicle&#8221; w wersji juniorskiej \u0142\u0105czy intensywny r\u00f3\u017c z biel\u0105 i czarnymi detalami, tworz\u0105c wyrazisty, m\u0142odzie\u017cowy look. Sk\u00f3rzana cholewka i technologia Nike Air gwarantuj\u0105 komfort i trwa\u0142o\u015b\u0107 na co dzie\u0144.<\/p>\n<h2>Komfort i autentyczny styl Air Jordan<\/h2>\n<p>Bia\u0142a gumowa podeszwa zapewnia doskona\u0142\u0105 przyczepno\u015b\u0107, a kontrastuj\u0105ce logo Swoosh, Jumpman na j\u0119zyku i skrzydlate logo Air Jordan na pi\u0119cie podkre\u015blaj\u0105 charakter tego \u017cywego modelu, idealnego do codziennych, streetwearowych stylizacji dla m\u0142odych mi\u0142o\u015bnik\u00f3w mody.<\/p>","protected":false},"excerpt":{"rendered":"<h2>Nike Air Jordan 1 Low &#8222;Pinksicle&#8221; (GS) \u2013 wyrazisty styl dla m\u0142odych<\/h2>\n<p>Air Jordan 1 Low &#8222;Pinksicle&#8221; (GS) to energiczne po\u0142\u0105czenie intensywnego r\u00f3\u017cu, bieli i czerni, kt\u00f3re dodaje \u015bwie\u017co\u015bci ka\u017cdej stylizacji. Dzi\u0119ki wytrzyma\u0142ej sk\u00f3rzanej cholewce i amortyzacji Nike Air, model zapewnia wygod\u0119 i trwa\u0142o\u015b\u0107. Idealny wyb\u00f3r dla m\u0142odych fan\u00f3w streetwearu, kt\u00f3rzy ceni\u0105 styl i komfort na co dzie\u0144.<\/p>","protected":false},"featured_media":129012,"template":"","meta":{"_acf_changed":false},"pwb-brand":[749,756],"product_brand":[],"product_cat":[16,17,158,93],"product_tag":[1008,1009],"class_list":{"0":"post-4909","1":"product","2":"type-product","3":"status-publish","4":"has-post-thumbnail","6":"pwb-brand-air-jordan","7":"pwb-brand-nike","8":"product_cat-buty","9":"product_cat-air-jordan","10":"product_cat-air-jordan-1-low","11":"product_cat-nike","12":"product_tag-kobieta","13":"product_tag-mezczyzna","15":"first","16":"onbackorder","17":"taxable","18":"shipping-taxable","19":"purchasable","20":"product-type-variable","21":"has-default-attributes"},"acf":[],"yoast_head":"<!-- This site is optimized with the Yoast SEO plugin v27.2 - https:\/\/yoast.com\/product\/yoast-seo-wordpress\/ -->\n<title>Nike Air Jordan 1 Low &quot;Pinksicle&quot; (GS) - SHEZAMME<\/title>\n<meta name=\"description\" content=\"Nike Air Jordan 1 Low &quot;Pinksicle&quot; (GS) | Luksusowe i autentyczne przedmioty w jednym miejscu. B\u0105d\u017a na bie\u017c\u0105co i sprawd\u017a nasz\u0105 ofert\u0119 ju\u017c teraz\" \/>\n<meta name=\"robots\" content=\"index, follow, max-snippet:-1, max-image-preview:large, max-video-preview:-1\" \/>\n<link rel=\"canonical\" href=\"https:\/\/shezamme.com\/en\/sklep\/sneakers-2\/air-jordan\/air-jordan-1-low\/nike-air-jordan-1-low-pinksicle-gs\/\" \/>\n<meta property=\"og:locale\" content=\"en_US\" \/>\n<meta property=\"og:type\" content=\"article\" \/>\n<meta property=\"og:title\" content=\"Nike Air Jordan 1 Low &quot;Pinksicle&quot; (GS) - SHEZAMME\" \/>\n<meta property=\"og:description\" content=\"Nike Air Jordan 1 Low &quot;Pinksicle&quot; (GS) | Luksusowe i autentyczne przedmioty w jednym miejscu. B\u0105d\u017a na bie\u017c\u0105co i sprawd\u017a nasz\u0105 ofert\u0119 ju\u017c teraz\" \/>\n<meta property=\"og:url\" content=\"https:\/\/shezamme.com\/en\/sklep\/sneakers-2\/air-jordan\/air-jordan-1-low\/nike-air-jordan-1-low-pinksicle-gs\/\" \/>\n<meta property=\"og:site_name\" content=\"SHEZAMME - Yeezy, Jordan, Supreme i inne oryginalne rzeczy\" \/>\n<meta property=\"article:publisher\" content=\"https:\/\/www.facebook.com\/SHEZAMME\/\" \/>\n<meta property=\"article:modified_time\" content=\"2024-12-31T17:37:04+00:00\" \/>\n<meta property=\"og:image\" content=\"https:\/\/shezamme.com\/wp-content\/uploads\/2022\/07\/pinki2.jpg\" \/>\n\t<meta property=\"og:image:width\" content=\"1125\" \/>\n\t<meta property=\"og:image:height\" content=\"980\" \/>\n\t<meta property=\"og:image:type\" content=\"image\/jpeg\" \/>\n<meta name=\"twitter:card\" content=\"summary_large_image\" \/>\n<meta name=\"twitter:site\" content=\"@SHEZAMME\" \/>\n<script type=\"application\/ld+json\" class=\"yoast-schema-graph\">{\"@context\":\"https:\/\/schema.org\",\"@graph\":[{\"@type\":\"WebPage\",\"@id\":\"https:\/\/shezamme.com\/sklep\/buty\/air-jordan\/air-jordan-1-low\/nike-air-jordan-1-low-pinksicle-gs\/\",\"url\":\"https:\/\/shezamme.com\/sklep\/buty\/air-jordan\/air-jordan-1-low\/nike-air-jordan-1-low-pinksicle-gs\/\",\"name\":\"Nike Air Jordan 1 Low \\\"Pinksicle\\\" (GS) - SHEZAMME\",\"isPartOf\":{\"@id\":\"https:\/\/shezamme.com\/#website\"},\"primaryImageOfPage\":{\"@id\":\"https:\/\/shezamme.com\/sklep\/buty\/air-jordan\/air-jordan-1-low\/nike-air-jordan-1-low-pinksicle-gs\/#primaryimage\"},\"image\":{\"@id\":\"https:\/\/shezamme.com\/sklep\/buty\/air-jordan\/air-jordan-1-low\/nike-air-jordan-1-low-pinksicle-gs\/#primaryimage\"},\"thumbnailUrl\":\"https:\/\/shezamme.com\/wp-content\/uploads\/2022\/07\/air-jordan-1-low-gs-white-pinksicle-1.webp\",\"datePublished\":\"2022-07-30T19:34:14+00:00\",\"dateModified\":\"2024-12-31T17:37:04+00:00\",\"description\":\"Nike Air Jordan 1 Low \\\"Pinksicle\\\" (GS) | Luksusowe i autentyczne przedmioty w jednym miejscu. B\u0105d\u017a na bie\u017c\u0105co i sprawd\u017a nasz\u0105 ofert\u0119 ju\u017c teraz\",\"breadcrumb\":{\"@id\":\"https:\/\/shezamme.com\/sklep\/buty\/air-jordan\/air-jordan-1-low\/nike-air-jordan-1-low-pinksicle-gs\/#breadcrumb\"},\"inLanguage\":\"en-US\",\"potentialAction\":[{\"@type\":\"ReadAction\",\"target\":[\"https:\/\/shezamme.com\/sklep\/buty\/air-jordan\/air-jordan-1-low\/nike-air-jordan-1-low-pinksicle-gs\/\"]}]},{\"@type\":\"ImageObject\",\"inLanguage\":\"en-US\",\"@id\":\"https:\/\/shezamme.com\/sklep\/buty\/air-jordan\/air-jordan-1-low\/nike-air-jordan-1-low-pinksicle-gs\/#primaryimage\",\"url\":\"https:\/\/shezamme.com\/wp-content\/uploads\/2022\/07\/air-jordan-1-low-gs-white-pinksicle-1.webp\",\"contentUrl\":\"https:\/\/shezamme.com\/wp-content\/uploads\/2022\/07\/air-jordan-1-low-gs-white-pinksicle-1.webp\",\"width\":1000,\"height\":523},{\"@type\":\"BreadcrumbList\",\"@id\":\"https:\/\/shezamme.com\/sklep\/buty\/air-jordan\/air-jordan-1-low\/nike-air-jordan-1-low-pinksicle-gs\/#breadcrumb\",\"itemListElement\":[{\"@type\":\"ListItem\",\"position\":1,\"name\":\"Strona g\u0142\u00f3wna\",\"item\":\"https:\/\/shezamme.com\/\"},{\"@type\":\"ListItem\",\"position\":2,\"name\":\"Sklep\",\"item\":\"https:\/\/shezamme.com\/sklep\/\"},{\"@type\":\"ListItem\",\"position\":3,\"name\":\"Nike Air Jordan 1 Low &#8220;Pinksicle&#8221; (GS)\"}]},{\"@type\":\"WebSite\",\"@id\":\"https:\/\/shezamme.com\/#website\",\"url\":\"https:\/\/shezamme.com\/\",\"name\":\"SHEZAMME - Sneakersy, Streetwear i luksusowe marki\",\"description\":\"Oryginalne i ekskluzywne przedmioty w jednym miejscu. Sprawd\u017a nasze produkty ju\u017c teraz i b\u0105d\u017a na bie\u017c\u0105co z wszystkimi premierami.\",\"publisher\":{\"@id\":\"https:\/\/shezamme.com\/#organization\"},\"potentialAction\":[{\"@type\":\"SearchAction\",\"target\":{\"@type\":\"EntryPoint\",\"urlTemplate\":\"https:\/\/shezamme.com\/?s={search_term_string}\"},\"query-input\":{\"@type\":\"PropertyValueSpecification\",\"valueRequired\":true,\"valueName\":\"search_term_string\"}}],\"inLanguage\":\"en-US\"},{\"@type\":\"Organization\",\"@id\":\"https:\/\/shezamme.com\/#organization\",\"name\":\"SHEZAMME - Sneakersy, Streetwear i luksusowe marki\",\"url\":\"https:\/\/shezamme.com\/\",\"logo\":{\"@type\":\"ImageObject\",\"inLanguage\":\"en-US\",\"@id\":\"https:\/\/shezamme.com\/#\/schema\/logo\/image\/\",\"url\":\"https:\/\/shezamme.com\/wp-content\/uploads\/2023\/02\/0x0.png\",\"contentUrl\":\"https:\/\/shezamme.com\/wp-content\/uploads\/2023\/02\/0x0.png\",\"width\":2000,\"height\":2000,\"caption\":\"SHEZAMME - Sneakersy, Streetwear i luksusowe marki\"},\"image\":{\"@id\":\"https:\/\/shezamme.com\/#\/schema\/logo\/image\/\"},\"sameAs\":[\"https:\/\/www.facebook.com\/SHEZAMME\/\",\"https:\/\/x.com\/SHEZAMME\",\"https:\/\/www.instagram.com\/shezamme\/\",\"https:\/\/www.youtube.com\/channel\/UCsTJxi_9fODHdO_1bmJbqvQ\",\"https:\/\/www.tiktok.com\/shezamme.com\"]}]}<\/script>\n<!-- \/ Yoast SEO plugin. -->","yoast_head_json":{"title":"Nike Air Jordan 1 Low \"Pinksicle\" (GS) - SHEZAMME","description":"Nike Air Jordan 1 Low \"Pinksicle\" (GS) | Luksusowe i autentyczne przedmioty w jednym miejscu. B\u0105d\u017a na bie\u017c\u0105co i sprawd\u017a nasz\u0105 ofert\u0119 ju\u017c teraz","robots":{"index":"index","follow":"follow","max-snippet":"max-snippet:-1","max-image-preview":"max-image-preview:large","max-video-preview":"max-video-preview:-1"},"canonical":"https:\/\/shezamme.com\/en\/sklep\/sneakers-2\/air-jordan\/air-jordan-1-low\/nike-air-jordan-1-low-pinksicle-gs\/","og_locale":"en_US","og_type":"article","og_title":"Nike Air Jordan 1 Low \"Pinksicle\" (GS) - SHEZAMME","og_description":"Nike Air Jordan 1 Low \"Pinksicle\" (GS) | Luksusowe i autentyczne przedmioty w jednym miejscu. B\u0105d\u017a na bie\u017c\u0105co i sprawd\u017a nasz\u0105 ofert\u0119 ju\u017c teraz","og_url":"https:\/\/shezamme.com\/en\/sklep\/sneakers-2\/air-jordan\/air-jordan-1-low\/nike-air-jordan-1-low-pinksicle-gs\/","og_site_name":"SHEZAMME - Yeezy, Jordan, Supreme i inne oryginalne rzeczy","article_publisher":"https:\/\/www.facebook.com\/SHEZAMME\/","article_modified_time":"2024-12-31T17:37:04+00:00","og_image":[{"width":1125,"height":980,"url":"https:\/\/shezamme.com\/wp-content\/uploads\/2022\/07\/pinki2.jpg","type":"image\/jpeg"}],"twitter_card":"summary_large_image","twitter_site":"@SHEZAMME","schema":{"@context":"https:\/\/schema.org","@graph":[{"@type":"WebPage","@id":"https:\/\/shezamme.com\/sklep\/buty\/air-jordan\/air-jordan-1-low\/nike-air-jordan-1-low-pinksicle-gs\/","url":"https:\/\/shezamme.com\/sklep\/buty\/air-jordan\/air-jordan-1-low\/nike-air-jordan-1-low-pinksicle-gs\/","name":"Nike Air Jordan 1 Low \"Pinksicle\" (GS) - SHEZAMME","isPartOf":{"@id":"https:\/\/shezamme.com\/#website"},"primaryImageOfPage":{"@id":"https:\/\/shezamme.com\/sklep\/buty\/air-jordan\/air-jordan-1-low\/nike-air-jordan-1-low-pinksicle-gs\/#primaryimage"},"image":{"@id":"https:\/\/shezamme.com\/sklep\/buty\/air-jordan\/air-jordan-1-low\/nike-air-jordan-1-low-pinksicle-gs\/#primaryimage"},"thumbnailUrl":"https:\/\/shezamme.com\/wp-content\/uploads\/2022\/07\/air-jordan-1-low-gs-white-pinksicle-1.webp","datePublished":"2022-07-30T19:34:14+00:00","dateModified":"2024-12-31T17:37:04+00:00","description":"Nike Air Jordan 1 Low \"Pinksicle\" (GS) | Luksusowe i autentyczne przedmioty w jednym miejscu. B\u0105d\u017a na bie\u017c\u0105co i sprawd\u017a nasz\u0105 ofert\u0119 ju\u017c teraz","breadcrumb":{"@id":"https:\/\/shezamme.com\/sklep\/buty\/air-jordan\/air-jordan-1-low\/nike-air-jordan-1-low-pinksicle-gs\/#breadcrumb"},"inLanguage":"en-US","potentialAction":[{"@type":"ReadAction","target":["https:\/\/shezamme.com\/sklep\/buty\/air-jordan\/air-jordan-1-low\/nike-air-jordan-1-low-pinksicle-gs\/"]}]},{"@type":"ImageObject","inLanguage":"en-US","@id":"https:\/\/shezamme.com\/sklep\/buty\/air-jordan\/air-jordan-1-low\/nike-air-jordan-1-low-pinksicle-gs\/#primaryimage","url":"https:\/\/shezamme.com\/wp-content\/uploads\/2022\/07\/air-jordan-1-low-gs-white-pinksicle-1.webp","contentUrl":"https:\/\/shezamme.com\/wp-content\/uploads\/2022\/07\/air-jordan-1-low-gs-white-pinksicle-1.webp","width":1000,"height":523},{"@type":"BreadcrumbList","@id":"https:\/\/shezamme.com\/sklep\/buty\/air-jordan\/air-jordan-1-low\/nike-air-jordan-1-low-pinksicle-gs\/#breadcrumb","itemListElement":[{"@type":"ListItem","position":1,"name":"Strona g\u0142\u00f3wna","item":"https:\/\/shezamme.com\/"},{"@type":"ListItem","position":2,"name":"Sklep","item":"https:\/\/shezamme.com\/sklep\/"},{"@type":"ListItem","position":3,"name":"Nike Air Jordan 1 Low &#8220;Pinksicle&#8221; (GS)"}]},{"@type":"WebSite","@id":"https:\/\/shezamme.com\/#website","url":"https:\/\/shezamme.com\/","name":"SHEZAMME - Sneakers, Streetwear and luxury brands","description":"Original and exclusive items in one place. Check out our products now and stay up to date with all launches.","publisher":{"@id":"https:\/\/shezamme.com\/#organization"},"potentialAction":[{"@type":"SearchAction","target":{"@type":"EntryPoint","urlTemplate":"https:\/\/shezamme.com\/?s={search_term_string}"},"query-input":{"@type":"PropertyValueSpecification","valueRequired":true,"valueName":"search_term_string"}}],"inLanguage":"en-US"},{"@type":"Organization","@id":"https:\/\/shezamme.com\/#organization","name":"SHEZAMME - Sneakers, Streetwear and luxury brands","url":"https:\/\/shezamme.com\/","logo":{"@type":"ImageObject","inLanguage":"en-US","@id":"https:\/\/shezamme.com\/#\/schema\/logo\/image\/","url":"https:\/\/shezamme.com\/wp-content\/uploads\/2023\/02\/0x0.png","contentUrl":"https:\/\/shezamme.com\/wp-content\/uploads\/2023\/02\/0x0.png","width":2000,"height":2000,"caption":"SHEZAMME - Sneakersy, Streetwear i luksusowe marki"},"image":{"@id":"https:\/\/shezamme.com\/#\/schema\/logo\/image\/"},"sameAs":["https:\/\/www.facebook.com\/SHEZAMME\/","https:\/\/x.com\/SHEZAMME","https:\/\/www.instagram.com\/shezamme\/","https:\/\/www.youtube.com\/channel\/UCsTJxi_9fODHdO_1bmJbqvQ","https:\/\/www.tiktok.com\/shezamme.com"]}]}},"brands":[{"id":749,"name":"Jordan","slug":"air-jordan"},{"id":756,"name":"Nike","slug":"nike"}],"_links":{"self":[{"href":"https:\/\/shezamme.com\/en\/wp-json\/wp\/v2\/product\/4909","targetHints":{"allow":["GET"]}}],"collection":[{"href":"https:\/\/shezamme.com\/en\/wp-json\/wp\/v2\/product"}],"about":[{"href":"https:\/\/shezamme.com\/en\/wp-json\/wp\/v2\/types\/product"}],"wp:featuredmedia":[{"embeddable":true,"href":"https:\/\/shezamme.com\/en\/wp-json\/wp\/v2\/media\/129012"}],"wp:attachment":[{"href":"https:\/\/shezamme.com\/en\/wp-json\/wp\/v2\/media?parent=4909"}],"wp:term":[{"taxonomy":"pwb-brand","embeddable":true,"href":"https:\/\/shezamme.com\/en\/wp-json\/wp\/v2\/pwb-brand?post=4909"},{"taxonomy":"product_brand","embeddable":true,"href":"https:\/\/shezamme.com\/en\/wp-json\/wp\/v2\/product_brand?post=4909"},{"taxonomy":"product_cat","embeddable":true,"href":"https:\/\/shezamme.com\/en\/wp-json\/wp\/v2\/product_cat?post=4909"},{"taxonomy":"product_tag","embeddable":true,"href":"https:\/\/shezamme.com\/en\/wp-json\/wp\/v2\/product_tag?post=4909"}],"curies":[{"name":"wp","href":"https:\/\/api.w.org\/{rel}","templated":true}]}}