{"id":4586,"date":"2022-07-30T21:32:20","date_gmt":"2022-07-30T19:32:20","guid":{"rendered":"https:\/\/staging1.waw.pl\/?post_type=product&#038;p=4586"},"modified":"2025-02-04T22:52:38","modified_gmt":"2025-02-04T21:52:38","slug":"nike-sb-dunk-low-pro-habanero-red-bart-simpson","status":"publish","type":"product","link":"https:\/\/shezamme.com\/en\/sklep\/buty\/nike\/nike-sb-dunk-low-pro-habanero-red-bart-simpson\/","title":{"rendered":"Nike SB Dunk Low Pro Habanero Red (Bart Simpson)"},"content":{"rendered":"<p>Nike SB Dunk Low Pro Habanero Red (Bart Simpson) to kolejna ods\u0142ona popularnych but\u00f3w typu skate od marki Nike. Buty te, inspirowane postaci\u0105 Bart Simpsona z popularnego serialu animowanego &#8222;The Simpsons&#8221;, to absolutny must-have dla fan\u00f3w kultowego programu.<\/p>\n<p>G\u0142\u00f3wnym elementem wyr\u00f3\u017cniaj\u0105cym ten model jest intensywny czerwony kolor z delikatnymi kontrastami w kolorze czarnym. Wysokiej jako\u015bci materia\u0142y u\u017cyte do produkcji but\u00f3w zapewniaj\u0105 wygod\u0119 i trwa\u0142o\u015b\u0107, co jest szczeg\u00f3lnie istotne podczas intensywnego uprawiania sport\u00f3w ekstremalnych, takich jak jazda na deskorolce.<\/p>\n<p>Buty Nike SB Dunk Low Pro Habanero Red (Bart Simpson) zosta\u0142y wyposa\u017cone w system Zoom Air, kt\u00f3ry gwarantuje doskona\u0142\u0105 amortyzacj\u0119 oraz ochron\u0119 przed wstrz\u0105sami podczas skok\u00f3w i l\u0105dowa\u0144. Wy\u015bcie\u0142ana wk\u0142adka zwi\u0119ksza komfort u\u017cytkowania, a podeszwa zewn\u0119trzna wykonana z gumy zapewnia doskona\u0142\u0105 przyczepno\u015b\u0107 do pod\u0142o\u017ca, co jest niezb\u0119dne dla utrzymania stabilnej pozycji na desce.<\/p>\n<p>Buty Nike SB Dunk Low Pro Habanero Red (Bart Simpson) s\u0105 idealnym wyborem dla os\u00f3b szukaj\u0105cych wyj\u0105tkowych but\u00f3w z charakterem. Dzi\u0119ki swojemu unikalnemu designowi i wyj\u0105tkowej kolorystyce, s\u0105 one w stanie wyr\u00f3\u017cni\u0107 si\u0119 z t\u0142umu i przyci\u0105gn\u0105\u0107 uwag\u0119 wszystkich wok\u00f3\u0142. Bez w\u0105tpienia s\u0105 to buty, kt\u00f3re b\u0119d\u0105 doskonale prezentowa\u0107 si\u0119 zar\u00f3wno na deskorolce, jak i na co dzie\u0144.<\/p>","protected":false},"excerpt":{"rendered":"<p>Nike SB Dunk Low Pro Habanero Red (Bart Simpson)<br \/>\nCondition: New<br \/>\nOriginally packed<br \/>\n100% original<br \/>\nMateria\u0142: Sk\u00f3ra\/Zamsz<br \/>\nKolor: Wielokolorowy<br \/>\nKod Producenta: BQ6817 602<\/p>","protected":false},"featured_media":4597,"template":"","meta":{"_acf_changed":false,"_yoast_wpseo_focuskw":"Nike SB Dunk Low Pro Habanero Red (Bart Simpson)","_yoast_wpseo_title":"","_yoast_wpseo_metadesc":""},"pwb-brand":[756],"product_brand":[],"product_cat":[16,105,93],"product_tag":[1008,1009],"class_list":{"0":"post-4586","1":"product","2":"type-product","3":"status-publish","4":"has-post-thumbnail","6":"pwb-brand-nike","7":"product_cat-buty","8":"product_cat-dunk","9":"product_cat-nike","10":"product_tag-kobieta","11":"product_tag-mezczyzna","13":"first","14":"onbackorder","15":"taxable","16":"shipping-taxable","17":"purchasable","18":"product-type-variable","19":"has-default-attributes"},"acf":[],"yoast_head":"<!-- This site is optimized with the Yoast SEO plugin v27.2 - https:\/\/yoast.com\/product\/yoast-seo-wordpress\/ -->\n<title>Nike SB Dunk Low Pro Habanero Red (Bart Simpson) - SHEZAMME<\/title>\n<meta name=\"description\" content=\"Nike SB Dunk Low Pro Habanero Red (Bart Simpson) | Luksusowe i autentyczne przedmioty w jednym miejscu. B\u0105d\u017a na bie\u017c\u0105co i sprawd\u017a nasz\u0105 ofert\u0119 ju\u017c teraz\" \/>\n<meta name=\"robots\" content=\"index, follow, max-snippet:-1, max-image-preview:large, max-video-preview:-1\" \/>\n<link rel=\"canonical\" href=\"https:\/\/shezamme.com\/en\/sklep\/sneakers-2\/dunk\/nike-dunk-low\/nike-sb-dunk-low-pro-habanero-red-bart-simpson\/\" \/>\n<meta property=\"og:locale\" content=\"en_US\" \/>\n<meta property=\"og:type\" content=\"article\" \/>\n<meta property=\"og:title\" content=\"Nike SB Dunk Low Pro Habanero Red (Bart Simpson) - SHEZAMME\" \/>\n<meta property=\"og:description\" content=\"Nike SB Dunk Low Pro Habanero Red (Bart Simpson) | Luksusowe i autentyczne przedmioty w jednym miejscu. B\u0105d\u017a na bie\u017c\u0105co i sprawd\u017a nasz\u0105 ofert\u0119 ju\u017c teraz\" \/>\n<meta property=\"og:url\" content=\"https:\/\/shezamme.com\/en\/sklep\/sneakers-2\/dunk\/nike-dunk-low\/nike-sb-dunk-low-pro-habanero-red-bart-simpson\/\" \/>\n<meta property=\"og:site_name\" content=\"SHEZAMME - Yeezy, Jordan, Supreme i inne oryginalne rzeczy\" \/>\n<meta property=\"article:publisher\" content=\"https:\/\/www.facebook.com\/SHEZAMME\/\" \/>\n<meta property=\"article:modified_time\" content=\"2025-02-04T21:52:38+00:00\" \/>\n<meta property=\"og:image\" content=\"https:\/\/shezamme.com\/wp-content\/uploads\/2022\/07\/IMG_1880.jpg\" \/>\n\t<meta property=\"og:image:width\" content=\"1170\" \/>\n\t<meta property=\"og:image:height\" content=\"1142\" \/>\n\t<meta property=\"og:image:type\" content=\"image\/jpeg\" \/>\n<meta name=\"twitter:card\" content=\"summary_large_image\" \/>\n<meta name=\"twitter:site\" content=\"@SHEZAMME\" \/>\n<meta name=\"twitter:label1\" content=\"Est. reading time\" \/>\n\t<meta name=\"twitter:data1\" content=\"1 minute\" \/>\n<script type=\"application\/ld+json\" class=\"yoast-schema-graph\">{\"@context\":\"https:\/\/schema.org\",\"@graph\":[{\"@type\":\"WebPage\",\"@id\":\"https:\/\/shezamme.com\/sklep\/buty\/dunk\/nike-dunk-low\/nike-sb-dunk-low-pro-habanero-red-bart-simpson\/\",\"url\":\"https:\/\/shezamme.com\/sklep\/buty\/dunk\/nike-dunk-low\/nike-sb-dunk-low-pro-habanero-red-bart-simpson\/\",\"name\":\"Nike SB Dunk Low Pro Habanero Red (Bart Simpson) - SHEZAMME\",\"isPartOf\":{\"@id\":\"https:\/\/shezamme.com\/#website\"},\"primaryImageOfPage\":{\"@id\":\"https:\/\/shezamme.com\/sklep\/buty\/dunk\/nike-dunk-low\/nike-sb-dunk-low-pro-habanero-red-bart-simpson\/#primaryimage\"},\"image\":{\"@id\":\"https:\/\/shezamme.com\/sklep\/buty\/dunk\/nike-dunk-low\/nike-sb-dunk-low-pro-habanero-red-bart-simpson\/#primaryimage\"},\"thumbnailUrl\":\"https:\/\/shezamme.com\/wp-content\/uploads\/2022\/07\/IMG_1880.jpg\",\"datePublished\":\"2022-07-30T19:32:20+00:00\",\"dateModified\":\"2025-02-04T21:52:38+00:00\",\"description\":\"Nike SB Dunk Low Pro Habanero Red (Bart Simpson) | Luksusowe i autentyczne przedmioty w jednym miejscu. B\u0105d\u017a na bie\u017c\u0105co i sprawd\u017a nasz\u0105 ofert\u0119 ju\u017c teraz\",\"breadcrumb\":{\"@id\":\"https:\/\/shezamme.com\/sklep\/buty\/dunk\/nike-dunk-low\/nike-sb-dunk-low-pro-habanero-red-bart-simpson\/#breadcrumb\"},\"inLanguage\":\"en-US\",\"potentialAction\":[{\"@type\":\"ReadAction\",\"target\":[\"https:\/\/shezamme.com\/sklep\/buty\/dunk\/nike-dunk-low\/nike-sb-dunk-low-pro-habanero-red-bart-simpson\/\"]}]},{\"@type\":\"ImageObject\",\"inLanguage\":\"en-US\",\"@id\":\"https:\/\/shezamme.com\/sklep\/buty\/dunk\/nike-dunk-low\/nike-sb-dunk-low-pro-habanero-red-bart-simpson\/#primaryimage\",\"url\":\"https:\/\/shezamme.com\/wp-content\/uploads\/2022\/07\/IMG_1880.jpg\",\"contentUrl\":\"https:\/\/shezamme.com\/wp-content\/uploads\/2022\/07\/IMG_1880.jpg\",\"width\":1170,\"height\":1142,\"caption\":\"Nike SB Dunk Low Pro Habanero Red (Bart Simpson)\"},{\"@type\":\"BreadcrumbList\",\"@id\":\"https:\/\/shezamme.com\/sklep\/buty\/dunk\/nike-dunk-low\/nike-sb-dunk-low-pro-habanero-red-bart-simpson\/#breadcrumb\",\"itemListElement\":[{\"@type\":\"ListItem\",\"position\":1,\"name\":\"Strona g\u0142\u00f3wna\",\"item\":\"https:\/\/shezamme.com\/\"},{\"@type\":\"ListItem\",\"position\":2,\"name\":\"Sklep\",\"item\":\"https:\/\/shezamme.com\/sklep\/\"},{\"@type\":\"ListItem\",\"position\":3,\"name\":\"Nike SB Dunk Low Pro Habanero Red (Bart Simpson)\"}]},{\"@type\":\"WebSite\",\"@id\":\"https:\/\/shezamme.com\/#website\",\"url\":\"https:\/\/shezamme.com\/\",\"name\":\"SHEZAMME - Sneakersy, Streetwear i luksusowe marki\",\"description\":\"Oryginalne i ekskluzywne przedmioty w jednym miejscu. Sprawd\u017a nasze produkty ju\u017c teraz i b\u0105d\u017a na bie\u017c\u0105co z wszystkimi premierami.\",\"publisher\":{\"@id\":\"https:\/\/shezamme.com\/#organization\"},\"potentialAction\":[{\"@type\":\"SearchAction\",\"target\":{\"@type\":\"EntryPoint\",\"urlTemplate\":\"https:\/\/shezamme.com\/?s={search_term_string}\"},\"query-input\":{\"@type\":\"PropertyValueSpecification\",\"valueRequired\":true,\"valueName\":\"search_term_string\"}}],\"inLanguage\":\"en-US\"},{\"@type\":\"Organization\",\"@id\":\"https:\/\/shezamme.com\/#organization\",\"name\":\"SHEZAMME - Sneakersy, Streetwear i luksusowe marki\",\"url\":\"https:\/\/shezamme.com\/\",\"logo\":{\"@type\":\"ImageObject\",\"inLanguage\":\"en-US\",\"@id\":\"https:\/\/shezamme.com\/#\/schema\/logo\/image\/\",\"url\":\"https:\/\/shezamme.com\/wp-content\/uploads\/2023\/02\/0x0.png\",\"contentUrl\":\"https:\/\/shezamme.com\/wp-content\/uploads\/2023\/02\/0x0.png\",\"width\":2000,\"height\":2000,\"caption\":\"SHEZAMME - Sneakersy, Streetwear i luksusowe marki\"},\"image\":{\"@id\":\"https:\/\/shezamme.com\/#\/schema\/logo\/image\/\"},\"sameAs\":[\"https:\/\/www.facebook.com\/SHEZAMME\/\",\"https:\/\/x.com\/SHEZAMME\",\"https:\/\/www.instagram.com\/shezamme\/\",\"https:\/\/www.youtube.com\/channel\/UCsTJxi_9fODHdO_1bmJbqvQ\",\"https:\/\/www.tiktok.com\/shezamme.com\"]}]}<\/script>\n<!-- \/ Yoast SEO plugin. -->","yoast_head_json":{"title":"Nike SB Dunk Low Pro Habanero Red (Bart Simpson) - SHEZAMME","description":"Nike SB Dunk Low Pro Habanero Red (Bart Simpson) | Luksusowe i autentyczne przedmioty w jednym miejscu. B\u0105d\u017a na bie\u017c\u0105co i sprawd\u017a nasz\u0105 ofert\u0119 ju\u017c teraz","robots":{"index":"index","follow":"follow","max-snippet":"max-snippet:-1","max-image-preview":"max-image-preview:large","max-video-preview":"max-video-preview:-1"},"canonical":"https:\/\/shezamme.com\/en\/sklep\/sneakers-2\/dunk\/nike-dunk-low\/nike-sb-dunk-low-pro-habanero-red-bart-simpson\/","og_locale":"en_US","og_type":"article","og_title":"Nike SB Dunk Low Pro Habanero Red (Bart Simpson) - SHEZAMME","og_description":"Nike SB Dunk Low Pro Habanero Red (Bart Simpson) | Luksusowe i autentyczne przedmioty w jednym miejscu. B\u0105d\u017a na bie\u017c\u0105co i sprawd\u017a nasz\u0105 ofert\u0119 ju\u017c teraz","og_url":"https:\/\/shezamme.com\/en\/sklep\/sneakers-2\/dunk\/nike-dunk-low\/nike-sb-dunk-low-pro-habanero-red-bart-simpson\/","og_site_name":"SHEZAMME - Yeezy, Jordan, Supreme i inne oryginalne rzeczy","article_publisher":"https:\/\/www.facebook.com\/SHEZAMME\/","article_modified_time":"2025-02-04T21:52:38+00:00","og_image":[{"width":1170,"height":1142,"url":"https:\/\/shezamme.com\/wp-content\/uploads\/2022\/07\/IMG_1880.jpg","type":"image\/jpeg"}],"twitter_card":"summary_large_image","twitter_site":"@SHEZAMME","twitter_misc":{"Est. reading time":"1 minute"},"schema":{"@context":"https:\/\/schema.org","@graph":[{"@type":"WebPage","@id":"https:\/\/shezamme.com\/sklep\/buty\/dunk\/nike-dunk-low\/nike-sb-dunk-low-pro-habanero-red-bart-simpson\/","url":"https:\/\/shezamme.com\/sklep\/buty\/dunk\/nike-dunk-low\/nike-sb-dunk-low-pro-habanero-red-bart-simpson\/","name":"Nike SB Dunk Low Pro Habanero Red (Bart Simpson) - SHEZAMME","isPartOf":{"@id":"https:\/\/shezamme.com\/#website"},"primaryImageOfPage":{"@id":"https:\/\/shezamme.com\/sklep\/buty\/dunk\/nike-dunk-low\/nike-sb-dunk-low-pro-habanero-red-bart-simpson\/#primaryimage"},"image":{"@id":"https:\/\/shezamme.com\/sklep\/buty\/dunk\/nike-dunk-low\/nike-sb-dunk-low-pro-habanero-red-bart-simpson\/#primaryimage"},"thumbnailUrl":"https:\/\/shezamme.com\/wp-content\/uploads\/2022\/07\/IMG_1880.jpg","datePublished":"2022-07-30T19:32:20+00:00","dateModified":"2025-02-04T21:52:38+00:00","description":"Nike SB Dunk Low Pro Habanero Red (Bart Simpson) | Luksusowe i autentyczne przedmioty w jednym miejscu. B\u0105d\u017a na bie\u017c\u0105co i sprawd\u017a nasz\u0105 ofert\u0119 ju\u017c teraz","breadcrumb":{"@id":"https:\/\/shezamme.com\/sklep\/buty\/dunk\/nike-dunk-low\/nike-sb-dunk-low-pro-habanero-red-bart-simpson\/#breadcrumb"},"inLanguage":"en-US","potentialAction":[{"@type":"ReadAction","target":["https:\/\/shezamme.com\/sklep\/buty\/dunk\/nike-dunk-low\/nike-sb-dunk-low-pro-habanero-red-bart-simpson\/"]}]},{"@type":"ImageObject","inLanguage":"en-US","@id":"https:\/\/shezamme.com\/sklep\/buty\/dunk\/nike-dunk-low\/nike-sb-dunk-low-pro-habanero-red-bart-simpson\/#primaryimage","url":"https:\/\/shezamme.com\/wp-content\/uploads\/2022\/07\/IMG_1880.jpg","contentUrl":"https:\/\/shezamme.com\/wp-content\/uploads\/2022\/07\/IMG_1880.jpg","width":1170,"height":1142,"caption":"Nike SB Dunk Low Pro Habanero Red (Bart Simpson)"},{"@type":"BreadcrumbList","@id":"https:\/\/shezamme.com\/sklep\/buty\/dunk\/nike-dunk-low\/nike-sb-dunk-low-pro-habanero-red-bart-simpson\/#breadcrumb","itemListElement":[{"@type":"ListItem","position":1,"name":"Strona g\u0142\u00f3wna","item":"https:\/\/shezamme.com\/"},{"@type":"ListItem","position":2,"name":"Sklep","item":"https:\/\/shezamme.com\/sklep\/"},{"@type":"ListItem","position":3,"name":"Nike SB Dunk Low Pro Habanero Red (Bart Simpson)"}]},{"@type":"WebSite","@id":"https:\/\/shezamme.com\/#website","url":"https:\/\/shezamme.com\/","name":"SHEZAMME - Sneakers, Streetwear and luxury brands","description":"Original and exclusive items in one place. Check out our products now and stay up to date with all launches.","publisher":{"@id":"https:\/\/shezamme.com\/#organization"},"potentialAction":[{"@type":"SearchAction","target":{"@type":"EntryPoint","urlTemplate":"https:\/\/shezamme.com\/?s={search_term_string}"},"query-input":{"@type":"PropertyValueSpecification","valueRequired":true,"valueName":"search_term_string"}}],"inLanguage":"en-US"},{"@type":"Organization","@id":"https:\/\/shezamme.com\/#organization","name":"SHEZAMME - Sneakers, Streetwear and luxury brands","url":"https:\/\/shezamme.com\/","logo":{"@type":"ImageObject","inLanguage":"en-US","@id":"https:\/\/shezamme.com\/#\/schema\/logo\/image\/","url":"https:\/\/shezamme.com\/wp-content\/uploads\/2023\/02\/0x0.png","contentUrl":"https:\/\/shezamme.com\/wp-content\/uploads\/2023\/02\/0x0.png","width":2000,"height":2000,"caption":"SHEZAMME - Sneakersy, Streetwear i luksusowe marki"},"image":{"@id":"https:\/\/shezamme.com\/#\/schema\/logo\/image\/"},"sameAs":["https:\/\/www.facebook.com\/SHEZAMME\/","https:\/\/x.com\/SHEZAMME","https:\/\/www.instagram.com\/shezamme\/","https:\/\/www.youtube.com\/channel\/UCsTJxi_9fODHdO_1bmJbqvQ","https:\/\/www.tiktok.com\/shezamme.com"]}]}},"brands":[{"id":756,"name":"Nike","slug":"nike"}],"_links":{"self":[{"href":"https:\/\/shezamme.com\/en\/wp-json\/wp\/v2\/product\/4586","targetHints":{"allow":["GET"]}}],"collection":[{"href":"https:\/\/shezamme.com\/en\/wp-json\/wp\/v2\/product"}],"about":[{"href":"https:\/\/shezamme.com\/en\/wp-json\/wp\/v2\/types\/product"}],"wp:featuredmedia":[{"embeddable":true,"href":"https:\/\/shezamme.com\/en\/wp-json\/wp\/v2\/media\/4597"}],"wp:attachment":[{"href":"https:\/\/shezamme.com\/en\/wp-json\/wp\/v2\/media?parent=4586"}],"wp:term":[{"taxonomy":"pwb-brand","embeddable":true,"href":"https:\/\/shezamme.com\/en\/wp-json\/wp\/v2\/pwb-brand?post=4586"},{"taxonomy":"product_brand","embeddable":true,"href":"https:\/\/shezamme.com\/en\/wp-json\/wp\/v2\/product_brand?post=4586"},{"taxonomy":"product_cat","embeddable":true,"href":"https:\/\/shezamme.com\/en\/wp-json\/wp\/v2\/product_cat?post=4586"},{"taxonomy":"product_tag","embeddable":true,"href":"https:\/\/shezamme.com\/en\/wp-json\/wp\/v2\/product_tag?post=4586"}],"curies":[{"name":"wp","href":"https:\/\/api.w.org\/{rel}","templated":true}]}}