{"id":38314,"date":"2024-01-24T17:17:32","date_gmt":"2024-01-24T16:17:32","guid":{"rendered":"https:\/\/shezamme.com\/?post_type=product&#038;p=38314"},"modified":"2024-10-30T19:53:33","modified_gmt":"2024-10-30T18:53:33","slug":"mystery-box-adidas-yeezy-4000-pln","status":"publish","type":"product","link":"https:\/\/shezamme.com\/en\/sklep\/akcesoria\/mysterybox-streetwear\/mystery-box-adidas-yeezy-4000-pln\/","title":{"rendered":"Mystery Box Adidas Yeezy 4000 PLN"},"content":{"rendered":"<p>Przekrocz granice stylu i ekscytacji z Mystery Box Adidas Yeezy za 4000 PLN \u2013 najbardziej ekskluzywn\u0105 propozycj\u0105 dla prawdziwych pasjonat\u00f3w mody. W tej presti\u017cowej paczce koncentrujemy si\u0119 wy\u0142\u0105cznie na najwy\u017cszej jako\u015bci i najbardziej po\u017c\u0105danych modelach obuwia od Adidas Yeezy.<\/p>\n<p>Otwieraj\u0105c Mystery Box za 4000 PLN, wkroczysz do \u015bwiata luksusu, gdzie ka\u017cda para but\u00f3w to klejnot w \u015bwiecie streetwearu. W tej wyj\u0105tkowej paczce ukrywaj\u0105 si\u0119 najnowsze wydania, limitowane modele oraz rzadko dost\u0119pne warianty but\u00f3w Adidas Yeezy, kt\u00f3re z pewno\u015bci\u0105 zrobi\u0105 wra\u017cenie na mi\u0142o\u015bnikach mody.<\/p>\n<p>Zam\u00f3w teraz Mystery Box Adidas Yeezy za 4000 PLN, aby doda\u0107 swojej kolekcji najbardziej ekskluzywne i presti\u017cowe obuwie od Adidas Yeezy. To wyj\u0105tkowa okazja dla tych, kt\u00f3rzy pragn\u0105 wyr\u00f3\u017cni\u0107 si\u0119 unikalnym stylem i posi\u0105\u015b\u0107 najbardziej wyj\u0105tkowe modele but\u00f3w od renomowanej marki Adidas Yeezy.<\/p>","protected":false},"excerpt":{"rendered":"<p>Mystery Box Adidas Yeezy 4000 PLN to idealna opcja na zakup tajemniczego modelu Adidas Yeezy w wybranym przez siebie rozmiarze!<\/p>\n<p>Zestaw sk\u0142ada si\u0119 z losowo dobranego obuwia z oferty sklepu, obejmuj\u0105cych mi\u0119dzy innymi wszystkie podkategori\u0119 but\u00f3w Adidas Yeezy.<\/p>\n<p>In MysteryBox\u00a0<strong>ALWAYS<\/strong> znajduje si\u0119 co najmniej jedna para but\u00f3w Yeezy<\/p>\n<p>In MysteryBox\u00a0<strong>ALWAYS<\/strong> znajduj\u0105 si\u0119 przedmioty w stanie: Nowym<\/p>\n<p>MysteryBox buyers\u00a0<strong>ALWAYS<\/strong> wychodzi na plus, NIGDY nie ponosi straty<\/p>\n<p>W mysteryboxie mo\u017ce znale\u017a\u0107 si\u0119 jedynie produkty firmy Adidas Yeezy<\/p>\n<p>MysteryBox is non-returnable as it is specifically tailored to customer preferences.<\/p>","protected":false},"featured_media":38998,"template":"","meta":{"_acf_changed":false,"_yoast_wpseo_focuskw":"Mystery Box Adidas Yeezy 4000 PLN","_yoast_wpseo_title":"","_yoast_wpseo_metadesc":""},"pwb-brand":[748,750],"product_brand":[],"product_cat":[23,907,975],"product_tag":[],"class_list":{"0":"post-38314","1":"product","2":"type-product","3":"status-publish","4":"has-post-thumbnail","6":"pwb-brand-adidas","7":"pwb-brand-yeezy","8":"product_cat-akcesoria","9":"product_cat-mysterybox-streetwear","10":"product_cat-wszystkie-akcesoria","12":"first","13":"onbackorder","14":"taxable","15":"shipping-taxable","16":"purchasable","17":"product-type-variable","18":"has-default-attributes"},"acf":[],"yoast_head":"<!-- This site is optimized with the Yoast SEO plugin v27.3 - https:\/\/yoast.com\/product\/yoast-seo-wordpress\/ -->\n<title>Mystery Box Adidas Yeezy 4000 PLN - SHEZAMME<\/title>\n<meta name=\"description\" content=\"Mystery Box Adidas Yeezy 4000 PLN | Luksusowe i autentyczne przedmioty w jednym miejscu. B\u0105d\u017a na bie\u017c\u0105co i sprawd\u017a nasz\u0105 ofert\u0119 ju\u017c teraz\" \/>\n<meta name=\"robots\" content=\"index, follow, max-snippet:-1, max-image-preview:large, max-video-preview:-1\" \/>\n<link rel=\"canonical\" href=\"https:\/\/shezamme.com\/en\/sklep\/accesories\/mysterybox-streetwear\/mystery-box-adidas-yeezy-4000-pln\/\" \/>\n<meta property=\"og:locale\" content=\"en_US\" \/>\n<meta property=\"og:type\" content=\"article\" \/>\n<meta property=\"og:title\" content=\"Mystery Box Adidas Yeezy 4000 PLN - SHEZAMME\" \/>\n<meta property=\"og:description\" content=\"Mystery Box Adidas Yeezy 4000 PLN | Luksusowe i autentyczne przedmioty w jednym miejscu. B\u0105d\u017a na bie\u017c\u0105co i sprawd\u017a nasz\u0105 ofert\u0119 ju\u017c teraz\" \/>\n<meta property=\"og:url\" content=\"https:\/\/shezamme.com\/en\/sklep\/accesories\/mysterybox-streetwear\/mystery-box-adidas-yeezy-4000-pln\/\" \/>\n<meta property=\"og:site_name\" content=\"SHEZAMME - Yeezy, Jordan, Supreme i inne oryginalne rzeczy\" \/>\n<meta property=\"article:publisher\" content=\"https:\/\/www.facebook.com\/SHEZAMME\/\" \/>\n<meta property=\"article:modified_time\" content=\"2024-10-30T18:53:33+00:00\" \/>\n<meta property=\"og:image\" content=\"https:\/\/shezamme.com\/wp-content\/uploads\/2024\/01\/shezamme_mysteryb_yeezy_4000_240219.webp\" \/>\n\t<meta property=\"og:image:width\" content=\"1080\" \/>\n\t<meta property=\"og:image:height\" content=\"1080\" \/>\n\t<meta property=\"og:image:type\" content=\"image\/webp\" \/>\n<meta name=\"twitter:card\" content=\"summary_large_image\" \/>\n<meta name=\"twitter:site\" content=\"@SHEZAMME\" \/>\n<meta name=\"twitter:label1\" content=\"Est. reading time\" \/>\n\t<meta name=\"twitter:data1\" content=\"1 minute\" \/>\n<script type=\"application\/ld+json\" class=\"yoast-schema-graph\">{\"@context\":\"https:\\\/\\\/schema.org\",\"@graph\":[{\"@type\":\"WebPage\",\"@id\":\"https:\\\/\\\/shezamme.com\\\/sklep\\\/akcesoria\\\/mysterybox-streetwear\\\/mystery-box-adidas-yeezy-4000-pln\\\/\",\"url\":\"https:\\\/\\\/shezamme.com\\\/sklep\\\/akcesoria\\\/mysterybox-streetwear\\\/mystery-box-adidas-yeezy-4000-pln\\\/\",\"name\":\"Mystery Box Adidas Yeezy 4000 PLN - SHEZAMME\",\"isPartOf\":{\"@id\":\"https:\\\/\\\/shezamme.com\\\/#website\"},\"primaryImageOfPage\":{\"@id\":\"https:\\\/\\\/shezamme.com\\\/sklep\\\/akcesoria\\\/mysterybox-streetwear\\\/mystery-box-adidas-yeezy-4000-pln\\\/#primaryimage\"},\"image\":{\"@id\":\"https:\\\/\\\/shezamme.com\\\/sklep\\\/akcesoria\\\/mysterybox-streetwear\\\/mystery-box-adidas-yeezy-4000-pln\\\/#primaryimage\"},\"thumbnailUrl\":\"https:\\\/\\\/shezamme.com\\\/wp-content\\\/uploads\\\/2024\\\/01\\\/shezamme_mysteryb_yeezy_4000_240219.webp\",\"datePublished\":\"2024-01-24T16:17:32+00:00\",\"dateModified\":\"2024-10-30T18:53:33+00:00\",\"description\":\"Mystery Box Adidas Yeezy 4000 PLN | Luksusowe i autentyczne przedmioty w jednym miejscu. B\u0105d\u017a na bie\u017c\u0105co i sprawd\u017a nasz\u0105 ofert\u0119 ju\u017c teraz\",\"breadcrumb\":{\"@id\":\"https:\\\/\\\/shezamme.com\\\/sklep\\\/akcesoria\\\/mysterybox-streetwear\\\/mystery-box-adidas-yeezy-4000-pln\\\/#breadcrumb\"},\"inLanguage\":\"en-US\",\"potentialAction\":[{\"@type\":\"ReadAction\",\"target\":[\"https:\\\/\\\/shezamme.com\\\/sklep\\\/akcesoria\\\/mysterybox-streetwear\\\/mystery-box-adidas-yeezy-4000-pln\\\/\"]}]},{\"@type\":\"ImageObject\",\"inLanguage\":\"en-US\",\"@id\":\"https:\\\/\\\/shezamme.com\\\/sklep\\\/akcesoria\\\/mysterybox-streetwear\\\/mystery-box-adidas-yeezy-4000-pln\\\/#primaryimage\",\"url\":\"https:\\\/\\\/shezamme.com\\\/wp-content\\\/uploads\\\/2024\\\/01\\\/shezamme_mysteryb_yeezy_4000_240219.webp\",\"contentUrl\":\"https:\\\/\\\/shezamme.com\\\/wp-content\\\/uploads\\\/2024\\\/01\\\/shezamme_mysteryb_yeezy_4000_240219.webp\",\"width\":1080,\"height\":1080,\"caption\":\"Mysterybox Yeezy Streetwear\"},{\"@type\":\"BreadcrumbList\",\"@id\":\"https:\\\/\\\/shezamme.com\\\/sklep\\\/akcesoria\\\/mysterybox-streetwear\\\/mystery-box-adidas-yeezy-4000-pln\\\/#breadcrumb\",\"itemListElement\":[{\"@type\":\"ListItem\",\"position\":1,\"name\":\"Strona g\u0142\u00f3wna\",\"item\":\"https:\\\/\\\/shezamme.com\\\/\"},{\"@type\":\"ListItem\",\"position\":2,\"name\":\"Sklep\",\"item\":\"https:\\\/\\\/shezamme.com\\\/en\\\/sklep\\\/\"},{\"@type\":\"ListItem\",\"position\":3,\"name\":\"Mystery Box Adidas Yeezy 4000 PLN\"}]},{\"@type\":\"WebSite\",\"@id\":\"https:\\\/\\\/shezamme.com\\\/#website\",\"url\":\"https:\\\/\\\/shezamme.com\\\/\",\"name\":\"SHEZAMME - Sneakersy, Streetwear i luksusowe marki\",\"description\":\"Oryginalne i ekskluzywne przedmioty w jednym miejscu. Sprawd\u017a nasze produkty ju\u017c teraz i b\u0105d\u017a na bie\u017c\u0105co z wszystkimi premierami.\",\"publisher\":{\"@id\":\"https:\\\/\\\/shezamme.com\\\/#organization\"},\"potentialAction\":[{\"@type\":\"SearchAction\",\"target\":{\"@type\":\"EntryPoint\",\"urlTemplate\":\"https:\\\/\\\/shezamme.com\\\/?s={search_term_string}\"},\"query-input\":{\"@type\":\"PropertyValueSpecification\",\"valueRequired\":true,\"valueName\":\"search_term_string\"}}],\"inLanguage\":\"en-US\"},{\"@type\":\"Organization\",\"@id\":\"https:\\\/\\\/shezamme.com\\\/#organization\",\"name\":\"SHEZAMME - Sneakersy, Streetwear i luksusowe marki\",\"url\":\"https:\\\/\\\/shezamme.com\\\/\",\"logo\":{\"@type\":\"ImageObject\",\"inLanguage\":\"en-US\",\"@id\":\"https:\\\/\\\/shezamme.com\\\/#\\\/schema\\\/logo\\\/image\\\/\",\"url\":\"https:\\\/\\\/shezamme.com\\\/wp-content\\\/uploads\\\/2023\\\/02\\\/0x0.png\",\"contentUrl\":\"https:\\\/\\\/shezamme.com\\\/wp-content\\\/uploads\\\/2023\\\/02\\\/0x0.png\",\"width\":2000,\"height\":2000,\"caption\":\"SHEZAMME - Sneakersy, Streetwear i luksusowe marki\"},\"image\":{\"@id\":\"https:\\\/\\\/shezamme.com\\\/#\\\/schema\\\/logo\\\/image\\\/\"},\"sameAs\":[\"https:\\\/\\\/www.facebook.com\\\/SHEZAMME\\\/\",\"https:\\\/\\\/x.com\\\/SHEZAMME\",\"https:\\\/\\\/www.instagram.com\\\/shezamme\\\/\",\"https:\\\/\\\/www.youtube.com\\\/channel\\\/UCsTJxi_9fODHdO_1bmJbqvQ\",\"https:\\\/\\\/www.tiktok.com\\\/shezamme.com\"]}]}<\/script>\n<!-- \/ Yoast SEO plugin. -->","yoast_head_json":{"title":"Mystery Box Adidas Yeezy 4000 PLN - SHEZAMME","description":"Mystery Box Adidas Yeezy 4000 PLN | Luksusowe i autentyczne przedmioty w jednym miejscu. B\u0105d\u017a na bie\u017c\u0105co i sprawd\u017a nasz\u0105 ofert\u0119 ju\u017c teraz","robots":{"index":"index","follow":"follow","max-snippet":"max-snippet:-1","max-image-preview":"max-image-preview:large","max-video-preview":"max-video-preview:-1"},"canonical":"https:\/\/shezamme.com\/en\/sklep\/accesories\/mysterybox-streetwear\/mystery-box-adidas-yeezy-4000-pln\/","og_locale":"en_US","og_type":"article","og_title":"Mystery Box Adidas Yeezy 4000 PLN - SHEZAMME","og_description":"Mystery Box Adidas Yeezy 4000 PLN | Luksusowe i autentyczne przedmioty w jednym miejscu. B\u0105d\u017a na bie\u017c\u0105co i sprawd\u017a nasz\u0105 ofert\u0119 ju\u017c teraz","og_url":"https:\/\/shezamme.com\/en\/sklep\/accesories\/mysterybox-streetwear\/mystery-box-adidas-yeezy-4000-pln\/","og_site_name":"SHEZAMME - Yeezy, Jordan, Supreme i inne oryginalne rzeczy","article_publisher":"https:\/\/www.facebook.com\/SHEZAMME\/","article_modified_time":"2024-10-30T18:53:33+00:00","og_image":[{"width":1080,"height":1080,"url":"https:\/\/shezamme.com\/wp-content\/uploads\/2024\/01\/shezamme_mysteryb_yeezy_4000_240219.webp","type":"image\/webp"}],"twitter_card":"summary_large_image","twitter_site":"@SHEZAMME","twitter_misc":{"Est. reading time":"1 minute"},"schema":{"@context":"https:\/\/schema.org","@graph":[{"@type":"WebPage","@id":"https:\/\/shezamme.com\/sklep\/akcesoria\/mysterybox-streetwear\/mystery-box-adidas-yeezy-4000-pln\/","url":"https:\/\/shezamme.com\/sklep\/akcesoria\/mysterybox-streetwear\/mystery-box-adidas-yeezy-4000-pln\/","name":"Mystery Box Adidas Yeezy 4000 PLN - SHEZAMME","isPartOf":{"@id":"https:\/\/shezamme.com\/#website"},"primaryImageOfPage":{"@id":"https:\/\/shezamme.com\/sklep\/akcesoria\/mysterybox-streetwear\/mystery-box-adidas-yeezy-4000-pln\/#primaryimage"},"image":{"@id":"https:\/\/shezamme.com\/sklep\/akcesoria\/mysterybox-streetwear\/mystery-box-adidas-yeezy-4000-pln\/#primaryimage"},"thumbnailUrl":"https:\/\/shezamme.com\/wp-content\/uploads\/2024\/01\/shezamme_mysteryb_yeezy_4000_240219.webp","datePublished":"2024-01-24T16:17:32+00:00","dateModified":"2024-10-30T18:53:33+00:00","description":"Mystery Box Adidas Yeezy 4000 PLN | Luksusowe i autentyczne przedmioty w jednym miejscu. B\u0105d\u017a na bie\u017c\u0105co i sprawd\u017a nasz\u0105 ofert\u0119 ju\u017c teraz","breadcrumb":{"@id":"https:\/\/shezamme.com\/sklep\/akcesoria\/mysterybox-streetwear\/mystery-box-adidas-yeezy-4000-pln\/#breadcrumb"},"inLanguage":"en-US","potentialAction":[{"@type":"ReadAction","target":["https:\/\/shezamme.com\/sklep\/akcesoria\/mysterybox-streetwear\/mystery-box-adidas-yeezy-4000-pln\/"]}]},{"@type":"ImageObject","inLanguage":"en-US","@id":"https:\/\/shezamme.com\/sklep\/akcesoria\/mysterybox-streetwear\/mystery-box-adidas-yeezy-4000-pln\/#primaryimage","url":"https:\/\/shezamme.com\/wp-content\/uploads\/2024\/01\/shezamme_mysteryb_yeezy_4000_240219.webp","contentUrl":"https:\/\/shezamme.com\/wp-content\/uploads\/2024\/01\/shezamme_mysteryb_yeezy_4000_240219.webp","width":1080,"height":1080,"caption":"Mysterybox Yeezy Streetwear"},{"@type":"BreadcrumbList","@id":"https:\/\/shezamme.com\/sklep\/akcesoria\/mysterybox-streetwear\/mystery-box-adidas-yeezy-4000-pln\/#breadcrumb","itemListElement":[{"@type":"ListItem","position":1,"name":"Strona g\u0142\u00f3wna","item":"https:\/\/shezamme.com\/"},{"@type":"ListItem","position":2,"name":"Sklep","item":"https:\/\/shezamme.com\/en\/sklep\/"},{"@type":"ListItem","position":3,"name":"Mystery Box Adidas Yeezy 4000 PLN"}]},{"@type":"WebSite","@id":"https:\/\/shezamme.com\/#website","url":"https:\/\/shezamme.com\/","name":"SHEZAMME - Sneakers, Streetwear and luxury brands","description":"Original and exclusive items in one place. Check out our products now and stay up to date with all launches.","publisher":{"@id":"https:\/\/shezamme.com\/#organization"},"potentialAction":[{"@type":"SearchAction","target":{"@type":"EntryPoint","urlTemplate":"https:\/\/shezamme.com\/?s={search_term_string}"},"query-input":{"@type":"PropertyValueSpecification","valueRequired":true,"valueName":"search_term_string"}}],"inLanguage":"en-US"},{"@type":"Organization","@id":"https:\/\/shezamme.com\/#organization","name":"SHEZAMME - Sneakers, Streetwear and luxury brands","url":"https:\/\/shezamme.com\/","logo":{"@type":"ImageObject","inLanguage":"en-US","@id":"https:\/\/shezamme.com\/#\/schema\/logo\/image\/","url":"https:\/\/shezamme.com\/wp-content\/uploads\/2023\/02\/0x0.png","contentUrl":"https:\/\/shezamme.com\/wp-content\/uploads\/2023\/02\/0x0.png","width":2000,"height":2000,"caption":"SHEZAMME - Sneakersy, Streetwear i luksusowe marki"},"image":{"@id":"https:\/\/shezamme.com\/#\/schema\/logo\/image\/"},"sameAs":["https:\/\/www.facebook.com\/SHEZAMME\/","https:\/\/x.com\/SHEZAMME","https:\/\/www.instagram.com\/shezamme\/","https:\/\/www.youtube.com\/channel\/UCsTJxi_9fODHdO_1bmJbqvQ","https:\/\/www.tiktok.com\/shezamme.com"]}]}},"brands":[{"id":748,"name":"Adidas","slug":"adidas"},{"id":750,"name":"Yeezy","slug":"yeezy"}],"_links":{"self":[{"href":"https:\/\/shezamme.com\/en\/wp-json\/wp\/v2\/product\/38314","targetHints":{"allow":["GET"]}}],"collection":[{"href":"https:\/\/shezamme.com\/en\/wp-json\/wp\/v2\/product"}],"about":[{"href":"https:\/\/shezamme.com\/en\/wp-json\/wp\/v2\/types\/product"}],"wp:featuredmedia":[{"embeddable":true,"href":"https:\/\/shezamme.com\/en\/wp-json\/wp\/v2\/media\/38998"}],"wp:attachment":[{"href":"https:\/\/shezamme.com\/en\/wp-json\/wp\/v2\/media?parent=38314"}],"wp:term":[{"taxonomy":"pwb-brand","embeddable":true,"href":"https:\/\/shezamme.com\/en\/wp-json\/wp\/v2\/pwb-brand?post=38314"},{"taxonomy":"product_brand","embeddable":true,"href":"https:\/\/shezamme.com\/en\/wp-json\/wp\/v2\/product_brand?post=38314"},{"taxonomy":"product_cat","embeddable":true,"href":"https:\/\/shezamme.com\/en\/wp-json\/wp\/v2\/product_cat?post=38314"},{"taxonomy":"product_tag","embeddable":true,"href":"https:\/\/shezamme.com\/en\/wp-json\/wp\/v2\/product_tag?post=38314"}],"curies":[{"name":"wp","href":"https:\/\/api.w.org\/{rel}","templated":true}]}}