{"id":38,"date":"2022-07-30T21:03:46","date_gmt":"2022-07-30T19:03:46","guid":{"rendered":"https:\/\/staging1.waw.pl\/?post_type=product&#038;p=38"},"modified":"2024-10-30T20:03:06","modified_gmt":"2024-10-30T19:03:06","slug":"virgil-abloh-x-ikea-markerad-wet-grass","status":"publish","type":"product","link":"https:\/\/shezamme.com\/en\/sklep\/akcesoria\/virgil-abloh-x-ikea-markerad-wet-grass\/","title":{"rendered":"Virgil Abloh x IKEA MARKERAD &#8222;WET GRASS&#8221;"},"content":{"rendered":"<p>Virgil Abloh x IKEA MARKERAD &#8222;WET GRASS<\/p>\n<p>Stan: Nowy<\/p>\n<p>Wymiary:\u00a0195 x 132 cm<\/p>","protected":false},"excerpt":{"rendered":"<p>Virgil Abloh x IKEA MARKERAD &#8222;WET GRASS Stan: Nowy Wymiary:\u00a0195 x 132 cm<\/p>","protected":false},"featured_media":52,"template":"","meta":{"_acf_changed":false},"pwb-brand":[755],"product_brand":[],"product_cat":[23],"product_tag":[],"class_list":{"0":"post-38","1":"product","2":"type-product","3":"status-publish","4":"has-post-thumbnail","6":"pwb-brand-off-white","7":"product_cat-akcesoria","9":"first","10":"onbackorder","11":"taxable","12":"shipping-taxable","13":"purchasable","14":"product-type-variable"},"acf":[],"yoast_head":"<!-- This site is optimized with the Yoast SEO plugin v27.2 - https:\/\/yoast.com\/product\/yoast-seo-wordpress\/ -->\n<title>Virgil Abloh x IKEA MARKERAD &quot;WET GRASS&quot; - SHEZAMME<\/title>\n<meta name=\"description\" content=\"SHEZAMME - Yeezy, Jordan, Supreme i inne oryginalne rzeczy - Virgil Abloh x IKEA MARKERAD &quot;WET GRASS&quot;\" \/>\n<meta name=\"robots\" content=\"index, follow, max-snippet:-1, max-image-preview:large, max-video-preview:-1\" \/>\n<link rel=\"canonical\" href=\"https:\/\/shezamme.com\/en\/sklep\/accesories\/all-accesories\/virgil-abloh-x-ikea-markerad-wet-grass\/\" \/>\n<meta property=\"og:locale\" content=\"en_US\" \/>\n<meta property=\"og:type\" content=\"article\" \/>\n<meta property=\"og:title\" content=\"Virgil Abloh x IKEA MARKERAD &quot;WET GRASS&quot; - SHEZAMME\" \/>\n<meta property=\"og:description\" content=\"SHEZAMME - Yeezy, Jordan, Supreme i inne oryginalne rzeczy - Virgil Abloh x IKEA MARKERAD &quot;WET GRASS&quot;\" \/>\n<meta property=\"og:url\" content=\"https:\/\/shezamme.com\/en\/sklep\/accesories\/all-accesories\/virgil-abloh-x-ikea-markerad-wet-grass\/\" \/>\n<meta property=\"og:site_name\" content=\"SHEZAMME - Yeezy, Jordan, Supreme i inne oryginalne rzeczy\" \/>\n<meta property=\"article:publisher\" content=\"https:\/\/www.facebook.com\/SHEZAMME\/\" \/>\n<meta property=\"article:modified_time\" content=\"2024-10-30T19:03:06+00:00\" \/>\n<meta property=\"og:image\" content=\"https:\/\/shezamme.com\/wp-content\/uploads\/2022\/07\/5484-shezamme-off-white-wetgrass.jpg\" \/>\n\t<meta property=\"og:image:width\" content=\"900\" \/>\n\t<meta property=\"og:image:height\" content=\"900\" \/>\n\t<meta property=\"og:image:type\" content=\"image\/jpeg\" \/>\n<meta name=\"twitter:card\" content=\"summary_large_image\" \/>\n<meta name=\"twitter:site\" content=\"@SHEZAMME\" \/>\n<meta name=\"twitter:label1\" content=\"Est. reading time\" \/>\n\t<meta name=\"twitter:data1\" content=\"1 minute\" \/>\n<script type=\"application\/ld+json\" class=\"yoast-schema-graph\">{\"@context\":\"https:\/\/schema.org\",\"@graph\":[{\"@type\":\"WebPage\",\"@id\":\"https:\/\/shezamme.com\/sklep\/akcesoria\/wszystkie-akcesoria\/virgil-abloh-x-ikea-markerad-wet-grass\/\",\"url\":\"https:\/\/shezamme.com\/sklep\/akcesoria\/wszystkie-akcesoria\/virgil-abloh-x-ikea-markerad-wet-grass\/\",\"name\":\"Virgil Abloh x IKEA MARKERAD \\\"WET GRASS\\\" - SHEZAMME\",\"isPartOf\":{\"@id\":\"https:\/\/shezamme.com\/#website\"},\"primaryImageOfPage\":{\"@id\":\"https:\/\/shezamme.com\/sklep\/akcesoria\/wszystkie-akcesoria\/virgil-abloh-x-ikea-markerad-wet-grass\/#primaryimage\"},\"image\":{\"@id\":\"https:\/\/shezamme.com\/sklep\/akcesoria\/wszystkie-akcesoria\/virgil-abloh-x-ikea-markerad-wet-grass\/#primaryimage\"},\"thumbnailUrl\":\"https:\/\/shezamme.com\/wp-content\/uploads\/2022\/07\/5484-shezamme-off-white-wetgrass.jpg\",\"datePublished\":\"2022-07-30T19:03:46+00:00\",\"dateModified\":\"2024-10-30T19:03:06+00:00\",\"description\":\"SHEZAMME - Yeezy, Jordan, Supreme i inne oryginalne rzeczy - Virgil Abloh x IKEA MARKERAD \\\"WET GRASS\\\"\",\"breadcrumb\":{\"@id\":\"https:\/\/shezamme.com\/sklep\/akcesoria\/wszystkie-akcesoria\/virgil-abloh-x-ikea-markerad-wet-grass\/#breadcrumb\"},\"inLanguage\":\"en-US\",\"potentialAction\":[{\"@type\":\"ReadAction\",\"target\":[\"https:\/\/shezamme.com\/sklep\/akcesoria\/wszystkie-akcesoria\/virgil-abloh-x-ikea-markerad-wet-grass\/\"]}]},{\"@type\":\"ImageObject\",\"inLanguage\":\"en-US\",\"@id\":\"https:\/\/shezamme.com\/sklep\/akcesoria\/wszystkie-akcesoria\/virgil-abloh-x-ikea-markerad-wet-grass\/#primaryimage\",\"url\":\"https:\/\/shezamme.com\/wp-content\/uploads\/2022\/07\/5484-shezamme-off-white-wetgrass.jpg\",\"contentUrl\":\"https:\/\/shezamme.com\/wp-content\/uploads\/2022\/07\/5484-shezamme-off-white-wetgrass.jpg\",\"width\":900,\"height\":900,\"caption\":\"Virgil Abloh x IKEA MARKERAD &#8220;WET GRASS&#8221;\"},{\"@type\":\"BreadcrumbList\",\"@id\":\"https:\/\/shezamme.com\/sklep\/akcesoria\/wszystkie-akcesoria\/virgil-abloh-x-ikea-markerad-wet-grass\/#breadcrumb\",\"itemListElement\":[{\"@type\":\"ListItem\",\"position\":1,\"name\":\"Strona g\u0142\u00f3wna\",\"item\":\"https:\/\/shezamme.com\/\"},{\"@type\":\"ListItem\",\"position\":2,\"name\":\"Sklep\",\"item\":\"https:\/\/shezamme.com\/sklep\/\"},{\"@type\":\"ListItem\",\"position\":3,\"name\":\"Virgil Abloh x IKEA MARKERAD &#8220;WET GRASS&#8221;\"}]},{\"@type\":\"WebSite\",\"@id\":\"https:\/\/shezamme.com\/#website\",\"url\":\"https:\/\/shezamme.com\/\",\"name\":\"SHEZAMME - Sneakersy, Streetwear i luksusowe marki\",\"description\":\"Oryginalne i ekskluzywne przedmioty w jednym miejscu. Sprawd\u017a nasze produkty ju\u017c teraz i b\u0105d\u017a na bie\u017c\u0105co z wszystkimi premierami.\",\"publisher\":{\"@id\":\"https:\/\/shezamme.com\/#organization\"},\"potentialAction\":[{\"@type\":\"SearchAction\",\"target\":{\"@type\":\"EntryPoint\",\"urlTemplate\":\"https:\/\/shezamme.com\/?s={search_term_string}\"},\"query-input\":{\"@type\":\"PropertyValueSpecification\",\"valueRequired\":true,\"valueName\":\"search_term_string\"}}],\"inLanguage\":\"en-US\"},{\"@type\":\"Organization\",\"@id\":\"https:\/\/shezamme.com\/#organization\",\"name\":\"SHEZAMME - Sneakersy, Streetwear i luksusowe marki\",\"url\":\"https:\/\/shezamme.com\/\",\"logo\":{\"@type\":\"ImageObject\",\"inLanguage\":\"en-US\",\"@id\":\"https:\/\/shezamme.com\/#\/schema\/logo\/image\/\",\"url\":\"https:\/\/shezamme.com\/wp-content\/uploads\/2023\/02\/0x0.png\",\"contentUrl\":\"https:\/\/shezamme.com\/wp-content\/uploads\/2023\/02\/0x0.png\",\"width\":2000,\"height\":2000,\"caption\":\"SHEZAMME - Sneakersy, Streetwear i luksusowe marki\"},\"image\":{\"@id\":\"https:\/\/shezamme.com\/#\/schema\/logo\/image\/\"},\"sameAs\":[\"https:\/\/www.facebook.com\/SHEZAMME\/\",\"https:\/\/x.com\/SHEZAMME\",\"https:\/\/www.instagram.com\/shezamme\/\",\"https:\/\/www.youtube.com\/channel\/UCsTJxi_9fODHdO_1bmJbqvQ\",\"https:\/\/www.tiktok.com\/shezamme.com\"]}]}<\/script>\n<!-- \/ Yoast SEO plugin. -->","yoast_head_json":{"title":"Virgil Abloh x IKEA MARKERAD \"WET GRASS\" - SHEZAMME","description":"SHEZAMME - Yeezy, Jordan, Supreme i inne oryginalne rzeczy - Virgil Abloh x IKEA MARKERAD \"WET GRASS\"","robots":{"index":"index","follow":"follow","max-snippet":"max-snippet:-1","max-image-preview":"max-image-preview:large","max-video-preview":"max-video-preview:-1"},"canonical":"https:\/\/shezamme.com\/en\/sklep\/accesories\/all-accesories\/virgil-abloh-x-ikea-markerad-wet-grass\/","og_locale":"en_US","og_type":"article","og_title":"Virgil Abloh x IKEA MARKERAD \"WET GRASS\" - SHEZAMME","og_description":"SHEZAMME - Yeezy, Jordan, Supreme i inne oryginalne rzeczy - Virgil Abloh x IKEA MARKERAD \"WET GRASS\"","og_url":"https:\/\/shezamme.com\/en\/sklep\/accesories\/all-accesories\/virgil-abloh-x-ikea-markerad-wet-grass\/","og_site_name":"SHEZAMME - Yeezy, Jordan, Supreme i inne oryginalne rzeczy","article_publisher":"https:\/\/www.facebook.com\/SHEZAMME\/","article_modified_time":"2024-10-30T19:03:06+00:00","og_image":[{"width":900,"height":900,"url":"https:\/\/shezamme.com\/wp-content\/uploads\/2022\/07\/5484-shezamme-off-white-wetgrass.jpg","type":"image\/jpeg"}],"twitter_card":"summary_large_image","twitter_site":"@SHEZAMME","twitter_misc":{"Est. reading time":"1 minute"},"schema":{"@context":"https:\/\/schema.org","@graph":[{"@type":"WebPage","@id":"https:\/\/shezamme.com\/sklep\/akcesoria\/wszystkie-akcesoria\/virgil-abloh-x-ikea-markerad-wet-grass\/","url":"https:\/\/shezamme.com\/sklep\/akcesoria\/wszystkie-akcesoria\/virgil-abloh-x-ikea-markerad-wet-grass\/","name":"Virgil Abloh x IKEA MARKERAD \"WET GRASS\" - SHEZAMME","isPartOf":{"@id":"https:\/\/shezamme.com\/#website"},"primaryImageOfPage":{"@id":"https:\/\/shezamme.com\/sklep\/akcesoria\/wszystkie-akcesoria\/virgil-abloh-x-ikea-markerad-wet-grass\/#primaryimage"},"image":{"@id":"https:\/\/shezamme.com\/sklep\/akcesoria\/wszystkie-akcesoria\/virgil-abloh-x-ikea-markerad-wet-grass\/#primaryimage"},"thumbnailUrl":"https:\/\/shezamme.com\/wp-content\/uploads\/2022\/07\/5484-shezamme-off-white-wetgrass.jpg","datePublished":"2022-07-30T19:03:46+00:00","dateModified":"2024-10-30T19:03:06+00:00","description":"SHEZAMME - Yeezy, Jordan, Supreme i inne oryginalne rzeczy - Virgil Abloh x IKEA MARKERAD \"WET GRASS\"","breadcrumb":{"@id":"https:\/\/shezamme.com\/sklep\/akcesoria\/wszystkie-akcesoria\/virgil-abloh-x-ikea-markerad-wet-grass\/#breadcrumb"},"inLanguage":"en-US","potentialAction":[{"@type":"ReadAction","target":["https:\/\/shezamme.com\/sklep\/akcesoria\/wszystkie-akcesoria\/virgil-abloh-x-ikea-markerad-wet-grass\/"]}]},{"@type":"ImageObject","inLanguage":"en-US","@id":"https:\/\/shezamme.com\/sklep\/akcesoria\/wszystkie-akcesoria\/virgil-abloh-x-ikea-markerad-wet-grass\/#primaryimage","url":"https:\/\/shezamme.com\/wp-content\/uploads\/2022\/07\/5484-shezamme-off-white-wetgrass.jpg","contentUrl":"https:\/\/shezamme.com\/wp-content\/uploads\/2022\/07\/5484-shezamme-off-white-wetgrass.jpg","width":900,"height":900,"caption":"Virgil Abloh x IKEA MARKERAD &#8220;WET GRASS&#8221;"},{"@type":"BreadcrumbList","@id":"https:\/\/shezamme.com\/sklep\/akcesoria\/wszystkie-akcesoria\/virgil-abloh-x-ikea-markerad-wet-grass\/#breadcrumb","itemListElement":[{"@type":"ListItem","position":1,"name":"Strona g\u0142\u00f3wna","item":"https:\/\/shezamme.com\/"},{"@type":"ListItem","position":2,"name":"Sklep","item":"https:\/\/shezamme.com\/sklep\/"},{"@type":"ListItem","position":3,"name":"Virgil Abloh x IKEA MARKERAD &#8220;WET GRASS&#8221;"}]},{"@type":"WebSite","@id":"https:\/\/shezamme.com\/#website","url":"https:\/\/shezamme.com\/","name":"SHEZAMME - Sneakers, Streetwear and luxury brands","description":"Original and exclusive items in one place. Check out our products now and stay up to date with all launches.","publisher":{"@id":"https:\/\/shezamme.com\/#organization"},"potentialAction":[{"@type":"SearchAction","target":{"@type":"EntryPoint","urlTemplate":"https:\/\/shezamme.com\/?s={search_term_string}"},"query-input":{"@type":"PropertyValueSpecification","valueRequired":true,"valueName":"search_term_string"}}],"inLanguage":"en-US"},{"@type":"Organization","@id":"https:\/\/shezamme.com\/#organization","name":"SHEZAMME - Sneakers, Streetwear and luxury brands","url":"https:\/\/shezamme.com\/","logo":{"@type":"ImageObject","inLanguage":"en-US","@id":"https:\/\/shezamme.com\/#\/schema\/logo\/image\/","url":"https:\/\/shezamme.com\/wp-content\/uploads\/2023\/02\/0x0.png","contentUrl":"https:\/\/shezamme.com\/wp-content\/uploads\/2023\/02\/0x0.png","width":2000,"height":2000,"caption":"SHEZAMME - Sneakersy, Streetwear i luksusowe marki"},"image":{"@id":"https:\/\/shezamme.com\/#\/schema\/logo\/image\/"},"sameAs":["https:\/\/www.facebook.com\/SHEZAMME\/","https:\/\/x.com\/SHEZAMME","https:\/\/www.instagram.com\/shezamme\/","https:\/\/www.youtube.com\/channel\/UCsTJxi_9fODHdO_1bmJbqvQ","https:\/\/www.tiktok.com\/shezamme.com"]}]}},"brands":[{"id":755,"name":"OFF-WHITE","slug":"off-white"}],"_links":{"self":[{"href":"https:\/\/shezamme.com\/en\/wp-json\/wp\/v2\/product\/38","targetHints":{"allow":["GET"]}}],"collection":[{"href":"https:\/\/shezamme.com\/en\/wp-json\/wp\/v2\/product"}],"about":[{"href":"https:\/\/shezamme.com\/en\/wp-json\/wp\/v2\/types\/product"}],"wp:featuredmedia":[{"embeddable":true,"href":"https:\/\/shezamme.com\/en\/wp-json\/wp\/v2\/media\/52"}],"wp:attachment":[{"href":"https:\/\/shezamme.com\/en\/wp-json\/wp\/v2\/media?parent=38"}],"wp:term":[{"taxonomy":"pwb-brand","embeddable":true,"href":"https:\/\/shezamme.com\/en\/wp-json\/wp\/v2\/pwb-brand?post=38"},{"taxonomy":"product_brand","embeddable":true,"href":"https:\/\/shezamme.com\/en\/wp-json\/wp\/v2\/product_brand?post=38"},{"taxonomy":"product_cat","embeddable":true,"href":"https:\/\/shezamme.com\/en\/wp-json\/wp\/v2\/product_cat?post=38"},{"taxonomy":"product_tag","embeddable":true,"href":"https:\/\/shezamme.com\/en\/wp-json\/wp\/v2\/product_tag?post=38"}],"curies":[{"name":"wp","href":"https:\/\/api.w.org\/{rel}","templated":true}]}}