{"id":37690,"date":"2023-12-26T18:03:47","date_gmt":"2023-12-26T17:03:47","guid":{"rendered":"https:\/\/shezamme.com\/?post_type=product&#038;p=37690"},"modified":"2025-05-19T18:22:48","modified_gmt":"2025-05-19T16:22:48","slug":"mac-attack-sp-x-travis-scott-cactus-jack","status":"publish","type":"product","link":"https:\/\/shezamme.com\/en\/sklep\/buty\/nike\/nike-travis-scott\/mac-attack-sp-x-travis-scott-cactus-jack\/","title":{"rendered":"Mac Attack SP x Travis Scott Cactus Jack"},"content":{"rendered":"<h2 class=\"\" data-start=\"0\" data-end=\"70\">Powr\u00f3t retro modelu Mac Attack w kolaboracyjnej wersji Travis Scott<\/h2>\n<p class=\"\" data-start=\"72\" data-end=\"539\">Nike Mac Attack SP x Travis Scott &#8222;Cactus Jack&#8221; to reinterpretacja kultowego modelu z lat 80., w kt\u00f3rej klasyczna sylwetka kortowa spotyka wsp\u00f3\u0142czesny streetwear. Cholewka \u0142\u0105czy siateczk\u0119 i naturaln\u0105 sk\u00f3r\u0119, tworz\u0105c przewiewn\u0105 i lekk\u0105 konstrukcj\u0119 w kolorystyce Light Smoke Grey, Black i White. Najbardziej rozpoznawalnym elementem jest odwr\u00f3cony Swoosh \u2013 charakterystyczny motyw wsp\u00f3\u0142pracy Travisa Scotta z Nike \u2013 kt\u00f3ry przyci\u0105ga wzrok i podkre\u015bla unikalno\u015b\u0107 projektu.<\/p>\n<h2 class=\"\" data-start=\"541\" data-end=\"592\">Detale, kt\u00f3re podkre\u015blaj\u0105 ekskluzywno\u015b\u0107 i wygod\u0119<\/h2>\n<p class=\"\" data-start=\"594\" data-end=\"1066\">Model wyposa\u017cono w klasyczn\u0105 gumow\u0105 podeszw\u0119 z kontrastuj\u0105c\u0105 czarn\u0105 warstw\u0105, inspirowan\u0105 oryginalnym Mac Attack. Wn\u0119trze zapewnia komfort dzi\u0119ki perforowanemu j\u0119zykowi i wyprofilowanemu ko\u0142nierzowi, kt\u00f3ry stabilizuje stop\u0119. Branding Cactus Jack na j\u0119zyku i pi\u0119cie, a tak\u017ce dedykowane pude\u0142ko z co-brandingiem Nike x Travis Scott, podkre\u015blaj\u0105 limitowany charakter tej edycji. To model stworzony zar\u00f3wno dla kolekcjoner\u00f3w, jak i fan\u00f3w miejskiego stylu z muzycznym rodowodem.<\/p>","protected":false},"excerpt":{"rendered":"<h2 class=\"\" data-start=\"0\" data-end=\"54\">Klasyka kortu w hip-hopowej ods\u0142onie Travisa Scotta<\/h2>\n<p class=\"\" data-start=\"56\" data-end=\"494\">Nike Mac Attack SP x Travis Scott &#8222;Cactus Jack&#8221; to po\u0142\u0105czenie retro sylwetki z lat 80. z charakterystycznym stylem artysty. Siateczkowo-sk\u00f3rzana cholewka w odcieniach szaro\u015bci i bieli zosta\u0142a wzbogacona o odwr\u00f3cony Swoosh oraz branding Cactus Jack, nadaj\u0105c modelowi unikalny wygl\u0105d. Gumowa podeszwa i perforowany j\u0119zyk dbaj\u0105 o komfort, a limitowany charakter kolaboracji czyni ten model po\u017c\u0105danym elementem ka\u017cdej streetwearowej kolekcji.<\/p>","protected":false},"featured_media":37703,"template":"","meta":{"_acf_changed":false},"pwb-brand":[756,1086],"product_brand":[],"product_cat":[16,171,1163],"product_tag":[1008,1009],"class_list":{"0":"post-37690","1":"product","2":"type-product","3":"status-publish","4":"has-post-thumbnail","6":"pwb-brand-nike","7":"pwb-brand-travis-scott","8":"product_cat-buty","9":"product_cat-inne","10":"product_cat-nike-travis-scott","11":"product_tag-kobieta","12":"product_tag-mezczyzna","14":"first","15":"onbackorder","16":"taxable","17":"shipping-taxable","18":"purchasable","19":"product-type-variable","20":"has-default-attributes"},"acf":[],"yoast_head":"<!-- This site is optimized with the Yoast SEO plugin v27.2 - https:\/\/yoast.com\/product\/yoast-seo-wordpress\/ -->\n<title>Mac Attack SP x Travis Scott Cactus Jack - SHEZAMME<\/title>\n<meta name=\"description\" content=\"Mac Attack SP x Travis Scott Cactus Jack | Luksusowe i autentyczne przedmioty w jednym miejscu. B\u0105d\u017a na bie\u017c\u0105co i sprawd\u017a nasz\u0105 ofert\u0119 ju\u017c teraz\" \/>\n<meta name=\"robots\" content=\"index, follow, max-snippet:-1, max-image-preview:large, max-video-preview:-1\" \/>\n<link rel=\"canonical\" href=\"https:\/\/shezamme.com\/en\/sklep\/sneakers-2\/nike\/nike-travis-scott\/mac-attack-sp-x-travis-scott-cactus-jack\/\" \/>\n<meta property=\"og:locale\" content=\"en_US\" \/>\n<meta property=\"og:type\" content=\"article\" \/>\n<meta property=\"og:title\" content=\"Mac Attack SP x Travis Scott Cactus Jack - SHEZAMME\" \/>\n<meta property=\"og:description\" content=\"Mac Attack SP x Travis Scott Cactus Jack | Luksusowe i autentyczne przedmioty w jednym miejscu. B\u0105d\u017a na bie\u017c\u0105co i sprawd\u017a nasz\u0105 ofert\u0119 ju\u017c teraz\" \/>\n<meta property=\"og:url\" content=\"https:\/\/shezamme.com\/en\/sklep\/sneakers-2\/nike\/nike-travis-scott\/mac-attack-sp-x-travis-scott-cactus-jack\/\" \/>\n<meta property=\"og:site_name\" content=\"SHEZAMME - Yeezy, Jordan, Supreme i inne oryginalne rzeczy\" \/>\n<meta property=\"article:publisher\" content=\"https:\/\/www.facebook.com\/SHEZAMME\/\" \/>\n<meta property=\"article:modified_time\" content=\"2025-05-19T16:22:48+00:00\" \/>\n<meta property=\"og:image\" content=\"https:\/\/shezamme.com\/wp-content\/uploads\/2023\/12\/IMG_8175-2.jpg\" \/>\n\t<meta property=\"og:image:width\" content=\"1170\" \/>\n\t<meta property=\"og:image:height\" content=\"1009\" \/>\n\t<meta property=\"og:image:type\" content=\"image\/jpeg\" \/>\n<meta name=\"twitter:card\" content=\"summary_large_image\" \/>\n<meta name=\"twitter:site\" content=\"@SHEZAMME\" \/>\n<meta name=\"twitter:label1\" content=\"Est. reading time\" \/>\n\t<meta name=\"twitter:data1\" content=\"1 minute\" \/>\n<script type=\"application\/ld+json\" class=\"yoast-schema-graph\">{\"@context\":\"https:\/\/schema.org\",\"@graph\":[{\"@type\":\"WebPage\",\"@id\":\"https:\/\/shezamme.com\/sklep\/buty\/nike\/nike-travis-scott\/mac-attack-sp-x-travis-scott-cactus-jack\/\",\"url\":\"https:\/\/shezamme.com\/sklep\/buty\/nike\/nike-travis-scott\/mac-attack-sp-x-travis-scott-cactus-jack\/\",\"name\":\"Mac Attack SP x Travis Scott Cactus Jack - SHEZAMME\",\"isPartOf\":{\"@id\":\"https:\/\/shezamme.com\/#website\"},\"primaryImageOfPage\":{\"@id\":\"https:\/\/shezamme.com\/sklep\/buty\/nike\/nike-travis-scott\/mac-attack-sp-x-travis-scott-cactus-jack\/#primaryimage\"},\"image\":{\"@id\":\"https:\/\/shezamme.com\/sklep\/buty\/nike\/nike-travis-scott\/mac-attack-sp-x-travis-scott-cactus-jack\/#primaryimage\"},\"thumbnailUrl\":\"https:\/\/shezamme.com\/wp-content\/uploads\/2023\/12\/IMG_8175-2.jpg\",\"datePublished\":\"2023-12-26T17:03:47+00:00\",\"dateModified\":\"2025-05-19T16:22:48+00:00\",\"description\":\"Mac Attack SP x Travis Scott Cactus Jack | Luksusowe i autentyczne przedmioty w jednym miejscu. B\u0105d\u017a na bie\u017c\u0105co i sprawd\u017a nasz\u0105 ofert\u0119 ju\u017c teraz\",\"breadcrumb\":{\"@id\":\"https:\/\/shezamme.com\/sklep\/buty\/nike\/nike-travis-scott\/mac-attack-sp-x-travis-scott-cactus-jack\/#breadcrumb\"},\"inLanguage\":\"en-US\",\"potentialAction\":[{\"@type\":\"ReadAction\",\"target\":[\"https:\/\/shezamme.com\/sklep\/buty\/nike\/nike-travis-scott\/mac-attack-sp-x-travis-scott-cactus-jack\/\"]}]},{\"@type\":\"ImageObject\",\"inLanguage\":\"en-US\",\"@id\":\"https:\/\/shezamme.com\/sklep\/buty\/nike\/nike-travis-scott\/mac-attack-sp-x-travis-scott-cactus-jack\/#primaryimage\",\"url\":\"https:\/\/shezamme.com\/wp-content\/uploads\/2023\/12\/IMG_8175-2.jpg\",\"contentUrl\":\"https:\/\/shezamme.com\/wp-content\/uploads\/2023\/12\/IMG_8175-2.jpg\",\"width\":1170,\"height\":1009,\"caption\":\"Travis Scott x Mac Attack SP Cactus Mac\"},{\"@type\":\"BreadcrumbList\",\"@id\":\"https:\/\/shezamme.com\/sklep\/buty\/nike\/nike-travis-scott\/mac-attack-sp-x-travis-scott-cactus-jack\/#breadcrumb\",\"itemListElement\":[{\"@type\":\"ListItem\",\"position\":1,\"name\":\"Strona g\u0142\u00f3wna\",\"item\":\"https:\/\/shezamme.com\/\"},{\"@type\":\"ListItem\",\"position\":2,\"name\":\"Sklep\",\"item\":\"https:\/\/shezamme.com\/sklep\/\"},{\"@type\":\"ListItem\",\"position\":3,\"name\":\"Mac Attack SP x Travis Scott Cactus Jack\"}]},{\"@type\":\"WebSite\",\"@id\":\"https:\/\/shezamme.com\/#website\",\"url\":\"https:\/\/shezamme.com\/\",\"name\":\"SHEZAMME - Sneakersy, Streetwear i luksusowe marki\",\"description\":\"Oryginalne i ekskluzywne przedmioty w jednym miejscu. Sprawd\u017a nasze produkty ju\u017c teraz i b\u0105d\u017a na bie\u017c\u0105co z wszystkimi premierami.\",\"publisher\":{\"@id\":\"https:\/\/shezamme.com\/#organization\"},\"potentialAction\":[{\"@type\":\"SearchAction\",\"target\":{\"@type\":\"EntryPoint\",\"urlTemplate\":\"https:\/\/shezamme.com\/?s={search_term_string}\"},\"query-input\":{\"@type\":\"PropertyValueSpecification\",\"valueRequired\":true,\"valueName\":\"search_term_string\"}}],\"inLanguage\":\"en-US\"},{\"@type\":\"Organization\",\"@id\":\"https:\/\/shezamme.com\/#organization\",\"name\":\"SHEZAMME - Sneakersy, Streetwear i luksusowe marki\",\"url\":\"https:\/\/shezamme.com\/\",\"logo\":{\"@type\":\"ImageObject\",\"inLanguage\":\"en-US\",\"@id\":\"https:\/\/shezamme.com\/#\/schema\/logo\/image\/\",\"url\":\"https:\/\/shezamme.com\/wp-content\/uploads\/2023\/02\/0x0.png\",\"contentUrl\":\"https:\/\/shezamme.com\/wp-content\/uploads\/2023\/02\/0x0.png\",\"width\":2000,\"height\":2000,\"caption\":\"SHEZAMME - Sneakersy, Streetwear i luksusowe marki\"},\"image\":{\"@id\":\"https:\/\/shezamme.com\/#\/schema\/logo\/image\/\"},\"sameAs\":[\"https:\/\/www.facebook.com\/SHEZAMME\/\",\"https:\/\/x.com\/SHEZAMME\",\"https:\/\/www.instagram.com\/shezamme\/\",\"https:\/\/www.youtube.com\/channel\/UCsTJxi_9fODHdO_1bmJbqvQ\",\"https:\/\/www.tiktok.com\/shezamme.com\"]}]}<\/script>\n<!-- \/ Yoast SEO plugin. -->","yoast_head_json":{"title":"Mac Attack SP x Travis Scott Cactus Jack - SHEZAMME","description":"Mac Attack SP x Travis Scott Cactus Jack | Luksusowe i autentyczne przedmioty w jednym miejscu. B\u0105d\u017a na bie\u017c\u0105co i sprawd\u017a nasz\u0105 ofert\u0119 ju\u017c teraz","robots":{"index":"index","follow":"follow","max-snippet":"max-snippet:-1","max-image-preview":"max-image-preview:large","max-video-preview":"max-video-preview:-1"},"canonical":"https:\/\/shezamme.com\/en\/sklep\/sneakers-2\/nike\/nike-travis-scott\/mac-attack-sp-x-travis-scott-cactus-jack\/","og_locale":"en_US","og_type":"article","og_title":"Mac Attack SP x Travis Scott Cactus Jack - SHEZAMME","og_description":"Mac Attack SP x Travis Scott Cactus Jack | Luksusowe i autentyczne przedmioty w jednym miejscu. B\u0105d\u017a na bie\u017c\u0105co i sprawd\u017a nasz\u0105 ofert\u0119 ju\u017c teraz","og_url":"https:\/\/shezamme.com\/en\/sklep\/sneakers-2\/nike\/nike-travis-scott\/mac-attack-sp-x-travis-scott-cactus-jack\/","og_site_name":"SHEZAMME - Yeezy, Jordan, Supreme i inne oryginalne rzeczy","article_publisher":"https:\/\/www.facebook.com\/SHEZAMME\/","article_modified_time":"2025-05-19T16:22:48+00:00","og_image":[{"width":1170,"height":1009,"url":"https:\/\/shezamme.com\/wp-content\/uploads\/2023\/12\/IMG_8175-2.jpg","type":"image\/jpeg"}],"twitter_card":"summary_large_image","twitter_site":"@SHEZAMME","twitter_misc":{"Est. reading time":"1 minute"},"schema":{"@context":"https:\/\/schema.org","@graph":[{"@type":"WebPage","@id":"https:\/\/shezamme.com\/sklep\/buty\/nike\/nike-travis-scott\/mac-attack-sp-x-travis-scott-cactus-jack\/","url":"https:\/\/shezamme.com\/sklep\/buty\/nike\/nike-travis-scott\/mac-attack-sp-x-travis-scott-cactus-jack\/","name":"Mac Attack SP x Travis Scott Cactus Jack - SHEZAMME","isPartOf":{"@id":"https:\/\/shezamme.com\/#website"},"primaryImageOfPage":{"@id":"https:\/\/shezamme.com\/sklep\/buty\/nike\/nike-travis-scott\/mac-attack-sp-x-travis-scott-cactus-jack\/#primaryimage"},"image":{"@id":"https:\/\/shezamme.com\/sklep\/buty\/nike\/nike-travis-scott\/mac-attack-sp-x-travis-scott-cactus-jack\/#primaryimage"},"thumbnailUrl":"https:\/\/shezamme.com\/wp-content\/uploads\/2023\/12\/IMG_8175-2.jpg","datePublished":"2023-12-26T17:03:47+00:00","dateModified":"2025-05-19T16:22:48+00:00","description":"Mac Attack SP x Travis Scott Cactus Jack | Luksusowe i autentyczne przedmioty w jednym miejscu. B\u0105d\u017a na bie\u017c\u0105co i sprawd\u017a nasz\u0105 ofert\u0119 ju\u017c teraz","breadcrumb":{"@id":"https:\/\/shezamme.com\/sklep\/buty\/nike\/nike-travis-scott\/mac-attack-sp-x-travis-scott-cactus-jack\/#breadcrumb"},"inLanguage":"en-US","potentialAction":[{"@type":"ReadAction","target":["https:\/\/shezamme.com\/sklep\/buty\/nike\/nike-travis-scott\/mac-attack-sp-x-travis-scott-cactus-jack\/"]}]},{"@type":"ImageObject","inLanguage":"en-US","@id":"https:\/\/shezamme.com\/sklep\/buty\/nike\/nike-travis-scott\/mac-attack-sp-x-travis-scott-cactus-jack\/#primaryimage","url":"https:\/\/shezamme.com\/wp-content\/uploads\/2023\/12\/IMG_8175-2.jpg","contentUrl":"https:\/\/shezamme.com\/wp-content\/uploads\/2023\/12\/IMG_8175-2.jpg","width":1170,"height":1009,"caption":"Travis Scott x Mac Attack SP Cactus Mac"},{"@type":"BreadcrumbList","@id":"https:\/\/shezamme.com\/sklep\/buty\/nike\/nike-travis-scott\/mac-attack-sp-x-travis-scott-cactus-jack\/#breadcrumb","itemListElement":[{"@type":"ListItem","position":1,"name":"Strona g\u0142\u00f3wna","item":"https:\/\/shezamme.com\/"},{"@type":"ListItem","position":2,"name":"Sklep","item":"https:\/\/shezamme.com\/sklep\/"},{"@type":"ListItem","position":3,"name":"Mac Attack SP x Travis Scott Cactus Jack"}]},{"@type":"WebSite","@id":"https:\/\/shezamme.com\/#website","url":"https:\/\/shezamme.com\/","name":"SHEZAMME - Sneakers, Streetwear and luxury brands","description":"Original and exclusive items in one place. Check out our products now and stay up to date with all launches.","publisher":{"@id":"https:\/\/shezamme.com\/#organization"},"potentialAction":[{"@type":"SearchAction","target":{"@type":"EntryPoint","urlTemplate":"https:\/\/shezamme.com\/?s={search_term_string}"},"query-input":{"@type":"PropertyValueSpecification","valueRequired":true,"valueName":"search_term_string"}}],"inLanguage":"en-US"},{"@type":"Organization","@id":"https:\/\/shezamme.com\/#organization","name":"SHEZAMME - Sneakers, Streetwear and luxury brands","url":"https:\/\/shezamme.com\/","logo":{"@type":"ImageObject","inLanguage":"en-US","@id":"https:\/\/shezamme.com\/#\/schema\/logo\/image\/","url":"https:\/\/shezamme.com\/wp-content\/uploads\/2023\/02\/0x0.png","contentUrl":"https:\/\/shezamme.com\/wp-content\/uploads\/2023\/02\/0x0.png","width":2000,"height":2000,"caption":"SHEZAMME - Sneakersy, Streetwear i luksusowe marki"},"image":{"@id":"https:\/\/shezamme.com\/#\/schema\/logo\/image\/"},"sameAs":["https:\/\/www.facebook.com\/SHEZAMME\/","https:\/\/x.com\/SHEZAMME","https:\/\/www.instagram.com\/shezamme\/","https:\/\/www.youtube.com\/channel\/UCsTJxi_9fODHdO_1bmJbqvQ","https:\/\/www.tiktok.com\/shezamme.com"]}]}},"brands":[{"id":756,"name":"Nike","slug":"nike"},{"id":1086,"name":"Travis Scott","slug":"travis-scott"}],"_links":{"self":[{"href":"https:\/\/shezamme.com\/en\/wp-json\/wp\/v2\/product\/37690","targetHints":{"allow":["GET"]}}],"collection":[{"href":"https:\/\/shezamme.com\/en\/wp-json\/wp\/v2\/product"}],"about":[{"href":"https:\/\/shezamme.com\/en\/wp-json\/wp\/v2\/types\/product"}],"wp:featuredmedia":[{"embeddable":true,"href":"https:\/\/shezamme.com\/en\/wp-json\/wp\/v2\/media\/37703"}],"wp:attachment":[{"href":"https:\/\/shezamme.com\/en\/wp-json\/wp\/v2\/media?parent=37690"}],"wp:term":[{"taxonomy":"pwb-brand","embeddable":true,"href":"https:\/\/shezamme.com\/en\/wp-json\/wp\/v2\/pwb-brand?post=37690"},{"taxonomy":"product_brand","embeddable":true,"href":"https:\/\/shezamme.com\/en\/wp-json\/wp\/v2\/product_brand?post=37690"},{"taxonomy":"product_cat","embeddable":true,"href":"https:\/\/shezamme.com\/en\/wp-json\/wp\/v2\/product_cat?post=37690"},{"taxonomy":"product_tag","embeddable":true,"href":"https:\/\/shezamme.com\/en\/wp-json\/wp\/v2\/product_tag?post=37690"}],"curies":[{"name":"wp","href":"https:\/\/api.w.org\/{rel}","templated":true}]}}