{"id":37642,"date":"2023-12-26T17:45:17","date_gmt":"2023-12-26T16:45:17","guid":{"rendered":"https:\/\/shezamme.com\/?post_type=product&#038;p=37642"},"modified":"2025-10-25T12:02:45","modified_gmt":"2025-10-25T10:02:45","slug":"nike-sb-dunk-low-the-powerpuff-girls-blossom","status":"publish","type":"product","link":"https:\/\/shezamme.com\/en\/sklep\/buty\/dunk\/buty-nike-dunk-sb\/nike-sb-dunk-low-the-powerpuff-girls-blossom\/","title":{"rendered":"Nike SB Dunk Low The Powerpuff Girls Blossom"},"content":{"rendered":"<h2 data-start=\"0\" data-end=\"44\">Energetyczny design inspirowany Blossom<\/h2>\n<p data-start=\"46\" data-end=\"343\">Nike SB Dunk Low x The Powerpuff Girls \u201eBlossom\u201d to dynamiczny model, kt\u00f3ry oddaje charakter kultowej bohaterki. Intensywnie r\u00f3\u017cowa zamszowa cholewka z lakierowanymi detalami i kontrastowym Swooshem nadaje butom wyrazisty wygl\u0105d, a haftowane oczy Blossom na pi\u0119cie podkre\u015blaj\u0105 ich unikalny styl.<\/p>\n<h2 data-start=\"345\" data-end=\"397\">Komfort i funkcjonalno\u015b\u0107 na desce i na co dzie\u0144<\/h2>\n<p data-start=\"399\" data-end=\"607\" data-is-last-node=\"\" data-is-only-node=\"\">Gumowa podeszwa z amortyzacj\u0105 Zoom Air zapewnia doskona\u0142\u0105 przyczepno\u015b\u0107 i wygod\u0119, a specjalne grafiki na wk\u0142adkach dodaj\u0105 kolekcjonerskiego charakteru. To idealny wyb\u00f3r dla fan\u00f3w sneaker\u00f3w i kultowej animacji.<\/p>","protected":false},"excerpt":{"rendered":"<h2 data-start=\"0\" data-end=\"42\">Ikoniczny styl Blossom w wersji skate<\/h2>\n<p data-start=\"44\" data-end=\"397\" data-is-last-node=\"\" data-is-only-node=\"\">Nike SB Dunk Low x The Powerpuff Girls \u201eBlossom\u201d to wyrazisty model inspirowany liderk\u0105 kultowej tr\u00f3jki. Intensywnie r\u00f3\u017cowa cholewka z zamszu, lakierowane detale i haftowane oczy na pi\u0119cie nadaj\u0105 butom niepowtarzalny charakter. Amortyzacja Zoom Air i gumowa podeszwa zapewniaj\u0105 wygod\u0119 oraz przyczepno\u015b\u0107, idealne zar\u00f3wno na deskorolk\u0119, jak i na co dzie\u0144.<\/p>","protected":false},"featured_media":37655,"template":"","meta":{"_acf_changed":false,"_yoast_wpseo_focuskw":"Nike SB Dunk Low The Powerpuff Girls Blossom","_yoast_wpseo_title":"","_yoast_wpseo_metadesc":""},"pwb-brand":[756],"product_brand":[],"product_cat":[16,105,943],"product_tag":[1008,1009],"class_list":{"0":"post-37642","1":"product","2":"type-product","3":"status-publish","4":"has-post-thumbnail","6":"pwb-brand-nike","7":"product_cat-buty","8":"product_cat-dunk","9":"product_cat-buty-nike-dunk-sb","10":"product_tag-kobieta","11":"product_tag-mezczyzna","13":"first","14":"onbackorder","15":"taxable","16":"shipping-taxable","17":"purchasable","18":"product-type-variable","19":"has-default-attributes"},"acf":[],"yoast_head":"<!-- This site is optimized with the Yoast SEO plugin v27.4 - https:\/\/yoast.com\/product\/yoast-seo-wordpress\/ -->\n<title>Nike SB Dunk Low The Powerpuff Girls Blossom - SHEZAMME<\/title>\n<meta name=\"description\" content=\"Nike SB Dunk Low The Powerpuff Girls Blossom | Luksusowe i autentyczne przedmioty w jednym miejscu. B\u0105d\u017a na bie\u017c\u0105co i sprawd\u017a nasz\u0105 ofert\u0119 ju\u017c teraz\" \/>\n<meta name=\"robots\" content=\"index, follow, max-snippet:-1, max-image-preview:large, max-video-preview:-1\" \/>\n<link rel=\"canonical\" href=\"https:\/\/shezamme.com\/en\/sklep\/sneakers-2\/dunk\/sneakers-nike-dunk-sb\/nike-sb-dunk-low-the-powerpuff-girls-blossom\/\" \/>\n<meta property=\"og:locale\" content=\"en_US\" \/>\n<meta property=\"og:type\" content=\"article\" \/>\n<meta property=\"og:title\" content=\"Nike SB Dunk Low The Powerpuff Girls Blossom - SHEZAMME\" \/>\n<meta property=\"og:description\" content=\"Nike SB Dunk Low The Powerpuff Girls Blossom | Luksusowe i autentyczne przedmioty w jednym miejscu. B\u0105d\u017a na bie\u017c\u0105co i sprawd\u017a nasz\u0105 ofert\u0119 ju\u017c teraz\" \/>\n<meta property=\"og:url\" content=\"https:\/\/shezamme.com\/en\/sklep\/sneakers-2\/dunk\/sneakers-nike-dunk-sb\/nike-sb-dunk-low-the-powerpuff-girls-blossom\/\" \/>\n<meta property=\"og:site_name\" content=\"SHEZAMME - Yeezy, Jordan, Supreme i inne oryginalne rzeczy\" \/>\n<meta property=\"article:publisher\" content=\"https:\/\/www.facebook.com\/SHEZAMME\/\" \/>\n<meta property=\"article:modified_time\" content=\"2025-10-25T10:02:45+00:00\" \/>\n<meta property=\"og:image\" content=\"https:\/\/shezamme.com\/wp-content\/uploads\/2023\/12\/IMG_8165-2.jpg\" \/>\n\t<meta property=\"og:image:width\" content=\"1170\" \/>\n\t<meta property=\"og:image:height\" content=\"1010\" \/>\n\t<meta property=\"og:image:type\" content=\"image\/jpeg\" \/>\n<meta name=\"twitter:card\" content=\"summary_large_image\" \/>\n<meta name=\"twitter:site\" content=\"@SHEZAMME\" \/>\n<script type=\"application\/ld+json\" class=\"yoast-schema-graph\">{\"@context\":\"https:\\\/\\\/schema.org\",\"@graph\":[{\"@type\":\"WebPage\",\"@id\":\"https:\\\/\\\/shezamme.com\\\/sklep\\\/buty\\\/dunk\\\/buty-nike-dunk-sb\\\/nike-sb-dunk-low-the-powerpuff-girls-blossom\\\/\",\"url\":\"https:\\\/\\\/shezamme.com\\\/sklep\\\/buty\\\/dunk\\\/buty-nike-dunk-sb\\\/nike-sb-dunk-low-the-powerpuff-girls-blossom\\\/\",\"name\":\"Nike SB Dunk Low The Powerpuff Girls Blossom - SHEZAMME\",\"isPartOf\":{\"@id\":\"https:\\\/\\\/shezamme.com\\\/#website\"},\"primaryImageOfPage\":{\"@id\":\"https:\\\/\\\/shezamme.com\\\/sklep\\\/buty\\\/dunk\\\/buty-nike-dunk-sb\\\/nike-sb-dunk-low-the-powerpuff-girls-blossom\\\/#primaryimage\"},\"image\":{\"@id\":\"https:\\\/\\\/shezamme.com\\\/sklep\\\/buty\\\/dunk\\\/buty-nike-dunk-sb\\\/nike-sb-dunk-low-the-powerpuff-girls-blossom\\\/#primaryimage\"},\"thumbnailUrl\":\"https:\\\/\\\/shezamme.com\\\/wp-content\\\/uploads\\\/2023\\\/12\\\/IMG_8165-2.jpg\",\"datePublished\":\"2023-12-26T16:45:17+00:00\",\"dateModified\":\"2025-10-25T10:02:45+00:00\",\"description\":\"Nike SB Dunk Low The Powerpuff Girls Blossom | Luksusowe i autentyczne przedmioty w jednym miejscu. B\u0105d\u017a na bie\u017c\u0105co i sprawd\u017a nasz\u0105 ofert\u0119 ju\u017c teraz\",\"breadcrumb\":{\"@id\":\"https:\\\/\\\/shezamme.com\\\/sklep\\\/buty\\\/dunk\\\/buty-nike-dunk-sb\\\/nike-sb-dunk-low-the-powerpuff-girls-blossom\\\/#breadcrumb\"},\"inLanguage\":\"en-US\",\"potentialAction\":[{\"@type\":\"ReadAction\",\"target\":[\"https:\\\/\\\/shezamme.com\\\/sklep\\\/buty\\\/dunk\\\/buty-nike-dunk-sb\\\/nike-sb-dunk-low-the-powerpuff-girls-blossom\\\/\"]}]},{\"@type\":\"ImageObject\",\"inLanguage\":\"en-US\",\"@id\":\"https:\\\/\\\/shezamme.com\\\/sklep\\\/buty\\\/dunk\\\/buty-nike-dunk-sb\\\/nike-sb-dunk-low-the-powerpuff-girls-blossom\\\/#primaryimage\",\"url\":\"https:\\\/\\\/shezamme.com\\\/wp-content\\\/uploads\\\/2023\\\/12\\\/IMG_8165-2.jpg\",\"contentUrl\":\"https:\\\/\\\/shezamme.com\\\/wp-content\\\/uploads\\\/2023\\\/12\\\/IMG_8165-2.jpg\",\"width\":1170,\"height\":1010,\"caption\":\"Nike SB Dunk Low The Powerpuff Girls Blossom\"},{\"@type\":\"BreadcrumbList\",\"@id\":\"https:\\\/\\\/shezamme.com\\\/sklep\\\/buty\\\/dunk\\\/buty-nike-dunk-sb\\\/nike-sb-dunk-low-the-powerpuff-girls-blossom\\\/#breadcrumb\",\"itemListElement\":[{\"@type\":\"ListItem\",\"position\":1,\"name\":\"Strona g\u0142\u00f3wna\",\"item\":\"https:\\\/\\\/shezamme.com\\\/\"},{\"@type\":\"ListItem\",\"position\":2,\"name\":\"Sklep\",\"item\":\"https:\\\/\\\/shezamme.com\\\/en\\\/sklep\\\/\"},{\"@type\":\"ListItem\",\"position\":3,\"name\":\"Nike SB Dunk Low The Powerpuff Girls Blossom\"}]},{\"@type\":\"WebSite\",\"@id\":\"https:\\\/\\\/shezamme.com\\\/#website\",\"url\":\"https:\\\/\\\/shezamme.com\\\/\",\"name\":\"SHEZAMME - Sneakersy, Streetwear i luksusowe marki\",\"description\":\"Oryginalne i ekskluzywne przedmioty w jednym miejscu. Sprawd\u017a nasze produkty ju\u017c teraz i b\u0105d\u017a na bie\u017c\u0105co z wszystkimi premierami.\",\"publisher\":{\"@id\":\"https:\\\/\\\/shezamme.com\\\/#organization\"},\"potentialAction\":[{\"@type\":\"SearchAction\",\"target\":{\"@type\":\"EntryPoint\",\"urlTemplate\":\"https:\\\/\\\/shezamme.com\\\/?s={search_term_string}\"},\"query-input\":{\"@type\":\"PropertyValueSpecification\",\"valueRequired\":true,\"valueName\":\"search_term_string\"}}],\"inLanguage\":\"en-US\"},{\"@type\":\"Organization\",\"@id\":\"https:\\\/\\\/shezamme.com\\\/#organization\",\"name\":\"SHEZAMME - Sneakersy, Streetwear i luksusowe marki\",\"url\":\"https:\\\/\\\/shezamme.com\\\/\",\"logo\":{\"@type\":\"ImageObject\",\"inLanguage\":\"en-US\",\"@id\":\"https:\\\/\\\/shezamme.com\\\/#\\\/schema\\\/logo\\\/image\\\/\",\"url\":\"https:\\\/\\\/shezamme.com\\\/wp-content\\\/uploads\\\/2023\\\/02\\\/0x0.png\",\"contentUrl\":\"https:\\\/\\\/shezamme.com\\\/wp-content\\\/uploads\\\/2023\\\/02\\\/0x0.png\",\"width\":2000,\"height\":2000,\"caption\":\"SHEZAMME - Sneakersy, Streetwear i luksusowe marki\"},\"image\":{\"@id\":\"https:\\\/\\\/shezamme.com\\\/#\\\/schema\\\/logo\\\/image\\\/\"},\"sameAs\":[\"https:\\\/\\\/www.facebook.com\\\/SHEZAMME\\\/\",\"https:\\\/\\\/x.com\\\/SHEZAMME\",\"https:\\\/\\\/www.instagram.com\\\/shezamme\\\/\",\"https:\\\/\\\/www.youtube.com\\\/channel\\\/UCsTJxi_9fODHdO_1bmJbqvQ\",\"https:\\\/\\\/www.tiktok.com\\\/shezamme.com\"]}]}<\/script>\n<!-- \/ Yoast SEO plugin. -->","yoast_head_json":{"title":"Nike SB Dunk Low The Powerpuff Girls Blossom - SHEZAMME","description":"Nike SB Dunk Low The Powerpuff Girls Blossom | Luksusowe i autentyczne przedmioty w jednym miejscu. B\u0105d\u017a na bie\u017c\u0105co i sprawd\u017a nasz\u0105 ofert\u0119 ju\u017c teraz","robots":{"index":"index","follow":"follow","max-snippet":"max-snippet:-1","max-image-preview":"max-image-preview:large","max-video-preview":"max-video-preview:-1"},"canonical":"https:\/\/shezamme.com\/en\/sklep\/sneakers-2\/dunk\/sneakers-nike-dunk-sb\/nike-sb-dunk-low-the-powerpuff-girls-blossom\/","og_locale":"en_US","og_type":"article","og_title":"Nike SB Dunk Low The Powerpuff Girls Blossom - SHEZAMME","og_description":"Nike SB Dunk Low The Powerpuff Girls Blossom | Luksusowe i autentyczne przedmioty w jednym miejscu. B\u0105d\u017a na bie\u017c\u0105co i sprawd\u017a nasz\u0105 ofert\u0119 ju\u017c teraz","og_url":"https:\/\/shezamme.com\/en\/sklep\/sneakers-2\/dunk\/sneakers-nike-dunk-sb\/nike-sb-dunk-low-the-powerpuff-girls-blossom\/","og_site_name":"SHEZAMME - Yeezy, Jordan, Supreme i inne oryginalne rzeczy","article_publisher":"https:\/\/www.facebook.com\/SHEZAMME\/","article_modified_time":"2025-10-25T10:02:45+00:00","og_image":[{"width":1170,"height":1010,"url":"https:\/\/shezamme.com\/wp-content\/uploads\/2023\/12\/IMG_8165-2.jpg","type":"image\/jpeg"}],"twitter_card":"summary_large_image","twitter_site":"@SHEZAMME","schema":{"@context":"https:\/\/schema.org","@graph":[{"@type":"WebPage","@id":"https:\/\/shezamme.com\/sklep\/buty\/dunk\/buty-nike-dunk-sb\/nike-sb-dunk-low-the-powerpuff-girls-blossom\/","url":"https:\/\/shezamme.com\/sklep\/buty\/dunk\/buty-nike-dunk-sb\/nike-sb-dunk-low-the-powerpuff-girls-blossom\/","name":"Nike SB Dunk Low The Powerpuff Girls Blossom - SHEZAMME","isPartOf":{"@id":"https:\/\/shezamme.com\/#website"},"primaryImageOfPage":{"@id":"https:\/\/shezamme.com\/sklep\/buty\/dunk\/buty-nike-dunk-sb\/nike-sb-dunk-low-the-powerpuff-girls-blossom\/#primaryimage"},"image":{"@id":"https:\/\/shezamme.com\/sklep\/buty\/dunk\/buty-nike-dunk-sb\/nike-sb-dunk-low-the-powerpuff-girls-blossom\/#primaryimage"},"thumbnailUrl":"https:\/\/shezamme.com\/wp-content\/uploads\/2023\/12\/IMG_8165-2.jpg","datePublished":"2023-12-26T16:45:17+00:00","dateModified":"2025-10-25T10:02:45+00:00","description":"Nike SB Dunk Low The Powerpuff Girls Blossom | Luksusowe i autentyczne przedmioty w jednym miejscu. B\u0105d\u017a na bie\u017c\u0105co i sprawd\u017a nasz\u0105 ofert\u0119 ju\u017c teraz","breadcrumb":{"@id":"https:\/\/shezamme.com\/sklep\/buty\/dunk\/buty-nike-dunk-sb\/nike-sb-dunk-low-the-powerpuff-girls-blossom\/#breadcrumb"},"inLanguage":"en-US","potentialAction":[{"@type":"ReadAction","target":["https:\/\/shezamme.com\/sklep\/buty\/dunk\/buty-nike-dunk-sb\/nike-sb-dunk-low-the-powerpuff-girls-blossom\/"]}]},{"@type":"ImageObject","inLanguage":"en-US","@id":"https:\/\/shezamme.com\/sklep\/buty\/dunk\/buty-nike-dunk-sb\/nike-sb-dunk-low-the-powerpuff-girls-blossom\/#primaryimage","url":"https:\/\/shezamme.com\/wp-content\/uploads\/2023\/12\/IMG_8165-2.jpg","contentUrl":"https:\/\/shezamme.com\/wp-content\/uploads\/2023\/12\/IMG_8165-2.jpg","width":1170,"height":1010,"caption":"Nike SB Dunk Low The Powerpuff Girls Blossom"},{"@type":"BreadcrumbList","@id":"https:\/\/shezamme.com\/sklep\/buty\/dunk\/buty-nike-dunk-sb\/nike-sb-dunk-low-the-powerpuff-girls-blossom\/#breadcrumb","itemListElement":[{"@type":"ListItem","position":1,"name":"Strona g\u0142\u00f3wna","item":"https:\/\/shezamme.com\/"},{"@type":"ListItem","position":2,"name":"Sklep","item":"https:\/\/shezamme.com\/en\/sklep\/"},{"@type":"ListItem","position":3,"name":"Nike SB Dunk Low The Powerpuff Girls Blossom"}]},{"@type":"WebSite","@id":"https:\/\/shezamme.com\/#website","url":"https:\/\/shezamme.com\/","name":"SHEZAMME - Sneakers, Streetwear and luxury brands","description":"Original and exclusive items in one place. Check out our products now and stay up to date with all launches.","publisher":{"@id":"https:\/\/shezamme.com\/#organization"},"potentialAction":[{"@type":"SearchAction","target":{"@type":"EntryPoint","urlTemplate":"https:\/\/shezamme.com\/?s={search_term_string}"},"query-input":{"@type":"PropertyValueSpecification","valueRequired":true,"valueName":"search_term_string"}}],"inLanguage":"en-US"},{"@type":"Organization","@id":"https:\/\/shezamme.com\/#organization","name":"SHEZAMME - Sneakers, Streetwear and luxury brands","url":"https:\/\/shezamme.com\/","logo":{"@type":"ImageObject","inLanguage":"en-US","@id":"https:\/\/shezamme.com\/#\/schema\/logo\/image\/","url":"https:\/\/shezamme.com\/wp-content\/uploads\/2023\/02\/0x0.png","contentUrl":"https:\/\/shezamme.com\/wp-content\/uploads\/2023\/02\/0x0.png","width":2000,"height":2000,"caption":"SHEZAMME - Sneakersy, Streetwear i luksusowe marki"},"image":{"@id":"https:\/\/shezamme.com\/#\/schema\/logo\/image\/"},"sameAs":["https:\/\/www.facebook.com\/SHEZAMME\/","https:\/\/x.com\/SHEZAMME","https:\/\/www.instagram.com\/shezamme\/","https:\/\/www.youtube.com\/channel\/UCsTJxi_9fODHdO_1bmJbqvQ","https:\/\/www.tiktok.com\/shezamme.com"]}]}},"brands":[{"id":756,"name":"Nike","slug":"nike"}],"_links":{"self":[{"href":"https:\/\/shezamme.com\/en\/wp-json\/wp\/v2\/product\/37642","targetHints":{"allow":["GET"]}}],"collection":[{"href":"https:\/\/shezamme.com\/en\/wp-json\/wp\/v2\/product"}],"about":[{"href":"https:\/\/shezamme.com\/en\/wp-json\/wp\/v2\/types\/product"}],"wp:featuredmedia":[{"embeddable":true,"href":"https:\/\/shezamme.com\/en\/wp-json\/wp\/v2\/media\/37655"}],"wp:attachment":[{"href":"https:\/\/shezamme.com\/en\/wp-json\/wp\/v2\/media?parent=37642"}],"wp:term":[{"taxonomy":"pwb-brand","embeddable":true,"href":"https:\/\/shezamme.com\/en\/wp-json\/wp\/v2\/pwb-brand?post=37642"},{"taxonomy":"product_brand","embeddable":true,"href":"https:\/\/shezamme.com\/en\/wp-json\/wp\/v2\/product_brand?post=37642"},{"taxonomy":"product_cat","embeddable":true,"href":"https:\/\/shezamme.com\/en\/wp-json\/wp\/v2\/product_cat?post=37642"},{"taxonomy":"product_tag","embeddable":true,"href":"https:\/\/shezamme.com\/en\/wp-json\/wp\/v2\/product_tag?post=37642"}],"curies":[{"name":"wp","href":"https:\/\/api.w.org\/{rel}","templated":true}]}}