{"id":36448,"date":"2023-11-09T22:10:47","date_gmt":"2023-11-09T21:10:47","guid":{"rendered":"https:\/\/shezamme.com\/?post_type=product&#038;p=36448"},"modified":"2026-03-11T19:09:09","modified_gmt":"2026-03-11T18:09:09","slug":"bokserki-supreme-4-pak-biale","status":"publish","type":"product","link":"https:\/\/shezamme.com\/en\/sklep\/akcesoria\/akcesoria-supreme\/bokserki-supreme-4-pak-biale\/","title":{"rendered":"Bokserki Supreme 4 Pak Bia\u0142e"},"content":{"rendered":"<p>Bokserki Supreme 4 Pak Bia\u0142e<\/p>\n<p><strong>Tytu\u0142 Produktu:<\/strong><\/p>\n<p>Bokserki Supreme 4 Pak Bia\u0142e &#8211; Klasyczny Komfort i Styl<\/p>\n<p><strong>Opis Produktu:<\/strong><\/p>\n<p>Przedstawiamy nasze Bokserki Supreme 4 Pak w eleganckim bia\u0142ym kolorze &#8211; to nie tylko bokserki, to wyraz komfortu i klasycznego stylu. W jednym opakowaniu znajdziesz a\u017c cztery bia\u0142e bokserki, kt\u00f3re zapewni\u0105 Ci niezawodn\u0105 wygod\u0119 i elegancj\u0119.<\/p>\n<p><strong>G\u0142\u00f3wne Cechy Produktu:<\/strong><\/p>\n<ol>\n<li><strong>Wysokiej Jako\u015bci Materia\u0142:<\/strong> Nasze bokserki s\u0105 wykonane z mi\u0119kkiego, oddychaj\u0105cego materia\u0142u, co sprawia, \u017ce s\u0105 niezwykle wygodne na co dzie\u0144.<\/li>\n<li><strong>Doskona\u0142e Dopasowanie:<\/strong> Staranne wykonanie gwarantuje, \u017ce bokserki idealnie przylegaj\u0105 do cia\u0142a, zapewniaj\u0105c komfort i swobod\u0119 ruch\u00f3w.<\/li>\n<li><strong>Klasyczny Kolor Bia\u0142y:<\/strong> Bia\u0142y kolor bokserk\u00f3w nadaje im klasycznego wygl\u0105du, kt\u00f3ry pasuje do wielu r\u00f3\u017cnych stylizacji.<\/li>\n<li><strong>Logo Supreme:<\/strong> Bokserki ozdobione s\u0105 delikatnym logo Supreme, kt\u00f3re podkre\u015bla ich jako\u015b\u0107 i pochodzenie.<\/li>\n<li><strong>Zestaw 4 Bokserk\u00f3w:<\/strong> W jednym opakowaniu znajdziesz a\u017c cztery bia\u0142e bokserki, co jest nie tylko wygodne, ale tak\u017ce op\u0142acalne.<\/li>\n<\/ol>\n<p><strong>Dlaczego Wybra\u0107 Bokserki Supreme 4 Pak Bia\u0142e?<\/strong><\/p>\n<p>Bokserki Supreme to synonim nie tylko jako\u015bci, ale tak\u017ce klasycznego stylu. Bia\u0142e bokserki to uniwersalny element m\u0119skiej garderoby, kt\u00f3ry pasuje do wielu okazji.<\/p>\n<p>Zam\u00f3w teraz Bokserki Supreme 4 Pak Bia\u0142e i ciesz si\u0119 zar\u00f3wno komfortem, jak i elegancj\u0105, kt\u00f3re przyci\u0105gn\u0105 spojrzenia.<\/p>","protected":false},"excerpt":{"rendered":"<p>Supreme Bokserki \/ Majtki Bia\u0142e<\/p>\n<p>Bokserki wymiary<br \/>\nRozmiar S:<br \/>\nSzeroko\u015b\u0107: 30cm<br \/>\nObw\u00f3d: 60cm<br \/>\nD\u0142ugo\u015b\u0107: 35cm<\/p>\n<p>Rozmiar M:<br \/>\nSzeroko\u015b\u0107: 35cm<br \/>\nObw\u00f3d: 70cm<br \/>\nD\u0142ugo\u015b\u0107: 40cm<\/p>\n<p>Rozmiar L:<br \/>\nSzeroko\u015b\u0107: 38cm<br \/>\nObw\u00f3d: 76cm<br \/>\nD\u0142ugo\u015b\u0107: 41cm<\/p>\n<p>Rozmiar XL:<br \/>\nSzeroko\u015b\u0107: 41cm<br \/>\nObw\u00f3d: 82cm<br \/>\nD\u0142ugo\u015b\u0107: 41cm<\/p>\n<p>Rozmiar XXL:<br \/>\nSzeroko\u015b\u0107: 46cm<br \/>\nObw\u00f3d: 92cm<br \/>\nD\u0142ugo\u015b\u0107: 46cm<\/p>\n<p>*Podane cm przedstawiaj\u0105 szeroko\u015b\u0107 gumy bielizny<br \/>\n*Warto pami\u0119ta\u0107, \u017ce guma jest rozci\u0105gliwa<\/p>\n<p>Bielizna Supreme to najpopularniejszy przedmiot marki Supreme.<br \/>\nSprawd\u017a r\u00f3wnie\u017c\u00a0<strong><a href=\"https:\/\/shezamme.com\/en\/sklep\/accesories\/supreme-boksers-2\/\">CZARN\u0104\u00a0<\/a><\/strong>kolorystyk\u0119.<\/p>\n<p>Bielizna Supreme nie podlega zwrotowi.<\/p>","protected":false},"featured_media":27456,"template":"","meta":{"_acf_changed":false,"_yoast_wpseo_focuskw":"Bokserki Supreme 4 Pak Bia\u0142e","_yoast_wpseo_title":"","_yoast_wpseo_metadesc":""},"pwb-brand":[753],"product_brand":[],"product_cat":[23,974,1067],"product_tag":[1008,1009],"class_list":{"0":"post-36448","1":"product","2":"type-product","3":"status-publish","4":"has-post-thumbnail","6":"pwb-brand-supreme","7":"product_cat-akcesoria","8":"product_cat-akcesoria-supreme","9":"product_cat-bokserki-supreme","10":"product_tag-kobieta","11":"product_tag-mezczyzna","12":"pa_rozmiar-ubrania-l","13":"pa_rozmiar-ubrania-m","14":"pa_rozmiar-ubrania-s","15":"pa_rozmiar-ubrania-xl","17":"first","18":"instock","19":"taxable","20":"shipping-taxable","21":"purchasable","22":"product-type-variable"},"acf":[],"yoast_head":"<!-- This site is optimized with the Yoast SEO plugin v27.3 - https:\/\/yoast.com\/product\/yoast-seo-wordpress\/ -->\n<title>Bokserki Supreme 4 Pak Bia\u0142e - SHEZAMME<\/title>\n<meta name=\"description\" content=\"Bokserki Supreme 4 Pak Bia\u0142e | Luksusowe i autentyczne przedmioty w jednym miejscu. B\u0105d\u017a na bie\u017c\u0105co i sprawd\u017a nasz\u0105 ofert\u0119 ju\u017c teraz\" \/>\n<meta name=\"robots\" content=\"index, follow, max-snippet:-1, max-image-preview:large, max-video-preview:-1\" \/>\n<link rel=\"canonical\" href=\"https:\/\/shezamme.com\/en\/sklep\/accesories\/akcesoria-supreme\/bokserki-supreme-4-pak-biale\/\" \/>\n<meta property=\"og:locale\" content=\"en_US\" \/>\n<meta property=\"og:type\" content=\"article\" \/>\n<meta property=\"og:title\" content=\"Bokserki Supreme 4 Pak Bia\u0142e - SHEZAMME\" \/>\n<meta property=\"og:description\" content=\"Bokserki Supreme 4 Pak Bia\u0142e | Luksusowe i autentyczne przedmioty w jednym miejscu. B\u0105d\u017a na bie\u017c\u0105co i sprawd\u017a nasz\u0105 ofert\u0119 ju\u017c teraz\" \/>\n<meta property=\"og:url\" content=\"https:\/\/shezamme.com\/en\/sklep\/accesories\/akcesoria-supreme\/bokserki-supreme-4-pak-biale\/\" \/>\n<meta property=\"og:site_name\" content=\"SHEZAMME - Yeezy, Jordan, Supreme i inne oryginalne rzeczy\" \/>\n<meta property=\"article:publisher\" content=\"https:\/\/www.facebook.com\/SHEZAMME\/\" \/>\n<meta property=\"article:modified_time\" content=\"2026-03-11T18:09:09+00:00\" \/>\n<meta property=\"og:image\" content=\"https:\/\/shezamme.com\/wp-content\/uploads\/2022\/07\/Supreme-Bokserki-White.jpg\" \/>\n\t<meta property=\"og:image:width\" content=\"1200\" \/>\n\t<meta property=\"og:image:height\" content=\"1200\" \/>\n\t<meta property=\"og:image:type\" content=\"image\/jpeg\" \/>\n<meta name=\"twitter:card\" content=\"summary_large_image\" \/>\n<meta name=\"twitter:site\" content=\"@SHEZAMME\" \/>\n<meta name=\"twitter:label1\" content=\"Est. reading time\" \/>\n\t<meta name=\"twitter:data1\" content=\"1 minute\" \/>\n<script type=\"application\/ld+json\" class=\"yoast-schema-graph\">{\"@context\":\"https:\\\/\\\/schema.org\",\"@graph\":[{\"@type\":\"WebPage\",\"@id\":\"https:\\\/\\\/shezamme.com\\\/sklep\\\/akcesoria\\\/akcesoria-supreme\\\/bokserki-supreme-4-pak-biale\\\/\",\"url\":\"https:\\\/\\\/shezamme.com\\\/sklep\\\/akcesoria\\\/akcesoria-supreme\\\/bokserki-supreme-4-pak-biale\\\/\",\"name\":\"Bokserki Supreme 4 Pak Bia\u0142e - SHEZAMME\",\"isPartOf\":{\"@id\":\"https:\\\/\\\/shezamme.com\\\/#website\"},\"primaryImageOfPage\":{\"@id\":\"https:\\\/\\\/shezamme.com\\\/sklep\\\/akcesoria\\\/akcesoria-supreme\\\/bokserki-supreme-4-pak-biale\\\/#primaryimage\"},\"image\":{\"@id\":\"https:\\\/\\\/shezamme.com\\\/sklep\\\/akcesoria\\\/akcesoria-supreme\\\/bokserki-supreme-4-pak-biale\\\/#primaryimage\"},\"thumbnailUrl\":\"https:\\\/\\\/shezamme.com\\\/wp-content\\\/uploads\\\/2022\\\/07\\\/Supreme-Bokserki-White.jpg\",\"datePublished\":\"2023-11-09T21:10:47+00:00\",\"dateModified\":\"2026-03-11T18:09:09+00:00\",\"description\":\"Bokserki Supreme 4 Pak Bia\u0142e | Luksusowe i autentyczne przedmioty w jednym miejscu. B\u0105d\u017a na bie\u017c\u0105co i sprawd\u017a nasz\u0105 ofert\u0119 ju\u017c teraz\",\"breadcrumb\":{\"@id\":\"https:\\\/\\\/shezamme.com\\\/sklep\\\/akcesoria\\\/akcesoria-supreme\\\/bokserki-supreme-4-pak-biale\\\/#breadcrumb\"},\"inLanguage\":\"en-US\",\"potentialAction\":[{\"@type\":\"ReadAction\",\"target\":[\"https:\\\/\\\/shezamme.com\\\/sklep\\\/akcesoria\\\/akcesoria-supreme\\\/bokserki-supreme-4-pak-biale\\\/\"]}]},{\"@type\":\"ImageObject\",\"inLanguage\":\"en-US\",\"@id\":\"https:\\\/\\\/shezamme.com\\\/sklep\\\/akcesoria\\\/akcesoria-supreme\\\/bokserki-supreme-4-pak-biale\\\/#primaryimage\",\"url\":\"https:\\\/\\\/shezamme.com\\\/wp-content\\\/uploads\\\/2022\\\/07\\\/Supreme-Bokserki-White.jpg\",\"contentUrl\":\"https:\\\/\\\/shezamme.com\\\/wp-content\\\/uploads\\\/2022\\\/07\\\/Supreme-Bokserki-White.jpg\",\"width\":1200,\"height\":1200,\"caption\":\"Supreme Bokserki\"},{\"@type\":\"BreadcrumbList\",\"@id\":\"https:\\\/\\\/shezamme.com\\\/sklep\\\/akcesoria\\\/akcesoria-supreme\\\/bokserki-supreme-4-pak-biale\\\/#breadcrumb\",\"itemListElement\":[{\"@type\":\"ListItem\",\"position\":1,\"name\":\"Strona g\u0142\u00f3wna\",\"item\":\"https:\\\/\\\/shezamme.com\\\/\"},{\"@type\":\"ListItem\",\"position\":2,\"name\":\"Sklep\",\"item\":\"https:\\\/\\\/shezamme.com\\\/en\\\/sklep\\\/\"},{\"@type\":\"ListItem\",\"position\":3,\"name\":\"Bokserki Supreme 4 Pak Bia\u0142e\"}]},{\"@type\":\"WebSite\",\"@id\":\"https:\\\/\\\/shezamme.com\\\/#website\",\"url\":\"https:\\\/\\\/shezamme.com\\\/\",\"name\":\"SHEZAMME - Sneakersy, Streetwear i luksusowe marki\",\"description\":\"Oryginalne i ekskluzywne przedmioty w jednym miejscu. Sprawd\u017a nasze produkty ju\u017c teraz i b\u0105d\u017a na bie\u017c\u0105co z wszystkimi premierami.\",\"publisher\":{\"@id\":\"https:\\\/\\\/shezamme.com\\\/#organization\"},\"potentialAction\":[{\"@type\":\"SearchAction\",\"target\":{\"@type\":\"EntryPoint\",\"urlTemplate\":\"https:\\\/\\\/shezamme.com\\\/?s={search_term_string}\"},\"query-input\":{\"@type\":\"PropertyValueSpecification\",\"valueRequired\":true,\"valueName\":\"search_term_string\"}}],\"inLanguage\":\"en-US\"},{\"@type\":\"Organization\",\"@id\":\"https:\\\/\\\/shezamme.com\\\/#organization\",\"name\":\"SHEZAMME - Sneakersy, Streetwear i luksusowe marki\",\"url\":\"https:\\\/\\\/shezamme.com\\\/\",\"logo\":{\"@type\":\"ImageObject\",\"inLanguage\":\"en-US\",\"@id\":\"https:\\\/\\\/shezamme.com\\\/#\\\/schema\\\/logo\\\/image\\\/\",\"url\":\"https:\\\/\\\/shezamme.com\\\/wp-content\\\/uploads\\\/2023\\\/02\\\/0x0.png\",\"contentUrl\":\"https:\\\/\\\/shezamme.com\\\/wp-content\\\/uploads\\\/2023\\\/02\\\/0x0.png\",\"width\":2000,\"height\":2000,\"caption\":\"SHEZAMME - Sneakersy, Streetwear i luksusowe marki\"},\"image\":{\"@id\":\"https:\\\/\\\/shezamme.com\\\/#\\\/schema\\\/logo\\\/image\\\/\"},\"sameAs\":[\"https:\\\/\\\/www.facebook.com\\\/SHEZAMME\\\/\",\"https:\\\/\\\/x.com\\\/SHEZAMME\",\"https:\\\/\\\/www.instagram.com\\\/shezamme\\\/\",\"https:\\\/\\\/www.youtube.com\\\/channel\\\/UCsTJxi_9fODHdO_1bmJbqvQ\",\"https:\\\/\\\/www.tiktok.com\\\/shezamme.com\"]}]}<\/script>\n<!-- \/ Yoast SEO plugin. -->","yoast_head_json":{"title":"Bokserki Supreme 4 Pak Bia\u0142e - SHEZAMME","description":"Bokserki Supreme 4 Pak Bia\u0142e | Luksusowe i autentyczne przedmioty w jednym miejscu. B\u0105d\u017a na bie\u017c\u0105co i sprawd\u017a nasz\u0105 ofert\u0119 ju\u017c teraz","robots":{"index":"index","follow":"follow","max-snippet":"max-snippet:-1","max-image-preview":"max-image-preview:large","max-video-preview":"max-video-preview:-1"},"canonical":"https:\/\/shezamme.com\/en\/sklep\/accesories\/akcesoria-supreme\/bokserki-supreme-4-pak-biale\/","og_locale":"en_US","og_type":"article","og_title":"Bokserki Supreme 4 Pak Bia\u0142e - SHEZAMME","og_description":"Bokserki Supreme 4 Pak Bia\u0142e | Luksusowe i autentyczne przedmioty w jednym miejscu. B\u0105d\u017a na bie\u017c\u0105co i sprawd\u017a nasz\u0105 ofert\u0119 ju\u017c teraz","og_url":"https:\/\/shezamme.com\/en\/sklep\/accesories\/akcesoria-supreme\/bokserki-supreme-4-pak-biale\/","og_site_name":"SHEZAMME - Yeezy, Jordan, Supreme i inne oryginalne rzeczy","article_publisher":"https:\/\/www.facebook.com\/SHEZAMME\/","article_modified_time":"2026-03-11T18:09:09+00:00","og_image":[{"width":1200,"height":1200,"url":"https:\/\/shezamme.com\/wp-content\/uploads\/2022\/07\/Supreme-Bokserki-White.jpg","type":"image\/jpeg"}],"twitter_card":"summary_large_image","twitter_site":"@SHEZAMME","twitter_misc":{"Est. reading time":"1 minute"},"schema":{"@context":"https:\/\/schema.org","@graph":[{"@type":"WebPage","@id":"https:\/\/shezamme.com\/sklep\/akcesoria\/akcesoria-supreme\/bokserki-supreme-4-pak-biale\/","url":"https:\/\/shezamme.com\/sklep\/akcesoria\/akcesoria-supreme\/bokserki-supreme-4-pak-biale\/","name":"Bokserki Supreme 4 Pak Bia\u0142e - SHEZAMME","isPartOf":{"@id":"https:\/\/shezamme.com\/#website"},"primaryImageOfPage":{"@id":"https:\/\/shezamme.com\/sklep\/akcesoria\/akcesoria-supreme\/bokserki-supreme-4-pak-biale\/#primaryimage"},"image":{"@id":"https:\/\/shezamme.com\/sklep\/akcesoria\/akcesoria-supreme\/bokserki-supreme-4-pak-biale\/#primaryimage"},"thumbnailUrl":"https:\/\/shezamme.com\/wp-content\/uploads\/2022\/07\/Supreme-Bokserki-White.jpg","datePublished":"2023-11-09T21:10:47+00:00","dateModified":"2026-03-11T18:09:09+00:00","description":"Bokserki Supreme 4 Pak Bia\u0142e | Luksusowe i autentyczne przedmioty w jednym miejscu. B\u0105d\u017a na bie\u017c\u0105co i sprawd\u017a nasz\u0105 ofert\u0119 ju\u017c teraz","breadcrumb":{"@id":"https:\/\/shezamme.com\/sklep\/akcesoria\/akcesoria-supreme\/bokserki-supreme-4-pak-biale\/#breadcrumb"},"inLanguage":"en-US","potentialAction":[{"@type":"ReadAction","target":["https:\/\/shezamme.com\/sklep\/akcesoria\/akcesoria-supreme\/bokserki-supreme-4-pak-biale\/"]}]},{"@type":"ImageObject","inLanguage":"en-US","@id":"https:\/\/shezamme.com\/sklep\/akcesoria\/akcesoria-supreme\/bokserki-supreme-4-pak-biale\/#primaryimage","url":"https:\/\/shezamme.com\/wp-content\/uploads\/2022\/07\/Supreme-Bokserki-White.jpg","contentUrl":"https:\/\/shezamme.com\/wp-content\/uploads\/2022\/07\/Supreme-Bokserki-White.jpg","width":1200,"height":1200,"caption":"Supreme Bokserki"},{"@type":"BreadcrumbList","@id":"https:\/\/shezamme.com\/sklep\/akcesoria\/akcesoria-supreme\/bokserki-supreme-4-pak-biale\/#breadcrumb","itemListElement":[{"@type":"ListItem","position":1,"name":"Strona g\u0142\u00f3wna","item":"https:\/\/shezamme.com\/"},{"@type":"ListItem","position":2,"name":"Sklep","item":"https:\/\/shezamme.com\/en\/sklep\/"},{"@type":"ListItem","position":3,"name":"Bokserki Supreme 4 Pak Bia\u0142e"}]},{"@type":"WebSite","@id":"https:\/\/shezamme.com\/#website","url":"https:\/\/shezamme.com\/","name":"SHEZAMME - Sneakers, Streetwear and luxury brands","description":"Original and exclusive items in one place. Check out our products now and stay up to date with all launches.","publisher":{"@id":"https:\/\/shezamme.com\/#organization"},"potentialAction":[{"@type":"SearchAction","target":{"@type":"EntryPoint","urlTemplate":"https:\/\/shezamme.com\/?s={search_term_string}"},"query-input":{"@type":"PropertyValueSpecification","valueRequired":true,"valueName":"search_term_string"}}],"inLanguage":"en-US"},{"@type":"Organization","@id":"https:\/\/shezamme.com\/#organization","name":"SHEZAMME - Sneakers, Streetwear and luxury brands","url":"https:\/\/shezamme.com\/","logo":{"@type":"ImageObject","inLanguage":"en-US","@id":"https:\/\/shezamme.com\/#\/schema\/logo\/image\/","url":"https:\/\/shezamme.com\/wp-content\/uploads\/2023\/02\/0x0.png","contentUrl":"https:\/\/shezamme.com\/wp-content\/uploads\/2023\/02\/0x0.png","width":2000,"height":2000,"caption":"SHEZAMME - Sneakersy, Streetwear i luksusowe marki"},"image":{"@id":"https:\/\/shezamme.com\/#\/schema\/logo\/image\/"},"sameAs":["https:\/\/www.facebook.com\/SHEZAMME\/","https:\/\/x.com\/SHEZAMME","https:\/\/www.instagram.com\/shezamme\/","https:\/\/www.youtube.com\/channel\/UCsTJxi_9fODHdO_1bmJbqvQ","https:\/\/www.tiktok.com\/shezamme.com"]}]}},"brands":[{"id":753,"name":"supreme","slug":"supreme"}],"_links":{"self":[{"href":"https:\/\/shezamme.com\/en\/wp-json\/wp\/v2\/product\/36448","targetHints":{"allow":["GET"]}}],"collection":[{"href":"https:\/\/shezamme.com\/en\/wp-json\/wp\/v2\/product"}],"about":[{"href":"https:\/\/shezamme.com\/en\/wp-json\/wp\/v2\/types\/product"}],"wp:featuredmedia":[{"embeddable":true,"href":"https:\/\/shezamme.com\/en\/wp-json\/wp\/v2\/media\/27456"}],"wp:attachment":[{"href":"https:\/\/shezamme.com\/en\/wp-json\/wp\/v2\/media?parent=36448"}],"wp:term":[{"taxonomy":"pwb-brand","embeddable":true,"href":"https:\/\/shezamme.com\/en\/wp-json\/wp\/v2\/pwb-brand?post=36448"},{"taxonomy":"product_brand","embeddable":true,"href":"https:\/\/shezamme.com\/en\/wp-json\/wp\/v2\/product_brand?post=36448"},{"taxonomy":"product_cat","embeddable":true,"href":"https:\/\/shezamme.com\/en\/wp-json\/wp\/v2\/product_cat?post=36448"},{"taxonomy":"product_tag","embeddable":true,"href":"https:\/\/shezamme.com\/en\/wp-json\/wp\/v2\/product_tag?post=36448"}],"curies":[{"name":"wp","href":"https:\/\/api.w.org\/{rel}","templated":true}]}}