{"id":36393,"date":"2023-11-09T14:27:00","date_gmt":"2023-11-09T13:27:00","guid":{"rendered":"https:\/\/shezamme.com\/?post_type=product&#038;p=36393"},"modified":"2025-05-19T19:24:10","modified_gmt":"2025-05-19T17:24:10","slug":"nike-air-force-1-low-x-louis-vuitton-black-metallic-silver","status":"publish","type":"product","link":"https:\/\/shezamme.com\/en\/sklep\/buty\/inne\/louis-vuitton\/nike-air-force-1-low-x-louis-vuitton-black-metallic-silver\/","title":{"rendered":"Nike Air Force 1 Low x Louis Vuitton Black Metallic Silver"},"content":{"rendered":"<h2>Luksusowy streetwear w limitowanej edycji<\/h2>\n<p>Nike Air Force 1 Low x Louis Vuitton Black Metallic Silver to wyj\u0105tkowa kolaboracja \u0142\u0105cz\u0105ca sportow\u0105 klasyk\u0119 z ekskluzywnym designem. Czarna sk\u00f3rzana cholewka z t\u0142oczonym monogramem Louis Vuitton podkre\u015bla presti\u017cowy charakter modelu, a metaliczny Swoosh i srebrne akcenty dodaj\u0105 mu nowoczesnego wyrazu.<\/p>\n<h2>Komfort i unikalne detale<\/h2>\n<p>Gumowa podeszwa z wyt\u0142oczonym brandingiem LV zapewnia przyczepno\u015b\u0107 i trwa\u0142o\u015b\u0107, a amortyzacja Air gwarantuje wygod\u0119 na najwy\u017cszym poziomie. Limitowany projekt Virgila Abloha dla Nike x Louis Vuitton sprawia, \u017ce ten model to po\u0142\u0105czenie streetwearowego stylu i luksusu, idealne dla kolekcjoner\u00f3w i mi\u0142o\u015bnik\u00f3w mody.<\/p>","protected":false},"excerpt":{"rendered":"<h2>Luksusowa reinterpretacja ikony streetwearu<\/h2>\n<p>Nike Air Force 1 Low x Louis Vuitton Black Metallic Silver to ekskluzywny model zaprojektowany przez Virgila Abloha. Sk\u00f3rzana cholewka z t\u0142oczonym monogramem LV, metaliczny Swoosh i gumowa podeszwa z brandingiem Louis Vuitton podkre\u015blaj\u0105 unikalny charakter but\u00f3w. Amortyzacja Air zapewnia komfort, \u0142\u0105cz\u0105c streetwear z high fashion w limitowanej edycji.<\/p>","protected":false},"featured_media":36401,"template":"","meta":{"_acf_changed":false,"_yoast_wpseo_focuskw":"Nike Air Force 1 Low x Louis Vuitton Black Metallic Silver","_yoast_wpseo_title":"","_yoast_wpseo_metadesc":""},"pwb-brand":[890,756],"product_brand":[],"product_cat":[16,898,865,92,171],"product_tag":[1008,1009],"class_list":{"0":"post-36393","1":"product","2":"type-product","3":"status-publish","4":"has-post-thumbnail","6":"pwb-brand-louis-vuitton","7":"pwb-brand-nike","8":"product_cat-buty","9":"product_cat-hype-grail","10":"product_cat-louis-vuitton","11":"product_cat-air-force-1","12":"product_cat-inne","13":"product_tag-kobieta","14":"product_tag-mezczyzna","16":"first","17":"onbackorder","18":"taxable","19":"shipping-taxable","20":"purchasable","21":"product-type-variable"},"acf":[],"yoast_head":"<!-- This site is optimized with the Yoast SEO plugin v27.3 - https:\/\/yoast.com\/product\/yoast-seo-wordpress\/ -->\n<title>Nike Air Force 1 Low x Louis Vuitton Black Metallic Silver - SHEZAMME<\/title>\n<meta name=\"description\" content=\"Nike Air Force 1 Low x Louis Vuitton Black Metallic Silver | Luksusowe i autentyczne przedmioty w jednym miejscu. B\u0105d\u017a na bie\u017c\u0105co i sprawd\u017a nasz\u0105 ofert\u0119 ju\u017c teraz\" \/>\n<meta name=\"robots\" content=\"index, follow, max-snippet:-1, max-image-preview:large, max-video-preview:-1\" \/>\n<link rel=\"canonical\" href=\"https:\/\/shezamme.com\/en\/sklep\/sneakers-2\/others\/louis-vuitton\/nike-air-force-1-low-x-louis-vuitton-black-metallic-silver\/\" \/>\n<meta property=\"og:locale\" content=\"en_US\" \/>\n<meta property=\"og:type\" content=\"article\" \/>\n<meta property=\"og:title\" content=\"Nike Air Force 1 Low x Louis Vuitton Black Metallic Silver - SHEZAMME\" \/>\n<meta property=\"og:description\" content=\"Nike Air Force 1 Low x Louis Vuitton Black Metallic Silver | Luksusowe i autentyczne przedmioty w jednym miejscu. B\u0105d\u017a na bie\u017c\u0105co i sprawd\u017a nasz\u0105 ofert\u0119 ju\u017c teraz\" \/>\n<meta property=\"og:url\" content=\"https:\/\/shezamme.com\/en\/sklep\/sneakers-2\/others\/louis-vuitton\/nike-air-force-1-low-x-louis-vuitton-black-metallic-silver\/\" \/>\n<meta property=\"og:site_name\" content=\"SHEZAMME - Yeezy, Jordan, Supreme i inne oryginalne rzeczy\" \/>\n<meta property=\"article:publisher\" content=\"https:\/\/www.facebook.com\/SHEZAMME\/\" \/>\n<meta property=\"article:modified_time\" content=\"2025-05-19T17:24:10+00:00\" \/>\n<meta property=\"og:image\" content=\"https:\/\/shezamme.com\/wp-content\/uploads\/2023\/11\/IMG_6730.jpg\" \/>\n\t<meta property=\"og:image:width\" content=\"1170\" \/>\n\t<meta property=\"og:image:height\" content=\"1041\" \/>\n\t<meta property=\"og:image:type\" content=\"image\/jpeg\" \/>\n<meta name=\"twitter:card\" content=\"summary_large_image\" \/>\n<meta name=\"twitter:site\" content=\"@SHEZAMME\" \/>\n<meta name=\"twitter:label1\" content=\"Est. reading time\" \/>\n\t<meta name=\"twitter:data1\" content=\"1 minute\" \/>\n<script type=\"application\/ld+json\" class=\"yoast-schema-graph\">{\"@context\":\"https:\\\/\\\/schema.org\",\"@graph\":[{\"@type\":\"WebPage\",\"@id\":\"https:\\\/\\\/shezamme.com\\\/sklep\\\/buty\\\/inne\\\/louis-vuitton\\\/nike-air-force-1-low-x-louis-vuitton-black-metallic-silver\\\/\",\"url\":\"https:\\\/\\\/shezamme.com\\\/sklep\\\/buty\\\/inne\\\/louis-vuitton\\\/nike-air-force-1-low-x-louis-vuitton-black-metallic-silver\\\/\",\"name\":\"Nike Air Force 1 Low x Louis Vuitton Black Metallic Silver - SHEZAMME\",\"isPartOf\":{\"@id\":\"https:\\\/\\\/shezamme.com\\\/#website\"},\"primaryImageOfPage\":{\"@id\":\"https:\\\/\\\/shezamme.com\\\/sklep\\\/buty\\\/inne\\\/louis-vuitton\\\/nike-air-force-1-low-x-louis-vuitton-black-metallic-silver\\\/#primaryimage\"},\"image\":{\"@id\":\"https:\\\/\\\/shezamme.com\\\/sklep\\\/buty\\\/inne\\\/louis-vuitton\\\/nike-air-force-1-low-x-louis-vuitton-black-metallic-silver\\\/#primaryimage\"},\"thumbnailUrl\":\"https:\\\/\\\/shezamme.com\\\/wp-content\\\/uploads\\\/2023\\\/11\\\/IMG_6730.jpg\",\"datePublished\":\"2023-11-09T13:27:00+00:00\",\"dateModified\":\"2025-05-19T17:24:10+00:00\",\"description\":\"Nike Air Force 1 Low x Louis Vuitton Black Metallic Silver | Luksusowe i autentyczne przedmioty w jednym miejscu. B\u0105d\u017a na bie\u017c\u0105co i sprawd\u017a nasz\u0105 ofert\u0119 ju\u017c teraz\",\"breadcrumb\":{\"@id\":\"https:\\\/\\\/shezamme.com\\\/sklep\\\/buty\\\/inne\\\/louis-vuitton\\\/nike-air-force-1-low-x-louis-vuitton-black-metallic-silver\\\/#breadcrumb\"},\"inLanguage\":\"en-US\",\"potentialAction\":[{\"@type\":\"ReadAction\",\"target\":[\"https:\\\/\\\/shezamme.com\\\/sklep\\\/buty\\\/inne\\\/louis-vuitton\\\/nike-air-force-1-low-x-louis-vuitton-black-metallic-silver\\\/\"]}]},{\"@type\":\"ImageObject\",\"inLanguage\":\"en-US\",\"@id\":\"https:\\\/\\\/shezamme.com\\\/sklep\\\/buty\\\/inne\\\/louis-vuitton\\\/nike-air-force-1-low-x-louis-vuitton-black-metallic-silver\\\/#primaryimage\",\"url\":\"https:\\\/\\\/shezamme.com\\\/wp-content\\\/uploads\\\/2023\\\/11\\\/IMG_6730.jpg\",\"contentUrl\":\"https:\\\/\\\/shezamme.com\\\/wp-content\\\/uploads\\\/2023\\\/11\\\/IMG_6730.jpg\",\"width\":1170,\"height\":1041,\"caption\":\"Nike Air Force 1 Low x Louis Vuitton Black Metallic Silver\"},{\"@type\":\"BreadcrumbList\",\"@id\":\"https:\\\/\\\/shezamme.com\\\/sklep\\\/buty\\\/inne\\\/louis-vuitton\\\/nike-air-force-1-low-x-louis-vuitton-black-metallic-silver\\\/#breadcrumb\",\"itemListElement\":[{\"@type\":\"ListItem\",\"position\":1,\"name\":\"Strona g\u0142\u00f3wna\",\"item\":\"https:\\\/\\\/shezamme.com\\\/\"},{\"@type\":\"ListItem\",\"position\":2,\"name\":\"Sklep\",\"item\":\"https:\\\/\\\/shezamme.com\\\/en\\\/sklep\\\/\"},{\"@type\":\"ListItem\",\"position\":3,\"name\":\"Nike Air Force 1 Low x Louis Vuitton Black Metallic Silver\"}]},{\"@type\":\"WebSite\",\"@id\":\"https:\\\/\\\/shezamme.com\\\/#website\",\"url\":\"https:\\\/\\\/shezamme.com\\\/\",\"name\":\"SHEZAMME - Sneakersy, Streetwear i luksusowe marki\",\"description\":\"Oryginalne i ekskluzywne przedmioty w jednym miejscu. Sprawd\u017a nasze produkty ju\u017c teraz i b\u0105d\u017a na bie\u017c\u0105co z wszystkimi premierami.\",\"publisher\":{\"@id\":\"https:\\\/\\\/shezamme.com\\\/#organization\"},\"potentialAction\":[{\"@type\":\"SearchAction\",\"target\":{\"@type\":\"EntryPoint\",\"urlTemplate\":\"https:\\\/\\\/shezamme.com\\\/?s={search_term_string}\"},\"query-input\":{\"@type\":\"PropertyValueSpecification\",\"valueRequired\":true,\"valueName\":\"search_term_string\"}}],\"inLanguage\":\"en-US\"},{\"@type\":\"Organization\",\"@id\":\"https:\\\/\\\/shezamme.com\\\/#organization\",\"name\":\"SHEZAMME - Sneakersy, Streetwear i luksusowe marki\",\"url\":\"https:\\\/\\\/shezamme.com\\\/\",\"logo\":{\"@type\":\"ImageObject\",\"inLanguage\":\"en-US\",\"@id\":\"https:\\\/\\\/shezamme.com\\\/#\\\/schema\\\/logo\\\/image\\\/\",\"url\":\"https:\\\/\\\/shezamme.com\\\/wp-content\\\/uploads\\\/2023\\\/02\\\/0x0.png\",\"contentUrl\":\"https:\\\/\\\/shezamme.com\\\/wp-content\\\/uploads\\\/2023\\\/02\\\/0x0.png\",\"width\":2000,\"height\":2000,\"caption\":\"SHEZAMME - Sneakersy, Streetwear i luksusowe marki\"},\"image\":{\"@id\":\"https:\\\/\\\/shezamme.com\\\/#\\\/schema\\\/logo\\\/image\\\/\"},\"sameAs\":[\"https:\\\/\\\/www.facebook.com\\\/SHEZAMME\\\/\",\"https:\\\/\\\/x.com\\\/SHEZAMME\",\"https:\\\/\\\/www.instagram.com\\\/shezamme\\\/\",\"https:\\\/\\\/www.youtube.com\\\/channel\\\/UCsTJxi_9fODHdO_1bmJbqvQ\",\"https:\\\/\\\/www.tiktok.com\\\/shezamme.com\"]}]}<\/script>\n<!-- \/ Yoast SEO plugin. -->","yoast_head_json":{"title":"Nike Air Force 1 Low x Louis Vuitton Black Metallic Silver - SHEZAMME","description":"Nike Air Force 1 Low x Louis Vuitton Black Metallic Silver | Luksusowe i autentyczne przedmioty w jednym miejscu. B\u0105d\u017a na bie\u017c\u0105co i sprawd\u017a nasz\u0105 ofert\u0119 ju\u017c teraz","robots":{"index":"index","follow":"follow","max-snippet":"max-snippet:-1","max-image-preview":"max-image-preview:large","max-video-preview":"max-video-preview:-1"},"canonical":"https:\/\/shezamme.com\/en\/sklep\/sneakers-2\/others\/louis-vuitton\/nike-air-force-1-low-x-louis-vuitton-black-metallic-silver\/","og_locale":"en_US","og_type":"article","og_title":"Nike Air Force 1 Low x Louis Vuitton Black Metallic Silver - SHEZAMME","og_description":"Nike Air Force 1 Low x Louis Vuitton Black Metallic Silver | Luksusowe i autentyczne przedmioty w jednym miejscu. B\u0105d\u017a na bie\u017c\u0105co i sprawd\u017a nasz\u0105 ofert\u0119 ju\u017c teraz","og_url":"https:\/\/shezamme.com\/en\/sklep\/sneakers-2\/others\/louis-vuitton\/nike-air-force-1-low-x-louis-vuitton-black-metallic-silver\/","og_site_name":"SHEZAMME - Yeezy, Jordan, Supreme i inne oryginalne rzeczy","article_publisher":"https:\/\/www.facebook.com\/SHEZAMME\/","article_modified_time":"2025-05-19T17:24:10+00:00","og_image":[{"width":1170,"height":1041,"url":"https:\/\/shezamme.com\/wp-content\/uploads\/2023\/11\/IMG_6730.jpg","type":"image\/jpeg"}],"twitter_card":"summary_large_image","twitter_site":"@SHEZAMME","twitter_misc":{"Est. reading time":"1 minute"},"schema":{"@context":"https:\/\/schema.org","@graph":[{"@type":"WebPage","@id":"https:\/\/shezamme.com\/sklep\/buty\/inne\/louis-vuitton\/nike-air-force-1-low-x-louis-vuitton-black-metallic-silver\/","url":"https:\/\/shezamme.com\/sklep\/buty\/inne\/louis-vuitton\/nike-air-force-1-low-x-louis-vuitton-black-metallic-silver\/","name":"Nike Air Force 1 Low x Louis Vuitton Black Metallic Silver - SHEZAMME","isPartOf":{"@id":"https:\/\/shezamme.com\/#website"},"primaryImageOfPage":{"@id":"https:\/\/shezamme.com\/sklep\/buty\/inne\/louis-vuitton\/nike-air-force-1-low-x-louis-vuitton-black-metallic-silver\/#primaryimage"},"image":{"@id":"https:\/\/shezamme.com\/sklep\/buty\/inne\/louis-vuitton\/nike-air-force-1-low-x-louis-vuitton-black-metallic-silver\/#primaryimage"},"thumbnailUrl":"https:\/\/shezamme.com\/wp-content\/uploads\/2023\/11\/IMG_6730.jpg","datePublished":"2023-11-09T13:27:00+00:00","dateModified":"2025-05-19T17:24:10+00:00","description":"Nike Air Force 1 Low x Louis Vuitton Black Metallic Silver | Luksusowe i autentyczne przedmioty w jednym miejscu. B\u0105d\u017a na bie\u017c\u0105co i sprawd\u017a nasz\u0105 ofert\u0119 ju\u017c teraz","breadcrumb":{"@id":"https:\/\/shezamme.com\/sklep\/buty\/inne\/louis-vuitton\/nike-air-force-1-low-x-louis-vuitton-black-metallic-silver\/#breadcrumb"},"inLanguage":"en-US","potentialAction":[{"@type":"ReadAction","target":["https:\/\/shezamme.com\/sklep\/buty\/inne\/louis-vuitton\/nike-air-force-1-low-x-louis-vuitton-black-metallic-silver\/"]}]},{"@type":"ImageObject","inLanguage":"en-US","@id":"https:\/\/shezamme.com\/sklep\/buty\/inne\/louis-vuitton\/nike-air-force-1-low-x-louis-vuitton-black-metallic-silver\/#primaryimage","url":"https:\/\/shezamme.com\/wp-content\/uploads\/2023\/11\/IMG_6730.jpg","contentUrl":"https:\/\/shezamme.com\/wp-content\/uploads\/2023\/11\/IMG_6730.jpg","width":1170,"height":1041,"caption":"Nike Air Force 1 Low x Louis Vuitton Black Metallic Silver"},{"@type":"BreadcrumbList","@id":"https:\/\/shezamme.com\/sklep\/buty\/inne\/louis-vuitton\/nike-air-force-1-low-x-louis-vuitton-black-metallic-silver\/#breadcrumb","itemListElement":[{"@type":"ListItem","position":1,"name":"Strona g\u0142\u00f3wna","item":"https:\/\/shezamme.com\/"},{"@type":"ListItem","position":2,"name":"Sklep","item":"https:\/\/shezamme.com\/en\/sklep\/"},{"@type":"ListItem","position":3,"name":"Nike Air Force 1 Low x Louis Vuitton Black Metallic Silver"}]},{"@type":"WebSite","@id":"https:\/\/shezamme.com\/#website","url":"https:\/\/shezamme.com\/","name":"SHEZAMME - Sneakers, Streetwear and luxury brands","description":"Original and exclusive items in one place. Check out our products now and stay up to date with all launches.","publisher":{"@id":"https:\/\/shezamme.com\/#organization"},"potentialAction":[{"@type":"SearchAction","target":{"@type":"EntryPoint","urlTemplate":"https:\/\/shezamme.com\/?s={search_term_string}"},"query-input":{"@type":"PropertyValueSpecification","valueRequired":true,"valueName":"search_term_string"}}],"inLanguage":"en-US"},{"@type":"Organization","@id":"https:\/\/shezamme.com\/#organization","name":"SHEZAMME - Sneakers, Streetwear and luxury brands","url":"https:\/\/shezamme.com\/","logo":{"@type":"ImageObject","inLanguage":"en-US","@id":"https:\/\/shezamme.com\/#\/schema\/logo\/image\/","url":"https:\/\/shezamme.com\/wp-content\/uploads\/2023\/02\/0x0.png","contentUrl":"https:\/\/shezamme.com\/wp-content\/uploads\/2023\/02\/0x0.png","width":2000,"height":2000,"caption":"SHEZAMME - Sneakersy, Streetwear i luksusowe marki"},"image":{"@id":"https:\/\/shezamme.com\/#\/schema\/logo\/image\/"},"sameAs":["https:\/\/www.facebook.com\/SHEZAMME\/","https:\/\/x.com\/SHEZAMME","https:\/\/www.instagram.com\/shezamme\/","https:\/\/www.youtube.com\/channel\/UCsTJxi_9fODHdO_1bmJbqvQ","https:\/\/www.tiktok.com\/shezamme.com"]}]}},"brands":[{"id":890,"name":"Louis Vuitton","slug":"louis-vuitton"},{"id":756,"name":"Nike","slug":"nike"}],"_links":{"self":[{"href":"https:\/\/shezamme.com\/en\/wp-json\/wp\/v2\/product\/36393","targetHints":{"allow":["GET"]}}],"collection":[{"href":"https:\/\/shezamme.com\/en\/wp-json\/wp\/v2\/product"}],"about":[{"href":"https:\/\/shezamme.com\/en\/wp-json\/wp\/v2\/types\/product"}],"wp:featuredmedia":[{"embeddable":true,"href":"https:\/\/shezamme.com\/en\/wp-json\/wp\/v2\/media\/36401"}],"wp:attachment":[{"href":"https:\/\/shezamme.com\/en\/wp-json\/wp\/v2\/media?parent=36393"}],"wp:term":[{"taxonomy":"pwb-brand","embeddable":true,"href":"https:\/\/shezamme.com\/en\/wp-json\/wp\/v2\/pwb-brand?post=36393"},{"taxonomy":"product_brand","embeddable":true,"href":"https:\/\/shezamme.com\/en\/wp-json\/wp\/v2\/product_brand?post=36393"},{"taxonomy":"product_cat","embeddable":true,"href":"https:\/\/shezamme.com\/en\/wp-json\/wp\/v2\/product_cat?post=36393"},{"taxonomy":"product_tag","embeddable":true,"href":"https:\/\/shezamme.com\/en\/wp-json\/wp\/v2\/product_tag?post=36393"}],"curies":[{"name":"wp","href":"https:\/\/api.w.org\/{rel}","templated":true}]}}