{"id":36362,"date":"2023-11-09T11:44:30","date_gmt":"2023-11-09T10:44:30","guid":{"rendered":"https:\/\/shezamme.com\/?post_type=product&#038;p=36362"},"modified":"2025-05-19T19:22:05","modified_gmt":"2025-05-19T17:22:05","slug":"nike-air-force-1-mid-x-louis-vuitton-white","status":"publish","type":"product","link":"https:\/\/shezamme.com\/en\/sklep\/buty\/inne\/louis-vuitton\/nike-air-force-1-mid-x-louis-vuitton-white\/","title":{"rendered":"Nike Air Force 1 Mid x Louis Vuitton White"},"content":{"rendered":"<h2 class=\"\" data-start=\"0\" data-end=\"73\">Monochromatyczna elegancja i ikona streetwearu w wydaniu Louis Vuitton<\/h2>\n<p class=\"\" data-start=\"75\" data-end=\"555\">Nike Air Force 1 Mid x <em data-start=\"98\" data-end=\"119\">Louis Vuitton White<\/em> to minimalistyczna reinterpretacja klasycznej sylwetki AF1 Mid, stworzona przez Virgila Abloha w ramach presti\u017cowej kolaboracji z francuskim domem mody. Ca\u0142kowicie bia\u0142a cholewka z najwy\u017cszej jako\u015bci sk\u00f3ry, ozdobiona t\u0142oczonym monogramem <em data-start=\"358\" data-end=\"373\">Louis Vuitton<\/em> i wzorem <em data-start=\"383\" data-end=\"391\">Damier<\/em>, nadaje modelowi luksusowy i ponadczasowy charakter. Tonalne detale, w tym Swoosh, branding LV oraz haftowane napisy, podkre\u015blaj\u0105 sp\u00f3jno\u015b\u0107 i subtelno\u015b\u0107 tej edycji.<\/p>\n<h2 class=\"\" data-start=\"557\" data-end=\"621\">Precyzja rzemios\u0142a i czysto\u015b\u0107 formy w kolekcjonerskim wydaniu<\/h2>\n<p class=\"\" data-start=\"623\" data-end=\"1090\">Model zosta\u0142 r\u0119cznie wykonany we W\u0142oszech z dba\u0142o\u015bci\u0105 o ka\u017cdy detal \u2013 od regulowanego paska na rzep z logotypem <em data-start=\"735\" data-end=\"750\">Louis Vuitton<\/em>, po klasyczn\u0105 podeszw\u0119 AF1 z t\u0142oczeniem \u201eAIR\u201d. Dodatek w postaci cytat\u00f3w w stylu Abloha, takich jak \u201eLACET\u201d na sznurowad\u0142ach, wzmacnia ide\u0119 dialogu pomi\u0119dzy \u015bwiatem mody luksusowej a kultur\u0105 uliczn\u0105. Air Force 1 Mid <em data-start=\"967\" data-end=\"977\">LV White<\/em> to najbardziej uniwersalna i wyrafinowana wersja z ca\u0142ej kolekcji \u2013 czysty luksus w formie streetwearowej ikony.<\/p>","protected":false},"excerpt":{"rendered":"<h2 class=\"\" data-start=\"0\" data-end=\"57\">Czysta forma luksusu w bia\u0142ej ods\u0142onie Air Force 1 Mid<\/h2>\n<p class=\"\" data-start=\"59\" data-end=\"517\">Nike Air Force 1 Mid x <em data-start=\"82\" data-end=\"103\">Louis Vuitton White<\/em> to subtelna reinterpretacja klasyki, w kt\u00f3rej monochromatyczna biel \u0142\u0105czy si\u0119 z luksusowym wyko\u0144czeniem. Sk\u00f3rzana cholewka z t\u0142oczonym monogramem LV, tonalnym Swooshem i haftowanymi detalami tworzy minimalistyczny, ale wyrazisty look. R\u0119czne wykonanie we W\u0142oszech oraz pasek na rzep z brandingiem LV podkre\u015blaj\u0105 presti\u017c tej kolekcjonerskiej edycji, b\u0119d\u0105cej harmonijnym dialogiem mi\u0119dzy streetwearem a mod\u0105 wysok\u0105.<\/p>","protected":false},"featured_media":36370,"template":"","meta":{"_acf_changed":false,"_yoast_wpseo_focuskw":"Nike Air Force 1 Mid x Louis Vuitton White","_yoast_wpseo_title":"","_yoast_wpseo_metadesc":""},"pwb-brand":[890,756],"product_brand":[],"product_cat":[16,898,865,92,171],"product_tag":[1008,1009],"class_list":{"0":"post-36362","1":"product","2":"type-product","3":"status-publish","4":"has-post-thumbnail","6":"pwb-brand-louis-vuitton","7":"pwb-brand-nike","8":"product_cat-buty","9":"product_cat-hype-grail","10":"product_cat-louis-vuitton","11":"product_cat-air-force-1","12":"product_cat-inne","13":"product_tag-kobieta","14":"product_tag-mezczyzna","16":"first","17":"onbackorder","18":"taxable","19":"shipping-taxable","20":"purchasable","21":"product-type-variable","22":"has-default-attributes"},"acf":[],"yoast_head":"<!-- This site is optimized with the Yoast SEO plugin v27.3 - https:\/\/yoast.com\/product\/yoast-seo-wordpress\/ -->\n<title>Nike Air Force 1 Mid x Louis Vuitton White - SHEZAMME<\/title>\n<meta name=\"description\" content=\"Nike Air Force 1 Mid x Louis Vuitton White | Luksusowe i autentyczne przedmioty w jednym miejscu. B\u0105d\u017a na bie\u017c\u0105co i sprawd\u017a nasz\u0105 ofert\u0119 ju\u017c teraz\" \/>\n<meta name=\"robots\" content=\"index, follow, max-snippet:-1, max-image-preview:large, max-video-preview:-1\" \/>\n<link rel=\"canonical\" href=\"https:\/\/shezamme.com\/en\/sklep\/sneakers-2\/others\/louis-vuitton\/nike-air-force-1-mid-x-louis-vuitton-white\/\" \/>\n<meta property=\"og:locale\" content=\"en_US\" \/>\n<meta property=\"og:type\" content=\"article\" \/>\n<meta property=\"og:title\" content=\"Nike Air Force 1 Mid x Louis Vuitton White - SHEZAMME\" \/>\n<meta property=\"og:description\" content=\"Nike Air Force 1 Mid x Louis Vuitton White | Luksusowe i autentyczne przedmioty w jednym miejscu. B\u0105d\u017a na bie\u017c\u0105co i sprawd\u017a nasz\u0105 ofert\u0119 ju\u017c teraz\" \/>\n<meta property=\"og:url\" content=\"https:\/\/shezamme.com\/en\/sklep\/sneakers-2\/others\/louis-vuitton\/nike-air-force-1-mid-x-louis-vuitton-white\/\" \/>\n<meta property=\"og:site_name\" content=\"SHEZAMME - Yeezy, Jordan, Supreme i inne oryginalne rzeczy\" \/>\n<meta property=\"article:publisher\" content=\"https:\/\/www.facebook.com\/SHEZAMME\/\" \/>\n<meta property=\"article:modified_time\" content=\"2025-05-19T17:22:05+00:00\" \/>\n<meta property=\"og:image\" content=\"https:\/\/shezamme.com\/wp-content\/uploads\/2023\/11\/IMG_6720-2.jpg\" \/>\n\t<meta property=\"og:image:width\" content=\"1170\" \/>\n\t<meta property=\"og:image:height\" content=\"1030\" \/>\n\t<meta property=\"og:image:type\" content=\"image\/jpeg\" \/>\n<meta name=\"twitter:card\" content=\"summary_large_image\" \/>\n<meta name=\"twitter:site\" content=\"@SHEZAMME\" \/>\n<meta name=\"twitter:label1\" content=\"Est. reading time\" \/>\n\t<meta name=\"twitter:data1\" content=\"1 minute\" \/>\n<script type=\"application\/ld+json\" class=\"yoast-schema-graph\">{\"@context\":\"https:\\\/\\\/schema.org\",\"@graph\":[{\"@type\":\"WebPage\",\"@id\":\"https:\\\/\\\/shezamme.com\\\/sklep\\\/buty\\\/inne\\\/louis-vuitton\\\/nike-air-force-1-mid-x-louis-vuitton-white\\\/\",\"url\":\"https:\\\/\\\/shezamme.com\\\/sklep\\\/buty\\\/inne\\\/louis-vuitton\\\/nike-air-force-1-mid-x-louis-vuitton-white\\\/\",\"name\":\"Nike Air Force 1 Mid x Louis Vuitton White - SHEZAMME\",\"isPartOf\":{\"@id\":\"https:\\\/\\\/shezamme.com\\\/#website\"},\"primaryImageOfPage\":{\"@id\":\"https:\\\/\\\/shezamme.com\\\/sklep\\\/buty\\\/inne\\\/louis-vuitton\\\/nike-air-force-1-mid-x-louis-vuitton-white\\\/#primaryimage\"},\"image\":{\"@id\":\"https:\\\/\\\/shezamme.com\\\/sklep\\\/buty\\\/inne\\\/louis-vuitton\\\/nike-air-force-1-mid-x-louis-vuitton-white\\\/#primaryimage\"},\"thumbnailUrl\":\"https:\\\/\\\/shezamme.com\\\/wp-content\\\/uploads\\\/2023\\\/11\\\/IMG_6720-2.jpg\",\"datePublished\":\"2023-11-09T10:44:30+00:00\",\"dateModified\":\"2025-05-19T17:22:05+00:00\",\"description\":\"Nike Air Force 1 Mid x Louis Vuitton White | Luksusowe i autentyczne przedmioty w jednym miejscu. B\u0105d\u017a na bie\u017c\u0105co i sprawd\u017a nasz\u0105 ofert\u0119 ju\u017c teraz\",\"breadcrumb\":{\"@id\":\"https:\\\/\\\/shezamme.com\\\/sklep\\\/buty\\\/inne\\\/louis-vuitton\\\/nike-air-force-1-mid-x-louis-vuitton-white\\\/#breadcrumb\"},\"inLanguage\":\"en-US\",\"potentialAction\":[{\"@type\":\"ReadAction\",\"target\":[\"https:\\\/\\\/shezamme.com\\\/sklep\\\/buty\\\/inne\\\/louis-vuitton\\\/nike-air-force-1-mid-x-louis-vuitton-white\\\/\"]}]},{\"@type\":\"ImageObject\",\"inLanguage\":\"en-US\",\"@id\":\"https:\\\/\\\/shezamme.com\\\/sklep\\\/buty\\\/inne\\\/louis-vuitton\\\/nike-air-force-1-mid-x-louis-vuitton-white\\\/#primaryimage\",\"url\":\"https:\\\/\\\/shezamme.com\\\/wp-content\\\/uploads\\\/2023\\\/11\\\/IMG_6720-2.jpg\",\"contentUrl\":\"https:\\\/\\\/shezamme.com\\\/wp-content\\\/uploads\\\/2023\\\/11\\\/IMG_6720-2.jpg\",\"width\":1170,\"height\":1030,\"caption\":\"Nike Air Force 1 Mid x Louis Vuitton White\"},{\"@type\":\"BreadcrumbList\",\"@id\":\"https:\\\/\\\/shezamme.com\\\/sklep\\\/buty\\\/inne\\\/louis-vuitton\\\/nike-air-force-1-mid-x-louis-vuitton-white\\\/#breadcrumb\",\"itemListElement\":[{\"@type\":\"ListItem\",\"position\":1,\"name\":\"Strona g\u0142\u00f3wna\",\"item\":\"https:\\\/\\\/shezamme.com\\\/\"},{\"@type\":\"ListItem\",\"position\":2,\"name\":\"Sklep\",\"item\":\"https:\\\/\\\/shezamme.com\\\/en\\\/sklep\\\/\"},{\"@type\":\"ListItem\",\"position\":3,\"name\":\"Nike Air Force 1 Mid x Louis Vuitton White\"}]},{\"@type\":\"WebSite\",\"@id\":\"https:\\\/\\\/shezamme.com\\\/#website\",\"url\":\"https:\\\/\\\/shezamme.com\\\/\",\"name\":\"SHEZAMME - Sneakersy, Streetwear i luksusowe marki\",\"description\":\"Oryginalne i ekskluzywne przedmioty w jednym miejscu. Sprawd\u017a nasze produkty ju\u017c teraz i b\u0105d\u017a na bie\u017c\u0105co z wszystkimi premierami.\",\"publisher\":{\"@id\":\"https:\\\/\\\/shezamme.com\\\/#organization\"},\"potentialAction\":[{\"@type\":\"SearchAction\",\"target\":{\"@type\":\"EntryPoint\",\"urlTemplate\":\"https:\\\/\\\/shezamme.com\\\/?s={search_term_string}\"},\"query-input\":{\"@type\":\"PropertyValueSpecification\",\"valueRequired\":true,\"valueName\":\"search_term_string\"}}],\"inLanguage\":\"en-US\"},{\"@type\":\"Organization\",\"@id\":\"https:\\\/\\\/shezamme.com\\\/#organization\",\"name\":\"SHEZAMME - Sneakersy, Streetwear i luksusowe marki\",\"url\":\"https:\\\/\\\/shezamme.com\\\/\",\"logo\":{\"@type\":\"ImageObject\",\"inLanguage\":\"en-US\",\"@id\":\"https:\\\/\\\/shezamme.com\\\/#\\\/schema\\\/logo\\\/image\\\/\",\"url\":\"https:\\\/\\\/shezamme.com\\\/wp-content\\\/uploads\\\/2023\\\/02\\\/0x0.png\",\"contentUrl\":\"https:\\\/\\\/shezamme.com\\\/wp-content\\\/uploads\\\/2023\\\/02\\\/0x0.png\",\"width\":2000,\"height\":2000,\"caption\":\"SHEZAMME - Sneakersy, Streetwear i luksusowe marki\"},\"image\":{\"@id\":\"https:\\\/\\\/shezamme.com\\\/#\\\/schema\\\/logo\\\/image\\\/\"},\"sameAs\":[\"https:\\\/\\\/www.facebook.com\\\/SHEZAMME\\\/\",\"https:\\\/\\\/x.com\\\/SHEZAMME\",\"https:\\\/\\\/www.instagram.com\\\/shezamme\\\/\",\"https:\\\/\\\/www.youtube.com\\\/channel\\\/UCsTJxi_9fODHdO_1bmJbqvQ\",\"https:\\\/\\\/www.tiktok.com\\\/shezamme.com\"]}]}<\/script>\n<!-- \/ Yoast SEO plugin. -->","yoast_head_json":{"title":"Nike Air Force 1 Mid x Louis Vuitton White - SHEZAMME","description":"Nike Air Force 1 Mid x Louis Vuitton White | Luksusowe i autentyczne przedmioty w jednym miejscu. B\u0105d\u017a na bie\u017c\u0105co i sprawd\u017a nasz\u0105 ofert\u0119 ju\u017c teraz","robots":{"index":"index","follow":"follow","max-snippet":"max-snippet:-1","max-image-preview":"max-image-preview:large","max-video-preview":"max-video-preview:-1"},"canonical":"https:\/\/shezamme.com\/en\/sklep\/sneakers-2\/others\/louis-vuitton\/nike-air-force-1-mid-x-louis-vuitton-white\/","og_locale":"en_US","og_type":"article","og_title":"Nike Air Force 1 Mid x Louis Vuitton White - SHEZAMME","og_description":"Nike Air Force 1 Mid x Louis Vuitton White | Luksusowe i autentyczne przedmioty w jednym miejscu. B\u0105d\u017a na bie\u017c\u0105co i sprawd\u017a nasz\u0105 ofert\u0119 ju\u017c teraz","og_url":"https:\/\/shezamme.com\/en\/sklep\/sneakers-2\/others\/louis-vuitton\/nike-air-force-1-mid-x-louis-vuitton-white\/","og_site_name":"SHEZAMME - Yeezy, Jordan, Supreme i inne oryginalne rzeczy","article_publisher":"https:\/\/www.facebook.com\/SHEZAMME\/","article_modified_time":"2025-05-19T17:22:05+00:00","og_image":[{"width":1170,"height":1030,"url":"https:\/\/shezamme.com\/wp-content\/uploads\/2023\/11\/IMG_6720-2.jpg","type":"image\/jpeg"}],"twitter_card":"summary_large_image","twitter_site":"@SHEZAMME","twitter_misc":{"Est. reading time":"1 minute"},"schema":{"@context":"https:\/\/schema.org","@graph":[{"@type":"WebPage","@id":"https:\/\/shezamme.com\/sklep\/buty\/inne\/louis-vuitton\/nike-air-force-1-mid-x-louis-vuitton-white\/","url":"https:\/\/shezamme.com\/sklep\/buty\/inne\/louis-vuitton\/nike-air-force-1-mid-x-louis-vuitton-white\/","name":"Nike Air Force 1 Mid x Louis Vuitton White - SHEZAMME","isPartOf":{"@id":"https:\/\/shezamme.com\/#website"},"primaryImageOfPage":{"@id":"https:\/\/shezamme.com\/sklep\/buty\/inne\/louis-vuitton\/nike-air-force-1-mid-x-louis-vuitton-white\/#primaryimage"},"image":{"@id":"https:\/\/shezamme.com\/sklep\/buty\/inne\/louis-vuitton\/nike-air-force-1-mid-x-louis-vuitton-white\/#primaryimage"},"thumbnailUrl":"https:\/\/shezamme.com\/wp-content\/uploads\/2023\/11\/IMG_6720-2.jpg","datePublished":"2023-11-09T10:44:30+00:00","dateModified":"2025-05-19T17:22:05+00:00","description":"Nike Air Force 1 Mid x Louis Vuitton White | Luksusowe i autentyczne przedmioty w jednym miejscu. B\u0105d\u017a na bie\u017c\u0105co i sprawd\u017a nasz\u0105 ofert\u0119 ju\u017c teraz","breadcrumb":{"@id":"https:\/\/shezamme.com\/sklep\/buty\/inne\/louis-vuitton\/nike-air-force-1-mid-x-louis-vuitton-white\/#breadcrumb"},"inLanguage":"en-US","potentialAction":[{"@type":"ReadAction","target":["https:\/\/shezamme.com\/sklep\/buty\/inne\/louis-vuitton\/nike-air-force-1-mid-x-louis-vuitton-white\/"]}]},{"@type":"ImageObject","inLanguage":"en-US","@id":"https:\/\/shezamme.com\/sklep\/buty\/inne\/louis-vuitton\/nike-air-force-1-mid-x-louis-vuitton-white\/#primaryimage","url":"https:\/\/shezamme.com\/wp-content\/uploads\/2023\/11\/IMG_6720-2.jpg","contentUrl":"https:\/\/shezamme.com\/wp-content\/uploads\/2023\/11\/IMG_6720-2.jpg","width":1170,"height":1030,"caption":"Nike Air Force 1 Mid x Louis Vuitton White"},{"@type":"BreadcrumbList","@id":"https:\/\/shezamme.com\/sklep\/buty\/inne\/louis-vuitton\/nike-air-force-1-mid-x-louis-vuitton-white\/#breadcrumb","itemListElement":[{"@type":"ListItem","position":1,"name":"Strona g\u0142\u00f3wna","item":"https:\/\/shezamme.com\/"},{"@type":"ListItem","position":2,"name":"Sklep","item":"https:\/\/shezamme.com\/en\/sklep\/"},{"@type":"ListItem","position":3,"name":"Nike Air Force 1 Mid x Louis Vuitton White"}]},{"@type":"WebSite","@id":"https:\/\/shezamme.com\/#website","url":"https:\/\/shezamme.com\/","name":"SHEZAMME - Sneakers, Streetwear and luxury brands","description":"Original and exclusive items in one place. Check out our products now and stay up to date with all launches.","publisher":{"@id":"https:\/\/shezamme.com\/#organization"},"potentialAction":[{"@type":"SearchAction","target":{"@type":"EntryPoint","urlTemplate":"https:\/\/shezamme.com\/?s={search_term_string}"},"query-input":{"@type":"PropertyValueSpecification","valueRequired":true,"valueName":"search_term_string"}}],"inLanguage":"en-US"},{"@type":"Organization","@id":"https:\/\/shezamme.com\/#organization","name":"SHEZAMME - Sneakers, Streetwear and luxury brands","url":"https:\/\/shezamme.com\/","logo":{"@type":"ImageObject","inLanguage":"en-US","@id":"https:\/\/shezamme.com\/#\/schema\/logo\/image\/","url":"https:\/\/shezamme.com\/wp-content\/uploads\/2023\/02\/0x0.png","contentUrl":"https:\/\/shezamme.com\/wp-content\/uploads\/2023\/02\/0x0.png","width":2000,"height":2000,"caption":"SHEZAMME - Sneakersy, Streetwear i luksusowe marki"},"image":{"@id":"https:\/\/shezamme.com\/#\/schema\/logo\/image\/"},"sameAs":["https:\/\/www.facebook.com\/SHEZAMME\/","https:\/\/x.com\/SHEZAMME","https:\/\/www.instagram.com\/shezamme\/","https:\/\/www.youtube.com\/channel\/UCsTJxi_9fODHdO_1bmJbqvQ","https:\/\/www.tiktok.com\/shezamme.com"]}]}},"brands":[{"id":890,"name":"Louis Vuitton","slug":"louis-vuitton"},{"id":756,"name":"Nike","slug":"nike"}],"_links":{"self":[{"href":"https:\/\/shezamme.com\/en\/wp-json\/wp\/v2\/product\/36362","targetHints":{"allow":["GET"]}}],"collection":[{"href":"https:\/\/shezamme.com\/en\/wp-json\/wp\/v2\/product"}],"about":[{"href":"https:\/\/shezamme.com\/en\/wp-json\/wp\/v2\/types\/product"}],"wp:featuredmedia":[{"embeddable":true,"href":"https:\/\/shezamme.com\/en\/wp-json\/wp\/v2\/media\/36370"}],"wp:attachment":[{"href":"https:\/\/shezamme.com\/en\/wp-json\/wp\/v2\/media?parent=36362"}],"wp:term":[{"taxonomy":"pwb-brand","embeddable":true,"href":"https:\/\/shezamme.com\/en\/wp-json\/wp\/v2\/pwb-brand?post=36362"},{"taxonomy":"product_brand","embeddable":true,"href":"https:\/\/shezamme.com\/en\/wp-json\/wp\/v2\/product_brand?post=36362"},{"taxonomy":"product_cat","embeddable":true,"href":"https:\/\/shezamme.com\/en\/wp-json\/wp\/v2\/product_cat?post=36362"},{"taxonomy":"product_tag","embeddable":true,"href":"https:\/\/shezamme.com\/en\/wp-json\/wp\/v2\/product_tag?post=36362"}],"curies":[{"name":"wp","href":"https:\/\/api.w.org\/{rel}","templated":true}]}}