{"id":36170,"date":"2023-11-08T14:29:50","date_gmt":"2023-11-08T13:29:50","guid":{"rendered":"https:\/\/shezamme.com\/?post_type=product&#038;p=36170"},"modified":"2025-02-16T18:21:38","modified_gmt":"2025-02-16T17:21:38","slug":"air-jordan-4-retro-green-metalic","status":"publish","type":"product","link":"https:\/\/shezamme.com\/en\/sklep\/buty\/air-jordan\/air-jordan-4\/air-jordan-4-retro-green-metalic\/","title":{"rendered":"Air Jordan 4 Retro Green Metallic"},"content":{"rendered":"<h2>Air Jordan 4 Retro Green Metallic \u2013 subtelny luksus z nut\u0105 zieleni<\/h2>\n<p><strong>Air Jordan 4 Retro Green Metallic<\/strong> to model, kt\u00f3ry wyr\u00f3\u017cnia si\u0119 \u015bnie\u017cnobia\u0142\u0105 cholewk\u0105, uzupe\u0142nion\u0105 wyrazistymi zielonymi metalicznymi akcentami &#8222;Green Metallic.&#8221; Wykonany z najwy\u017cszej jako\u015bci sk\u00f3ry naturalnej, zapewnia trwa\u0142o\u015b\u0107 i elegancki wygl\u0105d, a siateczkowe panele dbaj\u0105 o komfort i przewiewno\u015b\u0107.<\/p>\n<h2>Wyj\u0105tkowe detale w minimalistycznym wydaniu<\/h2>\n<p>Gumowa podeszwa z technologi\u0105 Air oferuje doskona\u0142\u0105 amortyzacj\u0119, a zielone detale na sznurowad\u0142ach i ko\u0142nierzu podkre\u015blaj\u0105 nowoczesny charakter modelu. To limitowana edycja, idealna dla mi\u0142o\u015bnik\u00f3w minimalistycznych, a zarazem wyrazistych stylizacji, kt\u00f3ra \u0142\u0105czy klasyk\u0119 z od\u015bwie\u017caj\u0105cym, luksusowym akcentem.<\/p>","protected":false},"excerpt":{"rendered":"<h2>Air Jordan 4 Retro Green Metallic \u2013 klasyka z zielonym akcentem<\/h2>\n<p><strong>Air Jordan 4 Retro Green Metallic<\/strong> to elegancka biel urozmaicona metalicznymi, zielonymi detalami, kt\u00f3re dodaj\u0105 butom \u015bwie\u017co\u015bci i wyj\u0105tkowego stylu. Cholewka z premium sk\u00f3ry naturalnej gwarantuje trwa\u0142o\u015b\u0107, a technologia Air w podeszwie zapewnia komfort przy ka\u017cdym kroku. Idealny wyb\u00f3r dla os\u00f3b ceni\u0105cych subtelny luksus z wyrazistym, zielonym akcentem.<\/p>","protected":false},"featured_media":36188,"template":"","meta":{"_acf_changed":false},"pwb-brand":[749,756],"product_brand":[],"product_cat":[16,17,248,93],"product_tag":[1008,1009],"class_list":{"0":"post-36170","1":"product","2":"type-product","3":"status-publish","4":"has-post-thumbnail","6":"pwb-brand-air-jordan","7":"pwb-brand-nike","8":"product_cat-buty","9":"product_cat-air-jordan","10":"product_cat-air-jordan-4","11":"product_cat-nike","12":"product_tag-kobieta","13":"product_tag-mezczyzna","15":"first","16":"onbackorder","17":"taxable","18":"shipping-taxable","19":"purchasable","20":"product-type-variable","21":"has-default-attributes"},"acf":[],"yoast_head":"<!-- This site is optimized with the Yoast SEO plugin v27.2 - https:\/\/yoast.com\/product\/yoast-seo-wordpress\/ -->\n<title>Air Jordan 4 Retro Green Metallic - SHEZAMME<\/title>\n<meta name=\"description\" content=\"Air Jordan 4 Retro Green Metallic | Luksusowe i autentyczne przedmioty w jednym miejscu. B\u0105d\u017a na bie\u017c\u0105co i sprawd\u017a nasz\u0105 ofert\u0119 ju\u017c teraz\" \/>\n<meta name=\"robots\" content=\"index, follow, max-snippet:-1, max-image-preview:large, max-video-preview:-1\" \/>\n<link rel=\"canonical\" href=\"https:\/\/shezamme.com\/en\/sklep\/sneakers-2\/air-jordan\/air-jordan-4\/air-jordan-4-retro-green-metalic\/\" \/>\n<meta property=\"og:locale\" content=\"en_US\" \/>\n<meta property=\"og:type\" content=\"article\" \/>\n<meta property=\"og:title\" content=\"Air Jordan 4 Retro Green Metallic - SHEZAMME\" \/>\n<meta property=\"og:description\" content=\"Air Jordan 4 Retro Green Metallic | Luksusowe i autentyczne przedmioty w jednym miejscu. B\u0105d\u017a na bie\u017c\u0105co i sprawd\u017a nasz\u0105 ofert\u0119 ju\u017c teraz\" \/>\n<meta property=\"og:url\" content=\"https:\/\/shezamme.com\/en\/sklep\/sneakers-2\/air-jordan\/air-jordan-4\/air-jordan-4-retro-green-metalic\/\" \/>\n<meta property=\"og:site_name\" content=\"SHEZAMME - Yeezy, Jordan, Supreme i inne oryginalne rzeczy\" \/>\n<meta property=\"article:publisher\" content=\"https:\/\/www.facebook.com\/SHEZAMME\/\" \/>\n<meta property=\"article:modified_time\" content=\"2025-02-16T17:21:38+00:00\" \/>\n<meta property=\"og:image\" content=\"https:\/\/shezamme.com\/wp-content\/uploads\/2023\/11\/IMG_6665.jpg\" \/>\n\t<meta property=\"og:image:width\" content=\"1170\" \/>\n\t<meta property=\"og:image:height\" content=\"1002\" \/>\n\t<meta property=\"og:image:type\" content=\"image\/jpeg\" \/>\n<meta name=\"twitter:card\" content=\"summary_large_image\" \/>\n<meta name=\"twitter:site\" content=\"@SHEZAMME\" \/>\n<meta name=\"twitter:label1\" content=\"Est. reading time\" \/>\n\t<meta name=\"twitter:data1\" content=\"1 minute\" \/>\n<script type=\"application\/ld+json\" class=\"yoast-schema-graph\">{\"@context\":\"https:\/\/schema.org\",\"@graph\":[{\"@type\":\"WebPage\",\"@id\":\"https:\/\/shezamme.com\/sklep\/buty\/air-jordan\/air-jordan-4\/air-jordan-4-retro-green-metalic\/\",\"url\":\"https:\/\/shezamme.com\/sklep\/buty\/air-jordan\/air-jordan-4\/air-jordan-4-retro-green-metalic\/\",\"name\":\"Air Jordan 4 Retro Green Metallic - SHEZAMME\",\"isPartOf\":{\"@id\":\"https:\/\/shezamme.com\/#website\"},\"primaryImageOfPage\":{\"@id\":\"https:\/\/shezamme.com\/sklep\/buty\/air-jordan\/air-jordan-4\/air-jordan-4-retro-green-metalic\/#primaryimage\"},\"image\":{\"@id\":\"https:\/\/shezamme.com\/sklep\/buty\/air-jordan\/air-jordan-4\/air-jordan-4-retro-green-metalic\/#primaryimage\"},\"thumbnailUrl\":\"https:\/\/shezamme.com\/wp-content\/uploads\/2023\/11\/IMG_6665.jpg\",\"datePublished\":\"2023-11-08T13:29:50+00:00\",\"dateModified\":\"2025-02-16T17:21:38+00:00\",\"description\":\"Air Jordan 4 Retro Green Metallic | Luksusowe i autentyczne przedmioty w jednym miejscu. B\u0105d\u017a na bie\u017c\u0105co i sprawd\u017a nasz\u0105 ofert\u0119 ju\u017c teraz\",\"breadcrumb\":{\"@id\":\"https:\/\/shezamme.com\/sklep\/buty\/air-jordan\/air-jordan-4\/air-jordan-4-retro-green-metalic\/#breadcrumb\"},\"inLanguage\":\"en-US\",\"potentialAction\":[{\"@type\":\"ReadAction\",\"target\":[\"https:\/\/shezamme.com\/sklep\/buty\/air-jordan\/air-jordan-4\/air-jordan-4-retro-green-metalic\/\"]}]},{\"@type\":\"ImageObject\",\"inLanguage\":\"en-US\",\"@id\":\"https:\/\/shezamme.com\/sklep\/buty\/air-jordan\/air-jordan-4\/air-jordan-4-retro-green-metalic\/#primaryimage\",\"url\":\"https:\/\/shezamme.com\/wp-content\/uploads\/2023\/11\/IMG_6665.jpg\",\"contentUrl\":\"https:\/\/shezamme.com\/wp-content\/uploads\/2023\/11\/IMG_6665.jpg\",\"width\":1170,\"height\":1002,\"caption\":\"Air Jordan 4 Retro Green Metalic\"},{\"@type\":\"BreadcrumbList\",\"@id\":\"https:\/\/shezamme.com\/sklep\/buty\/air-jordan\/air-jordan-4\/air-jordan-4-retro-green-metalic\/#breadcrumb\",\"itemListElement\":[{\"@type\":\"ListItem\",\"position\":1,\"name\":\"Strona g\u0142\u00f3wna\",\"item\":\"https:\/\/shezamme.com\/\"},{\"@type\":\"ListItem\",\"position\":2,\"name\":\"Sklep\",\"item\":\"https:\/\/shezamme.com\/sklep\/\"},{\"@type\":\"ListItem\",\"position\":3,\"name\":\"Air Jordan 4 Retro Green Metallic\"}]},{\"@type\":\"WebSite\",\"@id\":\"https:\/\/shezamme.com\/#website\",\"url\":\"https:\/\/shezamme.com\/\",\"name\":\"SHEZAMME - Sneakersy, Streetwear i luksusowe marki\",\"description\":\"Oryginalne i ekskluzywne przedmioty w jednym miejscu. Sprawd\u017a nasze produkty ju\u017c teraz i b\u0105d\u017a na bie\u017c\u0105co z wszystkimi premierami.\",\"publisher\":{\"@id\":\"https:\/\/shezamme.com\/#organization\"},\"potentialAction\":[{\"@type\":\"SearchAction\",\"target\":{\"@type\":\"EntryPoint\",\"urlTemplate\":\"https:\/\/shezamme.com\/?s={search_term_string}\"},\"query-input\":{\"@type\":\"PropertyValueSpecification\",\"valueRequired\":true,\"valueName\":\"search_term_string\"}}],\"inLanguage\":\"en-US\"},{\"@type\":\"Organization\",\"@id\":\"https:\/\/shezamme.com\/#organization\",\"name\":\"SHEZAMME - Sneakersy, Streetwear i luksusowe marki\",\"url\":\"https:\/\/shezamme.com\/\",\"logo\":{\"@type\":\"ImageObject\",\"inLanguage\":\"en-US\",\"@id\":\"https:\/\/shezamme.com\/#\/schema\/logo\/image\/\",\"url\":\"https:\/\/shezamme.com\/wp-content\/uploads\/2023\/02\/0x0.png\",\"contentUrl\":\"https:\/\/shezamme.com\/wp-content\/uploads\/2023\/02\/0x0.png\",\"width\":2000,\"height\":2000,\"caption\":\"SHEZAMME - Sneakersy, Streetwear i luksusowe marki\"},\"image\":{\"@id\":\"https:\/\/shezamme.com\/#\/schema\/logo\/image\/\"},\"sameAs\":[\"https:\/\/www.facebook.com\/SHEZAMME\/\",\"https:\/\/x.com\/SHEZAMME\",\"https:\/\/www.instagram.com\/shezamme\/\",\"https:\/\/www.youtube.com\/channel\/UCsTJxi_9fODHdO_1bmJbqvQ\",\"https:\/\/www.tiktok.com\/shezamme.com\"]}]}<\/script>\n<!-- \/ Yoast SEO plugin. -->","yoast_head_json":{"title":"Air Jordan 4 Retro Green Metallic - SHEZAMME","description":"Air Jordan 4 Retro Green Metallic | Luksusowe i autentyczne przedmioty w jednym miejscu. B\u0105d\u017a na bie\u017c\u0105co i sprawd\u017a nasz\u0105 ofert\u0119 ju\u017c teraz","robots":{"index":"index","follow":"follow","max-snippet":"max-snippet:-1","max-image-preview":"max-image-preview:large","max-video-preview":"max-video-preview:-1"},"canonical":"https:\/\/shezamme.com\/en\/sklep\/sneakers-2\/air-jordan\/air-jordan-4\/air-jordan-4-retro-green-metalic\/","og_locale":"en_US","og_type":"article","og_title":"Air Jordan 4 Retro Green Metallic - SHEZAMME","og_description":"Air Jordan 4 Retro Green Metallic | Luksusowe i autentyczne przedmioty w jednym miejscu. B\u0105d\u017a na bie\u017c\u0105co i sprawd\u017a nasz\u0105 ofert\u0119 ju\u017c teraz","og_url":"https:\/\/shezamme.com\/en\/sklep\/sneakers-2\/air-jordan\/air-jordan-4\/air-jordan-4-retro-green-metalic\/","og_site_name":"SHEZAMME - Yeezy, Jordan, Supreme i inne oryginalne rzeczy","article_publisher":"https:\/\/www.facebook.com\/SHEZAMME\/","article_modified_time":"2025-02-16T17:21:38+00:00","og_image":[{"width":1170,"height":1002,"url":"https:\/\/shezamme.com\/wp-content\/uploads\/2023\/11\/IMG_6665.jpg","type":"image\/jpeg"}],"twitter_card":"summary_large_image","twitter_site":"@SHEZAMME","twitter_misc":{"Est. reading time":"1 minute"},"schema":{"@context":"https:\/\/schema.org","@graph":[{"@type":"WebPage","@id":"https:\/\/shezamme.com\/sklep\/buty\/air-jordan\/air-jordan-4\/air-jordan-4-retro-green-metalic\/","url":"https:\/\/shezamme.com\/sklep\/buty\/air-jordan\/air-jordan-4\/air-jordan-4-retro-green-metalic\/","name":"Air Jordan 4 Retro Green Metallic - SHEZAMME","isPartOf":{"@id":"https:\/\/shezamme.com\/#website"},"primaryImageOfPage":{"@id":"https:\/\/shezamme.com\/sklep\/buty\/air-jordan\/air-jordan-4\/air-jordan-4-retro-green-metalic\/#primaryimage"},"image":{"@id":"https:\/\/shezamme.com\/sklep\/buty\/air-jordan\/air-jordan-4\/air-jordan-4-retro-green-metalic\/#primaryimage"},"thumbnailUrl":"https:\/\/shezamme.com\/wp-content\/uploads\/2023\/11\/IMG_6665.jpg","datePublished":"2023-11-08T13:29:50+00:00","dateModified":"2025-02-16T17:21:38+00:00","description":"Air Jordan 4 Retro Green Metallic | Luksusowe i autentyczne przedmioty w jednym miejscu. B\u0105d\u017a na bie\u017c\u0105co i sprawd\u017a nasz\u0105 ofert\u0119 ju\u017c teraz","breadcrumb":{"@id":"https:\/\/shezamme.com\/sklep\/buty\/air-jordan\/air-jordan-4\/air-jordan-4-retro-green-metalic\/#breadcrumb"},"inLanguage":"en-US","potentialAction":[{"@type":"ReadAction","target":["https:\/\/shezamme.com\/sklep\/buty\/air-jordan\/air-jordan-4\/air-jordan-4-retro-green-metalic\/"]}]},{"@type":"ImageObject","inLanguage":"en-US","@id":"https:\/\/shezamme.com\/sklep\/buty\/air-jordan\/air-jordan-4\/air-jordan-4-retro-green-metalic\/#primaryimage","url":"https:\/\/shezamme.com\/wp-content\/uploads\/2023\/11\/IMG_6665.jpg","contentUrl":"https:\/\/shezamme.com\/wp-content\/uploads\/2023\/11\/IMG_6665.jpg","width":1170,"height":1002,"caption":"Air Jordan 4 Retro Green Metalic"},{"@type":"BreadcrumbList","@id":"https:\/\/shezamme.com\/sklep\/buty\/air-jordan\/air-jordan-4\/air-jordan-4-retro-green-metalic\/#breadcrumb","itemListElement":[{"@type":"ListItem","position":1,"name":"Strona g\u0142\u00f3wna","item":"https:\/\/shezamme.com\/"},{"@type":"ListItem","position":2,"name":"Sklep","item":"https:\/\/shezamme.com\/sklep\/"},{"@type":"ListItem","position":3,"name":"Air Jordan 4 Retro Green Metallic"}]},{"@type":"WebSite","@id":"https:\/\/shezamme.com\/#website","url":"https:\/\/shezamme.com\/","name":"SHEZAMME - Sneakers, Streetwear and luxury brands","description":"Original and exclusive items in one place. Check out our products now and stay up to date with all launches.","publisher":{"@id":"https:\/\/shezamme.com\/#organization"},"potentialAction":[{"@type":"SearchAction","target":{"@type":"EntryPoint","urlTemplate":"https:\/\/shezamme.com\/?s={search_term_string}"},"query-input":{"@type":"PropertyValueSpecification","valueRequired":true,"valueName":"search_term_string"}}],"inLanguage":"en-US"},{"@type":"Organization","@id":"https:\/\/shezamme.com\/#organization","name":"SHEZAMME - Sneakers, Streetwear and luxury brands","url":"https:\/\/shezamme.com\/","logo":{"@type":"ImageObject","inLanguage":"en-US","@id":"https:\/\/shezamme.com\/#\/schema\/logo\/image\/","url":"https:\/\/shezamme.com\/wp-content\/uploads\/2023\/02\/0x0.png","contentUrl":"https:\/\/shezamme.com\/wp-content\/uploads\/2023\/02\/0x0.png","width":2000,"height":2000,"caption":"SHEZAMME - Sneakersy, Streetwear i luksusowe marki"},"image":{"@id":"https:\/\/shezamme.com\/#\/schema\/logo\/image\/"},"sameAs":["https:\/\/www.facebook.com\/SHEZAMME\/","https:\/\/x.com\/SHEZAMME","https:\/\/www.instagram.com\/shezamme\/","https:\/\/www.youtube.com\/channel\/UCsTJxi_9fODHdO_1bmJbqvQ","https:\/\/www.tiktok.com\/shezamme.com"]}]}},"brands":[{"id":749,"name":"Jordan","slug":"air-jordan"},{"id":756,"name":"Nike","slug":"nike"}],"_links":{"self":[{"href":"https:\/\/shezamme.com\/en\/wp-json\/wp\/v2\/product\/36170","targetHints":{"allow":["GET"]}}],"collection":[{"href":"https:\/\/shezamme.com\/en\/wp-json\/wp\/v2\/product"}],"about":[{"href":"https:\/\/shezamme.com\/en\/wp-json\/wp\/v2\/types\/product"}],"wp:featuredmedia":[{"embeddable":true,"href":"https:\/\/shezamme.com\/en\/wp-json\/wp\/v2\/media\/36188"}],"wp:attachment":[{"href":"https:\/\/shezamme.com\/en\/wp-json\/wp\/v2\/media?parent=36170"}],"wp:term":[{"taxonomy":"pwb-brand","embeddable":true,"href":"https:\/\/shezamme.com\/en\/wp-json\/wp\/v2\/pwb-brand?post=36170"},{"taxonomy":"product_brand","embeddable":true,"href":"https:\/\/shezamme.com\/en\/wp-json\/wp\/v2\/product_brand?post=36170"},{"taxonomy":"product_cat","embeddable":true,"href":"https:\/\/shezamme.com\/en\/wp-json\/wp\/v2\/product_cat?post=36170"},{"taxonomy":"product_tag","embeddable":true,"href":"https:\/\/shezamme.com\/en\/wp-json\/wp\/v2\/product_tag?post=36170"}],"curies":[{"name":"wp","href":"https:\/\/api.w.org\/{rel}","templated":true}]}}