{"id":35968,"date":"2023-11-04T08:58:49","date_gmt":"2023-11-04T07:58:49","guid":{"rendered":"https:\/\/shezamme.com\/?post_type=product&#038;p=35968"},"modified":"2025-03-17T22:59:26","modified_gmt":"2025-03-17T21:59:26","slug":"cactus-plant-flea-market-x-air-flea-2-black-alabaster","status":"publish","type":"product","link":"https:\/\/shezamme.com\/en\/sklep\/buty\/inne\/cactus-plant-flea-market-x-air-flea-2-black-alabaster\/","title":{"rendered":"Cactus Plant Flea Market x Air Flea 2 Black Alabaster"},"content":{"rendered":"<h2 data-start=\"0\" data-end=\"43\">Awangardowy design w unikalnym wydaniu<\/h2>\n<p data-start=\"45\" data-end=\"328\">Cactus Plant Flea Market x Air Flea 2 &#8222;Black Alabaster&#8221; to futurystyczna interpretacja obuwia sportowego, \u0142\u0105cz\u0105ca nietypowe formy i materia\u0142y. Elastyczna cholewka inspirowana butami slip-on zosta\u0142a wzbogacona o zdejmowane litery na rzep, nadaj\u0105c modelowi eksperymentalny charakter.<\/p>\n<h2 data-start=\"330\" data-end=\"368\">Komfort i innowacyjna konstrukcja<\/h2>\n<p data-start=\"370\" data-end=\"620\" data-is-last-node=\"\" data-is-only-node=\"\">Gruba piankowa podeszwa zapewnia lekko\u015b\u0107 i amortyzacj\u0119, a brak klasycznego sznurowania sprawia, \u017ce buty dopasowuj\u0105 si\u0119 do stopy niczym skarpetka. To odwa\u017cna, limitowana edycja, kt\u00f3ra doskonale oddaje kreatywn\u0105 estetyk\u0119 CPFM i streetwearow\u0105 awangard\u0119.<\/p>","protected":false},"excerpt":{"rendered":"<article class=\"group\/turn w-full text-token-text-primary focus-visible:outline-2 focus-visible:outline-offset-[-4px]\" dir=\"auto\" data-testid=\"conversation-turn-180\" data-scroll-anchor=\"true\">\n<div class=\"text-base my-auto mx-auto py-[18px] px-6\">\n<div class=\"mx-auto flex flex-1 text-base gap-4 md:gap-5 lg:gap-6 md:max-w-3xl lg:max-w-[40rem] xl:max-w-[48rem]\">\n<div class=\"group\/conversation-turn relative flex w-full min-w-0 flex-col agent-turn @xs\/thread:px-0 @sm\/thread:px-1.5 @md\/thread:px-4\">\n<div class=\"flex-col gap-1 md:gap-3\">\n<div class=\"flex max-w-full flex-col flex-grow\">\n<div class=\"min-h-8 text-message relative flex w-full flex-col items-end gap-2 whitespace-normal break-words text-start [.text-message+&amp;]:mt-5\" dir=\"auto\" data-message-author-role=\"assistant\" data-message-id=\"6b4b7499-02a5-4b45-8731-8b2c4e28be90\" data-message-model-slug=\"gpt-4o\">\n<div class=\"flex w-full flex-col gap-1 empty:hidden first:pt-[3px]\">\n<div class=\"markdown prose w-full break-words dark:prose-invert light\">\n<h2 data-start=\"0\" data-end=\"47\">Futurystyczny styl i eksperymentalna forma<\/h2>\n<p data-start=\"49\" data-end=\"397\" data-is-last-node=\"\" data-is-only-node=\"\">Cactus Plant Flea Market x Air Flea 2 &#8222;Black Alabaster&#8221; to odwa\u017cne po\u0142\u0105czenie awangardowego designu i nietypowej konstrukcji. Elastyczna cholewka slip-on, masywna piankowa podeszwa oraz zdejmowane litery na rzep tworz\u0105 unikalny, dynamiczny look. Lekko\u015b\u0107 i amortyzacja sprawiaj\u0105, \u017ce model wyr\u00f3\u017cnia si\u0119 zar\u00f3wno wizualnie, jak i pod wzgl\u0119dem komfortu.<\/p>\n<\/div>\n<\/div>\n<\/div>\n<\/div>\n<\/div>\n<\/div>\n<\/div>\n<\/div>\n<\/article>\n","protected":false},"featured_media":35978,"template":"","meta":{"_acf_changed":false,"_yoast_wpseo_focuskw":"Cactus Plant Flea Market x Air Flea 2 Black Alabaster","_yoast_wpseo_title":"","_yoast_wpseo_metadesc":""},"pwb-brand":[764,756],"product_brand":[],"product_cat":[16,171],"product_tag":[1008,1009],"class_list":{"0":"post-35968","1":"product","2":"type-product","3":"status-publish","4":"has-post-thumbnail","6":"pwb-brand-cpfm","7":"pwb-brand-nike","8":"product_cat-buty","9":"product_cat-inne","10":"product_tag-kobieta","11":"product_tag-mezczyzna","13":"first","14":"onbackorder","15":"taxable","16":"shipping-taxable","17":"purchasable","18":"product-type-variable","19":"has-default-attributes"},"acf":[],"yoast_head":"<!-- This site is optimized with the Yoast SEO plugin v27.3 - https:\/\/yoast.com\/product\/yoast-seo-wordpress\/ -->\n<title>Cactus Plant Flea Market x Air Flea 2 Black Alabaster - SHEZAMME<\/title>\n<meta name=\"description\" content=\"Cactus Plant Flea Market x Air Flea 2 Black Alabaster | Luksusowe i autentyczne przedmioty w jednym miejscu. B\u0105d\u017a na bie\u017c\u0105co i sprawd\u017a nasz\u0105 ofert\u0119 ju\u017c teraz\" \/>\n<meta name=\"robots\" content=\"index, follow, max-snippet:-1, max-image-preview:large, max-video-preview:-1\" \/>\n<link rel=\"canonical\" href=\"https:\/\/shezamme.com\/en\/sklep\/sneakers-2\/others\/cactus-plant-flea-market-x-air-flea-2-black-alabaster\/\" \/>\n<meta property=\"og:locale\" content=\"en_US\" \/>\n<meta property=\"og:type\" content=\"article\" \/>\n<meta property=\"og:title\" content=\"Cactus Plant Flea Market x Air Flea 2 Black Alabaster - SHEZAMME\" \/>\n<meta property=\"og:description\" content=\"Cactus Plant Flea Market x Air Flea 2 Black Alabaster | Luksusowe i autentyczne przedmioty w jednym miejscu. B\u0105d\u017a na bie\u017c\u0105co i sprawd\u017a nasz\u0105 ofert\u0119 ju\u017c teraz\" \/>\n<meta property=\"og:url\" content=\"https:\/\/shezamme.com\/en\/sklep\/sneakers-2\/others\/cactus-plant-flea-market-x-air-flea-2-black-alabaster\/\" \/>\n<meta property=\"og:site_name\" content=\"SHEZAMME - Yeezy, Jordan, Supreme i inne oryginalne rzeczy\" \/>\n<meta property=\"article:publisher\" content=\"https:\/\/www.facebook.com\/SHEZAMME\/\" \/>\n<meta property=\"article:modified_time\" content=\"2025-03-17T21:59:26+00:00\" \/>\n<meta property=\"og:image\" content=\"https:\/\/shezamme.com\/wp-content\/uploads\/2023\/11\/IMG_6526-2.jpg\" \/>\n\t<meta property=\"og:image:width\" content=\"1170\" \/>\n\t<meta property=\"og:image:height\" content=\"1000\" \/>\n\t<meta property=\"og:image:type\" content=\"image\/jpeg\" \/>\n<meta name=\"twitter:card\" content=\"summary_large_image\" \/>\n<meta name=\"twitter:site\" content=\"@SHEZAMME\" \/>\n<script type=\"application\/ld+json\" class=\"yoast-schema-graph\">{\"@context\":\"https:\\\/\\\/schema.org\",\"@graph\":[{\"@type\":\"WebPage\",\"@id\":\"https:\\\/\\\/shezamme.com\\\/sklep\\\/buty\\\/inne\\\/cactus-plant-flea-market-x-air-flea-2-black-alabaster\\\/\",\"url\":\"https:\\\/\\\/shezamme.com\\\/sklep\\\/buty\\\/inne\\\/cactus-plant-flea-market-x-air-flea-2-black-alabaster\\\/\",\"name\":\"Cactus Plant Flea Market x Air Flea 2 Black Alabaster - SHEZAMME\",\"isPartOf\":{\"@id\":\"https:\\\/\\\/shezamme.com\\\/#website\"},\"primaryImageOfPage\":{\"@id\":\"https:\\\/\\\/shezamme.com\\\/sklep\\\/buty\\\/inne\\\/cactus-plant-flea-market-x-air-flea-2-black-alabaster\\\/#primaryimage\"},\"image\":{\"@id\":\"https:\\\/\\\/shezamme.com\\\/sklep\\\/buty\\\/inne\\\/cactus-plant-flea-market-x-air-flea-2-black-alabaster\\\/#primaryimage\"},\"thumbnailUrl\":\"https:\\\/\\\/shezamme.com\\\/wp-content\\\/uploads\\\/2023\\\/11\\\/IMG_6526-2.jpg\",\"datePublished\":\"2023-11-04T07:58:49+00:00\",\"dateModified\":\"2025-03-17T21:59:26+00:00\",\"description\":\"Cactus Plant Flea Market x Air Flea 2 Black Alabaster | Luksusowe i autentyczne przedmioty w jednym miejscu. B\u0105d\u017a na bie\u017c\u0105co i sprawd\u017a nasz\u0105 ofert\u0119 ju\u017c teraz\",\"breadcrumb\":{\"@id\":\"https:\\\/\\\/shezamme.com\\\/sklep\\\/buty\\\/inne\\\/cactus-plant-flea-market-x-air-flea-2-black-alabaster\\\/#breadcrumb\"},\"inLanguage\":\"en-US\",\"potentialAction\":[{\"@type\":\"ReadAction\",\"target\":[\"https:\\\/\\\/shezamme.com\\\/sklep\\\/buty\\\/inne\\\/cactus-plant-flea-market-x-air-flea-2-black-alabaster\\\/\"]}]},{\"@type\":\"ImageObject\",\"inLanguage\":\"en-US\",\"@id\":\"https:\\\/\\\/shezamme.com\\\/sklep\\\/buty\\\/inne\\\/cactus-plant-flea-market-x-air-flea-2-black-alabaster\\\/#primaryimage\",\"url\":\"https:\\\/\\\/shezamme.com\\\/wp-content\\\/uploads\\\/2023\\\/11\\\/IMG_6526-2.jpg\",\"contentUrl\":\"https:\\\/\\\/shezamme.com\\\/wp-content\\\/uploads\\\/2023\\\/11\\\/IMG_6526-2.jpg\",\"width\":1170,\"height\":1000,\"caption\":\"Cactus Plant Flea Market x Air Flea 2 Black Alabaster\"},{\"@type\":\"BreadcrumbList\",\"@id\":\"https:\\\/\\\/shezamme.com\\\/sklep\\\/buty\\\/inne\\\/cactus-plant-flea-market-x-air-flea-2-black-alabaster\\\/#breadcrumb\",\"itemListElement\":[{\"@type\":\"ListItem\",\"position\":1,\"name\":\"Strona g\u0142\u00f3wna\",\"item\":\"https:\\\/\\\/shezamme.com\\\/\"},{\"@type\":\"ListItem\",\"position\":2,\"name\":\"Sklep\",\"item\":\"https:\\\/\\\/shezamme.com\\\/en\\\/sklep\\\/\"},{\"@type\":\"ListItem\",\"position\":3,\"name\":\"Cactus Plant Flea Market x Air Flea 2 Black Alabaster\"}]},{\"@type\":\"WebSite\",\"@id\":\"https:\\\/\\\/shezamme.com\\\/#website\",\"url\":\"https:\\\/\\\/shezamme.com\\\/\",\"name\":\"SHEZAMME - Sneakersy, Streetwear i luksusowe marki\",\"description\":\"Oryginalne i ekskluzywne przedmioty w jednym miejscu. Sprawd\u017a nasze produkty ju\u017c teraz i b\u0105d\u017a na bie\u017c\u0105co z wszystkimi premierami.\",\"publisher\":{\"@id\":\"https:\\\/\\\/shezamme.com\\\/#organization\"},\"potentialAction\":[{\"@type\":\"SearchAction\",\"target\":{\"@type\":\"EntryPoint\",\"urlTemplate\":\"https:\\\/\\\/shezamme.com\\\/?s={search_term_string}\"},\"query-input\":{\"@type\":\"PropertyValueSpecification\",\"valueRequired\":true,\"valueName\":\"search_term_string\"}}],\"inLanguage\":\"en-US\"},{\"@type\":\"Organization\",\"@id\":\"https:\\\/\\\/shezamme.com\\\/#organization\",\"name\":\"SHEZAMME - Sneakersy, Streetwear i luksusowe marki\",\"url\":\"https:\\\/\\\/shezamme.com\\\/\",\"logo\":{\"@type\":\"ImageObject\",\"inLanguage\":\"en-US\",\"@id\":\"https:\\\/\\\/shezamme.com\\\/#\\\/schema\\\/logo\\\/image\\\/\",\"url\":\"https:\\\/\\\/shezamme.com\\\/wp-content\\\/uploads\\\/2023\\\/02\\\/0x0.png\",\"contentUrl\":\"https:\\\/\\\/shezamme.com\\\/wp-content\\\/uploads\\\/2023\\\/02\\\/0x0.png\",\"width\":2000,\"height\":2000,\"caption\":\"SHEZAMME - Sneakersy, Streetwear i luksusowe marki\"},\"image\":{\"@id\":\"https:\\\/\\\/shezamme.com\\\/#\\\/schema\\\/logo\\\/image\\\/\"},\"sameAs\":[\"https:\\\/\\\/www.facebook.com\\\/SHEZAMME\\\/\",\"https:\\\/\\\/x.com\\\/SHEZAMME\",\"https:\\\/\\\/www.instagram.com\\\/shezamme\\\/\",\"https:\\\/\\\/www.youtube.com\\\/channel\\\/UCsTJxi_9fODHdO_1bmJbqvQ\",\"https:\\\/\\\/www.tiktok.com\\\/shezamme.com\"]}]}<\/script>\n<!-- \/ Yoast SEO plugin. -->","yoast_head_json":{"title":"Cactus Plant Flea Market x Air Flea 2 Black Alabaster - SHEZAMME","description":"Cactus Plant Flea Market x Air Flea 2 Black Alabaster | Luksusowe i autentyczne przedmioty w jednym miejscu. B\u0105d\u017a na bie\u017c\u0105co i sprawd\u017a nasz\u0105 ofert\u0119 ju\u017c teraz","robots":{"index":"index","follow":"follow","max-snippet":"max-snippet:-1","max-image-preview":"max-image-preview:large","max-video-preview":"max-video-preview:-1"},"canonical":"https:\/\/shezamme.com\/en\/sklep\/sneakers-2\/others\/cactus-plant-flea-market-x-air-flea-2-black-alabaster\/","og_locale":"en_US","og_type":"article","og_title":"Cactus Plant Flea Market x Air Flea 2 Black Alabaster - SHEZAMME","og_description":"Cactus Plant Flea Market x Air Flea 2 Black Alabaster | Luksusowe i autentyczne przedmioty w jednym miejscu. B\u0105d\u017a na bie\u017c\u0105co i sprawd\u017a nasz\u0105 ofert\u0119 ju\u017c teraz","og_url":"https:\/\/shezamme.com\/en\/sklep\/sneakers-2\/others\/cactus-plant-flea-market-x-air-flea-2-black-alabaster\/","og_site_name":"SHEZAMME - Yeezy, Jordan, Supreme i inne oryginalne rzeczy","article_publisher":"https:\/\/www.facebook.com\/SHEZAMME\/","article_modified_time":"2025-03-17T21:59:26+00:00","og_image":[{"width":1170,"height":1000,"url":"https:\/\/shezamme.com\/wp-content\/uploads\/2023\/11\/IMG_6526-2.jpg","type":"image\/jpeg"}],"twitter_card":"summary_large_image","twitter_site":"@SHEZAMME","schema":{"@context":"https:\/\/schema.org","@graph":[{"@type":"WebPage","@id":"https:\/\/shezamme.com\/sklep\/buty\/inne\/cactus-plant-flea-market-x-air-flea-2-black-alabaster\/","url":"https:\/\/shezamme.com\/sklep\/buty\/inne\/cactus-plant-flea-market-x-air-flea-2-black-alabaster\/","name":"Cactus Plant Flea Market x Air Flea 2 Black Alabaster - SHEZAMME","isPartOf":{"@id":"https:\/\/shezamme.com\/#website"},"primaryImageOfPage":{"@id":"https:\/\/shezamme.com\/sklep\/buty\/inne\/cactus-plant-flea-market-x-air-flea-2-black-alabaster\/#primaryimage"},"image":{"@id":"https:\/\/shezamme.com\/sklep\/buty\/inne\/cactus-plant-flea-market-x-air-flea-2-black-alabaster\/#primaryimage"},"thumbnailUrl":"https:\/\/shezamme.com\/wp-content\/uploads\/2023\/11\/IMG_6526-2.jpg","datePublished":"2023-11-04T07:58:49+00:00","dateModified":"2025-03-17T21:59:26+00:00","description":"Cactus Plant Flea Market x Air Flea 2 Black Alabaster | Luksusowe i autentyczne przedmioty w jednym miejscu. B\u0105d\u017a na bie\u017c\u0105co i sprawd\u017a nasz\u0105 ofert\u0119 ju\u017c teraz","breadcrumb":{"@id":"https:\/\/shezamme.com\/sklep\/buty\/inne\/cactus-plant-flea-market-x-air-flea-2-black-alabaster\/#breadcrumb"},"inLanguage":"en-US","potentialAction":[{"@type":"ReadAction","target":["https:\/\/shezamme.com\/sklep\/buty\/inne\/cactus-plant-flea-market-x-air-flea-2-black-alabaster\/"]}]},{"@type":"ImageObject","inLanguage":"en-US","@id":"https:\/\/shezamme.com\/sklep\/buty\/inne\/cactus-plant-flea-market-x-air-flea-2-black-alabaster\/#primaryimage","url":"https:\/\/shezamme.com\/wp-content\/uploads\/2023\/11\/IMG_6526-2.jpg","contentUrl":"https:\/\/shezamme.com\/wp-content\/uploads\/2023\/11\/IMG_6526-2.jpg","width":1170,"height":1000,"caption":"Cactus Plant Flea Market x Air Flea 2 Black Alabaster"},{"@type":"BreadcrumbList","@id":"https:\/\/shezamme.com\/sklep\/buty\/inne\/cactus-plant-flea-market-x-air-flea-2-black-alabaster\/#breadcrumb","itemListElement":[{"@type":"ListItem","position":1,"name":"Strona g\u0142\u00f3wna","item":"https:\/\/shezamme.com\/"},{"@type":"ListItem","position":2,"name":"Sklep","item":"https:\/\/shezamme.com\/en\/sklep\/"},{"@type":"ListItem","position":3,"name":"Cactus Plant Flea Market x Air Flea 2 Black Alabaster"}]},{"@type":"WebSite","@id":"https:\/\/shezamme.com\/#website","url":"https:\/\/shezamme.com\/","name":"SHEZAMME - Sneakers, Streetwear and luxury brands","description":"Original and exclusive items in one place. Check out our products now and stay up to date with all launches.","publisher":{"@id":"https:\/\/shezamme.com\/#organization"},"potentialAction":[{"@type":"SearchAction","target":{"@type":"EntryPoint","urlTemplate":"https:\/\/shezamme.com\/?s={search_term_string}"},"query-input":{"@type":"PropertyValueSpecification","valueRequired":true,"valueName":"search_term_string"}}],"inLanguage":"en-US"},{"@type":"Organization","@id":"https:\/\/shezamme.com\/#organization","name":"SHEZAMME - Sneakers, Streetwear and luxury brands","url":"https:\/\/shezamme.com\/","logo":{"@type":"ImageObject","inLanguage":"en-US","@id":"https:\/\/shezamme.com\/#\/schema\/logo\/image\/","url":"https:\/\/shezamme.com\/wp-content\/uploads\/2023\/02\/0x0.png","contentUrl":"https:\/\/shezamme.com\/wp-content\/uploads\/2023\/02\/0x0.png","width":2000,"height":2000,"caption":"SHEZAMME - Sneakersy, Streetwear i luksusowe marki"},"image":{"@id":"https:\/\/shezamme.com\/#\/schema\/logo\/image\/"},"sameAs":["https:\/\/www.facebook.com\/SHEZAMME\/","https:\/\/x.com\/SHEZAMME","https:\/\/www.instagram.com\/shezamme\/","https:\/\/www.youtube.com\/channel\/UCsTJxi_9fODHdO_1bmJbqvQ","https:\/\/www.tiktok.com\/shezamme.com"]}]}},"brands":[{"id":764,"name":"CPFM","slug":"cpfm"},{"id":756,"name":"Nike","slug":"nike"}],"_links":{"self":[{"href":"https:\/\/shezamme.com\/en\/wp-json\/wp\/v2\/product\/35968","targetHints":{"allow":["GET"]}}],"collection":[{"href":"https:\/\/shezamme.com\/en\/wp-json\/wp\/v2\/product"}],"about":[{"href":"https:\/\/shezamme.com\/en\/wp-json\/wp\/v2\/types\/product"}],"wp:featuredmedia":[{"embeddable":true,"href":"https:\/\/shezamme.com\/en\/wp-json\/wp\/v2\/media\/35978"}],"wp:attachment":[{"href":"https:\/\/shezamme.com\/en\/wp-json\/wp\/v2\/media?parent=35968"}],"wp:term":[{"taxonomy":"pwb-brand","embeddable":true,"href":"https:\/\/shezamme.com\/en\/wp-json\/wp\/v2\/pwb-brand?post=35968"},{"taxonomy":"product_brand","embeddable":true,"href":"https:\/\/shezamme.com\/en\/wp-json\/wp\/v2\/product_brand?post=35968"},{"taxonomy":"product_cat","embeddable":true,"href":"https:\/\/shezamme.com\/en\/wp-json\/wp\/v2\/product_cat?post=35968"},{"taxonomy":"product_tag","embeddable":true,"href":"https:\/\/shezamme.com\/en\/wp-json\/wp\/v2\/product_tag?post=35968"}],"curies":[{"name":"wp","href":"https:\/\/api.w.org\/{rel}","templated":true}]}}