{"id":35458,"date":"2023-10-20T15:47:37","date_gmt":"2023-10-20T13:47:37","guid":{"rendered":"https:\/\/shezamme.com\/?post_type=product&#038;p=35458"},"modified":"2025-03-16T21:00:30","modified_gmt":"2025-03-16T20:00:30","slug":"nike-dunk-low-polar-blue","status":"publish","type":"product","link":"https:\/\/shezamme.com\/en\/sklep\/buty\/dunk\/nike-dunk-low\/nike-dunk-low-polar-blue\/","title":{"rendered":"Nike Dunk Low Polar Blue"},"content":{"rendered":"<h2 data-start=\"0\" data-end=\"38\">\u015awie\u017ca klasyka w ch\u0142odnej tonacji<\/h2>\n<p data-start=\"40\" data-end=\"283\">Nike Dunk Low &#8222;Polar Blue&#8221; to nowoczesna ods\u0142ona kultowego modelu, wyr\u00f3\u017cniaj\u0105ca si\u0119 harmonijn\u0105 bia\u0142o-niebiesk\u0105 kolorystyk\u0105. Sk\u00f3rzana cholewka premium zapewnia trwa\u0142o\u015b\u0107, a kontrastowy Swoosh w odcieniu Polar Blue dodaje sportowego charakteru.<\/p>\n<h2 data-start=\"285\" data-end=\"318\">Komfort i wszechstronny styl<\/h2>\n<p data-start=\"320\" data-end=\"535\" data-is-last-node=\"\" data-is-only-node=\"\">Wy\u015bcie\u0142any ko\u0142nierz gwarantuje wygod\u0119, a gumowa niebieska podeszwa poprawia przyczepno\u015b\u0107. Dzi\u0119ki uniwersalnej stylistyce &#8222;Polar Blue&#8221; \u015bwietnie komponuje si\u0119 zar\u00f3wno z casualowymi, jak i streetwearowymi stylizacjami.<\/p>","protected":false},"excerpt":{"rendered":"<h2 data-start=\"0\" data-end=\"45\">Klasyczny styl w od\u015bwie\u017conej kolorystyce<\/h2>\n<p data-start=\"47\" data-end=\"329\" data-is-last-node=\"\" data-is-only-node=\"\">Nike Dunk Low &#8222;Polar Blue&#8221; \u0142\u0105czy ponadczasowy design z nowoczesnym akcentem. Bia\u0142a sk\u00f3rzana cholewka premium kontrastuje z niebieskim Swooshem, nadaj\u0105c butom \u015bwie\u017cy, dynamiczny wygl\u0105d. Dzi\u0119ki wy\u015bcie\u0142anemu ko\u0142nierzowi i gumowej podeszwie model zapewnia wygod\u0119 i trwa\u0142o\u015b\u0107 na co dzie\u0144.<\/p>","protected":false},"featured_media":35471,"template":"","meta":{"_acf_changed":false,"_yoast_wpseo_focuskw":"Nike Dunk Low Polar Blue","_yoast_wpseo_title":"","_yoast_wpseo_metadesc":""},"pwb-brand":[756],"product_brand":[],"product_cat":[16,105,785],"product_tag":[1008,1009],"class_list":{"0":"post-35458","1":"product","2":"type-product","3":"status-publish","4":"has-post-thumbnail","6":"pwb-brand-nike","7":"product_cat-buty","8":"product_cat-dunk","9":"product_cat-nike-dunk-low","10":"product_tag-kobieta","11":"product_tag-mezczyzna","13":"first","14":"onbackorder","15":"taxable","16":"shipping-taxable","17":"purchasable","18":"product-type-variable","19":"has-default-attributes"},"acf":[],"yoast_head":"<!-- This site is optimized with the Yoast SEO plugin v27.3 - https:\/\/yoast.com\/product\/yoast-seo-wordpress\/ -->\n<title>Nike Dunk Low Polar Blue - SHEZAMME<\/title>\n<meta name=\"description\" content=\"Nike Dunk Low Polar Blue | Luksusowe i autentyczne przedmioty w jednym miejscu. B\u0105d\u017a na bie\u017c\u0105co i sprawd\u017a nasz\u0105 ofert\u0119 ju\u017c teraz\" \/>\n<meta name=\"robots\" content=\"index, follow, max-snippet:-1, max-image-preview:large, max-video-preview:-1\" \/>\n<link rel=\"canonical\" href=\"https:\/\/shezamme.com\/en\/sklep\/sneakers-2\/dunk\/nike-dunk-low\/nike-dunk-low-polar-blue\/\" \/>\n<meta property=\"og:locale\" content=\"en_US\" \/>\n<meta property=\"og:type\" content=\"article\" \/>\n<meta property=\"og:title\" content=\"Nike Dunk Low Polar Blue - SHEZAMME\" \/>\n<meta property=\"og:description\" content=\"Nike Dunk Low Polar Blue | Luksusowe i autentyczne przedmioty w jednym miejscu. B\u0105d\u017a na bie\u017c\u0105co i sprawd\u017a nasz\u0105 ofert\u0119 ju\u017c teraz\" \/>\n<meta property=\"og:url\" content=\"https:\/\/shezamme.com\/en\/sklep\/sneakers-2\/dunk\/nike-dunk-low\/nike-dunk-low-polar-blue\/\" \/>\n<meta property=\"og:site_name\" content=\"SHEZAMME - Yeezy, Jordan, Supreme i inne oryginalne rzeczy\" \/>\n<meta property=\"article:publisher\" content=\"https:\/\/www.facebook.com\/SHEZAMME\/\" \/>\n<meta property=\"article:modified_time\" content=\"2025-03-16T20:00:30+00:00\" \/>\n<meta property=\"og:image\" content=\"https:\/\/shezamme.com\/wp-content\/uploads\/2023\/10\/IMG_5966.jpg\" \/>\n\t<meta property=\"og:image:width\" content=\"1170\" \/>\n\t<meta property=\"og:image:height\" content=\"1032\" \/>\n\t<meta property=\"og:image:type\" content=\"image\/jpeg\" \/>\n<meta name=\"twitter:card\" content=\"summary_large_image\" \/>\n<meta name=\"twitter:site\" content=\"@SHEZAMME\" \/>\n<script type=\"application\/ld+json\" class=\"yoast-schema-graph\">{\"@context\":\"https:\\\/\\\/schema.org\",\"@graph\":[{\"@type\":\"WebPage\",\"@id\":\"https:\\\/\\\/shezamme.com\\\/sklep\\\/buty\\\/dunk\\\/nike-dunk-low\\\/nike-dunk-low-polar-blue\\\/\",\"url\":\"https:\\\/\\\/shezamme.com\\\/sklep\\\/buty\\\/dunk\\\/nike-dunk-low\\\/nike-dunk-low-polar-blue\\\/\",\"name\":\"Nike Dunk Low Polar Blue - SHEZAMME\",\"isPartOf\":{\"@id\":\"https:\\\/\\\/shezamme.com\\\/#website\"},\"primaryImageOfPage\":{\"@id\":\"https:\\\/\\\/shezamme.com\\\/sklep\\\/buty\\\/dunk\\\/nike-dunk-low\\\/nike-dunk-low-polar-blue\\\/#primaryimage\"},\"image\":{\"@id\":\"https:\\\/\\\/shezamme.com\\\/sklep\\\/buty\\\/dunk\\\/nike-dunk-low\\\/nike-dunk-low-polar-blue\\\/#primaryimage\"},\"thumbnailUrl\":\"https:\\\/\\\/shezamme.com\\\/wp-content\\\/uploads\\\/2023\\\/10\\\/IMG_5966.jpg\",\"datePublished\":\"2023-10-20T13:47:37+00:00\",\"dateModified\":\"2025-03-16T20:00:30+00:00\",\"description\":\"Nike Dunk Low Polar Blue | Luksusowe i autentyczne przedmioty w jednym miejscu. B\u0105d\u017a na bie\u017c\u0105co i sprawd\u017a nasz\u0105 ofert\u0119 ju\u017c teraz\",\"breadcrumb\":{\"@id\":\"https:\\\/\\\/shezamme.com\\\/sklep\\\/buty\\\/dunk\\\/nike-dunk-low\\\/nike-dunk-low-polar-blue\\\/#breadcrumb\"},\"inLanguage\":\"en-US\",\"potentialAction\":[{\"@type\":\"ReadAction\",\"target\":[\"https:\\\/\\\/shezamme.com\\\/sklep\\\/buty\\\/dunk\\\/nike-dunk-low\\\/nike-dunk-low-polar-blue\\\/\"]}]},{\"@type\":\"ImageObject\",\"inLanguage\":\"en-US\",\"@id\":\"https:\\\/\\\/shezamme.com\\\/sklep\\\/buty\\\/dunk\\\/nike-dunk-low\\\/nike-dunk-low-polar-blue\\\/#primaryimage\",\"url\":\"https:\\\/\\\/shezamme.com\\\/wp-content\\\/uploads\\\/2023\\\/10\\\/IMG_5966.jpg\",\"contentUrl\":\"https:\\\/\\\/shezamme.com\\\/wp-content\\\/uploads\\\/2023\\\/10\\\/IMG_5966.jpg\",\"width\":1170,\"height\":1032,\"caption\":\"Nike Dunk Low Polar Blue\"},{\"@type\":\"BreadcrumbList\",\"@id\":\"https:\\\/\\\/shezamme.com\\\/sklep\\\/buty\\\/dunk\\\/nike-dunk-low\\\/nike-dunk-low-polar-blue\\\/#breadcrumb\",\"itemListElement\":[{\"@type\":\"ListItem\",\"position\":1,\"name\":\"Strona g\u0142\u00f3wna\",\"item\":\"https:\\\/\\\/shezamme.com\\\/\"},{\"@type\":\"ListItem\",\"position\":2,\"name\":\"Sklep\",\"item\":\"https:\\\/\\\/shezamme.com\\\/en\\\/sklep\\\/\"},{\"@type\":\"ListItem\",\"position\":3,\"name\":\"Nike Dunk Low Polar Blue\"}]},{\"@type\":\"WebSite\",\"@id\":\"https:\\\/\\\/shezamme.com\\\/#website\",\"url\":\"https:\\\/\\\/shezamme.com\\\/\",\"name\":\"SHEZAMME - Sneakersy, Streetwear i luksusowe marki\",\"description\":\"Oryginalne i ekskluzywne przedmioty w jednym miejscu. Sprawd\u017a nasze produkty ju\u017c teraz i b\u0105d\u017a na bie\u017c\u0105co z wszystkimi premierami.\",\"publisher\":{\"@id\":\"https:\\\/\\\/shezamme.com\\\/#organization\"},\"potentialAction\":[{\"@type\":\"SearchAction\",\"target\":{\"@type\":\"EntryPoint\",\"urlTemplate\":\"https:\\\/\\\/shezamme.com\\\/?s={search_term_string}\"},\"query-input\":{\"@type\":\"PropertyValueSpecification\",\"valueRequired\":true,\"valueName\":\"search_term_string\"}}],\"inLanguage\":\"en-US\"},{\"@type\":\"Organization\",\"@id\":\"https:\\\/\\\/shezamme.com\\\/#organization\",\"name\":\"SHEZAMME - Sneakersy, Streetwear i luksusowe marki\",\"url\":\"https:\\\/\\\/shezamme.com\\\/\",\"logo\":{\"@type\":\"ImageObject\",\"inLanguage\":\"en-US\",\"@id\":\"https:\\\/\\\/shezamme.com\\\/#\\\/schema\\\/logo\\\/image\\\/\",\"url\":\"https:\\\/\\\/shezamme.com\\\/wp-content\\\/uploads\\\/2023\\\/02\\\/0x0.png\",\"contentUrl\":\"https:\\\/\\\/shezamme.com\\\/wp-content\\\/uploads\\\/2023\\\/02\\\/0x0.png\",\"width\":2000,\"height\":2000,\"caption\":\"SHEZAMME - Sneakersy, Streetwear i luksusowe marki\"},\"image\":{\"@id\":\"https:\\\/\\\/shezamme.com\\\/#\\\/schema\\\/logo\\\/image\\\/\"},\"sameAs\":[\"https:\\\/\\\/www.facebook.com\\\/SHEZAMME\\\/\",\"https:\\\/\\\/x.com\\\/SHEZAMME\",\"https:\\\/\\\/www.instagram.com\\\/shezamme\\\/\",\"https:\\\/\\\/www.youtube.com\\\/channel\\\/UCsTJxi_9fODHdO_1bmJbqvQ\",\"https:\\\/\\\/www.tiktok.com\\\/shezamme.com\"]}]}<\/script>\n<!-- \/ Yoast SEO plugin. -->","yoast_head_json":{"title":"Nike Dunk Low Polar Blue - SHEZAMME","description":"Nike Dunk Low Polar Blue | Luksusowe i autentyczne przedmioty w jednym miejscu. B\u0105d\u017a na bie\u017c\u0105co i sprawd\u017a nasz\u0105 ofert\u0119 ju\u017c teraz","robots":{"index":"index","follow":"follow","max-snippet":"max-snippet:-1","max-image-preview":"max-image-preview:large","max-video-preview":"max-video-preview:-1"},"canonical":"https:\/\/shezamme.com\/en\/sklep\/sneakers-2\/dunk\/nike-dunk-low\/nike-dunk-low-polar-blue\/","og_locale":"en_US","og_type":"article","og_title":"Nike Dunk Low Polar Blue - SHEZAMME","og_description":"Nike Dunk Low Polar Blue | Luksusowe i autentyczne przedmioty w jednym miejscu. B\u0105d\u017a na bie\u017c\u0105co i sprawd\u017a nasz\u0105 ofert\u0119 ju\u017c teraz","og_url":"https:\/\/shezamme.com\/en\/sklep\/sneakers-2\/dunk\/nike-dunk-low\/nike-dunk-low-polar-blue\/","og_site_name":"SHEZAMME - Yeezy, Jordan, Supreme i inne oryginalne rzeczy","article_publisher":"https:\/\/www.facebook.com\/SHEZAMME\/","article_modified_time":"2025-03-16T20:00:30+00:00","og_image":[{"width":1170,"height":1032,"url":"https:\/\/shezamme.com\/wp-content\/uploads\/2023\/10\/IMG_5966.jpg","type":"image\/jpeg"}],"twitter_card":"summary_large_image","twitter_site":"@SHEZAMME","schema":{"@context":"https:\/\/schema.org","@graph":[{"@type":"WebPage","@id":"https:\/\/shezamme.com\/sklep\/buty\/dunk\/nike-dunk-low\/nike-dunk-low-polar-blue\/","url":"https:\/\/shezamme.com\/sklep\/buty\/dunk\/nike-dunk-low\/nike-dunk-low-polar-blue\/","name":"Nike Dunk Low Polar Blue - SHEZAMME","isPartOf":{"@id":"https:\/\/shezamme.com\/#website"},"primaryImageOfPage":{"@id":"https:\/\/shezamme.com\/sklep\/buty\/dunk\/nike-dunk-low\/nike-dunk-low-polar-blue\/#primaryimage"},"image":{"@id":"https:\/\/shezamme.com\/sklep\/buty\/dunk\/nike-dunk-low\/nike-dunk-low-polar-blue\/#primaryimage"},"thumbnailUrl":"https:\/\/shezamme.com\/wp-content\/uploads\/2023\/10\/IMG_5966.jpg","datePublished":"2023-10-20T13:47:37+00:00","dateModified":"2025-03-16T20:00:30+00:00","description":"Nike Dunk Low Polar Blue | Luksusowe i autentyczne przedmioty w jednym miejscu. B\u0105d\u017a na bie\u017c\u0105co i sprawd\u017a nasz\u0105 ofert\u0119 ju\u017c teraz","breadcrumb":{"@id":"https:\/\/shezamme.com\/sklep\/buty\/dunk\/nike-dunk-low\/nike-dunk-low-polar-blue\/#breadcrumb"},"inLanguage":"en-US","potentialAction":[{"@type":"ReadAction","target":["https:\/\/shezamme.com\/sklep\/buty\/dunk\/nike-dunk-low\/nike-dunk-low-polar-blue\/"]}]},{"@type":"ImageObject","inLanguage":"en-US","@id":"https:\/\/shezamme.com\/sklep\/buty\/dunk\/nike-dunk-low\/nike-dunk-low-polar-blue\/#primaryimage","url":"https:\/\/shezamme.com\/wp-content\/uploads\/2023\/10\/IMG_5966.jpg","contentUrl":"https:\/\/shezamme.com\/wp-content\/uploads\/2023\/10\/IMG_5966.jpg","width":1170,"height":1032,"caption":"Nike Dunk Low Polar Blue"},{"@type":"BreadcrumbList","@id":"https:\/\/shezamme.com\/sklep\/buty\/dunk\/nike-dunk-low\/nike-dunk-low-polar-blue\/#breadcrumb","itemListElement":[{"@type":"ListItem","position":1,"name":"Strona g\u0142\u00f3wna","item":"https:\/\/shezamme.com\/"},{"@type":"ListItem","position":2,"name":"Sklep","item":"https:\/\/shezamme.com\/en\/sklep\/"},{"@type":"ListItem","position":3,"name":"Nike Dunk Low Polar Blue"}]},{"@type":"WebSite","@id":"https:\/\/shezamme.com\/#website","url":"https:\/\/shezamme.com\/","name":"SHEZAMME - Sneakers, Streetwear and luxury brands","description":"Original and exclusive items in one place. Check out our products now and stay up to date with all launches.","publisher":{"@id":"https:\/\/shezamme.com\/#organization"},"potentialAction":[{"@type":"SearchAction","target":{"@type":"EntryPoint","urlTemplate":"https:\/\/shezamme.com\/?s={search_term_string}"},"query-input":{"@type":"PropertyValueSpecification","valueRequired":true,"valueName":"search_term_string"}}],"inLanguage":"en-US"},{"@type":"Organization","@id":"https:\/\/shezamme.com\/#organization","name":"SHEZAMME - Sneakers, Streetwear and luxury brands","url":"https:\/\/shezamme.com\/","logo":{"@type":"ImageObject","inLanguage":"en-US","@id":"https:\/\/shezamme.com\/#\/schema\/logo\/image\/","url":"https:\/\/shezamme.com\/wp-content\/uploads\/2023\/02\/0x0.png","contentUrl":"https:\/\/shezamme.com\/wp-content\/uploads\/2023\/02\/0x0.png","width":2000,"height":2000,"caption":"SHEZAMME - Sneakersy, Streetwear i luksusowe marki"},"image":{"@id":"https:\/\/shezamme.com\/#\/schema\/logo\/image\/"},"sameAs":["https:\/\/www.facebook.com\/SHEZAMME\/","https:\/\/x.com\/SHEZAMME","https:\/\/www.instagram.com\/shezamme\/","https:\/\/www.youtube.com\/channel\/UCsTJxi_9fODHdO_1bmJbqvQ","https:\/\/www.tiktok.com\/shezamme.com"]}]}},"brands":[{"id":756,"name":"Nike","slug":"nike"}],"_links":{"self":[{"href":"https:\/\/shezamme.com\/en\/wp-json\/wp\/v2\/product\/35458","targetHints":{"allow":["GET"]}}],"collection":[{"href":"https:\/\/shezamme.com\/en\/wp-json\/wp\/v2\/product"}],"about":[{"href":"https:\/\/shezamme.com\/en\/wp-json\/wp\/v2\/types\/product"}],"wp:featuredmedia":[{"embeddable":true,"href":"https:\/\/shezamme.com\/en\/wp-json\/wp\/v2\/media\/35471"}],"wp:attachment":[{"href":"https:\/\/shezamme.com\/en\/wp-json\/wp\/v2\/media?parent=35458"}],"wp:term":[{"taxonomy":"pwb-brand","embeddable":true,"href":"https:\/\/shezamme.com\/en\/wp-json\/wp\/v2\/pwb-brand?post=35458"},{"taxonomy":"product_brand","embeddable":true,"href":"https:\/\/shezamme.com\/en\/wp-json\/wp\/v2\/product_brand?post=35458"},{"taxonomy":"product_cat","embeddable":true,"href":"https:\/\/shezamme.com\/en\/wp-json\/wp\/v2\/product_cat?post=35458"},{"taxonomy":"product_tag","embeddable":true,"href":"https:\/\/shezamme.com\/en\/wp-json\/wp\/v2\/product_tag?post=35458"}],"curies":[{"name":"wp","href":"https:\/\/api.w.org\/{rel}","templated":true}]}}