{"id":35250,"date":"2023-10-19T15:00:14","date_gmt":"2023-10-19T13:00:14","guid":{"rendered":"https:\/\/shezamme.com\/?post_type=product&#038;p=35250"},"modified":"2025-02-02T16:31:17","modified_gmt":"2025-02-02T15:31:17","slug":"air-jordan-4-retro-military-black-td","status":"publish","type":"product","link":"https:\/\/shezamme.com\/en\/sklep\/buty\/kids\/air-jordan-kids\/air-jordan-4-retro-military-black-td\/","title":{"rendered":"Air Jordan 12 Retro Cherry (TD)"},"content":{"rendered":"<h2>Klasyczny styl w wersji dla najm\u0142odszych<\/h2>\n<p><strong>Air Jordan 12 Retro Cherry (TD)<\/strong> to dzieci\u0119ca ods\u0142ona kultowego modelu, kt\u00f3ry \u0142\u0105czy sportow\u0105 histori\u0119 z wygod\u0105 na co dzie\u0144. Cholewka z po\u0142\u0105czenia sk\u00f3ry naturalnej i syntetycznej zapewnia trwa\u0142o\u015b\u0107, a bia\u0142o-czerwone barwy nadaj\u0105 butom dynamiczny wygl\u0105d.<\/p>\n<h2>Komfort i stabilno\u015b\u0107 dla ma\u0142ych st\u00f3p<\/h2>\n<p>Gumowa podeszwa gwarantuje dobr\u0105 przyczepno\u015b\u0107, a specjalnie zaprojektowane dopasowanie dba o wygod\u0119 najm\u0142odszych. Srebrne akcenty na oczkach sznurowade\u0142 oraz branding <strong>Jumpman<\/strong> na j\u0119zyku i pi\u0119cie podkre\u015blaj\u0105 autentyczno\u015b\u0107 modelu inspirowanego japo\u0144skimi wachlarzami.<\/p>","protected":false},"excerpt":{"rendered":"<div class=\"flex-1 overflow-hidden @container\/thread\">\n<div class=\"h-full\">\n<div class=\"react-scroll-to-bottom--css-qhtvv-79elbk h-full\">\n<div class=\"react-scroll-to-bottom--css-qhtvv-1n7m0yu\">\n<div class=\"flex flex-col text-sm md:pb-9\">\n<article class=\"w-full text-token-text-primary focus-visible:outline-2 focus-visible:outline-offset-[-4px]\" dir=\"auto\" data-testid=\"conversation-turn-45\" data-scroll-anchor=\"true\">\n<div class=\"m-auto text-base py-[18px] px-3 md:px-4 w-full md:px-5 lg:px-4 xl:px-5\">\n<div class=\"mx-auto flex flex-1 gap-4 text-base md:gap-5 lg:gap-6 md:max-w-3xl lg:max-w-[40rem] xl:max-w-[48rem]\">\n<div class=\"group\/conversation-turn relative flex w-full min-w-0 flex-col agent-turn\">\n<div class=\"flex-col gap-1 md:gap-3\">\n<div class=\"flex max-w-full flex-col flex-grow\">\n<div class=\"min-h-8 text-message flex w-full flex-col items-end gap-2 whitespace-normal break-words text-start [.text-message+&amp;]:mt-5\" dir=\"auto\" data-message-author-role=\"assistant\" data-message-id=\"fdda93e6-0bb1-48f8-b402-523c4955d514\" data-message-model-slug=\"gpt-4o\">\n<div class=\"flex w-full flex-col gap-1 empty:hidden first:pt-[3px]\">\n<div class=\"markdown prose w-full break-words dark:prose-invert light\">\n<h2>Kultowy design w dzieci\u0119cym wydaniu<\/h2>\n<p><strong>Air Jordan 12 Retro Cherry (TD)<\/strong> to klasyczny model w bia\u0142o-czerwonej kolorystyce, dostosowany do potrzeb najm\u0142odszych. Sk\u00f3rzana cholewka i srebrne akcenty nadaj\u0105 mu wyj\u0105tkowy charakter.<\/p>\n<h2>Wygoda i przyczepno\u015b\u0107 na co dzie\u0144<\/h2>\n<p>Gumowa podeszwa zapewnia stabilno\u015b\u0107, a dopasowana konstrukcja dba o komfort ma\u0142ych st\u00f3p. Idealne sneakersy dla przysz\u0142ych fan\u00f3w <strong>Jordan Brand<\/strong>.<\/p>\n<\/div>\n<\/div>\n<\/div>\n<\/div>\n<\/div>\n<\/div>\n<\/div>\n<\/div>\n<\/article>\n<\/div>\n<\/div>\n<\/div>\n<\/div>\n<\/div>\n","protected":false},"featured_media":35264,"template":"","meta":{"_acf_changed":false,"_yoast_wpseo_focuskw":"Air Jordan 12 Retro Cherry (TD)","_yoast_wpseo_title":"","_yoast_wpseo_metadesc":""},"pwb-brand":[749],"product_brand":[],"product_cat":[16,505,900,93,906],"product_tag":[1008,1009],"class_list":{"0":"post-35250","1":"product","2":"type-product","3":"status-publish","4":"has-post-thumbnail","6":"pwb-brand-air-jordan","7":"product_cat-buty","8":"product_cat-kids","9":"product_cat-air-jordan-kids","10":"product_cat-nike","11":"product_cat-wszystkie-buty-kids","12":"product_tag-kobieta","13":"product_tag-mezczyzna","15":"first","16":"onbackorder","17":"taxable","18":"shipping-taxable","19":"purchasable","20":"product-type-variable"},"acf":[],"yoast_head":"<!-- This site is optimized with the Yoast SEO plugin v27.3 - https:\/\/yoast.com\/product\/yoast-seo-wordpress\/ -->\n<title>Air Jordan 12 Retro Cherry (TD) - SHEZAMME<\/title>\n<meta name=\"description\" content=\"Air Jordan 12 Retro Cherry (TD) | Luksusowe i autentyczne przedmioty w jednym miejscu. B\u0105d\u017a na bie\u017c\u0105co i sprawd\u017a nasz\u0105 ofert\u0119 ju\u017c teraz\" \/>\n<meta name=\"robots\" content=\"index, follow, max-snippet:-1, max-image-preview:large, max-video-preview:-1\" \/>\n<link rel=\"canonical\" href=\"https:\/\/shezamme.com\/en\/sklep\/sneakers-2\/kids\/air-jordan-kids\/air-jordan-4-retro-military-black-td\/\" \/>\n<meta property=\"og:locale\" content=\"en_US\" \/>\n<meta property=\"og:type\" content=\"article\" \/>\n<meta property=\"og:title\" content=\"Air Jordan 12 Retro Cherry (TD) - SHEZAMME\" \/>\n<meta property=\"og:description\" content=\"Air Jordan 12 Retro Cherry (TD) | Luksusowe i autentyczne przedmioty w jednym miejscu. B\u0105d\u017a na bie\u017c\u0105co i sprawd\u017a nasz\u0105 ofert\u0119 ju\u017c teraz\" \/>\n<meta property=\"og:url\" content=\"https:\/\/shezamme.com\/en\/sklep\/sneakers-2\/kids\/air-jordan-kids\/air-jordan-4-retro-military-black-td\/\" \/>\n<meta property=\"og:site_name\" content=\"SHEZAMME - Yeezy, Jordan, Supreme i inne oryginalne rzeczy\" \/>\n<meta property=\"article:publisher\" content=\"https:\/\/www.facebook.com\/SHEZAMME\/\" \/>\n<meta property=\"article:modified_time\" content=\"2025-02-02T15:31:17+00:00\" \/>\n<meta property=\"og:image\" content=\"https:\/\/shezamme.com\/wp-content\/uploads\/2023\/10\/IMG_5899.jpg\" \/>\n\t<meta property=\"og:image:width\" content=\"1170\" \/>\n\t<meta property=\"og:image:height\" content=\"1043\" \/>\n\t<meta property=\"og:image:type\" content=\"image\/jpeg\" \/>\n<meta name=\"twitter:card\" content=\"summary_large_image\" \/>\n<meta name=\"twitter:site\" content=\"@SHEZAMME\" \/>\n<script type=\"application\/ld+json\" class=\"yoast-schema-graph\">{\"@context\":\"https:\\\/\\\/schema.org\",\"@graph\":[{\"@type\":\"WebPage\",\"@id\":\"https:\\\/\\\/shezamme.com\\\/sklep\\\/buty\\\/kids\\\/air-jordan-kids\\\/air-jordan-4-retro-military-black-td\\\/\",\"url\":\"https:\\\/\\\/shezamme.com\\\/sklep\\\/buty\\\/kids\\\/air-jordan-kids\\\/air-jordan-4-retro-military-black-td\\\/\",\"name\":\"Air Jordan 12 Retro Cherry (TD) - SHEZAMME\",\"isPartOf\":{\"@id\":\"https:\\\/\\\/shezamme.com\\\/#website\"},\"primaryImageOfPage\":{\"@id\":\"https:\\\/\\\/shezamme.com\\\/sklep\\\/buty\\\/kids\\\/air-jordan-kids\\\/air-jordan-4-retro-military-black-td\\\/#primaryimage\"},\"image\":{\"@id\":\"https:\\\/\\\/shezamme.com\\\/sklep\\\/buty\\\/kids\\\/air-jordan-kids\\\/air-jordan-4-retro-military-black-td\\\/#primaryimage\"},\"thumbnailUrl\":\"https:\\\/\\\/shezamme.com\\\/wp-content\\\/uploads\\\/2023\\\/10\\\/IMG_5899.jpg\",\"datePublished\":\"2023-10-19T13:00:14+00:00\",\"dateModified\":\"2025-02-02T15:31:17+00:00\",\"description\":\"Air Jordan 12 Retro Cherry (TD) | Luksusowe i autentyczne przedmioty w jednym miejscu. B\u0105d\u017a na bie\u017c\u0105co i sprawd\u017a nasz\u0105 ofert\u0119 ju\u017c teraz\",\"breadcrumb\":{\"@id\":\"https:\\\/\\\/shezamme.com\\\/sklep\\\/buty\\\/kids\\\/air-jordan-kids\\\/air-jordan-4-retro-military-black-td\\\/#breadcrumb\"},\"inLanguage\":\"en-US\",\"potentialAction\":[{\"@type\":\"ReadAction\",\"target\":[\"https:\\\/\\\/shezamme.com\\\/sklep\\\/buty\\\/kids\\\/air-jordan-kids\\\/air-jordan-4-retro-military-black-td\\\/\"]}]},{\"@type\":\"ImageObject\",\"inLanguage\":\"en-US\",\"@id\":\"https:\\\/\\\/shezamme.com\\\/sklep\\\/buty\\\/kids\\\/air-jordan-kids\\\/air-jordan-4-retro-military-black-td\\\/#primaryimage\",\"url\":\"https:\\\/\\\/shezamme.com\\\/wp-content\\\/uploads\\\/2023\\\/10\\\/IMG_5899.jpg\",\"contentUrl\":\"https:\\\/\\\/shezamme.com\\\/wp-content\\\/uploads\\\/2023\\\/10\\\/IMG_5899.jpg\",\"width\":1170,\"height\":1043,\"caption\":\"Air Jordan 12 Retro Cherry (TD)\"},{\"@type\":\"BreadcrumbList\",\"@id\":\"https:\\\/\\\/shezamme.com\\\/sklep\\\/buty\\\/kids\\\/air-jordan-kids\\\/air-jordan-4-retro-military-black-td\\\/#breadcrumb\",\"itemListElement\":[{\"@type\":\"ListItem\",\"position\":1,\"name\":\"Strona g\u0142\u00f3wna\",\"item\":\"https:\\\/\\\/shezamme.com\\\/\"},{\"@type\":\"ListItem\",\"position\":2,\"name\":\"Sklep\",\"item\":\"https:\\\/\\\/shezamme.com\\\/en\\\/sklep\\\/\"},{\"@type\":\"ListItem\",\"position\":3,\"name\":\"Air Jordan 12 Retro Cherry (TD)\"}]},{\"@type\":\"WebSite\",\"@id\":\"https:\\\/\\\/shezamme.com\\\/#website\",\"url\":\"https:\\\/\\\/shezamme.com\\\/\",\"name\":\"SHEZAMME - Sneakersy, Streetwear i luksusowe marki\",\"description\":\"Oryginalne i ekskluzywne przedmioty w jednym miejscu. Sprawd\u017a nasze produkty ju\u017c teraz i b\u0105d\u017a na bie\u017c\u0105co z wszystkimi premierami.\",\"publisher\":{\"@id\":\"https:\\\/\\\/shezamme.com\\\/#organization\"},\"potentialAction\":[{\"@type\":\"SearchAction\",\"target\":{\"@type\":\"EntryPoint\",\"urlTemplate\":\"https:\\\/\\\/shezamme.com\\\/?s={search_term_string}\"},\"query-input\":{\"@type\":\"PropertyValueSpecification\",\"valueRequired\":true,\"valueName\":\"search_term_string\"}}],\"inLanguage\":\"en-US\"},{\"@type\":\"Organization\",\"@id\":\"https:\\\/\\\/shezamme.com\\\/#organization\",\"name\":\"SHEZAMME - Sneakersy, Streetwear i luksusowe marki\",\"url\":\"https:\\\/\\\/shezamme.com\\\/\",\"logo\":{\"@type\":\"ImageObject\",\"inLanguage\":\"en-US\",\"@id\":\"https:\\\/\\\/shezamme.com\\\/#\\\/schema\\\/logo\\\/image\\\/\",\"url\":\"https:\\\/\\\/shezamme.com\\\/wp-content\\\/uploads\\\/2023\\\/02\\\/0x0.png\",\"contentUrl\":\"https:\\\/\\\/shezamme.com\\\/wp-content\\\/uploads\\\/2023\\\/02\\\/0x0.png\",\"width\":2000,\"height\":2000,\"caption\":\"SHEZAMME - Sneakersy, Streetwear i luksusowe marki\"},\"image\":{\"@id\":\"https:\\\/\\\/shezamme.com\\\/#\\\/schema\\\/logo\\\/image\\\/\"},\"sameAs\":[\"https:\\\/\\\/www.facebook.com\\\/SHEZAMME\\\/\",\"https:\\\/\\\/x.com\\\/SHEZAMME\",\"https:\\\/\\\/www.instagram.com\\\/shezamme\\\/\",\"https:\\\/\\\/www.youtube.com\\\/channel\\\/UCsTJxi_9fODHdO_1bmJbqvQ\",\"https:\\\/\\\/www.tiktok.com\\\/shezamme.com\"]}]}<\/script>\n<!-- \/ Yoast SEO plugin. -->","yoast_head_json":{"title":"Air Jordan 12 Retro Cherry (TD) - SHEZAMME","description":"Air Jordan 12 Retro Cherry (TD) | Luksusowe i autentyczne przedmioty w jednym miejscu. B\u0105d\u017a na bie\u017c\u0105co i sprawd\u017a nasz\u0105 ofert\u0119 ju\u017c teraz","robots":{"index":"index","follow":"follow","max-snippet":"max-snippet:-1","max-image-preview":"max-image-preview:large","max-video-preview":"max-video-preview:-1"},"canonical":"https:\/\/shezamme.com\/en\/sklep\/sneakers-2\/kids\/air-jordan-kids\/air-jordan-4-retro-military-black-td\/","og_locale":"en_US","og_type":"article","og_title":"Air Jordan 12 Retro Cherry (TD) - SHEZAMME","og_description":"Air Jordan 12 Retro Cherry (TD) | Luksusowe i autentyczne przedmioty w jednym miejscu. B\u0105d\u017a na bie\u017c\u0105co i sprawd\u017a nasz\u0105 ofert\u0119 ju\u017c teraz","og_url":"https:\/\/shezamme.com\/en\/sklep\/sneakers-2\/kids\/air-jordan-kids\/air-jordan-4-retro-military-black-td\/","og_site_name":"SHEZAMME - Yeezy, Jordan, Supreme i inne oryginalne rzeczy","article_publisher":"https:\/\/www.facebook.com\/SHEZAMME\/","article_modified_time":"2025-02-02T15:31:17+00:00","og_image":[{"width":1170,"height":1043,"url":"https:\/\/shezamme.com\/wp-content\/uploads\/2023\/10\/IMG_5899.jpg","type":"image\/jpeg"}],"twitter_card":"summary_large_image","twitter_site":"@SHEZAMME","schema":{"@context":"https:\/\/schema.org","@graph":[{"@type":"WebPage","@id":"https:\/\/shezamme.com\/sklep\/buty\/kids\/air-jordan-kids\/air-jordan-4-retro-military-black-td\/","url":"https:\/\/shezamme.com\/sklep\/buty\/kids\/air-jordan-kids\/air-jordan-4-retro-military-black-td\/","name":"Air Jordan 12 Retro Cherry (TD) - SHEZAMME","isPartOf":{"@id":"https:\/\/shezamme.com\/#website"},"primaryImageOfPage":{"@id":"https:\/\/shezamme.com\/sklep\/buty\/kids\/air-jordan-kids\/air-jordan-4-retro-military-black-td\/#primaryimage"},"image":{"@id":"https:\/\/shezamme.com\/sklep\/buty\/kids\/air-jordan-kids\/air-jordan-4-retro-military-black-td\/#primaryimage"},"thumbnailUrl":"https:\/\/shezamme.com\/wp-content\/uploads\/2023\/10\/IMG_5899.jpg","datePublished":"2023-10-19T13:00:14+00:00","dateModified":"2025-02-02T15:31:17+00:00","description":"Air Jordan 12 Retro Cherry (TD) | Luksusowe i autentyczne przedmioty w jednym miejscu. B\u0105d\u017a na bie\u017c\u0105co i sprawd\u017a nasz\u0105 ofert\u0119 ju\u017c teraz","breadcrumb":{"@id":"https:\/\/shezamme.com\/sklep\/buty\/kids\/air-jordan-kids\/air-jordan-4-retro-military-black-td\/#breadcrumb"},"inLanguage":"en-US","potentialAction":[{"@type":"ReadAction","target":["https:\/\/shezamme.com\/sklep\/buty\/kids\/air-jordan-kids\/air-jordan-4-retro-military-black-td\/"]}]},{"@type":"ImageObject","inLanguage":"en-US","@id":"https:\/\/shezamme.com\/sklep\/buty\/kids\/air-jordan-kids\/air-jordan-4-retro-military-black-td\/#primaryimage","url":"https:\/\/shezamme.com\/wp-content\/uploads\/2023\/10\/IMG_5899.jpg","contentUrl":"https:\/\/shezamme.com\/wp-content\/uploads\/2023\/10\/IMG_5899.jpg","width":1170,"height":1043,"caption":"Air Jordan 12 Retro Cherry (TD)"},{"@type":"BreadcrumbList","@id":"https:\/\/shezamme.com\/sklep\/buty\/kids\/air-jordan-kids\/air-jordan-4-retro-military-black-td\/#breadcrumb","itemListElement":[{"@type":"ListItem","position":1,"name":"Strona g\u0142\u00f3wna","item":"https:\/\/shezamme.com\/"},{"@type":"ListItem","position":2,"name":"Sklep","item":"https:\/\/shezamme.com\/en\/sklep\/"},{"@type":"ListItem","position":3,"name":"Air Jordan 12 Retro Cherry (TD)"}]},{"@type":"WebSite","@id":"https:\/\/shezamme.com\/#website","url":"https:\/\/shezamme.com\/","name":"SHEZAMME - Sneakers, Streetwear and luxury brands","description":"Original and exclusive items in one place. Check out our products now and stay up to date with all launches.","publisher":{"@id":"https:\/\/shezamme.com\/#organization"},"potentialAction":[{"@type":"SearchAction","target":{"@type":"EntryPoint","urlTemplate":"https:\/\/shezamme.com\/?s={search_term_string}"},"query-input":{"@type":"PropertyValueSpecification","valueRequired":true,"valueName":"search_term_string"}}],"inLanguage":"en-US"},{"@type":"Organization","@id":"https:\/\/shezamme.com\/#organization","name":"SHEZAMME - Sneakers, Streetwear and luxury brands","url":"https:\/\/shezamme.com\/","logo":{"@type":"ImageObject","inLanguage":"en-US","@id":"https:\/\/shezamme.com\/#\/schema\/logo\/image\/","url":"https:\/\/shezamme.com\/wp-content\/uploads\/2023\/02\/0x0.png","contentUrl":"https:\/\/shezamme.com\/wp-content\/uploads\/2023\/02\/0x0.png","width":2000,"height":2000,"caption":"SHEZAMME - Sneakersy, Streetwear i luksusowe marki"},"image":{"@id":"https:\/\/shezamme.com\/#\/schema\/logo\/image\/"},"sameAs":["https:\/\/www.facebook.com\/SHEZAMME\/","https:\/\/x.com\/SHEZAMME","https:\/\/www.instagram.com\/shezamme\/","https:\/\/www.youtube.com\/channel\/UCsTJxi_9fODHdO_1bmJbqvQ","https:\/\/www.tiktok.com\/shezamme.com"]}]}},"brands":[{"id":749,"name":"Jordan","slug":"air-jordan"}],"_links":{"self":[{"href":"https:\/\/shezamme.com\/en\/wp-json\/wp\/v2\/product\/35250","targetHints":{"allow":["GET"]}}],"collection":[{"href":"https:\/\/shezamme.com\/en\/wp-json\/wp\/v2\/product"}],"about":[{"href":"https:\/\/shezamme.com\/en\/wp-json\/wp\/v2\/types\/product"}],"wp:featuredmedia":[{"embeddable":true,"href":"https:\/\/shezamme.com\/en\/wp-json\/wp\/v2\/media\/35264"}],"wp:attachment":[{"href":"https:\/\/shezamme.com\/en\/wp-json\/wp\/v2\/media?parent=35250"}],"wp:term":[{"taxonomy":"pwb-brand","embeddable":true,"href":"https:\/\/shezamme.com\/en\/wp-json\/wp\/v2\/pwb-brand?post=35250"},{"taxonomy":"product_brand","embeddable":true,"href":"https:\/\/shezamme.com\/en\/wp-json\/wp\/v2\/product_brand?post=35250"},{"taxonomy":"product_cat","embeddable":true,"href":"https:\/\/shezamme.com\/en\/wp-json\/wp\/v2\/product_cat?post=35250"},{"taxonomy":"product_tag","embeddable":true,"href":"https:\/\/shezamme.com\/en\/wp-json\/wp\/v2\/product_tag?post=35250"}],"curies":[{"name":"wp","href":"https:\/\/api.w.org\/{rel}","templated":true}]}}