{"id":35181,"date":"2023-10-18T11:02:28","date_gmt":"2023-10-18T09:02:28","guid":{"rendered":"https:\/\/shezamme.com\/?post_type=product&#038;p=35181"},"modified":"2025-07-21T02:42:49","modified_gmt":"2025-07-21T00:42:49","slug":"nike-mag-back-to-the-future-2016","status":"publish","type":"product","link":"https:\/\/shezamme.com\/en\/sklep\/buty\/inne\/hype-grail\/nike-mag-back-to-the-future-2016\/","title":{"rendered":"Nike Mag Back To The Future (2016)"},"content":{"rendered":"<h2>Futurystyczna legenda: Nike Mag Back to the Future (2016)<\/h2>\n<p>Nike Mag &#8222;Back to the Future&#8221; (2016) to jedne z najbardziej ikonicznych sneakers\u00f3w, kt\u00f3re \u0142\u0105cz\u0105 futurystyczny design z zaawansowan\u0105 technologi\u0105. Wykonane z siateczkowego materia\u0142u syntetycznego i element\u00f3w TPU, wyr\u00f3\u017cniaj\u0105 si\u0119 futurystycznym wygl\u0105dem inspirowanym kultowym filmem \u201ePowr\u00f3t do przysz\u0142o\u015bci II\u201d. Gumowa podeszwa z pod\u015bwietlanymi diodami LED i transparentnymi detalami wiernie odtwarza wygl\u0105d filmowego pierwowzoru. Kluczowym elementem jest funkcja automatycznego sznurowania Adapt, kt\u00f3ra elektronicznie dostosowuje but do stopy, oferuj\u0105c wygod\u0119 i innowacyjno\u015b\u0107.<\/p>\n<h2>Limitowana edycja z misj\u0105 charytatywn\u0105<\/h2>\n<p>Wydane w 2016 roku Nike Mag by\u0142y cz\u0119\u015bci\u0105 limitowanej serii licz\u0105cej zaledwie 89 par. Buty zosta\u0142y przeznaczone na aukcje charytatywne, wspieraj\u0105c fundacj\u0119 Michaela J. Foxa w walce z chorob\u0105 Parkinsona. To nie tylko sneakersy, ale tak\u017ce symbol zaawansowanej technologii i kulturowego dziedzictwa. Ekskluzywno\u015b\u0107, wyj\u0105tkowy design i inspiruj\u0105ca historia czyni\u0105 ten model prawdziw\u0105 pere\u0142k\u0105 w \u015bwiecie kolekcjoner\u00f3w.<\/p>","protected":false},"excerpt":{"rendered":"<div class=\"flex-shrink-0 flex flex-col relative items-end\">\n<div>\n<div class=\"pt-0\">\n<div class=\"gizmo-shadow-stroke flex h-8 w-8 items-center justify-center overflow-hidden rounded-full\">\n<div class=\"h-full w-full\">\n<h2 class=\"gizmo-shadow-stroke overflow-hidden rounded-full\"><span style=\"font-size: 28px\">Ikona przysz\u0142o\u015bci: Nike Mag Back to the Future (2016)<\/span><\/h2>\n<\/div>\n<\/div>\n<\/div>\n<\/div>\n<\/div>\n<div class=\"group\/conversation-turn relative flex w-full min-w-0 flex-col agent-turn\">\n<div class=\"flex-col gap-1 md:gap-3\">\n<div class=\"flex max-w-full flex-col flex-grow\">\n<div class=\"min-h-8 text-message flex w-full flex-col items-end gap-2 whitespace-normal break-words text-start [.text-message+&amp;]:mt-5\" dir=\"auto\" data-message-author-role=\"assistant\" data-message-id=\"da402e2e-48b6-47cc-84ce-47680a8f42e2\" data-message-model-slug=\"gpt-4o\">\n<div class=\"flex w-full flex-col gap-1 empty:hidden first:pt-[3px]\">\n<div class=\"markdown prose w-full break-words dark:prose-invert light\">\n<p>Nike Mag z 2016 roku to limitowane sneakersy z funkcj\u0105 automatycznego sznurowania Adapt, inspirowane filmem \u201ePowr\u00f3t do przysz\u0142o\u015bci II\u201d. Tylko 89 par, futurystyczny design i misja charytatywna czyni\u0105 je legend\u0105 \u015bwiata sneakers\u00f3w.<\/p>\n<\/div>\n<\/div>\n<\/div>\n<\/div>\n<\/div>\n<\/div>\n","protected":false},"featured_media":35188,"template":"","meta":{"_acf_changed":false},"pwb-brand":[756],"product_brand":[],"product_cat":[16,898,93],"product_tag":[1008,1009],"class_list":{"0":"post-35181","1":"product","2":"type-product","3":"status-publish","4":"has-post-thumbnail","6":"pwb-brand-nike","7":"product_cat-buty","8":"product_cat-hype-grail","9":"product_cat-nike","10":"product_tag-kobieta","11":"product_tag-mezczyzna","13":"first","14":"onbackorder","15":"taxable","16":"shipping-taxable","17":"purchasable","18":"product-type-variable","19":"has-default-attributes"},"acf":[],"yoast_head":"<!-- This site is optimized with the Yoast SEO plugin v27.2 - https:\/\/yoast.com\/product\/yoast-seo-wordpress\/ -->\n<title>Nike Mag Back To The Future (2016) - SHEZAMME<\/title>\n<meta name=\"description\" content=\"Nike Mag Back To The Future (2016) | Luksusowe i autentyczne przedmioty w jednym miejscu. B\u0105d\u017a na bie\u017c\u0105co i sprawd\u017a nasz\u0105 ofert\u0119 ju\u017c teraz i b\u0105d\u017a na bie\u017c\u0105co\" \/>\n<meta name=\"robots\" content=\"index, follow, max-snippet:-1, max-image-preview:large, max-video-preview:-1\" \/>\n<link rel=\"canonical\" href=\"https:\/\/shezamme.com\/en\/sklep\/sneakers-2\/others\/hype-grail\/nike-mag-back-to-the-future-2016\/\" \/>\n<meta property=\"og:locale\" content=\"en_US\" \/>\n<meta property=\"og:type\" content=\"article\" \/>\n<meta property=\"og:title\" content=\"Nike Mag Back To The Future (2016) - SHEZAMME\" \/>\n<meta property=\"og:description\" content=\"Nike Mag Back To The Future (2016) | Luksusowe i autentyczne przedmioty w jednym miejscu. B\u0105d\u017a na bie\u017c\u0105co i sprawd\u017a nasz\u0105 ofert\u0119 ju\u017c teraz i b\u0105d\u017a na bie\u017c\u0105co\" \/>\n<meta property=\"og:url\" content=\"https:\/\/shezamme.com\/en\/sklep\/sneakers-2\/others\/hype-grail\/nike-mag-back-to-the-future-2016\/\" \/>\n<meta property=\"og:site_name\" content=\"SHEZAMME - Yeezy, Jordan, Supreme i inne oryginalne rzeczy\" \/>\n<meta property=\"article:publisher\" content=\"https:\/\/www.facebook.com\/SHEZAMME\/\" \/>\n<meta property=\"article:modified_time\" content=\"2025-07-21T00:42:49+00:00\" \/>\n<meta property=\"og:image\" content=\"https:\/\/shezamme.com\/wp-content\/uploads\/2023\/10\/IMG_5846.jpg\" \/>\n\t<meta property=\"og:image:width\" content=\"1170\" \/>\n\t<meta property=\"og:image:height\" content=\"1015\" \/>\n\t<meta property=\"og:image:type\" content=\"image\/jpeg\" \/>\n<meta name=\"twitter:card\" content=\"summary_large_image\" \/>\n<meta name=\"twitter:site\" content=\"@SHEZAMME\" \/>\n<meta name=\"twitter:label1\" content=\"Est. reading time\" \/>\n\t<meta name=\"twitter:data1\" content=\"1 minute\" \/>\n<script type=\"application\/ld+json\" class=\"yoast-schema-graph\">{\"@context\":\"https:\/\/schema.org\",\"@graph\":[{\"@type\":\"WebPage\",\"@id\":\"https:\/\/shezamme.com\/sklep\/buty\/inne\/hype-grail\/nike-mag-back-to-the-future-2016\/\",\"url\":\"https:\/\/shezamme.com\/sklep\/buty\/inne\/hype-grail\/nike-mag-back-to-the-future-2016\/\",\"name\":\"Nike Mag Back To The Future (2016) - SHEZAMME\",\"isPartOf\":{\"@id\":\"https:\/\/shezamme.com\/#website\"},\"primaryImageOfPage\":{\"@id\":\"https:\/\/shezamme.com\/sklep\/buty\/inne\/hype-grail\/nike-mag-back-to-the-future-2016\/#primaryimage\"},\"image\":{\"@id\":\"https:\/\/shezamme.com\/sklep\/buty\/inne\/hype-grail\/nike-mag-back-to-the-future-2016\/#primaryimage\"},\"thumbnailUrl\":\"https:\/\/shezamme.com\/wp-content\/uploads\/2023\/10\/IMG_5846.jpg\",\"datePublished\":\"2023-10-18T09:02:28+00:00\",\"dateModified\":\"2025-07-21T00:42:49+00:00\",\"description\":\"Nike Mag Back To The Future (2016) | Luksusowe i autentyczne przedmioty w jednym miejscu. B\u0105d\u017a na bie\u017c\u0105co i sprawd\u017a nasz\u0105 ofert\u0119 ju\u017c teraz i b\u0105d\u017a na bie\u017c\u0105co\",\"breadcrumb\":{\"@id\":\"https:\/\/shezamme.com\/sklep\/buty\/inne\/hype-grail\/nike-mag-back-to-the-future-2016\/#breadcrumb\"},\"inLanguage\":\"en-US\",\"potentialAction\":[{\"@type\":\"ReadAction\",\"target\":[\"https:\/\/shezamme.com\/sklep\/buty\/inne\/hype-grail\/nike-mag-back-to-the-future-2016\/\"]}]},{\"@type\":\"ImageObject\",\"inLanguage\":\"en-US\",\"@id\":\"https:\/\/shezamme.com\/sklep\/buty\/inne\/hype-grail\/nike-mag-back-to-the-future-2016\/#primaryimage\",\"url\":\"https:\/\/shezamme.com\/wp-content\/uploads\/2023\/10\/IMG_5846.jpg\",\"contentUrl\":\"https:\/\/shezamme.com\/wp-content\/uploads\/2023\/10\/IMG_5846.jpg\",\"width\":1170,\"height\":1015,\"caption\":\"Nike Mag Back To The Future (2016)\"},{\"@type\":\"BreadcrumbList\",\"@id\":\"https:\/\/shezamme.com\/sklep\/buty\/inne\/hype-grail\/nike-mag-back-to-the-future-2016\/#breadcrumb\",\"itemListElement\":[{\"@type\":\"ListItem\",\"position\":1,\"name\":\"Strona g\u0142\u00f3wna\",\"item\":\"https:\/\/shezamme.com\/\"},{\"@type\":\"ListItem\",\"position\":2,\"name\":\"Sklep\",\"item\":\"https:\/\/shezamme.com\/sklep\/\"},{\"@type\":\"ListItem\",\"position\":3,\"name\":\"Nike Mag Back To The Future (2016)\"}]},{\"@type\":\"WebSite\",\"@id\":\"https:\/\/shezamme.com\/#website\",\"url\":\"https:\/\/shezamme.com\/\",\"name\":\"SHEZAMME - Sneakersy, Streetwear i luksusowe marki\",\"description\":\"Oryginalne i ekskluzywne przedmioty w jednym miejscu. Sprawd\u017a nasze produkty ju\u017c teraz i b\u0105d\u017a na bie\u017c\u0105co z wszystkimi premierami.\",\"publisher\":{\"@id\":\"https:\/\/shezamme.com\/#organization\"},\"potentialAction\":[{\"@type\":\"SearchAction\",\"target\":{\"@type\":\"EntryPoint\",\"urlTemplate\":\"https:\/\/shezamme.com\/?s={search_term_string}\"},\"query-input\":{\"@type\":\"PropertyValueSpecification\",\"valueRequired\":true,\"valueName\":\"search_term_string\"}}],\"inLanguage\":\"en-US\"},{\"@type\":\"Organization\",\"@id\":\"https:\/\/shezamme.com\/#organization\",\"name\":\"SHEZAMME - Sneakersy, Streetwear i luksusowe marki\",\"url\":\"https:\/\/shezamme.com\/\",\"logo\":{\"@type\":\"ImageObject\",\"inLanguage\":\"en-US\",\"@id\":\"https:\/\/shezamme.com\/#\/schema\/logo\/image\/\",\"url\":\"https:\/\/shezamme.com\/wp-content\/uploads\/2023\/02\/0x0.png\",\"contentUrl\":\"https:\/\/shezamme.com\/wp-content\/uploads\/2023\/02\/0x0.png\",\"width\":2000,\"height\":2000,\"caption\":\"SHEZAMME - Sneakersy, Streetwear i luksusowe marki\"},\"image\":{\"@id\":\"https:\/\/shezamme.com\/#\/schema\/logo\/image\/\"},\"sameAs\":[\"https:\/\/www.facebook.com\/SHEZAMME\/\",\"https:\/\/x.com\/SHEZAMME\",\"https:\/\/www.instagram.com\/shezamme\/\",\"https:\/\/www.youtube.com\/channel\/UCsTJxi_9fODHdO_1bmJbqvQ\",\"https:\/\/www.tiktok.com\/shezamme.com\"]}]}<\/script>\n<!-- \/ Yoast SEO plugin. -->","yoast_head_json":{"title":"Nike Mag Back To The Future (2016) - SHEZAMME","description":"Nike Mag Back To The Future (2016) | Luksusowe i autentyczne przedmioty w jednym miejscu. B\u0105d\u017a na bie\u017c\u0105co i sprawd\u017a nasz\u0105 ofert\u0119 ju\u017c teraz i b\u0105d\u017a na bie\u017c\u0105co","robots":{"index":"index","follow":"follow","max-snippet":"max-snippet:-1","max-image-preview":"max-image-preview:large","max-video-preview":"max-video-preview:-1"},"canonical":"https:\/\/shezamme.com\/en\/sklep\/sneakers-2\/others\/hype-grail\/nike-mag-back-to-the-future-2016\/","og_locale":"en_US","og_type":"article","og_title":"Nike Mag Back To The Future (2016) - SHEZAMME","og_description":"Nike Mag Back To The Future (2016) | Luksusowe i autentyczne przedmioty w jednym miejscu. B\u0105d\u017a na bie\u017c\u0105co i sprawd\u017a nasz\u0105 ofert\u0119 ju\u017c teraz i b\u0105d\u017a na bie\u017c\u0105co","og_url":"https:\/\/shezamme.com\/en\/sklep\/sneakers-2\/others\/hype-grail\/nike-mag-back-to-the-future-2016\/","og_site_name":"SHEZAMME - Yeezy, Jordan, Supreme i inne oryginalne rzeczy","article_publisher":"https:\/\/www.facebook.com\/SHEZAMME\/","article_modified_time":"2025-07-21T00:42:49+00:00","og_image":[{"width":1170,"height":1015,"url":"https:\/\/shezamme.com\/wp-content\/uploads\/2023\/10\/IMG_5846.jpg","type":"image\/jpeg"}],"twitter_card":"summary_large_image","twitter_site":"@SHEZAMME","twitter_misc":{"Est. reading time":"1 minute"},"schema":{"@context":"https:\/\/schema.org","@graph":[{"@type":"WebPage","@id":"https:\/\/shezamme.com\/sklep\/buty\/inne\/hype-grail\/nike-mag-back-to-the-future-2016\/","url":"https:\/\/shezamme.com\/sklep\/buty\/inne\/hype-grail\/nike-mag-back-to-the-future-2016\/","name":"Nike Mag Back To The Future (2016) - SHEZAMME","isPartOf":{"@id":"https:\/\/shezamme.com\/#website"},"primaryImageOfPage":{"@id":"https:\/\/shezamme.com\/sklep\/buty\/inne\/hype-grail\/nike-mag-back-to-the-future-2016\/#primaryimage"},"image":{"@id":"https:\/\/shezamme.com\/sklep\/buty\/inne\/hype-grail\/nike-mag-back-to-the-future-2016\/#primaryimage"},"thumbnailUrl":"https:\/\/shezamme.com\/wp-content\/uploads\/2023\/10\/IMG_5846.jpg","datePublished":"2023-10-18T09:02:28+00:00","dateModified":"2025-07-21T00:42:49+00:00","description":"Nike Mag Back To The Future (2016) | Luksusowe i autentyczne przedmioty w jednym miejscu. B\u0105d\u017a na bie\u017c\u0105co i sprawd\u017a nasz\u0105 ofert\u0119 ju\u017c teraz i b\u0105d\u017a na bie\u017c\u0105co","breadcrumb":{"@id":"https:\/\/shezamme.com\/sklep\/buty\/inne\/hype-grail\/nike-mag-back-to-the-future-2016\/#breadcrumb"},"inLanguage":"en-US","potentialAction":[{"@type":"ReadAction","target":["https:\/\/shezamme.com\/sklep\/buty\/inne\/hype-grail\/nike-mag-back-to-the-future-2016\/"]}]},{"@type":"ImageObject","inLanguage":"en-US","@id":"https:\/\/shezamme.com\/sklep\/buty\/inne\/hype-grail\/nike-mag-back-to-the-future-2016\/#primaryimage","url":"https:\/\/shezamme.com\/wp-content\/uploads\/2023\/10\/IMG_5846.jpg","contentUrl":"https:\/\/shezamme.com\/wp-content\/uploads\/2023\/10\/IMG_5846.jpg","width":1170,"height":1015,"caption":"Nike Mag Back To The Future (2016)"},{"@type":"BreadcrumbList","@id":"https:\/\/shezamme.com\/sklep\/buty\/inne\/hype-grail\/nike-mag-back-to-the-future-2016\/#breadcrumb","itemListElement":[{"@type":"ListItem","position":1,"name":"Strona g\u0142\u00f3wna","item":"https:\/\/shezamme.com\/"},{"@type":"ListItem","position":2,"name":"Sklep","item":"https:\/\/shezamme.com\/sklep\/"},{"@type":"ListItem","position":3,"name":"Nike Mag Back To The Future (2016)"}]},{"@type":"WebSite","@id":"https:\/\/shezamme.com\/#website","url":"https:\/\/shezamme.com\/","name":"SHEZAMME - Sneakers, Streetwear and luxury brands","description":"Original and exclusive items in one place. Check out our products now and stay up to date with all launches.","publisher":{"@id":"https:\/\/shezamme.com\/#organization"},"potentialAction":[{"@type":"SearchAction","target":{"@type":"EntryPoint","urlTemplate":"https:\/\/shezamme.com\/?s={search_term_string}"},"query-input":{"@type":"PropertyValueSpecification","valueRequired":true,"valueName":"search_term_string"}}],"inLanguage":"en-US"},{"@type":"Organization","@id":"https:\/\/shezamme.com\/#organization","name":"SHEZAMME - Sneakers, Streetwear and luxury brands","url":"https:\/\/shezamme.com\/","logo":{"@type":"ImageObject","inLanguage":"en-US","@id":"https:\/\/shezamme.com\/#\/schema\/logo\/image\/","url":"https:\/\/shezamme.com\/wp-content\/uploads\/2023\/02\/0x0.png","contentUrl":"https:\/\/shezamme.com\/wp-content\/uploads\/2023\/02\/0x0.png","width":2000,"height":2000,"caption":"SHEZAMME - Sneakersy, Streetwear i luksusowe marki"},"image":{"@id":"https:\/\/shezamme.com\/#\/schema\/logo\/image\/"},"sameAs":["https:\/\/www.facebook.com\/SHEZAMME\/","https:\/\/x.com\/SHEZAMME","https:\/\/www.instagram.com\/shezamme\/","https:\/\/www.youtube.com\/channel\/UCsTJxi_9fODHdO_1bmJbqvQ","https:\/\/www.tiktok.com\/shezamme.com"]}]}},"brands":[{"id":756,"name":"Nike","slug":"nike"}],"_links":{"self":[{"href":"https:\/\/shezamme.com\/en\/wp-json\/wp\/v2\/product\/35181","targetHints":{"allow":["GET"]}}],"collection":[{"href":"https:\/\/shezamme.com\/en\/wp-json\/wp\/v2\/product"}],"about":[{"href":"https:\/\/shezamme.com\/en\/wp-json\/wp\/v2\/types\/product"}],"wp:featuredmedia":[{"embeddable":true,"href":"https:\/\/shezamme.com\/en\/wp-json\/wp\/v2\/media\/35188"}],"wp:attachment":[{"href":"https:\/\/shezamme.com\/en\/wp-json\/wp\/v2\/media?parent=35181"}],"wp:term":[{"taxonomy":"pwb-brand","embeddable":true,"href":"https:\/\/shezamme.com\/en\/wp-json\/wp\/v2\/pwb-brand?post=35181"},{"taxonomy":"product_brand","embeddable":true,"href":"https:\/\/shezamme.com\/en\/wp-json\/wp\/v2\/product_brand?post=35181"},{"taxonomy":"product_cat","embeddable":true,"href":"https:\/\/shezamme.com\/en\/wp-json\/wp\/v2\/product_cat?post=35181"},{"taxonomy":"product_tag","embeddable":true,"href":"https:\/\/shezamme.com\/en\/wp-json\/wp\/v2\/product_tag?post=35181"}],"curies":[{"name":"wp","href":"https:\/\/api.w.org\/{rel}","templated":true}]}}