{"id":35057,"date":"2023-10-18T10:14:58","date_gmt":"2023-10-18T08:14:58","guid":{"rendered":"https:\/\/shezamme.com\/?post_type=product&#038;p=35057"},"modified":"2025-05-19T18:42:21","modified_gmt":"2025-05-19T16:42:21","slug":"nike-air-force-1-mid-off-white-pine-green","status":"publish","type":"product","link":"https:\/\/shezamme.com\/en\/sklep\/buty\/air-force-1\/nike-air-force-1-mid-off-white-pine-green\/","title":{"rendered":"Nike Air Force 1 Mid Off-White Pine Green"},"content":{"rendered":"<h2 data-start=\"0\" data-end=\"48\">Awangardowa reinterpretacja klasycznego AF1<\/h2>\n<p data-start=\"50\" data-end=\"361\">Nike Air Force 1 Mid x Off-White &#8222;Pine Green&#8221; to futurystyczne po\u0142\u0105czenie koszykarskiego klasyka i eksperymentalnego designu Virgila Abloha. Sk\u00f3rzana cholewka w intensywnej zieleni kontrastuje z bia\u0142ymi detalami, a p\u00f3\u0142przezroczysta podeszwa z agresywnym bie\u017cnikiem nadaje butom surowy, industrialny charakter.<\/p>\n<h2 data-start=\"363\" data-end=\"417\">Ikoniczne detale Off-White i innowacyjna podeszwa<\/h2>\n<p data-start=\"419\" data-end=\"710\" data-is-last-node=\"\" data-is-only-node=\"\">Model wyr\u00f3\u017cnia si\u0119 podw\u00f3jnym systemem sznurowania, charakterystycznym zip-tie oraz bocznym brandingiem Off-White. Widoczna poduszka Air zapewnia amortyzacj\u0119, a r\u0119cznie malowane akcenty na podeszwie podkre\u015blaj\u0105 unikalno\u015b\u0107 tej limitowanej edycji, stworzonej dla fan\u00f3w nowoczesnego streetwearu.<\/p>","protected":false},"excerpt":{"rendered":"<h2 data-start=\"0\" data-end=\"43\">Off-White i Nike w nowoczesnym wydaniu<\/h2>\n<p data-start=\"45\" data-end=\"478\" data-is-last-node=\"\" data-is-only-node=\"\">Nike Air Force 1 Mid x Off-White &#8222;Pine Green&#8221; to odwa\u017cna reinterpretacja klasycznego modelu, wzbogacona o charakterystyczne detale Virgila Abloha. Sk\u00f3rzana cholewka w intensywnym odcieniu zieleni kontrastuje z bia\u0142ymi akcentami, a p\u00f3\u0142przezroczysta podeszwa z agresywnym bie\u017cnikiem nadaje butom dynamiczny wygl\u0105d. Zip-tie, podw\u00f3jne sznurowanie i branding Off-White podkre\u015blaj\u0105 unikalny, streetwearowy charakter tej limitowanej edycji.<\/p>","protected":false},"featured_media":35069,"template":"","meta":{"_acf_changed":false},"pwb-brand":[756,755],"product_brand":[],"product_cat":[16,92,93,788],"product_tag":[1008,1009],"class_list":{"0":"post-35057","1":"product","2":"type-product","3":"status-publish","4":"has-post-thumbnail","6":"pwb-brand-nike","7":"pwb-brand-off-white","8":"product_cat-buty","9":"product_cat-air-force-1","10":"product_cat-nike","11":"product_cat-nike-x-off-white","12":"product_tag-kobieta","13":"product_tag-mezczyzna","15":"first","16":"instock","17":"taxable","18":"shipping-taxable","19":"purchasable","20":"product-type-variable","21":"has-default-attributes"},"acf":[],"yoast_head":"<!-- This site is optimized with the Yoast SEO plugin v27.2 - https:\/\/yoast.com\/product\/yoast-seo-wordpress\/ -->\n<title>Nike Air Force 1 Mid Off-White Pine Green - SHEZAMME<\/title>\n<meta name=\"description\" content=\"Nike Air Force 1 Mid Off-White Pine Green | Luksusowe i autentyczne przedmioty w jednym miejscu. B\u0105d\u017a na bie\u017c\u0105co i sprawd\u017a nasz\u0105 ofert\u0119 ju\u017c teraz\" \/>\n<meta name=\"robots\" content=\"index, follow, max-snippet:-1, max-image-preview:large, max-video-preview:-1\" \/>\n<link rel=\"canonical\" href=\"https:\/\/shezamme.com\/en\/sklep\/sneakers-2\/air-force-1\/nike-air-force-1-mid-off-white-pine-green\/\" \/>\n<meta property=\"og:locale\" content=\"en_US\" \/>\n<meta property=\"og:type\" content=\"article\" \/>\n<meta property=\"og:title\" content=\"Nike Air Force 1 Mid Off-White Pine Green - SHEZAMME\" \/>\n<meta property=\"og:description\" content=\"Nike Air Force 1 Mid Off-White Pine Green | Luksusowe i autentyczne przedmioty w jednym miejscu. B\u0105d\u017a na bie\u017c\u0105co i sprawd\u017a nasz\u0105 ofert\u0119 ju\u017c teraz\" \/>\n<meta property=\"og:url\" content=\"https:\/\/shezamme.com\/en\/sklep\/sneakers-2\/air-force-1\/nike-air-force-1-mid-off-white-pine-green\/\" \/>\n<meta property=\"og:site_name\" content=\"SHEZAMME - Yeezy, Jordan, Supreme i inne oryginalne rzeczy\" \/>\n<meta property=\"article:publisher\" content=\"https:\/\/www.facebook.com\/SHEZAMME\/\" \/>\n<meta property=\"article:modified_time\" content=\"2025-05-19T16:42:21+00:00\" \/>\n<meta property=\"og:image\" content=\"https:\/\/shezamme.com\/wp-content\/uploads\/2023\/10\/IMG_5825.jpg\" \/>\n\t<meta property=\"og:image:width\" content=\"1170\" \/>\n\t<meta property=\"og:image:height\" content=\"1023\" \/>\n\t<meta property=\"og:image:type\" content=\"image\/jpeg\" \/>\n<meta name=\"twitter:card\" content=\"summary_large_image\" \/>\n<meta name=\"twitter:site\" content=\"@SHEZAMME\" \/>\n<script type=\"application\/ld+json\" class=\"yoast-schema-graph\">{\"@context\":\"https:\/\/schema.org\",\"@graph\":[{\"@type\":\"WebPage\",\"@id\":\"https:\/\/shezamme.com\/sklep\/buty\/air-force-1\/nike-air-force-1-mid-off-white-pine-green\/\",\"url\":\"https:\/\/shezamme.com\/sklep\/buty\/air-force-1\/nike-air-force-1-mid-off-white-pine-green\/\",\"name\":\"Nike Air Force 1 Mid Off-White Pine Green - SHEZAMME\",\"isPartOf\":{\"@id\":\"https:\/\/shezamme.com\/#website\"},\"primaryImageOfPage\":{\"@id\":\"https:\/\/shezamme.com\/sklep\/buty\/air-force-1\/nike-air-force-1-mid-off-white-pine-green\/#primaryimage\"},\"image\":{\"@id\":\"https:\/\/shezamme.com\/sklep\/buty\/air-force-1\/nike-air-force-1-mid-off-white-pine-green\/#primaryimage\"},\"thumbnailUrl\":\"https:\/\/shezamme.com\/wp-content\/uploads\/2023\/10\/IMG_5825.jpg\",\"datePublished\":\"2023-10-18T08:14:58+00:00\",\"dateModified\":\"2025-05-19T16:42:21+00:00\",\"description\":\"Nike Air Force 1 Mid Off-White Pine Green | Luksusowe i autentyczne przedmioty w jednym miejscu. B\u0105d\u017a na bie\u017c\u0105co i sprawd\u017a nasz\u0105 ofert\u0119 ju\u017c teraz\",\"breadcrumb\":{\"@id\":\"https:\/\/shezamme.com\/sklep\/buty\/air-force-1\/nike-air-force-1-mid-off-white-pine-green\/#breadcrumb\"},\"inLanguage\":\"en-US\",\"potentialAction\":[{\"@type\":\"ReadAction\",\"target\":[\"https:\/\/shezamme.com\/sklep\/buty\/air-force-1\/nike-air-force-1-mid-off-white-pine-green\/\"]}]},{\"@type\":\"ImageObject\",\"inLanguage\":\"en-US\",\"@id\":\"https:\/\/shezamme.com\/sklep\/buty\/air-force-1\/nike-air-force-1-mid-off-white-pine-green\/#primaryimage\",\"url\":\"https:\/\/shezamme.com\/wp-content\/uploads\/2023\/10\/IMG_5825.jpg\",\"contentUrl\":\"https:\/\/shezamme.com\/wp-content\/uploads\/2023\/10\/IMG_5825.jpg\",\"width\":1170,\"height\":1023,\"caption\":\"Nike Air Force 1 Mid Off-White Pine Green\"},{\"@type\":\"BreadcrumbList\",\"@id\":\"https:\/\/shezamme.com\/sklep\/buty\/air-force-1\/nike-air-force-1-mid-off-white-pine-green\/#breadcrumb\",\"itemListElement\":[{\"@type\":\"ListItem\",\"position\":1,\"name\":\"Strona g\u0142\u00f3wna\",\"item\":\"https:\/\/shezamme.com\/\"},{\"@type\":\"ListItem\",\"position\":2,\"name\":\"Sklep\",\"item\":\"https:\/\/shezamme.com\/sklep\/\"},{\"@type\":\"ListItem\",\"position\":3,\"name\":\"Nike Air Force 1 Mid Off-White Pine Green\"}]},{\"@type\":\"WebSite\",\"@id\":\"https:\/\/shezamme.com\/#website\",\"url\":\"https:\/\/shezamme.com\/\",\"name\":\"SHEZAMME - Sneakersy, Streetwear i luksusowe marki\",\"description\":\"Oryginalne i ekskluzywne przedmioty w jednym miejscu. Sprawd\u017a nasze produkty ju\u017c teraz i b\u0105d\u017a na bie\u017c\u0105co z wszystkimi premierami.\",\"publisher\":{\"@id\":\"https:\/\/shezamme.com\/#organization\"},\"potentialAction\":[{\"@type\":\"SearchAction\",\"target\":{\"@type\":\"EntryPoint\",\"urlTemplate\":\"https:\/\/shezamme.com\/?s={search_term_string}\"},\"query-input\":{\"@type\":\"PropertyValueSpecification\",\"valueRequired\":true,\"valueName\":\"search_term_string\"}}],\"inLanguage\":\"en-US\"},{\"@type\":\"Organization\",\"@id\":\"https:\/\/shezamme.com\/#organization\",\"name\":\"SHEZAMME - Sneakersy, Streetwear i luksusowe marki\",\"url\":\"https:\/\/shezamme.com\/\",\"logo\":{\"@type\":\"ImageObject\",\"inLanguage\":\"en-US\",\"@id\":\"https:\/\/shezamme.com\/#\/schema\/logo\/image\/\",\"url\":\"https:\/\/shezamme.com\/wp-content\/uploads\/2023\/02\/0x0.png\",\"contentUrl\":\"https:\/\/shezamme.com\/wp-content\/uploads\/2023\/02\/0x0.png\",\"width\":2000,\"height\":2000,\"caption\":\"SHEZAMME - Sneakersy, Streetwear i luksusowe marki\"},\"image\":{\"@id\":\"https:\/\/shezamme.com\/#\/schema\/logo\/image\/\"},\"sameAs\":[\"https:\/\/www.facebook.com\/SHEZAMME\/\",\"https:\/\/x.com\/SHEZAMME\",\"https:\/\/www.instagram.com\/shezamme\/\",\"https:\/\/www.youtube.com\/channel\/UCsTJxi_9fODHdO_1bmJbqvQ\",\"https:\/\/www.tiktok.com\/shezamme.com\"]}]}<\/script>\n<!-- \/ Yoast SEO plugin. -->","yoast_head_json":{"title":"Nike Air Force 1 Mid Off-White Pine Green - SHEZAMME","description":"Nike Air Force 1 Mid Off-White Pine Green | Luksusowe i autentyczne przedmioty w jednym miejscu. B\u0105d\u017a na bie\u017c\u0105co i sprawd\u017a nasz\u0105 ofert\u0119 ju\u017c teraz","robots":{"index":"index","follow":"follow","max-snippet":"max-snippet:-1","max-image-preview":"max-image-preview:large","max-video-preview":"max-video-preview:-1"},"canonical":"https:\/\/shezamme.com\/en\/sklep\/sneakers-2\/air-force-1\/nike-air-force-1-mid-off-white-pine-green\/","og_locale":"en_US","og_type":"article","og_title":"Nike Air Force 1 Mid Off-White Pine Green - SHEZAMME","og_description":"Nike Air Force 1 Mid Off-White Pine Green | Luksusowe i autentyczne przedmioty w jednym miejscu. B\u0105d\u017a na bie\u017c\u0105co i sprawd\u017a nasz\u0105 ofert\u0119 ju\u017c teraz","og_url":"https:\/\/shezamme.com\/en\/sklep\/sneakers-2\/air-force-1\/nike-air-force-1-mid-off-white-pine-green\/","og_site_name":"SHEZAMME - Yeezy, Jordan, Supreme i inne oryginalne rzeczy","article_publisher":"https:\/\/www.facebook.com\/SHEZAMME\/","article_modified_time":"2025-05-19T16:42:21+00:00","og_image":[{"width":1170,"height":1023,"url":"https:\/\/shezamme.com\/wp-content\/uploads\/2023\/10\/IMG_5825.jpg","type":"image\/jpeg"}],"twitter_card":"summary_large_image","twitter_site":"@SHEZAMME","schema":{"@context":"https:\/\/schema.org","@graph":[{"@type":"WebPage","@id":"https:\/\/shezamme.com\/sklep\/buty\/air-force-1\/nike-air-force-1-mid-off-white-pine-green\/","url":"https:\/\/shezamme.com\/sklep\/buty\/air-force-1\/nike-air-force-1-mid-off-white-pine-green\/","name":"Nike Air Force 1 Mid Off-White Pine Green - SHEZAMME","isPartOf":{"@id":"https:\/\/shezamme.com\/#website"},"primaryImageOfPage":{"@id":"https:\/\/shezamme.com\/sklep\/buty\/air-force-1\/nike-air-force-1-mid-off-white-pine-green\/#primaryimage"},"image":{"@id":"https:\/\/shezamme.com\/sklep\/buty\/air-force-1\/nike-air-force-1-mid-off-white-pine-green\/#primaryimage"},"thumbnailUrl":"https:\/\/shezamme.com\/wp-content\/uploads\/2023\/10\/IMG_5825.jpg","datePublished":"2023-10-18T08:14:58+00:00","dateModified":"2025-05-19T16:42:21+00:00","description":"Nike Air Force 1 Mid Off-White Pine Green | Luksusowe i autentyczne przedmioty w jednym miejscu. B\u0105d\u017a na bie\u017c\u0105co i sprawd\u017a nasz\u0105 ofert\u0119 ju\u017c teraz","breadcrumb":{"@id":"https:\/\/shezamme.com\/sklep\/buty\/air-force-1\/nike-air-force-1-mid-off-white-pine-green\/#breadcrumb"},"inLanguage":"en-US","potentialAction":[{"@type":"ReadAction","target":["https:\/\/shezamme.com\/sklep\/buty\/air-force-1\/nike-air-force-1-mid-off-white-pine-green\/"]}]},{"@type":"ImageObject","inLanguage":"en-US","@id":"https:\/\/shezamme.com\/sklep\/buty\/air-force-1\/nike-air-force-1-mid-off-white-pine-green\/#primaryimage","url":"https:\/\/shezamme.com\/wp-content\/uploads\/2023\/10\/IMG_5825.jpg","contentUrl":"https:\/\/shezamme.com\/wp-content\/uploads\/2023\/10\/IMG_5825.jpg","width":1170,"height":1023,"caption":"Nike Air Force 1 Mid Off-White Pine Green"},{"@type":"BreadcrumbList","@id":"https:\/\/shezamme.com\/sklep\/buty\/air-force-1\/nike-air-force-1-mid-off-white-pine-green\/#breadcrumb","itemListElement":[{"@type":"ListItem","position":1,"name":"Strona g\u0142\u00f3wna","item":"https:\/\/shezamme.com\/"},{"@type":"ListItem","position":2,"name":"Sklep","item":"https:\/\/shezamme.com\/sklep\/"},{"@type":"ListItem","position":3,"name":"Nike Air Force 1 Mid Off-White Pine Green"}]},{"@type":"WebSite","@id":"https:\/\/shezamme.com\/#website","url":"https:\/\/shezamme.com\/","name":"SHEZAMME - Sneakers, Streetwear and luxury brands","description":"Original and exclusive items in one place. Check out our products now and stay up to date with all launches.","publisher":{"@id":"https:\/\/shezamme.com\/#organization"},"potentialAction":[{"@type":"SearchAction","target":{"@type":"EntryPoint","urlTemplate":"https:\/\/shezamme.com\/?s={search_term_string}"},"query-input":{"@type":"PropertyValueSpecification","valueRequired":true,"valueName":"search_term_string"}}],"inLanguage":"en-US"},{"@type":"Organization","@id":"https:\/\/shezamme.com\/#organization","name":"SHEZAMME - Sneakers, Streetwear and luxury brands","url":"https:\/\/shezamme.com\/","logo":{"@type":"ImageObject","inLanguage":"en-US","@id":"https:\/\/shezamme.com\/#\/schema\/logo\/image\/","url":"https:\/\/shezamme.com\/wp-content\/uploads\/2023\/02\/0x0.png","contentUrl":"https:\/\/shezamme.com\/wp-content\/uploads\/2023\/02\/0x0.png","width":2000,"height":2000,"caption":"SHEZAMME - Sneakersy, Streetwear i luksusowe marki"},"image":{"@id":"https:\/\/shezamme.com\/#\/schema\/logo\/image\/"},"sameAs":["https:\/\/www.facebook.com\/SHEZAMME\/","https:\/\/x.com\/SHEZAMME","https:\/\/www.instagram.com\/shezamme\/","https:\/\/www.youtube.com\/channel\/UCsTJxi_9fODHdO_1bmJbqvQ","https:\/\/www.tiktok.com\/shezamme.com"]}]}},"brands":[{"id":756,"name":"Nike","slug":"nike"},{"id":755,"name":"OFF-WHITE","slug":"off-white"}],"_links":{"self":[{"href":"https:\/\/shezamme.com\/en\/wp-json\/wp\/v2\/product\/35057","targetHints":{"allow":["GET"]}}],"collection":[{"href":"https:\/\/shezamme.com\/en\/wp-json\/wp\/v2\/product"}],"about":[{"href":"https:\/\/shezamme.com\/en\/wp-json\/wp\/v2\/types\/product"}],"wp:featuredmedia":[{"embeddable":true,"href":"https:\/\/shezamme.com\/en\/wp-json\/wp\/v2\/media\/35069"}],"wp:attachment":[{"href":"https:\/\/shezamme.com\/en\/wp-json\/wp\/v2\/media?parent=35057"}],"wp:term":[{"taxonomy":"pwb-brand","embeddable":true,"href":"https:\/\/shezamme.com\/en\/wp-json\/wp\/v2\/pwb-brand?post=35057"},{"taxonomy":"product_brand","embeddable":true,"href":"https:\/\/shezamme.com\/en\/wp-json\/wp\/v2\/product_brand?post=35057"},{"taxonomy":"product_cat","embeddable":true,"href":"https:\/\/shezamme.com\/en\/wp-json\/wp\/v2\/product_cat?post=35057"},{"taxonomy":"product_tag","embeddable":true,"href":"https:\/\/shezamme.com\/en\/wp-json\/wp\/v2\/product_tag?post=35057"}],"curies":[{"name":"wp","href":"https:\/\/api.w.org\/{rel}","templated":true}]}}