{"id":35027,"date":"2023-10-17T15:16:24","date_gmt":"2023-10-17T13:16:24","guid":{"rendered":"https:\/\/shezamme.com\/?post_type=product&#038;p=35027"},"modified":"2024-12-31T17:47:48","modified_gmt":"2024-12-31T16:47:48","slug":"louis-vuitton-lv-skate-sneaker-marine-white","status":"publish","type":"product","link":"https:\/\/shezamme.com\/en\/sklep\/buty\/inne\/louis-vuitton\/louis-vuitton-lv-skate-sneaker-marine-white\/","title":{"rendered":"Louis Vuitton LV Skate Sneaker Marine White"},"content":{"rendered":"<h2>Wyrafinowany casual: Louis Vuitton LV Skate Sneaker Marine White<\/h2>\n<p>Louis Vuitton LV Skate Sneaker Marine White to po\u0142\u0105czenie elegancji i swobodnego stylu skate w jednym. Cholewka z g\u0142adkiej sk\u00f3ry ciel\u0119cej premium w odcieniu g\u0142\u0119bokiego granatu wyr\u00f3\u017cnia si\u0119 trwa\u0142o\u015bci\u0105 i subtelnym wyko\u0144czeniem. Kontrastuj\u0105ce bia\u0142e detale oraz gumowa antypo\u015blizgowa podeszwa z t\u0142oczeniem Louis Vuitton dodaj\u0105 modelowi nowoczesnego charakteru, zachowuj\u0105c jednocze\u015bnie jego luksusowy styl. Sk\u00f3rzana wy\u015bci\u00f3\u0142ka zapewnia komfort przez ca\u0142y dzie\u0144, a niskoprofilowy design gwarantuje lekko\u015b\u0107 i swobod\u0119 ruchu.<\/p>\n<h2>Wszechstronno\u015b\u0107 i styl na co dzie\u0144<\/h2>\n<p>LV Skate Sneaker Marine White to sneakersy stworzone dla os\u00f3b ceni\u0105cych zar\u00f3wno casualowy wygl\u0105d, jak i wyrafinowane detale. Granatowa kolorystyka z bia\u0142ymi akcentami \u015bwietnie komponuje si\u0119 z r\u00f3\u017cnorodnymi stylizacjami, od codziennych zestaw\u00f3w po bardziej eleganckie kompozycje. Dyskretne logo Louis Vuitton na j\u0119zyku, pi\u0119cie i bocznych panelach podkre\u015bla presti\u017cowy charakter obuwia.<\/p>","protected":false},"excerpt":{"rendered":"<h2>Luksus w stylu skate: Louis Vuitton LV Skate Sneaker Marine White<\/h2>\n<p>Louis Vuitton LV Skate Sneaker Marine White to eleganckie sneakersy z granatowej sk\u00f3ry premium, uzupe\u0142nione bia\u0142ymi akcentami. Niskoprofilowy design \u0142\u0105czy casualowy styl z luksusowymi detalami Louis Vuitton.<\/p>","protected":false},"featured_media":35041,"template":"","meta":{"_acf_changed":false},"pwb-brand":[890],"product_brand":[],"product_cat":[16,865,171],"product_tag":[1008,1009],"class_list":{"0":"post-35027","1":"product","2":"type-product","3":"status-publish","4":"has-post-thumbnail","6":"pwb-brand-louis-vuitton","7":"product_cat-buty","8":"product_cat-louis-vuitton","9":"product_cat-inne","10":"product_tag-kobieta","11":"product_tag-mezczyzna","13":"first","14":"onbackorder","15":"taxable","16":"shipping-taxable","17":"purchasable","18":"product-type-variable","19":"has-default-attributes"},"acf":[],"yoast_head":"<!-- This site is optimized with the Yoast SEO plugin v27.2 - https:\/\/yoast.com\/product\/yoast-seo-wordpress\/ -->\n<title>Louis Vuitton LV Skate Sneaker Marine White - SHEZAMME<\/title>\n<meta name=\"description\" content=\"Louis Vuitton LV Skate Sneaker Marine White | Luksusowe i autentyczne przedmioty w jednym miejscu. B\u0105d\u017a na bie\u017c\u0105co i sprawd\u017a nasz\u0105 ofert\u0119 ju\u017c teraz\" \/>\n<meta name=\"robots\" content=\"index, follow, max-snippet:-1, max-image-preview:large, max-video-preview:-1\" \/>\n<link rel=\"canonical\" href=\"https:\/\/shezamme.com\/en\/sklep\/sneakers-2\/others\/louis-vuitton\/louis-vuitton-lv-skate-sneaker-marine-white\/\" \/>\n<meta property=\"og:locale\" content=\"en_US\" \/>\n<meta property=\"og:type\" content=\"article\" \/>\n<meta property=\"og:title\" content=\"Louis Vuitton LV Skate Sneaker Marine White - SHEZAMME\" \/>\n<meta property=\"og:description\" content=\"Louis Vuitton LV Skate Sneaker Marine White | Luksusowe i autentyczne przedmioty w jednym miejscu. B\u0105d\u017a na bie\u017c\u0105co i sprawd\u017a nasz\u0105 ofert\u0119 ju\u017c teraz\" \/>\n<meta property=\"og:url\" content=\"https:\/\/shezamme.com\/en\/sklep\/sneakers-2\/others\/louis-vuitton\/louis-vuitton-lv-skate-sneaker-marine-white\/\" \/>\n<meta property=\"og:site_name\" content=\"SHEZAMME - Yeezy, Jordan, Supreme i inne oryginalne rzeczy\" \/>\n<meta property=\"article:publisher\" content=\"https:\/\/www.facebook.com\/SHEZAMME\/\" \/>\n<meta property=\"article:modified_time\" content=\"2024-12-31T16:47:48+00:00\" \/>\n<meta property=\"og:image\" content=\"https:\/\/shezamme.com\/wp-content\/uploads\/2023\/10\/IMG_5760.jpg\" \/>\n\t<meta property=\"og:image:width\" content=\"1170\" \/>\n\t<meta property=\"og:image:height\" content=\"1067\" \/>\n\t<meta property=\"og:image:type\" content=\"image\/jpeg\" \/>\n<meta name=\"twitter:card\" content=\"summary_large_image\" \/>\n<meta name=\"twitter:site\" content=\"@SHEZAMME\" \/>\n<meta name=\"twitter:label1\" content=\"Est. reading time\" \/>\n\t<meta name=\"twitter:data1\" content=\"1 minute\" \/>\n<script type=\"application\/ld+json\" class=\"yoast-schema-graph\">{\"@context\":\"https:\/\/schema.org\",\"@graph\":[{\"@type\":\"WebPage\",\"@id\":\"https:\/\/shezamme.com\/sklep\/buty\/inne\/louis-vuitton\/louis-vuitton-lv-skate-sneaker-marine-white\/\",\"url\":\"https:\/\/shezamme.com\/sklep\/buty\/inne\/louis-vuitton\/louis-vuitton-lv-skate-sneaker-marine-white\/\",\"name\":\"Louis Vuitton LV Skate Sneaker Marine White - SHEZAMME\",\"isPartOf\":{\"@id\":\"https:\/\/shezamme.com\/#website\"},\"primaryImageOfPage\":{\"@id\":\"https:\/\/shezamme.com\/sklep\/buty\/inne\/louis-vuitton\/louis-vuitton-lv-skate-sneaker-marine-white\/#primaryimage\"},\"image\":{\"@id\":\"https:\/\/shezamme.com\/sklep\/buty\/inne\/louis-vuitton\/louis-vuitton-lv-skate-sneaker-marine-white\/#primaryimage\"},\"thumbnailUrl\":\"https:\/\/shezamme.com\/wp-content\/uploads\/2023\/10\/IMG_5760.jpg\",\"datePublished\":\"2023-10-17T13:16:24+00:00\",\"dateModified\":\"2024-12-31T16:47:48+00:00\",\"description\":\"Louis Vuitton LV Skate Sneaker Marine White | Luksusowe i autentyczne przedmioty w jednym miejscu. B\u0105d\u017a na bie\u017c\u0105co i sprawd\u017a nasz\u0105 ofert\u0119 ju\u017c teraz\",\"breadcrumb\":{\"@id\":\"https:\/\/shezamme.com\/sklep\/buty\/inne\/louis-vuitton\/louis-vuitton-lv-skate-sneaker-marine-white\/#breadcrumb\"},\"inLanguage\":\"en-US\",\"potentialAction\":[{\"@type\":\"ReadAction\",\"target\":[\"https:\/\/shezamme.com\/sklep\/buty\/inne\/louis-vuitton\/louis-vuitton-lv-skate-sneaker-marine-white\/\"]}]},{\"@type\":\"ImageObject\",\"inLanguage\":\"en-US\",\"@id\":\"https:\/\/shezamme.com\/sklep\/buty\/inne\/louis-vuitton\/louis-vuitton-lv-skate-sneaker-marine-white\/#primaryimage\",\"url\":\"https:\/\/shezamme.com\/wp-content\/uploads\/2023\/10\/IMG_5760.jpg\",\"contentUrl\":\"https:\/\/shezamme.com\/wp-content\/uploads\/2023\/10\/IMG_5760.jpg\",\"width\":1170,\"height\":1067,\"caption\":\"Louis Vuitton LV Skate Sneaker Marine White\"},{\"@type\":\"BreadcrumbList\",\"@id\":\"https:\/\/shezamme.com\/sklep\/buty\/inne\/louis-vuitton\/louis-vuitton-lv-skate-sneaker-marine-white\/#breadcrumb\",\"itemListElement\":[{\"@type\":\"ListItem\",\"position\":1,\"name\":\"Strona g\u0142\u00f3wna\",\"item\":\"https:\/\/shezamme.com\/\"},{\"@type\":\"ListItem\",\"position\":2,\"name\":\"Sklep\",\"item\":\"https:\/\/shezamme.com\/sklep\/\"},{\"@type\":\"ListItem\",\"position\":3,\"name\":\"Louis Vuitton LV Skate Sneaker Marine White\"}]},{\"@type\":\"WebSite\",\"@id\":\"https:\/\/shezamme.com\/#website\",\"url\":\"https:\/\/shezamme.com\/\",\"name\":\"SHEZAMME - Sneakersy, Streetwear i luksusowe marki\",\"description\":\"Oryginalne i ekskluzywne przedmioty w jednym miejscu. Sprawd\u017a nasze produkty ju\u017c teraz i b\u0105d\u017a na bie\u017c\u0105co z wszystkimi premierami.\",\"publisher\":{\"@id\":\"https:\/\/shezamme.com\/#organization\"},\"potentialAction\":[{\"@type\":\"SearchAction\",\"target\":{\"@type\":\"EntryPoint\",\"urlTemplate\":\"https:\/\/shezamme.com\/?s={search_term_string}\"},\"query-input\":{\"@type\":\"PropertyValueSpecification\",\"valueRequired\":true,\"valueName\":\"search_term_string\"}}],\"inLanguage\":\"en-US\"},{\"@type\":\"Organization\",\"@id\":\"https:\/\/shezamme.com\/#organization\",\"name\":\"SHEZAMME - Sneakersy, Streetwear i luksusowe marki\",\"url\":\"https:\/\/shezamme.com\/\",\"logo\":{\"@type\":\"ImageObject\",\"inLanguage\":\"en-US\",\"@id\":\"https:\/\/shezamme.com\/#\/schema\/logo\/image\/\",\"url\":\"https:\/\/shezamme.com\/wp-content\/uploads\/2023\/02\/0x0.png\",\"contentUrl\":\"https:\/\/shezamme.com\/wp-content\/uploads\/2023\/02\/0x0.png\",\"width\":2000,\"height\":2000,\"caption\":\"SHEZAMME - Sneakersy, Streetwear i luksusowe marki\"},\"image\":{\"@id\":\"https:\/\/shezamme.com\/#\/schema\/logo\/image\/\"},\"sameAs\":[\"https:\/\/www.facebook.com\/SHEZAMME\/\",\"https:\/\/x.com\/SHEZAMME\",\"https:\/\/www.instagram.com\/shezamme\/\",\"https:\/\/www.youtube.com\/channel\/UCsTJxi_9fODHdO_1bmJbqvQ\",\"https:\/\/www.tiktok.com\/shezamme.com\"]}]}<\/script>\n<!-- \/ Yoast SEO plugin. -->","yoast_head_json":{"title":"Louis Vuitton LV Skate Sneaker Marine White - SHEZAMME","description":"Louis Vuitton LV Skate Sneaker Marine White | Luksusowe i autentyczne przedmioty w jednym miejscu. B\u0105d\u017a na bie\u017c\u0105co i sprawd\u017a nasz\u0105 ofert\u0119 ju\u017c teraz","robots":{"index":"index","follow":"follow","max-snippet":"max-snippet:-1","max-image-preview":"max-image-preview:large","max-video-preview":"max-video-preview:-1"},"canonical":"https:\/\/shezamme.com\/en\/sklep\/sneakers-2\/others\/louis-vuitton\/louis-vuitton-lv-skate-sneaker-marine-white\/","og_locale":"en_US","og_type":"article","og_title":"Louis Vuitton LV Skate Sneaker Marine White - SHEZAMME","og_description":"Louis Vuitton LV Skate Sneaker Marine White | Luksusowe i autentyczne przedmioty w jednym miejscu. B\u0105d\u017a na bie\u017c\u0105co i sprawd\u017a nasz\u0105 ofert\u0119 ju\u017c teraz","og_url":"https:\/\/shezamme.com\/en\/sklep\/sneakers-2\/others\/louis-vuitton\/louis-vuitton-lv-skate-sneaker-marine-white\/","og_site_name":"SHEZAMME - Yeezy, Jordan, Supreme i inne oryginalne rzeczy","article_publisher":"https:\/\/www.facebook.com\/SHEZAMME\/","article_modified_time":"2024-12-31T16:47:48+00:00","og_image":[{"width":1170,"height":1067,"url":"https:\/\/shezamme.com\/wp-content\/uploads\/2023\/10\/IMG_5760.jpg","type":"image\/jpeg"}],"twitter_card":"summary_large_image","twitter_site":"@SHEZAMME","twitter_misc":{"Est. reading time":"1 minute"},"schema":{"@context":"https:\/\/schema.org","@graph":[{"@type":"WebPage","@id":"https:\/\/shezamme.com\/sklep\/buty\/inne\/louis-vuitton\/louis-vuitton-lv-skate-sneaker-marine-white\/","url":"https:\/\/shezamme.com\/sklep\/buty\/inne\/louis-vuitton\/louis-vuitton-lv-skate-sneaker-marine-white\/","name":"Louis Vuitton LV Skate Sneaker Marine White - SHEZAMME","isPartOf":{"@id":"https:\/\/shezamme.com\/#website"},"primaryImageOfPage":{"@id":"https:\/\/shezamme.com\/sklep\/buty\/inne\/louis-vuitton\/louis-vuitton-lv-skate-sneaker-marine-white\/#primaryimage"},"image":{"@id":"https:\/\/shezamme.com\/sklep\/buty\/inne\/louis-vuitton\/louis-vuitton-lv-skate-sneaker-marine-white\/#primaryimage"},"thumbnailUrl":"https:\/\/shezamme.com\/wp-content\/uploads\/2023\/10\/IMG_5760.jpg","datePublished":"2023-10-17T13:16:24+00:00","dateModified":"2024-12-31T16:47:48+00:00","description":"Louis Vuitton LV Skate Sneaker Marine White | Luksusowe i autentyczne przedmioty w jednym miejscu. B\u0105d\u017a na bie\u017c\u0105co i sprawd\u017a nasz\u0105 ofert\u0119 ju\u017c teraz","breadcrumb":{"@id":"https:\/\/shezamme.com\/sklep\/buty\/inne\/louis-vuitton\/louis-vuitton-lv-skate-sneaker-marine-white\/#breadcrumb"},"inLanguage":"en-US","potentialAction":[{"@type":"ReadAction","target":["https:\/\/shezamme.com\/sklep\/buty\/inne\/louis-vuitton\/louis-vuitton-lv-skate-sneaker-marine-white\/"]}]},{"@type":"ImageObject","inLanguage":"en-US","@id":"https:\/\/shezamme.com\/sklep\/buty\/inne\/louis-vuitton\/louis-vuitton-lv-skate-sneaker-marine-white\/#primaryimage","url":"https:\/\/shezamme.com\/wp-content\/uploads\/2023\/10\/IMG_5760.jpg","contentUrl":"https:\/\/shezamme.com\/wp-content\/uploads\/2023\/10\/IMG_5760.jpg","width":1170,"height":1067,"caption":"Louis Vuitton LV Skate Sneaker Marine White"},{"@type":"BreadcrumbList","@id":"https:\/\/shezamme.com\/sklep\/buty\/inne\/louis-vuitton\/louis-vuitton-lv-skate-sneaker-marine-white\/#breadcrumb","itemListElement":[{"@type":"ListItem","position":1,"name":"Strona g\u0142\u00f3wna","item":"https:\/\/shezamme.com\/"},{"@type":"ListItem","position":2,"name":"Sklep","item":"https:\/\/shezamme.com\/sklep\/"},{"@type":"ListItem","position":3,"name":"Louis Vuitton LV Skate Sneaker Marine White"}]},{"@type":"WebSite","@id":"https:\/\/shezamme.com\/#website","url":"https:\/\/shezamme.com\/","name":"SHEZAMME - Sneakers, Streetwear and luxury brands","description":"Original and exclusive items in one place. Check out our products now and stay up to date with all launches.","publisher":{"@id":"https:\/\/shezamme.com\/#organization"},"potentialAction":[{"@type":"SearchAction","target":{"@type":"EntryPoint","urlTemplate":"https:\/\/shezamme.com\/?s={search_term_string}"},"query-input":{"@type":"PropertyValueSpecification","valueRequired":true,"valueName":"search_term_string"}}],"inLanguage":"en-US"},{"@type":"Organization","@id":"https:\/\/shezamme.com\/#organization","name":"SHEZAMME - Sneakers, Streetwear and luxury brands","url":"https:\/\/shezamme.com\/","logo":{"@type":"ImageObject","inLanguage":"en-US","@id":"https:\/\/shezamme.com\/#\/schema\/logo\/image\/","url":"https:\/\/shezamme.com\/wp-content\/uploads\/2023\/02\/0x0.png","contentUrl":"https:\/\/shezamme.com\/wp-content\/uploads\/2023\/02\/0x0.png","width":2000,"height":2000,"caption":"SHEZAMME - Sneakersy, Streetwear i luksusowe marki"},"image":{"@id":"https:\/\/shezamme.com\/#\/schema\/logo\/image\/"},"sameAs":["https:\/\/www.facebook.com\/SHEZAMME\/","https:\/\/x.com\/SHEZAMME","https:\/\/www.instagram.com\/shezamme\/","https:\/\/www.youtube.com\/channel\/UCsTJxi_9fODHdO_1bmJbqvQ","https:\/\/www.tiktok.com\/shezamme.com"]}]}},"brands":[{"id":890,"name":"Louis Vuitton","slug":"louis-vuitton"}],"_links":{"self":[{"href":"https:\/\/shezamme.com\/en\/wp-json\/wp\/v2\/product\/35027","targetHints":{"allow":["GET"]}}],"collection":[{"href":"https:\/\/shezamme.com\/en\/wp-json\/wp\/v2\/product"}],"about":[{"href":"https:\/\/shezamme.com\/en\/wp-json\/wp\/v2\/types\/product"}],"wp:featuredmedia":[{"embeddable":true,"href":"https:\/\/shezamme.com\/en\/wp-json\/wp\/v2\/media\/35041"}],"wp:attachment":[{"href":"https:\/\/shezamme.com\/en\/wp-json\/wp\/v2\/media?parent=35027"}],"wp:term":[{"taxonomy":"pwb-brand","embeddable":true,"href":"https:\/\/shezamme.com\/en\/wp-json\/wp\/v2\/pwb-brand?post=35027"},{"taxonomy":"product_brand","embeddable":true,"href":"https:\/\/shezamme.com\/en\/wp-json\/wp\/v2\/product_brand?post=35027"},{"taxonomy":"product_cat","embeddable":true,"href":"https:\/\/shezamme.com\/en\/wp-json\/wp\/v2\/product_cat?post=35027"},{"taxonomy":"product_tag","embeddable":true,"href":"https:\/\/shezamme.com\/en\/wp-json\/wp\/v2\/product_tag?post=35027"}],"curies":[{"name":"wp","href":"https:\/\/api.w.org\/{rel}","templated":true}]}}