{"id":34355,"date":"2023-10-06T15:50:32","date_gmt":"2023-10-06T13:50:32","guid":{"rendered":"https:\/\/shezamme.com\/?post_type=product&#038;p=34355"},"modified":"2025-03-18T20:06:56","modified_gmt":"2025-03-18T19:06:56","slug":"nike-zoom-kobe-4-proto-mambacita","status":"publish","type":"product","link":"https:\/\/shezamme.com\/en\/sklep\/buty\/nike\/buty-nike-kobe\/nike-zoom-kobe-4-proto-mambacita\/","title":{"rendered":"Nike Zoom Kobe 4 Proto Mambacita"},"content":{"rendered":"<h2 data-start=\"0\" data-end=\"50\">Ho\u0142d dla Mambacity i dziedzictwa Kobe Bryanta<\/h2>\n<p data-start=\"52\" data-end=\"294\">Nike Zoom Kobe 4 Protro \u201eMambacita\u201d to wyj\u0105tkowa edycja upami\u0119tniaj\u0105ca Giann\u0119 Bryant i jej pasj\u0119 do koszyk\u00f3wki. Bia\u0142a sk\u00f3rzana cholewka z czarno-z\u0142otymi akcentami symbolizuje elegancj\u0119 i determinacj\u0119, a numer \u201e2\u201d na pi\u0119cie oddaje ho\u0142d Gigi.<\/p>\n<h2 data-start=\"296\" data-end=\"333\">Technologia i symbolika w jednym<\/h2>\n<p data-start=\"335\" data-end=\"578\" data-is-last-node=\"\" data-is-only-node=\"\">Gumowa podeszwa z amortyzacj\u0105 Zoom Air zapewnia dynamiczne wsparcie na parkiecie, a logo \u201eMambacita\u201d na wk\u0142adkach podkre\u015bla g\u0142\u0119bokie znaczenie tego modelu. To wi\u0119cej ni\u017c buty \u2013 to dziedzictwo legendy, stworzone dla tych, kt\u00f3rzy graj\u0105 z sercem.<\/p>","protected":false},"excerpt":{"rendered":"<h2><span style=\"font-size: 28px\">Dziedzictwo Mambacity w limitowanej edycji<\/span><\/h2>\n<article class=\"group\/turn w-full text-token-text-primary focus-visible:outline-2 focus-visible:outline-offset-[-4px]\" dir=\"auto\" data-testid=\"conversation-turn-164\" data-scroll-anchor=\"true\">\n<div class=\"text-base my-auto mx-auto py-[18px] px-6\">\n<div class=\"mx-auto flex flex-1 text-base gap-4 md:gap-5 lg:gap-6 md:max-w-3xl lg:max-w-[40rem] xl:max-w-[48rem]\">\n<div class=\"group\/conversation-turn relative flex w-full min-w-0 flex-col agent-turn @xs\/thread:px-0 @sm\/thread:px-1.5 @md\/thread:px-4\">\n<div class=\"flex-col gap-1 md:gap-3\">\n<div class=\"flex max-w-full flex-col flex-grow\">\n<div class=\"min-h-8 text-message relative flex w-full flex-col items-end gap-2 whitespace-normal break-words text-start [.text-message+&amp;]:mt-5\" dir=\"auto\" data-message-author-role=\"assistant\" data-message-id=\"1e4ff6e2-bb3b-45a4-80dd-8086748e526d\" data-message-model-slug=\"gpt-4o\">\n<div class=\"flex w-full flex-col gap-1 empty:hidden first:pt-[3px]\">\n<div class=\"markdown prose w-full break-words dark:prose-invert light\">\n<p data-start=\"49\" data-end=\"413\" data-is-last-node=\"\" data-is-only-node=\"\">Nike Zoom Kobe 4 Protro \u201eMambacita\u201d to wyj\u0105tkowy model upami\u0119tniaj\u0105cy Giann\u0119 Bryant i jej pasj\u0119 do koszyk\u00f3wki. Bia\u0142a sk\u00f3rzana cholewka z czarno-z\u0142otymi detalami, numer \u201e2\u201d na pi\u0119cie oraz logo \u201eMambacita\u201d na wk\u0142adkach podkre\u015blaj\u0105 symboliczne znaczenie tej edycji. Dzi\u0119ki technologii Zoom Air buty zapewniaj\u0105 dynamiczn\u0105 amortyzacj\u0119 i doskona\u0142e wsparcie na parkiecie.<\/p>\n<\/div>\n<\/div>\n<\/div>\n<\/div>\n<\/div>\n<\/div>\n<\/div>\n<\/div>\n<\/article>\n","protected":false},"featured_media":71622,"template":"","meta":{"_acf_changed":false},"pwb-brand":[756],"product_brand":[],"product_cat":[16,955,93],"product_tag":[1008,1009],"class_list":{"0":"post-34355","1":"product","2":"type-product","3":"status-publish","4":"has-post-thumbnail","6":"pwb-brand-nike","7":"product_cat-buty","8":"product_cat-buty-nike-kobe","9":"product_cat-nike","10":"product_tag-kobieta","11":"product_tag-mezczyzna","13":"first","14":"onbackorder","15":"taxable","16":"shipping-taxable","17":"purchasable","18":"product-type-variable","19":"has-default-attributes"},"acf":[],"yoast_head":"<!-- This site is optimized with the Yoast SEO plugin v27.2 - https:\/\/yoast.com\/product\/yoast-seo-wordpress\/ -->\n<title>Nike Zoom Kobe 4 Proto Mambacita - SHEZAMME<\/title>\n<meta name=\"description\" content=\"Nike Zoom Kobe 4 Proto Mambacita | Luksusowe i autentyczne przedmioty w jednym miejscu. B\u0105d\u017a na bie\u017c\u0105co i sprawd\u017a nasz\u0105 ofert\u0119 ju\u017c teraz\" \/>\n<meta name=\"robots\" content=\"index, follow, max-snippet:-1, max-image-preview:large, max-video-preview:-1\" \/>\n<link rel=\"canonical\" href=\"https:\/\/shezamme.com\/en\/sklep\/sneakers-2\/nike\/sneakers-nike-kobe\/nike-zoom-kobe-4-proto-mambacita\/\" \/>\n<meta property=\"og:locale\" content=\"en_US\" \/>\n<meta property=\"og:type\" content=\"article\" \/>\n<meta property=\"og:title\" content=\"Nike Zoom Kobe 4 Proto Mambacita - SHEZAMME\" \/>\n<meta property=\"og:description\" content=\"Nike Zoom Kobe 4 Proto Mambacita | Luksusowe i autentyczne przedmioty w jednym miejscu. B\u0105d\u017a na bie\u017c\u0105co i sprawd\u017a nasz\u0105 ofert\u0119 ju\u017c teraz\" \/>\n<meta property=\"og:url\" content=\"https:\/\/shezamme.com\/en\/sklep\/sneakers-2\/nike\/sneakers-nike-kobe\/nike-zoom-kobe-4-proto-mambacita\/\" \/>\n<meta property=\"og:site_name\" content=\"SHEZAMME - Yeezy, Jordan, Supreme i inne oryginalne rzeczy\" \/>\n<meta property=\"article:publisher\" content=\"https:\/\/www.facebook.com\/SHEZAMME\/\" \/>\n<meta property=\"article:modified_time\" content=\"2025-03-18T19:06:56+00:00\" \/>\n<meta property=\"og:image\" content=\"https:\/\/shezamme.com\/wp-content\/uploads\/2023\/10\/Nowy-projekt-2024-05-09T114231.237.webp\" \/>\n\t<meta property=\"og:image:width\" content=\"800\" \/>\n\t<meta property=\"og:image:height\" content=\"800\" \/>\n\t<meta property=\"og:image:type\" content=\"image\/webp\" \/>\n<meta name=\"twitter:card\" content=\"summary_large_image\" \/>\n<meta name=\"twitter:site\" content=\"@SHEZAMME\" \/>\n<script type=\"application\/ld+json\" class=\"yoast-schema-graph\">{\"@context\":\"https:\/\/schema.org\",\"@graph\":[{\"@type\":\"WebPage\",\"@id\":\"https:\/\/shezamme.com\/sklep\/buty\/nike\/buty-nike-kobe\/nike-zoom-kobe-4-proto-mambacita\/\",\"url\":\"https:\/\/shezamme.com\/sklep\/buty\/nike\/buty-nike-kobe\/nike-zoom-kobe-4-proto-mambacita\/\",\"name\":\"Nike Zoom Kobe 4 Proto Mambacita - SHEZAMME\",\"isPartOf\":{\"@id\":\"https:\/\/shezamme.com\/#website\"},\"primaryImageOfPage\":{\"@id\":\"https:\/\/shezamme.com\/sklep\/buty\/nike\/buty-nike-kobe\/nike-zoom-kobe-4-proto-mambacita\/#primaryimage\"},\"image\":{\"@id\":\"https:\/\/shezamme.com\/sklep\/buty\/nike\/buty-nike-kobe\/nike-zoom-kobe-4-proto-mambacita\/#primaryimage\"},\"thumbnailUrl\":\"https:\/\/shezamme.com\/wp-content\/uploads\/2023\/10\/Nowy-projekt-2024-05-09T114231.237.webp\",\"datePublished\":\"2023-10-06T13:50:32+00:00\",\"dateModified\":\"2025-03-18T19:06:56+00:00\",\"description\":\"Nike Zoom Kobe 4 Proto Mambacita | Luksusowe i autentyczne przedmioty w jednym miejscu. B\u0105d\u017a na bie\u017c\u0105co i sprawd\u017a nasz\u0105 ofert\u0119 ju\u017c teraz\",\"breadcrumb\":{\"@id\":\"https:\/\/shezamme.com\/sklep\/buty\/nike\/buty-nike-kobe\/nike-zoom-kobe-4-proto-mambacita\/#breadcrumb\"},\"inLanguage\":\"en-US\",\"potentialAction\":[{\"@type\":\"ReadAction\",\"target\":[\"https:\/\/shezamme.com\/sklep\/buty\/nike\/buty-nike-kobe\/nike-zoom-kobe-4-proto-mambacita\/\"]}]},{\"@type\":\"ImageObject\",\"inLanguage\":\"en-US\",\"@id\":\"https:\/\/shezamme.com\/sklep\/buty\/nike\/buty-nike-kobe\/nike-zoom-kobe-4-proto-mambacita\/#primaryimage\",\"url\":\"https:\/\/shezamme.com\/wp-content\/uploads\/2023\/10\/Nowy-projekt-2024-05-09T114231.237.webp\",\"contentUrl\":\"https:\/\/shezamme.com\/wp-content\/uploads\/2023\/10\/Nowy-projekt-2024-05-09T114231.237.webp\",\"width\":800,\"height\":800,\"caption\":\"Nike Zoom Kobe 4 Protro Mambacita\"},{\"@type\":\"BreadcrumbList\",\"@id\":\"https:\/\/shezamme.com\/sklep\/buty\/nike\/buty-nike-kobe\/nike-zoom-kobe-4-proto-mambacita\/#breadcrumb\",\"itemListElement\":[{\"@type\":\"ListItem\",\"position\":1,\"name\":\"Strona g\u0142\u00f3wna\",\"item\":\"https:\/\/shezamme.com\/\"},{\"@type\":\"ListItem\",\"position\":2,\"name\":\"Sklep\",\"item\":\"https:\/\/shezamme.com\/sklep\/\"},{\"@type\":\"ListItem\",\"position\":3,\"name\":\"Nike Zoom Kobe 4 Proto Mambacita\"}]},{\"@type\":\"WebSite\",\"@id\":\"https:\/\/shezamme.com\/#website\",\"url\":\"https:\/\/shezamme.com\/\",\"name\":\"SHEZAMME - Sneakersy, Streetwear i luksusowe marki\",\"description\":\"Oryginalne i ekskluzywne przedmioty w jednym miejscu. Sprawd\u017a nasze produkty ju\u017c teraz i b\u0105d\u017a na bie\u017c\u0105co z wszystkimi premierami.\",\"publisher\":{\"@id\":\"https:\/\/shezamme.com\/#organization\"},\"potentialAction\":[{\"@type\":\"SearchAction\",\"target\":{\"@type\":\"EntryPoint\",\"urlTemplate\":\"https:\/\/shezamme.com\/?s={search_term_string}\"},\"query-input\":{\"@type\":\"PropertyValueSpecification\",\"valueRequired\":true,\"valueName\":\"search_term_string\"}}],\"inLanguage\":\"en-US\"},{\"@type\":\"Organization\",\"@id\":\"https:\/\/shezamme.com\/#organization\",\"name\":\"SHEZAMME - Sneakersy, Streetwear i luksusowe marki\",\"url\":\"https:\/\/shezamme.com\/\",\"logo\":{\"@type\":\"ImageObject\",\"inLanguage\":\"en-US\",\"@id\":\"https:\/\/shezamme.com\/#\/schema\/logo\/image\/\",\"url\":\"https:\/\/shezamme.com\/wp-content\/uploads\/2023\/02\/0x0.png\",\"contentUrl\":\"https:\/\/shezamme.com\/wp-content\/uploads\/2023\/02\/0x0.png\",\"width\":2000,\"height\":2000,\"caption\":\"SHEZAMME - Sneakersy, Streetwear i luksusowe marki\"},\"image\":{\"@id\":\"https:\/\/shezamme.com\/#\/schema\/logo\/image\/\"},\"sameAs\":[\"https:\/\/www.facebook.com\/SHEZAMME\/\",\"https:\/\/x.com\/SHEZAMME\",\"https:\/\/www.instagram.com\/shezamme\/\",\"https:\/\/www.youtube.com\/channel\/UCsTJxi_9fODHdO_1bmJbqvQ\",\"https:\/\/www.tiktok.com\/shezamme.com\"]}]}<\/script>\n<!-- \/ Yoast SEO plugin. -->","yoast_head_json":{"title":"Nike Zoom Kobe 4 Proto Mambacita - SHEZAMME","description":"Nike Zoom Kobe 4 Proto Mambacita | Luksusowe i autentyczne przedmioty w jednym miejscu. B\u0105d\u017a na bie\u017c\u0105co i sprawd\u017a nasz\u0105 ofert\u0119 ju\u017c teraz","robots":{"index":"index","follow":"follow","max-snippet":"max-snippet:-1","max-image-preview":"max-image-preview:large","max-video-preview":"max-video-preview:-1"},"canonical":"https:\/\/shezamme.com\/en\/sklep\/sneakers-2\/nike\/sneakers-nike-kobe\/nike-zoom-kobe-4-proto-mambacita\/","og_locale":"en_US","og_type":"article","og_title":"Nike Zoom Kobe 4 Proto Mambacita - SHEZAMME","og_description":"Nike Zoom Kobe 4 Proto Mambacita | Luksusowe i autentyczne przedmioty w jednym miejscu. B\u0105d\u017a na bie\u017c\u0105co i sprawd\u017a nasz\u0105 ofert\u0119 ju\u017c teraz","og_url":"https:\/\/shezamme.com\/en\/sklep\/sneakers-2\/nike\/sneakers-nike-kobe\/nike-zoom-kobe-4-proto-mambacita\/","og_site_name":"SHEZAMME - Yeezy, Jordan, Supreme i inne oryginalne rzeczy","article_publisher":"https:\/\/www.facebook.com\/SHEZAMME\/","article_modified_time":"2025-03-18T19:06:56+00:00","og_image":[{"width":800,"height":800,"url":"https:\/\/shezamme.com\/wp-content\/uploads\/2023\/10\/Nowy-projekt-2024-05-09T114231.237.webp","type":"image\/webp"}],"twitter_card":"summary_large_image","twitter_site":"@SHEZAMME","schema":{"@context":"https:\/\/schema.org","@graph":[{"@type":"WebPage","@id":"https:\/\/shezamme.com\/sklep\/buty\/nike\/buty-nike-kobe\/nike-zoom-kobe-4-proto-mambacita\/","url":"https:\/\/shezamme.com\/sklep\/buty\/nike\/buty-nike-kobe\/nike-zoom-kobe-4-proto-mambacita\/","name":"Nike Zoom Kobe 4 Proto Mambacita - SHEZAMME","isPartOf":{"@id":"https:\/\/shezamme.com\/#website"},"primaryImageOfPage":{"@id":"https:\/\/shezamme.com\/sklep\/buty\/nike\/buty-nike-kobe\/nike-zoom-kobe-4-proto-mambacita\/#primaryimage"},"image":{"@id":"https:\/\/shezamme.com\/sklep\/buty\/nike\/buty-nike-kobe\/nike-zoom-kobe-4-proto-mambacita\/#primaryimage"},"thumbnailUrl":"https:\/\/shezamme.com\/wp-content\/uploads\/2023\/10\/Nowy-projekt-2024-05-09T114231.237.webp","datePublished":"2023-10-06T13:50:32+00:00","dateModified":"2025-03-18T19:06:56+00:00","description":"Nike Zoom Kobe 4 Proto Mambacita | Luksusowe i autentyczne przedmioty w jednym miejscu. B\u0105d\u017a na bie\u017c\u0105co i sprawd\u017a nasz\u0105 ofert\u0119 ju\u017c teraz","breadcrumb":{"@id":"https:\/\/shezamme.com\/sklep\/buty\/nike\/buty-nike-kobe\/nike-zoom-kobe-4-proto-mambacita\/#breadcrumb"},"inLanguage":"en-US","potentialAction":[{"@type":"ReadAction","target":["https:\/\/shezamme.com\/sklep\/buty\/nike\/buty-nike-kobe\/nike-zoom-kobe-4-proto-mambacita\/"]}]},{"@type":"ImageObject","inLanguage":"en-US","@id":"https:\/\/shezamme.com\/sklep\/buty\/nike\/buty-nike-kobe\/nike-zoom-kobe-4-proto-mambacita\/#primaryimage","url":"https:\/\/shezamme.com\/wp-content\/uploads\/2023\/10\/Nowy-projekt-2024-05-09T114231.237.webp","contentUrl":"https:\/\/shezamme.com\/wp-content\/uploads\/2023\/10\/Nowy-projekt-2024-05-09T114231.237.webp","width":800,"height":800,"caption":"Nike Zoom Kobe 4 Protro Mambacita"},{"@type":"BreadcrumbList","@id":"https:\/\/shezamme.com\/sklep\/buty\/nike\/buty-nike-kobe\/nike-zoom-kobe-4-proto-mambacita\/#breadcrumb","itemListElement":[{"@type":"ListItem","position":1,"name":"Strona g\u0142\u00f3wna","item":"https:\/\/shezamme.com\/"},{"@type":"ListItem","position":2,"name":"Sklep","item":"https:\/\/shezamme.com\/sklep\/"},{"@type":"ListItem","position":3,"name":"Nike Zoom Kobe 4 Proto Mambacita"}]},{"@type":"WebSite","@id":"https:\/\/shezamme.com\/#website","url":"https:\/\/shezamme.com\/","name":"SHEZAMME - Sneakers, Streetwear and luxury brands","description":"Original and exclusive items in one place. Check out our products now and stay up to date with all launches.","publisher":{"@id":"https:\/\/shezamme.com\/#organization"},"potentialAction":[{"@type":"SearchAction","target":{"@type":"EntryPoint","urlTemplate":"https:\/\/shezamme.com\/?s={search_term_string}"},"query-input":{"@type":"PropertyValueSpecification","valueRequired":true,"valueName":"search_term_string"}}],"inLanguage":"en-US"},{"@type":"Organization","@id":"https:\/\/shezamme.com\/#organization","name":"SHEZAMME - Sneakers, Streetwear and luxury brands","url":"https:\/\/shezamme.com\/","logo":{"@type":"ImageObject","inLanguage":"en-US","@id":"https:\/\/shezamme.com\/#\/schema\/logo\/image\/","url":"https:\/\/shezamme.com\/wp-content\/uploads\/2023\/02\/0x0.png","contentUrl":"https:\/\/shezamme.com\/wp-content\/uploads\/2023\/02\/0x0.png","width":2000,"height":2000,"caption":"SHEZAMME - Sneakersy, Streetwear i luksusowe marki"},"image":{"@id":"https:\/\/shezamme.com\/#\/schema\/logo\/image\/"},"sameAs":["https:\/\/www.facebook.com\/SHEZAMME\/","https:\/\/x.com\/SHEZAMME","https:\/\/www.instagram.com\/shezamme\/","https:\/\/www.youtube.com\/channel\/UCsTJxi_9fODHdO_1bmJbqvQ","https:\/\/www.tiktok.com\/shezamme.com"]}]}},"brands":[{"id":756,"name":"Nike","slug":"nike"}],"_links":{"self":[{"href":"https:\/\/shezamme.com\/en\/wp-json\/wp\/v2\/product\/34355","targetHints":{"allow":["GET"]}}],"collection":[{"href":"https:\/\/shezamme.com\/en\/wp-json\/wp\/v2\/product"}],"about":[{"href":"https:\/\/shezamme.com\/en\/wp-json\/wp\/v2\/types\/product"}],"wp:featuredmedia":[{"embeddable":true,"href":"https:\/\/shezamme.com\/en\/wp-json\/wp\/v2\/media\/71622"}],"wp:attachment":[{"href":"https:\/\/shezamme.com\/en\/wp-json\/wp\/v2\/media?parent=34355"}],"wp:term":[{"taxonomy":"pwb-brand","embeddable":true,"href":"https:\/\/shezamme.com\/en\/wp-json\/wp\/v2\/pwb-brand?post=34355"},{"taxonomy":"product_brand","embeddable":true,"href":"https:\/\/shezamme.com\/en\/wp-json\/wp\/v2\/product_brand?post=34355"},{"taxonomy":"product_cat","embeddable":true,"href":"https:\/\/shezamme.com\/en\/wp-json\/wp\/v2\/product_cat?post=34355"},{"taxonomy":"product_tag","embeddable":true,"href":"https:\/\/shezamme.com\/en\/wp-json\/wp\/v2\/product_tag?post=34355"}],"curies":[{"name":"wp","href":"https:\/\/api.w.org\/{rel}","templated":true}]}}