{"id":34336,"date":"2023-10-06T15:22:02","date_gmt":"2023-10-06T13:22:02","guid":{"rendered":"https:\/\/shezamme.com\/?post_type=product&#038;p=34336"},"modified":"2026-01-23T13:17:39","modified_gmt":"2026-01-23T12:17:39","slug":"nike-kobe-8-protro-halo","status":"publish","type":"product","link":"https:\/\/shezamme.com\/en\/sklep\/buty\/nike\/buty-nike-kobe\/nike-kobe-8-protro-halo\/","title":{"rendered":"Nike Kobe 8 Protro Halo"},"content":{"rendered":"<h2 data-start=\"0\" data-end=\"49\">Ho\u0142d dla legendy w monochromatycznym wydaniu<\/h2>\n<p data-start=\"51\" data-end=\"368\">Nike Kobe 8 Protro \u201eHalo\u201d to minimalistyczna, a zarazem symboliczna edycja upami\u0119tniaj\u0105ca dziedzictwo Kobe Bryanta. Ca\u0142kowicie bia\u0142a, siateczkowa cholewka Engineered Mesh zapewnia lekko\u015b\u0107 i wentylacj\u0119, a subtelne logo \u201eSheath\u201d na j\u0119zyku oraz haftowane inicja\u0142y Kobe na pi\u0119cie podkre\u015blaj\u0105 elegancki charakter modelu.<\/p>\n<h2 data-start=\"370\" data-end=\"415\">Maksymalna wydajno\u015b\u0107 i komfort na boisku<\/h2>\n<p data-start=\"417\" data-end=\"653\" data-is-last-node=\"\" data-is-only-node=\"\">Pe\u0142nowymiarowa poduszka Zoom Air w gumowej podeszwie gwarantuje dynamiczn\u0105 amortyzacj\u0119 i responsywno\u015b\u0107, zapewniaj\u0105c idealne wsparcie podczas gry. Limitowana edycja \u201eHalo\u201d to po\u0142\u0105czenie prostoty, symboliki i najwy\u017cszej jako\u015bci wykonania.<\/p>","protected":false},"excerpt":{"rendered":"<h2 data-start=\"0\" data-end=\"51\">Minimalizm i ho\u0142d dla dziedzictwa Kobe Bryanta<\/h2>\n<p data-start=\"53\" data-end=\"335\" data-is-last-node=\"\" data-is-only-node=\"\">Nike Kobe 8 Protro \u201eHalo\u201d to elegancka, monochromatyczna edycja upami\u0119tniaj\u0105ca legend\u0119 koszyk\u00f3wki. Lekka siateczkowa cholewka w czystej bieli zapewnia przewiewno\u015b\u0107, a pe\u0142nowymiarowa poduszka Zoom Air gwarantuje dynamiczn\u0105 amortyzacj\u0119, \u0142\u0105cz\u0105c styl z maksymaln\u0105 wydajno\u015bci\u0105 na boisku.<\/p>","protected":false},"featured_media":34352,"template":"","meta":{"_acf_changed":false},"pwb-brand":[756],"product_brand":[],"product_cat":[16,955,93],"product_tag":[1008,1009],"class_list":{"0":"post-34336","1":"product","2":"type-product","3":"status-publish","4":"has-post-thumbnail","6":"pwb-brand-nike","7":"product_cat-buty","8":"product_cat-buty-nike-kobe","9":"product_cat-nike","10":"product_tag-kobieta","11":"product_tag-mezczyzna","13":"first","14":"onbackorder","15":"taxable","16":"shipping-taxable","17":"purchasable","18":"product-type-variable","19":"has-default-attributes"},"acf":[],"yoast_head":"<!-- This site is optimized with the Yoast SEO plugin v27.2 - https:\/\/yoast.com\/product\/yoast-seo-wordpress\/ -->\n<title>Nike Kobe 8 Protro Halo - SHEZAMME<\/title>\n<meta name=\"description\" content=\"Nike Kobe 8 Protro Halo | Luksusowe i autentyczne przedmioty w jednym miejscu. B\u0105d\u017a na bie\u017c\u0105co i sprawd\u017a nasz\u0105 ofert\u0119 ju\u017c teraz\" \/>\n<meta name=\"robots\" content=\"index, follow, max-snippet:-1, max-image-preview:large, max-video-preview:-1\" \/>\n<link rel=\"canonical\" href=\"https:\/\/shezamme.com\/en\/sklep\/sneakers-2\/nike\/sneakers-nike-kobe\/nike-kobe-8-protro-halo\/\" \/>\n<meta property=\"og:locale\" content=\"en_US\" \/>\n<meta property=\"og:type\" content=\"article\" \/>\n<meta property=\"og:title\" content=\"Nike Kobe 8 Protro Halo - SHEZAMME\" \/>\n<meta property=\"og:description\" content=\"Nike Kobe 8 Protro Halo | Luksusowe i autentyczne przedmioty w jednym miejscu. B\u0105d\u017a na bie\u017c\u0105co i sprawd\u017a nasz\u0105 ofert\u0119 ju\u017c teraz\" \/>\n<meta property=\"og:url\" content=\"https:\/\/shezamme.com\/en\/sklep\/sneakers-2\/nike\/sneakers-nike-kobe\/nike-kobe-8-protro-halo\/\" \/>\n<meta property=\"og:site_name\" content=\"SHEZAMME - Yeezy, Jordan, Supreme i inne oryginalne rzeczy\" \/>\n<meta property=\"article:publisher\" content=\"https:\/\/www.facebook.com\/SHEZAMME\/\" \/>\n<meta property=\"article:modified_time\" content=\"2026-01-23T12:17:39+00:00\" \/>\n<meta property=\"og:image\" content=\"https:\/\/shezamme.com\/wp-content\/uploads\/2023\/10\/IMG_5326-2.jpg\" \/>\n\t<meta property=\"og:image:width\" content=\"1170\" \/>\n\t<meta property=\"og:image:height\" content=\"1016\" \/>\n\t<meta property=\"og:image:type\" content=\"image\/jpeg\" \/>\n<meta name=\"twitter:card\" content=\"summary_large_image\" \/>\n<meta name=\"twitter:site\" content=\"@SHEZAMME\" \/>\n<script type=\"application\/ld+json\" class=\"yoast-schema-graph\">{\"@context\":\"https:\/\/schema.org\",\"@graph\":[{\"@type\":\"WebPage\",\"@id\":\"https:\/\/shezamme.com\/sklep\/buty\/nike\/buty-nike-kobe\/nike-kobe-8-protro-halo\/\",\"url\":\"https:\/\/shezamme.com\/sklep\/buty\/nike\/buty-nike-kobe\/nike-kobe-8-protro-halo\/\",\"name\":\"Nike Kobe 8 Protro Halo - SHEZAMME\",\"isPartOf\":{\"@id\":\"https:\/\/shezamme.com\/#website\"},\"primaryImageOfPage\":{\"@id\":\"https:\/\/shezamme.com\/sklep\/buty\/nike\/buty-nike-kobe\/nike-kobe-8-protro-halo\/#primaryimage\"},\"image\":{\"@id\":\"https:\/\/shezamme.com\/sklep\/buty\/nike\/buty-nike-kobe\/nike-kobe-8-protro-halo\/#primaryimage\"},\"thumbnailUrl\":\"https:\/\/shezamme.com\/wp-content\/uploads\/2023\/10\/IMG_5326-2.jpg\",\"datePublished\":\"2023-10-06T13:22:02+00:00\",\"dateModified\":\"2026-01-23T12:17:39+00:00\",\"description\":\"Nike Kobe 8 Protro Halo | Luksusowe i autentyczne przedmioty w jednym miejscu. B\u0105d\u017a na bie\u017c\u0105co i sprawd\u017a nasz\u0105 ofert\u0119 ju\u017c teraz\",\"breadcrumb\":{\"@id\":\"https:\/\/shezamme.com\/sklep\/buty\/nike\/buty-nike-kobe\/nike-kobe-8-protro-halo\/#breadcrumb\"},\"inLanguage\":\"en-US\",\"potentialAction\":[{\"@type\":\"ReadAction\",\"target\":[\"https:\/\/shezamme.com\/sklep\/buty\/nike\/buty-nike-kobe\/nike-kobe-8-protro-halo\/\"]}]},{\"@type\":\"ImageObject\",\"inLanguage\":\"en-US\",\"@id\":\"https:\/\/shezamme.com\/sklep\/buty\/nike\/buty-nike-kobe\/nike-kobe-8-protro-halo\/#primaryimage\",\"url\":\"https:\/\/shezamme.com\/wp-content\/uploads\/2023\/10\/IMG_5326-2.jpg\",\"contentUrl\":\"https:\/\/shezamme.com\/wp-content\/uploads\/2023\/10\/IMG_5326-2.jpg\",\"width\":1170,\"height\":1016,\"caption\":\"Nike Kobe 8 Protro Halo\"},{\"@type\":\"BreadcrumbList\",\"@id\":\"https:\/\/shezamme.com\/sklep\/buty\/nike\/buty-nike-kobe\/nike-kobe-8-protro-halo\/#breadcrumb\",\"itemListElement\":[{\"@type\":\"ListItem\",\"position\":1,\"name\":\"Strona g\u0142\u00f3wna\",\"item\":\"https:\/\/shezamme.com\/\"},{\"@type\":\"ListItem\",\"position\":2,\"name\":\"Sklep\",\"item\":\"https:\/\/shezamme.com\/sklep\/\"},{\"@type\":\"ListItem\",\"position\":3,\"name\":\"Nike Kobe 8 Protro Halo\"}]},{\"@type\":\"WebSite\",\"@id\":\"https:\/\/shezamme.com\/#website\",\"url\":\"https:\/\/shezamme.com\/\",\"name\":\"SHEZAMME - Sneakersy, Streetwear i luksusowe marki\",\"description\":\"Oryginalne i ekskluzywne przedmioty w jednym miejscu. Sprawd\u017a nasze produkty ju\u017c teraz i b\u0105d\u017a na bie\u017c\u0105co z wszystkimi premierami.\",\"publisher\":{\"@id\":\"https:\/\/shezamme.com\/#organization\"},\"potentialAction\":[{\"@type\":\"SearchAction\",\"target\":{\"@type\":\"EntryPoint\",\"urlTemplate\":\"https:\/\/shezamme.com\/?s={search_term_string}\"},\"query-input\":{\"@type\":\"PropertyValueSpecification\",\"valueRequired\":true,\"valueName\":\"search_term_string\"}}],\"inLanguage\":\"en-US\"},{\"@type\":\"Organization\",\"@id\":\"https:\/\/shezamme.com\/#organization\",\"name\":\"SHEZAMME - Sneakersy, Streetwear i luksusowe marki\",\"url\":\"https:\/\/shezamme.com\/\",\"logo\":{\"@type\":\"ImageObject\",\"inLanguage\":\"en-US\",\"@id\":\"https:\/\/shezamme.com\/#\/schema\/logo\/image\/\",\"url\":\"https:\/\/shezamme.com\/wp-content\/uploads\/2023\/02\/0x0.png\",\"contentUrl\":\"https:\/\/shezamme.com\/wp-content\/uploads\/2023\/02\/0x0.png\",\"width\":2000,\"height\":2000,\"caption\":\"SHEZAMME - Sneakersy, Streetwear i luksusowe marki\"},\"image\":{\"@id\":\"https:\/\/shezamme.com\/#\/schema\/logo\/image\/\"},\"sameAs\":[\"https:\/\/www.facebook.com\/SHEZAMME\/\",\"https:\/\/x.com\/SHEZAMME\",\"https:\/\/www.instagram.com\/shezamme\/\",\"https:\/\/www.youtube.com\/channel\/UCsTJxi_9fODHdO_1bmJbqvQ\",\"https:\/\/www.tiktok.com\/shezamme.com\"]}]}<\/script>\n<!-- \/ Yoast SEO plugin. -->","yoast_head_json":{"title":"Nike Kobe 8 Protro Halo - SHEZAMME","description":"Nike Kobe 8 Protro Halo | Luksusowe i autentyczne przedmioty w jednym miejscu. B\u0105d\u017a na bie\u017c\u0105co i sprawd\u017a nasz\u0105 ofert\u0119 ju\u017c teraz","robots":{"index":"index","follow":"follow","max-snippet":"max-snippet:-1","max-image-preview":"max-image-preview:large","max-video-preview":"max-video-preview:-1"},"canonical":"https:\/\/shezamme.com\/en\/sklep\/sneakers-2\/nike\/sneakers-nike-kobe\/nike-kobe-8-protro-halo\/","og_locale":"en_US","og_type":"article","og_title":"Nike Kobe 8 Protro Halo - SHEZAMME","og_description":"Nike Kobe 8 Protro Halo | Luksusowe i autentyczne przedmioty w jednym miejscu. B\u0105d\u017a na bie\u017c\u0105co i sprawd\u017a nasz\u0105 ofert\u0119 ju\u017c teraz","og_url":"https:\/\/shezamme.com\/en\/sklep\/sneakers-2\/nike\/sneakers-nike-kobe\/nike-kobe-8-protro-halo\/","og_site_name":"SHEZAMME - Yeezy, Jordan, Supreme i inne oryginalne rzeczy","article_publisher":"https:\/\/www.facebook.com\/SHEZAMME\/","article_modified_time":"2026-01-23T12:17:39+00:00","og_image":[{"width":1170,"height":1016,"url":"https:\/\/shezamme.com\/wp-content\/uploads\/2023\/10\/IMG_5326-2.jpg","type":"image\/jpeg"}],"twitter_card":"summary_large_image","twitter_site":"@SHEZAMME","schema":{"@context":"https:\/\/schema.org","@graph":[{"@type":"WebPage","@id":"https:\/\/shezamme.com\/sklep\/buty\/nike\/buty-nike-kobe\/nike-kobe-8-protro-halo\/","url":"https:\/\/shezamme.com\/sklep\/buty\/nike\/buty-nike-kobe\/nike-kobe-8-protro-halo\/","name":"Nike Kobe 8 Protro Halo - SHEZAMME","isPartOf":{"@id":"https:\/\/shezamme.com\/#website"},"primaryImageOfPage":{"@id":"https:\/\/shezamme.com\/sklep\/buty\/nike\/buty-nike-kobe\/nike-kobe-8-protro-halo\/#primaryimage"},"image":{"@id":"https:\/\/shezamme.com\/sklep\/buty\/nike\/buty-nike-kobe\/nike-kobe-8-protro-halo\/#primaryimage"},"thumbnailUrl":"https:\/\/shezamme.com\/wp-content\/uploads\/2023\/10\/IMG_5326-2.jpg","datePublished":"2023-10-06T13:22:02+00:00","dateModified":"2026-01-23T12:17:39+00:00","description":"Nike Kobe 8 Protro Halo | Luksusowe i autentyczne przedmioty w jednym miejscu. B\u0105d\u017a na bie\u017c\u0105co i sprawd\u017a nasz\u0105 ofert\u0119 ju\u017c teraz","breadcrumb":{"@id":"https:\/\/shezamme.com\/sklep\/buty\/nike\/buty-nike-kobe\/nike-kobe-8-protro-halo\/#breadcrumb"},"inLanguage":"en-US","potentialAction":[{"@type":"ReadAction","target":["https:\/\/shezamme.com\/sklep\/buty\/nike\/buty-nike-kobe\/nike-kobe-8-protro-halo\/"]}]},{"@type":"ImageObject","inLanguage":"en-US","@id":"https:\/\/shezamme.com\/sklep\/buty\/nike\/buty-nike-kobe\/nike-kobe-8-protro-halo\/#primaryimage","url":"https:\/\/shezamme.com\/wp-content\/uploads\/2023\/10\/IMG_5326-2.jpg","contentUrl":"https:\/\/shezamme.com\/wp-content\/uploads\/2023\/10\/IMG_5326-2.jpg","width":1170,"height":1016,"caption":"Nike Kobe 8 Protro Halo"},{"@type":"BreadcrumbList","@id":"https:\/\/shezamme.com\/sklep\/buty\/nike\/buty-nike-kobe\/nike-kobe-8-protro-halo\/#breadcrumb","itemListElement":[{"@type":"ListItem","position":1,"name":"Strona g\u0142\u00f3wna","item":"https:\/\/shezamme.com\/"},{"@type":"ListItem","position":2,"name":"Sklep","item":"https:\/\/shezamme.com\/sklep\/"},{"@type":"ListItem","position":3,"name":"Nike Kobe 8 Protro Halo"}]},{"@type":"WebSite","@id":"https:\/\/shezamme.com\/#website","url":"https:\/\/shezamme.com\/","name":"SHEZAMME - Sneakers, Streetwear and luxury brands","description":"Original and exclusive items in one place. Check out our products now and stay up to date with all launches.","publisher":{"@id":"https:\/\/shezamme.com\/#organization"},"potentialAction":[{"@type":"SearchAction","target":{"@type":"EntryPoint","urlTemplate":"https:\/\/shezamme.com\/?s={search_term_string}"},"query-input":{"@type":"PropertyValueSpecification","valueRequired":true,"valueName":"search_term_string"}}],"inLanguage":"en-US"},{"@type":"Organization","@id":"https:\/\/shezamme.com\/#organization","name":"SHEZAMME - Sneakers, Streetwear and luxury brands","url":"https:\/\/shezamme.com\/","logo":{"@type":"ImageObject","inLanguage":"en-US","@id":"https:\/\/shezamme.com\/#\/schema\/logo\/image\/","url":"https:\/\/shezamme.com\/wp-content\/uploads\/2023\/02\/0x0.png","contentUrl":"https:\/\/shezamme.com\/wp-content\/uploads\/2023\/02\/0x0.png","width":2000,"height":2000,"caption":"SHEZAMME - Sneakersy, Streetwear i luksusowe marki"},"image":{"@id":"https:\/\/shezamme.com\/#\/schema\/logo\/image\/"},"sameAs":["https:\/\/www.facebook.com\/SHEZAMME\/","https:\/\/x.com\/SHEZAMME","https:\/\/www.instagram.com\/shezamme\/","https:\/\/www.youtube.com\/channel\/UCsTJxi_9fODHdO_1bmJbqvQ","https:\/\/www.tiktok.com\/shezamme.com"]}]}},"brands":[{"id":756,"name":"Nike","slug":"nike"}],"_links":{"self":[{"href":"https:\/\/shezamme.com\/en\/wp-json\/wp\/v2\/product\/34336","targetHints":{"allow":["GET"]}}],"collection":[{"href":"https:\/\/shezamme.com\/en\/wp-json\/wp\/v2\/product"}],"about":[{"href":"https:\/\/shezamme.com\/en\/wp-json\/wp\/v2\/types\/product"}],"wp:featuredmedia":[{"embeddable":true,"href":"https:\/\/shezamme.com\/en\/wp-json\/wp\/v2\/media\/34352"}],"wp:attachment":[{"href":"https:\/\/shezamme.com\/en\/wp-json\/wp\/v2\/media?parent=34336"}],"wp:term":[{"taxonomy":"pwb-brand","embeddable":true,"href":"https:\/\/shezamme.com\/en\/wp-json\/wp\/v2\/pwb-brand?post=34336"},{"taxonomy":"product_brand","embeddable":true,"href":"https:\/\/shezamme.com\/en\/wp-json\/wp\/v2\/product_brand?post=34336"},{"taxonomy":"product_cat","embeddable":true,"href":"https:\/\/shezamme.com\/en\/wp-json\/wp\/v2\/product_cat?post=34336"},{"taxonomy":"product_tag","embeddable":true,"href":"https:\/\/shezamme.com\/en\/wp-json\/wp\/v2\/product_tag?post=34336"}],"curies":[{"name":"wp","href":"https:\/\/api.w.org\/{rel}","templated":true}]}}