{"id":3409,"date":"2022-07-30T21:25:09","date_gmt":"2022-07-30T19:25:09","guid":{"rendered":"https:\/\/staging1.waw.pl\/?post_type=product&#038;p=3409"},"modified":"2024-12-31T18:36:47","modified_gmt":"2024-12-31T17:36:47","slug":"jordan-1-low-green-toe","status":"publish","type":"product","link":"https:\/\/shezamme.com\/en\/sklep\/buty\/air-jordan\/air-jordan-1-low\/jordan-1-low-green-toe\/","title":{"rendered":"Air Jordan 1 Low Green Toe"},"content":{"rendered":"<h2>Air Jordan 1 Low &#8222;Green Toe&#8221; \u2013 klasyka z wyrazistym zielonym akcentem<\/h2>\n<p>Air Jordan 1 Low &#8222;Green Toe&#8221; wyr\u00f3\u017cnia si\u0119 g\u0142\u0119bok\u0105 zieleni\u0105 na przedniej cz\u0119\u015bci buta, kontrastuj\u0105c\u0105 z bia\u0142\u0105 baz\u0105 i czarnymi detalami, tworz\u0105c elegancki, sportowy wygl\u0105d. Sk\u00f3rzana cholewka oraz amortyzacja Nike Air zapewniaj\u0105 trwa\u0142o\u015b\u0107 i komfort, idealne na co dzie\u0144.<\/p>\n<h2>Styl i komfort w jednym<\/h2>\n<p>Model uzupe\u0142niaj\u0105 czarne logo Swoosh oraz klasyczne emblematy Jumpman i Air Jordan, kt\u00f3re podkre\u015blaj\u0105 autentyczny styl tej edycji. To \u015bwietny wyb\u00f3r do streetwearowych i casualowych stylizacji dla fan\u00f3w ponadczasowego designu Jordana.<\/p>","protected":false},"excerpt":{"rendered":"<h2>Air Jordan 1 Low &#8222;Green Toe&#8221; \u2013 klasyczny design z nut\u0105 zieleni<\/h2>\n<p>Air Jordan 1 Low &#8222;Green Toe&#8221; przyci\u0105ga wzrok g\u0142\u0119bok\u0105 zieleni\u0105 na przedniej cz\u0119\u015bci, zestawion\u0105 z bia\u0142\u0105 baz\u0105 i czarnymi akcentami, tworz\u0105c stylowy kontrast. Wysokiej jako\u015bci sk\u00f3rzana cholewka i amortyzacja Nike Air zapewniaj\u0105 komfort i trwa\u0142o\u015b\u0107, idealne do codziennych stylizacji z wyrazistym akcentem.<\/p>","protected":false},"featured_media":3430,"template":"","meta":{"_acf_changed":false},"pwb-brand":[749,756],"product_brand":[],"product_cat":[16,17,158,93],"product_tag":[1008,1009],"class_list":{"0":"post-3409","1":"product","2":"type-product","3":"status-publish","4":"has-post-thumbnail","6":"pwb-brand-air-jordan","7":"pwb-brand-nike","8":"product_cat-buty","9":"product_cat-air-jordan","10":"product_cat-air-jordan-1-low","11":"product_cat-nike","12":"product_tag-kobieta","13":"product_tag-mezczyzna","15":"first","16":"onbackorder","17":"taxable","18":"shipping-taxable","19":"purchasable","20":"product-type-variable","21":"has-default-attributes"},"acf":[],"yoast_head":"<!-- This site is optimized with the Yoast SEO plugin v27.2 - https:\/\/yoast.com\/product\/yoast-seo-wordpress\/ -->\n<title>Air Jordan 1 Low Green Toe - SHEZAMME<\/title>\n<meta name=\"description\" content=\"Air Jordan 1 Low Green Toe | Luksusowe i autentyczne przedmioty w jednym miejscu. B\u0105d\u017a na bie\u017c\u0105co i sprawd\u017a nasz\u0105 ofert\u0119 ju\u017c teraz\" \/>\n<meta name=\"robots\" content=\"index, follow, max-snippet:-1, max-image-preview:large, max-video-preview:-1\" \/>\n<link rel=\"canonical\" href=\"https:\/\/shezamme.com\/en\/sklep\/sneakers-2\/air-jordan\/air-jordan-1-low\/jordan-1-low-green-toe\/\" \/>\n<meta property=\"og:locale\" content=\"en_US\" \/>\n<meta property=\"og:type\" content=\"article\" \/>\n<meta property=\"og:title\" content=\"Air Jordan 1 Low Green Toe - SHEZAMME\" \/>\n<meta property=\"og:description\" content=\"Air Jordan 1 Low Green Toe | Luksusowe i autentyczne przedmioty w jednym miejscu. B\u0105d\u017a na bie\u017c\u0105co i sprawd\u017a nasz\u0105 ofert\u0119 ju\u017c teraz\" \/>\n<meta property=\"og:url\" content=\"https:\/\/shezamme.com\/en\/sklep\/sneakers-2\/air-jordan\/air-jordan-1-low\/jordan-1-low-green-toe\/\" \/>\n<meta property=\"og:site_name\" content=\"SHEZAMME - Yeezy, Jordan, Supreme i inne oryginalne rzeczy\" \/>\n<meta property=\"article:publisher\" content=\"https:\/\/www.facebook.com\/SHEZAMME\/\" \/>\n<meta property=\"article:modified_time\" content=\"2024-12-31T17:36:47+00:00\" \/>\n<meta property=\"og:image\" content=\"https:\/\/shezamme.com\/wp-content\/uploads\/2022\/07\/IMG_8659.jpg\" \/>\n\t<meta property=\"og:image:width\" content=\"1125\" \/>\n\t<meta property=\"og:image:height\" content=\"1188\" \/>\n\t<meta property=\"og:image:type\" content=\"image\/jpeg\" \/>\n<meta name=\"twitter:card\" content=\"summary_large_image\" \/>\n<meta name=\"twitter:site\" content=\"@SHEZAMME\" \/>\n<script type=\"application\/ld+json\" class=\"yoast-schema-graph\">{\"@context\":\"https:\/\/schema.org\",\"@graph\":[{\"@type\":\"WebPage\",\"@id\":\"https:\/\/shezamme.com\/sklep\/buty\/air-jordan\/air-jordan-1-low\/jordan-1-low-green-toe\/\",\"url\":\"https:\/\/shezamme.com\/sklep\/buty\/air-jordan\/air-jordan-1-low\/jordan-1-low-green-toe\/\",\"name\":\"Air Jordan 1 Low Green Toe - SHEZAMME\",\"isPartOf\":{\"@id\":\"https:\/\/shezamme.com\/#website\"},\"primaryImageOfPage\":{\"@id\":\"https:\/\/shezamme.com\/sklep\/buty\/air-jordan\/air-jordan-1-low\/jordan-1-low-green-toe\/#primaryimage\"},\"image\":{\"@id\":\"https:\/\/shezamme.com\/sklep\/buty\/air-jordan\/air-jordan-1-low\/jordan-1-low-green-toe\/#primaryimage\"},\"thumbnailUrl\":\"https:\/\/shezamme.com\/wp-content\/uploads\/2022\/07\/IMG_8659.jpg\",\"datePublished\":\"2022-07-30T19:25:09+00:00\",\"dateModified\":\"2024-12-31T17:36:47+00:00\",\"description\":\"Air Jordan 1 Low Green Toe | Luksusowe i autentyczne przedmioty w jednym miejscu. B\u0105d\u017a na bie\u017c\u0105co i sprawd\u017a nasz\u0105 ofert\u0119 ju\u017c teraz\",\"breadcrumb\":{\"@id\":\"https:\/\/shezamme.com\/sklep\/buty\/air-jordan\/air-jordan-1-low\/jordan-1-low-green-toe\/#breadcrumb\"},\"inLanguage\":\"en-US\",\"potentialAction\":[{\"@type\":\"ReadAction\",\"target\":[\"https:\/\/shezamme.com\/sklep\/buty\/air-jordan\/air-jordan-1-low\/jordan-1-low-green-toe\/\"]}]},{\"@type\":\"ImageObject\",\"inLanguage\":\"en-US\",\"@id\":\"https:\/\/shezamme.com\/sklep\/buty\/air-jordan\/air-jordan-1-low\/jordan-1-low-green-toe\/#primaryimage\",\"url\":\"https:\/\/shezamme.com\/wp-content\/uploads\/2022\/07\/IMG_8659.jpg\",\"contentUrl\":\"https:\/\/shezamme.com\/wp-content\/uploads\/2022\/07\/IMG_8659.jpg\",\"width\":1125,\"height\":1188,\"caption\":\"Jordan 1 Low Green Toe\"},{\"@type\":\"BreadcrumbList\",\"@id\":\"https:\/\/shezamme.com\/sklep\/buty\/air-jordan\/air-jordan-1-low\/jordan-1-low-green-toe\/#breadcrumb\",\"itemListElement\":[{\"@type\":\"ListItem\",\"position\":1,\"name\":\"Strona g\u0142\u00f3wna\",\"item\":\"https:\/\/shezamme.com\/\"},{\"@type\":\"ListItem\",\"position\":2,\"name\":\"Sklep\",\"item\":\"https:\/\/shezamme.com\/sklep\/\"},{\"@type\":\"ListItem\",\"position\":3,\"name\":\"Jordan 1 Low Green Toe\"}]},{\"@type\":\"WebSite\",\"@id\":\"https:\/\/shezamme.com\/#website\",\"url\":\"https:\/\/shezamme.com\/\",\"name\":\"SHEZAMME - Sneakersy, Streetwear i luksusowe marki\",\"description\":\"Oryginalne i ekskluzywne przedmioty w jednym miejscu. Sprawd\u017a nasze produkty ju\u017c teraz i b\u0105d\u017a na bie\u017c\u0105co z wszystkimi premierami.\",\"publisher\":{\"@id\":\"https:\/\/shezamme.com\/#organization\"},\"potentialAction\":[{\"@type\":\"SearchAction\",\"target\":{\"@type\":\"EntryPoint\",\"urlTemplate\":\"https:\/\/shezamme.com\/?s={search_term_string}\"},\"query-input\":{\"@type\":\"PropertyValueSpecification\",\"valueRequired\":true,\"valueName\":\"search_term_string\"}}],\"inLanguage\":\"en-US\"},{\"@type\":\"Organization\",\"@id\":\"https:\/\/shezamme.com\/#organization\",\"name\":\"SHEZAMME - Sneakersy, Streetwear i luksusowe marki\",\"url\":\"https:\/\/shezamme.com\/\",\"logo\":{\"@type\":\"ImageObject\",\"inLanguage\":\"en-US\",\"@id\":\"https:\/\/shezamme.com\/#\/schema\/logo\/image\/\",\"url\":\"https:\/\/shezamme.com\/wp-content\/uploads\/2023\/02\/0x0.png\",\"contentUrl\":\"https:\/\/shezamme.com\/wp-content\/uploads\/2023\/02\/0x0.png\",\"width\":2000,\"height\":2000,\"caption\":\"SHEZAMME - Sneakersy, Streetwear i luksusowe marki\"},\"image\":{\"@id\":\"https:\/\/shezamme.com\/#\/schema\/logo\/image\/\"},\"sameAs\":[\"https:\/\/www.facebook.com\/SHEZAMME\/\",\"https:\/\/x.com\/SHEZAMME\",\"https:\/\/www.instagram.com\/shezamme\/\",\"https:\/\/www.youtube.com\/channel\/UCsTJxi_9fODHdO_1bmJbqvQ\",\"https:\/\/www.tiktok.com\/shezamme.com\"]}]}<\/script>\n<!-- \/ Yoast SEO plugin. -->","yoast_head_json":{"title":"Air Jordan 1 Low Green Toe - SHEZAMME","description":"Air Jordan 1 Low Green Toe | Luksusowe i autentyczne przedmioty w jednym miejscu. B\u0105d\u017a na bie\u017c\u0105co i sprawd\u017a nasz\u0105 ofert\u0119 ju\u017c teraz","robots":{"index":"index","follow":"follow","max-snippet":"max-snippet:-1","max-image-preview":"max-image-preview:large","max-video-preview":"max-video-preview:-1"},"canonical":"https:\/\/shezamme.com\/en\/sklep\/sneakers-2\/air-jordan\/air-jordan-1-low\/jordan-1-low-green-toe\/","og_locale":"en_US","og_type":"article","og_title":"Air Jordan 1 Low Green Toe - SHEZAMME","og_description":"Air Jordan 1 Low Green Toe | Luksusowe i autentyczne przedmioty w jednym miejscu. B\u0105d\u017a na bie\u017c\u0105co i sprawd\u017a nasz\u0105 ofert\u0119 ju\u017c teraz","og_url":"https:\/\/shezamme.com\/en\/sklep\/sneakers-2\/air-jordan\/air-jordan-1-low\/jordan-1-low-green-toe\/","og_site_name":"SHEZAMME - Yeezy, Jordan, Supreme i inne oryginalne rzeczy","article_publisher":"https:\/\/www.facebook.com\/SHEZAMME\/","article_modified_time":"2024-12-31T17:36:47+00:00","og_image":[{"width":1125,"height":1188,"url":"https:\/\/shezamme.com\/wp-content\/uploads\/2022\/07\/IMG_8659.jpg","type":"image\/jpeg"}],"twitter_card":"summary_large_image","twitter_site":"@SHEZAMME","schema":{"@context":"https:\/\/schema.org","@graph":[{"@type":"WebPage","@id":"https:\/\/shezamme.com\/sklep\/buty\/air-jordan\/air-jordan-1-low\/jordan-1-low-green-toe\/","url":"https:\/\/shezamme.com\/sklep\/buty\/air-jordan\/air-jordan-1-low\/jordan-1-low-green-toe\/","name":"Air Jordan 1 Low Green Toe - SHEZAMME","isPartOf":{"@id":"https:\/\/shezamme.com\/#website"},"primaryImageOfPage":{"@id":"https:\/\/shezamme.com\/sklep\/buty\/air-jordan\/air-jordan-1-low\/jordan-1-low-green-toe\/#primaryimage"},"image":{"@id":"https:\/\/shezamme.com\/sklep\/buty\/air-jordan\/air-jordan-1-low\/jordan-1-low-green-toe\/#primaryimage"},"thumbnailUrl":"https:\/\/shezamme.com\/wp-content\/uploads\/2022\/07\/IMG_8659.jpg","datePublished":"2022-07-30T19:25:09+00:00","dateModified":"2024-12-31T17:36:47+00:00","description":"Air Jordan 1 Low Green Toe | Luksusowe i autentyczne przedmioty w jednym miejscu. B\u0105d\u017a na bie\u017c\u0105co i sprawd\u017a nasz\u0105 ofert\u0119 ju\u017c teraz","breadcrumb":{"@id":"https:\/\/shezamme.com\/sklep\/buty\/air-jordan\/air-jordan-1-low\/jordan-1-low-green-toe\/#breadcrumb"},"inLanguage":"en-US","potentialAction":[{"@type":"ReadAction","target":["https:\/\/shezamme.com\/sklep\/buty\/air-jordan\/air-jordan-1-low\/jordan-1-low-green-toe\/"]}]},{"@type":"ImageObject","inLanguage":"en-US","@id":"https:\/\/shezamme.com\/sklep\/buty\/air-jordan\/air-jordan-1-low\/jordan-1-low-green-toe\/#primaryimage","url":"https:\/\/shezamme.com\/wp-content\/uploads\/2022\/07\/IMG_8659.jpg","contentUrl":"https:\/\/shezamme.com\/wp-content\/uploads\/2022\/07\/IMG_8659.jpg","width":1125,"height":1188,"caption":"Jordan 1 Low Green Toe"},{"@type":"BreadcrumbList","@id":"https:\/\/shezamme.com\/sklep\/buty\/air-jordan\/air-jordan-1-low\/jordan-1-low-green-toe\/#breadcrumb","itemListElement":[{"@type":"ListItem","position":1,"name":"Strona g\u0142\u00f3wna","item":"https:\/\/shezamme.com\/"},{"@type":"ListItem","position":2,"name":"Sklep","item":"https:\/\/shezamme.com\/sklep\/"},{"@type":"ListItem","position":3,"name":"Jordan 1 Low Green Toe"}]},{"@type":"WebSite","@id":"https:\/\/shezamme.com\/#website","url":"https:\/\/shezamme.com\/","name":"SHEZAMME - Sneakers, Streetwear and luxury brands","description":"Original and exclusive items in one place. Check out our products now and stay up to date with all launches.","publisher":{"@id":"https:\/\/shezamme.com\/#organization"},"potentialAction":[{"@type":"SearchAction","target":{"@type":"EntryPoint","urlTemplate":"https:\/\/shezamme.com\/?s={search_term_string}"},"query-input":{"@type":"PropertyValueSpecification","valueRequired":true,"valueName":"search_term_string"}}],"inLanguage":"en-US"},{"@type":"Organization","@id":"https:\/\/shezamme.com\/#organization","name":"SHEZAMME - Sneakers, Streetwear and luxury brands","url":"https:\/\/shezamme.com\/","logo":{"@type":"ImageObject","inLanguage":"en-US","@id":"https:\/\/shezamme.com\/#\/schema\/logo\/image\/","url":"https:\/\/shezamme.com\/wp-content\/uploads\/2023\/02\/0x0.png","contentUrl":"https:\/\/shezamme.com\/wp-content\/uploads\/2023\/02\/0x0.png","width":2000,"height":2000,"caption":"SHEZAMME - Sneakersy, Streetwear i luksusowe marki"},"image":{"@id":"https:\/\/shezamme.com\/#\/schema\/logo\/image\/"},"sameAs":["https:\/\/www.facebook.com\/SHEZAMME\/","https:\/\/x.com\/SHEZAMME","https:\/\/www.instagram.com\/shezamme\/","https:\/\/www.youtube.com\/channel\/UCsTJxi_9fODHdO_1bmJbqvQ","https:\/\/www.tiktok.com\/shezamme.com"]}]}},"brands":[{"id":749,"name":"Jordan","slug":"air-jordan"},{"id":756,"name":"Nike","slug":"nike"}],"_links":{"self":[{"href":"https:\/\/shezamme.com\/en\/wp-json\/wp\/v2\/product\/3409","targetHints":{"allow":["GET"]}}],"collection":[{"href":"https:\/\/shezamme.com\/en\/wp-json\/wp\/v2\/product"}],"about":[{"href":"https:\/\/shezamme.com\/en\/wp-json\/wp\/v2\/types\/product"}],"wp:featuredmedia":[{"embeddable":true,"href":"https:\/\/shezamme.com\/en\/wp-json\/wp\/v2\/media\/3430"}],"wp:attachment":[{"href":"https:\/\/shezamme.com\/en\/wp-json\/wp\/v2\/media?parent=3409"}],"wp:term":[{"taxonomy":"pwb-brand","embeddable":true,"href":"https:\/\/shezamme.com\/en\/wp-json\/wp\/v2\/pwb-brand?post=3409"},{"taxonomy":"product_brand","embeddable":true,"href":"https:\/\/shezamme.com\/en\/wp-json\/wp\/v2\/product_brand?post=3409"},{"taxonomy":"product_cat","embeddable":true,"href":"https:\/\/shezamme.com\/en\/wp-json\/wp\/v2\/product_cat?post=3409"},{"taxonomy":"product_tag","embeddable":true,"href":"https:\/\/shezamme.com\/en\/wp-json\/wp\/v2\/product_tag?post=3409"}],"curies":[{"name":"wp","href":"https:\/\/api.w.org\/{rel}","templated":true}]}}