{"id":33630,"date":"2023-09-19T15:25:07","date_gmt":"2023-09-19T13:25:07","guid":{"rendered":"https:\/\/shezamme.com\/?post_type=product&#038;p=33630"},"modified":"2025-08-29T12:59:48","modified_gmt":"2025-08-29T10:59:48","slug":"yeezy-x-gap-x-balenciaga-dove-longsleeve-tee-beige","status":"publish","type":"product","link":"https:\/\/shezamme.com\/en\/sklep\/koszulki\/wszystkie-koszulki\/yeezy-x-gap-x-balenciaga-dove-longsleeve-tee-beige\/","title":{"rendered":"Yeezy X Gap X Balenciaga Dove Longsleeve Tee &#8222;Beige&#8221;"},"content":{"rendered":"","protected":false},"excerpt":{"rendered":"","protected":false},"featured_media":204660,"template":"","meta":{"_acf_changed":false,"_yoast_wpseo_focuskw":"Yeezy X Gap X Balenciaga Dove Longsleeve Tee \"Beige\"","_yoast_wpseo_title":"","_yoast_wpseo_metadesc":""},"pwb-brand":[767,750],"product_brand":[],"product_cat":[140,999,903],"product_tag":[1008,1009],"class_list":{"0":"post-33630","1":"product","2":"type-product","3":"status-publish","4":"has-post-thumbnail","6":"pwb-brand-balenciaga","7":"pwb-brand-yeezy","8":"product_cat-koszulki","9":"product_cat-koszulki-yeezy","10":"product_cat-wszystkie-koszulki","11":"product_tag-kobieta","12":"product_tag-mezczyzna","13":"pa_rozmiar-ubrania-l","14":"pa_rozmiar-ubrania-m","15":"pa_rozmiar-ubrania-s","16":"pa_rozmiar-ubrania-xl","17":"pa_rozmiar-ubrania-xs","19":"first","20":"onbackorder","21":"taxable","22":"shipping-taxable","23":"purchasable","24":"product-type-variable"},"acf":[],"yoast_head":"<!-- This site is optimized with the Yoast SEO plugin v27.4 - https:\/\/yoast.com\/product\/yoast-seo-wordpress\/ -->\n<title>Yeezy X Gap X Balenciaga Dove Longsleeve Tee &quot;Beige&quot; - SHEZAMME<\/title>\n<meta name=\"description\" content=\"Yeezy X Gap X Balenciaga Dove Longsleeve Tee &quot;Beige&quot; | Luksusowe i autentyczne przedmioty w jednym miejscu. B\u0105d\u017a na bie\u017c\u0105co i sprawd\u017a nasz\u0105 ofert\u0119 ju\u017c teraz\" \/>\n<meta name=\"robots\" content=\"index, follow, max-snippet:-1, max-image-preview:large, max-video-preview:-1\" \/>\n<link rel=\"canonical\" href=\"https:\/\/shezamme.com\/en\/sklep\/tshirts-2\/all-tshirts\/yeezy-x-gap-x-balenciaga-dove-longsleeve-tee-beige\/\" \/>\n<meta property=\"og:locale\" content=\"en_US\" \/>\n<meta property=\"og:type\" content=\"article\" \/>\n<meta property=\"og:title\" content=\"Yeezy X Gap X Balenciaga Dove Longsleeve Tee &quot;Beige&quot; - SHEZAMME\" \/>\n<meta property=\"og:description\" content=\"Yeezy X Gap X Balenciaga Dove Longsleeve Tee &quot;Beige&quot; | Luksusowe i autentyczne przedmioty w jednym miejscu. B\u0105d\u017a na bie\u017c\u0105co i sprawd\u017a nasz\u0105 ofert\u0119 ju\u017c teraz\" \/>\n<meta property=\"og:url\" content=\"https:\/\/shezamme.com\/en\/sklep\/tshirts-2\/all-tshirts\/yeezy-x-gap-x-balenciaga-dove-longsleeve-tee-beige\/\" \/>\n<meta property=\"og:site_name\" content=\"SHEZAMME - Yeezy, Jordan, Supreme i inne oryginalne rzeczy\" \/>\n<meta property=\"article:publisher\" content=\"https:\/\/www.facebook.com\/SHEZAMME\/\" \/>\n<meta property=\"article:modified_time\" content=\"2025-08-29T10:59:48+00:00\" \/>\n<meta property=\"og:image\" content=\"https:\/\/shezamme.com\/wp-content\/uploads\/2024\/04\/Yeezy-X-Gap-X-Balenciaga-Dove-Longsleeve-Tee-\u201eBeige-2.webp\" \/>\n\t<meta property=\"og:image:width\" content=\"1080\" \/>\n\t<meta property=\"og:image:height\" content=\"1080\" \/>\n\t<meta property=\"og:image:type\" content=\"image\/webp\" \/>\n<meta name=\"twitter:card\" content=\"summary_large_image\" \/>\n<meta name=\"twitter:site\" content=\"@SHEZAMME\" \/>\n<script type=\"application\/ld+json\" class=\"yoast-schema-graph\">{\"@context\":\"https:\\\/\\\/schema.org\",\"@graph\":[{\"@type\":\"WebPage\",\"@id\":\"https:\\\/\\\/shezamme.com\\\/sklep\\\/koszulki\\\/wszystkie-koszulki\\\/yeezy-x-gap-x-balenciaga-dove-longsleeve-tee-beige\\\/\",\"url\":\"https:\\\/\\\/shezamme.com\\\/sklep\\\/koszulki\\\/wszystkie-koszulki\\\/yeezy-x-gap-x-balenciaga-dove-longsleeve-tee-beige\\\/\",\"name\":\"Yeezy X Gap X Balenciaga Dove Longsleeve Tee \\\"Beige\\\" - SHEZAMME\",\"isPartOf\":{\"@id\":\"https:\\\/\\\/shezamme.com\\\/#website\"},\"primaryImageOfPage\":{\"@id\":\"https:\\\/\\\/shezamme.com\\\/sklep\\\/koszulki\\\/wszystkie-koszulki\\\/yeezy-x-gap-x-balenciaga-dove-longsleeve-tee-beige\\\/#primaryimage\"},\"image\":{\"@id\":\"https:\\\/\\\/shezamme.com\\\/sklep\\\/koszulki\\\/wszystkie-koszulki\\\/yeezy-x-gap-x-balenciaga-dove-longsleeve-tee-beige\\\/#primaryimage\"},\"thumbnailUrl\":\"https:\\\/\\\/shezamme.com\\\/wp-content\\\/uploads\\\/2024\\\/04\\\/Yeezy-X-Gap-X-Balenciaga-Dove-Longsleeve-Tee-\u201eBeige-2.webp\",\"datePublished\":\"2023-09-19T13:25:07+00:00\",\"dateModified\":\"2025-08-29T10:59:48+00:00\",\"description\":\"Yeezy X Gap X Balenciaga Dove Longsleeve Tee \\\"Beige\\\" | Luksusowe i autentyczne przedmioty w jednym miejscu. B\u0105d\u017a na bie\u017c\u0105co i sprawd\u017a nasz\u0105 ofert\u0119 ju\u017c teraz\",\"breadcrumb\":{\"@id\":\"https:\\\/\\\/shezamme.com\\\/sklep\\\/koszulki\\\/wszystkie-koszulki\\\/yeezy-x-gap-x-balenciaga-dove-longsleeve-tee-beige\\\/#breadcrumb\"},\"inLanguage\":\"en-US\",\"potentialAction\":[{\"@type\":\"ReadAction\",\"target\":[\"https:\\\/\\\/shezamme.com\\\/sklep\\\/koszulki\\\/wszystkie-koszulki\\\/yeezy-x-gap-x-balenciaga-dove-longsleeve-tee-beige\\\/\"]}]},{\"@type\":\"ImageObject\",\"inLanguage\":\"en-US\",\"@id\":\"https:\\\/\\\/shezamme.com\\\/sklep\\\/koszulki\\\/wszystkie-koszulki\\\/yeezy-x-gap-x-balenciaga-dove-longsleeve-tee-beige\\\/#primaryimage\",\"url\":\"https:\\\/\\\/shezamme.com\\\/wp-content\\\/uploads\\\/2024\\\/04\\\/Yeezy-X-Gap-X-Balenciaga-Dove-Longsleeve-Tee-\u201eBeige-2.webp\",\"contentUrl\":\"https:\\\/\\\/shezamme.com\\\/wp-content\\\/uploads\\\/2024\\\/04\\\/Yeezy-X-Gap-X-Balenciaga-Dove-Longsleeve-Tee-\u201eBeige-2.webp\",\"width\":1080,\"height\":1080,\"caption\":\"Yeezy X Gap X Balenciaga Dove Longsleeve Tee \u201eBeige\u201d 2\"},{\"@type\":\"BreadcrumbList\",\"@id\":\"https:\\\/\\\/shezamme.com\\\/sklep\\\/koszulki\\\/wszystkie-koszulki\\\/yeezy-x-gap-x-balenciaga-dove-longsleeve-tee-beige\\\/#breadcrumb\",\"itemListElement\":[{\"@type\":\"ListItem\",\"position\":1,\"name\":\"Strona g\u0142\u00f3wna\",\"item\":\"https:\\\/\\\/shezamme.com\\\/\"},{\"@type\":\"ListItem\",\"position\":2,\"name\":\"Sklep\",\"item\":\"https:\\\/\\\/shezamme.com\\\/en\\\/sklep\\\/\"},{\"@type\":\"ListItem\",\"position\":3,\"name\":\"Yeezy X Gap X Balenciaga Dove Longsleeve Tee &#8222;Beige&#8221;\"}]},{\"@type\":\"WebSite\",\"@id\":\"https:\\\/\\\/shezamme.com\\\/#website\",\"url\":\"https:\\\/\\\/shezamme.com\\\/\",\"name\":\"SHEZAMME - Sneakersy, Streetwear i luksusowe marki\",\"description\":\"Oryginalne i ekskluzywne przedmioty w jednym miejscu. Sprawd\u017a nasze produkty ju\u017c teraz i b\u0105d\u017a na bie\u017c\u0105co z wszystkimi premierami.\",\"publisher\":{\"@id\":\"https:\\\/\\\/shezamme.com\\\/#organization\"},\"potentialAction\":[{\"@type\":\"SearchAction\",\"target\":{\"@type\":\"EntryPoint\",\"urlTemplate\":\"https:\\\/\\\/shezamme.com\\\/?s={search_term_string}\"},\"query-input\":{\"@type\":\"PropertyValueSpecification\",\"valueRequired\":true,\"valueName\":\"search_term_string\"}}],\"inLanguage\":\"en-US\"},{\"@type\":\"Organization\",\"@id\":\"https:\\\/\\\/shezamme.com\\\/#organization\",\"name\":\"SHEZAMME - Sneakersy, Streetwear i luksusowe marki\",\"url\":\"https:\\\/\\\/shezamme.com\\\/\",\"logo\":{\"@type\":\"ImageObject\",\"inLanguage\":\"en-US\",\"@id\":\"https:\\\/\\\/shezamme.com\\\/#\\\/schema\\\/logo\\\/image\\\/\",\"url\":\"https:\\\/\\\/shezamme.com\\\/wp-content\\\/uploads\\\/2023\\\/02\\\/0x0.png\",\"contentUrl\":\"https:\\\/\\\/shezamme.com\\\/wp-content\\\/uploads\\\/2023\\\/02\\\/0x0.png\",\"width\":2000,\"height\":2000,\"caption\":\"SHEZAMME - Sneakersy, Streetwear i luksusowe marki\"},\"image\":{\"@id\":\"https:\\\/\\\/shezamme.com\\\/#\\\/schema\\\/logo\\\/image\\\/\"},\"sameAs\":[\"https:\\\/\\\/www.facebook.com\\\/SHEZAMME\\\/\",\"https:\\\/\\\/x.com\\\/SHEZAMME\",\"https:\\\/\\\/www.instagram.com\\\/shezamme\\\/\",\"https:\\\/\\\/www.youtube.com\\\/channel\\\/UCsTJxi_9fODHdO_1bmJbqvQ\",\"https:\\\/\\\/www.tiktok.com\\\/shezamme.com\"]}]}<\/script>\n<!-- \/ Yoast SEO plugin. -->","yoast_head_json":{"title":"Yeezy X Gap X Balenciaga Dove Longsleeve Tee \"Beige\" - SHEZAMME","description":"Yeezy X Gap X Balenciaga Dove Longsleeve Tee \"Beige\" | Luksusowe i autentyczne przedmioty w jednym miejscu. B\u0105d\u017a na bie\u017c\u0105co i sprawd\u017a nasz\u0105 ofert\u0119 ju\u017c teraz","robots":{"index":"index","follow":"follow","max-snippet":"max-snippet:-1","max-image-preview":"max-image-preview:large","max-video-preview":"max-video-preview:-1"},"canonical":"https:\/\/shezamme.com\/en\/sklep\/tshirts-2\/all-tshirts\/yeezy-x-gap-x-balenciaga-dove-longsleeve-tee-beige\/","og_locale":"en_US","og_type":"article","og_title":"Yeezy X Gap X Balenciaga Dove Longsleeve Tee \"Beige\" - SHEZAMME","og_description":"Yeezy X Gap X Balenciaga Dove Longsleeve Tee \"Beige\" | Luksusowe i autentyczne przedmioty w jednym miejscu. B\u0105d\u017a na bie\u017c\u0105co i sprawd\u017a nasz\u0105 ofert\u0119 ju\u017c teraz","og_url":"https:\/\/shezamme.com\/en\/sklep\/tshirts-2\/all-tshirts\/yeezy-x-gap-x-balenciaga-dove-longsleeve-tee-beige\/","og_site_name":"SHEZAMME - Yeezy, Jordan, Supreme i inne oryginalne rzeczy","article_publisher":"https:\/\/www.facebook.com\/SHEZAMME\/","article_modified_time":"2025-08-29T10:59:48+00:00","og_image":[{"width":1080,"height":1080,"url":"https:\/\/shezamme.com\/wp-content\/uploads\/2024\/04\/Yeezy-X-Gap-X-Balenciaga-Dove-Longsleeve-Tee-\u201eBeige-2.webp","type":"image\/webp"}],"twitter_card":"summary_large_image","twitter_site":"@SHEZAMME","schema":{"@context":"https:\/\/schema.org","@graph":[{"@type":"WebPage","@id":"https:\/\/shezamme.com\/sklep\/koszulki\/wszystkie-koszulki\/yeezy-x-gap-x-balenciaga-dove-longsleeve-tee-beige\/","url":"https:\/\/shezamme.com\/sklep\/koszulki\/wszystkie-koszulki\/yeezy-x-gap-x-balenciaga-dove-longsleeve-tee-beige\/","name":"Yeezy X Gap X Balenciaga Dove Longsleeve Tee \"Beige\" - SHEZAMME","isPartOf":{"@id":"https:\/\/shezamme.com\/#website"},"primaryImageOfPage":{"@id":"https:\/\/shezamme.com\/sklep\/koszulki\/wszystkie-koszulki\/yeezy-x-gap-x-balenciaga-dove-longsleeve-tee-beige\/#primaryimage"},"image":{"@id":"https:\/\/shezamme.com\/sklep\/koszulki\/wszystkie-koszulki\/yeezy-x-gap-x-balenciaga-dove-longsleeve-tee-beige\/#primaryimage"},"thumbnailUrl":"https:\/\/shezamme.com\/wp-content\/uploads\/2024\/04\/Yeezy-X-Gap-X-Balenciaga-Dove-Longsleeve-Tee-\u201eBeige-2.webp","datePublished":"2023-09-19T13:25:07+00:00","dateModified":"2025-08-29T10:59:48+00:00","description":"Yeezy X Gap X Balenciaga Dove Longsleeve Tee \"Beige\" | Luksusowe i autentyczne przedmioty w jednym miejscu. B\u0105d\u017a na bie\u017c\u0105co i sprawd\u017a nasz\u0105 ofert\u0119 ju\u017c teraz","breadcrumb":{"@id":"https:\/\/shezamme.com\/sklep\/koszulki\/wszystkie-koszulki\/yeezy-x-gap-x-balenciaga-dove-longsleeve-tee-beige\/#breadcrumb"},"inLanguage":"en-US","potentialAction":[{"@type":"ReadAction","target":["https:\/\/shezamme.com\/sklep\/koszulki\/wszystkie-koszulki\/yeezy-x-gap-x-balenciaga-dove-longsleeve-tee-beige\/"]}]},{"@type":"ImageObject","inLanguage":"en-US","@id":"https:\/\/shezamme.com\/sklep\/koszulki\/wszystkie-koszulki\/yeezy-x-gap-x-balenciaga-dove-longsleeve-tee-beige\/#primaryimage","url":"https:\/\/shezamme.com\/wp-content\/uploads\/2024\/04\/Yeezy-X-Gap-X-Balenciaga-Dove-Longsleeve-Tee-\u201eBeige-2.webp","contentUrl":"https:\/\/shezamme.com\/wp-content\/uploads\/2024\/04\/Yeezy-X-Gap-X-Balenciaga-Dove-Longsleeve-Tee-\u201eBeige-2.webp","width":1080,"height":1080,"caption":"Yeezy X Gap X Balenciaga Dove Longsleeve Tee \u201eBeige\u201d 2"},{"@type":"BreadcrumbList","@id":"https:\/\/shezamme.com\/sklep\/koszulki\/wszystkie-koszulki\/yeezy-x-gap-x-balenciaga-dove-longsleeve-tee-beige\/#breadcrumb","itemListElement":[{"@type":"ListItem","position":1,"name":"Strona g\u0142\u00f3wna","item":"https:\/\/shezamme.com\/"},{"@type":"ListItem","position":2,"name":"Sklep","item":"https:\/\/shezamme.com\/en\/sklep\/"},{"@type":"ListItem","position":3,"name":"Yeezy X Gap X Balenciaga Dove Longsleeve Tee &#8222;Beige&#8221;"}]},{"@type":"WebSite","@id":"https:\/\/shezamme.com\/#website","url":"https:\/\/shezamme.com\/","name":"SHEZAMME - Sneakers, Streetwear and luxury brands","description":"Original and exclusive items in one place. Check out our products now and stay up to date with all launches.","publisher":{"@id":"https:\/\/shezamme.com\/#organization"},"potentialAction":[{"@type":"SearchAction","target":{"@type":"EntryPoint","urlTemplate":"https:\/\/shezamme.com\/?s={search_term_string}"},"query-input":{"@type":"PropertyValueSpecification","valueRequired":true,"valueName":"search_term_string"}}],"inLanguage":"en-US"},{"@type":"Organization","@id":"https:\/\/shezamme.com\/#organization","name":"SHEZAMME - Sneakers, Streetwear and luxury brands","url":"https:\/\/shezamme.com\/","logo":{"@type":"ImageObject","inLanguage":"en-US","@id":"https:\/\/shezamme.com\/#\/schema\/logo\/image\/","url":"https:\/\/shezamme.com\/wp-content\/uploads\/2023\/02\/0x0.png","contentUrl":"https:\/\/shezamme.com\/wp-content\/uploads\/2023\/02\/0x0.png","width":2000,"height":2000,"caption":"SHEZAMME - Sneakersy, Streetwear i luksusowe marki"},"image":{"@id":"https:\/\/shezamme.com\/#\/schema\/logo\/image\/"},"sameAs":["https:\/\/www.facebook.com\/SHEZAMME\/","https:\/\/x.com\/SHEZAMME","https:\/\/www.instagram.com\/shezamme\/","https:\/\/www.youtube.com\/channel\/UCsTJxi_9fODHdO_1bmJbqvQ","https:\/\/www.tiktok.com\/shezamme.com"]}]}},"brands":[{"id":767,"name":"Balenciaga","slug":"balenciaga"},{"id":750,"name":"Yeezy","slug":"yeezy"}],"_links":{"self":[{"href":"https:\/\/shezamme.com\/en\/wp-json\/wp\/v2\/product\/33630","targetHints":{"allow":["GET"]}}],"collection":[{"href":"https:\/\/shezamme.com\/en\/wp-json\/wp\/v2\/product"}],"about":[{"href":"https:\/\/shezamme.com\/en\/wp-json\/wp\/v2\/types\/product"}],"wp:featuredmedia":[{"embeddable":true,"href":"https:\/\/shezamme.com\/en\/wp-json\/wp\/v2\/media\/204660"}],"wp:attachment":[{"href":"https:\/\/shezamme.com\/en\/wp-json\/wp\/v2\/media?parent=33630"}],"wp:term":[{"taxonomy":"pwb-brand","embeddable":true,"href":"https:\/\/shezamme.com\/en\/wp-json\/wp\/v2\/pwb-brand?post=33630"},{"taxonomy":"product_brand","embeddable":true,"href":"https:\/\/shezamme.com\/en\/wp-json\/wp\/v2\/product_brand?post=33630"},{"taxonomy":"product_cat","embeddable":true,"href":"https:\/\/shezamme.com\/en\/wp-json\/wp\/v2\/product_cat?post=33630"},{"taxonomy":"product_tag","embeddable":true,"href":"https:\/\/shezamme.com\/en\/wp-json\/wp\/v2\/product_tag?post=33630"}],"curies":[{"name":"wp","href":"https:\/\/api.w.org\/{rel}","templated":true}]}}