{"id":33497,"date":"2023-09-19T09:30:48","date_gmt":"2023-09-19T07:30:48","guid":{"rendered":"https:\/\/shezamme.com\/?post_type=product&#038;p=33497"},"modified":"2025-03-23T20:29:36","modified_gmt":"2025-03-23T19:29:36","slug":"dzieciece-yeezy-foam-runner-sand","status":"publish","type":"product","link":"https:\/\/shezamme.com\/en\/sklep\/buty\/kids\/adidas-yeezy-kids\/buty-dla-dzieci-adidas-yeezy-foam-rnrr\/dzieciece-yeezy-foam-runner-sand\/","title":{"rendered":"Dzieci\u0119ce Yeezy Foam Runner Sand"},"content":{"rendered":"<h2 class=\"\" data-start=\"0\" data-end=\"58\">Lekkie i przewiewne obuwie codzienne w dzieci\u0119cej skali<\/h2>\n<p class=\"\" data-start=\"60\" data-end=\"620\">Adidas Yeezy Foam Runner Kids &#8222;Sand&#8221; to przemy\u015blana adaptacja kultowego modelu, stworzona specjalnie z my\u015bl\u0105 o najm\u0142odszych u\u017cytkownikach. Wykonany z <strong data-start=\"210\" data-end=\"244\">mieszanki pianki EVA i algowej<\/strong>, but jest wyj\u0105tkowo lekki, spr\u0119\u017cysty i wytrzyma\u0142y, jednocze\u015bnie oferuj\u0105c bardziej zr\u00f3wnowa\u017cone podej\u015bcie do produkcji. <strong data-start=\"364\" data-end=\"409\">A\u017curowa konstrukcja z du\u017cymi perforacjami<\/strong> odpowiada za wentylacj\u0119 i nadaje modelowi rozpoznawalny, futurystyczny wygl\u0105d. Ergonomiczna forma typu slip-on pozwala na szybkie zak\u0142adanie i zdejmowanie, co sprawdza si\u0119 w codziennym u\u017cytkowaniu przez dzieci.<\/p>\n<p class=\"\" data-start=\"622\" data-end=\"899\">Neutralna kolorystyka <strong data-start=\"644\" data-end=\"652\">Sand<\/strong>, utrzymana w ciep\u0142ym, be\u017cowym tonie o p\u00f3\u0142matowym wyko\u0144czeniu, u\u0142atwia stylizowanie obuwia z r\u00f3\u017cnymi zestawami ubra\u0144. But \u0142\u0105czy funkcjonalno\u015b\u0107 z estetyk\u0105 typow\u0105 dla projekt\u00f3w Kanye Westa, zachowuj\u0105c jednocze\u015bnie pe\u0142n\u0105 u\u017cyteczno\u015b\u0107 dla najm\u0142odszych.<\/p>\n<h2 class=\"\" data-start=\"901\" data-end=\"949\">Komfort i trwa\u0142o\u015b\u0107 w minimalistycznym wydaniu<\/h2>\n<p class=\"\" data-start=\"951\" data-end=\"1357\">Model &#8222;Sand&#8221; oferuje nie tylko nowoczesny wygl\u0105d, ale r\u00f3wnie\u017c <strong data-start=\"1013\" data-end=\"1052\">ergonomicznie wyprofilowane wn\u0119trze<\/strong>, kt\u00f3re wspiera stop\u0119 dziecka przez ca\u0142y dzie\u0144. <strong data-start=\"1100\" data-end=\"1130\">Z\u0105bkowany bie\u017cnik podeszwy<\/strong> zapewnia przyczepno\u015b\u0107 na r\u00f3\u017cnych nawierzchniach \u2013 od domowej pod\u0142ogi po teren na zewn\u0105trz. Materia\u0142 jest \u0142atwy do czyszczenia i szybkoschn\u0105cy, co czyni ten model idealnym wyborem na lato, pla\u017c\u0119, do przedszkola czy na co dzie\u0144.<\/p>\n<p class=\"\" data-start=\"1359\" data-end=\"1574\">Dzi\u0119ki swojej <strong data-start=\"1373\" data-end=\"1400\">limitowanej dost\u0119pno\u015bci<\/strong>, Foam Runner Kids &#8222;Sand&#8221; zyskuje tak\u017ce warto\u015b\u0107 kolekcjonersk\u0105 w \u015bwiecie dzieci\u0119cych sneaker\u00f3w, staj\u0105c si\u0119 obuwiem nie tylko praktycznym, ale i wyj\u0105tkowym w swojej kategorii.<\/p>","protected":false},"excerpt":{"rendered":"<article class=\"group\/turn w-full text-token-text-primary focus-visible:outline-2 focus-visible:outline-offset-[-4px]\" dir=\"auto\" data-testid=\"conversation-turn-28\" data-scroll-anchor=\"true\">\n<div class=\"text-base my-auto mx-auto py-[18px] px-6\">\n<div class=\"mx-auto flex flex-1 text-base gap-4 md:gap-5 lg:gap-6 md:max-w-3xl lg:max-w-[40rem] xl:max-w-[48rem]\">\n<div class=\"group\/conversation-turn relative flex w-full min-w-0 flex-col agent-turn @xs\/thread:px-0 @sm\/thread:px-1.5 @md\/thread:px-4\">\n<div class=\"flex-col gap-1 md:gap-3\">\n<div class=\"flex max-w-full flex-col flex-grow\">\n<div class=\"min-h-8 text-message relative flex w-full flex-col items-end gap-2 whitespace-normal break-words text-start [.text-message+&amp;]:mt-5\" dir=\"auto\" data-message-author-role=\"assistant\" data-message-id=\"198b5aa2-7d36-4064-ac77-2294f7e7c73a\" data-message-model-slug=\"gpt-4o\">\n<div class=\"flex w-full flex-col gap-1 empty:hidden first:pt-[3px]\">\n<div class=\"markdown prose w-full break-words dark:prose-invert light\">\n<h2 class=\"\" data-start=\"0\" data-end=\"57\">Komfort i przewiewno\u015b\u0107 na ka\u017cdy dzie\u0144 dla najm\u0142odszych<\/h2>\n<p class=\"\" data-start=\"59\" data-end=\"490\">Adidas Yeezy Foam Runner Kids &#8222;Sand&#8221; to lekkie, wsuwane obuwie dzieci\u0119ce wykonane z mieszanki pianki EVA i algowej, zapewniaj\u0105cej trwa\u0142o\u015b\u0107 i elastyczno\u015b\u0107. A\u017curowa konstrukcja dba o wentylacj\u0119, a ergonomiczne wn\u0119trze wspiera naturalny kszta\u0142t stopy. Neutralny be\u017cowy kolor &#8222;Sand&#8221; pasuje do ka\u017cdej stylizacji, a \u0142atwo\u015b\u0107 czyszczenia sprawia, \u017ce model \u015bwietnie sprawdza si\u0119 w codziennym u\u017cytkowaniu \u2013 zar\u00f3wno w domu, jak i na zewn\u0105trz.<\/p>\n<\/div>\n<\/div>\n<\/div>\n<\/div>\n<\/div>\n<\/div>\n<\/div>\n<\/div>\n<\/article>\n","protected":false},"featured_media":33507,"template":"","meta":{"_acf_changed":false,"_yoast_wpseo_focuskw":"Dzieci\u0119ce Yeezy Foam Runner Sand","_yoast_wpseo_title":"","_yoast_wpseo_metadesc":""},"pwb-brand":[748,750],"product_brand":[],"product_cat":[16,505,899,941],"product_tag":[1008,1009],"class_list":{"0":"post-33497","1":"product","2":"type-product","3":"status-publish","4":"has-post-thumbnail","6":"pwb-brand-adidas","7":"pwb-brand-yeezy","8":"product_cat-buty","9":"product_cat-kids","10":"product_cat-adidas-yeezy-kids","11":"product_cat-buty-dla-dzieci-adidas-yeezy-foam-rnrr","12":"product_tag-kobieta","13":"product_tag-mezczyzna","15":"first","16":"onbackorder","17":"taxable","18":"shipping-taxable","19":"purchasable","20":"product-type-variable","21":"has-default-attributes"},"acf":[],"yoast_head":"<!-- This site is optimized with the Yoast SEO plugin v27.4 - https:\/\/yoast.com\/product\/yoast-seo-wordpress\/ -->\n<title>Dzieci\u0119ce Yeezy Foam Runner Sand - SHEZAMME<\/title>\n<meta name=\"description\" content=\"Dzieci\u0119ce Yeezy Foam Runner Sand | Luksusowe i autentyczne przedmioty w jednym miejscu. B\u0105d\u017a na bie\u017c\u0105co i sprawd\u017a nasz\u0105 ofert\u0119 ju\u017c teraz\" \/>\n<meta name=\"robots\" content=\"index, follow, max-snippet:-1, max-image-preview:large, max-video-preview:-1\" \/>\n<link rel=\"canonical\" href=\"https:\/\/shezamme.com\/en\/sklep\/sneakers-2\/kids\/adidas-yeezy-kids\/kids-shoes-adidas-yeezy-foam-rnrr\/dzieciece-yeezy-foam-runner-sand\/\" \/>\n<meta property=\"og:locale\" content=\"en_US\" \/>\n<meta property=\"og:type\" content=\"article\" \/>\n<meta property=\"og:title\" content=\"Dzieci\u0119ce Yeezy Foam Runner Sand - SHEZAMME\" \/>\n<meta property=\"og:description\" content=\"Dzieci\u0119ce Yeezy Foam Runner Sand | Luksusowe i autentyczne przedmioty w jednym miejscu. B\u0105d\u017a na bie\u017c\u0105co i sprawd\u017a nasz\u0105 ofert\u0119 ju\u017c teraz\" \/>\n<meta property=\"og:url\" content=\"https:\/\/shezamme.com\/en\/sklep\/sneakers-2\/kids\/adidas-yeezy-kids\/kids-shoes-adidas-yeezy-foam-rnrr\/dzieciece-yeezy-foam-runner-sand\/\" \/>\n<meta property=\"og:site_name\" content=\"SHEZAMME - Yeezy, Jordan, Supreme i inne oryginalne rzeczy\" \/>\n<meta property=\"article:publisher\" content=\"https:\/\/www.facebook.com\/SHEZAMME\/\" \/>\n<meta property=\"article:modified_time\" content=\"2025-03-23T19:29:36+00:00\" \/>\n<meta property=\"og:image\" content=\"https:\/\/shezamme.com\/wp-content\/uploads\/2023\/09\/IMG_4500.jpg\" \/>\n\t<meta property=\"og:image:width\" content=\"1170\" \/>\n\t<meta property=\"og:image:height\" content=\"1039\" \/>\n\t<meta property=\"og:image:type\" content=\"image\/jpeg\" \/>\n<meta name=\"twitter:card\" content=\"summary_large_image\" \/>\n<meta name=\"twitter:site\" content=\"@SHEZAMME\" \/>\n<meta name=\"twitter:label1\" content=\"Est. reading time\" \/>\n\t<meta name=\"twitter:data1\" content=\"1 minute\" \/>\n<script type=\"application\/ld+json\" class=\"yoast-schema-graph\">{\"@context\":\"https:\\\/\\\/schema.org\",\"@graph\":[{\"@type\":\"WebPage\",\"@id\":\"https:\\\/\\\/shezamme.com\\\/sklep\\\/buty\\\/kids\\\/adidas-yeezy-kids\\\/buty-dla-dzieci-adidas-yeezy-foam-rnrr\\\/dzieciece-yeezy-foam-runner-sand\\\/\",\"url\":\"https:\\\/\\\/shezamme.com\\\/sklep\\\/buty\\\/kids\\\/adidas-yeezy-kids\\\/buty-dla-dzieci-adidas-yeezy-foam-rnrr\\\/dzieciece-yeezy-foam-runner-sand\\\/\",\"name\":\"Dzieci\u0119ce Yeezy Foam Runner Sand - SHEZAMME\",\"isPartOf\":{\"@id\":\"https:\\\/\\\/shezamme.com\\\/#website\"},\"primaryImageOfPage\":{\"@id\":\"https:\\\/\\\/shezamme.com\\\/sklep\\\/buty\\\/kids\\\/adidas-yeezy-kids\\\/buty-dla-dzieci-adidas-yeezy-foam-rnrr\\\/dzieciece-yeezy-foam-runner-sand\\\/#primaryimage\"},\"image\":{\"@id\":\"https:\\\/\\\/shezamme.com\\\/sklep\\\/buty\\\/kids\\\/adidas-yeezy-kids\\\/buty-dla-dzieci-adidas-yeezy-foam-rnrr\\\/dzieciece-yeezy-foam-runner-sand\\\/#primaryimage\"},\"thumbnailUrl\":\"https:\\\/\\\/shezamme.com\\\/wp-content\\\/uploads\\\/2023\\\/09\\\/IMG_4500.jpg\",\"datePublished\":\"2023-09-19T07:30:48+00:00\",\"dateModified\":\"2025-03-23T19:29:36+00:00\",\"description\":\"Dzieci\u0119ce Yeezy Foam Runner Sand | Luksusowe i autentyczne przedmioty w jednym miejscu. B\u0105d\u017a na bie\u017c\u0105co i sprawd\u017a nasz\u0105 ofert\u0119 ju\u017c teraz\",\"breadcrumb\":{\"@id\":\"https:\\\/\\\/shezamme.com\\\/sklep\\\/buty\\\/kids\\\/adidas-yeezy-kids\\\/buty-dla-dzieci-adidas-yeezy-foam-rnrr\\\/dzieciece-yeezy-foam-runner-sand\\\/#breadcrumb\"},\"inLanguage\":\"en-US\",\"potentialAction\":[{\"@type\":\"ReadAction\",\"target\":[\"https:\\\/\\\/shezamme.com\\\/sklep\\\/buty\\\/kids\\\/adidas-yeezy-kids\\\/buty-dla-dzieci-adidas-yeezy-foam-rnrr\\\/dzieciece-yeezy-foam-runner-sand\\\/\"]}]},{\"@type\":\"ImageObject\",\"inLanguage\":\"en-US\",\"@id\":\"https:\\\/\\\/shezamme.com\\\/sklep\\\/buty\\\/kids\\\/adidas-yeezy-kids\\\/buty-dla-dzieci-adidas-yeezy-foam-rnrr\\\/dzieciece-yeezy-foam-runner-sand\\\/#primaryimage\",\"url\":\"https:\\\/\\\/shezamme.com\\\/wp-content\\\/uploads\\\/2023\\\/09\\\/IMG_4500.jpg\",\"contentUrl\":\"https:\\\/\\\/shezamme.com\\\/wp-content\\\/uploads\\\/2023\\\/09\\\/IMG_4500.jpg\",\"width\":1170,\"height\":1039,\"caption\":\"Dzieci\u0119ce Yeezy Foam Runner Sand\"},{\"@type\":\"BreadcrumbList\",\"@id\":\"https:\\\/\\\/shezamme.com\\\/sklep\\\/buty\\\/kids\\\/adidas-yeezy-kids\\\/buty-dla-dzieci-adidas-yeezy-foam-rnrr\\\/dzieciece-yeezy-foam-runner-sand\\\/#breadcrumb\",\"itemListElement\":[{\"@type\":\"ListItem\",\"position\":1,\"name\":\"Strona g\u0142\u00f3wna\",\"item\":\"https:\\\/\\\/shezamme.com\\\/\"},{\"@type\":\"ListItem\",\"position\":2,\"name\":\"Sklep\",\"item\":\"https:\\\/\\\/shezamme.com\\\/en\\\/sklep\\\/\"},{\"@type\":\"ListItem\",\"position\":3,\"name\":\"Dzieci\u0119ce Yeezy Foam Runner Sand\"}]},{\"@type\":\"WebSite\",\"@id\":\"https:\\\/\\\/shezamme.com\\\/#website\",\"url\":\"https:\\\/\\\/shezamme.com\\\/\",\"name\":\"SHEZAMME - Sneakersy, Streetwear i luksusowe marki\",\"description\":\"Oryginalne i ekskluzywne przedmioty w jednym miejscu. Sprawd\u017a nasze produkty ju\u017c teraz i b\u0105d\u017a na bie\u017c\u0105co z wszystkimi premierami.\",\"publisher\":{\"@id\":\"https:\\\/\\\/shezamme.com\\\/#organization\"},\"potentialAction\":[{\"@type\":\"SearchAction\",\"target\":{\"@type\":\"EntryPoint\",\"urlTemplate\":\"https:\\\/\\\/shezamme.com\\\/?s={search_term_string}\"},\"query-input\":{\"@type\":\"PropertyValueSpecification\",\"valueRequired\":true,\"valueName\":\"search_term_string\"}}],\"inLanguage\":\"en-US\"},{\"@type\":\"Organization\",\"@id\":\"https:\\\/\\\/shezamme.com\\\/#organization\",\"name\":\"SHEZAMME - Sneakersy, Streetwear i luksusowe marki\",\"url\":\"https:\\\/\\\/shezamme.com\\\/\",\"logo\":{\"@type\":\"ImageObject\",\"inLanguage\":\"en-US\",\"@id\":\"https:\\\/\\\/shezamme.com\\\/#\\\/schema\\\/logo\\\/image\\\/\",\"url\":\"https:\\\/\\\/shezamme.com\\\/wp-content\\\/uploads\\\/2023\\\/02\\\/0x0.png\",\"contentUrl\":\"https:\\\/\\\/shezamme.com\\\/wp-content\\\/uploads\\\/2023\\\/02\\\/0x0.png\",\"width\":2000,\"height\":2000,\"caption\":\"SHEZAMME - Sneakersy, Streetwear i luksusowe marki\"},\"image\":{\"@id\":\"https:\\\/\\\/shezamme.com\\\/#\\\/schema\\\/logo\\\/image\\\/\"},\"sameAs\":[\"https:\\\/\\\/www.facebook.com\\\/SHEZAMME\\\/\",\"https:\\\/\\\/x.com\\\/SHEZAMME\",\"https:\\\/\\\/www.instagram.com\\\/shezamme\\\/\",\"https:\\\/\\\/www.youtube.com\\\/channel\\\/UCsTJxi_9fODHdO_1bmJbqvQ\",\"https:\\\/\\\/www.tiktok.com\\\/shezamme.com\"]}]}<\/script>\n<!-- \/ Yoast SEO plugin. -->","yoast_head_json":{"title":"Dzieci\u0119ce Yeezy Foam Runner Sand - SHEZAMME","description":"Dzieci\u0119ce Yeezy Foam Runner Sand | Luksusowe i autentyczne przedmioty w jednym miejscu. B\u0105d\u017a na bie\u017c\u0105co i sprawd\u017a nasz\u0105 ofert\u0119 ju\u017c teraz","robots":{"index":"index","follow":"follow","max-snippet":"max-snippet:-1","max-image-preview":"max-image-preview:large","max-video-preview":"max-video-preview:-1"},"canonical":"https:\/\/shezamme.com\/en\/sklep\/sneakers-2\/kids\/adidas-yeezy-kids\/kids-shoes-adidas-yeezy-foam-rnrr\/dzieciece-yeezy-foam-runner-sand\/","og_locale":"en_US","og_type":"article","og_title":"Dzieci\u0119ce Yeezy Foam Runner Sand - SHEZAMME","og_description":"Dzieci\u0119ce Yeezy Foam Runner Sand | Luksusowe i autentyczne przedmioty w jednym miejscu. B\u0105d\u017a na bie\u017c\u0105co i sprawd\u017a nasz\u0105 ofert\u0119 ju\u017c teraz","og_url":"https:\/\/shezamme.com\/en\/sklep\/sneakers-2\/kids\/adidas-yeezy-kids\/kids-shoes-adidas-yeezy-foam-rnrr\/dzieciece-yeezy-foam-runner-sand\/","og_site_name":"SHEZAMME - Yeezy, Jordan, Supreme i inne oryginalne rzeczy","article_publisher":"https:\/\/www.facebook.com\/SHEZAMME\/","article_modified_time":"2025-03-23T19:29:36+00:00","og_image":[{"width":1170,"height":1039,"url":"https:\/\/shezamme.com\/wp-content\/uploads\/2023\/09\/IMG_4500.jpg","type":"image\/jpeg"}],"twitter_card":"summary_large_image","twitter_site":"@SHEZAMME","twitter_misc":{"Est. reading time":"1 minute"},"schema":{"@context":"https:\/\/schema.org","@graph":[{"@type":"WebPage","@id":"https:\/\/shezamme.com\/sklep\/buty\/kids\/adidas-yeezy-kids\/buty-dla-dzieci-adidas-yeezy-foam-rnrr\/dzieciece-yeezy-foam-runner-sand\/","url":"https:\/\/shezamme.com\/sklep\/buty\/kids\/adidas-yeezy-kids\/buty-dla-dzieci-adidas-yeezy-foam-rnrr\/dzieciece-yeezy-foam-runner-sand\/","name":"Dzieci\u0119ce Yeezy Foam Runner Sand - SHEZAMME","isPartOf":{"@id":"https:\/\/shezamme.com\/#website"},"primaryImageOfPage":{"@id":"https:\/\/shezamme.com\/sklep\/buty\/kids\/adidas-yeezy-kids\/buty-dla-dzieci-adidas-yeezy-foam-rnrr\/dzieciece-yeezy-foam-runner-sand\/#primaryimage"},"image":{"@id":"https:\/\/shezamme.com\/sklep\/buty\/kids\/adidas-yeezy-kids\/buty-dla-dzieci-adidas-yeezy-foam-rnrr\/dzieciece-yeezy-foam-runner-sand\/#primaryimage"},"thumbnailUrl":"https:\/\/shezamme.com\/wp-content\/uploads\/2023\/09\/IMG_4500.jpg","datePublished":"2023-09-19T07:30:48+00:00","dateModified":"2025-03-23T19:29:36+00:00","description":"Dzieci\u0119ce Yeezy Foam Runner Sand | Luksusowe i autentyczne przedmioty w jednym miejscu. B\u0105d\u017a na bie\u017c\u0105co i sprawd\u017a nasz\u0105 ofert\u0119 ju\u017c teraz","breadcrumb":{"@id":"https:\/\/shezamme.com\/sklep\/buty\/kids\/adidas-yeezy-kids\/buty-dla-dzieci-adidas-yeezy-foam-rnrr\/dzieciece-yeezy-foam-runner-sand\/#breadcrumb"},"inLanguage":"en-US","potentialAction":[{"@type":"ReadAction","target":["https:\/\/shezamme.com\/sklep\/buty\/kids\/adidas-yeezy-kids\/buty-dla-dzieci-adidas-yeezy-foam-rnrr\/dzieciece-yeezy-foam-runner-sand\/"]}]},{"@type":"ImageObject","inLanguage":"en-US","@id":"https:\/\/shezamme.com\/sklep\/buty\/kids\/adidas-yeezy-kids\/buty-dla-dzieci-adidas-yeezy-foam-rnrr\/dzieciece-yeezy-foam-runner-sand\/#primaryimage","url":"https:\/\/shezamme.com\/wp-content\/uploads\/2023\/09\/IMG_4500.jpg","contentUrl":"https:\/\/shezamme.com\/wp-content\/uploads\/2023\/09\/IMG_4500.jpg","width":1170,"height":1039,"caption":"Dzieci\u0119ce Yeezy Foam Runner Sand"},{"@type":"BreadcrumbList","@id":"https:\/\/shezamme.com\/sklep\/buty\/kids\/adidas-yeezy-kids\/buty-dla-dzieci-adidas-yeezy-foam-rnrr\/dzieciece-yeezy-foam-runner-sand\/#breadcrumb","itemListElement":[{"@type":"ListItem","position":1,"name":"Strona g\u0142\u00f3wna","item":"https:\/\/shezamme.com\/"},{"@type":"ListItem","position":2,"name":"Sklep","item":"https:\/\/shezamme.com\/en\/sklep\/"},{"@type":"ListItem","position":3,"name":"Dzieci\u0119ce Yeezy Foam Runner Sand"}]},{"@type":"WebSite","@id":"https:\/\/shezamme.com\/#website","url":"https:\/\/shezamme.com\/","name":"SHEZAMME - Sneakers, Streetwear and luxury brands","description":"Original and exclusive items in one place. Check out our products now and stay up to date with all launches.","publisher":{"@id":"https:\/\/shezamme.com\/#organization"},"potentialAction":[{"@type":"SearchAction","target":{"@type":"EntryPoint","urlTemplate":"https:\/\/shezamme.com\/?s={search_term_string}"},"query-input":{"@type":"PropertyValueSpecification","valueRequired":true,"valueName":"search_term_string"}}],"inLanguage":"en-US"},{"@type":"Organization","@id":"https:\/\/shezamme.com\/#organization","name":"SHEZAMME - Sneakers, Streetwear and luxury brands","url":"https:\/\/shezamme.com\/","logo":{"@type":"ImageObject","inLanguage":"en-US","@id":"https:\/\/shezamme.com\/#\/schema\/logo\/image\/","url":"https:\/\/shezamme.com\/wp-content\/uploads\/2023\/02\/0x0.png","contentUrl":"https:\/\/shezamme.com\/wp-content\/uploads\/2023\/02\/0x0.png","width":2000,"height":2000,"caption":"SHEZAMME - Sneakersy, Streetwear i luksusowe marki"},"image":{"@id":"https:\/\/shezamme.com\/#\/schema\/logo\/image\/"},"sameAs":["https:\/\/www.facebook.com\/SHEZAMME\/","https:\/\/x.com\/SHEZAMME","https:\/\/www.instagram.com\/shezamme\/","https:\/\/www.youtube.com\/channel\/UCsTJxi_9fODHdO_1bmJbqvQ","https:\/\/www.tiktok.com\/shezamme.com"]}]}},"brands":[{"id":748,"name":"Adidas","slug":"adidas"},{"id":750,"name":"Yeezy","slug":"yeezy"}],"_links":{"self":[{"href":"https:\/\/shezamme.com\/en\/wp-json\/wp\/v2\/product\/33497","targetHints":{"allow":["GET"]}}],"collection":[{"href":"https:\/\/shezamme.com\/en\/wp-json\/wp\/v2\/product"}],"about":[{"href":"https:\/\/shezamme.com\/en\/wp-json\/wp\/v2\/types\/product"}],"wp:featuredmedia":[{"embeddable":true,"href":"https:\/\/shezamme.com\/en\/wp-json\/wp\/v2\/media\/33507"}],"wp:attachment":[{"href":"https:\/\/shezamme.com\/en\/wp-json\/wp\/v2\/media?parent=33497"}],"wp:term":[{"taxonomy":"pwb-brand","embeddable":true,"href":"https:\/\/shezamme.com\/en\/wp-json\/wp\/v2\/pwb-brand?post=33497"},{"taxonomy":"product_brand","embeddable":true,"href":"https:\/\/shezamme.com\/en\/wp-json\/wp\/v2\/product_brand?post=33497"},{"taxonomy":"product_cat","embeddable":true,"href":"https:\/\/shezamme.com\/en\/wp-json\/wp\/v2\/product_cat?post=33497"},{"taxonomy":"product_tag","embeddable":true,"href":"https:\/\/shezamme.com\/en\/wp-json\/wp\/v2\/product_tag?post=33497"}],"curies":[{"name":"wp","href":"https:\/\/api.w.org\/{rel}","templated":true}]}}