{"id":33395,"date":"2023-09-18T16:04:38","date_gmt":"2023-09-18T14:04:38","guid":{"rendered":"https:\/\/shezamme.com\/?post_type=product&#038;p=33395"},"modified":"2025-03-17T23:24:25","modified_gmt":"2025-03-17T22:24:25","slug":"air-jordan-1-high-retro-og-palomino","status":"publish","type":"product","link":"https:\/\/shezamme.com\/en\/sklep\/buty\/air-jordan\/air-jordan-1-high\/air-jordan-1-high-retro-og-palomino\/","title":{"rendered":"Air Jordan 1 High Retro OG Palomino"},"content":{"rendered":"<h2>Styl vintage w nowoczesnym wydaniu<\/h2>\n<p>Air Jordan 1 High Retro OG &#8222;Palomino&#8221; to elegancka interpretacja klasycznego modelu, wyr\u00f3\u017cniaj\u0105ca si\u0119 po\u0142\u0105czeniem ciemnego br\u0105zu i czerni. Styl vintage z subtelnymi detalami podkre\u015bla ponadczasowy charakter but\u00f3w. Wysokiej jako\u015bci zamsz w odcieniu &#8222;Palomino&#8221; i g\u0142adka czarna sk\u00f3ra zapewniaj\u0105 trwa\u0142o\u015b\u0107 oraz przyci\u0105gaj\u0105cy wzrok wygl\u0105d.<\/p>\n<h2>Komfort i ikoniczny design w jednym<\/h2>\n<p>Model zachowuje kultowy profil Air Jordan 1 z logotypem &#8222;Wings&#8221; na kostce, a perforowany prz\u00f3d gwarantuje przewiewno\u015b\u0107. Czarne detale oraz sznurowad\u0142a dodaj\u0105 elegancji, a podeszwa z amortyzacj\u0105 Air zapewnia komfort i wsparcie na ca\u0142y dzie\u0144.<\/p>","protected":false},"excerpt":{"rendered":"<h2>Klasyka z charakterem w odcieniach br\u0105zu i czerni<\/h2>\n<p>Air Jordan 1 High Retro OG &#8222;Palomino&#8221; to elegancka ods\u0142ona kultowego modelu, \u0142\u0105cz\u0105ca zamsz w g\u0142\u0119bokim br\u0105zie z czarn\u0105 sk\u00f3r\u0105, tworz\u0105c efekt w stylu vintage. Czarne detale i klasyczny logotyp &#8222;Wings&#8221; nadaj\u0105 mu wyj\u0105tkowego charakteru, a podeszwa z amortyzacj\u0105 Air dba o komfort na co dzie\u0144.<\/p>","protected":false},"featured_media":33407,"template":"","meta":{"_acf_changed":false,"_yoast_wpseo_focuskw":"Air Jordan 1 High Retro OG Palomino","_yoast_wpseo_title":"","_yoast_wpseo_metadesc":""},"pwb-brand":[749,756],"product_brand":[],"product_cat":[16,17,18],"product_tag":[1008,1009],"class_list":{"0":"post-33395","1":"product","2":"type-product","3":"status-publish","4":"has-post-thumbnail","6":"pwb-brand-air-jordan","7":"pwb-brand-nike","8":"product_cat-buty","9":"product_cat-air-jordan","10":"product_cat-air-jordan-1-high","11":"product_tag-kobieta","12":"product_tag-mezczyzna","14":"first","15":"instock","16":"taxable","17":"shipping-taxable","18":"purchasable","19":"product-type-variable","20":"has-default-attributes"},"acf":[],"yoast_head":"<!-- This site is optimized with the Yoast SEO plugin v27.3 - https:\/\/yoast.com\/product\/yoast-seo-wordpress\/ -->\n<title>Air Jordan 1 High Retro OG Palomino - SHEZAMME<\/title>\n<meta name=\"description\" content=\"Air Jordan 1 High Retro OG Palomino | Luksusowe i autentyczne przedmioty w jednym miejscu. B\u0105d\u017a na bie\u017c\u0105co i sprawd\u017a nasz\u0105 ofert\u0119 ju\u017c teraz\" \/>\n<meta name=\"robots\" content=\"index, follow, max-snippet:-1, max-image-preview:large, max-video-preview:-1\" \/>\n<link rel=\"canonical\" href=\"https:\/\/shezamme.com\/en\/sklep\/sneakers-2\/air-jordan\/air-jordan-1-high\/air-jordan-1-high-retro-og-palomino\/\" \/>\n<meta property=\"og:locale\" content=\"en_US\" \/>\n<meta property=\"og:type\" content=\"article\" \/>\n<meta property=\"og:title\" content=\"Air Jordan 1 High Retro OG Palomino - SHEZAMME\" \/>\n<meta property=\"og:description\" content=\"Air Jordan 1 High Retro OG Palomino | Luksusowe i autentyczne przedmioty w jednym miejscu. B\u0105d\u017a na bie\u017c\u0105co i sprawd\u017a nasz\u0105 ofert\u0119 ju\u017c teraz\" \/>\n<meta property=\"og:url\" content=\"https:\/\/shezamme.com\/en\/sklep\/sneakers-2\/air-jordan\/air-jordan-1-high\/air-jordan-1-high-retro-og-palomino\/\" \/>\n<meta property=\"og:site_name\" content=\"SHEZAMME - Yeezy, Jordan, Supreme i inne oryginalne rzeczy\" \/>\n<meta property=\"article:publisher\" content=\"https:\/\/www.facebook.com\/SHEZAMME\/\" \/>\n<meta property=\"article:modified_time\" content=\"2025-03-17T22:24:25+00:00\" \/>\n<meta property=\"og:image\" content=\"https:\/\/shezamme.com\/wp-content\/uploads\/2023\/09\/IMG_4463.jpg\" \/>\n\t<meta property=\"og:image:width\" content=\"1170\" \/>\n\t<meta property=\"og:image:height\" content=\"1004\" \/>\n\t<meta property=\"og:image:type\" content=\"image\/jpeg\" \/>\n<meta name=\"twitter:card\" content=\"summary_large_image\" \/>\n<meta name=\"twitter:site\" content=\"@SHEZAMME\" \/>\n<meta name=\"twitter:label1\" content=\"Est. reading time\" \/>\n\t<meta name=\"twitter:data1\" content=\"1 minute\" \/>\n<script type=\"application\/ld+json\" class=\"yoast-schema-graph\">{\"@context\":\"https:\\\/\\\/schema.org\",\"@graph\":[{\"@type\":\"WebPage\",\"@id\":\"https:\\\/\\\/shezamme.com\\\/sklep\\\/buty\\\/air-jordan\\\/air-jordan-1-high\\\/air-jordan-1-high-retro-og-palomino\\\/\",\"url\":\"https:\\\/\\\/shezamme.com\\\/sklep\\\/buty\\\/air-jordan\\\/air-jordan-1-high\\\/air-jordan-1-high-retro-og-palomino\\\/\",\"name\":\"Air Jordan 1 High Retro OG Palomino - SHEZAMME\",\"isPartOf\":{\"@id\":\"https:\\\/\\\/shezamme.com\\\/#website\"},\"primaryImageOfPage\":{\"@id\":\"https:\\\/\\\/shezamme.com\\\/sklep\\\/buty\\\/air-jordan\\\/air-jordan-1-high\\\/air-jordan-1-high-retro-og-palomino\\\/#primaryimage\"},\"image\":{\"@id\":\"https:\\\/\\\/shezamme.com\\\/sklep\\\/buty\\\/air-jordan\\\/air-jordan-1-high\\\/air-jordan-1-high-retro-og-palomino\\\/#primaryimage\"},\"thumbnailUrl\":\"https:\\\/\\\/shezamme.com\\\/wp-content\\\/uploads\\\/2023\\\/09\\\/IMG_4463.jpg\",\"datePublished\":\"2023-09-18T14:04:38+00:00\",\"dateModified\":\"2025-03-17T22:24:25+00:00\",\"description\":\"Air Jordan 1 High Retro OG Palomino | Luksusowe i autentyczne przedmioty w jednym miejscu. B\u0105d\u017a na bie\u017c\u0105co i sprawd\u017a nasz\u0105 ofert\u0119 ju\u017c teraz\",\"breadcrumb\":{\"@id\":\"https:\\\/\\\/shezamme.com\\\/sklep\\\/buty\\\/air-jordan\\\/air-jordan-1-high\\\/air-jordan-1-high-retro-og-palomino\\\/#breadcrumb\"},\"inLanguage\":\"en-US\",\"potentialAction\":[{\"@type\":\"ReadAction\",\"target\":[\"https:\\\/\\\/shezamme.com\\\/sklep\\\/buty\\\/air-jordan\\\/air-jordan-1-high\\\/air-jordan-1-high-retro-og-palomino\\\/\"]}]},{\"@type\":\"ImageObject\",\"inLanguage\":\"en-US\",\"@id\":\"https:\\\/\\\/shezamme.com\\\/sklep\\\/buty\\\/air-jordan\\\/air-jordan-1-high\\\/air-jordan-1-high-retro-og-palomino\\\/#primaryimage\",\"url\":\"https:\\\/\\\/shezamme.com\\\/wp-content\\\/uploads\\\/2023\\\/09\\\/IMG_4463.jpg\",\"contentUrl\":\"https:\\\/\\\/shezamme.com\\\/wp-content\\\/uploads\\\/2023\\\/09\\\/IMG_4463.jpg\",\"width\":1170,\"height\":1004,\"caption\":\"Air Jordan 1 High Retro OG Palomino\"},{\"@type\":\"BreadcrumbList\",\"@id\":\"https:\\\/\\\/shezamme.com\\\/sklep\\\/buty\\\/air-jordan\\\/air-jordan-1-high\\\/air-jordan-1-high-retro-og-palomino\\\/#breadcrumb\",\"itemListElement\":[{\"@type\":\"ListItem\",\"position\":1,\"name\":\"Strona g\u0142\u00f3wna\",\"item\":\"https:\\\/\\\/shezamme.com\\\/\"},{\"@type\":\"ListItem\",\"position\":2,\"name\":\"Sklep\",\"item\":\"https:\\\/\\\/shezamme.com\\\/en\\\/sklep\\\/\"},{\"@type\":\"ListItem\",\"position\":3,\"name\":\"Air Jordan 1 High Retro OG Palomino\"}]},{\"@type\":\"WebSite\",\"@id\":\"https:\\\/\\\/shezamme.com\\\/#website\",\"url\":\"https:\\\/\\\/shezamme.com\\\/\",\"name\":\"SHEZAMME - Sneakersy, Streetwear i luksusowe marki\",\"description\":\"Oryginalne i ekskluzywne przedmioty w jednym miejscu. Sprawd\u017a nasze produkty ju\u017c teraz i b\u0105d\u017a na bie\u017c\u0105co z wszystkimi premierami.\",\"publisher\":{\"@id\":\"https:\\\/\\\/shezamme.com\\\/#organization\"},\"potentialAction\":[{\"@type\":\"SearchAction\",\"target\":{\"@type\":\"EntryPoint\",\"urlTemplate\":\"https:\\\/\\\/shezamme.com\\\/?s={search_term_string}\"},\"query-input\":{\"@type\":\"PropertyValueSpecification\",\"valueRequired\":true,\"valueName\":\"search_term_string\"}}],\"inLanguage\":\"en-US\"},{\"@type\":\"Organization\",\"@id\":\"https:\\\/\\\/shezamme.com\\\/#organization\",\"name\":\"SHEZAMME - Sneakersy, Streetwear i luksusowe marki\",\"url\":\"https:\\\/\\\/shezamme.com\\\/\",\"logo\":{\"@type\":\"ImageObject\",\"inLanguage\":\"en-US\",\"@id\":\"https:\\\/\\\/shezamme.com\\\/#\\\/schema\\\/logo\\\/image\\\/\",\"url\":\"https:\\\/\\\/shezamme.com\\\/wp-content\\\/uploads\\\/2023\\\/02\\\/0x0.png\",\"contentUrl\":\"https:\\\/\\\/shezamme.com\\\/wp-content\\\/uploads\\\/2023\\\/02\\\/0x0.png\",\"width\":2000,\"height\":2000,\"caption\":\"SHEZAMME - Sneakersy, Streetwear i luksusowe marki\"},\"image\":{\"@id\":\"https:\\\/\\\/shezamme.com\\\/#\\\/schema\\\/logo\\\/image\\\/\"},\"sameAs\":[\"https:\\\/\\\/www.facebook.com\\\/SHEZAMME\\\/\",\"https:\\\/\\\/x.com\\\/SHEZAMME\",\"https:\\\/\\\/www.instagram.com\\\/shezamme\\\/\",\"https:\\\/\\\/www.youtube.com\\\/channel\\\/UCsTJxi_9fODHdO_1bmJbqvQ\",\"https:\\\/\\\/www.tiktok.com\\\/shezamme.com\"]}]}<\/script>\n<!-- \/ Yoast SEO plugin. -->","yoast_head_json":{"title":"Air Jordan 1 High Retro OG Palomino - SHEZAMME","description":"Air Jordan 1 High Retro OG Palomino | Luksusowe i autentyczne przedmioty w jednym miejscu. B\u0105d\u017a na bie\u017c\u0105co i sprawd\u017a nasz\u0105 ofert\u0119 ju\u017c teraz","robots":{"index":"index","follow":"follow","max-snippet":"max-snippet:-1","max-image-preview":"max-image-preview:large","max-video-preview":"max-video-preview:-1"},"canonical":"https:\/\/shezamme.com\/en\/sklep\/sneakers-2\/air-jordan\/air-jordan-1-high\/air-jordan-1-high-retro-og-palomino\/","og_locale":"en_US","og_type":"article","og_title":"Air Jordan 1 High Retro OG Palomino - SHEZAMME","og_description":"Air Jordan 1 High Retro OG Palomino | Luksusowe i autentyczne przedmioty w jednym miejscu. B\u0105d\u017a na bie\u017c\u0105co i sprawd\u017a nasz\u0105 ofert\u0119 ju\u017c teraz","og_url":"https:\/\/shezamme.com\/en\/sklep\/sneakers-2\/air-jordan\/air-jordan-1-high\/air-jordan-1-high-retro-og-palomino\/","og_site_name":"SHEZAMME - Yeezy, Jordan, Supreme i inne oryginalne rzeczy","article_publisher":"https:\/\/www.facebook.com\/SHEZAMME\/","article_modified_time":"2025-03-17T22:24:25+00:00","og_image":[{"width":1170,"height":1004,"url":"https:\/\/shezamme.com\/wp-content\/uploads\/2023\/09\/IMG_4463.jpg","type":"image\/jpeg"}],"twitter_card":"summary_large_image","twitter_site":"@SHEZAMME","twitter_misc":{"Est. reading time":"1 minute"},"schema":{"@context":"https:\/\/schema.org","@graph":[{"@type":"WebPage","@id":"https:\/\/shezamme.com\/sklep\/buty\/air-jordan\/air-jordan-1-high\/air-jordan-1-high-retro-og-palomino\/","url":"https:\/\/shezamme.com\/sklep\/buty\/air-jordan\/air-jordan-1-high\/air-jordan-1-high-retro-og-palomino\/","name":"Air Jordan 1 High Retro OG Palomino - SHEZAMME","isPartOf":{"@id":"https:\/\/shezamme.com\/#website"},"primaryImageOfPage":{"@id":"https:\/\/shezamme.com\/sklep\/buty\/air-jordan\/air-jordan-1-high\/air-jordan-1-high-retro-og-palomino\/#primaryimage"},"image":{"@id":"https:\/\/shezamme.com\/sklep\/buty\/air-jordan\/air-jordan-1-high\/air-jordan-1-high-retro-og-palomino\/#primaryimage"},"thumbnailUrl":"https:\/\/shezamme.com\/wp-content\/uploads\/2023\/09\/IMG_4463.jpg","datePublished":"2023-09-18T14:04:38+00:00","dateModified":"2025-03-17T22:24:25+00:00","description":"Air Jordan 1 High Retro OG Palomino | Luksusowe i autentyczne przedmioty w jednym miejscu. B\u0105d\u017a na bie\u017c\u0105co i sprawd\u017a nasz\u0105 ofert\u0119 ju\u017c teraz","breadcrumb":{"@id":"https:\/\/shezamme.com\/sklep\/buty\/air-jordan\/air-jordan-1-high\/air-jordan-1-high-retro-og-palomino\/#breadcrumb"},"inLanguage":"en-US","potentialAction":[{"@type":"ReadAction","target":["https:\/\/shezamme.com\/sklep\/buty\/air-jordan\/air-jordan-1-high\/air-jordan-1-high-retro-og-palomino\/"]}]},{"@type":"ImageObject","inLanguage":"en-US","@id":"https:\/\/shezamme.com\/sklep\/buty\/air-jordan\/air-jordan-1-high\/air-jordan-1-high-retro-og-palomino\/#primaryimage","url":"https:\/\/shezamme.com\/wp-content\/uploads\/2023\/09\/IMG_4463.jpg","contentUrl":"https:\/\/shezamme.com\/wp-content\/uploads\/2023\/09\/IMG_4463.jpg","width":1170,"height":1004,"caption":"Air Jordan 1 High Retro OG Palomino"},{"@type":"BreadcrumbList","@id":"https:\/\/shezamme.com\/sklep\/buty\/air-jordan\/air-jordan-1-high\/air-jordan-1-high-retro-og-palomino\/#breadcrumb","itemListElement":[{"@type":"ListItem","position":1,"name":"Strona g\u0142\u00f3wna","item":"https:\/\/shezamme.com\/"},{"@type":"ListItem","position":2,"name":"Sklep","item":"https:\/\/shezamme.com\/en\/sklep\/"},{"@type":"ListItem","position":3,"name":"Air Jordan 1 High Retro OG Palomino"}]},{"@type":"WebSite","@id":"https:\/\/shezamme.com\/#website","url":"https:\/\/shezamme.com\/","name":"SHEZAMME - Sneakers, Streetwear and luxury brands","description":"Original and exclusive items in one place. Check out our products now and stay up to date with all launches.","publisher":{"@id":"https:\/\/shezamme.com\/#organization"},"potentialAction":[{"@type":"SearchAction","target":{"@type":"EntryPoint","urlTemplate":"https:\/\/shezamme.com\/?s={search_term_string}"},"query-input":{"@type":"PropertyValueSpecification","valueRequired":true,"valueName":"search_term_string"}}],"inLanguage":"en-US"},{"@type":"Organization","@id":"https:\/\/shezamme.com\/#organization","name":"SHEZAMME - Sneakers, Streetwear and luxury brands","url":"https:\/\/shezamme.com\/","logo":{"@type":"ImageObject","inLanguage":"en-US","@id":"https:\/\/shezamme.com\/#\/schema\/logo\/image\/","url":"https:\/\/shezamme.com\/wp-content\/uploads\/2023\/02\/0x0.png","contentUrl":"https:\/\/shezamme.com\/wp-content\/uploads\/2023\/02\/0x0.png","width":2000,"height":2000,"caption":"SHEZAMME - Sneakersy, Streetwear i luksusowe marki"},"image":{"@id":"https:\/\/shezamme.com\/#\/schema\/logo\/image\/"},"sameAs":["https:\/\/www.facebook.com\/SHEZAMME\/","https:\/\/x.com\/SHEZAMME","https:\/\/www.instagram.com\/shezamme\/","https:\/\/www.youtube.com\/channel\/UCsTJxi_9fODHdO_1bmJbqvQ","https:\/\/www.tiktok.com\/shezamme.com"]}]}},"brands":[{"id":749,"name":"Jordan","slug":"air-jordan"},{"id":756,"name":"Nike","slug":"nike"}],"_links":{"self":[{"href":"https:\/\/shezamme.com\/en\/wp-json\/wp\/v2\/product\/33395","targetHints":{"allow":["GET"]}}],"collection":[{"href":"https:\/\/shezamme.com\/en\/wp-json\/wp\/v2\/product"}],"about":[{"href":"https:\/\/shezamme.com\/en\/wp-json\/wp\/v2\/types\/product"}],"wp:featuredmedia":[{"embeddable":true,"href":"https:\/\/shezamme.com\/en\/wp-json\/wp\/v2\/media\/33407"}],"wp:attachment":[{"href":"https:\/\/shezamme.com\/en\/wp-json\/wp\/v2\/media?parent=33395"}],"wp:term":[{"taxonomy":"pwb-brand","embeddable":true,"href":"https:\/\/shezamme.com\/en\/wp-json\/wp\/v2\/pwb-brand?post=33395"},{"taxonomy":"product_brand","embeddable":true,"href":"https:\/\/shezamme.com\/en\/wp-json\/wp\/v2\/product_brand?post=33395"},{"taxonomy":"product_cat","embeddable":true,"href":"https:\/\/shezamme.com\/en\/wp-json\/wp\/v2\/product_cat?post=33395"},{"taxonomy":"product_tag","embeddable":true,"href":"https:\/\/shezamme.com\/en\/wp-json\/wp\/v2\/product_tag?post=33395"}],"curies":[{"name":"wp","href":"https:\/\/api.w.org\/{rel}","templated":true}]}}