{"id":33163,"date":"2023-09-15T17:05:01","date_gmt":"2023-09-15T15:05:01","guid":{"rendered":"https:\/\/shezamme.com\/?post_type=product&#038;p=33163"},"modified":"2025-03-22T01:25:31","modified_gmt":"2025-03-22T00:25:31","slug":"dzieciece-adidas-yeezy-700-mnvn-orange","status":"publish","type":"product","link":"https:\/\/shezamme.com\/en\/sklep\/buty\/kids\/adidas-yeezy-kids\/buty-dla-dzieci-adidas-yeezy-700\/dzieciece-adidas-yeezy-700-mnvn-orange\/","title":{"rendered":"Dzieci\u0119ce Adidas Yeezy 700 MNVN Orange"},"content":{"rendered":"<div class=\"group w-full text-token-text-primary border-b border-black\/10 dark:border-gray-900\/50 bg-gray-50 dark:bg-[#444654]\" data-testid=\"conversation-turn-3\">\n<div class=\"p-4 justify-center text-base md:gap-6 md:py-6 m-auto\">\n<div class=\"flex flex-1 gap-4 text-base mx-auto md:gap-6 md:max-w-2xl lg:max-w-[38rem] xl:max-w-3xl }\">\n<div class=\"relative flex w-[calc(100%-50px)] flex-col gap-1 md:gap-3 lg:w-[calc(100%-115px)]\">\n<div class=\"flex flex-grow flex-col gap-3 max-w-full\">\n<div class=\"min-h-[20px] flex flex-col items-start gap-3 overflow-x-auto whitespace-pre-wrap break-words\">\n<div class=\"markdown prose w-full break-words dark:prose-invert light\"><\/div>\n<\/div>\n<\/div>\n<div class=\"flex justify-between lg:block\">\n<div class=\"text-gray-400 flex self-end lg:self-center justify-center mt-2 gap-2 md:gap-3 lg:gap-1 lg:absolute lg:top-0 lg:translate-x-full lg:right-0 lg:mt-0 lg:pl-2 visible\">\n<h2 class=\"flex gap-1\"><span style=\"font-size: 28px\">Dzieci\u0119ce Adidas Yeezy 700 MNVN \u201eOrange\u201d \u2013 maksymalna energia i wygoda na co dzie\u0144<\/span><\/h2>\n<\/div>\n<\/div>\n<\/div>\n<\/div>\n<\/div>\n<\/div>\n<div class=\"group w-full text-token-text-primary border-b border-black\/10 dark:border-gray-900\/50 dark:bg-gray-800\" data-testid=\"conversation-turn-4\">\n<div class=\"p-4 justify-center text-base md:gap-6 md:py-6 m-auto\">\n<div class=\"flex flex-1 gap-4 text-base mx-auto md:gap-6 md:max-w-2xl lg:max-w-[38rem] xl:max-w-3xl }\">\n<div class=\"flex-shrink-0 flex flex-col relative items-end\">\n<p class=\"\" data-start=\"89\" data-end=\"483\">Adidas Yeezy 700 MNVN \u201eOrange\u201d w wersji dzieci\u0119cej to model, kt\u00f3ry \u0142\u0105czy nowoczesny styl z funkcjonalno\u015bci\u0105. Neonowa, nylonowa cholewka w intensywnym pomara\u0144czowym odcieniu zosta\u0142a uzupe\u0142niona czarnymi i metalicznymi detalami, tworz\u0105c wyrazisty, miejski look. Du\u017cy, odblaskowy napis \u201e700\u201d na bocznym panelu zwi\u0119ksza widoczno\u015b\u0107, a elastyczne sznurowanie u\u0142atwia zak\u0142adanie i zdejmowanie but\u00f3w.<\/p>\n<p class=\"\" data-start=\"485\" data-end=\"802\">Dzi\u0119ki podeszwie z technologi\u0105 Boost sneakersy oferuj\u0105 wyj\u0105tkow\u0105 amortyzacj\u0119 i komfort przez ca\u0142y dzie\u0144, idealne dla aktywnych dzieci. Subtelne logo Adidas na pi\u0119cie i wk\u0142adce zachowuje minimalistyczny charakter modelu. To \u015bwietny wyb\u00f3r dla najm\u0142odszych, kt\u00f3rzy chc\u0105 si\u0119 wyr\u00f3\u017cnia\u0107 i cieszy\u0107 pe\u0142n\u0105 wygod\u0105 ka\u017cdego dnia.<\/p>\n<\/div>\n<\/div>\n<\/div>\n<\/div>\n","protected":false},"excerpt":{"rendered":"<h2 class=\"\" data-start=\"0\" data-end=\"79\">Dzieci\u0119ce Adidas Yeezy 700 MNVN \u201eOrange\u201d \u2013 odwa\u017cny kolor, codzienna wygoda<\/h2>\n<p class=\"\" data-start=\"81\" data-end=\"452\">Yeezy 700 MNVN \u201eOrange\u201d w wersji dzieci\u0119cej to wyrazisty model z lekk\u0105, nylonow\u0105 cholewk\u0105 w neonowym odcieniu. Odblaskowy napis \u201e700\u201d zwi\u0119ksza widoczno\u015b\u0107, a elastyczne sznurowanie u\u0142atwia u\u017cytkowanie. Dzi\u0119ki podeszwie z technologi\u0105 Boost buty zapewniaj\u0105 komfort i amortyzacj\u0119 przez ca\u0142y dzie\u0144. To idealna opcja dla dzieci, kt\u00f3re lubi\u0105 dynamiczny styl i niezawodn\u0105 wygod\u0119.<\/p>","protected":false},"featured_media":33188,"template":"","meta":{"_acf_changed":false,"_yoast_wpseo_focuskw":"Dzieci\u0119ce Adidas Yeezy 700 MNVN Orange","_yoast_wpseo_title":"","_yoast_wpseo_metadesc":""},"pwb-brand":[748],"product_brand":[],"product_cat":[16,505,899,940,93,906],"product_tag":[1008,1009],"class_list":{"0":"post-33163","1":"product","2":"type-product","3":"status-publish","4":"has-post-thumbnail","6":"pwb-brand-adidas","7":"product_cat-buty","8":"product_cat-kids","9":"product_cat-adidas-yeezy-kids","10":"product_cat-buty-dla-dzieci-adidas-yeezy-700","11":"product_cat-nike","12":"product_cat-wszystkie-buty-kids","13":"product_tag-kobieta","14":"product_tag-mezczyzna","16":"first","17":"onbackorder","18":"taxable","19":"shipping-taxable","20":"purchasable","21":"product-type-variable","22":"has-default-attributes"},"acf":[],"yoast_head":"<!-- This site is optimized with the Yoast SEO plugin v27.4 - https:\/\/yoast.com\/product\/yoast-seo-wordpress\/ -->\n<title>Dzieci\u0119ce Adidas Yeezy 700 MNVN Orange - SHEZAMME<\/title>\n<meta name=\"description\" content=\"Dzieci\u0119ce Adidas Yeezy 700 MNVN Orange | Luksusowe i autentyczne przedmioty w jednym miejscu. B\u0105d\u017a na bie\u017c\u0105co i sprawd\u017a nasz\u0105 ofert\u0119 ju\u017c teraz\" \/>\n<meta name=\"robots\" content=\"index, follow, max-snippet:-1, max-image-preview:large, max-video-preview:-1\" \/>\n<link rel=\"canonical\" href=\"https:\/\/shezamme.com\/en\/sklep\/sneakers-2\/kids\/adidas-yeezy-kids\/kids-shoes-adidas-yeezy-700\/dzieciece-adidas-yeezy-700-mnvn-orange\/\" \/>\n<meta property=\"og:locale\" content=\"en_US\" \/>\n<meta property=\"og:type\" content=\"article\" \/>\n<meta property=\"og:title\" content=\"Dzieci\u0119ce Adidas Yeezy 700 MNVN Orange - SHEZAMME\" \/>\n<meta property=\"og:description\" content=\"Dzieci\u0119ce Adidas Yeezy 700 MNVN Orange | Luksusowe i autentyczne przedmioty w jednym miejscu. B\u0105d\u017a na bie\u017c\u0105co i sprawd\u017a nasz\u0105 ofert\u0119 ju\u017c teraz\" \/>\n<meta property=\"og:url\" content=\"https:\/\/shezamme.com\/en\/sklep\/sneakers-2\/kids\/adidas-yeezy-kids\/kids-shoes-adidas-yeezy-700\/dzieciece-adidas-yeezy-700-mnvn-orange\/\" \/>\n<meta property=\"og:site_name\" content=\"SHEZAMME - Yeezy, Jordan, Supreme i inne oryginalne rzeczy\" \/>\n<meta property=\"article:publisher\" content=\"https:\/\/www.facebook.com\/SHEZAMME\/\" \/>\n<meta property=\"article:modified_time\" content=\"2025-03-22T00:25:31+00:00\" \/>\n<meta property=\"og:image\" content=\"https:\/\/shezamme.com\/wp-content\/uploads\/2023\/09\/IMG_4383.jpg\" \/>\n\t<meta property=\"og:image:width\" content=\"1170\" \/>\n\t<meta property=\"og:image:height\" content=\"1055\" \/>\n\t<meta property=\"og:image:type\" content=\"image\/jpeg\" \/>\n<meta name=\"twitter:card\" content=\"summary_large_image\" \/>\n<meta name=\"twitter:site\" content=\"@SHEZAMME\" \/>\n<meta name=\"twitter:label1\" content=\"Est. reading time\" \/>\n\t<meta name=\"twitter:data1\" content=\"1 minute\" \/>\n<script type=\"application\/ld+json\" class=\"yoast-schema-graph\">{\"@context\":\"https:\\\/\\\/schema.org\",\"@graph\":[{\"@type\":\"WebPage\",\"@id\":\"https:\\\/\\\/shezamme.com\\\/sklep\\\/buty\\\/kids\\\/adidas-yeezy-kids\\\/buty-dla-dzieci-adidas-yeezy-700\\\/dzieciece-adidas-yeezy-700-mnvn-orange\\\/\",\"url\":\"https:\\\/\\\/shezamme.com\\\/sklep\\\/buty\\\/kids\\\/adidas-yeezy-kids\\\/buty-dla-dzieci-adidas-yeezy-700\\\/dzieciece-adidas-yeezy-700-mnvn-orange\\\/\",\"name\":\"Dzieci\u0119ce Adidas Yeezy 700 MNVN Orange - SHEZAMME\",\"isPartOf\":{\"@id\":\"https:\\\/\\\/shezamme.com\\\/#website\"},\"primaryImageOfPage\":{\"@id\":\"https:\\\/\\\/shezamme.com\\\/sklep\\\/buty\\\/kids\\\/adidas-yeezy-kids\\\/buty-dla-dzieci-adidas-yeezy-700\\\/dzieciece-adidas-yeezy-700-mnvn-orange\\\/#primaryimage\"},\"image\":{\"@id\":\"https:\\\/\\\/shezamme.com\\\/sklep\\\/buty\\\/kids\\\/adidas-yeezy-kids\\\/buty-dla-dzieci-adidas-yeezy-700\\\/dzieciece-adidas-yeezy-700-mnvn-orange\\\/#primaryimage\"},\"thumbnailUrl\":\"https:\\\/\\\/shezamme.com\\\/wp-content\\\/uploads\\\/2023\\\/09\\\/IMG_4383.jpg\",\"datePublished\":\"2023-09-15T15:05:01+00:00\",\"dateModified\":\"2025-03-22T00:25:31+00:00\",\"description\":\"Dzieci\u0119ce Adidas Yeezy 700 MNVN Orange | Luksusowe i autentyczne przedmioty w jednym miejscu. B\u0105d\u017a na bie\u017c\u0105co i sprawd\u017a nasz\u0105 ofert\u0119 ju\u017c teraz\",\"breadcrumb\":{\"@id\":\"https:\\\/\\\/shezamme.com\\\/sklep\\\/buty\\\/kids\\\/adidas-yeezy-kids\\\/buty-dla-dzieci-adidas-yeezy-700\\\/dzieciece-adidas-yeezy-700-mnvn-orange\\\/#breadcrumb\"},\"inLanguage\":\"en-US\",\"potentialAction\":[{\"@type\":\"ReadAction\",\"target\":[\"https:\\\/\\\/shezamme.com\\\/sklep\\\/buty\\\/kids\\\/adidas-yeezy-kids\\\/buty-dla-dzieci-adidas-yeezy-700\\\/dzieciece-adidas-yeezy-700-mnvn-orange\\\/\"]}]},{\"@type\":\"ImageObject\",\"inLanguage\":\"en-US\",\"@id\":\"https:\\\/\\\/shezamme.com\\\/sklep\\\/buty\\\/kids\\\/adidas-yeezy-kids\\\/buty-dla-dzieci-adidas-yeezy-700\\\/dzieciece-adidas-yeezy-700-mnvn-orange\\\/#primaryimage\",\"url\":\"https:\\\/\\\/shezamme.com\\\/wp-content\\\/uploads\\\/2023\\\/09\\\/IMG_4383.jpg\",\"contentUrl\":\"https:\\\/\\\/shezamme.com\\\/wp-content\\\/uploads\\\/2023\\\/09\\\/IMG_4383.jpg\",\"width\":1170,\"height\":1055,\"caption\":\"Dzieci\u0119ce Adidas Yeezy 700 MNVN Orange\"},{\"@type\":\"BreadcrumbList\",\"@id\":\"https:\\\/\\\/shezamme.com\\\/sklep\\\/buty\\\/kids\\\/adidas-yeezy-kids\\\/buty-dla-dzieci-adidas-yeezy-700\\\/dzieciece-adidas-yeezy-700-mnvn-orange\\\/#breadcrumb\",\"itemListElement\":[{\"@type\":\"ListItem\",\"position\":1,\"name\":\"Strona g\u0142\u00f3wna\",\"item\":\"https:\\\/\\\/shezamme.com\\\/\"},{\"@type\":\"ListItem\",\"position\":2,\"name\":\"Sklep\",\"item\":\"https:\\\/\\\/shezamme.com\\\/en\\\/sklep\\\/\"},{\"@type\":\"ListItem\",\"position\":3,\"name\":\"Dzieci\u0119ce Adidas Yeezy 700 MNVN Orange\"}]},{\"@type\":\"WebSite\",\"@id\":\"https:\\\/\\\/shezamme.com\\\/#website\",\"url\":\"https:\\\/\\\/shezamme.com\\\/\",\"name\":\"SHEZAMME - Sneakersy, Streetwear i luksusowe marki\",\"description\":\"Oryginalne i ekskluzywne przedmioty w jednym miejscu. Sprawd\u017a nasze produkty ju\u017c teraz i b\u0105d\u017a na bie\u017c\u0105co z wszystkimi premierami.\",\"publisher\":{\"@id\":\"https:\\\/\\\/shezamme.com\\\/#organization\"},\"potentialAction\":[{\"@type\":\"SearchAction\",\"target\":{\"@type\":\"EntryPoint\",\"urlTemplate\":\"https:\\\/\\\/shezamme.com\\\/?s={search_term_string}\"},\"query-input\":{\"@type\":\"PropertyValueSpecification\",\"valueRequired\":true,\"valueName\":\"search_term_string\"}}],\"inLanguage\":\"en-US\"},{\"@type\":\"Organization\",\"@id\":\"https:\\\/\\\/shezamme.com\\\/#organization\",\"name\":\"SHEZAMME - Sneakersy, Streetwear i luksusowe marki\",\"url\":\"https:\\\/\\\/shezamme.com\\\/\",\"logo\":{\"@type\":\"ImageObject\",\"inLanguage\":\"en-US\",\"@id\":\"https:\\\/\\\/shezamme.com\\\/#\\\/schema\\\/logo\\\/image\\\/\",\"url\":\"https:\\\/\\\/shezamme.com\\\/wp-content\\\/uploads\\\/2023\\\/02\\\/0x0.png\",\"contentUrl\":\"https:\\\/\\\/shezamme.com\\\/wp-content\\\/uploads\\\/2023\\\/02\\\/0x0.png\",\"width\":2000,\"height\":2000,\"caption\":\"SHEZAMME - Sneakersy, Streetwear i luksusowe marki\"},\"image\":{\"@id\":\"https:\\\/\\\/shezamme.com\\\/#\\\/schema\\\/logo\\\/image\\\/\"},\"sameAs\":[\"https:\\\/\\\/www.facebook.com\\\/SHEZAMME\\\/\",\"https:\\\/\\\/x.com\\\/SHEZAMME\",\"https:\\\/\\\/www.instagram.com\\\/shezamme\\\/\",\"https:\\\/\\\/www.youtube.com\\\/channel\\\/UCsTJxi_9fODHdO_1bmJbqvQ\",\"https:\\\/\\\/www.tiktok.com\\\/shezamme.com\"]}]}<\/script>\n<!-- \/ Yoast SEO plugin. -->","yoast_head_json":{"title":"Dzieci\u0119ce Adidas Yeezy 700 MNVN Orange - SHEZAMME","description":"Dzieci\u0119ce Adidas Yeezy 700 MNVN Orange | Luksusowe i autentyczne przedmioty w jednym miejscu. B\u0105d\u017a na bie\u017c\u0105co i sprawd\u017a nasz\u0105 ofert\u0119 ju\u017c teraz","robots":{"index":"index","follow":"follow","max-snippet":"max-snippet:-1","max-image-preview":"max-image-preview:large","max-video-preview":"max-video-preview:-1"},"canonical":"https:\/\/shezamme.com\/en\/sklep\/sneakers-2\/kids\/adidas-yeezy-kids\/kids-shoes-adidas-yeezy-700\/dzieciece-adidas-yeezy-700-mnvn-orange\/","og_locale":"en_US","og_type":"article","og_title":"Dzieci\u0119ce Adidas Yeezy 700 MNVN Orange - SHEZAMME","og_description":"Dzieci\u0119ce Adidas Yeezy 700 MNVN Orange | Luksusowe i autentyczne przedmioty w jednym miejscu. B\u0105d\u017a na bie\u017c\u0105co i sprawd\u017a nasz\u0105 ofert\u0119 ju\u017c teraz","og_url":"https:\/\/shezamme.com\/en\/sklep\/sneakers-2\/kids\/adidas-yeezy-kids\/kids-shoes-adidas-yeezy-700\/dzieciece-adidas-yeezy-700-mnvn-orange\/","og_site_name":"SHEZAMME - Yeezy, Jordan, Supreme i inne oryginalne rzeczy","article_publisher":"https:\/\/www.facebook.com\/SHEZAMME\/","article_modified_time":"2025-03-22T00:25:31+00:00","og_image":[{"width":1170,"height":1055,"url":"https:\/\/shezamme.com\/wp-content\/uploads\/2023\/09\/IMG_4383.jpg","type":"image\/jpeg"}],"twitter_card":"summary_large_image","twitter_site":"@SHEZAMME","twitter_misc":{"Est. reading time":"1 minute"},"schema":{"@context":"https:\/\/schema.org","@graph":[{"@type":"WebPage","@id":"https:\/\/shezamme.com\/sklep\/buty\/kids\/adidas-yeezy-kids\/buty-dla-dzieci-adidas-yeezy-700\/dzieciece-adidas-yeezy-700-mnvn-orange\/","url":"https:\/\/shezamme.com\/sklep\/buty\/kids\/adidas-yeezy-kids\/buty-dla-dzieci-adidas-yeezy-700\/dzieciece-adidas-yeezy-700-mnvn-orange\/","name":"Dzieci\u0119ce Adidas Yeezy 700 MNVN Orange - SHEZAMME","isPartOf":{"@id":"https:\/\/shezamme.com\/#website"},"primaryImageOfPage":{"@id":"https:\/\/shezamme.com\/sklep\/buty\/kids\/adidas-yeezy-kids\/buty-dla-dzieci-adidas-yeezy-700\/dzieciece-adidas-yeezy-700-mnvn-orange\/#primaryimage"},"image":{"@id":"https:\/\/shezamme.com\/sklep\/buty\/kids\/adidas-yeezy-kids\/buty-dla-dzieci-adidas-yeezy-700\/dzieciece-adidas-yeezy-700-mnvn-orange\/#primaryimage"},"thumbnailUrl":"https:\/\/shezamme.com\/wp-content\/uploads\/2023\/09\/IMG_4383.jpg","datePublished":"2023-09-15T15:05:01+00:00","dateModified":"2025-03-22T00:25:31+00:00","description":"Dzieci\u0119ce Adidas Yeezy 700 MNVN Orange | Luksusowe i autentyczne przedmioty w jednym miejscu. B\u0105d\u017a na bie\u017c\u0105co i sprawd\u017a nasz\u0105 ofert\u0119 ju\u017c teraz","breadcrumb":{"@id":"https:\/\/shezamme.com\/sklep\/buty\/kids\/adidas-yeezy-kids\/buty-dla-dzieci-adidas-yeezy-700\/dzieciece-adidas-yeezy-700-mnvn-orange\/#breadcrumb"},"inLanguage":"en-US","potentialAction":[{"@type":"ReadAction","target":["https:\/\/shezamme.com\/sklep\/buty\/kids\/adidas-yeezy-kids\/buty-dla-dzieci-adidas-yeezy-700\/dzieciece-adidas-yeezy-700-mnvn-orange\/"]}]},{"@type":"ImageObject","inLanguage":"en-US","@id":"https:\/\/shezamme.com\/sklep\/buty\/kids\/adidas-yeezy-kids\/buty-dla-dzieci-adidas-yeezy-700\/dzieciece-adidas-yeezy-700-mnvn-orange\/#primaryimage","url":"https:\/\/shezamme.com\/wp-content\/uploads\/2023\/09\/IMG_4383.jpg","contentUrl":"https:\/\/shezamme.com\/wp-content\/uploads\/2023\/09\/IMG_4383.jpg","width":1170,"height":1055,"caption":"Dzieci\u0119ce Adidas Yeezy 700 MNVN Orange"},{"@type":"BreadcrumbList","@id":"https:\/\/shezamme.com\/sklep\/buty\/kids\/adidas-yeezy-kids\/buty-dla-dzieci-adidas-yeezy-700\/dzieciece-adidas-yeezy-700-mnvn-orange\/#breadcrumb","itemListElement":[{"@type":"ListItem","position":1,"name":"Strona g\u0142\u00f3wna","item":"https:\/\/shezamme.com\/"},{"@type":"ListItem","position":2,"name":"Sklep","item":"https:\/\/shezamme.com\/en\/sklep\/"},{"@type":"ListItem","position":3,"name":"Dzieci\u0119ce Adidas Yeezy 700 MNVN Orange"}]},{"@type":"WebSite","@id":"https:\/\/shezamme.com\/#website","url":"https:\/\/shezamme.com\/","name":"SHEZAMME - Sneakers, Streetwear and luxury brands","description":"Original and exclusive items in one place. Check out our products now and stay up to date with all launches.","publisher":{"@id":"https:\/\/shezamme.com\/#organization"},"potentialAction":[{"@type":"SearchAction","target":{"@type":"EntryPoint","urlTemplate":"https:\/\/shezamme.com\/?s={search_term_string}"},"query-input":{"@type":"PropertyValueSpecification","valueRequired":true,"valueName":"search_term_string"}}],"inLanguage":"en-US"},{"@type":"Organization","@id":"https:\/\/shezamme.com\/#organization","name":"SHEZAMME - Sneakers, Streetwear and luxury brands","url":"https:\/\/shezamme.com\/","logo":{"@type":"ImageObject","inLanguage":"en-US","@id":"https:\/\/shezamme.com\/#\/schema\/logo\/image\/","url":"https:\/\/shezamme.com\/wp-content\/uploads\/2023\/02\/0x0.png","contentUrl":"https:\/\/shezamme.com\/wp-content\/uploads\/2023\/02\/0x0.png","width":2000,"height":2000,"caption":"SHEZAMME - Sneakersy, Streetwear i luksusowe marki"},"image":{"@id":"https:\/\/shezamme.com\/#\/schema\/logo\/image\/"},"sameAs":["https:\/\/www.facebook.com\/SHEZAMME\/","https:\/\/x.com\/SHEZAMME","https:\/\/www.instagram.com\/shezamme\/","https:\/\/www.youtube.com\/channel\/UCsTJxi_9fODHdO_1bmJbqvQ","https:\/\/www.tiktok.com\/shezamme.com"]}]}},"brands":[{"id":748,"name":"Adidas","slug":"adidas"}],"_links":{"self":[{"href":"https:\/\/shezamme.com\/en\/wp-json\/wp\/v2\/product\/33163","targetHints":{"allow":["GET"]}}],"collection":[{"href":"https:\/\/shezamme.com\/en\/wp-json\/wp\/v2\/product"}],"about":[{"href":"https:\/\/shezamme.com\/en\/wp-json\/wp\/v2\/types\/product"}],"wp:featuredmedia":[{"embeddable":true,"href":"https:\/\/shezamme.com\/en\/wp-json\/wp\/v2\/media\/33188"}],"wp:attachment":[{"href":"https:\/\/shezamme.com\/en\/wp-json\/wp\/v2\/media?parent=33163"}],"wp:term":[{"taxonomy":"pwb-brand","embeddable":true,"href":"https:\/\/shezamme.com\/en\/wp-json\/wp\/v2\/pwb-brand?post=33163"},{"taxonomy":"product_brand","embeddable":true,"href":"https:\/\/shezamme.com\/en\/wp-json\/wp\/v2\/product_brand?post=33163"},{"taxonomy":"product_cat","embeddable":true,"href":"https:\/\/shezamme.com\/en\/wp-json\/wp\/v2\/product_cat?post=33163"},{"taxonomy":"product_tag","embeddable":true,"href":"https:\/\/shezamme.com\/en\/wp-json\/wp\/v2\/product_tag?post=33163"}],"curies":[{"name":"wp","href":"https:\/\/api.w.org\/{rel}","templated":true}]}}